{"id":144564,"date":"2022-08-31T11:02:57","date_gmt":"2022-08-31T15:02:57","guid":{"rendered":"http:\/\/www.dumoulinbicyclettes.com\/?post_type=product&#038;p=144564"},"modified":"2025-09-29T19:25:04","modified_gmt":"2025-09-29T23:25:04","slug":"tern-sac-de-cadre-tern-carryall-trunk","status":"publish","type":"product","link":"https:\/\/www.dumoulinbicyclettes.com\/en\/product\/tern-sac-de-cadre-tern-carryall-trunk\/","title":{"rendered":"Sac de cadre Tern \u00ab Carryall Trunk \u00bb"},"content":{"rendered":"<p>Le sac de cadre Tern \u00ab Carryall Trunk \u00bb est un compartiment de rangement pratique et r\u00e9sistant \u00e0 l&#8217;eau pour la partie arri\u00e8re du Short Haul. Le \u00ab Carryall Trunk \u00bb transforme cet espace inutilis\u00e9 en un endroit id\u00e9al pour ranger les objets essentiels \u00e0 la conduite comme une bouteille d&#8217;eau, des v\u00eatements de rechange, des lunettes de soleil, de la cr\u00e8me solaire, des outils pour le v\u00e9lo, les cl\u00e9s de la maison et des en-cas pour la route.<\/p>\n","protected":false},"excerpt":{"rendered":"<p>Le sac de cadre Tern \u00ab Carryall Trunk \u00bb est un compartiment de rangement pratique et r\u00e9sistant \u00e0 l&#8217;eau pour la partie arri\u00e8re du Short Haul. Le \u00ab Carryall Trunk \u00bb transforme cet espace inutilis\u00e9 en un endroit id\u00e9al pour ranger les objets essentiels \u00e0 la conduite comme une bouteille d&#8217;eau, des v\u00eatements de rechange, [&hellip;]<\/p>\n","protected":false},"featured_media":144565,"template":"","meta":{"_acf_changed":false},"product_brand":[],"product_cat":[183,195,2509],"product_tag":[3123,3122,2203],"marque-produit":[154],"collection-produit":[],"type-surface-produit":[],"type-velo-produit":[],"vetement-produit":[],"thematique-produit":[],"position-sur-le-v\u00e9lo":[],"class_list":{"0":"post-144564","1":"product","2":"type-product","3":"status-publish","4":"has-post-thumbnail","6":"product_cat-accessoires-pour-velo-cargo","7":"product_cat-sacoches","8":"product_cat-tern","9":"product_tag-carryall-trunk","10":"product_tag-sac-de-cadre","11":"product_tag-tern","12":"marque-produit-tern","14":"first","15":"instock","16":"taxable","17":"shipping-taxable","18":"purchasable","19":"product-type-simple"},"acf":[],"yoast_head":"<!-- This site is optimized with the Yoast SEO plugin v27.3 - https:\/\/yoast.com\/product\/yoast-seo-wordpress\/ -->\n<title>Sac de cadre Tern \u00ab Carryall Trunk \u00bb - Dumoulin Bicyclettes<\/title>\n<meta name=\"description\" content=\"Le sac de cadre Tern \u00ab Carryall Trunk \u00bb est un compartiment de rangement pratique et r\u00e9sistant \u00e0 l&#039;eau pour la partie arri\u00e8re du Short Haul.\" \/>\n<meta name=\"robots\" content=\"index, follow, max-snippet:-1, max-image-preview:large, max-video-preview:-1\" \/>\n<link rel=\"canonical\" href=\"https:\/\/www.dumoulinbicyclettes.com\/produit\/tern-sac-de-cadre-tern-carryall-trunk\/\" \/>\n<meta property=\"og:locale\" content=\"en_US\" \/>\n<meta property=\"og:type\" content=\"article\" \/>\n<meta property=\"og:title\" content=\"Sac de cadre Tern \u00ab Carryall Trunk \u00bb - Dumoulin Bicyclettes\" \/>\n<meta property=\"og:description\" content=\"Le sac de cadre Tern \u00ab Carryall Trunk \u00bb est un compartiment de rangement pratique et r\u00e9sistant \u00e0 l&#039;eau pour la partie arri\u00e8re du Short Haul.\" \/>\n<meta property=\"og:url\" content=\"https:\/\/www.dumoulinbicyclettes.com\/produit\/tern-sac-de-cadre-tern-carryall-trunk\/\" \/>\n<meta property=\"og:site_name\" content=\"Dumoulin Bicyclettes\" \/>\n<meta property=\"article:publisher\" content=\"https:\/\/www.facebook.com\/dumoulinbicyclettes\" \/>\n<meta property=\"article:modified_time\" content=\"2025-09-29T23:25:04+00:00\" \/>\n<meta property=\"og:image\" content=\"http:\/\/www.dumoulinbicyclettes.com\/wp-content\/uploads\/2022\/08\/TN-photo-ShortHaul-CarryAllTrunk-1-web-2.jpg\" \/>\n\t<meta property=\"og:image:width\" content=\"1920\" \/>\n\t<meta property=\"og:image:height\" content=\"1278\" \/>\n\t<meta property=\"og:image:type\" content=\"image\/jpeg\" \/>\n<meta name=\"twitter:card\" content=\"summary_large_image\" \/>\n<meta name=\"twitter:label1\" content=\"Est. reading time\" \/>\n\t<meta name=\"twitter:data1\" content=\"1 minute\" \/>\n<script type=\"application\/ld+json\" class=\"yoast-schema-graph\">{\"@context\":\"https:\\\/\\\/schema.org\",\"@graph\":[{\"@type\":\"WebPage\",\"@id\":\"https:\\\/\\\/www.dumoulinbicyclettes.com\\\/produit\\\/tern-sac-de-cadre-tern-carryall-trunk\\\/\",\"url\":\"https:\\\/\\\/www.dumoulinbicyclettes.com\\\/produit\\\/tern-sac-de-cadre-tern-carryall-trunk\\\/\",\"name\":\"Sac de cadre Tern \u00ab Carryall Trunk \u00bb - Dumoulin Bicyclettes\",\"isPartOf\":{\"@id\":\"https:\\\/\\\/www.dumoulinbicyclettes.com\\\/#website\"},\"primaryImageOfPage\":{\"@id\":\"https:\\\/\\\/www.dumoulinbicyclettes.com\\\/produit\\\/tern-sac-de-cadre-tern-carryall-trunk\\\/#primaryimage\"},\"image\":{\"@id\":\"https:\\\/\\\/www.dumoulinbicyclettes.com\\\/produit\\\/tern-sac-de-cadre-tern-carryall-trunk\\\/#primaryimage\"},\"thumbnailUrl\":\"https:\\\/\\\/www.dumoulinbicyclettes.com\\\/wp-content\\\/uploads\\\/2022\\\/08\\\/TN-photo-ShortHaul-CarryAllTrunk-1-web-2.jpg\",\"datePublished\":\"2022-08-31T15:02:57+00:00\",\"dateModified\":\"2025-09-29T23:25:04+00:00\",\"description\":\"Le sac de cadre Tern \u00ab Carryall Trunk \u00bb est un compartiment de rangement pratique et r\u00e9sistant \u00e0 l'eau pour la partie arri\u00e8re du Short Haul.\",\"breadcrumb\":{\"@id\":\"https:\\\/\\\/www.dumoulinbicyclettes.com\\\/produit\\\/tern-sac-de-cadre-tern-carryall-trunk\\\/#breadcrumb\"},\"inLanguage\":\"en-US\",\"potentialAction\":[{\"@type\":\"ReadAction\",\"target\":[\"https:\\\/\\\/www.dumoulinbicyclettes.com\\\/produit\\\/tern-sac-de-cadre-tern-carryall-trunk\\\/\"]}]},{\"@type\":\"ImageObject\",\"inLanguage\":\"en-US\",\"@id\":\"https:\\\/\\\/www.dumoulinbicyclettes.com\\\/produit\\\/tern-sac-de-cadre-tern-carryall-trunk\\\/#primaryimage\",\"url\":\"https:\\\/\\\/www.dumoulinbicyclettes.com\\\/wp-content\\\/uploads\\\/2022\\\/08\\\/TN-photo-ShortHaul-CarryAllTrunk-1-web-2.jpg\",\"contentUrl\":\"https:\\\/\\\/www.dumoulinbicyclettes.com\\\/wp-content\\\/uploads\\\/2022\\\/08\\\/TN-photo-ShortHaul-CarryAllTrunk-1-web-2.jpg\",\"width\":1920,\"height\":1278},{\"@type\":\"BreadcrumbList\",\"@id\":\"https:\\\/\\\/www.dumoulinbicyclettes.com\\\/produit\\\/tern-sac-de-cadre-tern-carryall-trunk\\\/#breadcrumb\",\"itemListElement\":[{\"@type\":\"ListItem\",\"position\":1,\"name\":\"Home\",\"item\":\"https:\\\/\\\/www.dumoulinbicyclettes.com\\\/en\\\/\"},{\"@type\":\"ListItem\",\"position\":2,\"name\":\"Shop\",\"item\":\"https:\\\/\\\/www.dumoulinbicyclettes.com\\\/en\\\/shop\\\/\"},{\"@type\":\"ListItem\",\"position\":3,\"name\":\"Sac de cadre Tern \u00ab Carryall Trunk \u00bb\"}]},{\"@type\":\"WebSite\",\"@id\":\"https:\\\/\\\/www.dumoulinbicyclettes.com\\\/#website\",\"url\":\"https:\\\/\\\/www.dumoulinbicyclettes.com\\\/\",\"name\":\"Dumoulin Bicyclettes\",\"description\":\"\",\"publisher\":{\"@id\":\"https:\\\/\\\/www.dumoulinbicyclettes.com\\\/#organization\"},\"potentialAction\":[{\"@type\":\"SearchAction\",\"target\":{\"@type\":\"EntryPoint\",\"urlTemplate\":\"https:\\\/\\\/www.dumoulinbicyclettes.com\\\/?s={search_term_string}\"},\"query-input\":{\"@type\":\"PropertyValueSpecification\",\"valueRequired\":true,\"valueName\":\"search_term_string\"}}],\"inLanguage\":\"en-US\"},{\"@type\":\"Organization\",\"@id\":\"https:\\\/\\\/www.dumoulinbicyclettes.com\\\/#organization\",\"name\":\"Dumoulin Bicyclettes\",\"url\":\"https:\\\/\\\/www.dumoulinbicyclettes.com\\\/\",\"logo\":{\"@type\":\"ImageObject\",\"inLanguage\":\"en-US\",\"@id\":\"https:\\\/\\\/www.dumoulinbicyclettes.com\\\/#\\\/schema\\\/logo\\\/image\\\/\",\"url\":\"https:\\\/\\\/www.dumoulinbicyclettes.com\\\/wp-content\\\/uploads\\\/2021\\\/04\\\/Logo.svg\",\"contentUrl\":\"https:\\\/\\\/www.dumoulinbicyclettes.com\\\/wp-content\\\/uploads\\\/2021\\\/04\\\/Logo.svg\",\"width\":254,\"height\":86,\"caption\":\"Dumoulin Bicyclettes\"},\"image\":{\"@id\":\"https:\\\/\\\/www.dumoulinbicyclettes.com\\\/#\\\/schema\\\/logo\\\/image\\\/\"},\"sameAs\":[\"https:\\\/\\\/www.facebook.com\\\/dumoulinbicyclettes\",\"https:\\\/\\\/www.instagram.com\\\/dumoulin.ca\\\/\",\"https:\\\/\\\/www.youtube.com\\\/user\\\/dumoulinbicyclettes\"]}]}<\/script>\n<!-- \/ Yoast SEO plugin. -->","yoast_head_json":{"title":"Sac de cadre Tern \u00ab Carryall Trunk \u00bb - Dumoulin Bicyclettes","description":"Le sac de cadre Tern \u00ab Carryall Trunk \u00bb est un compartiment de rangement pratique et r\u00e9sistant \u00e0 l'eau pour la partie arri\u00e8re du Short Haul.","robots":{"index":"index","follow":"follow","max-snippet":"max-snippet:-1","max-image-preview":"max-image-preview:large","max-video-preview":"max-video-preview:-1"},"canonical":"https:\/\/www.dumoulinbicyclettes.com\/produit\/tern-sac-de-cadre-tern-carryall-trunk\/","og_locale":"en_US","og_type":"article","og_title":"Sac de cadre Tern \u00ab Carryall Trunk \u00bb - Dumoulin Bicyclettes","og_description":"Le sac de cadre Tern \u00ab Carryall Trunk \u00bb est un compartiment de rangement pratique et r\u00e9sistant \u00e0 l'eau pour la partie arri\u00e8re du Short Haul.","og_url":"https:\/\/www.dumoulinbicyclettes.com\/produit\/tern-sac-de-cadre-tern-carryall-trunk\/","og_site_name":"Dumoulin Bicyclettes","article_publisher":"https:\/\/www.facebook.com\/dumoulinbicyclettes","article_modified_time":"2025-09-29T23:25:04+00:00","og_image":[{"width":1920,"height":1278,"url":"http:\/\/www.dumoulinbicyclettes.com\/wp-content\/uploads\/2022\/08\/TN-photo-ShortHaul-CarryAllTrunk-1-web-2.jpg","type":"image\/jpeg"}],"twitter_card":"summary_large_image","twitter_misc":{"Est. reading time":"1 minute"},"schema":{"@context":"https:\/\/schema.org","@graph":[{"@type":"WebPage","@id":"https:\/\/www.dumoulinbicyclettes.com\/produit\/tern-sac-de-cadre-tern-carryall-trunk\/","url":"https:\/\/www.dumoulinbicyclettes.com\/produit\/tern-sac-de-cadre-tern-carryall-trunk\/","name":"Sac de cadre Tern \u00ab Carryall Trunk \u00bb - Dumoulin Bicyclettes","isPartOf":{"@id":"https:\/\/www.dumoulinbicyclettes.com\/#website"},"primaryImageOfPage":{"@id":"https:\/\/www.dumoulinbicyclettes.com\/produit\/tern-sac-de-cadre-tern-carryall-trunk\/#primaryimage"},"image":{"@id":"https:\/\/www.dumoulinbicyclettes.com\/produit\/tern-sac-de-cadre-tern-carryall-trunk\/#primaryimage"},"thumbnailUrl":"https:\/\/www.dumoulinbicyclettes.com\/wp-content\/uploads\/2022\/08\/TN-photo-ShortHaul-CarryAllTrunk-1-web-2.jpg","datePublished":"2022-08-31T15:02:57+00:00","dateModified":"2025-09-29T23:25:04+00:00","description":"Le sac de cadre Tern \u00ab Carryall Trunk \u00bb est un compartiment de rangement pratique et r\u00e9sistant \u00e0 l'eau pour la partie arri\u00e8re du Short Haul.","breadcrumb":{"@id":"https:\/\/www.dumoulinbicyclettes.com\/produit\/tern-sac-de-cadre-tern-carryall-trunk\/#breadcrumb"},"inLanguage":"en-US","potentialAction":[{"@type":"ReadAction","target":["https:\/\/www.dumoulinbicyclettes.com\/produit\/tern-sac-de-cadre-tern-carryall-trunk\/"]}]},{"@type":"ImageObject","inLanguage":"en-US","@id":"https:\/\/www.dumoulinbicyclettes.com\/produit\/tern-sac-de-cadre-tern-carryall-trunk\/#primaryimage","url":"https:\/\/www.dumoulinbicyclettes.com\/wp-content\/uploads\/2022\/08\/TN-photo-ShortHaul-CarryAllTrunk-1-web-2.jpg","contentUrl":"https:\/\/www.dumoulinbicyclettes.com\/wp-content\/uploads\/2022\/08\/TN-photo-ShortHaul-CarryAllTrunk-1-web-2.jpg","width":1920,"height":1278},{"@type":"BreadcrumbList","@id":"https:\/\/www.dumoulinbicyclettes.com\/produit\/tern-sac-de-cadre-tern-carryall-trunk\/#breadcrumb","itemListElement":[{"@type":"ListItem","position":1,"name":"Home","item":"https:\/\/www.dumoulinbicyclettes.com\/en\/"},{"@type":"ListItem","position":2,"name":"Shop","item":"https:\/\/www.dumoulinbicyclettes.com\/en\/shop\/"},{"@type":"ListItem","position":3,"name":"Sac de cadre Tern \u00ab Carryall Trunk \u00bb"}]},{"@type":"WebSite","@id":"https:\/\/www.dumoulinbicyclettes.com\/#website","url":"https:\/\/www.dumoulinbicyclettes.com\/","name":"Dumoulin Bicyclettes","description":"","publisher":{"@id":"https:\/\/www.dumoulinbicyclettes.com\/#organization"},"potentialAction":[{"@type":"SearchAction","target":{"@type":"EntryPoint","urlTemplate":"https:\/\/www.dumoulinbicyclettes.com\/?s={search_term_string}"},"query-input":{"@type":"PropertyValueSpecification","valueRequired":true,"valueName":"search_term_string"}}],"inLanguage":"en-US"},{"@type":"Organization","@id":"https:\/\/www.dumoulinbicyclettes.com\/#organization","name":"Dumoulin Bicyclettes","url":"https:\/\/www.dumoulinbicyclettes.com\/","logo":{"@type":"ImageObject","inLanguage":"en-US","@id":"https:\/\/www.dumoulinbicyclettes.com\/#\/schema\/logo\/image\/","url":"https:\/\/www.dumoulinbicyclettes.com\/wp-content\/uploads\/2021\/04\/Logo.svg","contentUrl":"https:\/\/www.dumoulinbicyclettes.com\/wp-content\/uploads\/2021\/04\/Logo.svg","width":254,"height":86,"caption":"Dumoulin Bicyclettes"},"image":{"@id":"https:\/\/www.dumoulinbicyclettes.com\/#\/schema\/logo\/image\/"},"sameAs":["https:\/\/www.facebook.com\/dumoulinbicyclettes","https:\/\/www.instagram.com\/dumoulin.ca\/","https:\/\/www.youtube.com\/user\/dumoulinbicyclettes"]}]}},"_links":{"self":[{"href":"https:\/\/www.dumoulinbicyclettes.com\/en\/wp-json\/wp\/v2\/product\/144564","targetHints":{"allow":["GET"]}}],"collection":[{"href":"https:\/\/www.dumoulinbicyclettes.com\/en\/wp-json\/wp\/v2\/product"}],"about":[{"href":"https:\/\/www.dumoulinbicyclettes.com\/en\/wp-json\/wp\/v2\/types\/product"}],"wp:featuredmedia":[{"embeddable":true,"href":"https:\/\/www.dumoulinbicyclettes.com\/en\/wp-json\/wp\/v2\/media\/144565"}],"wp:attachment":[{"href":"https:\/\/www.dumoulinbicyclettes.com\/en\/wp-json\/wp\/v2\/media?parent=144564"}],"wp:term":[{"taxonomy":"product_brand","embeddable":true,"href":"https:\/\/www.dumoulinbicyclettes.com\/en\/wp-json\/wp\/v2\/product_brand?post=144564"},{"taxonomy":"product_cat","embeddable":true,"href":"https:\/\/www.dumoulinbicyclettes.com\/en\/wp-json\/wp\/v2\/product_cat?post=144564"},{"taxonomy":"product_tag","embeddable":true,"href":"https:\/\/www.dumoulinbicyclettes.com\/en\/wp-json\/wp\/v2\/product_tag?post=144564"},{"taxonomy":"marque-produit","embeddable":true,"href":"https:\/\/www.dumoulinbicyclettes.com\/en\/wp-json\/wp\/v2\/marque-produit?post=144564"},{"taxonomy":"collection-produit","embeddable":true,"href":"https:\/\/www.dumoulinbicyclettes.com\/en\/wp-json\/wp\/v2\/collection-produit?post=144564"},{"taxonomy":"type-surface-produit","embeddable":true,"href":"https:\/\/www.dumoulinbicyclettes.com\/en\/wp-json\/wp\/v2\/type-surface-produit?post=144564"},{"taxonomy":"type-velo-produit","embeddable":true,"href":"https:\/\/www.dumoulinbicyclettes.com\/en\/wp-json\/wp\/v2\/type-velo-produit?post=144564"},{"taxonomy":"vetement-produit","embeddable":true,"href":"https:\/\/www.dumoulinbicyclettes.com\/en\/wp-json\/wp\/v2\/vetement-produit?post=144564"},{"taxonomy":"thematique-produit","embeddable":true,"href":"https:\/\/www.dumoulinbicyclettes.com\/en\/wp-json\/wp\/v2\/thematique-produit?post=144564"},{"taxonomy":"position-sur-le-v\u00e9lo","embeddable":true,"href":"https:\/\/www.dumoulinbicyclettes.com\/en\/wp-json\/wp\/v2\/position-sur-le-v\u00e9lo?post=144564"}],"curies":[{"name":"wp","href":"https:\/\/api.w.org\/{rel}","templated":true}]}}