{"id":162009,"date":"2022-09-29T22:02:34","date_gmt":"2022-09-30T02:02:34","guid":{"rendered":"http:\/\/www.dumoulinbicyclettes.com\/?post_type=product&#038;p=162009"},"modified":"2025-09-29T19:24:21","modified_gmt":"2025-09-29T23:24:21","slug":"urban-arrow-poncho","status":"publish","type":"product","link":"https:\/\/www.dumoulinbicyclettes.com\/en\/product\/urban-arrow-poncho\/","title":{"rendered":"Poncho Urban Arrow"},"content":{"rendered":"<p>Le poncho Urban Arrow s&#8217;attache \u00e0 la <a href=\"https:\/\/www.dumoulinbicyclettes.com\/produit\/capote-urban-arrow-rain-cover-plus\/\" rel=\"noopener\" target=\"_blank\">capote Rain Cover<\/a> et vous prot\u00e8ge de la pluie, tout comme la capote prot\u00e8ge vos enfants ! <\/p>\n<p>Ne sous-estimez pas ce poncho, c&#8217;est un v\u00eatement de cycliste parfait. Il est facile de l&#8217;avoir toujours \u00e0 port\u00e9e de main, il prot\u00e8ge \u00e0 la fois le haut du corps et les jambes (surtout sur un Urban Arrow Family).<\/p>\n","protected":false},"excerpt":{"rendered":"<p>Le poncho Urban Arrow s&#8217;attache \u00e0 la capote Rain Cover et vous prot\u00e8ge de la pluie, tout comme la capote prot\u00e8ge vos enfants ! Ne sous-estimez pas ce poncho, c&#8217;est un v\u00eatement de cycliste parfait. Il est facile de l&#8217;avoir toujours \u00e0 port\u00e9e de main, il prot\u00e8ge \u00e0 la fois le haut du corps et [&hellip;]<\/p>\n","protected":false},"featured_media":162010,"template":"","meta":{"_acf_changed":false},"product_brand":[],"product_cat":[2618],"product_tag":[2890,2571],"marque-produit":[1451],"collection-produit":[2889],"type-surface-produit":[],"type-velo-produit":[],"vetement-produit":[],"thematique-produit":[],"position-sur-le-v\u00e9lo":[],"class_list":{"0":"post-162009","1":"product","2":"type-product","3":"status-publish","4":"has-post-thumbnail","6":"product_cat-urban-arrow","7":"product_tag-poncho","8":"product_tag-urban-arrow","9":"marque-produit-urban-arrow","10":"collection-produit-urban-arrow","12":"first","13":"instock","14":"taxable","15":"shipping-taxable","16":"purchasable","17":"product-type-simple"},"acf":[],"yoast_head":"<!-- This site is optimized with the Yoast SEO plugin v27.3 - https:\/\/yoast.com\/product\/yoast-seo-wordpress\/ -->\n<title>Poncho Urban Arrow - Dumoulin Bicyclettes<\/title>\n<meta name=\"description\" content=\"Le poncho Urban Arrow vous prot\u00e8ge de la pluie. Il s&#039;attache \u00e0 la capote Rain cover plus pour vous \u00e9viter d&#039;avoir le haut ou le bas du corps mouill\u00e9. G\u00e9nial !\" \/>\n<meta name=\"robots\" content=\"index, follow, max-snippet:-1, max-image-preview:large, max-video-preview:-1\" \/>\n<link rel=\"canonical\" href=\"https:\/\/www.dumoulinbicyclettes.com\/produit\/urban-arrow-poncho\/\" \/>\n<meta property=\"og:locale\" content=\"en_US\" \/>\n<meta property=\"og:type\" content=\"article\" \/>\n<meta property=\"og:title\" content=\"Poncho Urban Arrow - Dumoulin Bicyclettes\" \/>\n<meta property=\"og:description\" content=\"Le poncho Urban Arrow vous prot\u00e8ge de la pluie. Il s&#039;attache \u00e0 la capote Rain cover plus pour vous \u00e9viter d&#039;avoir le haut ou le bas du corps mouill\u00e9. G\u00e9nial !\" \/>\n<meta property=\"og:url\" content=\"https:\/\/www.dumoulinbicyclettes.com\/produit\/urban-arrow-poncho\/\" \/>\n<meta property=\"og:site_name\" content=\"Dumoulin Bicyclettes\" \/>\n<meta property=\"article:publisher\" content=\"https:\/\/www.facebook.com\/dumoulinbicyclettes\" \/>\n<meta property=\"article:modified_time\" content=\"2025-09-29T23:24:21+00:00\" \/>\n<meta property=\"og:image\" content=\"https:\/\/www.dumoulinbicyclettes.com\/wp-content\/uploads\/2022\/09\/7f33baa6-9d72-40a3-9d62-5fb4c9bdc68a.jpeg\" \/>\n\t<meta property=\"og:image:width\" content=\"640\" \/>\n\t<meta property=\"og:image:height\" content=\"360\" \/>\n\t<meta property=\"og:image:type\" content=\"image\/jpeg\" \/>\n<meta name=\"twitter:card\" content=\"summary_large_image\" \/>\n<script type=\"application\/ld+json\" class=\"yoast-schema-graph\">{\"@context\":\"https:\\\/\\\/schema.org\",\"@graph\":[{\"@type\":\"WebPage\",\"@id\":\"https:\\\/\\\/www.dumoulinbicyclettes.com\\\/produit\\\/urban-arrow-poncho\\\/\",\"url\":\"https:\\\/\\\/www.dumoulinbicyclettes.com\\\/produit\\\/urban-arrow-poncho\\\/\",\"name\":\"Poncho Urban Arrow - Dumoulin Bicyclettes\",\"isPartOf\":{\"@id\":\"https:\\\/\\\/www.dumoulinbicyclettes.com\\\/#website\"},\"primaryImageOfPage\":{\"@id\":\"https:\\\/\\\/www.dumoulinbicyclettes.com\\\/produit\\\/urban-arrow-poncho\\\/#primaryimage\"},\"image\":{\"@id\":\"https:\\\/\\\/www.dumoulinbicyclettes.com\\\/produit\\\/urban-arrow-poncho\\\/#primaryimage\"},\"thumbnailUrl\":\"https:\\\/\\\/www.dumoulinbicyclettes.com\\\/wp-content\\\/uploads\\\/2022\\\/09\\\/7f33baa6-9d72-40a3-9d62-5fb4c9bdc68a.jpeg\",\"datePublished\":\"2022-09-30T02:02:34+00:00\",\"dateModified\":\"2025-09-29T23:24:21+00:00\",\"description\":\"Le poncho Urban Arrow vous prot\u00e8ge de la pluie. Il s'attache \u00e0 la capote Rain cover plus pour vous \u00e9viter d'avoir le haut ou le bas du corps mouill\u00e9. G\u00e9nial !\",\"breadcrumb\":{\"@id\":\"https:\\\/\\\/www.dumoulinbicyclettes.com\\\/produit\\\/urban-arrow-poncho\\\/#breadcrumb\"},\"inLanguage\":\"en-US\",\"potentialAction\":[{\"@type\":\"ReadAction\",\"target\":[\"https:\\\/\\\/www.dumoulinbicyclettes.com\\\/produit\\\/urban-arrow-poncho\\\/\"]}]},{\"@type\":\"ImageObject\",\"inLanguage\":\"en-US\",\"@id\":\"https:\\\/\\\/www.dumoulinbicyclettes.com\\\/produit\\\/urban-arrow-poncho\\\/#primaryimage\",\"url\":\"https:\\\/\\\/www.dumoulinbicyclettes.com\\\/wp-content\\\/uploads\\\/2022\\\/09\\\/7f33baa6-9d72-40a3-9d62-5fb4c9bdc68a.jpeg\",\"contentUrl\":\"https:\\\/\\\/www.dumoulinbicyclettes.com\\\/wp-content\\\/uploads\\\/2022\\\/09\\\/7f33baa6-9d72-40a3-9d62-5fb4c9bdc68a.jpeg\",\"width\":640,\"height\":360,\"caption\":\"poncho-urban-arrow\"},{\"@type\":\"BreadcrumbList\",\"@id\":\"https:\\\/\\\/www.dumoulinbicyclettes.com\\\/produit\\\/urban-arrow-poncho\\\/#breadcrumb\",\"itemListElement\":[{\"@type\":\"ListItem\",\"position\":1,\"name\":\"Home\",\"item\":\"https:\\\/\\\/www.dumoulinbicyclettes.com\\\/en\\\/\"},{\"@type\":\"ListItem\",\"position\":2,\"name\":\"Shop\",\"item\":\"https:\\\/\\\/www.dumoulinbicyclettes.com\\\/en\\\/shop\\\/\"},{\"@type\":\"ListItem\",\"position\":3,\"name\":\"Poncho Urban Arrow\"}]},{\"@type\":\"WebSite\",\"@id\":\"https:\\\/\\\/www.dumoulinbicyclettes.com\\\/#website\",\"url\":\"https:\\\/\\\/www.dumoulinbicyclettes.com\\\/\",\"name\":\"Dumoulin Bicyclettes\",\"description\":\"\",\"publisher\":{\"@id\":\"https:\\\/\\\/www.dumoulinbicyclettes.com\\\/#organization\"},\"potentialAction\":[{\"@type\":\"SearchAction\",\"target\":{\"@type\":\"EntryPoint\",\"urlTemplate\":\"https:\\\/\\\/www.dumoulinbicyclettes.com\\\/?s={search_term_string}\"},\"query-input\":{\"@type\":\"PropertyValueSpecification\",\"valueRequired\":true,\"valueName\":\"search_term_string\"}}],\"inLanguage\":\"en-US\"},{\"@type\":\"Organization\",\"@id\":\"https:\\\/\\\/www.dumoulinbicyclettes.com\\\/#organization\",\"name\":\"Dumoulin Bicyclettes\",\"url\":\"https:\\\/\\\/www.dumoulinbicyclettes.com\\\/\",\"logo\":{\"@type\":\"ImageObject\",\"inLanguage\":\"en-US\",\"@id\":\"https:\\\/\\\/www.dumoulinbicyclettes.com\\\/#\\\/schema\\\/logo\\\/image\\\/\",\"url\":\"https:\\\/\\\/www.dumoulinbicyclettes.com\\\/wp-content\\\/uploads\\\/2021\\\/04\\\/Logo.svg\",\"contentUrl\":\"https:\\\/\\\/www.dumoulinbicyclettes.com\\\/wp-content\\\/uploads\\\/2021\\\/04\\\/Logo.svg\",\"width\":254,\"height\":86,\"caption\":\"Dumoulin Bicyclettes\"},\"image\":{\"@id\":\"https:\\\/\\\/www.dumoulinbicyclettes.com\\\/#\\\/schema\\\/logo\\\/image\\\/\"},\"sameAs\":[\"https:\\\/\\\/www.facebook.com\\\/dumoulinbicyclettes\",\"https:\\\/\\\/www.instagram.com\\\/dumoulin.ca\\\/\",\"https:\\\/\\\/www.youtube.com\\\/user\\\/dumoulinbicyclettes\"]}]}<\/script>\n<!-- \/ Yoast SEO plugin. -->","yoast_head_json":{"title":"Poncho Urban Arrow - Dumoulin Bicyclettes","description":"Le poncho Urban Arrow vous prot\u00e8ge de la pluie. Il s'attache \u00e0 la capote Rain cover plus pour vous \u00e9viter d'avoir le haut ou le bas du corps mouill\u00e9. G\u00e9nial !","robots":{"index":"index","follow":"follow","max-snippet":"max-snippet:-1","max-image-preview":"max-image-preview:large","max-video-preview":"max-video-preview:-1"},"canonical":"https:\/\/www.dumoulinbicyclettes.com\/produit\/urban-arrow-poncho\/","og_locale":"en_US","og_type":"article","og_title":"Poncho Urban Arrow - Dumoulin Bicyclettes","og_description":"Le poncho Urban Arrow vous prot\u00e8ge de la pluie. Il s'attache \u00e0 la capote Rain cover plus pour vous \u00e9viter d'avoir le haut ou le bas du corps mouill\u00e9. G\u00e9nial !","og_url":"https:\/\/www.dumoulinbicyclettes.com\/produit\/urban-arrow-poncho\/","og_site_name":"Dumoulin Bicyclettes","article_publisher":"https:\/\/www.facebook.com\/dumoulinbicyclettes","article_modified_time":"2025-09-29T23:24:21+00:00","og_image":[{"width":640,"height":360,"url":"https:\/\/www.dumoulinbicyclettes.com\/wp-content\/uploads\/2022\/09\/7f33baa6-9d72-40a3-9d62-5fb4c9bdc68a.jpeg","type":"image\/jpeg"}],"twitter_card":"summary_large_image","schema":{"@context":"https:\/\/schema.org","@graph":[{"@type":"WebPage","@id":"https:\/\/www.dumoulinbicyclettes.com\/produit\/urban-arrow-poncho\/","url":"https:\/\/www.dumoulinbicyclettes.com\/produit\/urban-arrow-poncho\/","name":"Poncho Urban Arrow - Dumoulin Bicyclettes","isPartOf":{"@id":"https:\/\/www.dumoulinbicyclettes.com\/#website"},"primaryImageOfPage":{"@id":"https:\/\/www.dumoulinbicyclettes.com\/produit\/urban-arrow-poncho\/#primaryimage"},"image":{"@id":"https:\/\/www.dumoulinbicyclettes.com\/produit\/urban-arrow-poncho\/#primaryimage"},"thumbnailUrl":"https:\/\/www.dumoulinbicyclettes.com\/wp-content\/uploads\/2022\/09\/7f33baa6-9d72-40a3-9d62-5fb4c9bdc68a.jpeg","datePublished":"2022-09-30T02:02:34+00:00","dateModified":"2025-09-29T23:24:21+00:00","description":"Le poncho Urban Arrow vous prot\u00e8ge de la pluie. Il s'attache \u00e0 la capote Rain cover plus pour vous \u00e9viter d'avoir le haut ou le bas du corps mouill\u00e9. G\u00e9nial !","breadcrumb":{"@id":"https:\/\/www.dumoulinbicyclettes.com\/produit\/urban-arrow-poncho\/#breadcrumb"},"inLanguage":"en-US","potentialAction":[{"@type":"ReadAction","target":["https:\/\/www.dumoulinbicyclettes.com\/produit\/urban-arrow-poncho\/"]}]},{"@type":"ImageObject","inLanguage":"en-US","@id":"https:\/\/www.dumoulinbicyclettes.com\/produit\/urban-arrow-poncho\/#primaryimage","url":"https:\/\/www.dumoulinbicyclettes.com\/wp-content\/uploads\/2022\/09\/7f33baa6-9d72-40a3-9d62-5fb4c9bdc68a.jpeg","contentUrl":"https:\/\/www.dumoulinbicyclettes.com\/wp-content\/uploads\/2022\/09\/7f33baa6-9d72-40a3-9d62-5fb4c9bdc68a.jpeg","width":640,"height":360,"caption":"poncho-urban-arrow"},{"@type":"BreadcrumbList","@id":"https:\/\/www.dumoulinbicyclettes.com\/produit\/urban-arrow-poncho\/#breadcrumb","itemListElement":[{"@type":"ListItem","position":1,"name":"Home","item":"https:\/\/www.dumoulinbicyclettes.com\/en\/"},{"@type":"ListItem","position":2,"name":"Shop","item":"https:\/\/www.dumoulinbicyclettes.com\/en\/shop\/"},{"@type":"ListItem","position":3,"name":"Poncho Urban Arrow"}]},{"@type":"WebSite","@id":"https:\/\/www.dumoulinbicyclettes.com\/#website","url":"https:\/\/www.dumoulinbicyclettes.com\/","name":"Dumoulin Bicyclettes","description":"","publisher":{"@id":"https:\/\/www.dumoulinbicyclettes.com\/#organization"},"potentialAction":[{"@type":"SearchAction","target":{"@type":"EntryPoint","urlTemplate":"https:\/\/www.dumoulinbicyclettes.com\/?s={search_term_string}"},"query-input":{"@type":"PropertyValueSpecification","valueRequired":true,"valueName":"search_term_string"}}],"inLanguage":"en-US"},{"@type":"Organization","@id":"https:\/\/www.dumoulinbicyclettes.com\/#organization","name":"Dumoulin Bicyclettes","url":"https:\/\/www.dumoulinbicyclettes.com\/","logo":{"@type":"ImageObject","inLanguage":"en-US","@id":"https:\/\/www.dumoulinbicyclettes.com\/#\/schema\/logo\/image\/","url":"https:\/\/www.dumoulinbicyclettes.com\/wp-content\/uploads\/2021\/04\/Logo.svg","contentUrl":"https:\/\/www.dumoulinbicyclettes.com\/wp-content\/uploads\/2021\/04\/Logo.svg","width":254,"height":86,"caption":"Dumoulin Bicyclettes"},"image":{"@id":"https:\/\/www.dumoulinbicyclettes.com\/#\/schema\/logo\/image\/"},"sameAs":["https:\/\/www.facebook.com\/dumoulinbicyclettes","https:\/\/www.instagram.com\/dumoulin.ca\/","https:\/\/www.youtube.com\/user\/dumoulinbicyclettes"]}]}},"_links":{"self":[{"href":"https:\/\/www.dumoulinbicyclettes.com\/en\/wp-json\/wp\/v2\/product\/162009","targetHints":{"allow":["GET"]}}],"collection":[{"href":"https:\/\/www.dumoulinbicyclettes.com\/en\/wp-json\/wp\/v2\/product"}],"about":[{"href":"https:\/\/www.dumoulinbicyclettes.com\/en\/wp-json\/wp\/v2\/types\/product"}],"wp:featuredmedia":[{"embeddable":true,"href":"https:\/\/www.dumoulinbicyclettes.com\/en\/wp-json\/wp\/v2\/media\/162010"}],"wp:attachment":[{"href":"https:\/\/www.dumoulinbicyclettes.com\/en\/wp-json\/wp\/v2\/media?parent=162009"}],"wp:term":[{"taxonomy":"product_brand","embeddable":true,"href":"https:\/\/www.dumoulinbicyclettes.com\/en\/wp-json\/wp\/v2\/product_brand?post=162009"},{"taxonomy":"product_cat","embeddable":true,"href":"https:\/\/www.dumoulinbicyclettes.com\/en\/wp-json\/wp\/v2\/product_cat?post=162009"},{"taxonomy":"product_tag","embeddable":true,"href":"https:\/\/www.dumoulinbicyclettes.com\/en\/wp-json\/wp\/v2\/product_tag?post=162009"},{"taxonomy":"marque-produit","embeddable":true,"href":"https:\/\/www.dumoulinbicyclettes.com\/en\/wp-json\/wp\/v2\/marque-produit?post=162009"},{"taxonomy":"collection-produit","embeddable":true,"href":"https:\/\/www.dumoulinbicyclettes.com\/en\/wp-json\/wp\/v2\/collection-produit?post=162009"},{"taxonomy":"type-surface-produit","embeddable":true,"href":"https:\/\/www.dumoulinbicyclettes.com\/en\/wp-json\/wp\/v2\/type-surface-produit?post=162009"},{"taxonomy":"type-velo-produit","embeddable":true,"href":"https:\/\/www.dumoulinbicyclettes.com\/en\/wp-json\/wp\/v2\/type-velo-produit?post=162009"},{"taxonomy":"vetement-produit","embeddable":true,"href":"https:\/\/www.dumoulinbicyclettes.com\/en\/wp-json\/wp\/v2\/vetement-produit?post=162009"},{"taxonomy":"thematique-produit","embeddable":true,"href":"https:\/\/www.dumoulinbicyclettes.com\/en\/wp-json\/wp\/v2\/thematique-produit?post=162009"},{"taxonomy":"position-sur-le-v\u00e9lo","embeddable":true,"href":"https:\/\/www.dumoulinbicyclettes.com\/en\/wp-json\/wp\/v2\/position-sur-le-v\u00e9lo?post=162009"}],"curies":[{"name":"wp","href":"https:\/\/api.w.org\/{rel}","templated":true}]}}