{"id":170657,"date":"2022-10-21T13:02:51","date_gmt":"2022-10-21T17:02:51","guid":{"rendered":"http:\/\/www.dumoulinbicyclettes.com\/?post_type=product&#038;p=170657"},"modified":"2025-10-14T15:01:15","modified_gmt":"2025-10-14T19:01:15","slug":"bontrager-ion-100r-flare-r-city","status":"publish","type":"product","link":"https:\/\/www.dumoulinbicyclettes.com\/en\/product\/bontrager-ion-100r-flare-r-city\/","title":{"rendered":"Ensemble de lumi\u00e8res de v\u00e9lo Bontrager Ion 100R et Flare R city"},"content":{"rendered":"<p>Les lumi\u00e8res de v\u00e9lo Bontrager Ion 100R et Flare R City vous situent sur la route et rendent vos trajets plus s\u00e9curitaires. Compactes, l\u00e9g\u00e8res, elles s&#8217;attachent discr\u00e8tement sur votre v\u00e9lo et se d\u00e9tachent facilement pour les ranger dans votre sac.<\/p>\n<p>Rechargeables et pratiques, c&#8217;est un grand classique de Dumoulin Bicyclettes !<\/p>\n","protected":false},"excerpt":{"rendered":"<p>Les lumi\u00e8res de v\u00e9lo Bontrager Ion 100R et Flare R City vous situent sur la route et rendent vos trajets plus s\u00e9curitaires. Compactes, l\u00e9g\u00e8res, elles s&#8217;attachent discr\u00e8tement sur votre v\u00e9lo et se d\u00e9tachent facilement pour les ranger dans votre sac. Rechargeables et pratiques, c&#8217;est un grand classique de Dumoulin Bicyclettes !<\/p>\n","protected":false},"featured_media":170658,"template":"","meta":{"_acf_changed":false},"product_brand":[],"product_cat":[208,213,192],"product_tag":[2298,3227,3226,3224,3225,2439],"marque-produit":[1195],"collection-produit":[2901],"type-surface-produit":[],"type-velo-produit":[],"vetement-produit":[],"thematique-produit":[],"position-sur-le-v\u00e9lo":[],"class_list":{"0":"post-170657","1":"product","2":"type-product","3":"status-publish","4":"has-post-thumbnail","6":"product_cat-lumieres-de-velo","7":"product_cat-paire","8":"product_cat-visibilite","9":"product_tag-bontrager","10":"product_tag-combo","11":"product_tag-ensemble","12":"product_tag-flare-r-city","13":"product_tag-ion-100r","14":"product_tag-lumieres","15":"marque-produit-bontrager","16":"collection-produit-lumieres","18":"first","19":"outofstock","20":"taxable","21":"shipping-taxable","22":"purchasable","23":"product-type-simple"},"acf":[],"yoast_head":"<!-- This site is optimized with the Yoast SEO plugin v27.3 - https:\/\/yoast.com\/product\/yoast-seo-wordpress\/ -->\n<title>Ensemble de lumi\u00e8res de v\u00e9lo Bontrager Ion 100R et Flare R city - Dumoulin Bicyclettes<\/title>\n<meta name=\"description\" content=\"L&#039;ensemble de lumi\u00e8res de v\u00e9lo Bontrager ion 100R et Flare R city est compact et pratique. Excellent pour bien vous situer sur les routes.\" \/>\n<meta name=\"robots\" content=\"index, follow, max-snippet:-1, max-image-preview:large, max-video-preview:-1\" \/>\n<link rel=\"canonical\" href=\"https:\/\/www.dumoulinbicyclettes.com\/produit\/bontrager-ion-100r-flare-r-city\/\" \/>\n<meta property=\"og:locale\" content=\"en_US\" \/>\n<meta property=\"og:type\" content=\"article\" \/>\n<meta property=\"og:title\" content=\"Ensemble de lumi\u00e8res de v\u00e9lo Bontrager Ion 100R et Flare R city - Dumoulin Bicyclettes\" \/>\n<meta property=\"og:description\" content=\"L&#039;ensemble de lumi\u00e8res de v\u00e9lo Bontrager ion 100R et Flare R city est compact et pratique. Excellent pour bien vous situer sur les routes.\" \/>\n<meta property=\"og:url\" content=\"https:\/\/www.dumoulinbicyclettes.com\/produit\/bontrager-ion-100r-flare-r-city\/\" \/>\n<meta property=\"og:site_name\" content=\"Dumoulin Bicyclettes\" \/>\n<meta property=\"article:publisher\" content=\"https:\/\/www.facebook.com\/dumoulinbicyclettes\" \/>\n<meta property=\"article:modified_time\" content=\"2025-10-14T19:01:15+00:00\" \/>\n<meta property=\"og:image\" content=\"http:\/\/www.dumoulinbicyclettes.com\/wp-content\/uploads\/2022\/10\/640b3288-96ef-45a9-9ebf-94eea83b5617.png\" \/>\n\t<meta property=\"og:image:width\" content=\"720\" \/>\n\t<meta property=\"og:image:height\" content=\"720\" \/>\n\t<meta property=\"og:image:type\" content=\"image\/png\" \/>\n<meta name=\"twitter:card\" content=\"summary_large_image\" \/>\n<meta name=\"twitter:label1\" content=\"Est. reading time\" \/>\n\t<meta name=\"twitter:data1\" content=\"1 minute\" \/>\n<script type=\"application\/ld+json\" class=\"yoast-schema-graph\">{\"@context\":\"https:\\\/\\\/schema.org\",\"@graph\":[{\"@type\":\"WebPage\",\"@id\":\"https:\\\/\\\/www.dumoulinbicyclettes.com\\\/produit\\\/bontrager-ion-100r-flare-r-city\\\/\",\"url\":\"https:\\\/\\\/www.dumoulinbicyclettes.com\\\/produit\\\/bontrager-ion-100r-flare-r-city\\\/\",\"name\":\"Ensemble de lumi\u00e8res de v\u00e9lo Bontrager Ion 100R et Flare R city - Dumoulin Bicyclettes\",\"isPartOf\":{\"@id\":\"https:\\\/\\\/www.dumoulinbicyclettes.com\\\/#website\"},\"primaryImageOfPage\":{\"@id\":\"https:\\\/\\\/www.dumoulinbicyclettes.com\\\/produit\\\/bontrager-ion-100r-flare-r-city\\\/#primaryimage\"},\"image\":{\"@id\":\"https:\\\/\\\/www.dumoulinbicyclettes.com\\\/produit\\\/bontrager-ion-100r-flare-r-city\\\/#primaryimage\"},\"thumbnailUrl\":\"https:\\\/\\\/www.dumoulinbicyclettes.com\\\/wp-content\\\/uploads\\\/2022\\\/10\\\/640b3288-96ef-45a9-9ebf-94eea83b5617.png\",\"datePublished\":\"2022-10-21T17:02:51+00:00\",\"dateModified\":\"2025-10-14T19:01:15+00:00\",\"description\":\"L'ensemble de lumi\u00e8res de v\u00e9lo Bontrager ion 100R et Flare R city est compact et pratique. Excellent pour bien vous situer sur les routes.\",\"breadcrumb\":{\"@id\":\"https:\\\/\\\/www.dumoulinbicyclettes.com\\\/produit\\\/bontrager-ion-100r-flare-r-city\\\/#breadcrumb\"},\"inLanguage\":\"en-US\",\"potentialAction\":[{\"@type\":\"ReadAction\",\"target\":[\"https:\\\/\\\/www.dumoulinbicyclettes.com\\\/produit\\\/bontrager-ion-100r-flare-r-city\\\/\"]}]},{\"@type\":\"ImageObject\",\"inLanguage\":\"en-US\",\"@id\":\"https:\\\/\\\/www.dumoulinbicyclettes.com\\\/produit\\\/bontrager-ion-100r-flare-r-city\\\/#primaryimage\",\"url\":\"https:\\\/\\\/www.dumoulinbicyclettes.com\\\/wp-content\\\/uploads\\\/2022\\\/10\\\/640b3288-96ef-45a9-9ebf-94eea83b5617.png\",\"contentUrl\":\"https:\\\/\\\/www.dumoulinbicyclettes.com\\\/wp-content\\\/uploads\\\/2022\\\/10\\\/640b3288-96ef-45a9-9ebf-94eea83b5617.png\",\"width\":720,\"height\":720,\"caption\":\"ensemble-de-lumieres-de-velo-bontrager-ion100r-et-flare-r-city-bike-lights\"},{\"@type\":\"BreadcrumbList\",\"@id\":\"https:\\\/\\\/www.dumoulinbicyclettes.com\\\/produit\\\/bontrager-ion-100r-flare-r-city\\\/#breadcrumb\",\"itemListElement\":[{\"@type\":\"ListItem\",\"position\":1,\"name\":\"Home\",\"item\":\"https:\\\/\\\/www.dumoulinbicyclettes.com\\\/en\\\/\"},{\"@type\":\"ListItem\",\"position\":2,\"name\":\"Shop\",\"item\":\"https:\\\/\\\/www.dumoulinbicyclettes.com\\\/en\\\/shop\\\/\"},{\"@type\":\"ListItem\",\"position\":3,\"name\":\"Ensemble de lumi\u00e8res de v\u00e9lo Bontrager Ion 100R et Flare R city\"}]},{\"@type\":\"WebSite\",\"@id\":\"https:\\\/\\\/www.dumoulinbicyclettes.com\\\/#website\",\"url\":\"https:\\\/\\\/www.dumoulinbicyclettes.com\\\/\",\"name\":\"Dumoulin Bicyclettes\",\"description\":\"\",\"publisher\":{\"@id\":\"https:\\\/\\\/www.dumoulinbicyclettes.com\\\/#organization\"},\"potentialAction\":[{\"@type\":\"SearchAction\",\"target\":{\"@type\":\"EntryPoint\",\"urlTemplate\":\"https:\\\/\\\/www.dumoulinbicyclettes.com\\\/?s={search_term_string}\"},\"query-input\":{\"@type\":\"PropertyValueSpecification\",\"valueRequired\":true,\"valueName\":\"search_term_string\"}}],\"inLanguage\":\"en-US\"},{\"@type\":\"Organization\",\"@id\":\"https:\\\/\\\/www.dumoulinbicyclettes.com\\\/#organization\",\"name\":\"Dumoulin Bicyclettes\",\"url\":\"https:\\\/\\\/www.dumoulinbicyclettes.com\\\/\",\"logo\":{\"@type\":\"ImageObject\",\"inLanguage\":\"en-US\",\"@id\":\"https:\\\/\\\/www.dumoulinbicyclettes.com\\\/#\\\/schema\\\/logo\\\/image\\\/\",\"url\":\"https:\\\/\\\/www.dumoulinbicyclettes.com\\\/wp-content\\\/uploads\\\/2021\\\/04\\\/Logo.svg\",\"contentUrl\":\"https:\\\/\\\/www.dumoulinbicyclettes.com\\\/wp-content\\\/uploads\\\/2021\\\/04\\\/Logo.svg\",\"width\":254,\"height\":86,\"caption\":\"Dumoulin Bicyclettes\"},\"image\":{\"@id\":\"https:\\\/\\\/www.dumoulinbicyclettes.com\\\/#\\\/schema\\\/logo\\\/image\\\/\"},\"sameAs\":[\"https:\\\/\\\/www.facebook.com\\\/dumoulinbicyclettes\",\"https:\\\/\\\/www.instagram.com\\\/dumoulin.ca\\\/\",\"https:\\\/\\\/www.youtube.com\\\/user\\\/dumoulinbicyclettes\"]}]}<\/script>\n<!-- \/ Yoast SEO plugin. -->","yoast_head_json":{"title":"Ensemble de lumi\u00e8res de v\u00e9lo Bontrager Ion 100R et Flare R city - Dumoulin Bicyclettes","description":"L'ensemble de lumi\u00e8res de v\u00e9lo Bontrager ion 100R et Flare R city est compact et pratique. Excellent pour bien vous situer sur les routes.","robots":{"index":"index","follow":"follow","max-snippet":"max-snippet:-1","max-image-preview":"max-image-preview:large","max-video-preview":"max-video-preview:-1"},"canonical":"https:\/\/www.dumoulinbicyclettes.com\/produit\/bontrager-ion-100r-flare-r-city\/","og_locale":"en_US","og_type":"article","og_title":"Ensemble de lumi\u00e8res de v\u00e9lo Bontrager Ion 100R et Flare R city - Dumoulin Bicyclettes","og_description":"L'ensemble de lumi\u00e8res de v\u00e9lo Bontrager ion 100R et Flare R city est compact et pratique. Excellent pour bien vous situer sur les routes.","og_url":"https:\/\/www.dumoulinbicyclettes.com\/produit\/bontrager-ion-100r-flare-r-city\/","og_site_name":"Dumoulin Bicyclettes","article_publisher":"https:\/\/www.facebook.com\/dumoulinbicyclettes","article_modified_time":"2025-10-14T19:01:15+00:00","og_image":[{"width":720,"height":720,"url":"http:\/\/www.dumoulinbicyclettes.com\/wp-content\/uploads\/2022\/10\/640b3288-96ef-45a9-9ebf-94eea83b5617.png","type":"image\/png"}],"twitter_card":"summary_large_image","twitter_misc":{"Est. reading time":"1 minute"},"schema":{"@context":"https:\/\/schema.org","@graph":[{"@type":"WebPage","@id":"https:\/\/www.dumoulinbicyclettes.com\/produit\/bontrager-ion-100r-flare-r-city\/","url":"https:\/\/www.dumoulinbicyclettes.com\/produit\/bontrager-ion-100r-flare-r-city\/","name":"Ensemble de lumi\u00e8res de v\u00e9lo Bontrager Ion 100R et Flare R city - Dumoulin Bicyclettes","isPartOf":{"@id":"https:\/\/www.dumoulinbicyclettes.com\/#website"},"primaryImageOfPage":{"@id":"https:\/\/www.dumoulinbicyclettes.com\/produit\/bontrager-ion-100r-flare-r-city\/#primaryimage"},"image":{"@id":"https:\/\/www.dumoulinbicyclettes.com\/produit\/bontrager-ion-100r-flare-r-city\/#primaryimage"},"thumbnailUrl":"https:\/\/www.dumoulinbicyclettes.com\/wp-content\/uploads\/2022\/10\/640b3288-96ef-45a9-9ebf-94eea83b5617.png","datePublished":"2022-10-21T17:02:51+00:00","dateModified":"2025-10-14T19:01:15+00:00","description":"L'ensemble de lumi\u00e8res de v\u00e9lo Bontrager ion 100R et Flare R city est compact et pratique. Excellent pour bien vous situer sur les routes.","breadcrumb":{"@id":"https:\/\/www.dumoulinbicyclettes.com\/produit\/bontrager-ion-100r-flare-r-city\/#breadcrumb"},"inLanguage":"en-US","potentialAction":[{"@type":"ReadAction","target":["https:\/\/www.dumoulinbicyclettes.com\/produit\/bontrager-ion-100r-flare-r-city\/"]}]},{"@type":"ImageObject","inLanguage":"en-US","@id":"https:\/\/www.dumoulinbicyclettes.com\/produit\/bontrager-ion-100r-flare-r-city\/#primaryimage","url":"https:\/\/www.dumoulinbicyclettes.com\/wp-content\/uploads\/2022\/10\/640b3288-96ef-45a9-9ebf-94eea83b5617.png","contentUrl":"https:\/\/www.dumoulinbicyclettes.com\/wp-content\/uploads\/2022\/10\/640b3288-96ef-45a9-9ebf-94eea83b5617.png","width":720,"height":720,"caption":"ensemble-de-lumieres-de-velo-bontrager-ion100r-et-flare-r-city-bike-lights"},{"@type":"BreadcrumbList","@id":"https:\/\/www.dumoulinbicyclettes.com\/produit\/bontrager-ion-100r-flare-r-city\/#breadcrumb","itemListElement":[{"@type":"ListItem","position":1,"name":"Home","item":"https:\/\/www.dumoulinbicyclettes.com\/en\/"},{"@type":"ListItem","position":2,"name":"Shop","item":"https:\/\/www.dumoulinbicyclettes.com\/en\/shop\/"},{"@type":"ListItem","position":3,"name":"Ensemble de lumi\u00e8res de v\u00e9lo Bontrager Ion 100R et Flare R city"}]},{"@type":"WebSite","@id":"https:\/\/www.dumoulinbicyclettes.com\/#website","url":"https:\/\/www.dumoulinbicyclettes.com\/","name":"Dumoulin Bicyclettes","description":"","publisher":{"@id":"https:\/\/www.dumoulinbicyclettes.com\/#organization"},"potentialAction":[{"@type":"SearchAction","target":{"@type":"EntryPoint","urlTemplate":"https:\/\/www.dumoulinbicyclettes.com\/?s={search_term_string}"},"query-input":{"@type":"PropertyValueSpecification","valueRequired":true,"valueName":"search_term_string"}}],"inLanguage":"en-US"},{"@type":"Organization","@id":"https:\/\/www.dumoulinbicyclettes.com\/#organization","name":"Dumoulin Bicyclettes","url":"https:\/\/www.dumoulinbicyclettes.com\/","logo":{"@type":"ImageObject","inLanguage":"en-US","@id":"https:\/\/www.dumoulinbicyclettes.com\/#\/schema\/logo\/image\/","url":"https:\/\/www.dumoulinbicyclettes.com\/wp-content\/uploads\/2021\/04\/Logo.svg","contentUrl":"https:\/\/www.dumoulinbicyclettes.com\/wp-content\/uploads\/2021\/04\/Logo.svg","width":254,"height":86,"caption":"Dumoulin Bicyclettes"},"image":{"@id":"https:\/\/www.dumoulinbicyclettes.com\/#\/schema\/logo\/image\/"},"sameAs":["https:\/\/www.facebook.com\/dumoulinbicyclettes","https:\/\/www.instagram.com\/dumoulin.ca\/","https:\/\/www.youtube.com\/user\/dumoulinbicyclettes"]}]}},"_links":{"self":[{"href":"https:\/\/www.dumoulinbicyclettes.com\/en\/wp-json\/wp\/v2\/product\/170657","targetHints":{"allow":["GET"]}}],"collection":[{"href":"https:\/\/www.dumoulinbicyclettes.com\/en\/wp-json\/wp\/v2\/product"}],"about":[{"href":"https:\/\/www.dumoulinbicyclettes.com\/en\/wp-json\/wp\/v2\/types\/product"}],"wp:featuredmedia":[{"embeddable":true,"href":"https:\/\/www.dumoulinbicyclettes.com\/en\/wp-json\/wp\/v2\/media\/170658"}],"wp:attachment":[{"href":"https:\/\/www.dumoulinbicyclettes.com\/en\/wp-json\/wp\/v2\/media?parent=170657"}],"wp:term":[{"taxonomy":"product_brand","embeddable":true,"href":"https:\/\/www.dumoulinbicyclettes.com\/en\/wp-json\/wp\/v2\/product_brand?post=170657"},{"taxonomy":"product_cat","embeddable":true,"href":"https:\/\/www.dumoulinbicyclettes.com\/en\/wp-json\/wp\/v2\/product_cat?post=170657"},{"taxonomy":"product_tag","embeddable":true,"href":"https:\/\/www.dumoulinbicyclettes.com\/en\/wp-json\/wp\/v2\/product_tag?post=170657"},{"taxonomy":"marque-produit","embeddable":true,"href":"https:\/\/www.dumoulinbicyclettes.com\/en\/wp-json\/wp\/v2\/marque-produit?post=170657"},{"taxonomy":"collection-produit","embeddable":true,"href":"https:\/\/www.dumoulinbicyclettes.com\/en\/wp-json\/wp\/v2\/collection-produit?post=170657"},{"taxonomy":"type-surface-produit","embeddable":true,"href":"https:\/\/www.dumoulinbicyclettes.com\/en\/wp-json\/wp\/v2\/type-surface-produit?post=170657"},{"taxonomy":"type-velo-produit","embeddable":true,"href":"https:\/\/www.dumoulinbicyclettes.com\/en\/wp-json\/wp\/v2\/type-velo-produit?post=170657"},{"taxonomy":"vetement-produit","embeddable":true,"href":"https:\/\/www.dumoulinbicyclettes.com\/en\/wp-json\/wp\/v2\/vetement-produit?post=170657"},{"taxonomy":"thematique-produit","embeddable":true,"href":"https:\/\/www.dumoulinbicyclettes.com\/en\/wp-json\/wp\/v2\/thematique-produit?post=170657"},{"taxonomy":"position-sur-le-v\u00e9lo","embeddable":true,"href":"https:\/\/www.dumoulinbicyclettes.com\/en\/wp-json\/wp\/v2\/position-sur-le-v\u00e9lo?post=170657"}],"curies":[{"name":"wp","href":"https:\/\/api.w.org\/{rel}","templated":true}]}}