{"id":175896,"date":"2022-11-04T22:03:20","date_gmt":"2022-11-05T02:03:20","guid":{"rendered":"http:\/\/www.dumoulinbicyclettes.com\/?post_type=product&#038;p=175896"},"modified":"2025-09-29T19:16:24","modified_gmt":"2025-09-29T23:16:24","slug":"trek-commuter-pro-rt","status":"publish","type":"product","link":"https:\/\/www.dumoulinbicyclettes.com\/en\/product\/trek-commuter-pro-rt\/","title":{"rendered":"Lumi\u00e8re de v\u00e9lo Trek Commuter Pro RT"},"content":{"rendered":"<p>Le phare Trek Commuter Pro RT concentre toute sa puissance sur la route, en avant de vous. C&#8217;est une lumi\u00e8re de v\u00e9lo pour toutes les personnes qui souhaitent maximiser leur s\u00e9curit\u00e9 en tout temps et prolonger le plaisir de rouler, m\u00eame lorsque le soleil n&#8217;est plus de la partie.<\/p>\n<p>La \u00abnouveaut\u00e9\u00bb vient du miroir int\u00e9gr\u00e9 \u00e0 la lumi\u00e8re, coupant le halo lumineux \u00e0 l&#8217;horizon. R\u00e9sultat, vous pouvez \u00e9clairer fortement votre chemin, sans \u00e9blouir les autres cyclistes. Franchement, on adore.<\/p>\n","protected":false},"excerpt":{"rendered":"<p>Le phare Trek Commuter Pro RT concentre toute sa puissance sur la route, en avant de vous. C&#8217;est une lumi\u00e8re de v\u00e9lo pour toutes les personnes qui souhaitent maximiser leur s\u00e9curit\u00e9 en tout temps et prolonger le plaisir de rouler, m\u00eame lorsque le soleil n&#8217;est plus de la partie. La \u00abnouveaut\u00e9\u00bb vient du miroir int\u00e9gr\u00e9 [&hellip;]<\/p>\n","protected":false},"featured_media":175905,"template":"","meta":{"_acf_changed":false},"product_brand":[],"product_cat":[211,208,192],"product_tag":[2898,2439,2194],"marque-produit":[1277],"collection-produit":[2901],"type-surface-produit":[],"type-velo-produit":[],"vetement-produit":[],"thematique-produit":[],"position-sur-le-v\u00e9lo":[],"class_list":{"0":"post-175896","1":"product","2":"type-product","3":"status-publish","4":"has-post-thumbnail","6":"product_cat-avant","7":"product_cat-lumieres-de-velo","8":"product_cat-visibilite","9":"product_tag-commuter","10":"product_tag-lumieres","11":"product_tag-trek","12":"marque-produit-trek","13":"collection-produit-lumieres","15":"first","16":"instock","17":"taxable","18":"shipping-taxable","19":"purchasable","20":"product-type-simple"},"acf":[],"yoast_head":"<!-- This site is optimized with the Yoast SEO plugin v27.3 - https:\/\/yoast.com\/product\/yoast-seo-wordpress\/ -->\n<title>Lumi\u00e8re de v\u00e9lo Trek Commuter Pro RT - Dumoulin Bicyclettes<\/title>\n<meta name=\"description\" content=\"La lumi\u00e8re de v\u00e9lo Trek Commuter PRO RT, c&#039;est le maximum de s\u00e9curit\u00e9 et de visibilit\u00e9 pour vos d\u00e9placements quotidiens et vos aventures nocturnes.\" \/>\n<meta name=\"robots\" content=\"index, follow, max-snippet:-1, max-image-preview:large, max-video-preview:-1\" \/>\n<link rel=\"canonical\" href=\"https:\/\/www.dumoulinbicyclettes.com\/produit\/trek-commuter-pro-rt\/\" \/>\n<meta property=\"og:locale\" content=\"en_US\" \/>\n<meta property=\"og:type\" content=\"article\" \/>\n<meta property=\"og:title\" content=\"Lumi\u00e8re de v\u00e9lo Trek Commuter Pro RT - Dumoulin Bicyclettes\" \/>\n<meta property=\"og:description\" content=\"La lumi\u00e8re de v\u00e9lo Trek Commuter PRO RT, c&#039;est le maximum de s\u00e9curit\u00e9 et de visibilit\u00e9 pour vos d\u00e9placements quotidiens et vos aventures nocturnes.\" \/>\n<meta property=\"og:url\" content=\"https:\/\/www.dumoulinbicyclettes.com\/produit\/trek-commuter-pro-rt\/\" \/>\n<meta property=\"og:site_name\" content=\"Dumoulin Bicyclettes\" \/>\n<meta property=\"article:publisher\" content=\"https:\/\/www.facebook.com\/dumoulinbicyclettes\" \/>\n<meta property=\"article:modified_time\" content=\"2025-09-29T23:16:24+00:00\" \/>\n<meta property=\"og:image\" content=\"https:\/\/www.dumoulinbicyclettes.com\/wp-content\/uploads\/2022\/11\/TrekLightCommuterProRT_34037_A_Primary.png\" \/>\n\t<meta property=\"og:image:width\" content=\"1920\" \/>\n\t<meta property=\"og:image:height\" content=\"1440\" \/>\n\t<meta property=\"og:image:type\" content=\"image\/png\" \/>\n<meta name=\"twitter:card\" content=\"summary_large_image\" \/>\n<script type=\"application\/ld+json\" class=\"yoast-schema-graph\">{\"@context\":\"https:\\\/\\\/schema.org\",\"@graph\":[{\"@type\":\"WebPage\",\"@id\":\"https:\\\/\\\/www.dumoulinbicyclettes.com\\\/produit\\\/trek-commuter-pro-rt\\\/\",\"url\":\"https:\\\/\\\/www.dumoulinbicyclettes.com\\\/produit\\\/trek-commuter-pro-rt\\\/\",\"name\":\"Lumi\u00e8re de v\u00e9lo Trek Commuter Pro RT - Dumoulin Bicyclettes\",\"isPartOf\":{\"@id\":\"https:\\\/\\\/www.dumoulinbicyclettes.com\\\/#website\"},\"primaryImageOfPage\":{\"@id\":\"https:\\\/\\\/www.dumoulinbicyclettes.com\\\/produit\\\/trek-commuter-pro-rt\\\/#primaryimage\"},\"image\":{\"@id\":\"https:\\\/\\\/www.dumoulinbicyclettes.com\\\/produit\\\/trek-commuter-pro-rt\\\/#primaryimage\"},\"thumbnailUrl\":\"https:\\\/\\\/www.dumoulinbicyclettes.com\\\/wp-content\\\/uploads\\\/2022\\\/11\\\/TrekLightCommuterProRT_34037_A_Primary.png\",\"datePublished\":\"2022-11-05T02:03:20+00:00\",\"dateModified\":\"2025-09-29T23:16:24+00:00\",\"description\":\"La lumi\u00e8re de v\u00e9lo Trek Commuter PRO RT, c'est le maximum de s\u00e9curit\u00e9 et de visibilit\u00e9 pour vos d\u00e9placements quotidiens et vos aventures nocturnes.\",\"breadcrumb\":{\"@id\":\"https:\\\/\\\/www.dumoulinbicyclettes.com\\\/produit\\\/trek-commuter-pro-rt\\\/#breadcrumb\"},\"inLanguage\":\"en-US\",\"potentialAction\":[{\"@type\":\"ReadAction\",\"target\":[\"https:\\\/\\\/www.dumoulinbicyclettes.com\\\/produit\\\/trek-commuter-pro-rt\\\/\"]}]},{\"@type\":\"ImageObject\",\"inLanguage\":\"en-US\",\"@id\":\"https:\\\/\\\/www.dumoulinbicyclettes.com\\\/produit\\\/trek-commuter-pro-rt\\\/#primaryimage\",\"url\":\"https:\\\/\\\/www.dumoulinbicyclettes.com\\\/wp-content\\\/uploads\\\/2022\\\/11\\\/TrekLightCommuterProRT_34037_A_Primary.png\",\"contentUrl\":\"https:\\\/\\\/www.dumoulinbicyclettes.com\\\/wp-content\\\/uploads\\\/2022\\\/11\\\/TrekLightCommuterProRT_34037_A_Primary.png\",\"width\":1920,\"height\":1440,\"caption\":\"Trek Commuter Pro RT\"},{\"@type\":\"BreadcrumbList\",\"@id\":\"https:\\\/\\\/www.dumoulinbicyclettes.com\\\/produit\\\/trek-commuter-pro-rt\\\/#breadcrumb\",\"itemListElement\":[{\"@type\":\"ListItem\",\"position\":1,\"name\":\"Home\",\"item\":\"https:\\\/\\\/www.dumoulinbicyclettes.com\\\/en\\\/\"},{\"@type\":\"ListItem\",\"position\":2,\"name\":\"Shop\",\"item\":\"https:\\\/\\\/www.dumoulinbicyclettes.com\\\/en\\\/shop\\\/\"},{\"@type\":\"ListItem\",\"position\":3,\"name\":\"Lumi\u00e8re de v\u00e9lo Trek Commuter Pro RT\"}]},{\"@type\":\"WebSite\",\"@id\":\"https:\\\/\\\/www.dumoulinbicyclettes.com\\\/#website\",\"url\":\"https:\\\/\\\/www.dumoulinbicyclettes.com\\\/\",\"name\":\"Dumoulin Bicyclettes\",\"description\":\"\",\"publisher\":{\"@id\":\"https:\\\/\\\/www.dumoulinbicyclettes.com\\\/#organization\"},\"potentialAction\":[{\"@type\":\"SearchAction\",\"target\":{\"@type\":\"EntryPoint\",\"urlTemplate\":\"https:\\\/\\\/www.dumoulinbicyclettes.com\\\/?s={search_term_string}\"},\"query-input\":{\"@type\":\"PropertyValueSpecification\",\"valueRequired\":true,\"valueName\":\"search_term_string\"}}],\"inLanguage\":\"en-US\"},{\"@type\":\"Organization\",\"@id\":\"https:\\\/\\\/www.dumoulinbicyclettes.com\\\/#organization\",\"name\":\"Dumoulin Bicyclettes\",\"url\":\"https:\\\/\\\/www.dumoulinbicyclettes.com\\\/\",\"logo\":{\"@type\":\"ImageObject\",\"inLanguage\":\"en-US\",\"@id\":\"https:\\\/\\\/www.dumoulinbicyclettes.com\\\/#\\\/schema\\\/logo\\\/image\\\/\",\"url\":\"https:\\\/\\\/www.dumoulinbicyclettes.com\\\/wp-content\\\/uploads\\\/2021\\\/04\\\/Logo.svg\",\"contentUrl\":\"https:\\\/\\\/www.dumoulinbicyclettes.com\\\/wp-content\\\/uploads\\\/2021\\\/04\\\/Logo.svg\",\"width\":254,\"height\":86,\"caption\":\"Dumoulin Bicyclettes\"},\"image\":{\"@id\":\"https:\\\/\\\/www.dumoulinbicyclettes.com\\\/#\\\/schema\\\/logo\\\/image\\\/\"},\"sameAs\":[\"https:\\\/\\\/www.facebook.com\\\/dumoulinbicyclettes\",\"https:\\\/\\\/www.instagram.com\\\/dumoulin.ca\\\/\",\"https:\\\/\\\/www.youtube.com\\\/user\\\/dumoulinbicyclettes\"]}]}<\/script>\n<!-- \/ Yoast SEO plugin. -->","yoast_head_json":{"title":"Lumi\u00e8re de v\u00e9lo Trek Commuter Pro RT - Dumoulin Bicyclettes","description":"La lumi\u00e8re de v\u00e9lo Trek Commuter PRO RT, c'est le maximum de s\u00e9curit\u00e9 et de visibilit\u00e9 pour vos d\u00e9placements quotidiens et vos aventures nocturnes.","robots":{"index":"index","follow":"follow","max-snippet":"max-snippet:-1","max-image-preview":"max-image-preview:large","max-video-preview":"max-video-preview:-1"},"canonical":"https:\/\/www.dumoulinbicyclettes.com\/produit\/trek-commuter-pro-rt\/","og_locale":"en_US","og_type":"article","og_title":"Lumi\u00e8re de v\u00e9lo Trek Commuter Pro RT - Dumoulin Bicyclettes","og_description":"La lumi\u00e8re de v\u00e9lo Trek Commuter PRO RT, c'est le maximum de s\u00e9curit\u00e9 et de visibilit\u00e9 pour vos d\u00e9placements quotidiens et vos aventures nocturnes.","og_url":"https:\/\/www.dumoulinbicyclettes.com\/produit\/trek-commuter-pro-rt\/","og_site_name":"Dumoulin Bicyclettes","article_publisher":"https:\/\/www.facebook.com\/dumoulinbicyclettes","article_modified_time":"2025-09-29T23:16:24+00:00","og_image":[{"width":1920,"height":1440,"url":"https:\/\/www.dumoulinbicyclettes.com\/wp-content\/uploads\/2022\/11\/TrekLightCommuterProRT_34037_A_Primary.png","type":"image\/png"}],"twitter_card":"summary_large_image","schema":{"@context":"https:\/\/schema.org","@graph":[{"@type":"WebPage","@id":"https:\/\/www.dumoulinbicyclettes.com\/produit\/trek-commuter-pro-rt\/","url":"https:\/\/www.dumoulinbicyclettes.com\/produit\/trek-commuter-pro-rt\/","name":"Lumi\u00e8re de v\u00e9lo Trek Commuter Pro RT - Dumoulin Bicyclettes","isPartOf":{"@id":"https:\/\/www.dumoulinbicyclettes.com\/#website"},"primaryImageOfPage":{"@id":"https:\/\/www.dumoulinbicyclettes.com\/produit\/trek-commuter-pro-rt\/#primaryimage"},"image":{"@id":"https:\/\/www.dumoulinbicyclettes.com\/produit\/trek-commuter-pro-rt\/#primaryimage"},"thumbnailUrl":"https:\/\/www.dumoulinbicyclettes.com\/wp-content\/uploads\/2022\/11\/TrekLightCommuterProRT_34037_A_Primary.png","datePublished":"2022-11-05T02:03:20+00:00","dateModified":"2025-09-29T23:16:24+00:00","description":"La lumi\u00e8re de v\u00e9lo Trek Commuter PRO RT, c'est le maximum de s\u00e9curit\u00e9 et de visibilit\u00e9 pour vos d\u00e9placements quotidiens et vos aventures nocturnes.","breadcrumb":{"@id":"https:\/\/www.dumoulinbicyclettes.com\/produit\/trek-commuter-pro-rt\/#breadcrumb"},"inLanguage":"en-US","potentialAction":[{"@type":"ReadAction","target":["https:\/\/www.dumoulinbicyclettes.com\/produit\/trek-commuter-pro-rt\/"]}]},{"@type":"ImageObject","inLanguage":"en-US","@id":"https:\/\/www.dumoulinbicyclettes.com\/produit\/trek-commuter-pro-rt\/#primaryimage","url":"https:\/\/www.dumoulinbicyclettes.com\/wp-content\/uploads\/2022\/11\/TrekLightCommuterProRT_34037_A_Primary.png","contentUrl":"https:\/\/www.dumoulinbicyclettes.com\/wp-content\/uploads\/2022\/11\/TrekLightCommuterProRT_34037_A_Primary.png","width":1920,"height":1440,"caption":"Trek Commuter Pro RT"},{"@type":"BreadcrumbList","@id":"https:\/\/www.dumoulinbicyclettes.com\/produit\/trek-commuter-pro-rt\/#breadcrumb","itemListElement":[{"@type":"ListItem","position":1,"name":"Home","item":"https:\/\/www.dumoulinbicyclettes.com\/en\/"},{"@type":"ListItem","position":2,"name":"Shop","item":"https:\/\/www.dumoulinbicyclettes.com\/en\/shop\/"},{"@type":"ListItem","position":3,"name":"Lumi\u00e8re de v\u00e9lo Trek Commuter Pro RT"}]},{"@type":"WebSite","@id":"https:\/\/www.dumoulinbicyclettes.com\/#website","url":"https:\/\/www.dumoulinbicyclettes.com\/","name":"Dumoulin Bicyclettes","description":"","publisher":{"@id":"https:\/\/www.dumoulinbicyclettes.com\/#organization"},"potentialAction":[{"@type":"SearchAction","target":{"@type":"EntryPoint","urlTemplate":"https:\/\/www.dumoulinbicyclettes.com\/?s={search_term_string}"},"query-input":{"@type":"PropertyValueSpecification","valueRequired":true,"valueName":"search_term_string"}}],"inLanguage":"en-US"},{"@type":"Organization","@id":"https:\/\/www.dumoulinbicyclettes.com\/#organization","name":"Dumoulin Bicyclettes","url":"https:\/\/www.dumoulinbicyclettes.com\/","logo":{"@type":"ImageObject","inLanguage":"en-US","@id":"https:\/\/www.dumoulinbicyclettes.com\/#\/schema\/logo\/image\/","url":"https:\/\/www.dumoulinbicyclettes.com\/wp-content\/uploads\/2021\/04\/Logo.svg","contentUrl":"https:\/\/www.dumoulinbicyclettes.com\/wp-content\/uploads\/2021\/04\/Logo.svg","width":254,"height":86,"caption":"Dumoulin Bicyclettes"},"image":{"@id":"https:\/\/www.dumoulinbicyclettes.com\/#\/schema\/logo\/image\/"},"sameAs":["https:\/\/www.facebook.com\/dumoulinbicyclettes","https:\/\/www.instagram.com\/dumoulin.ca\/","https:\/\/www.youtube.com\/user\/dumoulinbicyclettes"]}]}},"_links":{"self":[{"href":"https:\/\/www.dumoulinbicyclettes.com\/en\/wp-json\/wp\/v2\/product\/175896","targetHints":{"allow":["GET"]}}],"collection":[{"href":"https:\/\/www.dumoulinbicyclettes.com\/en\/wp-json\/wp\/v2\/product"}],"about":[{"href":"https:\/\/www.dumoulinbicyclettes.com\/en\/wp-json\/wp\/v2\/types\/product"}],"wp:featuredmedia":[{"embeddable":true,"href":"https:\/\/www.dumoulinbicyclettes.com\/en\/wp-json\/wp\/v2\/media\/175905"}],"wp:attachment":[{"href":"https:\/\/www.dumoulinbicyclettes.com\/en\/wp-json\/wp\/v2\/media?parent=175896"}],"wp:term":[{"taxonomy":"product_brand","embeddable":true,"href":"https:\/\/www.dumoulinbicyclettes.com\/en\/wp-json\/wp\/v2\/product_brand?post=175896"},{"taxonomy":"product_cat","embeddable":true,"href":"https:\/\/www.dumoulinbicyclettes.com\/en\/wp-json\/wp\/v2\/product_cat?post=175896"},{"taxonomy":"product_tag","embeddable":true,"href":"https:\/\/www.dumoulinbicyclettes.com\/en\/wp-json\/wp\/v2\/product_tag?post=175896"},{"taxonomy":"marque-produit","embeddable":true,"href":"https:\/\/www.dumoulinbicyclettes.com\/en\/wp-json\/wp\/v2\/marque-produit?post=175896"},{"taxonomy":"collection-produit","embeddable":true,"href":"https:\/\/www.dumoulinbicyclettes.com\/en\/wp-json\/wp\/v2\/collection-produit?post=175896"},{"taxonomy":"type-surface-produit","embeddable":true,"href":"https:\/\/www.dumoulinbicyclettes.com\/en\/wp-json\/wp\/v2\/type-surface-produit?post=175896"},{"taxonomy":"type-velo-produit","embeddable":true,"href":"https:\/\/www.dumoulinbicyclettes.com\/en\/wp-json\/wp\/v2\/type-velo-produit?post=175896"},{"taxonomy":"vetement-produit","embeddable":true,"href":"https:\/\/www.dumoulinbicyclettes.com\/en\/wp-json\/wp\/v2\/vetement-produit?post=175896"},{"taxonomy":"thematique-produit","embeddable":true,"href":"https:\/\/www.dumoulinbicyclettes.com\/en\/wp-json\/wp\/v2\/thematique-produit?post=175896"},{"taxonomy":"position-sur-le-v\u00e9lo","embeddable":true,"href":"https:\/\/www.dumoulinbicyclettes.com\/en\/wp-json\/wp\/v2\/position-sur-le-v\u00e9lo?post=175896"}],"curies":[{"name":"wp","href":"https:\/\/api.w.org\/{rel}","templated":true}]}}