{"id":179056,"date":"2022-11-11T14:03:34","date_gmt":"2022-11-11T19:03:34","guid":{"rendered":"http:\/\/www.dumoulinbicyclettes.com\/?post_type=product&#038;p=179056"},"modified":"2025-09-29T19:17:12","modified_gmt":"2025-09-29T23:17:12","slug":"brosse-park-tool-gsc-4","status":"publish","type":"product","link":"https:\/\/www.dumoulinbicyclettes.com\/en\/product\/brosse-park-tool-gsc-4\/","title":{"rendered":"Brosse Park Tool GSC-4"},"content":{"rendered":"<p>Prenez soin de votre <a href=\"https:\/\/www.dumoulinbicyclettes.com\/le-mot-du-jour-transmission\/\" target=\"_blank\">transmission<\/a> avec les bons outils : cela facilite le travail.<\/p>\n<p>La brosse Park Tool GSC-4 est robuste et con\u00e7ue pour aller travailler sur les cassettes (pignons) et les parties difficiles \u00e0 atteindre de votre transmission. Pour de l&#8217;entretien de surface, afin de minimiser l&#8217;usure et d&#8217;augmenter votre agr\u00e9ment !<\/p>\n<p>Outils professionnels pour m\u00e9canos amateurs!<\/p>\n","protected":false},"excerpt":{"rendered":"<p>Prenez soin de votre transmission avec les bons outils : cela facilite le travail. La brosse Park Tool GSC-4 est robuste et con\u00e7ue pour aller travailler sur les cassettes (pignons) et les parties difficiles \u00e0 atteindre de votre transmission. Pour de l&#8217;entretien de surface, afin de minimiser l&#8217;usure et d&#8217;augmenter votre agr\u00e9ment ! Outils professionnels [&hellip;]<\/p>\n","protected":false},"featured_media":184511,"template":"","meta":{"_acf_changed":false},"product_brand":[],"product_cat":[237,222],"product_tag":[2316],"marque-produit":[1497],"collection-produit":[2903],"type-surface-produit":[],"type-velo-produit":[],"vetement-produit":[],"thematique-produit":[],"position-sur-le-v\u00e9lo":[],"class_list":{"0":"post-179056","1":"product","2":"type-product","3":"status-publish","4":"has-post-thumbnail","6":"product_cat-lubrifiants-et-nettoyants","7":"product_cat-outils-et-maintenance","8":"product_tag-outils","9":"marque-produit-park-tool","10":"collection-produit-outils-et-entretien","12":"first","13":"instock","14":"taxable","15":"shipping-taxable","16":"purchasable","17":"product-type-simple"},"acf":[],"yoast_head":"<!-- This site is optimized with the Yoast SEO plugin v27.3 - https:\/\/yoast.com\/product\/yoast-seo-wordpress\/ -->\n<title>Brosse Park Tool GSC-4 - Dumoulin Bicyclettes<\/title>\n<meta name=\"description\" content=\"Une brosse robuste pour le nettoyage des v\u00e9los, avec une forme angulaire et profil\u00e9e unique - parfaite pour nettoyer les cassettes et les roues libres ainsi que les pneus. Avec sa poign\u00e9e ergonomique solide et ses poils en nylon rigide, la GSC-4 \u00e9limine les salet\u00e9s les plus tenaces.\" \/>\n<meta name=\"robots\" content=\"index, follow, max-snippet:-1, max-image-preview:large, max-video-preview:-1\" \/>\n<link rel=\"canonical\" href=\"https:\/\/www.dumoulinbicyclettes.com\/produit\/brosse-park-tool-gsc-4\/\" \/>\n<meta property=\"og:locale\" content=\"en_US\" \/>\n<meta property=\"og:type\" content=\"article\" \/>\n<meta property=\"og:title\" content=\"Brosse Park Tool GSC-4 - Dumoulin Bicyclettes\" \/>\n<meta property=\"og:description\" content=\"Une brosse robuste pour le nettoyage des v\u00e9los, avec une forme angulaire et profil\u00e9e unique - parfaite pour nettoyer les cassettes et les roues libres ainsi que les pneus. Avec sa poign\u00e9e ergonomique solide et ses poils en nylon rigide, la GSC-4 \u00e9limine les salet\u00e9s les plus tenaces.\" \/>\n<meta property=\"og:url\" content=\"https:\/\/www.dumoulinbicyclettes.com\/produit\/brosse-park-tool-gsc-4\/\" \/>\n<meta property=\"og:site_name\" content=\"Dumoulin Bicyclettes\" \/>\n<meta property=\"article:publisher\" content=\"https:\/\/www.facebook.com\/dumoulinbicyclettes\" \/>\n<meta property=\"article:modified_time\" content=\"2025-09-29T23:17:12+00:00\" \/>\n<meta property=\"og:image\" content=\"http:\/\/www.dumoulinbicyclettes.com\/wp-content\/uploads\/2022\/11\/capture-decran-2022-11-24-162050.jpg\" \/>\n\t<meta property=\"og:image:width\" content=\"591\" \/>\n\t<meta property=\"og:image:height\" content=\"416\" \/>\n\t<meta property=\"og:image:type\" content=\"image\/jpeg\" \/>\n<meta name=\"twitter:card\" content=\"summary_large_image\" \/>\n<meta name=\"twitter:label1\" content=\"Est. reading time\" \/>\n\t<meta name=\"twitter:data1\" content=\"1 minute\" \/>\n<script type=\"application\/ld+json\" class=\"yoast-schema-graph\">{\"@context\":\"https:\\\/\\\/schema.org\",\"@graph\":[{\"@type\":\"WebPage\",\"@id\":\"https:\\\/\\\/www.dumoulinbicyclettes.com\\\/produit\\\/brosse-park-tool-gsc-4\\\/\",\"url\":\"https:\\\/\\\/www.dumoulinbicyclettes.com\\\/produit\\\/brosse-park-tool-gsc-4\\\/\",\"name\":\"Brosse Park Tool GSC-4 - Dumoulin Bicyclettes\",\"isPartOf\":{\"@id\":\"https:\\\/\\\/www.dumoulinbicyclettes.com\\\/#website\"},\"primaryImageOfPage\":{\"@id\":\"https:\\\/\\\/www.dumoulinbicyclettes.com\\\/produit\\\/brosse-park-tool-gsc-4\\\/#primaryimage\"},\"image\":{\"@id\":\"https:\\\/\\\/www.dumoulinbicyclettes.com\\\/produit\\\/brosse-park-tool-gsc-4\\\/#primaryimage\"},\"thumbnailUrl\":\"https:\\\/\\\/www.dumoulinbicyclettes.com\\\/wp-content\\\/uploads\\\/2022\\\/11\\\/capture-decran-2022-11-24-162050.jpg\",\"datePublished\":\"2022-11-11T19:03:34+00:00\",\"dateModified\":\"2025-09-29T23:17:12+00:00\",\"description\":\"Une brosse robuste pour le nettoyage des v\u00e9los, avec une forme angulaire et profil\u00e9e unique - parfaite pour nettoyer les cassettes et les roues libres ainsi que les pneus. Avec sa poign\u00e9e ergonomique solide et ses poils en nylon rigide, la GSC-4 \u00e9limine les salet\u00e9s les plus tenaces.\",\"breadcrumb\":{\"@id\":\"https:\\\/\\\/www.dumoulinbicyclettes.com\\\/produit\\\/brosse-park-tool-gsc-4\\\/#breadcrumb\"},\"inLanguage\":\"en-US\",\"potentialAction\":[{\"@type\":\"ReadAction\",\"target\":[\"https:\\\/\\\/www.dumoulinbicyclettes.com\\\/produit\\\/brosse-park-tool-gsc-4\\\/\"]}]},{\"@type\":\"ImageObject\",\"inLanguage\":\"en-US\",\"@id\":\"https:\\\/\\\/www.dumoulinbicyclettes.com\\\/produit\\\/brosse-park-tool-gsc-4\\\/#primaryimage\",\"url\":\"https:\\\/\\\/www.dumoulinbicyclettes.com\\\/wp-content\\\/uploads\\\/2022\\\/11\\\/capture-decran-2022-11-24-162050.jpg\",\"contentUrl\":\"https:\\\/\\\/www.dumoulinbicyclettes.com\\\/wp-content\\\/uploads\\\/2022\\\/11\\\/capture-decran-2022-11-24-162050.jpg\",\"width\":591,\"height\":416,\"caption\":\"Brosse a cassettes park tool\"},{\"@type\":\"BreadcrumbList\",\"@id\":\"https:\\\/\\\/www.dumoulinbicyclettes.com\\\/produit\\\/brosse-park-tool-gsc-4\\\/#breadcrumb\",\"itemListElement\":[{\"@type\":\"ListItem\",\"position\":1,\"name\":\"Home\",\"item\":\"https:\\\/\\\/www.dumoulinbicyclettes.com\\\/en\\\/\"},{\"@type\":\"ListItem\",\"position\":2,\"name\":\"Shop\",\"item\":\"https:\\\/\\\/www.dumoulinbicyclettes.com\\\/en\\\/shop\\\/\"},{\"@type\":\"ListItem\",\"position\":3,\"name\":\"Brosse Park Tool GSC-4\"}]},{\"@type\":\"WebSite\",\"@id\":\"https:\\\/\\\/www.dumoulinbicyclettes.com\\\/#website\",\"url\":\"https:\\\/\\\/www.dumoulinbicyclettes.com\\\/\",\"name\":\"Dumoulin Bicyclettes\",\"description\":\"\",\"publisher\":{\"@id\":\"https:\\\/\\\/www.dumoulinbicyclettes.com\\\/#organization\"},\"potentialAction\":[{\"@type\":\"SearchAction\",\"target\":{\"@type\":\"EntryPoint\",\"urlTemplate\":\"https:\\\/\\\/www.dumoulinbicyclettes.com\\\/?s={search_term_string}\"},\"query-input\":{\"@type\":\"PropertyValueSpecification\",\"valueRequired\":true,\"valueName\":\"search_term_string\"}}],\"inLanguage\":\"en-US\"},{\"@type\":\"Organization\",\"@id\":\"https:\\\/\\\/www.dumoulinbicyclettes.com\\\/#organization\",\"name\":\"Dumoulin Bicyclettes\",\"url\":\"https:\\\/\\\/www.dumoulinbicyclettes.com\\\/\",\"logo\":{\"@type\":\"ImageObject\",\"inLanguage\":\"en-US\",\"@id\":\"https:\\\/\\\/www.dumoulinbicyclettes.com\\\/#\\\/schema\\\/logo\\\/image\\\/\",\"url\":\"https:\\\/\\\/www.dumoulinbicyclettes.com\\\/wp-content\\\/uploads\\\/2021\\\/04\\\/Logo.svg\",\"contentUrl\":\"https:\\\/\\\/www.dumoulinbicyclettes.com\\\/wp-content\\\/uploads\\\/2021\\\/04\\\/Logo.svg\",\"width\":254,\"height\":86,\"caption\":\"Dumoulin Bicyclettes\"},\"image\":{\"@id\":\"https:\\\/\\\/www.dumoulinbicyclettes.com\\\/#\\\/schema\\\/logo\\\/image\\\/\"},\"sameAs\":[\"https:\\\/\\\/www.facebook.com\\\/dumoulinbicyclettes\",\"https:\\\/\\\/www.instagram.com\\\/dumoulin.ca\\\/\",\"https:\\\/\\\/www.youtube.com\\\/user\\\/dumoulinbicyclettes\"]}]}<\/script>\n<!-- \/ Yoast SEO plugin. -->","yoast_head_json":{"title":"Brosse Park Tool GSC-4 - Dumoulin Bicyclettes","description":"Une brosse robuste pour le nettoyage des v\u00e9los, avec une forme angulaire et profil\u00e9e unique - parfaite pour nettoyer les cassettes et les roues libres ainsi que les pneus. Avec sa poign\u00e9e ergonomique solide et ses poils en nylon rigide, la GSC-4 \u00e9limine les salet\u00e9s les plus tenaces.","robots":{"index":"index","follow":"follow","max-snippet":"max-snippet:-1","max-image-preview":"max-image-preview:large","max-video-preview":"max-video-preview:-1"},"canonical":"https:\/\/www.dumoulinbicyclettes.com\/produit\/brosse-park-tool-gsc-4\/","og_locale":"en_US","og_type":"article","og_title":"Brosse Park Tool GSC-4 - Dumoulin Bicyclettes","og_description":"Une brosse robuste pour le nettoyage des v\u00e9los, avec une forme angulaire et profil\u00e9e unique - parfaite pour nettoyer les cassettes et les roues libres ainsi que les pneus. Avec sa poign\u00e9e ergonomique solide et ses poils en nylon rigide, la GSC-4 \u00e9limine les salet\u00e9s les plus tenaces.","og_url":"https:\/\/www.dumoulinbicyclettes.com\/produit\/brosse-park-tool-gsc-4\/","og_site_name":"Dumoulin Bicyclettes","article_publisher":"https:\/\/www.facebook.com\/dumoulinbicyclettes","article_modified_time":"2025-09-29T23:17:12+00:00","og_image":[{"width":591,"height":416,"url":"http:\/\/www.dumoulinbicyclettes.com\/wp-content\/uploads\/2022\/11\/capture-decran-2022-11-24-162050.jpg","type":"image\/jpeg"}],"twitter_card":"summary_large_image","twitter_misc":{"Est. reading time":"1 minute"},"schema":{"@context":"https:\/\/schema.org","@graph":[{"@type":"WebPage","@id":"https:\/\/www.dumoulinbicyclettes.com\/produit\/brosse-park-tool-gsc-4\/","url":"https:\/\/www.dumoulinbicyclettes.com\/produit\/brosse-park-tool-gsc-4\/","name":"Brosse Park Tool GSC-4 - Dumoulin Bicyclettes","isPartOf":{"@id":"https:\/\/www.dumoulinbicyclettes.com\/#website"},"primaryImageOfPage":{"@id":"https:\/\/www.dumoulinbicyclettes.com\/produit\/brosse-park-tool-gsc-4\/#primaryimage"},"image":{"@id":"https:\/\/www.dumoulinbicyclettes.com\/produit\/brosse-park-tool-gsc-4\/#primaryimage"},"thumbnailUrl":"https:\/\/www.dumoulinbicyclettes.com\/wp-content\/uploads\/2022\/11\/capture-decran-2022-11-24-162050.jpg","datePublished":"2022-11-11T19:03:34+00:00","dateModified":"2025-09-29T23:17:12+00:00","description":"Une brosse robuste pour le nettoyage des v\u00e9los, avec une forme angulaire et profil\u00e9e unique - parfaite pour nettoyer les cassettes et les roues libres ainsi que les pneus. Avec sa poign\u00e9e ergonomique solide et ses poils en nylon rigide, la GSC-4 \u00e9limine les salet\u00e9s les plus tenaces.","breadcrumb":{"@id":"https:\/\/www.dumoulinbicyclettes.com\/produit\/brosse-park-tool-gsc-4\/#breadcrumb"},"inLanguage":"en-US","potentialAction":[{"@type":"ReadAction","target":["https:\/\/www.dumoulinbicyclettes.com\/produit\/brosse-park-tool-gsc-4\/"]}]},{"@type":"ImageObject","inLanguage":"en-US","@id":"https:\/\/www.dumoulinbicyclettes.com\/produit\/brosse-park-tool-gsc-4\/#primaryimage","url":"https:\/\/www.dumoulinbicyclettes.com\/wp-content\/uploads\/2022\/11\/capture-decran-2022-11-24-162050.jpg","contentUrl":"https:\/\/www.dumoulinbicyclettes.com\/wp-content\/uploads\/2022\/11\/capture-decran-2022-11-24-162050.jpg","width":591,"height":416,"caption":"Brosse a cassettes park tool"},{"@type":"BreadcrumbList","@id":"https:\/\/www.dumoulinbicyclettes.com\/produit\/brosse-park-tool-gsc-4\/#breadcrumb","itemListElement":[{"@type":"ListItem","position":1,"name":"Home","item":"https:\/\/www.dumoulinbicyclettes.com\/en\/"},{"@type":"ListItem","position":2,"name":"Shop","item":"https:\/\/www.dumoulinbicyclettes.com\/en\/shop\/"},{"@type":"ListItem","position":3,"name":"Brosse Park Tool GSC-4"}]},{"@type":"WebSite","@id":"https:\/\/www.dumoulinbicyclettes.com\/#website","url":"https:\/\/www.dumoulinbicyclettes.com\/","name":"Dumoulin Bicyclettes","description":"","publisher":{"@id":"https:\/\/www.dumoulinbicyclettes.com\/#organization"},"potentialAction":[{"@type":"SearchAction","target":{"@type":"EntryPoint","urlTemplate":"https:\/\/www.dumoulinbicyclettes.com\/?s={search_term_string}"},"query-input":{"@type":"PropertyValueSpecification","valueRequired":true,"valueName":"search_term_string"}}],"inLanguage":"en-US"},{"@type":"Organization","@id":"https:\/\/www.dumoulinbicyclettes.com\/#organization","name":"Dumoulin Bicyclettes","url":"https:\/\/www.dumoulinbicyclettes.com\/","logo":{"@type":"ImageObject","inLanguage":"en-US","@id":"https:\/\/www.dumoulinbicyclettes.com\/#\/schema\/logo\/image\/","url":"https:\/\/www.dumoulinbicyclettes.com\/wp-content\/uploads\/2021\/04\/Logo.svg","contentUrl":"https:\/\/www.dumoulinbicyclettes.com\/wp-content\/uploads\/2021\/04\/Logo.svg","width":254,"height":86,"caption":"Dumoulin Bicyclettes"},"image":{"@id":"https:\/\/www.dumoulinbicyclettes.com\/#\/schema\/logo\/image\/"},"sameAs":["https:\/\/www.facebook.com\/dumoulinbicyclettes","https:\/\/www.instagram.com\/dumoulin.ca\/","https:\/\/www.youtube.com\/user\/dumoulinbicyclettes"]}]}},"_links":{"self":[{"href":"https:\/\/www.dumoulinbicyclettes.com\/en\/wp-json\/wp\/v2\/product\/179056","targetHints":{"allow":["GET"]}}],"collection":[{"href":"https:\/\/www.dumoulinbicyclettes.com\/en\/wp-json\/wp\/v2\/product"}],"about":[{"href":"https:\/\/www.dumoulinbicyclettes.com\/en\/wp-json\/wp\/v2\/types\/product"}],"wp:featuredmedia":[{"embeddable":true,"href":"https:\/\/www.dumoulinbicyclettes.com\/en\/wp-json\/wp\/v2\/media\/184511"}],"wp:attachment":[{"href":"https:\/\/www.dumoulinbicyclettes.com\/en\/wp-json\/wp\/v2\/media?parent=179056"}],"wp:term":[{"taxonomy":"product_brand","embeddable":true,"href":"https:\/\/www.dumoulinbicyclettes.com\/en\/wp-json\/wp\/v2\/product_brand?post=179056"},{"taxonomy":"product_cat","embeddable":true,"href":"https:\/\/www.dumoulinbicyclettes.com\/en\/wp-json\/wp\/v2\/product_cat?post=179056"},{"taxonomy":"product_tag","embeddable":true,"href":"https:\/\/www.dumoulinbicyclettes.com\/en\/wp-json\/wp\/v2\/product_tag?post=179056"},{"taxonomy":"marque-produit","embeddable":true,"href":"https:\/\/www.dumoulinbicyclettes.com\/en\/wp-json\/wp\/v2\/marque-produit?post=179056"},{"taxonomy":"collection-produit","embeddable":true,"href":"https:\/\/www.dumoulinbicyclettes.com\/en\/wp-json\/wp\/v2\/collection-produit?post=179056"},{"taxonomy":"type-surface-produit","embeddable":true,"href":"https:\/\/www.dumoulinbicyclettes.com\/en\/wp-json\/wp\/v2\/type-surface-produit?post=179056"},{"taxonomy":"type-velo-produit","embeddable":true,"href":"https:\/\/www.dumoulinbicyclettes.com\/en\/wp-json\/wp\/v2\/type-velo-produit?post=179056"},{"taxonomy":"vetement-produit","embeddable":true,"href":"https:\/\/www.dumoulinbicyclettes.com\/en\/wp-json\/wp\/v2\/vetement-produit?post=179056"},{"taxonomy":"thematique-produit","embeddable":true,"href":"https:\/\/www.dumoulinbicyclettes.com\/en\/wp-json\/wp\/v2\/thematique-produit?post=179056"},{"taxonomy":"position-sur-le-v\u00e9lo","embeddable":true,"href":"https:\/\/www.dumoulinbicyclettes.com\/en\/wp-json\/wp\/v2\/position-sur-le-v\u00e9lo?post=179056"}],"curies":[{"name":"wp","href":"https:\/\/api.w.org\/{rel}","templated":true}]}}