{"id":179826,"date":"2022-11-12T21:03:17","date_gmt":"2022-11-13T02:03:17","guid":{"rendered":"http:\/\/www.dumoulinbicyclettes.com\/?post_type=product&#038;p=179826"},"modified":"2025-11-25T13:00:31","modified_gmt":"2025-11-25T18:00:31","slug":"nettoyeur-de-chaine-park-tool-cm-5-3","status":"publish","type":"product","link":"https:\/\/www.dumoulinbicyclettes.com\/en\/product\/nettoyeur-de-chaine-park-tool-cm-5-3\/","title":{"rendered":"Nettoyeur \u00e0 chaine Park Tool CM-5.3"},"content":{"rendered":"<p>Utilisez ce nettoyeur \u00e0 chaine pour entretenir votre transmission. Le nettoyeur Park Tool CM-5.3 est efficace et devient rapidement l&#8217;ami des m\u00e9canos amateurs ou des cyclistes enthousiastes : en quelques tours, il nettoie votre chaine et la d\u00e9barrasse du <a href=\"https:\/\/www.dumoulinbicyclettes.com\/le-mot-du-jour-cambouis\/\" rel=\"noopener\" target=\"_blank\">cambouis<\/a>, de la boue ou de tout autre r\u00e9sidu issu de la route.<\/p>\n<p>Nous recommandons le d\u00e9graisseur Citrocycle en compl\u00e9ment de cet outil et bien entendu, de l&#8217;huile \u00e0 chaine de v\u00e9lo pour lubrifier apr\u00e8s le s\u00e9chage.<\/p>\n","protected":false},"excerpt":{"rendered":"<p>Utilisez ce nettoyeur \u00e0 chaine pour entretenir votre transmission. Le nettoyeur Park Tool CM-5.3 est efficace et devient rapidement l&#8217;ami des m\u00e9canos amateurs ou des cyclistes enthousiastes : en quelques tours, il nettoie votre chaine et la d\u00e9barrasse du cambouis, de la boue ou de tout autre r\u00e9sidu issu de la route. Nous recommandons le [&hellip;]<\/p>\n","protected":false},"featured_media":179827,"template":"","meta":{"_acf_changed":false},"product_brand":[],"product_cat":[237],"product_tag":[2916,2316,2389],"marque-produit":[1497],"collection-produit":[2903],"type-surface-produit":[],"type-velo-produit":[],"vetement-produit":[],"thematique-produit":[],"position-sur-le-v\u00e9lo":[],"class_list":{"0":"post-179826","1":"product","2":"type-product","3":"status-publish","4":"has-post-thumbnail","6":"product_cat-lubrifiants-et-nettoyants","7":"product_tag-cm-5-3","8":"product_tag-outils","9":"product_tag-park-tool","10":"marque-produit-park-tool","11":"collection-produit-outils-et-entretien","13":"first","14":"instock","15":"taxable","16":"shipping-taxable","17":"purchasable","18":"product-type-simple"},"acf":[],"yoast_head":"<!-- This site is optimized with the Yoast SEO plugin v27.3 - https:\/\/yoast.com\/product\/yoast-seo-wordpress\/ -->\n<title>Nettoyeur \u00e0 chaine Park Tool CM-5.3 - Dumoulin Bicyclettes<\/title>\n<meta name=\"description\" content=\"Le nettoyeur \u00e0 chaine Park Tool CM-5.3 nettoie rapidement votre chaine de v\u00e9lo. Pour les cyclistes enthousiastes ou les apprentis m\u00e9canos.\" \/>\n<meta name=\"robots\" content=\"index, follow, max-snippet:-1, max-image-preview:large, max-video-preview:-1\" \/>\n<link rel=\"canonical\" href=\"https:\/\/www.dumoulinbicyclettes.com\/produit\/nettoyeur-de-chaine-park-tool-cm-5-3\/\" \/>\n<meta property=\"og:locale\" content=\"en_US\" \/>\n<meta property=\"og:type\" content=\"article\" \/>\n<meta property=\"og:title\" content=\"Nettoyeur \u00e0 chaine Park Tool CM-5.3 - Dumoulin Bicyclettes\" \/>\n<meta property=\"og:description\" content=\"Le nettoyeur \u00e0 chaine Park Tool CM-5.3 nettoie rapidement votre chaine de v\u00e9lo. Pour les cyclistes enthousiastes ou les apprentis m\u00e9canos.\" \/>\n<meta property=\"og:url\" content=\"https:\/\/www.dumoulinbicyclettes.com\/produit\/nettoyeur-de-chaine-park-tool-cm-5-3\/\" \/>\n<meta property=\"og:site_name\" content=\"Dumoulin Bicyclettes\" \/>\n<meta property=\"article:publisher\" content=\"https:\/\/www.facebook.com\/dumoulinbicyclettes\" \/>\n<meta property=\"article:modified_time\" content=\"2025-11-25T18:00:31+00:00\" \/>\n<meta property=\"og:image\" content=\"https:\/\/www.dumoulinbicyclettes.com\/wp-content\/uploads\/2022\/11\/Park-Tool_CM-5-nettoyeur-chaine.jpg\" \/>\n\t<meta property=\"og:image:width\" content=\"900\" \/>\n\t<meta property=\"og:image:height\" content=\"900\" \/>\n\t<meta property=\"og:image:type\" content=\"image\/jpeg\" \/>\n<meta name=\"twitter:card\" content=\"summary_large_image\" \/>\n<script type=\"application\/ld+json\" class=\"yoast-schema-graph\">{\"@context\":\"https:\\\/\\\/schema.org\",\"@graph\":[{\"@type\":\"WebPage\",\"@id\":\"https:\\\/\\\/www.dumoulinbicyclettes.com\\\/produit\\\/nettoyeur-de-chaine-park-tool-cm-5-3\\\/\",\"url\":\"https:\\\/\\\/www.dumoulinbicyclettes.com\\\/produit\\\/nettoyeur-de-chaine-park-tool-cm-5-3\\\/\",\"name\":\"Nettoyeur \u00e0 chaine Park Tool CM-5.3 - Dumoulin Bicyclettes\",\"isPartOf\":{\"@id\":\"https:\\\/\\\/www.dumoulinbicyclettes.com\\\/#website\"},\"primaryImageOfPage\":{\"@id\":\"https:\\\/\\\/www.dumoulinbicyclettes.com\\\/produit\\\/nettoyeur-de-chaine-park-tool-cm-5-3\\\/#primaryimage\"},\"image\":{\"@id\":\"https:\\\/\\\/www.dumoulinbicyclettes.com\\\/produit\\\/nettoyeur-de-chaine-park-tool-cm-5-3\\\/#primaryimage\"},\"thumbnailUrl\":\"https:\\\/\\\/www.dumoulinbicyclettes.com\\\/wp-content\\\/uploads\\\/2022\\\/11\\\/Park-Tool_CM-5-nettoyeur-chaine.jpg\",\"datePublished\":\"2022-11-13T02:03:17+00:00\",\"dateModified\":\"2025-11-25T18:00:31+00:00\",\"description\":\"Le nettoyeur \u00e0 chaine Park Tool CM-5.3 nettoie rapidement votre chaine de v\u00e9lo. Pour les cyclistes enthousiastes ou les apprentis m\u00e9canos.\",\"breadcrumb\":{\"@id\":\"https:\\\/\\\/www.dumoulinbicyclettes.com\\\/produit\\\/nettoyeur-de-chaine-park-tool-cm-5-3\\\/#breadcrumb\"},\"inLanguage\":\"en-US\",\"potentialAction\":[{\"@type\":\"ReadAction\",\"target\":[\"https:\\\/\\\/www.dumoulinbicyclettes.com\\\/produit\\\/nettoyeur-de-chaine-park-tool-cm-5-3\\\/\"]}]},{\"@type\":\"ImageObject\",\"inLanguage\":\"en-US\",\"@id\":\"https:\\\/\\\/www.dumoulinbicyclettes.com\\\/produit\\\/nettoyeur-de-chaine-park-tool-cm-5-3\\\/#primaryimage\",\"url\":\"https:\\\/\\\/www.dumoulinbicyclettes.com\\\/wp-content\\\/uploads\\\/2022\\\/11\\\/Park-Tool_CM-5-nettoyeur-chaine.jpg\",\"contentUrl\":\"https:\\\/\\\/www.dumoulinbicyclettes.com\\\/wp-content\\\/uploads\\\/2022\\\/11\\\/Park-Tool_CM-5-nettoyeur-chaine.jpg\",\"width\":900,\"height\":900,\"caption\":\"nettoyeur-chaine-park-tool-cm-5.3\"},{\"@type\":\"BreadcrumbList\",\"@id\":\"https:\\\/\\\/www.dumoulinbicyclettes.com\\\/produit\\\/nettoyeur-de-chaine-park-tool-cm-5-3\\\/#breadcrumb\",\"itemListElement\":[{\"@type\":\"ListItem\",\"position\":1,\"name\":\"Home\",\"item\":\"https:\\\/\\\/www.dumoulinbicyclettes.com\\\/en\\\/\"},{\"@type\":\"ListItem\",\"position\":2,\"name\":\"Shop\",\"item\":\"https:\\\/\\\/www.dumoulinbicyclettes.com\\\/en\\\/shop\\\/\"},{\"@type\":\"ListItem\",\"position\":3,\"name\":\"Nettoyeur \u00e0 chaine Park Tool CM-5.3\"}]},{\"@type\":\"WebSite\",\"@id\":\"https:\\\/\\\/www.dumoulinbicyclettes.com\\\/#website\",\"url\":\"https:\\\/\\\/www.dumoulinbicyclettes.com\\\/\",\"name\":\"Dumoulin Bicyclettes\",\"description\":\"\",\"publisher\":{\"@id\":\"https:\\\/\\\/www.dumoulinbicyclettes.com\\\/#organization\"},\"potentialAction\":[{\"@type\":\"SearchAction\",\"target\":{\"@type\":\"EntryPoint\",\"urlTemplate\":\"https:\\\/\\\/www.dumoulinbicyclettes.com\\\/?s={search_term_string}\"},\"query-input\":{\"@type\":\"PropertyValueSpecification\",\"valueRequired\":true,\"valueName\":\"search_term_string\"}}],\"inLanguage\":\"en-US\"},{\"@type\":\"Organization\",\"@id\":\"https:\\\/\\\/www.dumoulinbicyclettes.com\\\/#organization\",\"name\":\"Dumoulin Bicyclettes\",\"url\":\"https:\\\/\\\/www.dumoulinbicyclettes.com\\\/\",\"logo\":{\"@type\":\"ImageObject\",\"inLanguage\":\"en-US\",\"@id\":\"https:\\\/\\\/www.dumoulinbicyclettes.com\\\/#\\\/schema\\\/logo\\\/image\\\/\",\"url\":\"https:\\\/\\\/www.dumoulinbicyclettes.com\\\/wp-content\\\/uploads\\\/2021\\\/04\\\/Logo.svg\",\"contentUrl\":\"https:\\\/\\\/www.dumoulinbicyclettes.com\\\/wp-content\\\/uploads\\\/2021\\\/04\\\/Logo.svg\",\"width\":254,\"height\":86,\"caption\":\"Dumoulin Bicyclettes\"},\"image\":{\"@id\":\"https:\\\/\\\/www.dumoulinbicyclettes.com\\\/#\\\/schema\\\/logo\\\/image\\\/\"},\"sameAs\":[\"https:\\\/\\\/www.facebook.com\\\/dumoulinbicyclettes\",\"https:\\\/\\\/www.instagram.com\\\/dumoulin.ca\\\/\",\"https:\\\/\\\/www.youtube.com\\\/user\\\/dumoulinbicyclettes\"]}]}<\/script>\n<!-- \/ Yoast SEO plugin. -->","yoast_head_json":{"title":"Nettoyeur \u00e0 chaine Park Tool CM-5.3 - Dumoulin Bicyclettes","description":"Le nettoyeur \u00e0 chaine Park Tool CM-5.3 nettoie rapidement votre chaine de v\u00e9lo. Pour les cyclistes enthousiastes ou les apprentis m\u00e9canos.","robots":{"index":"index","follow":"follow","max-snippet":"max-snippet:-1","max-image-preview":"max-image-preview:large","max-video-preview":"max-video-preview:-1"},"canonical":"https:\/\/www.dumoulinbicyclettes.com\/produit\/nettoyeur-de-chaine-park-tool-cm-5-3\/","og_locale":"en_US","og_type":"article","og_title":"Nettoyeur \u00e0 chaine Park Tool CM-5.3 - Dumoulin Bicyclettes","og_description":"Le nettoyeur \u00e0 chaine Park Tool CM-5.3 nettoie rapidement votre chaine de v\u00e9lo. Pour les cyclistes enthousiastes ou les apprentis m\u00e9canos.","og_url":"https:\/\/www.dumoulinbicyclettes.com\/produit\/nettoyeur-de-chaine-park-tool-cm-5-3\/","og_site_name":"Dumoulin Bicyclettes","article_publisher":"https:\/\/www.facebook.com\/dumoulinbicyclettes","article_modified_time":"2025-11-25T18:00:31+00:00","og_image":[{"width":900,"height":900,"url":"https:\/\/www.dumoulinbicyclettes.com\/wp-content\/uploads\/2022\/11\/Park-Tool_CM-5-nettoyeur-chaine.jpg","type":"image\/jpeg"}],"twitter_card":"summary_large_image","schema":{"@context":"https:\/\/schema.org","@graph":[{"@type":"WebPage","@id":"https:\/\/www.dumoulinbicyclettes.com\/produit\/nettoyeur-de-chaine-park-tool-cm-5-3\/","url":"https:\/\/www.dumoulinbicyclettes.com\/produit\/nettoyeur-de-chaine-park-tool-cm-5-3\/","name":"Nettoyeur \u00e0 chaine Park Tool CM-5.3 - Dumoulin Bicyclettes","isPartOf":{"@id":"https:\/\/www.dumoulinbicyclettes.com\/#website"},"primaryImageOfPage":{"@id":"https:\/\/www.dumoulinbicyclettes.com\/produit\/nettoyeur-de-chaine-park-tool-cm-5-3\/#primaryimage"},"image":{"@id":"https:\/\/www.dumoulinbicyclettes.com\/produit\/nettoyeur-de-chaine-park-tool-cm-5-3\/#primaryimage"},"thumbnailUrl":"https:\/\/www.dumoulinbicyclettes.com\/wp-content\/uploads\/2022\/11\/Park-Tool_CM-5-nettoyeur-chaine.jpg","datePublished":"2022-11-13T02:03:17+00:00","dateModified":"2025-11-25T18:00:31+00:00","description":"Le nettoyeur \u00e0 chaine Park Tool CM-5.3 nettoie rapidement votre chaine de v\u00e9lo. Pour les cyclistes enthousiastes ou les apprentis m\u00e9canos.","breadcrumb":{"@id":"https:\/\/www.dumoulinbicyclettes.com\/produit\/nettoyeur-de-chaine-park-tool-cm-5-3\/#breadcrumb"},"inLanguage":"en-US","potentialAction":[{"@type":"ReadAction","target":["https:\/\/www.dumoulinbicyclettes.com\/produit\/nettoyeur-de-chaine-park-tool-cm-5-3\/"]}]},{"@type":"ImageObject","inLanguage":"en-US","@id":"https:\/\/www.dumoulinbicyclettes.com\/produit\/nettoyeur-de-chaine-park-tool-cm-5-3\/#primaryimage","url":"https:\/\/www.dumoulinbicyclettes.com\/wp-content\/uploads\/2022\/11\/Park-Tool_CM-5-nettoyeur-chaine.jpg","contentUrl":"https:\/\/www.dumoulinbicyclettes.com\/wp-content\/uploads\/2022\/11\/Park-Tool_CM-5-nettoyeur-chaine.jpg","width":900,"height":900,"caption":"nettoyeur-chaine-park-tool-cm-5.3"},{"@type":"BreadcrumbList","@id":"https:\/\/www.dumoulinbicyclettes.com\/produit\/nettoyeur-de-chaine-park-tool-cm-5-3\/#breadcrumb","itemListElement":[{"@type":"ListItem","position":1,"name":"Home","item":"https:\/\/www.dumoulinbicyclettes.com\/en\/"},{"@type":"ListItem","position":2,"name":"Shop","item":"https:\/\/www.dumoulinbicyclettes.com\/en\/shop\/"},{"@type":"ListItem","position":3,"name":"Nettoyeur \u00e0 chaine Park Tool CM-5.3"}]},{"@type":"WebSite","@id":"https:\/\/www.dumoulinbicyclettes.com\/#website","url":"https:\/\/www.dumoulinbicyclettes.com\/","name":"Dumoulin Bicyclettes","description":"","publisher":{"@id":"https:\/\/www.dumoulinbicyclettes.com\/#organization"},"potentialAction":[{"@type":"SearchAction","target":{"@type":"EntryPoint","urlTemplate":"https:\/\/www.dumoulinbicyclettes.com\/?s={search_term_string}"},"query-input":{"@type":"PropertyValueSpecification","valueRequired":true,"valueName":"search_term_string"}}],"inLanguage":"en-US"},{"@type":"Organization","@id":"https:\/\/www.dumoulinbicyclettes.com\/#organization","name":"Dumoulin Bicyclettes","url":"https:\/\/www.dumoulinbicyclettes.com\/","logo":{"@type":"ImageObject","inLanguage":"en-US","@id":"https:\/\/www.dumoulinbicyclettes.com\/#\/schema\/logo\/image\/","url":"https:\/\/www.dumoulinbicyclettes.com\/wp-content\/uploads\/2021\/04\/Logo.svg","contentUrl":"https:\/\/www.dumoulinbicyclettes.com\/wp-content\/uploads\/2021\/04\/Logo.svg","width":254,"height":86,"caption":"Dumoulin Bicyclettes"},"image":{"@id":"https:\/\/www.dumoulinbicyclettes.com\/#\/schema\/logo\/image\/"},"sameAs":["https:\/\/www.facebook.com\/dumoulinbicyclettes","https:\/\/www.instagram.com\/dumoulin.ca\/","https:\/\/www.youtube.com\/user\/dumoulinbicyclettes"]}]}},"_links":{"self":[{"href":"https:\/\/www.dumoulinbicyclettes.com\/en\/wp-json\/wp\/v2\/product\/179826","targetHints":{"allow":["GET"]}}],"collection":[{"href":"https:\/\/www.dumoulinbicyclettes.com\/en\/wp-json\/wp\/v2\/product"}],"about":[{"href":"https:\/\/www.dumoulinbicyclettes.com\/en\/wp-json\/wp\/v2\/types\/product"}],"wp:featuredmedia":[{"embeddable":true,"href":"https:\/\/www.dumoulinbicyclettes.com\/en\/wp-json\/wp\/v2\/media\/179827"}],"wp:attachment":[{"href":"https:\/\/www.dumoulinbicyclettes.com\/en\/wp-json\/wp\/v2\/media?parent=179826"}],"wp:term":[{"taxonomy":"product_brand","embeddable":true,"href":"https:\/\/www.dumoulinbicyclettes.com\/en\/wp-json\/wp\/v2\/product_brand?post=179826"},{"taxonomy":"product_cat","embeddable":true,"href":"https:\/\/www.dumoulinbicyclettes.com\/en\/wp-json\/wp\/v2\/product_cat?post=179826"},{"taxonomy":"product_tag","embeddable":true,"href":"https:\/\/www.dumoulinbicyclettes.com\/en\/wp-json\/wp\/v2\/product_tag?post=179826"},{"taxonomy":"marque-produit","embeddable":true,"href":"https:\/\/www.dumoulinbicyclettes.com\/en\/wp-json\/wp\/v2\/marque-produit?post=179826"},{"taxonomy":"collection-produit","embeddable":true,"href":"https:\/\/www.dumoulinbicyclettes.com\/en\/wp-json\/wp\/v2\/collection-produit?post=179826"},{"taxonomy":"type-surface-produit","embeddable":true,"href":"https:\/\/www.dumoulinbicyclettes.com\/en\/wp-json\/wp\/v2\/type-surface-produit?post=179826"},{"taxonomy":"type-velo-produit","embeddable":true,"href":"https:\/\/www.dumoulinbicyclettes.com\/en\/wp-json\/wp\/v2\/type-velo-produit?post=179826"},{"taxonomy":"vetement-produit","embeddable":true,"href":"https:\/\/www.dumoulinbicyclettes.com\/en\/wp-json\/wp\/v2\/vetement-produit?post=179826"},{"taxonomy":"thematique-produit","embeddable":true,"href":"https:\/\/www.dumoulinbicyclettes.com\/en\/wp-json\/wp\/v2\/thematique-produit?post=179826"},{"taxonomy":"position-sur-le-v\u00e9lo","embeddable":true,"href":"https:\/\/www.dumoulinbicyclettes.com\/en\/wp-json\/wp\/v2\/position-sur-le-v\u00e9lo?post=179826"}],"curies":[{"name":"wp","href":"https:\/\/api.w.org\/{rel}","templated":true}]}}