{"id":181854,"date":"2022-11-17T16:03:06","date_gmt":"2022-11-17T21:03:06","guid":{"rendered":"http:\/\/www.dumoulinbicyclettes.com\/?post_type=product&#038;p=181854"},"modified":"2025-11-18T15:01:41","modified_gmt":"2025-11-18T20:01:41","slug":"kryptonite-new-york-lock-fahgettaboudit","status":"publish","type":"product","link":"https:\/\/www.dumoulinbicyclettes.com\/en\/product\/kryptonite-new-york-lock-fahgettaboudit\/","title":{"rendered":"Cadenas Kryptonite \u00abNew York Fahgettaboudit\u00bb"},"content":{"rendered":"<p>\u00abOublie \u00e7a! Je vais \u00eatre un tas de probl\u00e8mes\u00bb. En substance, voil\u00e0 ce que le Kryptonite \u00abNew York Fahgettaboudit\u00bb transmet comme message aux voleurs potentiels.<\/p>\n<p>Des anses de 18 mm en acier tremp\u00e9, un espace \u00e9troit et r\u00e9duit, une serrure anti-crochetage&#8230; En effet, ce \u00abpetit\u00bb cadenas a des arguments massifs pour dissuader les voleurs.<\/p>\n<p>Vous pourrez dormir sur vos deux oreilles avec tout \u00e7a : votre job est faite. Comptez sur ce cadenas Kryptonite pour vous faire oublier l&#8217;inqui\u00e9tude, mais n&#8217;oubliez pas les bons r\u00e9flexes : s\u00e9curisez vos roues (avec un syst\u00e8me Pinhead par exemple), et enregistrez votre v\u00e9lo sur l&#8217;appli Garage 529 !<\/p>\n","protected":false},"excerpt":{"rendered":"<p>\u00abOublie \u00e7a! Je vais \u00eatre un tas de probl\u00e8mes\u00bb. En substance, voil\u00e0 ce que le Kryptonite \u00abNew York Fahgettaboudit\u00bb transmet comme message aux voleurs potentiels. Des anses de 18 mm en acier tremp\u00e9, un espace \u00e9troit et r\u00e9duit, une serrure anti-crochetage&#8230; En effet, ce \u00abpetit\u00bb cadenas a des arguments massifs pour dissuader les voleurs. Vous [&hellip;]<\/p>\n","protected":false},"featured_media":185692,"template":"","meta":{"_acf_changed":false},"product_brand":[],"product_cat":[190,204],"product_tag":[2321,2929,2925],"marque-produit":[1200],"collection-produit":[],"type-surface-produit":[],"type-velo-produit":[],"vetement-produit":[],"thematique-produit":[],"position-sur-le-v\u00e9lo":[],"class_list":{"0":"post-181854","1":"product","2":"type-product","3":"status-publish","4":"has-post-thumbnail","6":"product_cat-cadenas","7":"product_cat-cadenas-en-u","8":"product_tag-cadenas","9":"product_tag-fahgettaboudit","10":"product_tag-kryptonite","11":"marque-produit-kryptonite","13":"first","14":"instock","15":"taxable","16":"shipping-taxable","17":"purchasable","18":"product-type-simple"},"acf":[],"yoast_head":"<!-- This site is optimized with the Yoast SEO plugin v27.3 - https:\/\/yoast.com\/product\/yoast-seo-wordpress\/ -->\n<title>Cadenas en U Kryptonite New York Fahgettaboudit | Antivol | Montr\u00e9al<\/title>\n<meta name=\"description\" content=\"Le cadenas en U Kryptonite New York fahgettaboudit, c&#039;est un petit cadenas compact mais extr\u00eamement solide. De quoi contrer le vol de v\u00e9lo.\" \/>\n<meta name=\"robots\" content=\"index, follow, max-snippet:-1, max-image-preview:large, max-video-preview:-1\" \/>\n<link rel=\"canonical\" href=\"https:\/\/www.dumoulinbicyclettes.com\/produit\/kryptonite-new-york-lock-fahgettaboudit\/\" \/>\n<meta property=\"og:locale\" content=\"en_US\" \/>\n<meta property=\"og:type\" content=\"article\" \/>\n<meta property=\"og:title\" content=\"Cadenas en U Kryptonite New York Fahgettaboudit | Antivol | Montr\u00e9al\" \/>\n<meta property=\"og:description\" content=\"Le cadenas en U Kryptonite New York fahgettaboudit, c&#039;est un petit cadenas compact mais extr\u00eamement solide. De quoi contrer le vol de v\u00e9lo.\" \/>\n<meta property=\"og:url\" content=\"https:\/\/www.dumoulinbicyclettes.com\/produit\/kryptonite-new-york-lock-fahgettaboudit\/\" \/>\n<meta property=\"og:site_name\" content=\"Dumoulin Bicyclettes\" \/>\n<meta property=\"article:publisher\" content=\"https:\/\/www.facebook.com\/dumoulinbicyclettes\" \/>\n<meta property=\"article:modified_time\" content=\"2025-11-18T20:01:41+00:00\" \/>\n<meta property=\"og:image\" content=\"https:\/\/www.dumoulinbicyclettes.com\/wp-content\/uploads\/2022\/11\/kryptonite-new-york-fahgettaboudit.jpg\" \/>\n\t<meta property=\"og:image:width\" content=\"608\" \/>\n\t<meta property=\"og:image:height\" content=\"720\" \/>\n\t<meta property=\"og:image:type\" content=\"image\/jpeg\" \/>\n<meta name=\"twitter:card\" content=\"summary_large_image\" \/>\n<meta name=\"twitter:label1\" content=\"Est. reading time\" \/>\n\t<meta name=\"twitter:data1\" content=\"1 minute\" \/>\n<script type=\"application\/ld+json\" class=\"yoast-schema-graph\">{\"@context\":\"https:\\\/\\\/schema.org\",\"@graph\":[{\"@type\":\"WebPage\",\"@id\":\"https:\\\/\\\/www.dumoulinbicyclettes.com\\\/produit\\\/kryptonite-new-york-lock-fahgettaboudit\\\/\",\"url\":\"https:\\\/\\\/www.dumoulinbicyclettes.com\\\/produit\\\/kryptonite-new-york-lock-fahgettaboudit\\\/\",\"name\":\"Cadenas en U Kryptonite New York Fahgettaboudit | Antivol | Montr\u00e9al\",\"isPartOf\":{\"@id\":\"https:\\\/\\\/www.dumoulinbicyclettes.com\\\/#website\"},\"primaryImageOfPage\":{\"@id\":\"https:\\\/\\\/www.dumoulinbicyclettes.com\\\/produit\\\/kryptonite-new-york-lock-fahgettaboudit\\\/#primaryimage\"},\"image\":{\"@id\":\"https:\\\/\\\/www.dumoulinbicyclettes.com\\\/produit\\\/kryptonite-new-york-lock-fahgettaboudit\\\/#primaryimage\"},\"thumbnailUrl\":\"https:\\\/\\\/www.dumoulinbicyclettes.com\\\/wp-content\\\/uploads\\\/2022\\\/11\\\/kryptonite-new-york-fahgettaboudit.jpg\",\"datePublished\":\"2022-11-17T21:03:06+00:00\",\"dateModified\":\"2025-11-18T20:01:41+00:00\",\"description\":\"Le cadenas en U Kryptonite New York fahgettaboudit, c'est un petit cadenas compact mais extr\u00eamement solide. De quoi contrer le vol de v\u00e9lo.\",\"breadcrumb\":{\"@id\":\"https:\\\/\\\/www.dumoulinbicyclettes.com\\\/produit\\\/kryptonite-new-york-lock-fahgettaboudit\\\/#breadcrumb\"},\"inLanguage\":\"en-US\",\"potentialAction\":[{\"@type\":\"ReadAction\",\"target\":[\"https:\\\/\\\/www.dumoulinbicyclettes.com\\\/produit\\\/kryptonite-new-york-lock-fahgettaboudit\\\/\"]}]},{\"@type\":\"ImageObject\",\"inLanguage\":\"en-US\",\"@id\":\"https:\\\/\\\/www.dumoulinbicyclettes.com\\\/produit\\\/kryptonite-new-york-lock-fahgettaboudit\\\/#primaryimage\",\"url\":\"https:\\\/\\\/www.dumoulinbicyclettes.com\\\/wp-content\\\/uploads\\\/2022\\\/11\\\/kryptonite-new-york-fahgettaboudit.jpg\",\"contentUrl\":\"https:\\\/\\\/www.dumoulinbicyclettes.com\\\/wp-content\\\/uploads\\\/2022\\\/11\\\/kryptonite-new-york-fahgettaboudit.jpg\",\"width\":608,\"height\":720,\"caption\":\"kryptonite-new-york-fahgettaboudit-contre-le-vol-de-velo\"},{\"@type\":\"BreadcrumbList\",\"@id\":\"https:\\\/\\\/www.dumoulinbicyclettes.com\\\/produit\\\/kryptonite-new-york-lock-fahgettaboudit\\\/#breadcrumb\",\"itemListElement\":[{\"@type\":\"ListItem\",\"position\":1,\"name\":\"Home\",\"item\":\"https:\\\/\\\/www.dumoulinbicyclettes.com\\\/en\\\/\"},{\"@type\":\"ListItem\",\"position\":2,\"name\":\"Shop\",\"item\":\"https:\\\/\\\/www.dumoulinbicyclettes.com\\\/en\\\/shop\\\/\"},{\"@type\":\"ListItem\",\"position\":3,\"name\":\"Cadenas Kryptonite \u00abNew York Fahgettaboudit\u00bb\"}]},{\"@type\":\"WebSite\",\"@id\":\"https:\\\/\\\/www.dumoulinbicyclettes.com\\\/#website\",\"url\":\"https:\\\/\\\/www.dumoulinbicyclettes.com\\\/\",\"name\":\"Dumoulin Bicyclettes\",\"description\":\"\",\"publisher\":{\"@id\":\"https:\\\/\\\/www.dumoulinbicyclettes.com\\\/#organization\"},\"potentialAction\":[{\"@type\":\"SearchAction\",\"target\":{\"@type\":\"EntryPoint\",\"urlTemplate\":\"https:\\\/\\\/www.dumoulinbicyclettes.com\\\/?s={search_term_string}\"},\"query-input\":{\"@type\":\"PropertyValueSpecification\",\"valueRequired\":true,\"valueName\":\"search_term_string\"}}],\"inLanguage\":\"en-US\"},{\"@type\":\"Organization\",\"@id\":\"https:\\\/\\\/www.dumoulinbicyclettes.com\\\/#organization\",\"name\":\"Dumoulin Bicyclettes\",\"url\":\"https:\\\/\\\/www.dumoulinbicyclettes.com\\\/\",\"logo\":{\"@type\":\"ImageObject\",\"inLanguage\":\"en-US\",\"@id\":\"https:\\\/\\\/www.dumoulinbicyclettes.com\\\/#\\\/schema\\\/logo\\\/image\\\/\",\"url\":\"https:\\\/\\\/www.dumoulinbicyclettes.com\\\/wp-content\\\/uploads\\\/2021\\\/04\\\/Logo.svg\",\"contentUrl\":\"https:\\\/\\\/www.dumoulinbicyclettes.com\\\/wp-content\\\/uploads\\\/2021\\\/04\\\/Logo.svg\",\"width\":254,\"height\":86,\"caption\":\"Dumoulin Bicyclettes\"},\"image\":{\"@id\":\"https:\\\/\\\/www.dumoulinbicyclettes.com\\\/#\\\/schema\\\/logo\\\/image\\\/\"},\"sameAs\":[\"https:\\\/\\\/www.facebook.com\\\/dumoulinbicyclettes\",\"https:\\\/\\\/www.instagram.com\\\/dumoulin.ca\\\/\",\"https:\\\/\\\/www.youtube.com\\\/user\\\/dumoulinbicyclettes\"]}]}<\/script>\n<!-- \/ Yoast SEO plugin. -->","yoast_head_json":{"title":"Cadenas en U Kryptonite New York Fahgettaboudit | Antivol | Montr\u00e9al","description":"Le cadenas en U Kryptonite New York fahgettaboudit, c'est un petit cadenas compact mais extr\u00eamement solide. De quoi contrer le vol de v\u00e9lo.","robots":{"index":"index","follow":"follow","max-snippet":"max-snippet:-1","max-image-preview":"max-image-preview:large","max-video-preview":"max-video-preview:-1"},"canonical":"https:\/\/www.dumoulinbicyclettes.com\/produit\/kryptonite-new-york-lock-fahgettaboudit\/","og_locale":"en_US","og_type":"article","og_title":"Cadenas en U Kryptonite New York Fahgettaboudit | Antivol | Montr\u00e9al","og_description":"Le cadenas en U Kryptonite New York fahgettaboudit, c'est un petit cadenas compact mais extr\u00eamement solide. De quoi contrer le vol de v\u00e9lo.","og_url":"https:\/\/www.dumoulinbicyclettes.com\/produit\/kryptonite-new-york-lock-fahgettaboudit\/","og_site_name":"Dumoulin Bicyclettes","article_publisher":"https:\/\/www.facebook.com\/dumoulinbicyclettes","article_modified_time":"2025-11-18T20:01:41+00:00","og_image":[{"width":608,"height":720,"url":"https:\/\/www.dumoulinbicyclettes.com\/wp-content\/uploads\/2022\/11\/kryptonite-new-york-fahgettaboudit.jpg","type":"image\/jpeg"}],"twitter_card":"summary_large_image","twitter_misc":{"Est. reading time":"1 minute"},"schema":{"@context":"https:\/\/schema.org","@graph":[{"@type":"WebPage","@id":"https:\/\/www.dumoulinbicyclettes.com\/produit\/kryptonite-new-york-lock-fahgettaboudit\/","url":"https:\/\/www.dumoulinbicyclettes.com\/produit\/kryptonite-new-york-lock-fahgettaboudit\/","name":"Cadenas en U Kryptonite New York Fahgettaboudit | Antivol | Montr\u00e9al","isPartOf":{"@id":"https:\/\/www.dumoulinbicyclettes.com\/#website"},"primaryImageOfPage":{"@id":"https:\/\/www.dumoulinbicyclettes.com\/produit\/kryptonite-new-york-lock-fahgettaboudit\/#primaryimage"},"image":{"@id":"https:\/\/www.dumoulinbicyclettes.com\/produit\/kryptonite-new-york-lock-fahgettaboudit\/#primaryimage"},"thumbnailUrl":"https:\/\/www.dumoulinbicyclettes.com\/wp-content\/uploads\/2022\/11\/kryptonite-new-york-fahgettaboudit.jpg","datePublished":"2022-11-17T21:03:06+00:00","dateModified":"2025-11-18T20:01:41+00:00","description":"Le cadenas en U Kryptonite New York fahgettaboudit, c'est un petit cadenas compact mais extr\u00eamement solide. De quoi contrer le vol de v\u00e9lo.","breadcrumb":{"@id":"https:\/\/www.dumoulinbicyclettes.com\/produit\/kryptonite-new-york-lock-fahgettaboudit\/#breadcrumb"},"inLanguage":"en-US","potentialAction":[{"@type":"ReadAction","target":["https:\/\/www.dumoulinbicyclettes.com\/produit\/kryptonite-new-york-lock-fahgettaboudit\/"]}]},{"@type":"ImageObject","inLanguage":"en-US","@id":"https:\/\/www.dumoulinbicyclettes.com\/produit\/kryptonite-new-york-lock-fahgettaboudit\/#primaryimage","url":"https:\/\/www.dumoulinbicyclettes.com\/wp-content\/uploads\/2022\/11\/kryptonite-new-york-fahgettaboudit.jpg","contentUrl":"https:\/\/www.dumoulinbicyclettes.com\/wp-content\/uploads\/2022\/11\/kryptonite-new-york-fahgettaboudit.jpg","width":608,"height":720,"caption":"kryptonite-new-york-fahgettaboudit-contre-le-vol-de-velo"},{"@type":"BreadcrumbList","@id":"https:\/\/www.dumoulinbicyclettes.com\/produit\/kryptonite-new-york-lock-fahgettaboudit\/#breadcrumb","itemListElement":[{"@type":"ListItem","position":1,"name":"Home","item":"https:\/\/www.dumoulinbicyclettes.com\/en\/"},{"@type":"ListItem","position":2,"name":"Shop","item":"https:\/\/www.dumoulinbicyclettes.com\/en\/shop\/"},{"@type":"ListItem","position":3,"name":"Cadenas Kryptonite \u00abNew York Fahgettaboudit\u00bb"}]},{"@type":"WebSite","@id":"https:\/\/www.dumoulinbicyclettes.com\/#website","url":"https:\/\/www.dumoulinbicyclettes.com\/","name":"Dumoulin Bicyclettes","description":"","publisher":{"@id":"https:\/\/www.dumoulinbicyclettes.com\/#organization"},"potentialAction":[{"@type":"SearchAction","target":{"@type":"EntryPoint","urlTemplate":"https:\/\/www.dumoulinbicyclettes.com\/?s={search_term_string}"},"query-input":{"@type":"PropertyValueSpecification","valueRequired":true,"valueName":"search_term_string"}}],"inLanguage":"en-US"},{"@type":"Organization","@id":"https:\/\/www.dumoulinbicyclettes.com\/#organization","name":"Dumoulin Bicyclettes","url":"https:\/\/www.dumoulinbicyclettes.com\/","logo":{"@type":"ImageObject","inLanguage":"en-US","@id":"https:\/\/www.dumoulinbicyclettes.com\/#\/schema\/logo\/image\/","url":"https:\/\/www.dumoulinbicyclettes.com\/wp-content\/uploads\/2021\/04\/Logo.svg","contentUrl":"https:\/\/www.dumoulinbicyclettes.com\/wp-content\/uploads\/2021\/04\/Logo.svg","width":254,"height":86,"caption":"Dumoulin Bicyclettes"},"image":{"@id":"https:\/\/www.dumoulinbicyclettes.com\/#\/schema\/logo\/image\/"},"sameAs":["https:\/\/www.facebook.com\/dumoulinbicyclettes","https:\/\/www.instagram.com\/dumoulin.ca\/","https:\/\/www.youtube.com\/user\/dumoulinbicyclettes"]}]}},"_links":{"self":[{"href":"https:\/\/www.dumoulinbicyclettes.com\/en\/wp-json\/wp\/v2\/product\/181854","targetHints":{"allow":["GET"]}}],"collection":[{"href":"https:\/\/www.dumoulinbicyclettes.com\/en\/wp-json\/wp\/v2\/product"}],"about":[{"href":"https:\/\/www.dumoulinbicyclettes.com\/en\/wp-json\/wp\/v2\/types\/product"}],"wp:featuredmedia":[{"embeddable":true,"href":"https:\/\/www.dumoulinbicyclettes.com\/en\/wp-json\/wp\/v2\/media\/185692"}],"wp:attachment":[{"href":"https:\/\/www.dumoulinbicyclettes.com\/en\/wp-json\/wp\/v2\/media?parent=181854"}],"wp:term":[{"taxonomy":"product_brand","embeddable":true,"href":"https:\/\/www.dumoulinbicyclettes.com\/en\/wp-json\/wp\/v2\/product_brand?post=181854"},{"taxonomy":"product_cat","embeddable":true,"href":"https:\/\/www.dumoulinbicyclettes.com\/en\/wp-json\/wp\/v2\/product_cat?post=181854"},{"taxonomy":"product_tag","embeddable":true,"href":"https:\/\/www.dumoulinbicyclettes.com\/en\/wp-json\/wp\/v2\/product_tag?post=181854"},{"taxonomy":"marque-produit","embeddable":true,"href":"https:\/\/www.dumoulinbicyclettes.com\/en\/wp-json\/wp\/v2\/marque-produit?post=181854"},{"taxonomy":"collection-produit","embeddable":true,"href":"https:\/\/www.dumoulinbicyclettes.com\/en\/wp-json\/wp\/v2\/collection-produit?post=181854"},{"taxonomy":"type-surface-produit","embeddable":true,"href":"https:\/\/www.dumoulinbicyclettes.com\/en\/wp-json\/wp\/v2\/type-surface-produit?post=181854"},{"taxonomy":"type-velo-produit","embeddable":true,"href":"https:\/\/www.dumoulinbicyclettes.com\/en\/wp-json\/wp\/v2\/type-velo-produit?post=181854"},{"taxonomy":"vetement-produit","embeddable":true,"href":"https:\/\/www.dumoulinbicyclettes.com\/en\/wp-json\/wp\/v2\/vetement-produit?post=181854"},{"taxonomy":"thematique-produit","embeddable":true,"href":"https:\/\/www.dumoulinbicyclettes.com\/en\/wp-json\/wp\/v2\/thematique-produit?post=181854"},{"taxonomy":"position-sur-le-v\u00e9lo","embeddable":true,"href":"https:\/\/www.dumoulinbicyclettes.com\/en\/wp-json\/wp\/v2\/position-sur-le-v\u00e9lo?post=181854"}],"curies":[{"name":"wp","href":"https:\/\/api.w.org\/{rel}","templated":true}]}}