{"id":182028,"date":"2022-11-17T17:03:50","date_gmt":"2022-11-17T22:03:50","guid":{"rendered":"http:\/\/www.dumoulinbicyclettes.com\/?post_type=product&#038;p=182028"},"modified":"2025-09-28T21:43:47","modified_gmt":"2025-09-29T01:43:47","slug":"kryptonite-stronghold","status":"publish","type":"product","link":"https:\/\/www.dumoulinbicyclettes.com\/en\/product\/kryptonite-stronghold\/","title":{"rendered":"Ancrage de sol Kryptonite Stronghold"},"content":{"rendered":"<p>L&#8217;ancrage Kryptonite Stronghold devrait \u00eatre pr\u00e9sent dans toutes les chaumi\u00e8res! Il permet de s\u00e9curiser vos v\u00e9los dans les cabanons, dans la ruelle ou dans votre garage.<\/p>\n<p>Cet ancrage permanent est fort et r\u00e9sistant : de quoi simplement d\u00e9courager les voleurs \u00e9ventuels de s&#8217;y attaquer.<\/p>\n","protected":false},"excerpt":{"rendered":"<p>L&#8217;ancrage Kryptonite Stronghold devrait \u00eatre pr\u00e9sent dans toutes les chaumi\u00e8res! Il permet de s\u00e9curiser vos v\u00e9los dans les cabanons, dans la ruelle ou dans votre garage. Cet ancrage permanent est fort et r\u00e9sistant : de quoi simplement d\u00e9courager les voleurs \u00e9ventuels de s&#8217;y attaquer.<\/p>\n","protected":false},"featured_media":182029,"template":"","meta":{"_acf_changed":false},"product_brand":[],"product_cat":[190],"product_tag":[3080,3240,2925,2927],"marque-produit":[1200],"collection-produit":[],"type-surface-produit":[],"type-velo-produit":[],"vetement-produit":[],"thematique-produit":[],"position-sur-le-v\u00e9lo":[],"class_list":{"0":"post-182028","1":"product","2":"type-product","3":"status-publish","4":"has-post-thumbnail","6":"product_cat-cadenas","7":"product_tag-ancrage","8":"product_tag-evolution","9":"product_tag-kryptonite","10":"product_tag-stronghold","11":"marque-produit-kryptonite","13":"first","14":"outofstock","15":"taxable","16":"shipping-taxable","17":"purchasable","18":"product-type-simple"},"acf":[],"yoast_head":"<!-- This site is optimized with the Yoast SEO plugin v27.3 - https:\/\/yoast.com\/product\/yoast-seo-wordpress\/ -->\n<title>Ancrage Kryptonite Stronghold - Contrer le v\u00e9lo de v\u00e9lo - Dumoulin<\/title>\n<meta name=\"description\" content=\"Cet ancrage Kryptonite Stronghold devrait \u00eatre pr\u00e9sent dans tous les cabanons ou ruelles. Puissant, r\u00e9sistant, fort, il a tout ce qu&#039;il faut pour contrer le vol de v\u00e9lo.\" \/>\n<meta name=\"robots\" content=\"index, follow, max-snippet:-1, max-image-preview:large, max-video-preview:-1\" \/>\n<link rel=\"canonical\" href=\"https:\/\/www.dumoulinbicyclettes.com\/produit\/kryptonite-stronghold\/\" \/>\n<meta property=\"og:locale\" content=\"en_US\" \/>\n<meta property=\"og:type\" content=\"article\" \/>\n<meta property=\"og:title\" content=\"Ancrage Kryptonite Stronghold - Contrer le v\u00e9lo de v\u00e9lo - Dumoulin\" \/>\n<meta property=\"og:description\" content=\"Cet ancrage Kryptonite Stronghold devrait \u00eatre pr\u00e9sent dans tous les cabanons ou ruelles. Puissant, r\u00e9sistant, fort, il a tout ce qu&#039;il faut pour contrer le vol de v\u00e9lo.\" \/>\n<meta property=\"og:url\" content=\"https:\/\/www.dumoulinbicyclettes.com\/produit\/kryptonite-stronghold\/\" \/>\n<meta property=\"og:site_name\" content=\"Dumoulin Bicyclettes\" \/>\n<meta property=\"article:publisher\" content=\"https:\/\/www.facebook.com\/dumoulinbicyclettes\" \/>\n<meta property=\"article:modified_time\" content=\"2025-09-29T01:43:47+00:00\" \/>\n<meta property=\"og:image\" content=\"http:\/\/www.dumoulinbicyclettes.com\/wp-content\/uploads\/2022\/11\/ANCRAGE_KRYPTONITE_GROUND_CROCHET_.jpeg\" \/>\n\t<meta property=\"og:image:width\" content=\"608\" \/>\n\t<meta property=\"og:image:height\" content=\"720\" \/>\n\t<meta property=\"og:image:type\" content=\"image\/jpeg\" \/>\n<meta name=\"twitter:card\" content=\"summary_large_image\" \/>\n<meta name=\"twitter:label1\" content=\"Est. reading time\" \/>\n\t<meta name=\"twitter:data1\" content=\"1 minute\" \/>\n<script type=\"application\/ld+json\" class=\"yoast-schema-graph\">{\"@context\":\"https:\\\/\\\/schema.org\",\"@graph\":[{\"@type\":\"WebPage\",\"@id\":\"https:\\\/\\\/www.dumoulinbicyclettes.com\\\/produit\\\/kryptonite-stronghold\\\/\",\"url\":\"https:\\\/\\\/www.dumoulinbicyclettes.com\\\/produit\\\/kryptonite-stronghold\\\/\",\"name\":\"Ancrage Kryptonite Stronghold - Contrer le v\u00e9lo de v\u00e9lo - Dumoulin\",\"isPartOf\":{\"@id\":\"https:\\\/\\\/www.dumoulinbicyclettes.com\\\/#website\"},\"primaryImageOfPage\":{\"@id\":\"https:\\\/\\\/www.dumoulinbicyclettes.com\\\/produit\\\/kryptonite-stronghold\\\/#primaryimage\"},\"image\":{\"@id\":\"https:\\\/\\\/www.dumoulinbicyclettes.com\\\/produit\\\/kryptonite-stronghold\\\/#primaryimage\"},\"thumbnailUrl\":\"https:\\\/\\\/www.dumoulinbicyclettes.com\\\/wp-content\\\/uploads\\\/2022\\\/11\\\/ANCRAGE_KRYPTONITE_GROUND_CROCHET_.jpeg\",\"datePublished\":\"2022-11-17T22:03:50+00:00\",\"dateModified\":\"2025-09-29T01:43:47+00:00\",\"description\":\"Cet ancrage Kryptonite Stronghold devrait \u00eatre pr\u00e9sent dans tous les cabanons ou ruelles. Puissant, r\u00e9sistant, fort, il a tout ce qu'il faut pour contrer le vol de v\u00e9lo.\",\"breadcrumb\":{\"@id\":\"https:\\\/\\\/www.dumoulinbicyclettes.com\\\/produit\\\/kryptonite-stronghold\\\/#breadcrumb\"},\"inLanguage\":\"en-US\",\"potentialAction\":[{\"@type\":\"ReadAction\",\"target\":[\"https:\\\/\\\/www.dumoulinbicyclettes.com\\\/produit\\\/kryptonite-stronghold\\\/\"]}]},{\"@type\":\"ImageObject\",\"inLanguage\":\"en-US\",\"@id\":\"https:\\\/\\\/www.dumoulinbicyclettes.com\\\/produit\\\/kryptonite-stronghold\\\/#primaryimage\",\"url\":\"https:\\\/\\\/www.dumoulinbicyclettes.com\\\/wp-content\\\/uploads\\\/2022\\\/11\\\/ANCRAGE_KRYPTONITE_GROUND_CROCHET_.jpeg\",\"contentUrl\":\"https:\\\/\\\/www.dumoulinbicyclettes.com\\\/wp-content\\\/uploads\\\/2022\\\/11\\\/ANCRAGE_KRYPTONITE_GROUND_CROCHET_.jpeg\",\"width\":608,\"height\":720,\"caption\":\"ancrage-kryptonite-stronghold-contrer-le-vol-de-v\u00e9lo\"},{\"@type\":\"BreadcrumbList\",\"@id\":\"https:\\\/\\\/www.dumoulinbicyclettes.com\\\/produit\\\/kryptonite-stronghold\\\/#breadcrumb\",\"itemListElement\":[{\"@type\":\"ListItem\",\"position\":1,\"name\":\"Home\",\"item\":\"https:\\\/\\\/www.dumoulinbicyclettes.com\\\/en\\\/\"},{\"@type\":\"ListItem\",\"position\":2,\"name\":\"Shop\",\"item\":\"https:\\\/\\\/www.dumoulinbicyclettes.com\\\/en\\\/shop\\\/\"},{\"@type\":\"ListItem\",\"position\":3,\"name\":\"Ancrage de sol Kryptonite Stronghold\"}]},{\"@type\":\"WebSite\",\"@id\":\"https:\\\/\\\/www.dumoulinbicyclettes.com\\\/#website\",\"url\":\"https:\\\/\\\/www.dumoulinbicyclettes.com\\\/\",\"name\":\"Dumoulin Bicyclettes\",\"description\":\"\",\"publisher\":{\"@id\":\"https:\\\/\\\/www.dumoulinbicyclettes.com\\\/#organization\"},\"potentialAction\":[{\"@type\":\"SearchAction\",\"target\":{\"@type\":\"EntryPoint\",\"urlTemplate\":\"https:\\\/\\\/www.dumoulinbicyclettes.com\\\/?s={search_term_string}\"},\"query-input\":{\"@type\":\"PropertyValueSpecification\",\"valueRequired\":true,\"valueName\":\"search_term_string\"}}],\"inLanguage\":\"en-US\"},{\"@type\":\"Organization\",\"@id\":\"https:\\\/\\\/www.dumoulinbicyclettes.com\\\/#organization\",\"name\":\"Dumoulin Bicyclettes\",\"url\":\"https:\\\/\\\/www.dumoulinbicyclettes.com\\\/\",\"logo\":{\"@type\":\"ImageObject\",\"inLanguage\":\"en-US\",\"@id\":\"https:\\\/\\\/www.dumoulinbicyclettes.com\\\/#\\\/schema\\\/logo\\\/image\\\/\",\"url\":\"https:\\\/\\\/www.dumoulinbicyclettes.com\\\/wp-content\\\/uploads\\\/2021\\\/04\\\/Logo.svg\",\"contentUrl\":\"https:\\\/\\\/www.dumoulinbicyclettes.com\\\/wp-content\\\/uploads\\\/2021\\\/04\\\/Logo.svg\",\"width\":254,\"height\":86,\"caption\":\"Dumoulin Bicyclettes\"},\"image\":{\"@id\":\"https:\\\/\\\/www.dumoulinbicyclettes.com\\\/#\\\/schema\\\/logo\\\/image\\\/\"},\"sameAs\":[\"https:\\\/\\\/www.facebook.com\\\/dumoulinbicyclettes\",\"https:\\\/\\\/www.instagram.com\\\/dumoulin.ca\\\/\",\"https:\\\/\\\/www.youtube.com\\\/user\\\/dumoulinbicyclettes\"]}]}<\/script>\n<!-- \/ Yoast SEO plugin. -->","yoast_head_json":{"title":"Ancrage Kryptonite Stronghold - Contrer le v\u00e9lo de v\u00e9lo - Dumoulin","description":"Cet ancrage Kryptonite Stronghold devrait \u00eatre pr\u00e9sent dans tous les cabanons ou ruelles. Puissant, r\u00e9sistant, fort, il a tout ce qu'il faut pour contrer le vol de v\u00e9lo.","robots":{"index":"index","follow":"follow","max-snippet":"max-snippet:-1","max-image-preview":"max-image-preview:large","max-video-preview":"max-video-preview:-1"},"canonical":"https:\/\/www.dumoulinbicyclettes.com\/produit\/kryptonite-stronghold\/","og_locale":"en_US","og_type":"article","og_title":"Ancrage Kryptonite Stronghold - Contrer le v\u00e9lo de v\u00e9lo - Dumoulin","og_description":"Cet ancrage Kryptonite Stronghold devrait \u00eatre pr\u00e9sent dans tous les cabanons ou ruelles. Puissant, r\u00e9sistant, fort, il a tout ce qu'il faut pour contrer le vol de v\u00e9lo.","og_url":"https:\/\/www.dumoulinbicyclettes.com\/produit\/kryptonite-stronghold\/","og_site_name":"Dumoulin Bicyclettes","article_publisher":"https:\/\/www.facebook.com\/dumoulinbicyclettes","article_modified_time":"2025-09-29T01:43:47+00:00","og_image":[{"width":608,"height":720,"url":"http:\/\/www.dumoulinbicyclettes.com\/wp-content\/uploads\/2022\/11\/ANCRAGE_KRYPTONITE_GROUND_CROCHET_.jpeg","type":"image\/jpeg"}],"twitter_card":"summary_large_image","twitter_misc":{"Est. reading time":"1 minute"},"schema":{"@context":"https:\/\/schema.org","@graph":[{"@type":"WebPage","@id":"https:\/\/www.dumoulinbicyclettes.com\/produit\/kryptonite-stronghold\/","url":"https:\/\/www.dumoulinbicyclettes.com\/produit\/kryptonite-stronghold\/","name":"Ancrage Kryptonite Stronghold - Contrer le v\u00e9lo de v\u00e9lo - Dumoulin","isPartOf":{"@id":"https:\/\/www.dumoulinbicyclettes.com\/#website"},"primaryImageOfPage":{"@id":"https:\/\/www.dumoulinbicyclettes.com\/produit\/kryptonite-stronghold\/#primaryimage"},"image":{"@id":"https:\/\/www.dumoulinbicyclettes.com\/produit\/kryptonite-stronghold\/#primaryimage"},"thumbnailUrl":"https:\/\/www.dumoulinbicyclettes.com\/wp-content\/uploads\/2022\/11\/ANCRAGE_KRYPTONITE_GROUND_CROCHET_.jpeg","datePublished":"2022-11-17T22:03:50+00:00","dateModified":"2025-09-29T01:43:47+00:00","description":"Cet ancrage Kryptonite Stronghold devrait \u00eatre pr\u00e9sent dans tous les cabanons ou ruelles. Puissant, r\u00e9sistant, fort, il a tout ce qu'il faut pour contrer le vol de v\u00e9lo.","breadcrumb":{"@id":"https:\/\/www.dumoulinbicyclettes.com\/produit\/kryptonite-stronghold\/#breadcrumb"},"inLanguage":"en-US","potentialAction":[{"@type":"ReadAction","target":["https:\/\/www.dumoulinbicyclettes.com\/produit\/kryptonite-stronghold\/"]}]},{"@type":"ImageObject","inLanguage":"en-US","@id":"https:\/\/www.dumoulinbicyclettes.com\/produit\/kryptonite-stronghold\/#primaryimage","url":"https:\/\/www.dumoulinbicyclettes.com\/wp-content\/uploads\/2022\/11\/ANCRAGE_KRYPTONITE_GROUND_CROCHET_.jpeg","contentUrl":"https:\/\/www.dumoulinbicyclettes.com\/wp-content\/uploads\/2022\/11\/ANCRAGE_KRYPTONITE_GROUND_CROCHET_.jpeg","width":608,"height":720,"caption":"ancrage-kryptonite-stronghold-contrer-le-vol-de-v\u00e9lo"},{"@type":"BreadcrumbList","@id":"https:\/\/www.dumoulinbicyclettes.com\/produit\/kryptonite-stronghold\/#breadcrumb","itemListElement":[{"@type":"ListItem","position":1,"name":"Home","item":"https:\/\/www.dumoulinbicyclettes.com\/en\/"},{"@type":"ListItem","position":2,"name":"Shop","item":"https:\/\/www.dumoulinbicyclettes.com\/en\/shop\/"},{"@type":"ListItem","position":3,"name":"Ancrage de sol Kryptonite Stronghold"}]},{"@type":"WebSite","@id":"https:\/\/www.dumoulinbicyclettes.com\/#website","url":"https:\/\/www.dumoulinbicyclettes.com\/","name":"Dumoulin Bicyclettes","description":"","publisher":{"@id":"https:\/\/www.dumoulinbicyclettes.com\/#organization"},"potentialAction":[{"@type":"SearchAction","target":{"@type":"EntryPoint","urlTemplate":"https:\/\/www.dumoulinbicyclettes.com\/?s={search_term_string}"},"query-input":{"@type":"PropertyValueSpecification","valueRequired":true,"valueName":"search_term_string"}}],"inLanguage":"en-US"},{"@type":"Organization","@id":"https:\/\/www.dumoulinbicyclettes.com\/#organization","name":"Dumoulin Bicyclettes","url":"https:\/\/www.dumoulinbicyclettes.com\/","logo":{"@type":"ImageObject","inLanguage":"en-US","@id":"https:\/\/www.dumoulinbicyclettes.com\/#\/schema\/logo\/image\/","url":"https:\/\/www.dumoulinbicyclettes.com\/wp-content\/uploads\/2021\/04\/Logo.svg","contentUrl":"https:\/\/www.dumoulinbicyclettes.com\/wp-content\/uploads\/2021\/04\/Logo.svg","width":254,"height":86,"caption":"Dumoulin Bicyclettes"},"image":{"@id":"https:\/\/www.dumoulinbicyclettes.com\/#\/schema\/logo\/image\/"},"sameAs":["https:\/\/www.facebook.com\/dumoulinbicyclettes","https:\/\/www.instagram.com\/dumoulin.ca\/","https:\/\/www.youtube.com\/user\/dumoulinbicyclettes"]}]}},"_links":{"self":[{"href":"https:\/\/www.dumoulinbicyclettes.com\/en\/wp-json\/wp\/v2\/product\/182028","targetHints":{"allow":["GET"]}}],"collection":[{"href":"https:\/\/www.dumoulinbicyclettes.com\/en\/wp-json\/wp\/v2\/product"}],"about":[{"href":"https:\/\/www.dumoulinbicyclettes.com\/en\/wp-json\/wp\/v2\/types\/product"}],"wp:featuredmedia":[{"embeddable":true,"href":"https:\/\/www.dumoulinbicyclettes.com\/en\/wp-json\/wp\/v2\/media\/182029"}],"wp:attachment":[{"href":"https:\/\/www.dumoulinbicyclettes.com\/en\/wp-json\/wp\/v2\/media?parent=182028"}],"wp:term":[{"taxonomy":"product_brand","embeddable":true,"href":"https:\/\/www.dumoulinbicyclettes.com\/en\/wp-json\/wp\/v2\/product_brand?post=182028"},{"taxonomy":"product_cat","embeddable":true,"href":"https:\/\/www.dumoulinbicyclettes.com\/en\/wp-json\/wp\/v2\/product_cat?post=182028"},{"taxonomy":"product_tag","embeddable":true,"href":"https:\/\/www.dumoulinbicyclettes.com\/en\/wp-json\/wp\/v2\/product_tag?post=182028"},{"taxonomy":"marque-produit","embeddable":true,"href":"https:\/\/www.dumoulinbicyclettes.com\/en\/wp-json\/wp\/v2\/marque-produit?post=182028"},{"taxonomy":"collection-produit","embeddable":true,"href":"https:\/\/www.dumoulinbicyclettes.com\/en\/wp-json\/wp\/v2\/collection-produit?post=182028"},{"taxonomy":"type-surface-produit","embeddable":true,"href":"https:\/\/www.dumoulinbicyclettes.com\/en\/wp-json\/wp\/v2\/type-surface-produit?post=182028"},{"taxonomy":"type-velo-produit","embeddable":true,"href":"https:\/\/www.dumoulinbicyclettes.com\/en\/wp-json\/wp\/v2\/type-velo-produit?post=182028"},{"taxonomy":"vetement-produit","embeddable":true,"href":"https:\/\/www.dumoulinbicyclettes.com\/en\/wp-json\/wp\/v2\/vetement-produit?post=182028"},{"taxonomy":"thematique-produit","embeddable":true,"href":"https:\/\/www.dumoulinbicyclettes.com\/en\/wp-json\/wp\/v2\/thematique-produit?post=182028"},{"taxonomy":"position-sur-le-v\u00e9lo","embeddable":true,"href":"https:\/\/www.dumoulinbicyclettes.com\/en\/wp-json\/wp\/v2\/position-sur-le-v\u00e9lo?post=182028"}],"curies":[{"name":"wp","href":"https:\/\/api.w.org\/{rel}","templated":true}]}}