{"id":185272,"date":"2022-11-25T18:03:26","date_gmt":"2022-11-25T23:03:26","guid":{"rendered":"http:\/\/www.dumoulinbicyclettes.com\/?post_type=product&#038;p=185272"},"modified":"2025-09-08T13:11:59","modified_gmt":"2025-09-08T17:11:59","slug":"yuba-couvre-bread-basket-impermeable","status":"publish","type":"product","link":"https:\/\/www.dumoulinbicyclettes.com\/en\/product\/yuba-couvre-bread-basket-impermeable\/","title":{"rendered":"Couvre panier avant Breadbasket de Yuba"},"content":{"rendered":"<p><\/p>\n<p>Le kit de couverture du Breadbasket se compose de deux parties : La doublure en filet qui emp\u00eache votre pr\u00e9cieuse cargaison de s&#8217;envoler de la corbeille en cas de choc + la doublure imperm\u00e9able qui la prot\u00e8ge des intemp\u00e9ries. Les deux peuvent s&#8217;adapter \u00e0 la taille de votre chargement !<\/p>\n<p>De plus, les deux doublures peuvent \u00eatre rang\u00e9es dans une pochette qui s&#8217;attache \u00e0 votre Corbeille \u00e0 Pain avec une fermeture \u00e9clair pour un acc\u00e8s facile en cas de besoin.<\/p>\n<p>*Compatible avec tous les v\u00e9los qui utilisent une corbeille \u00e0 pain (Kombi, Kombi E5, Spicy Curry, Sweet Curry, Mundo, Mundo LUX, et Boda Boda).<\/p>\n<p><\/p>\n","protected":false},"excerpt":{"rendered":"<p>Le kit de couverture du Breadbasket se compose de deux parties : La doublure en filet qui emp\u00eache votre pr\u00e9cieuse cargaison de s&#8217;envoler de la corbeille en cas de choc + la doublure imperm\u00e9able qui la prot\u00e8ge des intemp\u00e9ries. Les deux peuvent s&#8217;adapter \u00e0 la taille de votre chargement ! De plus, les deux doublures [&hellip;]<\/p>\n","protected":false},"featured_media":506940,"template":"","meta":{"_acf_changed":false},"product_brand":[],"product_cat":[183,2506],"product_tag":[2930,2179],"marque-produit":[1201],"collection-produit":[2850,2849,2848],"type-surface-produit":[],"type-velo-produit":[2162],"vetement-produit":[],"thematique-produit":[],"position-sur-le-v\u00e9lo":[],"class_list":{"0":"post-185272","1":"product","2":"type-product","3":"status-publish","4":"has-post-thumbnail","6":"product_cat-accessoires-pour-velo-cargo","7":"product_cat-yuba","8":"product_tag-accessoires","9":"product_tag-yuba","10":"marque-produit-yuba","11":"collection-produit-kombi","12":"collection-produit-spicy-curry","13":"collection-produit-yuba","14":"type-velo-produit-cargo-en","16":"first","17":"outofstock","18":"taxable","19":"shipping-taxable","20":"purchasable","21":"product-type-simple"},"acf":[],"yoast_head":"<!-- This site is optimized with the Yoast SEO plugin v27.3 - https:\/\/yoast.com\/product\/yoast-seo-wordpress\/ -->\n<title>Couvre panier avant Breadbasket de Yuba - Dumoulin Bicyclettes<\/title>\n<meta name=\"description\" content=\"Le kit de couverture du Breadbasket de Yuba offre une protection optimale pour votre cargaison gr\u00e2ce \u00e0 sa doublure en filet et sa doublure imperm\u00e9able, facilement rang\u00e9es.\" \/>\n<meta name=\"robots\" content=\"index, follow, max-snippet:-1, max-image-preview:large, max-video-preview:-1\" \/>\n<link rel=\"canonical\" href=\"https:\/\/www.dumoulinbicyclettes.com\/produit\/yuba-couvre-bread-basket-impermeable\/\" \/>\n<meta property=\"og:locale\" content=\"en_US\" \/>\n<meta property=\"og:type\" content=\"article\" \/>\n<meta property=\"og:title\" content=\"Couvre panier avant Breadbasket de Yuba - Dumoulin Bicyclettes\" \/>\n<meta property=\"og:description\" content=\"Le kit de couverture du Breadbasket de Yuba offre une protection optimale pour votre cargaison gr\u00e2ce \u00e0 sa doublure en filet et sa doublure imperm\u00e9able, facilement rang\u00e9es.\" \/>\n<meta property=\"og:url\" content=\"https:\/\/www.dumoulinbicyclettes.com\/produit\/yuba-couvre-bread-basket-impermeable\/\" \/>\n<meta property=\"og:site_name\" content=\"Dumoulin Bicyclettes\" \/>\n<meta property=\"article:publisher\" content=\"https:\/\/www.facebook.com\/dumoulinbicyclettes\" \/>\n<meta property=\"article:modified_time\" content=\"2025-09-08T17:11:59+00:00\" \/>\n<meta property=\"og:image\" content=\"http:\/\/www.dumoulinbicyclettes.com\/wp-content\/uploads\/2022\/11\/YUBA-COUVRE-22BREADBASKET22-IMPERMEABLE-accessoire-velo-cargo-montreal-Dumoulin-bicyclettes3.webp\" \/>\n\t<meta property=\"og:image:width\" content=\"960\" \/>\n\t<meta property=\"og:image:height\" content=\"960\" \/>\n\t<meta property=\"og:image:type\" content=\"image\/webp\" \/>\n<meta name=\"twitter:card\" content=\"summary_large_image\" \/>\n<meta name=\"twitter:label1\" content=\"Est. reading time\" \/>\n\t<meta name=\"twitter:data1\" content=\"1 minute\" \/>\n<script type=\"application\/ld+json\" class=\"yoast-schema-graph\">{\"@context\":\"https:\\\/\\\/schema.org\",\"@graph\":[{\"@type\":\"WebPage\",\"@id\":\"https:\\\/\\\/www.dumoulinbicyclettes.com\\\/produit\\\/yuba-couvre-bread-basket-impermeable\\\/\",\"url\":\"https:\\\/\\\/www.dumoulinbicyclettes.com\\\/produit\\\/yuba-couvre-bread-basket-impermeable\\\/\",\"name\":\"Couvre panier avant Breadbasket de Yuba - Dumoulin Bicyclettes\",\"isPartOf\":{\"@id\":\"https:\\\/\\\/www.dumoulinbicyclettes.com\\\/#website\"},\"primaryImageOfPage\":{\"@id\":\"https:\\\/\\\/www.dumoulinbicyclettes.com\\\/produit\\\/yuba-couvre-bread-basket-impermeable\\\/#primaryimage\"},\"image\":{\"@id\":\"https:\\\/\\\/www.dumoulinbicyclettes.com\\\/produit\\\/yuba-couvre-bread-basket-impermeable\\\/#primaryimage\"},\"thumbnailUrl\":\"https:\\\/\\\/www.dumoulinbicyclettes.com\\\/wp-content\\\/uploads\\\/2022\\\/11\\\/YUBA-COUVRE-22BREADBASKET22-IMPERMEABLE-accessoire-velo-cargo-montreal-Dumoulin-bicyclettes3.webp\",\"datePublished\":\"2022-11-25T23:03:26+00:00\",\"dateModified\":\"2025-09-08T17:11:59+00:00\",\"description\":\"Le kit de couverture du Breadbasket de Yuba offre une protection optimale pour votre cargaison gr\u00e2ce \u00e0 sa doublure en filet et sa doublure imperm\u00e9able, facilement rang\u00e9es.\",\"breadcrumb\":{\"@id\":\"https:\\\/\\\/www.dumoulinbicyclettes.com\\\/produit\\\/yuba-couvre-bread-basket-impermeable\\\/#breadcrumb\"},\"inLanguage\":\"en-US\",\"potentialAction\":[{\"@type\":\"ReadAction\",\"target\":[\"https:\\\/\\\/www.dumoulinbicyclettes.com\\\/produit\\\/yuba-couvre-bread-basket-impermeable\\\/\"]}]},{\"@type\":\"ImageObject\",\"inLanguage\":\"en-US\",\"@id\":\"https:\\\/\\\/www.dumoulinbicyclettes.com\\\/produit\\\/yuba-couvre-bread-basket-impermeable\\\/#primaryimage\",\"url\":\"https:\\\/\\\/www.dumoulinbicyclettes.com\\\/wp-content\\\/uploads\\\/2022\\\/11\\\/YUBA-COUVRE-22BREADBASKET22-IMPERMEABLE-accessoire-velo-cargo-montreal-Dumoulin-bicyclettes3.webp\",\"contentUrl\":\"https:\\\/\\\/www.dumoulinbicyclettes.com\\\/wp-content\\\/uploads\\\/2022\\\/11\\\/YUBA-COUVRE-22BREADBASKET22-IMPERMEABLE-accessoire-velo-cargo-montreal-Dumoulin-bicyclettes3.webp\",\"width\":960,\"height\":960},{\"@type\":\"BreadcrumbList\",\"@id\":\"https:\\\/\\\/www.dumoulinbicyclettes.com\\\/produit\\\/yuba-couvre-bread-basket-impermeable\\\/#breadcrumb\",\"itemListElement\":[{\"@type\":\"ListItem\",\"position\":1,\"name\":\"Home\",\"item\":\"https:\\\/\\\/www.dumoulinbicyclettes.com\\\/en\\\/\"},{\"@type\":\"ListItem\",\"position\":2,\"name\":\"Shop\",\"item\":\"https:\\\/\\\/www.dumoulinbicyclettes.com\\\/en\\\/shop\\\/\"},{\"@type\":\"ListItem\",\"position\":3,\"name\":\"Couvre panier avant Breadbasket de Yuba\"}]},{\"@type\":\"WebSite\",\"@id\":\"https:\\\/\\\/www.dumoulinbicyclettes.com\\\/#website\",\"url\":\"https:\\\/\\\/www.dumoulinbicyclettes.com\\\/\",\"name\":\"Dumoulin Bicyclettes\",\"description\":\"\",\"publisher\":{\"@id\":\"https:\\\/\\\/www.dumoulinbicyclettes.com\\\/#organization\"},\"potentialAction\":[{\"@type\":\"SearchAction\",\"target\":{\"@type\":\"EntryPoint\",\"urlTemplate\":\"https:\\\/\\\/www.dumoulinbicyclettes.com\\\/?s={search_term_string}\"},\"query-input\":{\"@type\":\"PropertyValueSpecification\",\"valueRequired\":true,\"valueName\":\"search_term_string\"}}],\"inLanguage\":\"en-US\"},{\"@type\":\"Organization\",\"@id\":\"https:\\\/\\\/www.dumoulinbicyclettes.com\\\/#organization\",\"name\":\"Dumoulin Bicyclettes\",\"url\":\"https:\\\/\\\/www.dumoulinbicyclettes.com\\\/\",\"logo\":{\"@type\":\"ImageObject\",\"inLanguage\":\"en-US\",\"@id\":\"https:\\\/\\\/www.dumoulinbicyclettes.com\\\/#\\\/schema\\\/logo\\\/image\\\/\",\"url\":\"https:\\\/\\\/www.dumoulinbicyclettes.com\\\/wp-content\\\/uploads\\\/2021\\\/04\\\/Logo.svg\",\"contentUrl\":\"https:\\\/\\\/www.dumoulinbicyclettes.com\\\/wp-content\\\/uploads\\\/2021\\\/04\\\/Logo.svg\",\"width\":254,\"height\":86,\"caption\":\"Dumoulin Bicyclettes\"},\"image\":{\"@id\":\"https:\\\/\\\/www.dumoulinbicyclettes.com\\\/#\\\/schema\\\/logo\\\/image\\\/\"},\"sameAs\":[\"https:\\\/\\\/www.facebook.com\\\/dumoulinbicyclettes\",\"https:\\\/\\\/www.instagram.com\\\/dumoulin.ca\\\/\",\"https:\\\/\\\/www.youtube.com\\\/user\\\/dumoulinbicyclettes\"]}]}<\/script>\n<!-- \/ Yoast SEO plugin. -->","yoast_head_json":{"title":"Couvre panier avant Breadbasket de Yuba - Dumoulin Bicyclettes","description":"Le kit de couverture du Breadbasket de Yuba offre une protection optimale pour votre cargaison gr\u00e2ce \u00e0 sa doublure en filet et sa doublure imperm\u00e9able, facilement rang\u00e9es.","robots":{"index":"index","follow":"follow","max-snippet":"max-snippet:-1","max-image-preview":"max-image-preview:large","max-video-preview":"max-video-preview:-1"},"canonical":"https:\/\/www.dumoulinbicyclettes.com\/produit\/yuba-couvre-bread-basket-impermeable\/","og_locale":"en_US","og_type":"article","og_title":"Couvre panier avant Breadbasket de Yuba - Dumoulin Bicyclettes","og_description":"Le kit de couverture du Breadbasket de Yuba offre une protection optimale pour votre cargaison gr\u00e2ce \u00e0 sa doublure en filet et sa doublure imperm\u00e9able, facilement rang\u00e9es.","og_url":"https:\/\/www.dumoulinbicyclettes.com\/produit\/yuba-couvre-bread-basket-impermeable\/","og_site_name":"Dumoulin Bicyclettes","article_publisher":"https:\/\/www.facebook.com\/dumoulinbicyclettes","article_modified_time":"2025-09-08T17:11:59+00:00","og_image":[{"width":960,"height":960,"url":"http:\/\/www.dumoulinbicyclettes.com\/wp-content\/uploads\/2022\/11\/YUBA-COUVRE-22BREADBASKET22-IMPERMEABLE-accessoire-velo-cargo-montreal-Dumoulin-bicyclettes3.webp","type":"image\/webp"}],"twitter_card":"summary_large_image","twitter_misc":{"Est. reading time":"1 minute"},"schema":{"@context":"https:\/\/schema.org","@graph":[{"@type":"WebPage","@id":"https:\/\/www.dumoulinbicyclettes.com\/produit\/yuba-couvre-bread-basket-impermeable\/","url":"https:\/\/www.dumoulinbicyclettes.com\/produit\/yuba-couvre-bread-basket-impermeable\/","name":"Couvre panier avant Breadbasket de Yuba - Dumoulin Bicyclettes","isPartOf":{"@id":"https:\/\/www.dumoulinbicyclettes.com\/#website"},"primaryImageOfPage":{"@id":"https:\/\/www.dumoulinbicyclettes.com\/produit\/yuba-couvre-bread-basket-impermeable\/#primaryimage"},"image":{"@id":"https:\/\/www.dumoulinbicyclettes.com\/produit\/yuba-couvre-bread-basket-impermeable\/#primaryimage"},"thumbnailUrl":"https:\/\/www.dumoulinbicyclettes.com\/wp-content\/uploads\/2022\/11\/YUBA-COUVRE-22BREADBASKET22-IMPERMEABLE-accessoire-velo-cargo-montreal-Dumoulin-bicyclettes3.webp","datePublished":"2022-11-25T23:03:26+00:00","dateModified":"2025-09-08T17:11:59+00:00","description":"Le kit de couverture du Breadbasket de Yuba offre une protection optimale pour votre cargaison gr\u00e2ce \u00e0 sa doublure en filet et sa doublure imperm\u00e9able, facilement rang\u00e9es.","breadcrumb":{"@id":"https:\/\/www.dumoulinbicyclettes.com\/produit\/yuba-couvre-bread-basket-impermeable\/#breadcrumb"},"inLanguage":"en-US","potentialAction":[{"@type":"ReadAction","target":["https:\/\/www.dumoulinbicyclettes.com\/produit\/yuba-couvre-bread-basket-impermeable\/"]}]},{"@type":"ImageObject","inLanguage":"en-US","@id":"https:\/\/www.dumoulinbicyclettes.com\/produit\/yuba-couvre-bread-basket-impermeable\/#primaryimage","url":"https:\/\/www.dumoulinbicyclettes.com\/wp-content\/uploads\/2022\/11\/YUBA-COUVRE-22BREADBASKET22-IMPERMEABLE-accessoire-velo-cargo-montreal-Dumoulin-bicyclettes3.webp","contentUrl":"https:\/\/www.dumoulinbicyclettes.com\/wp-content\/uploads\/2022\/11\/YUBA-COUVRE-22BREADBASKET22-IMPERMEABLE-accessoire-velo-cargo-montreal-Dumoulin-bicyclettes3.webp","width":960,"height":960},{"@type":"BreadcrumbList","@id":"https:\/\/www.dumoulinbicyclettes.com\/produit\/yuba-couvre-bread-basket-impermeable\/#breadcrumb","itemListElement":[{"@type":"ListItem","position":1,"name":"Home","item":"https:\/\/www.dumoulinbicyclettes.com\/en\/"},{"@type":"ListItem","position":2,"name":"Shop","item":"https:\/\/www.dumoulinbicyclettes.com\/en\/shop\/"},{"@type":"ListItem","position":3,"name":"Couvre panier avant Breadbasket de Yuba"}]},{"@type":"WebSite","@id":"https:\/\/www.dumoulinbicyclettes.com\/#website","url":"https:\/\/www.dumoulinbicyclettes.com\/","name":"Dumoulin Bicyclettes","description":"","publisher":{"@id":"https:\/\/www.dumoulinbicyclettes.com\/#organization"},"potentialAction":[{"@type":"SearchAction","target":{"@type":"EntryPoint","urlTemplate":"https:\/\/www.dumoulinbicyclettes.com\/?s={search_term_string}"},"query-input":{"@type":"PropertyValueSpecification","valueRequired":true,"valueName":"search_term_string"}}],"inLanguage":"en-US"},{"@type":"Organization","@id":"https:\/\/www.dumoulinbicyclettes.com\/#organization","name":"Dumoulin Bicyclettes","url":"https:\/\/www.dumoulinbicyclettes.com\/","logo":{"@type":"ImageObject","inLanguage":"en-US","@id":"https:\/\/www.dumoulinbicyclettes.com\/#\/schema\/logo\/image\/","url":"https:\/\/www.dumoulinbicyclettes.com\/wp-content\/uploads\/2021\/04\/Logo.svg","contentUrl":"https:\/\/www.dumoulinbicyclettes.com\/wp-content\/uploads\/2021\/04\/Logo.svg","width":254,"height":86,"caption":"Dumoulin Bicyclettes"},"image":{"@id":"https:\/\/www.dumoulinbicyclettes.com\/#\/schema\/logo\/image\/"},"sameAs":["https:\/\/www.facebook.com\/dumoulinbicyclettes","https:\/\/www.instagram.com\/dumoulin.ca\/","https:\/\/www.youtube.com\/user\/dumoulinbicyclettes"]}]}},"_links":{"self":[{"href":"https:\/\/www.dumoulinbicyclettes.com\/en\/wp-json\/wp\/v2\/product\/185272","targetHints":{"allow":["GET"]}}],"collection":[{"href":"https:\/\/www.dumoulinbicyclettes.com\/en\/wp-json\/wp\/v2\/product"}],"about":[{"href":"https:\/\/www.dumoulinbicyclettes.com\/en\/wp-json\/wp\/v2\/types\/product"}],"wp:featuredmedia":[{"embeddable":true,"href":"https:\/\/www.dumoulinbicyclettes.com\/en\/wp-json\/wp\/v2\/media\/506940"}],"wp:attachment":[{"href":"https:\/\/www.dumoulinbicyclettes.com\/en\/wp-json\/wp\/v2\/media?parent=185272"}],"wp:term":[{"taxonomy":"product_brand","embeddable":true,"href":"https:\/\/www.dumoulinbicyclettes.com\/en\/wp-json\/wp\/v2\/product_brand?post=185272"},{"taxonomy":"product_cat","embeddable":true,"href":"https:\/\/www.dumoulinbicyclettes.com\/en\/wp-json\/wp\/v2\/product_cat?post=185272"},{"taxonomy":"product_tag","embeddable":true,"href":"https:\/\/www.dumoulinbicyclettes.com\/en\/wp-json\/wp\/v2\/product_tag?post=185272"},{"taxonomy":"marque-produit","embeddable":true,"href":"https:\/\/www.dumoulinbicyclettes.com\/en\/wp-json\/wp\/v2\/marque-produit?post=185272"},{"taxonomy":"collection-produit","embeddable":true,"href":"https:\/\/www.dumoulinbicyclettes.com\/en\/wp-json\/wp\/v2\/collection-produit?post=185272"},{"taxonomy":"type-surface-produit","embeddable":true,"href":"https:\/\/www.dumoulinbicyclettes.com\/en\/wp-json\/wp\/v2\/type-surface-produit?post=185272"},{"taxonomy":"type-velo-produit","embeddable":true,"href":"https:\/\/www.dumoulinbicyclettes.com\/en\/wp-json\/wp\/v2\/type-velo-produit?post=185272"},{"taxonomy":"vetement-produit","embeddable":true,"href":"https:\/\/www.dumoulinbicyclettes.com\/en\/wp-json\/wp\/v2\/vetement-produit?post=185272"},{"taxonomy":"thematique-produit","embeddable":true,"href":"https:\/\/www.dumoulinbicyclettes.com\/en\/wp-json\/wp\/v2\/thematique-produit?post=185272"},{"taxonomy":"position-sur-le-v\u00e9lo","embeddable":true,"href":"https:\/\/www.dumoulinbicyclettes.com\/en\/wp-json\/wp\/v2\/position-sur-le-v\u00e9lo?post=185272"}],"curies":[{"name":"wp","href":"https:\/\/api.w.org\/{rel}","templated":true}]}}