{"id":186042,"date":"2022-11-29T17:02:30","date_gmt":"2022-11-29T22:02:30","guid":{"rendered":"http:\/\/www.dumoulinbicyclettes.com\/?post_type=product&#038;p=186042"},"modified":"2025-09-08T13:13:40","modified_gmt":"2025-09-08T17:13:40","slug":"pneu-schwalbe-cx-pro","status":"publish","type":"product","link":"https:\/\/www.dumoulinbicyclettes.com\/en\/product\/pneu-schwalbe-cx-pro\/","title":{"rendered":"Pneu Schwalbe CX Pro"},"content":{"rendered":"<p>Le Schwalbe CX pro a fait figure de r\u00e9f\u00e9rence pendant des ann\u00e9es en ce qui concerne le pneu neige. \u00c9troit, souple, textur\u00e9, il plonge \u00e0 travers la couche de neige fra\u00eeche pour chercher de l&#8217;adh\u00e9rence. Sa gomme tendre offre de belles performances dans les temp\u00e9ratures tr\u00e8s basses.<\/p>\n<p>Vous pourriez \u00e9galement \u00eatre int\u00e9ress\u00e9s par le cousin \u00ab<a href=\"https:\/\/www.dumoulinbicyclettes.com\/produit\/pneu-schwalbe-smart-sam\/\">Smart Sam<\/a>\u00bb&#8230; on sait jamais o\u00f9 un Sam peut vous emmener !<\/p>\n","protected":false},"excerpt":{"rendered":"<p>Le Schwalbe CX pro a fait figure de r\u00e9f\u00e9rence pendant des ann\u00e9es en ce qui concerne le pneu neige. \u00c9troit, souple, textur\u00e9, il plonge \u00e0 travers la couche de neige fra\u00eeche pour chercher de l&#8217;adh\u00e9rence. Sa gomme tendre offre de belles performances dans les temp\u00e9ratures tr\u00e8s basses. Vous pourriez \u00e9galement \u00eatre int\u00e9ress\u00e9s par le cousin [&hellip;]<\/p>\n","protected":false},"featured_media":186047,"template":"","meta":{"_acf_changed":false},"product_brand":[],"product_cat":[226,232],"product_tag":[2244,2239],"marque-produit":[1336],"collection-produit":[2887],"type-surface-produit":[1246],"type-velo-produit":[],"vetement-produit":[],"thematique-produit":[],"position-sur-le-v\u00e9lo":[],"class_list":{"0":"post-186042","1":"product","2":"type-product","3":"status-publish","4":"has-post-thumbnail","6":"product_cat-pneus","7":"product_cat-pneus-de-velo-hybride","8":"product_tag-pneu","9":"product_tag-schwalbe","10":"marque-produit-schwalbe","11":"collection-produit-pneu","12":"type-surface-produit-rang-de-campagne","14":"first","15":"outofstock","16":"taxable","17":"shipping-taxable","18":"purchasable","19":"product-type-variable"},"acf":[],"yoast_head":"<!-- This site is optimized with the Yoast SEO plugin v27.3 - https:\/\/yoast.com\/product\/yoast-seo-wordpress\/ -->\n<title>Pneu Schwalbe CX Pro | Dumoulin Bicyclettes | Pneu neige | v\u00e9lo d&#039;hiver<\/title>\n<meta name=\"description\" content=\"Le Schwalbe CX Pro est un super pneu pour rouler dans la neige fra\u00eeche. Sa texture et sa largeur aident \u00e0 creuser un sillon pour chercher de l&#039;adh\u00e9rence.\" \/>\n<meta name=\"robots\" content=\"index, follow, max-snippet:-1, max-image-preview:large, max-video-preview:-1\" \/>\n<link rel=\"canonical\" href=\"https:\/\/www.dumoulinbicyclettes.com\/produit\/pneu-schwalbe-cx-pro\/\" \/>\n<meta property=\"og:locale\" content=\"en_US\" \/>\n<meta property=\"og:type\" content=\"article\" \/>\n<meta property=\"og:title\" content=\"Pneu Schwalbe CX Pro | Dumoulin Bicyclettes | Pneu neige | v\u00e9lo d&#039;hiver\" \/>\n<meta property=\"og:description\" content=\"Le Schwalbe CX Pro est un super pneu pour rouler dans la neige fra\u00eeche. Sa texture et sa largeur aident \u00e0 creuser un sillon pour chercher de l&#039;adh\u00e9rence.\" \/>\n<meta property=\"og:url\" content=\"https:\/\/www.dumoulinbicyclettes.com\/produit\/pneu-schwalbe-cx-pro\/\" \/>\n<meta property=\"og:site_name\" content=\"Dumoulin Bicyclettes\" \/>\n<meta property=\"article:publisher\" content=\"https:\/\/www.facebook.com\/dumoulinbicyclettes\" \/>\n<meta property=\"article:modified_time\" content=\"2025-09-08T17:13:40+00:00\" \/>\n<meta property=\"og:image\" content=\"https:\/\/www.dumoulinbicyclettes.com\/wp-content\/uploads\/2022\/11\/schwalbe_CX_PRO_2.png\" \/>\n\t<meta property=\"og:image:width\" content=\"800\" \/>\n\t<meta property=\"og:image:height\" content=\"800\" \/>\n\t<meta property=\"og:image:type\" content=\"image\/png\" \/>\n<meta name=\"twitter:card\" content=\"summary_large_image\" \/>\n<script type=\"application\/ld+json\" class=\"yoast-schema-graph\">{\"@context\":\"https:\\\/\\\/schema.org\",\"@graph\":[{\"@type\":\"WebPage\",\"@id\":\"https:\\\/\\\/www.dumoulinbicyclettes.com\\\/produit\\\/pneu-schwalbe-cx-pro\\\/\",\"url\":\"https:\\\/\\\/www.dumoulinbicyclettes.com\\\/produit\\\/pneu-schwalbe-cx-pro\\\/\",\"name\":\"Pneu Schwalbe CX Pro | Dumoulin Bicyclettes | Pneu neige | v\u00e9lo d'hiver\",\"isPartOf\":{\"@id\":\"https:\\\/\\\/www.dumoulinbicyclettes.com\\\/#website\"},\"primaryImageOfPage\":{\"@id\":\"https:\\\/\\\/www.dumoulinbicyclettes.com\\\/produit\\\/pneu-schwalbe-cx-pro\\\/#primaryimage\"},\"image\":{\"@id\":\"https:\\\/\\\/www.dumoulinbicyclettes.com\\\/produit\\\/pneu-schwalbe-cx-pro\\\/#primaryimage\"},\"thumbnailUrl\":\"https:\\\/\\\/www.dumoulinbicyclettes.com\\\/wp-content\\\/uploads\\\/2022\\\/11\\\/schwalbe_CX_PRO_2.png\",\"datePublished\":\"2022-11-29T22:02:30+00:00\",\"dateModified\":\"2025-09-08T17:13:40+00:00\",\"description\":\"Le Schwalbe CX Pro est un super pneu pour rouler dans la neige fra\u00eeche. Sa texture et sa largeur aident \u00e0 creuser un sillon pour chercher de l'adh\u00e9rence.\",\"breadcrumb\":{\"@id\":\"https:\\\/\\\/www.dumoulinbicyclettes.com\\\/produit\\\/pneu-schwalbe-cx-pro\\\/#breadcrumb\"},\"inLanguage\":\"en-US\",\"potentialAction\":[{\"@type\":\"ReadAction\",\"target\":[\"https:\\\/\\\/www.dumoulinbicyclettes.com\\\/produit\\\/pneu-schwalbe-cx-pro\\\/\"]}]},{\"@type\":\"ImageObject\",\"inLanguage\":\"en-US\",\"@id\":\"https:\\\/\\\/www.dumoulinbicyclettes.com\\\/produit\\\/pneu-schwalbe-cx-pro\\\/#primaryimage\",\"url\":\"https:\\\/\\\/www.dumoulinbicyclettes.com\\\/wp-content\\\/uploads\\\/2022\\\/11\\\/schwalbe_CX_PRO_2.png\",\"contentUrl\":\"https:\\\/\\\/www.dumoulinbicyclettes.com\\\/wp-content\\\/uploads\\\/2022\\\/11\\\/schwalbe_CX_PRO_2.png\",\"width\":800,\"height\":800,\"caption\":\"pneu-schwalbe-CX-Pro-v\u00e9lo-d-hiver\"},{\"@type\":\"BreadcrumbList\",\"@id\":\"https:\\\/\\\/www.dumoulinbicyclettes.com\\\/produit\\\/pneu-schwalbe-cx-pro\\\/#breadcrumb\",\"itemListElement\":[{\"@type\":\"ListItem\",\"position\":1,\"name\":\"Home\",\"item\":\"https:\\\/\\\/www.dumoulinbicyclettes.com\\\/en\\\/\"},{\"@type\":\"ListItem\",\"position\":2,\"name\":\"Shop\",\"item\":\"https:\\\/\\\/www.dumoulinbicyclettes.com\\\/en\\\/shop\\\/\"},{\"@type\":\"ListItem\",\"position\":3,\"name\":\"Pneu Schwalbe CX Pro\"}]},{\"@type\":\"WebSite\",\"@id\":\"https:\\\/\\\/www.dumoulinbicyclettes.com\\\/#website\",\"url\":\"https:\\\/\\\/www.dumoulinbicyclettes.com\\\/\",\"name\":\"Dumoulin Bicyclettes\",\"description\":\"\",\"publisher\":{\"@id\":\"https:\\\/\\\/www.dumoulinbicyclettes.com\\\/#organization\"},\"potentialAction\":[{\"@type\":\"SearchAction\",\"target\":{\"@type\":\"EntryPoint\",\"urlTemplate\":\"https:\\\/\\\/www.dumoulinbicyclettes.com\\\/?s={search_term_string}\"},\"query-input\":{\"@type\":\"PropertyValueSpecification\",\"valueRequired\":true,\"valueName\":\"search_term_string\"}}],\"inLanguage\":\"en-US\"},{\"@type\":\"Organization\",\"@id\":\"https:\\\/\\\/www.dumoulinbicyclettes.com\\\/#organization\",\"name\":\"Dumoulin Bicyclettes\",\"url\":\"https:\\\/\\\/www.dumoulinbicyclettes.com\\\/\",\"logo\":{\"@type\":\"ImageObject\",\"inLanguage\":\"en-US\",\"@id\":\"https:\\\/\\\/www.dumoulinbicyclettes.com\\\/#\\\/schema\\\/logo\\\/image\\\/\",\"url\":\"https:\\\/\\\/www.dumoulinbicyclettes.com\\\/wp-content\\\/uploads\\\/2021\\\/04\\\/Logo.svg\",\"contentUrl\":\"https:\\\/\\\/www.dumoulinbicyclettes.com\\\/wp-content\\\/uploads\\\/2021\\\/04\\\/Logo.svg\",\"width\":254,\"height\":86,\"caption\":\"Dumoulin Bicyclettes\"},\"image\":{\"@id\":\"https:\\\/\\\/www.dumoulinbicyclettes.com\\\/#\\\/schema\\\/logo\\\/image\\\/\"},\"sameAs\":[\"https:\\\/\\\/www.facebook.com\\\/dumoulinbicyclettes\",\"https:\\\/\\\/www.instagram.com\\\/dumoulin.ca\\\/\",\"https:\\\/\\\/www.youtube.com\\\/user\\\/dumoulinbicyclettes\"]}]}<\/script>\n<!-- \/ Yoast SEO plugin. -->","yoast_head_json":{"title":"Pneu Schwalbe CX Pro | Dumoulin Bicyclettes | Pneu neige | v\u00e9lo d'hiver","description":"Le Schwalbe CX Pro est un super pneu pour rouler dans la neige fra\u00eeche. Sa texture et sa largeur aident \u00e0 creuser un sillon pour chercher de l'adh\u00e9rence.","robots":{"index":"index","follow":"follow","max-snippet":"max-snippet:-1","max-image-preview":"max-image-preview:large","max-video-preview":"max-video-preview:-1"},"canonical":"https:\/\/www.dumoulinbicyclettes.com\/produit\/pneu-schwalbe-cx-pro\/","og_locale":"en_US","og_type":"article","og_title":"Pneu Schwalbe CX Pro | Dumoulin Bicyclettes | Pneu neige | v\u00e9lo d'hiver","og_description":"Le Schwalbe CX Pro est un super pneu pour rouler dans la neige fra\u00eeche. Sa texture et sa largeur aident \u00e0 creuser un sillon pour chercher de l'adh\u00e9rence.","og_url":"https:\/\/www.dumoulinbicyclettes.com\/produit\/pneu-schwalbe-cx-pro\/","og_site_name":"Dumoulin Bicyclettes","article_publisher":"https:\/\/www.facebook.com\/dumoulinbicyclettes","article_modified_time":"2025-09-08T17:13:40+00:00","og_image":[{"width":800,"height":800,"url":"https:\/\/www.dumoulinbicyclettes.com\/wp-content\/uploads\/2022\/11\/schwalbe_CX_PRO_2.png","type":"image\/png"}],"twitter_card":"summary_large_image","schema":{"@context":"https:\/\/schema.org","@graph":[{"@type":"WebPage","@id":"https:\/\/www.dumoulinbicyclettes.com\/produit\/pneu-schwalbe-cx-pro\/","url":"https:\/\/www.dumoulinbicyclettes.com\/produit\/pneu-schwalbe-cx-pro\/","name":"Pneu Schwalbe CX Pro | Dumoulin Bicyclettes | Pneu neige | v\u00e9lo d'hiver","isPartOf":{"@id":"https:\/\/www.dumoulinbicyclettes.com\/#website"},"primaryImageOfPage":{"@id":"https:\/\/www.dumoulinbicyclettes.com\/produit\/pneu-schwalbe-cx-pro\/#primaryimage"},"image":{"@id":"https:\/\/www.dumoulinbicyclettes.com\/produit\/pneu-schwalbe-cx-pro\/#primaryimage"},"thumbnailUrl":"https:\/\/www.dumoulinbicyclettes.com\/wp-content\/uploads\/2022\/11\/schwalbe_CX_PRO_2.png","datePublished":"2022-11-29T22:02:30+00:00","dateModified":"2025-09-08T17:13:40+00:00","description":"Le Schwalbe CX Pro est un super pneu pour rouler dans la neige fra\u00eeche. Sa texture et sa largeur aident \u00e0 creuser un sillon pour chercher de l'adh\u00e9rence.","breadcrumb":{"@id":"https:\/\/www.dumoulinbicyclettes.com\/produit\/pneu-schwalbe-cx-pro\/#breadcrumb"},"inLanguage":"en-US","potentialAction":[{"@type":"ReadAction","target":["https:\/\/www.dumoulinbicyclettes.com\/produit\/pneu-schwalbe-cx-pro\/"]}]},{"@type":"ImageObject","inLanguage":"en-US","@id":"https:\/\/www.dumoulinbicyclettes.com\/produit\/pneu-schwalbe-cx-pro\/#primaryimage","url":"https:\/\/www.dumoulinbicyclettes.com\/wp-content\/uploads\/2022\/11\/schwalbe_CX_PRO_2.png","contentUrl":"https:\/\/www.dumoulinbicyclettes.com\/wp-content\/uploads\/2022\/11\/schwalbe_CX_PRO_2.png","width":800,"height":800,"caption":"pneu-schwalbe-CX-Pro-v\u00e9lo-d-hiver"},{"@type":"BreadcrumbList","@id":"https:\/\/www.dumoulinbicyclettes.com\/produit\/pneu-schwalbe-cx-pro\/#breadcrumb","itemListElement":[{"@type":"ListItem","position":1,"name":"Home","item":"https:\/\/www.dumoulinbicyclettes.com\/en\/"},{"@type":"ListItem","position":2,"name":"Shop","item":"https:\/\/www.dumoulinbicyclettes.com\/en\/shop\/"},{"@type":"ListItem","position":3,"name":"Pneu Schwalbe CX Pro"}]},{"@type":"WebSite","@id":"https:\/\/www.dumoulinbicyclettes.com\/#website","url":"https:\/\/www.dumoulinbicyclettes.com\/","name":"Dumoulin Bicyclettes","description":"","publisher":{"@id":"https:\/\/www.dumoulinbicyclettes.com\/#organization"},"potentialAction":[{"@type":"SearchAction","target":{"@type":"EntryPoint","urlTemplate":"https:\/\/www.dumoulinbicyclettes.com\/?s={search_term_string}"},"query-input":{"@type":"PropertyValueSpecification","valueRequired":true,"valueName":"search_term_string"}}],"inLanguage":"en-US"},{"@type":"Organization","@id":"https:\/\/www.dumoulinbicyclettes.com\/#organization","name":"Dumoulin Bicyclettes","url":"https:\/\/www.dumoulinbicyclettes.com\/","logo":{"@type":"ImageObject","inLanguage":"en-US","@id":"https:\/\/www.dumoulinbicyclettes.com\/#\/schema\/logo\/image\/","url":"https:\/\/www.dumoulinbicyclettes.com\/wp-content\/uploads\/2021\/04\/Logo.svg","contentUrl":"https:\/\/www.dumoulinbicyclettes.com\/wp-content\/uploads\/2021\/04\/Logo.svg","width":254,"height":86,"caption":"Dumoulin Bicyclettes"},"image":{"@id":"https:\/\/www.dumoulinbicyclettes.com\/#\/schema\/logo\/image\/"},"sameAs":["https:\/\/www.facebook.com\/dumoulinbicyclettes","https:\/\/www.instagram.com\/dumoulin.ca\/","https:\/\/www.youtube.com\/user\/dumoulinbicyclettes"]}]}},"_links":{"self":[{"href":"https:\/\/www.dumoulinbicyclettes.com\/en\/wp-json\/wp\/v2\/product\/186042","targetHints":{"allow":["GET"]}}],"collection":[{"href":"https:\/\/www.dumoulinbicyclettes.com\/en\/wp-json\/wp\/v2\/product"}],"about":[{"href":"https:\/\/www.dumoulinbicyclettes.com\/en\/wp-json\/wp\/v2\/types\/product"}],"wp:featuredmedia":[{"embeddable":true,"href":"https:\/\/www.dumoulinbicyclettes.com\/en\/wp-json\/wp\/v2\/media\/186047"}],"wp:attachment":[{"href":"https:\/\/www.dumoulinbicyclettes.com\/en\/wp-json\/wp\/v2\/media?parent=186042"}],"wp:term":[{"taxonomy":"product_brand","embeddable":true,"href":"https:\/\/www.dumoulinbicyclettes.com\/en\/wp-json\/wp\/v2\/product_brand?post=186042"},{"taxonomy":"product_cat","embeddable":true,"href":"https:\/\/www.dumoulinbicyclettes.com\/en\/wp-json\/wp\/v2\/product_cat?post=186042"},{"taxonomy":"product_tag","embeddable":true,"href":"https:\/\/www.dumoulinbicyclettes.com\/en\/wp-json\/wp\/v2\/product_tag?post=186042"},{"taxonomy":"marque-produit","embeddable":true,"href":"https:\/\/www.dumoulinbicyclettes.com\/en\/wp-json\/wp\/v2\/marque-produit?post=186042"},{"taxonomy":"collection-produit","embeddable":true,"href":"https:\/\/www.dumoulinbicyclettes.com\/en\/wp-json\/wp\/v2\/collection-produit?post=186042"},{"taxonomy":"type-surface-produit","embeddable":true,"href":"https:\/\/www.dumoulinbicyclettes.com\/en\/wp-json\/wp\/v2\/type-surface-produit?post=186042"},{"taxonomy":"type-velo-produit","embeddable":true,"href":"https:\/\/www.dumoulinbicyclettes.com\/en\/wp-json\/wp\/v2\/type-velo-produit?post=186042"},{"taxonomy":"vetement-produit","embeddable":true,"href":"https:\/\/www.dumoulinbicyclettes.com\/en\/wp-json\/wp\/v2\/vetement-produit?post=186042"},{"taxonomy":"thematique-produit","embeddable":true,"href":"https:\/\/www.dumoulinbicyclettes.com\/en\/wp-json\/wp\/v2\/thematique-produit?post=186042"},{"taxonomy":"position-sur-le-v\u00e9lo","embeddable":true,"href":"https:\/\/www.dumoulinbicyclettes.com\/en\/wp-json\/wp\/v2\/position-sur-le-v\u00e9lo?post=186042"}],"curies":[{"name":"wp","href":"https:\/\/api.w.org\/{rel}","templated":true}]}}