{"id":190255,"date":"2022-12-05T13:02:25","date_gmt":"2022-12-05T18:02:25","guid":{"rendered":"http:\/\/www.dumoulinbicyclettes.com\/?post_type=product&#038;p=190255"},"modified":"2025-09-08T13:13:38","modified_gmt":"2025-09-08T17:13:38","slug":"vaude-aqua-back-light","status":"publish","type":"product","link":"https:\/\/www.dumoulinbicyclettes.com\/en\/product\/vaude-aqua-back-light\/","title":{"rendered":"Sacoches Vaude \u00abAqua Back Light\u00bb"},"content":{"rendered":"<p>La s\u00e9rie <em><a href=\"https:\/\/www.dumoulinbicyclettes.com\/categorie-produit\/accessoires\/sacs-et-porte-bagages\/sacoches\/?swoof=1&amp;marque-produit=vaude&amp;really_curr_tax=195-product_cat\" target=\"_blank\" rel=\"noopener\">Aqua<\/a><\/em> se d\u00e9cline d\u00e9sormais en version ultra l\u00e9g\u00e8re. En effet, cette paire de sacoches <em>Vaude Aqua Back Light<\/em> se d\u00e9partit de tout lestage inutile.<\/p>\n<p>Aussi imperm\u00e9able que les grandes soeurs, aussi solidement install\u00e9es sur le porte-bagages, elles sont utiles pour les cyclistes du quotidien comme pour ceux qui r\u00eavent d&#8217;aventures.<\/p>\n","protected":false},"excerpt":{"rendered":"<p>La s\u00e9rie Aqua se d\u00e9cline d\u00e9sormais en version ultra l\u00e9g\u00e8re. En effet, cette paire de sacoches Vaude Aqua Back Light se d\u00e9partit de tout lestage inutile. Aussi imperm\u00e9able que les grandes soeurs, aussi solidement install\u00e9es sur le porte-bagages, elles sont utiles pour les cyclistes du quotidien comme pour ceux qui r\u00eavent d&#8217;aventures.<\/p>\n","protected":false},"featured_media":18785,"template":"","meta":{"_acf_changed":false},"product_brand":[],"product_cat":[195,188],"product_tag":[2216],"marque-produit":[1265],"collection-produit":[],"type-surface-produit":[],"type-velo-produit":[],"vetement-produit":[],"thematique-produit":[],"position-sur-le-v\u00e9lo":[],"class_list":{"0":"post-190255","1":"product","2":"type-product","3":"status-publish","4":"has-post-thumbnail","6":"product_cat-sacoches","7":"product_cat-sacs-et-porte-bagages","8":"product_tag-vaude","9":"marque-produit-vaude","11":"first","12":"instock","13":"taxable","14":"shipping-taxable","15":"purchasable","16":"product-type-variable"},"acf":[],"yoast_head":"<!-- This site is optimized with the Yoast SEO plugin v27.3 - https:\/\/yoast.com\/product\/yoast-seo-wordpress\/ -->\n<title>Sacoches Vaude \u00abAqua Back Light\u00bb - Dumoulin Bicyclettes<\/title>\n<meta name=\"description\" content=\"Les sacoches Vaude Aqua Back Light sont ultra-l\u00e9g\u00e8res et imperm\u00e9ables. Pens\u00e9es pour le bikepacking, elles feront la joie des cyclistes.\" \/>\n<meta name=\"robots\" content=\"index, follow, max-snippet:-1, max-image-preview:large, max-video-preview:-1\" \/>\n<link rel=\"canonical\" href=\"https:\/\/www.dumoulinbicyclettes.com\/produit\/vaude-aqua-back-light\/\" \/>\n<meta property=\"og:locale\" content=\"en_US\" \/>\n<meta property=\"og:type\" content=\"article\" \/>\n<meta property=\"og:title\" content=\"Sacoches Vaude \u00abAqua Back Light\u00bb - Dumoulin Bicyclettes\" \/>\n<meta property=\"og:description\" content=\"Les sacoches Vaude Aqua Back Light sont ultra-l\u00e9g\u00e8res et imperm\u00e9ables. Pens\u00e9es pour le bikepacking, elles feront la joie des cyclistes.\" \/>\n<meta property=\"og:url\" content=\"https:\/\/www.dumoulinbicyclettes.com\/produit\/vaude-aqua-back-light\/\" \/>\n<meta property=\"og:site_name\" content=\"Dumoulin Bicyclettes\" \/>\n<meta property=\"article:publisher\" content=\"https:\/\/www.facebook.com\/dumoulinbicyclettes\" \/>\n<meta property=\"article:modified_time\" content=\"2025-09-08T17:13:38+00:00\" \/>\n<meta property=\"og:image\" content=\"http:\/\/www.dumoulinbicyclettes.com\/wp-content\/uploads\/2021\/09\/vaude-aqua-front-light-22-vert-4.jpg\" \/>\n\t<meta property=\"og:image:width\" content=\"769\" \/>\n\t<meta property=\"og:image:height\" content=\"1000\" \/>\n\t<meta property=\"og:image:type\" content=\"image\/jpeg\" \/>\n<meta name=\"twitter:card\" content=\"summary_large_image\" \/>\n<meta name=\"twitter:label1\" content=\"Est. reading time\" \/>\n\t<meta name=\"twitter:data1\" content=\"1 minute\" \/>\n<script type=\"application\/ld+json\" class=\"yoast-schema-graph\">{\"@context\":\"https:\\\/\\\/schema.org\",\"@graph\":[{\"@type\":\"WebPage\",\"@id\":\"https:\\\/\\\/www.dumoulinbicyclettes.com\\\/produit\\\/vaude-aqua-back-light\\\/\",\"url\":\"https:\\\/\\\/www.dumoulinbicyclettes.com\\\/produit\\\/vaude-aqua-back-light\\\/\",\"name\":\"Sacoches Vaude \u00abAqua Back Light\u00bb - Dumoulin Bicyclettes\",\"isPartOf\":{\"@id\":\"https:\\\/\\\/www.dumoulinbicyclettes.com\\\/#website\"},\"primaryImageOfPage\":{\"@id\":\"https:\\\/\\\/www.dumoulinbicyclettes.com\\\/produit\\\/vaude-aqua-back-light\\\/#primaryimage\"},\"image\":{\"@id\":\"https:\\\/\\\/www.dumoulinbicyclettes.com\\\/produit\\\/vaude-aqua-back-light\\\/#primaryimage\"},\"thumbnailUrl\":\"https:\\\/\\\/www.dumoulinbicyclettes.com\\\/wp-content\\\/uploads\\\/2021\\\/09\\\/vaude-aqua-front-light-22-vert-4.jpg\",\"datePublished\":\"2022-12-05T18:02:25+00:00\",\"dateModified\":\"2025-09-08T17:13:38+00:00\",\"description\":\"Les sacoches Vaude Aqua Back Light sont ultra-l\u00e9g\u00e8res et imperm\u00e9ables. Pens\u00e9es pour le bikepacking, elles feront la joie des cyclistes.\",\"breadcrumb\":{\"@id\":\"https:\\\/\\\/www.dumoulinbicyclettes.com\\\/produit\\\/vaude-aqua-back-light\\\/#breadcrumb\"},\"inLanguage\":\"en-US\",\"potentialAction\":[{\"@type\":\"ReadAction\",\"target\":[\"https:\\\/\\\/www.dumoulinbicyclettes.com\\\/produit\\\/vaude-aqua-back-light\\\/\"]}]},{\"@type\":\"ImageObject\",\"inLanguage\":\"en-US\",\"@id\":\"https:\\\/\\\/www.dumoulinbicyclettes.com\\\/produit\\\/vaude-aqua-back-light\\\/#primaryimage\",\"url\":\"https:\\\/\\\/www.dumoulinbicyclettes.com\\\/wp-content\\\/uploads\\\/2021\\\/09\\\/vaude-aqua-front-light-22-vert-4.jpg\",\"contentUrl\":\"https:\\\/\\\/www.dumoulinbicyclettes.com\\\/wp-content\\\/uploads\\\/2021\\\/09\\\/vaude-aqua-front-light-22-vert-4.jpg\",\"width\":769,\"height\":1000,\"caption\":\"Vaude_Aqua_Back_Light_Vaude_Aqua_Front_Light_\"},{\"@type\":\"BreadcrumbList\",\"@id\":\"https:\\\/\\\/www.dumoulinbicyclettes.com\\\/produit\\\/vaude-aqua-back-light\\\/#breadcrumb\",\"itemListElement\":[{\"@type\":\"ListItem\",\"position\":1,\"name\":\"Home\",\"item\":\"https:\\\/\\\/www.dumoulinbicyclettes.com\\\/en\\\/\"},{\"@type\":\"ListItem\",\"position\":2,\"name\":\"Shop\",\"item\":\"https:\\\/\\\/www.dumoulinbicyclettes.com\\\/en\\\/shop\\\/\"},{\"@type\":\"ListItem\",\"position\":3,\"name\":\"Sacoches Vaude \u00abAqua Back Light\u00bb\"}]},{\"@type\":\"WebSite\",\"@id\":\"https:\\\/\\\/www.dumoulinbicyclettes.com\\\/#website\",\"url\":\"https:\\\/\\\/www.dumoulinbicyclettes.com\\\/\",\"name\":\"Dumoulin Bicyclettes\",\"description\":\"\",\"publisher\":{\"@id\":\"https:\\\/\\\/www.dumoulinbicyclettes.com\\\/#organization\"},\"potentialAction\":[{\"@type\":\"SearchAction\",\"target\":{\"@type\":\"EntryPoint\",\"urlTemplate\":\"https:\\\/\\\/www.dumoulinbicyclettes.com\\\/?s={search_term_string}\"},\"query-input\":{\"@type\":\"PropertyValueSpecification\",\"valueRequired\":true,\"valueName\":\"search_term_string\"}}],\"inLanguage\":\"en-US\"},{\"@type\":\"Organization\",\"@id\":\"https:\\\/\\\/www.dumoulinbicyclettes.com\\\/#organization\",\"name\":\"Dumoulin Bicyclettes\",\"url\":\"https:\\\/\\\/www.dumoulinbicyclettes.com\\\/\",\"logo\":{\"@type\":\"ImageObject\",\"inLanguage\":\"en-US\",\"@id\":\"https:\\\/\\\/www.dumoulinbicyclettes.com\\\/#\\\/schema\\\/logo\\\/image\\\/\",\"url\":\"https:\\\/\\\/www.dumoulinbicyclettes.com\\\/wp-content\\\/uploads\\\/2021\\\/04\\\/Logo.svg\",\"contentUrl\":\"https:\\\/\\\/www.dumoulinbicyclettes.com\\\/wp-content\\\/uploads\\\/2021\\\/04\\\/Logo.svg\",\"width\":254,\"height\":86,\"caption\":\"Dumoulin Bicyclettes\"},\"image\":{\"@id\":\"https:\\\/\\\/www.dumoulinbicyclettes.com\\\/#\\\/schema\\\/logo\\\/image\\\/\"},\"sameAs\":[\"https:\\\/\\\/www.facebook.com\\\/dumoulinbicyclettes\",\"https:\\\/\\\/www.instagram.com\\\/dumoulin.ca\\\/\",\"https:\\\/\\\/www.youtube.com\\\/user\\\/dumoulinbicyclettes\"]}]}<\/script>\n<!-- \/ Yoast SEO plugin. -->","yoast_head_json":{"title":"Sacoches Vaude \u00abAqua Back Light\u00bb - Dumoulin Bicyclettes","description":"Les sacoches Vaude Aqua Back Light sont ultra-l\u00e9g\u00e8res et imperm\u00e9ables. Pens\u00e9es pour le bikepacking, elles feront la joie des cyclistes.","robots":{"index":"index","follow":"follow","max-snippet":"max-snippet:-1","max-image-preview":"max-image-preview:large","max-video-preview":"max-video-preview:-1"},"canonical":"https:\/\/www.dumoulinbicyclettes.com\/produit\/vaude-aqua-back-light\/","og_locale":"en_US","og_type":"article","og_title":"Sacoches Vaude \u00abAqua Back Light\u00bb - Dumoulin Bicyclettes","og_description":"Les sacoches Vaude Aqua Back Light sont ultra-l\u00e9g\u00e8res et imperm\u00e9ables. Pens\u00e9es pour le bikepacking, elles feront la joie des cyclistes.","og_url":"https:\/\/www.dumoulinbicyclettes.com\/produit\/vaude-aqua-back-light\/","og_site_name":"Dumoulin Bicyclettes","article_publisher":"https:\/\/www.facebook.com\/dumoulinbicyclettes","article_modified_time":"2025-09-08T17:13:38+00:00","og_image":[{"width":769,"height":1000,"url":"http:\/\/www.dumoulinbicyclettes.com\/wp-content\/uploads\/2021\/09\/vaude-aqua-front-light-22-vert-4.jpg","type":"image\/jpeg"}],"twitter_card":"summary_large_image","twitter_misc":{"Est. reading time":"1 minute"},"schema":{"@context":"https:\/\/schema.org","@graph":[{"@type":"WebPage","@id":"https:\/\/www.dumoulinbicyclettes.com\/produit\/vaude-aqua-back-light\/","url":"https:\/\/www.dumoulinbicyclettes.com\/produit\/vaude-aqua-back-light\/","name":"Sacoches Vaude \u00abAqua Back Light\u00bb - Dumoulin Bicyclettes","isPartOf":{"@id":"https:\/\/www.dumoulinbicyclettes.com\/#website"},"primaryImageOfPage":{"@id":"https:\/\/www.dumoulinbicyclettes.com\/produit\/vaude-aqua-back-light\/#primaryimage"},"image":{"@id":"https:\/\/www.dumoulinbicyclettes.com\/produit\/vaude-aqua-back-light\/#primaryimage"},"thumbnailUrl":"https:\/\/www.dumoulinbicyclettes.com\/wp-content\/uploads\/2021\/09\/vaude-aqua-front-light-22-vert-4.jpg","datePublished":"2022-12-05T18:02:25+00:00","dateModified":"2025-09-08T17:13:38+00:00","description":"Les sacoches Vaude Aqua Back Light sont ultra-l\u00e9g\u00e8res et imperm\u00e9ables. Pens\u00e9es pour le bikepacking, elles feront la joie des cyclistes.","breadcrumb":{"@id":"https:\/\/www.dumoulinbicyclettes.com\/produit\/vaude-aqua-back-light\/#breadcrumb"},"inLanguage":"en-US","potentialAction":[{"@type":"ReadAction","target":["https:\/\/www.dumoulinbicyclettes.com\/produit\/vaude-aqua-back-light\/"]}]},{"@type":"ImageObject","inLanguage":"en-US","@id":"https:\/\/www.dumoulinbicyclettes.com\/produit\/vaude-aqua-back-light\/#primaryimage","url":"https:\/\/www.dumoulinbicyclettes.com\/wp-content\/uploads\/2021\/09\/vaude-aqua-front-light-22-vert-4.jpg","contentUrl":"https:\/\/www.dumoulinbicyclettes.com\/wp-content\/uploads\/2021\/09\/vaude-aqua-front-light-22-vert-4.jpg","width":769,"height":1000,"caption":"Vaude_Aqua_Back_Light_Vaude_Aqua_Front_Light_"},{"@type":"BreadcrumbList","@id":"https:\/\/www.dumoulinbicyclettes.com\/produit\/vaude-aqua-back-light\/#breadcrumb","itemListElement":[{"@type":"ListItem","position":1,"name":"Home","item":"https:\/\/www.dumoulinbicyclettes.com\/en\/"},{"@type":"ListItem","position":2,"name":"Shop","item":"https:\/\/www.dumoulinbicyclettes.com\/en\/shop\/"},{"@type":"ListItem","position":3,"name":"Sacoches Vaude \u00abAqua Back Light\u00bb"}]},{"@type":"WebSite","@id":"https:\/\/www.dumoulinbicyclettes.com\/#website","url":"https:\/\/www.dumoulinbicyclettes.com\/","name":"Dumoulin Bicyclettes","description":"","publisher":{"@id":"https:\/\/www.dumoulinbicyclettes.com\/#organization"},"potentialAction":[{"@type":"SearchAction","target":{"@type":"EntryPoint","urlTemplate":"https:\/\/www.dumoulinbicyclettes.com\/?s={search_term_string}"},"query-input":{"@type":"PropertyValueSpecification","valueRequired":true,"valueName":"search_term_string"}}],"inLanguage":"en-US"},{"@type":"Organization","@id":"https:\/\/www.dumoulinbicyclettes.com\/#organization","name":"Dumoulin Bicyclettes","url":"https:\/\/www.dumoulinbicyclettes.com\/","logo":{"@type":"ImageObject","inLanguage":"en-US","@id":"https:\/\/www.dumoulinbicyclettes.com\/#\/schema\/logo\/image\/","url":"https:\/\/www.dumoulinbicyclettes.com\/wp-content\/uploads\/2021\/04\/Logo.svg","contentUrl":"https:\/\/www.dumoulinbicyclettes.com\/wp-content\/uploads\/2021\/04\/Logo.svg","width":254,"height":86,"caption":"Dumoulin Bicyclettes"},"image":{"@id":"https:\/\/www.dumoulinbicyclettes.com\/#\/schema\/logo\/image\/"},"sameAs":["https:\/\/www.facebook.com\/dumoulinbicyclettes","https:\/\/www.instagram.com\/dumoulin.ca\/","https:\/\/www.youtube.com\/user\/dumoulinbicyclettes"]}]}},"_links":{"self":[{"href":"https:\/\/www.dumoulinbicyclettes.com\/en\/wp-json\/wp\/v2\/product\/190255","targetHints":{"allow":["GET"]}}],"collection":[{"href":"https:\/\/www.dumoulinbicyclettes.com\/en\/wp-json\/wp\/v2\/product"}],"about":[{"href":"https:\/\/www.dumoulinbicyclettes.com\/en\/wp-json\/wp\/v2\/types\/product"}],"wp:featuredmedia":[{"embeddable":true,"href":"https:\/\/www.dumoulinbicyclettes.com\/en\/wp-json\/wp\/v2\/media\/18785"}],"wp:attachment":[{"href":"https:\/\/www.dumoulinbicyclettes.com\/en\/wp-json\/wp\/v2\/media?parent=190255"}],"wp:term":[{"taxonomy":"product_brand","embeddable":true,"href":"https:\/\/www.dumoulinbicyclettes.com\/en\/wp-json\/wp\/v2\/product_brand?post=190255"},{"taxonomy":"product_cat","embeddable":true,"href":"https:\/\/www.dumoulinbicyclettes.com\/en\/wp-json\/wp\/v2\/product_cat?post=190255"},{"taxonomy":"product_tag","embeddable":true,"href":"https:\/\/www.dumoulinbicyclettes.com\/en\/wp-json\/wp\/v2\/product_tag?post=190255"},{"taxonomy":"marque-produit","embeddable":true,"href":"https:\/\/www.dumoulinbicyclettes.com\/en\/wp-json\/wp\/v2\/marque-produit?post=190255"},{"taxonomy":"collection-produit","embeddable":true,"href":"https:\/\/www.dumoulinbicyclettes.com\/en\/wp-json\/wp\/v2\/collection-produit?post=190255"},{"taxonomy":"type-surface-produit","embeddable":true,"href":"https:\/\/www.dumoulinbicyclettes.com\/en\/wp-json\/wp\/v2\/type-surface-produit?post=190255"},{"taxonomy":"type-velo-produit","embeddable":true,"href":"https:\/\/www.dumoulinbicyclettes.com\/en\/wp-json\/wp\/v2\/type-velo-produit?post=190255"},{"taxonomy":"vetement-produit","embeddable":true,"href":"https:\/\/www.dumoulinbicyclettes.com\/en\/wp-json\/wp\/v2\/vetement-produit?post=190255"},{"taxonomy":"thematique-produit","embeddable":true,"href":"https:\/\/www.dumoulinbicyclettes.com\/en\/wp-json\/wp\/v2\/thematique-produit?post=190255"},{"taxonomy":"position-sur-le-v\u00e9lo","embeddable":true,"href":"https:\/\/www.dumoulinbicyclettes.com\/en\/wp-json\/wp\/v2\/position-sur-le-v\u00e9lo?post=190255"}],"curies":[{"name":"wp","href":"https:\/\/api.w.org\/{rel}","templated":true}]}}