{"id":199012,"date":"2022-12-22T16:02:57","date_gmt":"2022-12-22T21:02:57","guid":{"rendered":"http:\/\/www.dumoulinbicyclettes.com\/?post_type=product&#038;p=199012"},"modified":"2025-10-03T19:01:14","modified_gmt":"2025-10-03T23:01:14","slug":"breezer-doppler-cafe","status":"publish","type":"product","link":"https:\/\/www.dumoulinbicyclettes.com\/en\/product\/breezer-doppler-cafe\/","title":{"rendered":"Breezer Doppler Caf\u00e9 +"},"content":{"rendered":"<p>Superbe v\u00e9lo, le <a href=\"https:\/\/www.breezerbikes.com\/collections\/doppler\/products\/doppler-cafe\" target=\"_blank\" rel=\"noopener\">Breezer Doppler Caf\u00e9<\/a> est un couteau suisse. Sur les routes de votre quotidien, il est agr\u00e9able et efficace. Durant les exp\u00e9ditions et aventures de fin de semaine, c&#8217;est le compagnon fiable et volontaire.<\/p>\n<p>Une tr\u00e8s belle machine originale, esth\u00e9tique et polyvalente.<\/p>\n","protected":false},"excerpt":{"rendered":"<p>Superbe v\u00e9lo, le Breezer Doppler Caf\u00e9 est un couteau suisse. Sur les routes de votre quotidien, il est agr\u00e9able et efficace. Durant les exp\u00e9ditions et aventures de fin de semaine, c&#8217;est le compagnon fiable et volontaire. Une tr\u00e8s belle machine originale, esth\u00e9tique et polyvalente.<\/p>\n","protected":false},"featured_media":199020,"template":"","meta":{"_acf_changed":false},"product_brand":[],"product_cat":[171,173,161,1217],"product_tag":[2286,2954],"marque-produit":[2191],"collection-produit":[],"type-surface-produit":[],"type-velo-produit":[],"vetement-produit":[],"thematique-produit":[],"position-sur-le-v\u00e9lo":[],"class_list":{"0":"post-199012","1":"product","2":"type-product","3":"status-publish","4":"has-post-thumbnail","6":"product_cat-hybrides-performance","7":"product_cat-urbains","8":"product_cat-velos","9":"product_cat-velos-hybrides","10":"product_tag-breezer","11":"product_tag-doppler-cafe","12":"marque-produit-breezer","14":"first","15":"instock","16":"sale","17":"taxable","18":"shipping-taxable","19":"purchasable","20":"product-type-variable"},"acf":[],"yoast_head":"<!-- This site is optimized with the Yoast SEO plugin v27.3 - https:\/\/yoast.com\/product\/yoast-seo-wordpress\/ -->\n<title>Breezer Doppler Caf\u00e9 - Dumoulin Bicyclettes | Montr\u00e9al |\u00a0Qu\u00e9bec | Breezer<\/title>\n<meta name=\"description\" content=\"Le Breezer Doppler Caf\u00e9 est une superbe machine apportant purs joies et plaisirs cyclistes. Sur les routes du quotidien comme en randos !\" \/>\n<meta name=\"robots\" content=\"index, follow, max-snippet:-1, max-image-preview:large, max-video-preview:-1\" \/>\n<link rel=\"canonical\" href=\"https:\/\/www.dumoulinbicyclettes.com\/produit\/breezer-doppler-cafe\/\" \/>\n<meta property=\"og:locale\" content=\"en_US\" \/>\n<meta property=\"og:type\" content=\"article\" \/>\n<meta property=\"og:title\" content=\"Breezer Doppler Caf\u00e9 - Dumoulin Bicyclettes | Montr\u00e9al |\u00a0Qu\u00e9bec | Breezer\" \/>\n<meta property=\"og:description\" content=\"Le Breezer Doppler Caf\u00e9 est une superbe machine apportant purs joies et plaisirs cyclistes. Sur les routes du quotidien comme en randos !\" \/>\n<meta property=\"og:url\" content=\"https:\/\/www.dumoulinbicyclettes.com\/produit\/breezer-doppler-cafe\/\" \/>\n<meta property=\"og:site_name\" content=\"Dumoulin Bicyclettes\" \/>\n<meta property=\"article:publisher\" content=\"https:\/\/www.facebook.com\/dumoulinbicyclettes\" \/>\n<meta property=\"article:modified_time\" content=\"2025-10-03T23:01:14+00:00\" \/>\n<meta property=\"og:image\" content=\"http:\/\/www.dumoulinbicyclettes.com\/wp-content\/uploads\/2022\/12\/2021_BREEZER_DOPPLER_CAFE_DEEPBLUE.png\" \/>\n\t<meta property=\"og:image:width\" content=\"700\" \/>\n\t<meta property=\"og:image:height\" content=\"458\" \/>\n\t<meta property=\"og:image:type\" content=\"image\/png\" \/>\n<meta name=\"twitter:card\" content=\"summary_large_image\" \/>\n<meta name=\"twitter:label1\" content=\"Est. reading time\" \/>\n\t<meta name=\"twitter:data1\" content=\"1 minute\" \/>\n<script type=\"application\/ld+json\" class=\"yoast-schema-graph\">{\"@context\":\"https:\\\/\\\/schema.org\",\"@graph\":[{\"@type\":\"WebPage\",\"@id\":\"https:\\\/\\\/www.dumoulinbicyclettes.com\\\/produit\\\/breezer-doppler-cafe\\\/\",\"url\":\"https:\\\/\\\/www.dumoulinbicyclettes.com\\\/produit\\\/breezer-doppler-cafe\\\/\",\"name\":\"Breezer Doppler Caf\u00e9 - Dumoulin Bicyclettes | Montr\u00e9al |\u00a0Qu\u00e9bec | Breezer\",\"isPartOf\":{\"@id\":\"https:\\\/\\\/www.dumoulinbicyclettes.com\\\/#website\"},\"primaryImageOfPage\":{\"@id\":\"https:\\\/\\\/www.dumoulinbicyclettes.com\\\/produit\\\/breezer-doppler-cafe\\\/#primaryimage\"},\"image\":{\"@id\":\"https:\\\/\\\/www.dumoulinbicyclettes.com\\\/produit\\\/breezer-doppler-cafe\\\/#primaryimage\"},\"thumbnailUrl\":\"https:\\\/\\\/www.dumoulinbicyclettes.com\\\/wp-content\\\/uploads\\\/2022\\\/12\\\/2021_BREEZER_DOPPLER_CAFE_DEEPBLUE.png\",\"datePublished\":\"2022-12-22T21:02:57+00:00\",\"dateModified\":\"2025-10-03T23:01:14+00:00\",\"description\":\"Le Breezer Doppler Caf\u00e9 est une superbe machine apportant purs joies et plaisirs cyclistes. Sur les routes du quotidien comme en randos !\",\"breadcrumb\":{\"@id\":\"https:\\\/\\\/www.dumoulinbicyclettes.com\\\/produit\\\/breezer-doppler-cafe\\\/#breadcrumb\"},\"inLanguage\":\"en-US\",\"potentialAction\":[{\"@type\":\"ReadAction\",\"target\":[\"https:\\\/\\\/www.dumoulinbicyclettes.com\\\/produit\\\/breezer-doppler-cafe\\\/\"]}]},{\"@type\":\"ImageObject\",\"inLanguage\":\"en-US\",\"@id\":\"https:\\\/\\\/www.dumoulinbicyclettes.com\\\/produit\\\/breezer-doppler-cafe\\\/#primaryimage\",\"url\":\"https:\\\/\\\/www.dumoulinbicyclettes.com\\\/wp-content\\\/uploads\\\/2022\\\/12\\\/2021_BREEZER_DOPPLER_CAFE_DEEPBLUE.png\",\"contentUrl\":\"https:\\\/\\\/www.dumoulinbicyclettes.com\\\/wp-content\\\/uploads\\\/2022\\\/12\\\/2021_BREEZER_DOPPLER_CAFE_DEEPBLUE.png\",\"width\":700,\"height\":458,\"caption\":\"Breezer-Radar-Doppler_cafe_\"},{\"@type\":\"BreadcrumbList\",\"@id\":\"https:\\\/\\\/www.dumoulinbicyclettes.com\\\/produit\\\/breezer-doppler-cafe\\\/#breadcrumb\",\"itemListElement\":[{\"@type\":\"ListItem\",\"position\":1,\"name\":\"Home\",\"item\":\"https:\\\/\\\/www.dumoulinbicyclettes.com\\\/en\\\/\"},{\"@type\":\"ListItem\",\"position\":2,\"name\":\"Shop\",\"item\":\"https:\\\/\\\/www.dumoulinbicyclettes.com\\\/en\\\/shop\\\/\"},{\"@type\":\"ListItem\",\"position\":3,\"name\":\"Breezer Doppler Caf\u00e9 +\"}]},{\"@type\":\"WebSite\",\"@id\":\"https:\\\/\\\/www.dumoulinbicyclettes.com\\\/#website\",\"url\":\"https:\\\/\\\/www.dumoulinbicyclettes.com\\\/\",\"name\":\"Dumoulin Bicyclettes\",\"description\":\"\",\"publisher\":{\"@id\":\"https:\\\/\\\/www.dumoulinbicyclettes.com\\\/#organization\"},\"potentialAction\":[{\"@type\":\"SearchAction\",\"target\":{\"@type\":\"EntryPoint\",\"urlTemplate\":\"https:\\\/\\\/www.dumoulinbicyclettes.com\\\/?s={search_term_string}\"},\"query-input\":{\"@type\":\"PropertyValueSpecification\",\"valueRequired\":true,\"valueName\":\"search_term_string\"}}],\"inLanguage\":\"en-US\"},{\"@type\":\"Organization\",\"@id\":\"https:\\\/\\\/www.dumoulinbicyclettes.com\\\/#organization\",\"name\":\"Dumoulin Bicyclettes\",\"url\":\"https:\\\/\\\/www.dumoulinbicyclettes.com\\\/\",\"logo\":{\"@type\":\"ImageObject\",\"inLanguage\":\"en-US\",\"@id\":\"https:\\\/\\\/www.dumoulinbicyclettes.com\\\/#\\\/schema\\\/logo\\\/image\\\/\",\"url\":\"https:\\\/\\\/www.dumoulinbicyclettes.com\\\/wp-content\\\/uploads\\\/2021\\\/04\\\/Logo.svg\",\"contentUrl\":\"https:\\\/\\\/www.dumoulinbicyclettes.com\\\/wp-content\\\/uploads\\\/2021\\\/04\\\/Logo.svg\",\"width\":254,\"height\":86,\"caption\":\"Dumoulin Bicyclettes\"},\"image\":{\"@id\":\"https:\\\/\\\/www.dumoulinbicyclettes.com\\\/#\\\/schema\\\/logo\\\/image\\\/\"},\"sameAs\":[\"https:\\\/\\\/www.facebook.com\\\/dumoulinbicyclettes\",\"https:\\\/\\\/www.instagram.com\\\/dumoulin.ca\\\/\",\"https:\\\/\\\/www.youtube.com\\\/user\\\/dumoulinbicyclettes\"]}]}<\/script>\n<!-- \/ Yoast SEO plugin. -->","yoast_head_json":{"title":"Breezer Doppler Caf\u00e9 - Dumoulin Bicyclettes | Montr\u00e9al |\u00a0Qu\u00e9bec | Breezer","description":"Le Breezer Doppler Caf\u00e9 est une superbe machine apportant purs joies et plaisirs cyclistes. Sur les routes du quotidien comme en randos !","robots":{"index":"index","follow":"follow","max-snippet":"max-snippet:-1","max-image-preview":"max-image-preview:large","max-video-preview":"max-video-preview:-1"},"canonical":"https:\/\/www.dumoulinbicyclettes.com\/produit\/breezer-doppler-cafe\/","og_locale":"en_US","og_type":"article","og_title":"Breezer Doppler Caf\u00e9 - Dumoulin Bicyclettes | Montr\u00e9al |\u00a0Qu\u00e9bec | Breezer","og_description":"Le Breezer Doppler Caf\u00e9 est une superbe machine apportant purs joies et plaisirs cyclistes. Sur les routes du quotidien comme en randos !","og_url":"https:\/\/www.dumoulinbicyclettes.com\/produit\/breezer-doppler-cafe\/","og_site_name":"Dumoulin Bicyclettes","article_publisher":"https:\/\/www.facebook.com\/dumoulinbicyclettes","article_modified_time":"2025-10-03T23:01:14+00:00","og_image":[{"width":700,"height":458,"url":"http:\/\/www.dumoulinbicyclettes.com\/wp-content\/uploads\/2022\/12\/2021_BREEZER_DOPPLER_CAFE_DEEPBLUE.png","type":"image\/png"}],"twitter_card":"summary_large_image","twitter_misc":{"Est. reading time":"1 minute"},"schema":{"@context":"https:\/\/schema.org","@graph":[{"@type":"WebPage","@id":"https:\/\/www.dumoulinbicyclettes.com\/produit\/breezer-doppler-cafe\/","url":"https:\/\/www.dumoulinbicyclettes.com\/produit\/breezer-doppler-cafe\/","name":"Breezer Doppler Caf\u00e9 - Dumoulin Bicyclettes | Montr\u00e9al |\u00a0Qu\u00e9bec | Breezer","isPartOf":{"@id":"https:\/\/www.dumoulinbicyclettes.com\/#website"},"primaryImageOfPage":{"@id":"https:\/\/www.dumoulinbicyclettes.com\/produit\/breezer-doppler-cafe\/#primaryimage"},"image":{"@id":"https:\/\/www.dumoulinbicyclettes.com\/produit\/breezer-doppler-cafe\/#primaryimage"},"thumbnailUrl":"https:\/\/www.dumoulinbicyclettes.com\/wp-content\/uploads\/2022\/12\/2021_BREEZER_DOPPLER_CAFE_DEEPBLUE.png","datePublished":"2022-12-22T21:02:57+00:00","dateModified":"2025-10-03T23:01:14+00:00","description":"Le Breezer Doppler Caf\u00e9 est une superbe machine apportant purs joies et plaisirs cyclistes. Sur les routes du quotidien comme en randos !","breadcrumb":{"@id":"https:\/\/www.dumoulinbicyclettes.com\/produit\/breezer-doppler-cafe\/#breadcrumb"},"inLanguage":"en-US","potentialAction":[{"@type":"ReadAction","target":["https:\/\/www.dumoulinbicyclettes.com\/produit\/breezer-doppler-cafe\/"]}]},{"@type":"ImageObject","inLanguage":"en-US","@id":"https:\/\/www.dumoulinbicyclettes.com\/produit\/breezer-doppler-cafe\/#primaryimage","url":"https:\/\/www.dumoulinbicyclettes.com\/wp-content\/uploads\/2022\/12\/2021_BREEZER_DOPPLER_CAFE_DEEPBLUE.png","contentUrl":"https:\/\/www.dumoulinbicyclettes.com\/wp-content\/uploads\/2022\/12\/2021_BREEZER_DOPPLER_CAFE_DEEPBLUE.png","width":700,"height":458,"caption":"Breezer-Radar-Doppler_cafe_"},{"@type":"BreadcrumbList","@id":"https:\/\/www.dumoulinbicyclettes.com\/produit\/breezer-doppler-cafe\/#breadcrumb","itemListElement":[{"@type":"ListItem","position":1,"name":"Home","item":"https:\/\/www.dumoulinbicyclettes.com\/en\/"},{"@type":"ListItem","position":2,"name":"Shop","item":"https:\/\/www.dumoulinbicyclettes.com\/en\/shop\/"},{"@type":"ListItem","position":3,"name":"Breezer Doppler Caf\u00e9 +"}]},{"@type":"WebSite","@id":"https:\/\/www.dumoulinbicyclettes.com\/#website","url":"https:\/\/www.dumoulinbicyclettes.com\/","name":"Dumoulin Bicyclettes","description":"","publisher":{"@id":"https:\/\/www.dumoulinbicyclettes.com\/#organization"},"potentialAction":[{"@type":"SearchAction","target":{"@type":"EntryPoint","urlTemplate":"https:\/\/www.dumoulinbicyclettes.com\/?s={search_term_string}"},"query-input":{"@type":"PropertyValueSpecification","valueRequired":true,"valueName":"search_term_string"}}],"inLanguage":"en-US"},{"@type":"Organization","@id":"https:\/\/www.dumoulinbicyclettes.com\/#organization","name":"Dumoulin Bicyclettes","url":"https:\/\/www.dumoulinbicyclettes.com\/","logo":{"@type":"ImageObject","inLanguage":"en-US","@id":"https:\/\/www.dumoulinbicyclettes.com\/#\/schema\/logo\/image\/","url":"https:\/\/www.dumoulinbicyclettes.com\/wp-content\/uploads\/2021\/04\/Logo.svg","contentUrl":"https:\/\/www.dumoulinbicyclettes.com\/wp-content\/uploads\/2021\/04\/Logo.svg","width":254,"height":86,"caption":"Dumoulin Bicyclettes"},"image":{"@id":"https:\/\/www.dumoulinbicyclettes.com\/#\/schema\/logo\/image\/"},"sameAs":["https:\/\/www.facebook.com\/dumoulinbicyclettes","https:\/\/www.instagram.com\/dumoulin.ca\/","https:\/\/www.youtube.com\/user\/dumoulinbicyclettes"]}]}},"_links":{"self":[{"href":"https:\/\/www.dumoulinbicyclettes.com\/en\/wp-json\/wp\/v2\/product\/199012","targetHints":{"allow":["GET"]}}],"collection":[{"href":"https:\/\/www.dumoulinbicyclettes.com\/en\/wp-json\/wp\/v2\/product"}],"about":[{"href":"https:\/\/www.dumoulinbicyclettes.com\/en\/wp-json\/wp\/v2\/types\/product"}],"wp:featuredmedia":[{"embeddable":true,"href":"https:\/\/www.dumoulinbicyclettes.com\/en\/wp-json\/wp\/v2\/media\/199020"}],"wp:attachment":[{"href":"https:\/\/www.dumoulinbicyclettes.com\/en\/wp-json\/wp\/v2\/media?parent=199012"}],"wp:term":[{"taxonomy":"product_brand","embeddable":true,"href":"https:\/\/www.dumoulinbicyclettes.com\/en\/wp-json\/wp\/v2\/product_brand?post=199012"},{"taxonomy":"product_cat","embeddable":true,"href":"https:\/\/www.dumoulinbicyclettes.com\/en\/wp-json\/wp\/v2\/product_cat?post=199012"},{"taxonomy":"product_tag","embeddable":true,"href":"https:\/\/www.dumoulinbicyclettes.com\/en\/wp-json\/wp\/v2\/product_tag?post=199012"},{"taxonomy":"marque-produit","embeddable":true,"href":"https:\/\/www.dumoulinbicyclettes.com\/en\/wp-json\/wp\/v2\/marque-produit?post=199012"},{"taxonomy":"collection-produit","embeddable":true,"href":"https:\/\/www.dumoulinbicyclettes.com\/en\/wp-json\/wp\/v2\/collection-produit?post=199012"},{"taxonomy":"type-surface-produit","embeddable":true,"href":"https:\/\/www.dumoulinbicyclettes.com\/en\/wp-json\/wp\/v2\/type-surface-produit?post=199012"},{"taxonomy":"type-velo-produit","embeddable":true,"href":"https:\/\/www.dumoulinbicyclettes.com\/en\/wp-json\/wp\/v2\/type-velo-produit?post=199012"},{"taxonomy":"vetement-produit","embeddable":true,"href":"https:\/\/www.dumoulinbicyclettes.com\/en\/wp-json\/wp\/v2\/vetement-produit?post=199012"},{"taxonomy":"thematique-produit","embeddable":true,"href":"https:\/\/www.dumoulinbicyclettes.com\/en\/wp-json\/wp\/v2\/thematique-produit?post=199012"},{"taxonomy":"position-sur-le-v\u00e9lo","embeddable":true,"href":"https:\/\/www.dumoulinbicyclettes.com\/en\/wp-json\/wp\/v2\/position-sur-le-v\u00e9lo?post=199012"}],"curies":[{"name":"wp","href":"https:\/\/api.w.org\/{rel}","templated":true}]}}