{"id":236227,"date":"2023-04-11T15:04:35","date_gmt":"2023-04-11T19:04:35","guid":{"rendered":"http:\/\/www.dumoulinbicyclettes.com\/?post_type=product&#038;p=236227"},"modified":"2025-09-08T13:12:26","modified_gmt":"2025-09-08T17:12:26","slug":"pinhead-tagbox","status":"publish","type":"product","link":"https:\/\/www.dumoulinbicyclettes.com\/en\/product\/pinhead-tagbox\/","title":{"rendered":"Boite Pinhead \u00abTagbox\u00bb"},"content":{"rendered":"<p>La boite \u00abPinhead Tagbox\u00bb est un petit coffre-fort pour y placer une puce de localisation \u00ab<a href=\"https:\/\/www.apple.com\/ca\/fr\/airtag\/\" rel=\"noopener\" target=\"_blank\">Airtag<\/a>\u00bb de Apple ou <a href=\"https:\/\/www.samsung.com\/ca_fr\/mobile-accessories\/galaxy-smarttag-black-ei-t5300bbegca\/\" rel=\"noopener\" target=\"_blank\">Samsung<\/a>.<\/p>\n<p>Cela vous permettra ainsi de profiter de cette technologie pour tenir \u00e0 l\u2019\u0153il votre v\u00e9lo et surtout, d\u00e9courager les voleurs potentiels.<\/p>\n","protected":false},"excerpt":{"rendered":"<p>La boite \u00abPinhead Tagbox\u00bb est un petit coffre-fort pour y placer une puce de localisation \u00abAirtag\u00bb de Apple ou Samsung. Cela vous permettra ainsi de profiter de cette technologie pour tenir \u00e0 l\u2019\u0153il votre v\u00e9lo et surtout, d\u00e9courager les voleurs potentiels.<\/p>\n","protected":false},"featured_media":257519,"template":"","meta":{"_acf_changed":false},"product_brand":[],"product_cat":[190],"product_tag":[2980,2931],"marque-produit":[1263],"collection-produit":[],"type-surface-produit":[],"type-velo-produit":[],"vetement-produit":[],"thematique-produit":[],"position-sur-le-v\u00e9lo":[],"class_list":{"0":"post-236227","1":"product","2":"type-product","3":"status-publish","4":"has-post-thumbnail","6":"product_cat-cadenas","7":"product_tag-airtag","8":"product_tag-pinhead","9":"marque-produit-pinhead","11":"first","12":"outofstock","13":"taxable","14":"shipping-taxable","15":"purchasable","16":"product-type-simple"},"acf":[],"yoast_head":"<!-- This site is optimized with the Yoast SEO plugin v27.3 - https:\/\/yoast.com\/product\/yoast-seo-wordpress\/ -->\n<title>Boite Pinhead \u00abTagbox\u00bb - Dumoulin Bicyclettes - Montr\u00e9al - Qu\u00e9bec<\/title>\n<meta name=\"description\" content=\"Installez ce coffre-fort \u00e0 puce \u00abairtag\u00bb sur votre v\u00e9lo pour toujours l&#039;avoir \u00e0 l&#039;oeil ! La boite Pinhead Tagbox s\u00e9curise votre puce Airtag.\" \/>\n<meta name=\"robots\" content=\"index, follow, max-snippet:-1, max-image-preview:large, max-video-preview:-1\" \/>\n<link rel=\"canonical\" href=\"https:\/\/www.dumoulinbicyclettes.com\/produit\/pinhead-tagbox\/\" \/>\n<meta property=\"og:locale\" content=\"en_US\" \/>\n<meta property=\"og:type\" content=\"article\" \/>\n<meta property=\"og:title\" content=\"Boite Pinhead \u00abTagbox\u00bb - Dumoulin Bicyclettes - Montr\u00e9al - Qu\u00e9bec\" \/>\n<meta property=\"og:description\" content=\"Installez ce coffre-fort \u00e0 puce \u00abairtag\u00bb sur votre v\u00e9lo pour toujours l&#039;avoir \u00e0 l&#039;oeil ! La boite Pinhead Tagbox s\u00e9curise votre puce Airtag.\" \/>\n<meta property=\"og:url\" content=\"https:\/\/www.dumoulinbicyclettes.com\/produit\/pinhead-tagbox\/\" \/>\n<meta property=\"og:site_name\" content=\"Dumoulin Bicyclettes\" \/>\n<meta property=\"article:publisher\" content=\"https:\/\/www.facebook.com\/dumoulinbicyclettes\" \/>\n<meta property=\"article:modified_time\" content=\"2025-09-08T17:12:26+00:00\" \/>\n<meta property=\"og:image\" content=\"https:\/\/www.dumoulinbicyclettes.com\/wp-content\/uploads\/2023\/04\/pinhead-tagbox.jpg\" \/>\n\t<meta property=\"og:image:width\" content=\"1100\" \/>\n\t<meta property=\"og:image:height\" content=\"1422\" \/>\n\t<meta property=\"og:image:type\" content=\"image\/jpeg\" \/>\n<meta name=\"twitter:card\" content=\"summary_large_image\" \/>\n<script type=\"application\/ld+json\" class=\"yoast-schema-graph\">{\"@context\":\"https:\\\/\\\/schema.org\",\"@graph\":[{\"@type\":\"WebPage\",\"@id\":\"https:\\\/\\\/www.dumoulinbicyclettes.com\\\/produit\\\/pinhead-tagbox\\\/\",\"url\":\"https:\\\/\\\/www.dumoulinbicyclettes.com\\\/produit\\\/pinhead-tagbox\\\/\",\"name\":\"Boite Pinhead \u00abTagbox\u00bb - Dumoulin Bicyclettes - Montr\u00e9al - Qu\u00e9bec\",\"isPartOf\":{\"@id\":\"https:\\\/\\\/www.dumoulinbicyclettes.com\\\/#website\"},\"primaryImageOfPage\":{\"@id\":\"https:\\\/\\\/www.dumoulinbicyclettes.com\\\/produit\\\/pinhead-tagbox\\\/#primaryimage\"},\"image\":{\"@id\":\"https:\\\/\\\/www.dumoulinbicyclettes.com\\\/produit\\\/pinhead-tagbox\\\/#primaryimage\"},\"thumbnailUrl\":\"https:\\\/\\\/www.dumoulinbicyclettes.com\\\/wp-content\\\/uploads\\\/2023\\\/04\\\/pinhead-tagbox.jpg\",\"datePublished\":\"2023-04-11T19:04:35+00:00\",\"dateModified\":\"2025-09-08T17:12:26+00:00\",\"description\":\"Installez ce coffre-fort \u00e0 puce \u00abairtag\u00bb sur votre v\u00e9lo pour toujours l'avoir \u00e0 l'oeil ! La boite Pinhead Tagbox s\u00e9curise votre puce Airtag.\",\"breadcrumb\":{\"@id\":\"https:\\\/\\\/www.dumoulinbicyclettes.com\\\/produit\\\/pinhead-tagbox\\\/#breadcrumb\"},\"inLanguage\":\"en-US\",\"potentialAction\":[{\"@type\":\"ReadAction\",\"target\":[\"https:\\\/\\\/www.dumoulinbicyclettes.com\\\/produit\\\/pinhead-tagbox\\\/\"]}]},{\"@type\":\"ImageObject\",\"inLanguage\":\"en-US\",\"@id\":\"https:\\\/\\\/www.dumoulinbicyclettes.com\\\/produit\\\/pinhead-tagbox\\\/#primaryimage\",\"url\":\"https:\\\/\\\/www.dumoulinbicyclettes.com\\\/wp-content\\\/uploads\\\/2023\\\/04\\\/pinhead-tagbox.jpg\",\"contentUrl\":\"https:\\\/\\\/www.dumoulinbicyclettes.com\\\/wp-content\\\/uploads\\\/2023\\\/04\\\/pinhead-tagbox.jpg\",\"width\":1100,\"height\":1422,\"caption\":\"Pinhead_tagbox\"},{\"@type\":\"BreadcrumbList\",\"@id\":\"https:\\\/\\\/www.dumoulinbicyclettes.com\\\/produit\\\/pinhead-tagbox\\\/#breadcrumb\",\"itemListElement\":[{\"@type\":\"ListItem\",\"position\":1,\"name\":\"Home\",\"item\":\"https:\\\/\\\/www.dumoulinbicyclettes.com\\\/en\\\/\"},{\"@type\":\"ListItem\",\"position\":2,\"name\":\"Shop\",\"item\":\"https:\\\/\\\/www.dumoulinbicyclettes.com\\\/en\\\/shop\\\/\"},{\"@type\":\"ListItem\",\"position\":3,\"name\":\"Boite Pinhead \u00abTagbox\u00bb\"}]},{\"@type\":\"WebSite\",\"@id\":\"https:\\\/\\\/www.dumoulinbicyclettes.com\\\/#website\",\"url\":\"https:\\\/\\\/www.dumoulinbicyclettes.com\\\/\",\"name\":\"Dumoulin Bicyclettes\",\"description\":\"\",\"publisher\":{\"@id\":\"https:\\\/\\\/www.dumoulinbicyclettes.com\\\/#organization\"},\"potentialAction\":[{\"@type\":\"SearchAction\",\"target\":{\"@type\":\"EntryPoint\",\"urlTemplate\":\"https:\\\/\\\/www.dumoulinbicyclettes.com\\\/?s={search_term_string}\"},\"query-input\":{\"@type\":\"PropertyValueSpecification\",\"valueRequired\":true,\"valueName\":\"search_term_string\"}}],\"inLanguage\":\"en-US\"},{\"@type\":\"Organization\",\"@id\":\"https:\\\/\\\/www.dumoulinbicyclettes.com\\\/#organization\",\"name\":\"Dumoulin Bicyclettes\",\"url\":\"https:\\\/\\\/www.dumoulinbicyclettes.com\\\/\",\"logo\":{\"@type\":\"ImageObject\",\"inLanguage\":\"en-US\",\"@id\":\"https:\\\/\\\/www.dumoulinbicyclettes.com\\\/#\\\/schema\\\/logo\\\/image\\\/\",\"url\":\"https:\\\/\\\/www.dumoulinbicyclettes.com\\\/wp-content\\\/uploads\\\/2021\\\/04\\\/Logo.svg\",\"contentUrl\":\"https:\\\/\\\/www.dumoulinbicyclettes.com\\\/wp-content\\\/uploads\\\/2021\\\/04\\\/Logo.svg\",\"width\":254,\"height\":86,\"caption\":\"Dumoulin Bicyclettes\"},\"image\":{\"@id\":\"https:\\\/\\\/www.dumoulinbicyclettes.com\\\/#\\\/schema\\\/logo\\\/image\\\/\"},\"sameAs\":[\"https:\\\/\\\/www.facebook.com\\\/dumoulinbicyclettes\",\"https:\\\/\\\/www.instagram.com\\\/dumoulin.ca\\\/\",\"https:\\\/\\\/www.youtube.com\\\/user\\\/dumoulinbicyclettes\"]}]}<\/script>\n<!-- \/ Yoast SEO plugin. -->","yoast_head_json":{"title":"Boite Pinhead \u00abTagbox\u00bb - Dumoulin Bicyclettes - Montr\u00e9al - Qu\u00e9bec","description":"Installez ce coffre-fort \u00e0 puce \u00abairtag\u00bb sur votre v\u00e9lo pour toujours l'avoir \u00e0 l'oeil ! La boite Pinhead Tagbox s\u00e9curise votre puce Airtag.","robots":{"index":"index","follow":"follow","max-snippet":"max-snippet:-1","max-image-preview":"max-image-preview:large","max-video-preview":"max-video-preview:-1"},"canonical":"https:\/\/www.dumoulinbicyclettes.com\/produit\/pinhead-tagbox\/","og_locale":"en_US","og_type":"article","og_title":"Boite Pinhead \u00abTagbox\u00bb - Dumoulin Bicyclettes - Montr\u00e9al - Qu\u00e9bec","og_description":"Installez ce coffre-fort \u00e0 puce \u00abairtag\u00bb sur votre v\u00e9lo pour toujours l'avoir \u00e0 l'oeil ! La boite Pinhead Tagbox s\u00e9curise votre puce Airtag.","og_url":"https:\/\/www.dumoulinbicyclettes.com\/produit\/pinhead-tagbox\/","og_site_name":"Dumoulin Bicyclettes","article_publisher":"https:\/\/www.facebook.com\/dumoulinbicyclettes","article_modified_time":"2025-09-08T17:12:26+00:00","og_image":[{"width":1100,"height":1422,"url":"https:\/\/www.dumoulinbicyclettes.com\/wp-content\/uploads\/2023\/04\/pinhead-tagbox.jpg","type":"image\/jpeg"}],"twitter_card":"summary_large_image","schema":{"@context":"https:\/\/schema.org","@graph":[{"@type":"WebPage","@id":"https:\/\/www.dumoulinbicyclettes.com\/produit\/pinhead-tagbox\/","url":"https:\/\/www.dumoulinbicyclettes.com\/produit\/pinhead-tagbox\/","name":"Boite Pinhead \u00abTagbox\u00bb - Dumoulin Bicyclettes - Montr\u00e9al - Qu\u00e9bec","isPartOf":{"@id":"https:\/\/www.dumoulinbicyclettes.com\/#website"},"primaryImageOfPage":{"@id":"https:\/\/www.dumoulinbicyclettes.com\/produit\/pinhead-tagbox\/#primaryimage"},"image":{"@id":"https:\/\/www.dumoulinbicyclettes.com\/produit\/pinhead-tagbox\/#primaryimage"},"thumbnailUrl":"https:\/\/www.dumoulinbicyclettes.com\/wp-content\/uploads\/2023\/04\/pinhead-tagbox.jpg","datePublished":"2023-04-11T19:04:35+00:00","dateModified":"2025-09-08T17:12:26+00:00","description":"Installez ce coffre-fort \u00e0 puce \u00abairtag\u00bb sur votre v\u00e9lo pour toujours l'avoir \u00e0 l'oeil ! La boite Pinhead Tagbox s\u00e9curise votre puce Airtag.","breadcrumb":{"@id":"https:\/\/www.dumoulinbicyclettes.com\/produit\/pinhead-tagbox\/#breadcrumb"},"inLanguage":"en-US","potentialAction":[{"@type":"ReadAction","target":["https:\/\/www.dumoulinbicyclettes.com\/produit\/pinhead-tagbox\/"]}]},{"@type":"ImageObject","inLanguage":"en-US","@id":"https:\/\/www.dumoulinbicyclettes.com\/produit\/pinhead-tagbox\/#primaryimage","url":"https:\/\/www.dumoulinbicyclettes.com\/wp-content\/uploads\/2023\/04\/pinhead-tagbox.jpg","contentUrl":"https:\/\/www.dumoulinbicyclettes.com\/wp-content\/uploads\/2023\/04\/pinhead-tagbox.jpg","width":1100,"height":1422,"caption":"Pinhead_tagbox"},{"@type":"BreadcrumbList","@id":"https:\/\/www.dumoulinbicyclettes.com\/produit\/pinhead-tagbox\/#breadcrumb","itemListElement":[{"@type":"ListItem","position":1,"name":"Home","item":"https:\/\/www.dumoulinbicyclettes.com\/en\/"},{"@type":"ListItem","position":2,"name":"Shop","item":"https:\/\/www.dumoulinbicyclettes.com\/en\/shop\/"},{"@type":"ListItem","position":3,"name":"Boite Pinhead \u00abTagbox\u00bb"}]},{"@type":"WebSite","@id":"https:\/\/www.dumoulinbicyclettes.com\/#website","url":"https:\/\/www.dumoulinbicyclettes.com\/","name":"Dumoulin Bicyclettes","description":"","publisher":{"@id":"https:\/\/www.dumoulinbicyclettes.com\/#organization"},"potentialAction":[{"@type":"SearchAction","target":{"@type":"EntryPoint","urlTemplate":"https:\/\/www.dumoulinbicyclettes.com\/?s={search_term_string}"},"query-input":{"@type":"PropertyValueSpecification","valueRequired":true,"valueName":"search_term_string"}}],"inLanguage":"en-US"},{"@type":"Organization","@id":"https:\/\/www.dumoulinbicyclettes.com\/#organization","name":"Dumoulin Bicyclettes","url":"https:\/\/www.dumoulinbicyclettes.com\/","logo":{"@type":"ImageObject","inLanguage":"en-US","@id":"https:\/\/www.dumoulinbicyclettes.com\/#\/schema\/logo\/image\/","url":"https:\/\/www.dumoulinbicyclettes.com\/wp-content\/uploads\/2021\/04\/Logo.svg","contentUrl":"https:\/\/www.dumoulinbicyclettes.com\/wp-content\/uploads\/2021\/04\/Logo.svg","width":254,"height":86,"caption":"Dumoulin Bicyclettes"},"image":{"@id":"https:\/\/www.dumoulinbicyclettes.com\/#\/schema\/logo\/image\/"},"sameAs":["https:\/\/www.facebook.com\/dumoulinbicyclettes","https:\/\/www.instagram.com\/dumoulin.ca\/","https:\/\/www.youtube.com\/user\/dumoulinbicyclettes"]}]}},"_links":{"self":[{"href":"https:\/\/www.dumoulinbicyclettes.com\/en\/wp-json\/wp\/v2\/product\/236227","targetHints":{"allow":["GET"]}}],"collection":[{"href":"https:\/\/www.dumoulinbicyclettes.com\/en\/wp-json\/wp\/v2\/product"}],"about":[{"href":"https:\/\/www.dumoulinbicyclettes.com\/en\/wp-json\/wp\/v2\/types\/product"}],"wp:featuredmedia":[{"embeddable":true,"href":"https:\/\/www.dumoulinbicyclettes.com\/en\/wp-json\/wp\/v2\/media\/257519"}],"wp:attachment":[{"href":"https:\/\/www.dumoulinbicyclettes.com\/en\/wp-json\/wp\/v2\/media?parent=236227"}],"wp:term":[{"taxonomy":"product_brand","embeddable":true,"href":"https:\/\/www.dumoulinbicyclettes.com\/en\/wp-json\/wp\/v2\/product_brand?post=236227"},{"taxonomy":"product_cat","embeddable":true,"href":"https:\/\/www.dumoulinbicyclettes.com\/en\/wp-json\/wp\/v2\/product_cat?post=236227"},{"taxonomy":"product_tag","embeddable":true,"href":"https:\/\/www.dumoulinbicyclettes.com\/en\/wp-json\/wp\/v2\/product_tag?post=236227"},{"taxonomy":"marque-produit","embeddable":true,"href":"https:\/\/www.dumoulinbicyclettes.com\/en\/wp-json\/wp\/v2\/marque-produit?post=236227"},{"taxonomy":"collection-produit","embeddable":true,"href":"https:\/\/www.dumoulinbicyclettes.com\/en\/wp-json\/wp\/v2\/collection-produit?post=236227"},{"taxonomy":"type-surface-produit","embeddable":true,"href":"https:\/\/www.dumoulinbicyclettes.com\/en\/wp-json\/wp\/v2\/type-surface-produit?post=236227"},{"taxonomy":"type-velo-produit","embeddable":true,"href":"https:\/\/www.dumoulinbicyclettes.com\/en\/wp-json\/wp\/v2\/type-velo-produit?post=236227"},{"taxonomy":"vetement-produit","embeddable":true,"href":"https:\/\/www.dumoulinbicyclettes.com\/en\/wp-json\/wp\/v2\/vetement-produit?post=236227"},{"taxonomy":"thematique-produit","embeddable":true,"href":"https:\/\/www.dumoulinbicyclettes.com\/en\/wp-json\/wp\/v2\/thematique-produit?post=236227"},{"taxonomy":"position-sur-le-v\u00e9lo","embeddable":true,"href":"https:\/\/www.dumoulinbicyclettes.com\/en\/wp-json\/wp\/v2\/position-sur-le-v\u00e9lo?post=236227"}],"curies":[{"name":"wp","href":"https:\/\/api.w.org\/{rel}","templated":true}]}}