{"id":257616,"date":"2023-06-01T17:04:01","date_gmt":"2023-06-01T21:04:01","guid":{"rendered":"http:\/\/www.dumoulinbicyclettes.com\/?post_type=product&#038;p=257616"},"modified":"2025-09-26T17:01:20","modified_gmt":"2025-09-26T21:01:20","slug":"riesemuller-tinker-2","status":"publish","type":"product","link":"https:\/\/www.dumoulinbicyclettes.com\/en\/product\/riesemuller-tinker-2\/","title":{"rendered":"RIESE&#038;M\u00dcLLER TINKER 2"},"content":{"rendered":"<p>Le Tinker 2 est compact et utilitaire. C&#8217;est un v\u00e9lo \u00e9lectrique formidable pour se d\u00e9placer au quotidien. <\/p>\n<p>S\u00fbr et fiable, se contr\u00f4lant facilement, il se range assez bien dans vos espaces, et peut \u00e9galement pr\u00e9tendre \u00e0 \u00eatre emmen\u00e9 dans vos excursions.<\/p>\n<p>Ce Tinker 2 vous rapproche des \u00e9l\u00e9ments et de ce qui vous entoure. Il vous place du c\u00f4t\u00e9 de la <a href=\"https:\/\/www.r-m.de\/fr-ca\/magazine\/comme-poussee-par-la-main-de-dieu\/\" rel=\"noopener\" target=\"_blank\">mobilit\u00e9 douce et active<\/a>.<\/p>\n","protected":false},"excerpt":{"rendered":"<p>Le Tinker 2 est compact et utilitaire. C&#8217;est un v\u00e9lo \u00e9lectrique formidable pour se d\u00e9placer au quotidien. S\u00fbr et fiable, se contr\u00f4lant facilement, il se range assez bien dans vos espaces, et peut \u00e9galement pr\u00e9tendre \u00e0 \u00eatre emmen\u00e9 dans vos excursions. Ce Tinker 2 vous rapproche des \u00e9l\u00e9ments et de ce qui vous entoure. Il [&hellip;]<\/p>\n","protected":false},"featured_media":260118,"template":"","meta":{"_acf_changed":false},"product_brand":[],"product_cat":[176,161,165],"product_tag":[2752,2981],"marque-produit":[2747],"collection-produit":[],"type-surface-produit":[],"type-velo-produit":[],"vetement-produit":[],"thematique-produit":[],"position-sur-le-v\u00e9lo":[],"class_list":{"0":"post-257616","1":"product","2":"type-product","3":"status-publish","4":"has-post-thumbnail","6":"product_cat-electriques-hybrides","7":"product_cat-velos","8":"product_cat-velo-electriques","9":"product_tag-riesemuller","10":"product_tag-tinker","11":"marque-produit-riese-and-muller","13":"first","14":"outofstock","15":"taxable","16":"shipping-taxable","17":"purchasable","18":"product-type-variable"},"acf":[],"yoast_head":"<!-- This site is optimized with the Yoast SEO plugin v27.3 - https:\/\/yoast.com\/product\/yoast-seo-wordpress\/ -->\n<title>RIESE&amp;M\u00dcLLER TINKER 2 - Dumoulin Bicyclettes - Montr\u00e9al<\/title>\n<meta name=\"description\" content=\"Compact, efficace, utilitaire, ludique et confortable, le Riese&amp;M\u00fcller accumule les bons points pour vous aider \u00e0 vous d\u00e9placer partout en ville !\" \/>\n<meta name=\"robots\" content=\"index, follow, max-snippet:-1, max-image-preview:large, max-video-preview:-1\" \/>\n<link rel=\"canonical\" href=\"https:\/\/www.dumoulinbicyclettes.com\/produit\/riesemuller-tinker-2\/\" \/>\n<meta property=\"og:locale\" content=\"en_US\" \/>\n<meta property=\"og:type\" content=\"article\" \/>\n<meta property=\"og:title\" content=\"RIESE&amp;M\u00dcLLER TINKER 2 - Dumoulin Bicyclettes - Montr\u00e9al\" \/>\n<meta property=\"og:description\" content=\"Compact, efficace, utilitaire, ludique et confortable, le Riese&amp;M\u00fcller accumule les bons points pour vous aider \u00e0 vous d\u00e9placer partout en ville !\" \/>\n<meta property=\"og:url\" content=\"https:\/\/www.dumoulinbicyclettes.com\/produit\/riesemuller-tinker-2\/\" \/>\n<meta property=\"og:site_name\" content=\"Dumoulin Bicyclettes\" \/>\n<meta property=\"article:publisher\" content=\"https:\/\/www.facebook.com\/dumoulinbicyclettes\" \/>\n<meta property=\"article:modified_time\" content=\"2025-09-26T21:01:20+00:00\" \/>\n<meta property=\"og:image\" content=\"https:\/\/www.dumoulinbicyclettes.com\/wp-content\/uploads\/2023\/06\/23-f00957-tin2-var-crystalwhi-sattelstuetze-1069-web-1860x1240jpg-930x620-q100-subject-location-930620-subsampling-2-upscale.jpg\" \/>\n\t<meta property=\"og:image:width\" content=\"930\" \/>\n\t<meta property=\"og:image:height\" content=\"620\" \/>\n\t<meta property=\"og:image:type\" content=\"image\/jpeg\" \/>\n<meta name=\"twitter:card\" content=\"summary_large_image\" \/>\n<script type=\"application\/ld+json\" class=\"yoast-schema-graph\">{\"@context\":\"https:\\\/\\\/schema.org\",\"@graph\":[{\"@type\":\"WebPage\",\"@id\":\"https:\\\/\\\/www.dumoulinbicyclettes.com\\\/produit\\\/riesemuller-tinker-2\\\/\",\"url\":\"https:\\\/\\\/www.dumoulinbicyclettes.com\\\/produit\\\/riesemuller-tinker-2\\\/\",\"name\":\"RIESE&M\u00dcLLER TINKER 2 - Dumoulin Bicyclettes - Montr\u00e9al\",\"isPartOf\":{\"@id\":\"https:\\\/\\\/www.dumoulinbicyclettes.com\\\/#website\"},\"primaryImageOfPage\":{\"@id\":\"https:\\\/\\\/www.dumoulinbicyclettes.com\\\/produit\\\/riesemuller-tinker-2\\\/#primaryimage\"},\"image\":{\"@id\":\"https:\\\/\\\/www.dumoulinbicyclettes.com\\\/produit\\\/riesemuller-tinker-2\\\/#primaryimage\"},\"thumbnailUrl\":\"https:\\\/\\\/www.dumoulinbicyclettes.com\\\/wp-content\\\/uploads\\\/2023\\\/06\\\/23-f00957-tin2-var-crystalwhi-sattelstuetze-1069-web-1860x1240jpg-930x620-q100-subject-location-930620-subsampling-2-upscale.jpg\",\"datePublished\":\"2023-06-01T21:04:01+00:00\",\"dateModified\":\"2025-09-26T21:01:20+00:00\",\"description\":\"Compact, efficace, utilitaire, ludique et confortable, le Riese&M\u00fcller accumule les bons points pour vous aider \u00e0 vous d\u00e9placer partout en ville !\",\"breadcrumb\":{\"@id\":\"https:\\\/\\\/www.dumoulinbicyclettes.com\\\/produit\\\/riesemuller-tinker-2\\\/#breadcrumb\"},\"inLanguage\":\"en-US\",\"potentialAction\":[{\"@type\":\"ReadAction\",\"target\":[\"https:\\\/\\\/www.dumoulinbicyclettes.com\\\/produit\\\/riesemuller-tinker-2\\\/\"]}]},{\"@type\":\"ImageObject\",\"inLanguage\":\"en-US\",\"@id\":\"https:\\\/\\\/www.dumoulinbicyclettes.com\\\/produit\\\/riesemuller-tinker-2\\\/#primaryimage\",\"url\":\"https:\\\/\\\/www.dumoulinbicyclettes.com\\\/wp-content\\\/uploads\\\/2023\\\/06\\\/23-f00957-tin2-var-crystalwhi-sattelstuetze-1069-web-1860x1240jpg-930x620-q100-subject-location-930620-subsampling-2-upscale.jpg\",\"contentUrl\":\"https:\\\/\\\/www.dumoulinbicyclettes.com\\\/wp-content\\\/uploads\\\/2023\\\/06\\\/23-f00957-tin2-var-crystalwhi-sattelstuetze-1069-web-1860x1240jpg-930x620-q100-subject-location-930620-subsampling-2-upscale.jpg\",\"width\":930,\"height\":620,\"caption\":\"Riese_and_Muller_Tinker-2\"},{\"@type\":\"BreadcrumbList\",\"@id\":\"https:\\\/\\\/www.dumoulinbicyclettes.com\\\/produit\\\/riesemuller-tinker-2\\\/#breadcrumb\",\"itemListElement\":[{\"@type\":\"ListItem\",\"position\":1,\"name\":\"Home\",\"item\":\"https:\\\/\\\/www.dumoulinbicyclettes.com\\\/en\\\/\"},{\"@type\":\"ListItem\",\"position\":2,\"name\":\"Shop\",\"item\":\"https:\\\/\\\/www.dumoulinbicyclettes.com\\\/en\\\/shop\\\/\"},{\"@type\":\"ListItem\",\"position\":3,\"name\":\"RIESE&#038;M\u00dcLLER TINKER 2\"}]},{\"@type\":\"WebSite\",\"@id\":\"https:\\\/\\\/www.dumoulinbicyclettes.com\\\/#website\",\"url\":\"https:\\\/\\\/www.dumoulinbicyclettes.com\\\/\",\"name\":\"Dumoulin Bicyclettes\",\"description\":\"\",\"publisher\":{\"@id\":\"https:\\\/\\\/www.dumoulinbicyclettes.com\\\/#organization\"},\"potentialAction\":[{\"@type\":\"SearchAction\",\"target\":{\"@type\":\"EntryPoint\",\"urlTemplate\":\"https:\\\/\\\/www.dumoulinbicyclettes.com\\\/?s={search_term_string}\"},\"query-input\":{\"@type\":\"PropertyValueSpecification\",\"valueRequired\":true,\"valueName\":\"search_term_string\"}}],\"inLanguage\":\"en-US\"},{\"@type\":\"Organization\",\"@id\":\"https:\\\/\\\/www.dumoulinbicyclettes.com\\\/#organization\",\"name\":\"Dumoulin Bicyclettes\",\"url\":\"https:\\\/\\\/www.dumoulinbicyclettes.com\\\/\",\"logo\":{\"@type\":\"ImageObject\",\"inLanguage\":\"en-US\",\"@id\":\"https:\\\/\\\/www.dumoulinbicyclettes.com\\\/#\\\/schema\\\/logo\\\/image\\\/\",\"url\":\"https:\\\/\\\/www.dumoulinbicyclettes.com\\\/wp-content\\\/uploads\\\/2021\\\/04\\\/Logo.svg\",\"contentUrl\":\"https:\\\/\\\/www.dumoulinbicyclettes.com\\\/wp-content\\\/uploads\\\/2021\\\/04\\\/Logo.svg\",\"width\":254,\"height\":86,\"caption\":\"Dumoulin Bicyclettes\"},\"image\":{\"@id\":\"https:\\\/\\\/www.dumoulinbicyclettes.com\\\/#\\\/schema\\\/logo\\\/image\\\/\"},\"sameAs\":[\"https:\\\/\\\/www.facebook.com\\\/dumoulinbicyclettes\",\"https:\\\/\\\/www.instagram.com\\\/dumoulin.ca\\\/\",\"https:\\\/\\\/www.youtube.com\\\/user\\\/dumoulinbicyclettes\"]}]}<\/script>\n<!-- \/ Yoast SEO plugin. -->","yoast_head_json":{"title":"RIESE&M\u00dcLLER TINKER 2 - Dumoulin Bicyclettes - Montr\u00e9al","description":"Compact, efficace, utilitaire, ludique et confortable, le Riese&M\u00fcller accumule les bons points pour vous aider \u00e0 vous d\u00e9placer partout en ville !","robots":{"index":"index","follow":"follow","max-snippet":"max-snippet:-1","max-image-preview":"max-image-preview:large","max-video-preview":"max-video-preview:-1"},"canonical":"https:\/\/www.dumoulinbicyclettes.com\/produit\/riesemuller-tinker-2\/","og_locale":"en_US","og_type":"article","og_title":"RIESE&M\u00dcLLER TINKER 2 - Dumoulin Bicyclettes - Montr\u00e9al","og_description":"Compact, efficace, utilitaire, ludique et confortable, le Riese&M\u00fcller accumule les bons points pour vous aider \u00e0 vous d\u00e9placer partout en ville !","og_url":"https:\/\/www.dumoulinbicyclettes.com\/produit\/riesemuller-tinker-2\/","og_site_name":"Dumoulin Bicyclettes","article_publisher":"https:\/\/www.facebook.com\/dumoulinbicyclettes","article_modified_time":"2025-09-26T21:01:20+00:00","og_image":[{"width":930,"height":620,"url":"https:\/\/www.dumoulinbicyclettes.com\/wp-content\/uploads\/2023\/06\/23-f00957-tin2-var-crystalwhi-sattelstuetze-1069-web-1860x1240jpg-930x620-q100-subject-location-930620-subsampling-2-upscale.jpg","type":"image\/jpeg"}],"twitter_card":"summary_large_image","schema":{"@context":"https:\/\/schema.org","@graph":[{"@type":"WebPage","@id":"https:\/\/www.dumoulinbicyclettes.com\/produit\/riesemuller-tinker-2\/","url":"https:\/\/www.dumoulinbicyclettes.com\/produit\/riesemuller-tinker-2\/","name":"RIESE&M\u00dcLLER TINKER 2 - Dumoulin Bicyclettes - Montr\u00e9al","isPartOf":{"@id":"https:\/\/www.dumoulinbicyclettes.com\/#website"},"primaryImageOfPage":{"@id":"https:\/\/www.dumoulinbicyclettes.com\/produit\/riesemuller-tinker-2\/#primaryimage"},"image":{"@id":"https:\/\/www.dumoulinbicyclettes.com\/produit\/riesemuller-tinker-2\/#primaryimage"},"thumbnailUrl":"https:\/\/www.dumoulinbicyclettes.com\/wp-content\/uploads\/2023\/06\/23-f00957-tin2-var-crystalwhi-sattelstuetze-1069-web-1860x1240jpg-930x620-q100-subject-location-930620-subsampling-2-upscale.jpg","datePublished":"2023-06-01T21:04:01+00:00","dateModified":"2025-09-26T21:01:20+00:00","description":"Compact, efficace, utilitaire, ludique et confortable, le Riese&M\u00fcller accumule les bons points pour vous aider \u00e0 vous d\u00e9placer partout en ville !","breadcrumb":{"@id":"https:\/\/www.dumoulinbicyclettes.com\/produit\/riesemuller-tinker-2\/#breadcrumb"},"inLanguage":"en-US","potentialAction":[{"@type":"ReadAction","target":["https:\/\/www.dumoulinbicyclettes.com\/produit\/riesemuller-tinker-2\/"]}]},{"@type":"ImageObject","inLanguage":"en-US","@id":"https:\/\/www.dumoulinbicyclettes.com\/produit\/riesemuller-tinker-2\/#primaryimage","url":"https:\/\/www.dumoulinbicyclettes.com\/wp-content\/uploads\/2023\/06\/23-f00957-tin2-var-crystalwhi-sattelstuetze-1069-web-1860x1240jpg-930x620-q100-subject-location-930620-subsampling-2-upscale.jpg","contentUrl":"https:\/\/www.dumoulinbicyclettes.com\/wp-content\/uploads\/2023\/06\/23-f00957-tin2-var-crystalwhi-sattelstuetze-1069-web-1860x1240jpg-930x620-q100-subject-location-930620-subsampling-2-upscale.jpg","width":930,"height":620,"caption":"Riese_and_Muller_Tinker-2"},{"@type":"BreadcrumbList","@id":"https:\/\/www.dumoulinbicyclettes.com\/produit\/riesemuller-tinker-2\/#breadcrumb","itemListElement":[{"@type":"ListItem","position":1,"name":"Home","item":"https:\/\/www.dumoulinbicyclettes.com\/en\/"},{"@type":"ListItem","position":2,"name":"Shop","item":"https:\/\/www.dumoulinbicyclettes.com\/en\/shop\/"},{"@type":"ListItem","position":3,"name":"RIESE&#038;M\u00dcLLER TINKER 2"}]},{"@type":"WebSite","@id":"https:\/\/www.dumoulinbicyclettes.com\/#website","url":"https:\/\/www.dumoulinbicyclettes.com\/","name":"Dumoulin Bicyclettes","description":"","publisher":{"@id":"https:\/\/www.dumoulinbicyclettes.com\/#organization"},"potentialAction":[{"@type":"SearchAction","target":{"@type":"EntryPoint","urlTemplate":"https:\/\/www.dumoulinbicyclettes.com\/?s={search_term_string}"},"query-input":{"@type":"PropertyValueSpecification","valueRequired":true,"valueName":"search_term_string"}}],"inLanguage":"en-US"},{"@type":"Organization","@id":"https:\/\/www.dumoulinbicyclettes.com\/#organization","name":"Dumoulin Bicyclettes","url":"https:\/\/www.dumoulinbicyclettes.com\/","logo":{"@type":"ImageObject","inLanguage":"en-US","@id":"https:\/\/www.dumoulinbicyclettes.com\/#\/schema\/logo\/image\/","url":"https:\/\/www.dumoulinbicyclettes.com\/wp-content\/uploads\/2021\/04\/Logo.svg","contentUrl":"https:\/\/www.dumoulinbicyclettes.com\/wp-content\/uploads\/2021\/04\/Logo.svg","width":254,"height":86,"caption":"Dumoulin Bicyclettes"},"image":{"@id":"https:\/\/www.dumoulinbicyclettes.com\/#\/schema\/logo\/image\/"},"sameAs":["https:\/\/www.facebook.com\/dumoulinbicyclettes","https:\/\/www.instagram.com\/dumoulin.ca\/","https:\/\/www.youtube.com\/user\/dumoulinbicyclettes"]}]}},"_links":{"self":[{"href":"https:\/\/www.dumoulinbicyclettes.com\/en\/wp-json\/wp\/v2\/product\/257616","targetHints":{"allow":["GET"]}}],"collection":[{"href":"https:\/\/www.dumoulinbicyclettes.com\/en\/wp-json\/wp\/v2\/product"}],"about":[{"href":"https:\/\/www.dumoulinbicyclettes.com\/en\/wp-json\/wp\/v2\/types\/product"}],"wp:featuredmedia":[{"embeddable":true,"href":"https:\/\/www.dumoulinbicyclettes.com\/en\/wp-json\/wp\/v2\/media\/260118"}],"wp:attachment":[{"href":"https:\/\/www.dumoulinbicyclettes.com\/en\/wp-json\/wp\/v2\/media?parent=257616"}],"wp:term":[{"taxonomy":"product_brand","embeddable":true,"href":"https:\/\/www.dumoulinbicyclettes.com\/en\/wp-json\/wp\/v2\/product_brand?post=257616"},{"taxonomy":"product_cat","embeddable":true,"href":"https:\/\/www.dumoulinbicyclettes.com\/en\/wp-json\/wp\/v2\/product_cat?post=257616"},{"taxonomy":"product_tag","embeddable":true,"href":"https:\/\/www.dumoulinbicyclettes.com\/en\/wp-json\/wp\/v2\/product_tag?post=257616"},{"taxonomy":"marque-produit","embeddable":true,"href":"https:\/\/www.dumoulinbicyclettes.com\/en\/wp-json\/wp\/v2\/marque-produit?post=257616"},{"taxonomy":"collection-produit","embeddable":true,"href":"https:\/\/www.dumoulinbicyclettes.com\/en\/wp-json\/wp\/v2\/collection-produit?post=257616"},{"taxonomy":"type-surface-produit","embeddable":true,"href":"https:\/\/www.dumoulinbicyclettes.com\/en\/wp-json\/wp\/v2\/type-surface-produit?post=257616"},{"taxonomy":"type-velo-produit","embeddable":true,"href":"https:\/\/www.dumoulinbicyclettes.com\/en\/wp-json\/wp\/v2\/type-velo-produit?post=257616"},{"taxonomy":"vetement-produit","embeddable":true,"href":"https:\/\/www.dumoulinbicyclettes.com\/en\/wp-json\/wp\/v2\/vetement-produit?post=257616"},{"taxonomy":"thematique-produit","embeddable":true,"href":"https:\/\/www.dumoulinbicyclettes.com\/en\/wp-json\/wp\/v2\/thematique-produit?post=257616"},{"taxonomy":"position-sur-le-v\u00e9lo","embeddable":true,"href":"https:\/\/www.dumoulinbicyclettes.com\/en\/wp-json\/wp\/v2\/position-sur-le-v\u00e9lo?post=257616"}],"curies":[{"name":"wp","href":"https:\/\/api.w.org\/{rel}","templated":true}]}}