{"id":259699,"date":"2023-06-06T16:04:15","date_gmt":"2023-06-06T20:04:15","guid":{"rendered":"http:\/\/www.dumoulinbicyclettes.com\/?post_type=product&#038;p=259699"},"modified":"2025-11-19T15:01:50","modified_gmt":"2025-11-19T20:01:50","slug":"pompe-lezyne-micro-floor-drive-hpg","status":"publish","type":"product","link":"https:\/\/www.dumoulinbicyclettes.com\/en\/product\/pompe-lezyne-micro-floor-drive-hpg\/","title":{"rendered":"Pompe Lezyne Micro Floor drive HPG"},"content":{"rendered":"<p>Cette pompe est l\u00e9g\u00e8re et se trimballe partout o\u00f9 vous allez. C&#8217;est une mini-pompe \u00e0 pied, durable et qui remplit sa mission avec brio.<\/p>\n<p>Pouvant gonfler <a href=\"https:\/\/www.dumoulinbicyclettes.com\/de-la-chambre-air-valves-ecrou-problemes-et-changement\/\">les valves presta comme les valves schrader<\/a>, l&#8217;adaptateur se visse sur les valves. Ensuite, on peut utiliser tout son poids pour gonfler le pneu jusque 80-85 psi sans trop forcer. Largement suffisant pour rentrer \u00e0 bon port.<\/p>\n<p>Un produit essentiel et fantastique que l&#8217;on recommande depuis <a href=\"https:\/\/www.dumoulinbicyclettes.com\/idees-cadeaux-aventure\/\">bien des ann\u00e9es<\/a> !<\/p>\n","protected":false},"excerpt":{"rendered":"<p>Cette pompe est l\u00e9g\u00e8re et se trimballe partout o\u00f9 vous allez. C&#8217;est une mini-pompe \u00e0 pied, durable et qui remplit sa mission avec brio. Pouvant gonfler les valves presta comme les valves schrader, l&#8217;adaptateur se visse sur les valves. Ensuite, on peut utiliser tout son poids pour gonfler le pneu jusque 80-85 psi sans trop [&hellip;]<\/p>\n","protected":false},"featured_media":260577,"template":"","meta":{"_acf_changed":false},"product_brand":[],"product_cat":[239],"product_tag":[2982,2399],"marque-produit":[1332],"collection-produit":[],"type-surface-produit":[],"type-velo-produit":[],"vetement-produit":[],"thematique-produit":[],"position-sur-le-v\u00e9lo":[],"class_list":{"0":"post-259699","1":"product","2":"type-product","3":"status-publish","4":"has-post-thumbnail","6":"product_cat-pompes","7":"product_tag-lezyne","8":"product_tag-pompe","9":"marque-produit-lezyne","11":"first","12":"instock","13":"taxable","14":"shipping-taxable","15":"purchasable","16":"product-type-simple"},"acf":[],"yoast_head":"<!-- This site is optimized with the Yoast SEO plugin v27.3 - https:\/\/yoast.com\/product\/yoast-seo-wordpress\/ -->\n<title>Pompe Lezyne Micro Floor drive HPG - Dumoulin Bicyclettes<\/title>\n<meta name=\"description\" content=\"La pompe Lezyne Micro Floor drive est un favori de l&#039;\u00e9quipe de Dumoulin depuis bien des ann\u00e9es. Durable et efficace, elle s&#039;emporte partout !\" \/>\n<meta name=\"robots\" content=\"index, follow, max-snippet:-1, max-image-preview:large, max-video-preview:-1\" \/>\n<link rel=\"canonical\" href=\"https:\/\/www.dumoulinbicyclettes.com\/produit\/pompe-lezyne-micro-floor-drive-hpg\/\" \/>\n<meta property=\"og:locale\" content=\"en_US\" \/>\n<meta property=\"og:type\" content=\"article\" \/>\n<meta property=\"og:title\" content=\"Pompe Lezyne Micro Floor drive HPG - Dumoulin Bicyclettes\" \/>\n<meta property=\"og:description\" content=\"La pompe Lezyne Micro Floor drive est un favori de l&#039;\u00e9quipe de Dumoulin depuis bien des ann\u00e9es. Durable et efficace, elle s&#039;emporte partout !\" \/>\n<meta property=\"og:url\" content=\"https:\/\/www.dumoulinbicyclettes.com\/produit\/pompe-lezyne-micro-floor-drive-hpg\/\" \/>\n<meta property=\"og:site_name\" content=\"Dumoulin Bicyclettes\" \/>\n<meta property=\"article:publisher\" content=\"https:\/\/www.facebook.com\/dumoulinbicyclettes\" \/>\n<meta property=\"article:modified_time\" content=\"2025-11-19T20:01:50+00:00\" \/>\n<meta property=\"og:image\" content=\"https:\/\/www.dumoulinbicyclettes.com\/wp-content\/uploads\/2023\/06\/lezyne-micro-floor-drive-hpg-product-handpumps-mcrofldrhphpg-y12-zoom2-8dd23cab-8fdb-4360-8f76-7f419eb02896-1080x.jpg\" \/>\n\t<meta property=\"og:image:width\" content=\"1080\" \/>\n\t<meta property=\"og:image:height\" content=\"1080\" \/>\n\t<meta property=\"og:image:type\" content=\"image\/jpeg\" \/>\n<meta name=\"twitter:card\" content=\"summary_large_image\" \/>\n<script type=\"application\/ld+json\" class=\"yoast-schema-graph\">{\"@context\":\"https:\\\/\\\/schema.org\",\"@graph\":[{\"@type\":\"WebPage\",\"@id\":\"https:\\\/\\\/www.dumoulinbicyclettes.com\\\/produit\\\/pompe-lezyne-micro-floor-drive-hpg\\\/\",\"url\":\"https:\\\/\\\/www.dumoulinbicyclettes.com\\\/produit\\\/pompe-lezyne-micro-floor-drive-hpg\\\/\",\"name\":\"Pompe Lezyne Micro Floor drive HPG - Dumoulin Bicyclettes\",\"isPartOf\":{\"@id\":\"https:\\\/\\\/www.dumoulinbicyclettes.com\\\/#website\"},\"primaryImageOfPage\":{\"@id\":\"https:\\\/\\\/www.dumoulinbicyclettes.com\\\/produit\\\/pompe-lezyne-micro-floor-drive-hpg\\\/#primaryimage\"},\"image\":{\"@id\":\"https:\\\/\\\/www.dumoulinbicyclettes.com\\\/produit\\\/pompe-lezyne-micro-floor-drive-hpg\\\/#primaryimage\"},\"thumbnailUrl\":\"https:\\\/\\\/www.dumoulinbicyclettes.com\\\/wp-content\\\/uploads\\\/2023\\\/06\\\/lezyne-micro-floor-drive-hpg-product-handpumps-mcrofldrhphpg-y12-zoom2-8dd23cab-8fdb-4360-8f76-7f419eb02896-1080x.jpg\",\"datePublished\":\"2023-06-06T20:04:15+00:00\",\"dateModified\":\"2025-11-19T20:01:50+00:00\",\"description\":\"La pompe Lezyne Micro Floor drive est un favori de l'\u00e9quipe de Dumoulin depuis bien des ann\u00e9es. Durable et efficace, elle s'emporte partout !\",\"breadcrumb\":{\"@id\":\"https:\\\/\\\/www.dumoulinbicyclettes.com\\\/produit\\\/pompe-lezyne-micro-floor-drive-hpg\\\/#breadcrumb\"},\"inLanguage\":\"en-US\",\"potentialAction\":[{\"@type\":\"ReadAction\",\"target\":[\"https:\\\/\\\/www.dumoulinbicyclettes.com\\\/produit\\\/pompe-lezyne-micro-floor-drive-hpg\\\/\"]}]},{\"@type\":\"ImageObject\",\"inLanguage\":\"en-US\",\"@id\":\"https:\\\/\\\/www.dumoulinbicyclettes.com\\\/produit\\\/pompe-lezyne-micro-floor-drive-hpg\\\/#primaryimage\",\"url\":\"https:\\\/\\\/www.dumoulinbicyclettes.com\\\/wp-content\\\/uploads\\\/2023\\\/06\\\/lezyne-micro-floor-drive-hpg-product-handpumps-mcrofldrhphpg-y12-zoom2-8dd23cab-8fdb-4360-8f76-7f419eb02896-1080x.jpg\",\"contentUrl\":\"https:\\\/\\\/www.dumoulinbicyclettes.com\\\/wp-content\\\/uploads\\\/2023\\\/06\\\/lezyne-micro-floor-drive-hpg-product-handpumps-mcrofldrhphpg-y12-zoom2-8dd23cab-8fdb-4360-8f76-7f419eb02896-1080x.jpg\",\"width\":1080,\"height\":1080},{\"@type\":\"BreadcrumbList\",\"@id\":\"https:\\\/\\\/www.dumoulinbicyclettes.com\\\/produit\\\/pompe-lezyne-micro-floor-drive-hpg\\\/#breadcrumb\",\"itemListElement\":[{\"@type\":\"ListItem\",\"position\":1,\"name\":\"Home\",\"item\":\"https:\\\/\\\/www.dumoulinbicyclettes.com\\\/en\\\/\"},{\"@type\":\"ListItem\",\"position\":2,\"name\":\"Shop\",\"item\":\"https:\\\/\\\/www.dumoulinbicyclettes.com\\\/en\\\/shop\\\/\"},{\"@type\":\"ListItem\",\"position\":3,\"name\":\"Pompe Lezyne Micro Floor drive HPG\"}]},{\"@type\":\"WebSite\",\"@id\":\"https:\\\/\\\/www.dumoulinbicyclettes.com\\\/#website\",\"url\":\"https:\\\/\\\/www.dumoulinbicyclettes.com\\\/\",\"name\":\"Dumoulin Bicyclettes\",\"description\":\"\",\"publisher\":{\"@id\":\"https:\\\/\\\/www.dumoulinbicyclettes.com\\\/#organization\"},\"potentialAction\":[{\"@type\":\"SearchAction\",\"target\":{\"@type\":\"EntryPoint\",\"urlTemplate\":\"https:\\\/\\\/www.dumoulinbicyclettes.com\\\/?s={search_term_string}\"},\"query-input\":{\"@type\":\"PropertyValueSpecification\",\"valueRequired\":true,\"valueName\":\"search_term_string\"}}],\"inLanguage\":\"en-US\"},{\"@type\":\"Organization\",\"@id\":\"https:\\\/\\\/www.dumoulinbicyclettes.com\\\/#organization\",\"name\":\"Dumoulin Bicyclettes\",\"url\":\"https:\\\/\\\/www.dumoulinbicyclettes.com\\\/\",\"logo\":{\"@type\":\"ImageObject\",\"inLanguage\":\"en-US\",\"@id\":\"https:\\\/\\\/www.dumoulinbicyclettes.com\\\/#\\\/schema\\\/logo\\\/image\\\/\",\"url\":\"https:\\\/\\\/www.dumoulinbicyclettes.com\\\/wp-content\\\/uploads\\\/2021\\\/04\\\/Logo.svg\",\"contentUrl\":\"https:\\\/\\\/www.dumoulinbicyclettes.com\\\/wp-content\\\/uploads\\\/2021\\\/04\\\/Logo.svg\",\"width\":254,\"height\":86,\"caption\":\"Dumoulin Bicyclettes\"},\"image\":{\"@id\":\"https:\\\/\\\/www.dumoulinbicyclettes.com\\\/#\\\/schema\\\/logo\\\/image\\\/\"},\"sameAs\":[\"https:\\\/\\\/www.facebook.com\\\/dumoulinbicyclettes\",\"https:\\\/\\\/www.instagram.com\\\/dumoulin.ca\\\/\",\"https:\\\/\\\/www.youtube.com\\\/user\\\/dumoulinbicyclettes\"]}]}<\/script>\n<!-- \/ Yoast SEO plugin. -->","yoast_head_json":{"title":"Pompe Lezyne Micro Floor drive HPG - Dumoulin Bicyclettes","description":"La pompe Lezyne Micro Floor drive est un favori de l'\u00e9quipe de Dumoulin depuis bien des ann\u00e9es. Durable et efficace, elle s'emporte partout !","robots":{"index":"index","follow":"follow","max-snippet":"max-snippet:-1","max-image-preview":"max-image-preview:large","max-video-preview":"max-video-preview:-1"},"canonical":"https:\/\/www.dumoulinbicyclettes.com\/produit\/pompe-lezyne-micro-floor-drive-hpg\/","og_locale":"en_US","og_type":"article","og_title":"Pompe Lezyne Micro Floor drive HPG - Dumoulin Bicyclettes","og_description":"La pompe Lezyne Micro Floor drive est un favori de l'\u00e9quipe de Dumoulin depuis bien des ann\u00e9es. Durable et efficace, elle s'emporte partout !","og_url":"https:\/\/www.dumoulinbicyclettes.com\/produit\/pompe-lezyne-micro-floor-drive-hpg\/","og_site_name":"Dumoulin Bicyclettes","article_publisher":"https:\/\/www.facebook.com\/dumoulinbicyclettes","article_modified_time":"2025-11-19T20:01:50+00:00","og_image":[{"width":1080,"height":1080,"url":"https:\/\/www.dumoulinbicyclettes.com\/wp-content\/uploads\/2023\/06\/lezyne-micro-floor-drive-hpg-product-handpumps-mcrofldrhphpg-y12-zoom2-8dd23cab-8fdb-4360-8f76-7f419eb02896-1080x.jpg","type":"image\/jpeg"}],"twitter_card":"summary_large_image","schema":{"@context":"https:\/\/schema.org","@graph":[{"@type":"WebPage","@id":"https:\/\/www.dumoulinbicyclettes.com\/produit\/pompe-lezyne-micro-floor-drive-hpg\/","url":"https:\/\/www.dumoulinbicyclettes.com\/produit\/pompe-lezyne-micro-floor-drive-hpg\/","name":"Pompe Lezyne Micro Floor drive HPG - Dumoulin Bicyclettes","isPartOf":{"@id":"https:\/\/www.dumoulinbicyclettes.com\/#website"},"primaryImageOfPage":{"@id":"https:\/\/www.dumoulinbicyclettes.com\/produit\/pompe-lezyne-micro-floor-drive-hpg\/#primaryimage"},"image":{"@id":"https:\/\/www.dumoulinbicyclettes.com\/produit\/pompe-lezyne-micro-floor-drive-hpg\/#primaryimage"},"thumbnailUrl":"https:\/\/www.dumoulinbicyclettes.com\/wp-content\/uploads\/2023\/06\/lezyne-micro-floor-drive-hpg-product-handpumps-mcrofldrhphpg-y12-zoom2-8dd23cab-8fdb-4360-8f76-7f419eb02896-1080x.jpg","datePublished":"2023-06-06T20:04:15+00:00","dateModified":"2025-11-19T20:01:50+00:00","description":"La pompe Lezyne Micro Floor drive est un favori de l'\u00e9quipe de Dumoulin depuis bien des ann\u00e9es. Durable et efficace, elle s'emporte partout !","breadcrumb":{"@id":"https:\/\/www.dumoulinbicyclettes.com\/produit\/pompe-lezyne-micro-floor-drive-hpg\/#breadcrumb"},"inLanguage":"en-US","potentialAction":[{"@type":"ReadAction","target":["https:\/\/www.dumoulinbicyclettes.com\/produit\/pompe-lezyne-micro-floor-drive-hpg\/"]}]},{"@type":"ImageObject","inLanguage":"en-US","@id":"https:\/\/www.dumoulinbicyclettes.com\/produit\/pompe-lezyne-micro-floor-drive-hpg\/#primaryimage","url":"https:\/\/www.dumoulinbicyclettes.com\/wp-content\/uploads\/2023\/06\/lezyne-micro-floor-drive-hpg-product-handpumps-mcrofldrhphpg-y12-zoom2-8dd23cab-8fdb-4360-8f76-7f419eb02896-1080x.jpg","contentUrl":"https:\/\/www.dumoulinbicyclettes.com\/wp-content\/uploads\/2023\/06\/lezyne-micro-floor-drive-hpg-product-handpumps-mcrofldrhphpg-y12-zoom2-8dd23cab-8fdb-4360-8f76-7f419eb02896-1080x.jpg","width":1080,"height":1080},{"@type":"BreadcrumbList","@id":"https:\/\/www.dumoulinbicyclettes.com\/produit\/pompe-lezyne-micro-floor-drive-hpg\/#breadcrumb","itemListElement":[{"@type":"ListItem","position":1,"name":"Home","item":"https:\/\/www.dumoulinbicyclettes.com\/en\/"},{"@type":"ListItem","position":2,"name":"Shop","item":"https:\/\/www.dumoulinbicyclettes.com\/en\/shop\/"},{"@type":"ListItem","position":3,"name":"Pompe Lezyne Micro Floor drive HPG"}]},{"@type":"WebSite","@id":"https:\/\/www.dumoulinbicyclettes.com\/#website","url":"https:\/\/www.dumoulinbicyclettes.com\/","name":"Dumoulin Bicyclettes","description":"","publisher":{"@id":"https:\/\/www.dumoulinbicyclettes.com\/#organization"},"potentialAction":[{"@type":"SearchAction","target":{"@type":"EntryPoint","urlTemplate":"https:\/\/www.dumoulinbicyclettes.com\/?s={search_term_string}"},"query-input":{"@type":"PropertyValueSpecification","valueRequired":true,"valueName":"search_term_string"}}],"inLanguage":"en-US"},{"@type":"Organization","@id":"https:\/\/www.dumoulinbicyclettes.com\/#organization","name":"Dumoulin Bicyclettes","url":"https:\/\/www.dumoulinbicyclettes.com\/","logo":{"@type":"ImageObject","inLanguage":"en-US","@id":"https:\/\/www.dumoulinbicyclettes.com\/#\/schema\/logo\/image\/","url":"https:\/\/www.dumoulinbicyclettes.com\/wp-content\/uploads\/2021\/04\/Logo.svg","contentUrl":"https:\/\/www.dumoulinbicyclettes.com\/wp-content\/uploads\/2021\/04\/Logo.svg","width":254,"height":86,"caption":"Dumoulin Bicyclettes"},"image":{"@id":"https:\/\/www.dumoulinbicyclettes.com\/#\/schema\/logo\/image\/"},"sameAs":["https:\/\/www.facebook.com\/dumoulinbicyclettes","https:\/\/www.instagram.com\/dumoulin.ca\/","https:\/\/www.youtube.com\/user\/dumoulinbicyclettes"]}]}},"_links":{"self":[{"href":"https:\/\/www.dumoulinbicyclettes.com\/en\/wp-json\/wp\/v2\/product\/259699","targetHints":{"allow":["GET"]}}],"collection":[{"href":"https:\/\/www.dumoulinbicyclettes.com\/en\/wp-json\/wp\/v2\/product"}],"about":[{"href":"https:\/\/www.dumoulinbicyclettes.com\/en\/wp-json\/wp\/v2\/types\/product"}],"wp:featuredmedia":[{"embeddable":true,"href":"https:\/\/www.dumoulinbicyclettes.com\/en\/wp-json\/wp\/v2\/media\/260577"}],"wp:attachment":[{"href":"https:\/\/www.dumoulinbicyclettes.com\/en\/wp-json\/wp\/v2\/media?parent=259699"}],"wp:term":[{"taxonomy":"product_brand","embeddable":true,"href":"https:\/\/www.dumoulinbicyclettes.com\/en\/wp-json\/wp\/v2\/product_brand?post=259699"},{"taxonomy":"product_cat","embeddable":true,"href":"https:\/\/www.dumoulinbicyclettes.com\/en\/wp-json\/wp\/v2\/product_cat?post=259699"},{"taxonomy":"product_tag","embeddable":true,"href":"https:\/\/www.dumoulinbicyclettes.com\/en\/wp-json\/wp\/v2\/product_tag?post=259699"},{"taxonomy":"marque-produit","embeddable":true,"href":"https:\/\/www.dumoulinbicyclettes.com\/en\/wp-json\/wp\/v2\/marque-produit?post=259699"},{"taxonomy":"collection-produit","embeddable":true,"href":"https:\/\/www.dumoulinbicyclettes.com\/en\/wp-json\/wp\/v2\/collection-produit?post=259699"},{"taxonomy":"type-surface-produit","embeddable":true,"href":"https:\/\/www.dumoulinbicyclettes.com\/en\/wp-json\/wp\/v2\/type-surface-produit?post=259699"},{"taxonomy":"type-velo-produit","embeddable":true,"href":"https:\/\/www.dumoulinbicyclettes.com\/en\/wp-json\/wp\/v2\/type-velo-produit?post=259699"},{"taxonomy":"vetement-produit","embeddable":true,"href":"https:\/\/www.dumoulinbicyclettes.com\/en\/wp-json\/wp\/v2\/vetement-produit?post=259699"},{"taxonomy":"thematique-produit","embeddable":true,"href":"https:\/\/www.dumoulinbicyclettes.com\/en\/wp-json\/wp\/v2\/thematique-produit?post=259699"},{"taxonomy":"position-sur-le-v\u00e9lo","embeddable":true,"href":"https:\/\/www.dumoulinbicyclettes.com\/en\/wp-json\/wp\/v2\/position-sur-le-v\u00e9lo?post=259699"}],"curies":[{"name":"wp","href":"https:\/\/api.w.org\/{rel}","templated":true}]}}