{"id":305373,"date":"2023-09-27T11:03:13","date_gmt":"2023-09-27T15:03:13","guid":{"rendered":"http:\/\/www.dumoulinbicyclettes.com\/?post_type=product&#038;p=305373"},"modified":"2025-12-01T14:47:22","modified_gmt":"2025-12-01T19:47:22","slug":"pneu-a-clous-continental-spike-120-velo-d-hiver-montreal","status":"publish","type":"product","link":"https:\/\/www.dumoulinbicyclettes.com\/en\/product\/pneu-a-clous-continental-spike-120-velo-d-hiver-montreal\/","title":{"rendered":"Pneu d&#8217;hiver Continental Spike 120"},"content":{"rendered":"<p>Les pneus \u00e0 clous Continental Spike vous aide \u00e0 <a href=\"https:\/\/www.dumoulinbicyclettes.com\/velo-d-hiver\/\" target=\"_blank\" rel=\"noopener\">pratiquer le v\u00e9lo d&#8217;hiver<\/a>. Avec 120 clous, vous obtenez une bonne adh\u00e9rence tout en conservant un roulement moins agressif.<\/p>\n<p>Disponible uniquement en <a href=\"https:\/\/www.dumoulinbicyclettes.com\/au-sujet-des-tailles-de-pneus\/\" target=\"_blank\" rel=\"noopener\">taille \u00ab700<\/a>\u00bb<\/p>\n","protected":false},"excerpt":{"rendered":"<p>Les pneus \u00e0 clous Continental Spike vous aide \u00e0 pratiquer le v\u00e9lo d&#8217;hiver. Avec 120 clous, vous obtenez une bonne adh\u00e9rence tout en conservant un roulement moins agressif. Disponible uniquement en taille \u00ab700\u00bb<\/p>\n","protected":false},"featured_media":305377,"template":"","meta":{"_acf_changed":false},"product_brand":[],"product_cat":[226],"product_tag":[2278,3004,2279],"marque-produit":[1362],"collection-produit":[2886,2887],"type-surface-produit":[],"type-velo-produit":[],"vetement-produit":[],"thematique-produit":[],"position-sur-le-v\u00e9lo":[],"class_list":{"0":"post-305373","1":"product","2":"type-product","3":"status-publish","4":"has-post-thumbnail","6":"product_cat-pneus","7":"product_tag-continental","8":"product_tag-pneus-dhiver","9":"product_tag-spike","10":"marque-produit-continental","11":"collection-produit-hiver","12":"collection-produit-pneu","14":"first","15":"instock","16":"taxable","17":"shipping-taxable","18":"purchasable","19":"product-type-variable"},"acf":[],"yoast_head":"<!-- This site is optimized with the Yoast SEO plugin v27.3 - https:\/\/yoast.com\/product\/yoast-seo-wordpress\/ -->\n<title>Pneu \u00e0 clous Continental Spike 120 | V\u00e9lo d&#039;hiver |\u00a0Montr\u00e9al |\u00a0Qu\u00e9bec<\/title>\n<meta name=\"description\" content=\"Les pneus \u00e0 clous Continental Spike 120 vous aident \u00e0 pratiquer le v\u00e9lo d&#039;hiver avec confiance. Augmentant votre s\u00e9curit\u00e9, on vous les recommande.\" \/>\n<meta name=\"robots\" content=\"index, follow, max-snippet:-1, max-image-preview:large, max-video-preview:-1\" \/>\n<link rel=\"canonical\" href=\"https:\/\/www.dumoulinbicyclettes.com\/produit\/pneu-a-clous-continental-spike-120-velo-d-hiver-montreal\/\" \/>\n<meta property=\"og:locale\" content=\"en_US\" \/>\n<meta property=\"og:type\" content=\"article\" \/>\n<meta property=\"og:title\" content=\"Pneu \u00e0 clous Continental Spike 120 | V\u00e9lo d&#039;hiver |\u00a0Montr\u00e9al |\u00a0Qu\u00e9bec\" \/>\n<meta property=\"og:description\" content=\"Les pneus \u00e0 clous Continental Spike 120 vous aident \u00e0 pratiquer le v\u00e9lo d&#039;hiver avec confiance. Augmentant votre s\u00e9curit\u00e9, on vous les recommande.\" \/>\n<meta property=\"og:url\" content=\"https:\/\/www.dumoulinbicyclettes.com\/produit\/pneu-a-clous-continental-spike-120-velo-d-hiver-montreal\/\" \/>\n<meta property=\"og:site_name\" content=\"Dumoulin Bicyclettes\" \/>\n<meta property=\"article:publisher\" content=\"https:\/\/www.facebook.com\/dumoulinbicyclettes\" \/>\n<meta property=\"article:modified_time\" content=\"2025-12-01T19:47:22+00:00\" \/>\n<meta property=\"og:image\" content=\"http:\/\/www.dumoulinbicyclettes.com\/wp-content\/uploads\/2023\/09\/Pneu_clous_Continental_Contact_Spike.jpg\" \/>\n\t<meta property=\"og:image:width\" content=\"535\" \/>\n\t<meta property=\"og:image:height\" content=\"535\" \/>\n\t<meta property=\"og:image:type\" content=\"image\/jpeg\" \/>\n<meta name=\"twitter:card\" content=\"summary_large_image\" \/>\n<meta name=\"twitter:label1\" content=\"Est. reading time\" \/>\n\t<meta name=\"twitter:data1\" content=\"1 minute\" \/>\n<script type=\"application\/ld+json\" class=\"yoast-schema-graph\">{\"@context\":\"https:\\\/\\\/schema.org\",\"@graph\":[{\"@type\":\"WebPage\",\"@id\":\"https:\\\/\\\/www.dumoulinbicyclettes.com\\\/produit\\\/pneu-a-clous-continental-spike-120-velo-d-hiver-montreal\\\/\",\"url\":\"https:\\\/\\\/www.dumoulinbicyclettes.com\\\/produit\\\/pneu-a-clous-continental-spike-120-velo-d-hiver-montreal\\\/\",\"name\":\"Pneu \u00e0 clous Continental Spike 120 | V\u00e9lo d'hiver |\u00a0Montr\u00e9al |\u00a0Qu\u00e9bec\",\"isPartOf\":{\"@id\":\"https:\\\/\\\/www.dumoulinbicyclettes.com\\\/#website\"},\"primaryImageOfPage\":{\"@id\":\"https:\\\/\\\/www.dumoulinbicyclettes.com\\\/produit\\\/pneu-a-clous-continental-spike-120-velo-d-hiver-montreal\\\/#primaryimage\"},\"image\":{\"@id\":\"https:\\\/\\\/www.dumoulinbicyclettes.com\\\/produit\\\/pneu-a-clous-continental-spike-120-velo-d-hiver-montreal\\\/#primaryimage\"},\"thumbnailUrl\":\"https:\\\/\\\/www.dumoulinbicyclettes.com\\\/wp-content\\\/uploads\\\/2023\\\/09\\\/Pneu_clous_Continental_Contact_Spike.jpg\",\"datePublished\":\"2023-09-27T15:03:13+00:00\",\"dateModified\":\"2025-12-01T19:47:22+00:00\",\"description\":\"Les pneus \u00e0 clous Continental Spike 120 vous aident \u00e0 pratiquer le v\u00e9lo d'hiver avec confiance. Augmentant votre s\u00e9curit\u00e9, on vous les recommande.\",\"breadcrumb\":{\"@id\":\"https:\\\/\\\/www.dumoulinbicyclettes.com\\\/produit\\\/pneu-a-clous-continental-spike-120-velo-d-hiver-montreal\\\/#breadcrumb\"},\"inLanguage\":\"en-US\",\"potentialAction\":[{\"@type\":\"ReadAction\",\"target\":[\"https:\\\/\\\/www.dumoulinbicyclettes.com\\\/produit\\\/pneu-a-clous-continental-spike-120-velo-d-hiver-montreal\\\/\"]}]},{\"@type\":\"ImageObject\",\"inLanguage\":\"en-US\",\"@id\":\"https:\\\/\\\/www.dumoulinbicyclettes.com\\\/produit\\\/pneu-a-clous-continental-spike-120-velo-d-hiver-montreal\\\/#primaryimage\",\"url\":\"https:\\\/\\\/www.dumoulinbicyclettes.com\\\/wp-content\\\/uploads\\\/2023\\\/09\\\/Pneu_clous_Continental_Contact_Spike.jpg\",\"contentUrl\":\"https:\\\/\\\/www.dumoulinbicyclettes.com\\\/wp-content\\\/uploads\\\/2023\\\/09\\\/Pneu_clous_Continental_Contact_Spike.jpg\",\"width\":535,\"height\":535,\"caption\":\"Pneu-clous-Contintental-spike-120-velo-d-hiver\"},{\"@type\":\"BreadcrumbList\",\"@id\":\"https:\\\/\\\/www.dumoulinbicyclettes.com\\\/produit\\\/pneu-a-clous-continental-spike-120-velo-d-hiver-montreal\\\/#breadcrumb\",\"itemListElement\":[{\"@type\":\"ListItem\",\"position\":1,\"name\":\"Home\",\"item\":\"https:\\\/\\\/www.dumoulinbicyclettes.com\\\/en\\\/\"},{\"@type\":\"ListItem\",\"position\":2,\"name\":\"Shop\",\"item\":\"https:\\\/\\\/www.dumoulinbicyclettes.com\\\/en\\\/shop\\\/\"},{\"@type\":\"ListItem\",\"position\":3,\"name\":\"Pneu d&rsquo;hiver Continental Spike 120\"}]},{\"@type\":\"WebSite\",\"@id\":\"https:\\\/\\\/www.dumoulinbicyclettes.com\\\/#website\",\"url\":\"https:\\\/\\\/www.dumoulinbicyclettes.com\\\/\",\"name\":\"Dumoulin Bicyclettes\",\"description\":\"\",\"publisher\":{\"@id\":\"https:\\\/\\\/www.dumoulinbicyclettes.com\\\/#organization\"},\"potentialAction\":[{\"@type\":\"SearchAction\",\"target\":{\"@type\":\"EntryPoint\",\"urlTemplate\":\"https:\\\/\\\/www.dumoulinbicyclettes.com\\\/?s={search_term_string}\"},\"query-input\":{\"@type\":\"PropertyValueSpecification\",\"valueRequired\":true,\"valueName\":\"search_term_string\"}}],\"inLanguage\":\"en-US\"},{\"@type\":\"Organization\",\"@id\":\"https:\\\/\\\/www.dumoulinbicyclettes.com\\\/#organization\",\"name\":\"Dumoulin Bicyclettes\",\"url\":\"https:\\\/\\\/www.dumoulinbicyclettes.com\\\/\",\"logo\":{\"@type\":\"ImageObject\",\"inLanguage\":\"en-US\",\"@id\":\"https:\\\/\\\/www.dumoulinbicyclettes.com\\\/#\\\/schema\\\/logo\\\/image\\\/\",\"url\":\"https:\\\/\\\/www.dumoulinbicyclettes.com\\\/wp-content\\\/uploads\\\/2021\\\/04\\\/Logo.svg\",\"contentUrl\":\"https:\\\/\\\/www.dumoulinbicyclettes.com\\\/wp-content\\\/uploads\\\/2021\\\/04\\\/Logo.svg\",\"width\":254,\"height\":86,\"caption\":\"Dumoulin Bicyclettes\"},\"image\":{\"@id\":\"https:\\\/\\\/www.dumoulinbicyclettes.com\\\/#\\\/schema\\\/logo\\\/image\\\/\"},\"sameAs\":[\"https:\\\/\\\/www.facebook.com\\\/dumoulinbicyclettes\",\"https:\\\/\\\/www.instagram.com\\\/dumoulin.ca\\\/\",\"https:\\\/\\\/www.youtube.com\\\/user\\\/dumoulinbicyclettes\"]}]}<\/script>\n<!-- \/ Yoast SEO plugin. -->","yoast_head_json":{"title":"Pneu \u00e0 clous Continental Spike 120 | V\u00e9lo d'hiver |\u00a0Montr\u00e9al |\u00a0Qu\u00e9bec","description":"Les pneus \u00e0 clous Continental Spike 120 vous aident \u00e0 pratiquer le v\u00e9lo d'hiver avec confiance. Augmentant votre s\u00e9curit\u00e9, on vous les recommande.","robots":{"index":"index","follow":"follow","max-snippet":"max-snippet:-1","max-image-preview":"max-image-preview:large","max-video-preview":"max-video-preview:-1"},"canonical":"https:\/\/www.dumoulinbicyclettes.com\/produit\/pneu-a-clous-continental-spike-120-velo-d-hiver-montreal\/","og_locale":"en_US","og_type":"article","og_title":"Pneu \u00e0 clous Continental Spike 120 | V\u00e9lo d'hiver |\u00a0Montr\u00e9al |\u00a0Qu\u00e9bec","og_description":"Les pneus \u00e0 clous Continental Spike 120 vous aident \u00e0 pratiquer le v\u00e9lo d'hiver avec confiance. Augmentant votre s\u00e9curit\u00e9, on vous les recommande.","og_url":"https:\/\/www.dumoulinbicyclettes.com\/produit\/pneu-a-clous-continental-spike-120-velo-d-hiver-montreal\/","og_site_name":"Dumoulin Bicyclettes","article_publisher":"https:\/\/www.facebook.com\/dumoulinbicyclettes","article_modified_time":"2025-12-01T19:47:22+00:00","og_image":[{"width":535,"height":535,"url":"http:\/\/www.dumoulinbicyclettes.com\/wp-content\/uploads\/2023\/09\/Pneu_clous_Continental_Contact_Spike.jpg","type":"image\/jpeg"}],"twitter_card":"summary_large_image","twitter_misc":{"Est. reading time":"1 minute"},"schema":{"@context":"https:\/\/schema.org","@graph":[{"@type":"WebPage","@id":"https:\/\/www.dumoulinbicyclettes.com\/produit\/pneu-a-clous-continental-spike-120-velo-d-hiver-montreal\/","url":"https:\/\/www.dumoulinbicyclettes.com\/produit\/pneu-a-clous-continental-spike-120-velo-d-hiver-montreal\/","name":"Pneu \u00e0 clous Continental Spike 120 | V\u00e9lo d'hiver |\u00a0Montr\u00e9al |\u00a0Qu\u00e9bec","isPartOf":{"@id":"https:\/\/www.dumoulinbicyclettes.com\/#website"},"primaryImageOfPage":{"@id":"https:\/\/www.dumoulinbicyclettes.com\/produit\/pneu-a-clous-continental-spike-120-velo-d-hiver-montreal\/#primaryimage"},"image":{"@id":"https:\/\/www.dumoulinbicyclettes.com\/produit\/pneu-a-clous-continental-spike-120-velo-d-hiver-montreal\/#primaryimage"},"thumbnailUrl":"https:\/\/www.dumoulinbicyclettes.com\/wp-content\/uploads\/2023\/09\/Pneu_clous_Continental_Contact_Spike.jpg","datePublished":"2023-09-27T15:03:13+00:00","dateModified":"2025-12-01T19:47:22+00:00","description":"Les pneus \u00e0 clous Continental Spike 120 vous aident \u00e0 pratiquer le v\u00e9lo d'hiver avec confiance. Augmentant votre s\u00e9curit\u00e9, on vous les recommande.","breadcrumb":{"@id":"https:\/\/www.dumoulinbicyclettes.com\/produit\/pneu-a-clous-continental-spike-120-velo-d-hiver-montreal\/#breadcrumb"},"inLanguage":"en-US","potentialAction":[{"@type":"ReadAction","target":["https:\/\/www.dumoulinbicyclettes.com\/produit\/pneu-a-clous-continental-spike-120-velo-d-hiver-montreal\/"]}]},{"@type":"ImageObject","inLanguage":"en-US","@id":"https:\/\/www.dumoulinbicyclettes.com\/produit\/pneu-a-clous-continental-spike-120-velo-d-hiver-montreal\/#primaryimage","url":"https:\/\/www.dumoulinbicyclettes.com\/wp-content\/uploads\/2023\/09\/Pneu_clous_Continental_Contact_Spike.jpg","contentUrl":"https:\/\/www.dumoulinbicyclettes.com\/wp-content\/uploads\/2023\/09\/Pneu_clous_Continental_Contact_Spike.jpg","width":535,"height":535,"caption":"Pneu-clous-Contintental-spike-120-velo-d-hiver"},{"@type":"BreadcrumbList","@id":"https:\/\/www.dumoulinbicyclettes.com\/produit\/pneu-a-clous-continental-spike-120-velo-d-hiver-montreal\/#breadcrumb","itemListElement":[{"@type":"ListItem","position":1,"name":"Home","item":"https:\/\/www.dumoulinbicyclettes.com\/en\/"},{"@type":"ListItem","position":2,"name":"Shop","item":"https:\/\/www.dumoulinbicyclettes.com\/en\/shop\/"},{"@type":"ListItem","position":3,"name":"Pneu d&rsquo;hiver Continental Spike 120"}]},{"@type":"WebSite","@id":"https:\/\/www.dumoulinbicyclettes.com\/#website","url":"https:\/\/www.dumoulinbicyclettes.com\/","name":"Dumoulin Bicyclettes","description":"","publisher":{"@id":"https:\/\/www.dumoulinbicyclettes.com\/#organization"},"potentialAction":[{"@type":"SearchAction","target":{"@type":"EntryPoint","urlTemplate":"https:\/\/www.dumoulinbicyclettes.com\/?s={search_term_string}"},"query-input":{"@type":"PropertyValueSpecification","valueRequired":true,"valueName":"search_term_string"}}],"inLanguage":"en-US"},{"@type":"Organization","@id":"https:\/\/www.dumoulinbicyclettes.com\/#organization","name":"Dumoulin Bicyclettes","url":"https:\/\/www.dumoulinbicyclettes.com\/","logo":{"@type":"ImageObject","inLanguage":"en-US","@id":"https:\/\/www.dumoulinbicyclettes.com\/#\/schema\/logo\/image\/","url":"https:\/\/www.dumoulinbicyclettes.com\/wp-content\/uploads\/2021\/04\/Logo.svg","contentUrl":"https:\/\/www.dumoulinbicyclettes.com\/wp-content\/uploads\/2021\/04\/Logo.svg","width":254,"height":86,"caption":"Dumoulin Bicyclettes"},"image":{"@id":"https:\/\/www.dumoulinbicyclettes.com\/#\/schema\/logo\/image\/"},"sameAs":["https:\/\/www.facebook.com\/dumoulinbicyclettes","https:\/\/www.instagram.com\/dumoulin.ca\/","https:\/\/www.youtube.com\/user\/dumoulinbicyclettes"]}]}},"_links":{"self":[{"href":"https:\/\/www.dumoulinbicyclettes.com\/en\/wp-json\/wp\/v2\/product\/305373","targetHints":{"allow":["GET"]}}],"collection":[{"href":"https:\/\/www.dumoulinbicyclettes.com\/en\/wp-json\/wp\/v2\/product"}],"about":[{"href":"https:\/\/www.dumoulinbicyclettes.com\/en\/wp-json\/wp\/v2\/types\/product"}],"wp:featuredmedia":[{"embeddable":true,"href":"https:\/\/www.dumoulinbicyclettes.com\/en\/wp-json\/wp\/v2\/media\/305377"}],"wp:attachment":[{"href":"https:\/\/www.dumoulinbicyclettes.com\/en\/wp-json\/wp\/v2\/media?parent=305373"}],"wp:term":[{"taxonomy":"product_brand","embeddable":true,"href":"https:\/\/www.dumoulinbicyclettes.com\/en\/wp-json\/wp\/v2\/product_brand?post=305373"},{"taxonomy":"product_cat","embeddable":true,"href":"https:\/\/www.dumoulinbicyclettes.com\/en\/wp-json\/wp\/v2\/product_cat?post=305373"},{"taxonomy":"product_tag","embeddable":true,"href":"https:\/\/www.dumoulinbicyclettes.com\/en\/wp-json\/wp\/v2\/product_tag?post=305373"},{"taxonomy":"marque-produit","embeddable":true,"href":"https:\/\/www.dumoulinbicyclettes.com\/en\/wp-json\/wp\/v2\/marque-produit?post=305373"},{"taxonomy":"collection-produit","embeddable":true,"href":"https:\/\/www.dumoulinbicyclettes.com\/en\/wp-json\/wp\/v2\/collection-produit?post=305373"},{"taxonomy":"type-surface-produit","embeddable":true,"href":"https:\/\/www.dumoulinbicyclettes.com\/en\/wp-json\/wp\/v2\/type-surface-produit?post=305373"},{"taxonomy":"type-velo-produit","embeddable":true,"href":"https:\/\/www.dumoulinbicyclettes.com\/en\/wp-json\/wp\/v2\/type-velo-produit?post=305373"},{"taxonomy":"vetement-produit","embeddable":true,"href":"https:\/\/www.dumoulinbicyclettes.com\/en\/wp-json\/wp\/v2\/vetement-produit?post=305373"},{"taxonomy":"thematique-produit","embeddable":true,"href":"https:\/\/www.dumoulinbicyclettes.com\/en\/wp-json\/wp\/v2\/thematique-produit?post=305373"},{"taxonomy":"position-sur-le-v\u00e9lo","embeddable":true,"href":"https:\/\/www.dumoulinbicyclettes.com\/en\/wp-json\/wp\/v2\/position-sur-le-v\u00e9lo?post=305373"}],"curies":[{"name":"wp","href":"https:\/\/api.w.org\/{rel}","templated":true}]}}