{"id":308959,"date":"2023-10-07T18:04:09","date_gmt":"2023-10-07T22:04:09","guid":{"rendered":"http:\/\/www.dumoulinbicyclettes.com\/?post_type=product&#038;p=308959"},"modified":"2025-09-08T13:12:40","modified_gmt":"2025-09-08T17:12:40","slug":"lumieres-de-velo-cateye-ampp-500-et-viz-150","status":"publish","type":"product","link":"https:\/\/www.dumoulinbicyclettes.com\/en\/product\/lumieres-de-velo-cateye-ampp-500-et-viz-150\/","title":{"rendered":"Lumi\u00e8res Cateye Ampp 500 et Viz 150"},"content":{"rendered":"<p>Cet ensemble de lumi\u00e8res de v\u00e9lo Cateye Ampp 500 et Viz 150 convient parfaitement aux utilisateurs occasionnels comme aux navetteurs r\u00e9guliers.<\/p>\n<p>Vous pouvez compter sur un phare avant assez fort pour vous situer clairement et pour \u00e9clairer les nids-de-poule, mais aussi sur un feu arri\u00e8re <a href=\"https:\/\/www.dumoulinbicyclettes.com\/adopter-la-conduite-defensive\/\" target=\"_blank\" rel=\"noopener\">s\u00e9curisant<\/a> qui d\u00e9stresse les automobilistes et vous s\u00e9curise confortablement.<\/p>\n","protected":false},"excerpt":{"rendered":"<p>Cet ensemble de lumi\u00e8res de v\u00e9lo Cateye Ampp 500 et Viz 150 convient parfaitement aux utilisateurs occasionnels comme aux navetteurs r\u00e9guliers. Vous pouvez compter sur un phare avant assez fort pour vous situer clairement et pour \u00e9clairer les nids-de-poule, mais aussi sur un feu arri\u00e8re s\u00e9curisant qui d\u00e9stresse les automobilistes et vous s\u00e9curise confortablement.<\/p>\n","protected":false},"featured_media":175708,"template":"","meta":{"_acf_changed":false},"product_brand":[],"product_cat":[208,213,192],"product_tag":[3007,2295,2439,3008],"marque-produit":[1388],"collection-produit":[2901],"type-surface-produit":[],"type-velo-produit":[],"vetement-produit":[],"thematique-produit":[],"position-sur-le-v\u00e9lo":[],"class_list":{"0":"post-308959","1":"product","2":"type-product","3":"status-publish","4":"has-post-thumbnail","6":"product_cat-lumieres-de-velo","7":"product_cat-paire","8":"product_cat-visibilite","9":"product_tag-ampp-500","10":"product_tag-cateye","11":"product_tag-lumieres","12":"product_tag-viz-150","13":"marque-produit-cateye","14":"collection-produit-lumieres","16":"first","17":"outofstock","18":"taxable","19":"shipping-taxable","20":"purchasable","21":"product-type-simple"},"acf":[],"yoast_head":"<!-- This site is optimized with the Yoast SEO plugin v27.3 - https:\/\/yoast.com\/product\/yoast-seo-wordpress\/ -->\n<title>Lumi\u00e8res Cateye Ampp 500 et Viz 150 - Dumoulin Bicyclettes<\/title>\n<meta name=\"description\" content=\"L&#039;ensemble de lumi\u00e8res de v\u00e9lo Cateye Ampp 500 et Viz 150 convient aux cyclistes quotidiens comme aux utilisateurs occasionnels.\" \/>\n<meta name=\"robots\" content=\"index, follow, max-snippet:-1, max-image-preview:large, max-video-preview:-1\" \/>\n<link rel=\"canonical\" href=\"https:\/\/www.dumoulinbicyclettes.com\/produit\/lumieres-de-velo-cateye-ampp-500-et-viz-150\/\" \/>\n<meta property=\"og:locale\" content=\"en_US\" \/>\n<meta property=\"og:type\" content=\"article\" \/>\n<meta property=\"og:title\" content=\"Lumi\u00e8res Cateye Ampp 500 et Viz 150 - Dumoulin Bicyclettes\" \/>\n<meta property=\"og:description\" content=\"L&#039;ensemble de lumi\u00e8res de v\u00e9lo Cateye Ampp 500 et Viz 150 convient aux cyclistes quotidiens comme aux utilisateurs occasionnels.\" \/>\n<meta property=\"og:url\" content=\"https:\/\/www.dumoulinbicyclettes.com\/produit\/lumieres-de-velo-cateye-ampp-500-et-viz-150\/\" \/>\n<meta property=\"og:site_name\" content=\"Dumoulin Bicyclettes\" \/>\n<meta property=\"article:publisher\" content=\"https:\/\/www.facebook.com\/dumoulinbicyclettes\" \/>\n<meta property=\"article:modified_time\" content=\"2025-09-08T17:12:40+00:00\" \/>\n<meta property=\"og:image\" content=\"http:\/\/www.dumoulinbicyclettes.com\/wp-content\/uploads\/2022\/05\/cateye-ampp-500-viz-150.jpg\" \/>\n\t<meta property=\"og:image:width\" content=\"800\" \/>\n\t<meta property=\"og:image:height\" content=\"800\" \/>\n\t<meta property=\"og:image:type\" content=\"image\/jpeg\" \/>\n<meta name=\"twitter:card\" content=\"summary_large_image\" \/>\n<meta name=\"twitter:label1\" content=\"Est. reading time\" \/>\n\t<meta name=\"twitter:data1\" content=\"1 minute\" \/>\n<script type=\"application\/ld+json\" class=\"yoast-schema-graph\">{\"@context\":\"https:\\\/\\\/schema.org\",\"@graph\":[{\"@type\":\"WebPage\",\"@id\":\"https:\\\/\\\/www.dumoulinbicyclettes.com\\\/produit\\\/lumieres-de-velo-cateye-ampp-500-et-viz-150\\\/\",\"url\":\"https:\\\/\\\/www.dumoulinbicyclettes.com\\\/produit\\\/lumieres-de-velo-cateye-ampp-500-et-viz-150\\\/\",\"name\":\"Lumi\u00e8res Cateye Ampp 500 et Viz 150 - Dumoulin Bicyclettes\",\"isPartOf\":{\"@id\":\"https:\\\/\\\/www.dumoulinbicyclettes.com\\\/#website\"},\"primaryImageOfPage\":{\"@id\":\"https:\\\/\\\/www.dumoulinbicyclettes.com\\\/produit\\\/lumieres-de-velo-cateye-ampp-500-et-viz-150\\\/#primaryimage\"},\"image\":{\"@id\":\"https:\\\/\\\/www.dumoulinbicyclettes.com\\\/produit\\\/lumieres-de-velo-cateye-ampp-500-et-viz-150\\\/#primaryimage\"},\"thumbnailUrl\":\"https:\\\/\\\/www.dumoulinbicyclettes.com\\\/wp-content\\\/uploads\\\/2022\\\/05\\\/cateye-ampp-500-viz-150.jpg\",\"datePublished\":\"2023-10-07T22:04:09+00:00\",\"dateModified\":\"2025-09-08T17:12:40+00:00\",\"description\":\"L'ensemble de lumi\u00e8res de v\u00e9lo Cateye Ampp 500 et Viz 150 convient aux cyclistes quotidiens comme aux utilisateurs occasionnels.\",\"breadcrumb\":{\"@id\":\"https:\\\/\\\/www.dumoulinbicyclettes.com\\\/produit\\\/lumieres-de-velo-cateye-ampp-500-et-viz-150\\\/#breadcrumb\"},\"inLanguage\":\"en-US\",\"potentialAction\":[{\"@type\":\"ReadAction\",\"target\":[\"https:\\\/\\\/www.dumoulinbicyclettes.com\\\/produit\\\/lumieres-de-velo-cateye-ampp-500-et-viz-150\\\/\"]}]},{\"@type\":\"ImageObject\",\"inLanguage\":\"en-US\",\"@id\":\"https:\\\/\\\/www.dumoulinbicyclettes.com\\\/produit\\\/lumieres-de-velo-cateye-ampp-500-et-viz-150\\\/#primaryimage\",\"url\":\"https:\\\/\\\/www.dumoulinbicyclettes.com\\\/wp-content\\\/uploads\\\/2022\\\/05\\\/cateye-ampp-500-viz-150.jpg\",\"contentUrl\":\"https:\\\/\\\/www.dumoulinbicyclettes.com\\\/wp-content\\\/uploads\\\/2022\\\/05\\\/cateye-ampp-500-viz-150.jpg\",\"width\":800,\"height\":800,\"caption\":\"Cateye Ampp 500 et Viz 150\"},{\"@type\":\"BreadcrumbList\",\"@id\":\"https:\\\/\\\/www.dumoulinbicyclettes.com\\\/produit\\\/lumieres-de-velo-cateye-ampp-500-et-viz-150\\\/#breadcrumb\",\"itemListElement\":[{\"@type\":\"ListItem\",\"position\":1,\"name\":\"Home\",\"item\":\"https:\\\/\\\/www.dumoulinbicyclettes.com\\\/en\\\/\"},{\"@type\":\"ListItem\",\"position\":2,\"name\":\"Shop\",\"item\":\"https:\\\/\\\/www.dumoulinbicyclettes.com\\\/en\\\/shop\\\/\"},{\"@type\":\"ListItem\",\"position\":3,\"name\":\"Lumi\u00e8res Cateye Ampp 500 et Viz 150\"}]},{\"@type\":\"WebSite\",\"@id\":\"https:\\\/\\\/www.dumoulinbicyclettes.com\\\/#website\",\"url\":\"https:\\\/\\\/www.dumoulinbicyclettes.com\\\/\",\"name\":\"Dumoulin Bicyclettes\",\"description\":\"\",\"publisher\":{\"@id\":\"https:\\\/\\\/www.dumoulinbicyclettes.com\\\/#organization\"},\"potentialAction\":[{\"@type\":\"SearchAction\",\"target\":{\"@type\":\"EntryPoint\",\"urlTemplate\":\"https:\\\/\\\/www.dumoulinbicyclettes.com\\\/?s={search_term_string}\"},\"query-input\":{\"@type\":\"PropertyValueSpecification\",\"valueRequired\":true,\"valueName\":\"search_term_string\"}}],\"inLanguage\":\"en-US\"},{\"@type\":\"Organization\",\"@id\":\"https:\\\/\\\/www.dumoulinbicyclettes.com\\\/#organization\",\"name\":\"Dumoulin Bicyclettes\",\"url\":\"https:\\\/\\\/www.dumoulinbicyclettes.com\\\/\",\"logo\":{\"@type\":\"ImageObject\",\"inLanguage\":\"en-US\",\"@id\":\"https:\\\/\\\/www.dumoulinbicyclettes.com\\\/#\\\/schema\\\/logo\\\/image\\\/\",\"url\":\"https:\\\/\\\/www.dumoulinbicyclettes.com\\\/wp-content\\\/uploads\\\/2021\\\/04\\\/Logo.svg\",\"contentUrl\":\"https:\\\/\\\/www.dumoulinbicyclettes.com\\\/wp-content\\\/uploads\\\/2021\\\/04\\\/Logo.svg\",\"width\":254,\"height\":86,\"caption\":\"Dumoulin Bicyclettes\"},\"image\":{\"@id\":\"https:\\\/\\\/www.dumoulinbicyclettes.com\\\/#\\\/schema\\\/logo\\\/image\\\/\"},\"sameAs\":[\"https:\\\/\\\/www.facebook.com\\\/dumoulinbicyclettes\",\"https:\\\/\\\/www.instagram.com\\\/dumoulin.ca\\\/\",\"https:\\\/\\\/www.youtube.com\\\/user\\\/dumoulinbicyclettes\"]}]}<\/script>\n<!-- \/ Yoast SEO plugin. -->","yoast_head_json":{"title":"Lumi\u00e8res Cateye Ampp 500 et Viz 150 - Dumoulin Bicyclettes","description":"L'ensemble de lumi\u00e8res de v\u00e9lo Cateye Ampp 500 et Viz 150 convient aux cyclistes quotidiens comme aux utilisateurs occasionnels.","robots":{"index":"index","follow":"follow","max-snippet":"max-snippet:-1","max-image-preview":"max-image-preview:large","max-video-preview":"max-video-preview:-1"},"canonical":"https:\/\/www.dumoulinbicyclettes.com\/produit\/lumieres-de-velo-cateye-ampp-500-et-viz-150\/","og_locale":"en_US","og_type":"article","og_title":"Lumi\u00e8res Cateye Ampp 500 et Viz 150 - Dumoulin Bicyclettes","og_description":"L'ensemble de lumi\u00e8res de v\u00e9lo Cateye Ampp 500 et Viz 150 convient aux cyclistes quotidiens comme aux utilisateurs occasionnels.","og_url":"https:\/\/www.dumoulinbicyclettes.com\/produit\/lumieres-de-velo-cateye-ampp-500-et-viz-150\/","og_site_name":"Dumoulin Bicyclettes","article_publisher":"https:\/\/www.facebook.com\/dumoulinbicyclettes","article_modified_time":"2025-09-08T17:12:40+00:00","og_image":[{"width":800,"height":800,"url":"http:\/\/www.dumoulinbicyclettes.com\/wp-content\/uploads\/2022\/05\/cateye-ampp-500-viz-150.jpg","type":"image\/jpeg"}],"twitter_card":"summary_large_image","twitter_misc":{"Est. reading time":"1 minute"},"schema":{"@context":"https:\/\/schema.org","@graph":[{"@type":"WebPage","@id":"https:\/\/www.dumoulinbicyclettes.com\/produit\/lumieres-de-velo-cateye-ampp-500-et-viz-150\/","url":"https:\/\/www.dumoulinbicyclettes.com\/produit\/lumieres-de-velo-cateye-ampp-500-et-viz-150\/","name":"Lumi\u00e8res Cateye Ampp 500 et Viz 150 - Dumoulin Bicyclettes","isPartOf":{"@id":"https:\/\/www.dumoulinbicyclettes.com\/#website"},"primaryImageOfPage":{"@id":"https:\/\/www.dumoulinbicyclettes.com\/produit\/lumieres-de-velo-cateye-ampp-500-et-viz-150\/#primaryimage"},"image":{"@id":"https:\/\/www.dumoulinbicyclettes.com\/produit\/lumieres-de-velo-cateye-ampp-500-et-viz-150\/#primaryimage"},"thumbnailUrl":"https:\/\/www.dumoulinbicyclettes.com\/wp-content\/uploads\/2022\/05\/cateye-ampp-500-viz-150.jpg","datePublished":"2023-10-07T22:04:09+00:00","dateModified":"2025-09-08T17:12:40+00:00","description":"L'ensemble de lumi\u00e8res de v\u00e9lo Cateye Ampp 500 et Viz 150 convient aux cyclistes quotidiens comme aux utilisateurs occasionnels.","breadcrumb":{"@id":"https:\/\/www.dumoulinbicyclettes.com\/produit\/lumieres-de-velo-cateye-ampp-500-et-viz-150\/#breadcrumb"},"inLanguage":"en-US","potentialAction":[{"@type":"ReadAction","target":["https:\/\/www.dumoulinbicyclettes.com\/produit\/lumieres-de-velo-cateye-ampp-500-et-viz-150\/"]}]},{"@type":"ImageObject","inLanguage":"en-US","@id":"https:\/\/www.dumoulinbicyclettes.com\/produit\/lumieres-de-velo-cateye-ampp-500-et-viz-150\/#primaryimage","url":"https:\/\/www.dumoulinbicyclettes.com\/wp-content\/uploads\/2022\/05\/cateye-ampp-500-viz-150.jpg","contentUrl":"https:\/\/www.dumoulinbicyclettes.com\/wp-content\/uploads\/2022\/05\/cateye-ampp-500-viz-150.jpg","width":800,"height":800,"caption":"Cateye Ampp 500 et Viz 150"},{"@type":"BreadcrumbList","@id":"https:\/\/www.dumoulinbicyclettes.com\/produit\/lumieres-de-velo-cateye-ampp-500-et-viz-150\/#breadcrumb","itemListElement":[{"@type":"ListItem","position":1,"name":"Home","item":"https:\/\/www.dumoulinbicyclettes.com\/en\/"},{"@type":"ListItem","position":2,"name":"Shop","item":"https:\/\/www.dumoulinbicyclettes.com\/en\/shop\/"},{"@type":"ListItem","position":3,"name":"Lumi\u00e8res Cateye Ampp 500 et Viz 150"}]},{"@type":"WebSite","@id":"https:\/\/www.dumoulinbicyclettes.com\/#website","url":"https:\/\/www.dumoulinbicyclettes.com\/","name":"Dumoulin Bicyclettes","description":"","publisher":{"@id":"https:\/\/www.dumoulinbicyclettes.com\/#organization"},"potentialAction":[{"@type":"SearchAction","target":{"@type":"EntryPoint","urlTemplate":"https:\/\/www.dumoulinbicyclettes.com\/?s={search_term_string}"},"query-input":{"@type":"PropertyValueSpecification","valueRequired":true,"valueName":"search_term_string"}}],"inLanguage":"en-US"},{"@type":"Organization","@id":"https:\/\/www.dumoulinbicyclettes.com\/#organization","name":"Dumoulin Bicyclettes","url":"https:\/\/www.dumoulinbicyclettes.com\/","logo":{"@type":"ImageObject","inLanguage":"en-US","@id":"https:\/\/www.dumoulinbicyclettes.com\/#\/schema\/logo\/image\/","url":"https:\/\/www.dumoulinbicyclettes.com\/wp-content\/uploads\/2021\/04\/Logo.svg","contentUrl":"https:\/\/www.dumoulinbicyclettes.com\/wp-content\/uploads\/2021\/04\/Logo.svg","width":254,"height":86,"caption":"Dumoulin Bicyclettes"},"image":{"@id":"https:\/\/www.dumoulinbicyclettes.com\/#\/schema\/logo\/image\/"},"sameAs":["https:\/\/www.facebook.com\/dumoulinbicyclettes","https:\/\/www.instagram.com\/dumoulin.ca\/","https:\/\/www.youtube.com\/user\/dumoulinbicyclettes"]}]}},"_links":{"self":[{"href":"https:\/\/www.dumoulinbicyclettes.com\/en\/wp-json\/wp\/v2\/product\/308959","targetHints":{"allow":["GET"]}}],"collection":[{"href":"https:\/\/www.dumoulinbicyclettes.com\/en\/wp-json\/wp\/v2\/product"}],"about":[{"href":"https:\/\/www.dumoulinbicyclettes.com\/en\/wp-json\/wp\/v2\/types\/product"}],"wp:featuredmedia":[{"embeddable":true,"href":"https:\/\/www.dumoulinbicyclettes.com\/en\/wp-json\/wp\/v2\/media\/175708"}],"wp:attachment":[{"href":"https:\/\/www.dumoulinbicyclettes.com\/en\/wp-json\/wp\/v2\/media?parent=308959"}],"wp:term":[{"taxonomy":"product_brand","embeddable":true,"href":"https:\/\/www.dumoulinbicyclettes.com\/en\/wp-json\/wp\/v2\/product_brand?post=308959"},{"taxonomy":"product_cat","embeddable":true,"href":"https:\/\/www.dumoulinbicyclettes.com\/en\/wp-json\/wp\/v2\/product_cat?post=308959"},{"taxonomy":"product_tag","embeddable":true,"href":"https:\/\/www.dumoulinbicyclettes.com\/en\/wp-json\/wp\/v2\/product_tag?post=308959"},{"taxonomy":"marque-produit","embeddable":true,"href":"https:\/\/www.dumoulinbicyclettes.com\/en\/wp-json\/wp\/v2\/marque-produit?post=308959"},{"taxonomy":"collection-produit","embeddable":true,"href":"https:\/\/www.dumoulinbicyclettes.com\/en\/wp-json\/wp\/v2\/collection-produit?post=308959"},{"taxonomy":"type-surface-produit","embeddable":true,"href":"https:\/\/www.dumoulinbicyclettes.com\/en\/wp-json\/wp\/v2\/type-surface-produit?post=308959"},{"taxonomy":"type-velo-produit","embeddable":true,"href":"https:\/\/www.dumoulinbicyclettes.com\/en\/wp-json\/wp\/v2\/type-velo-produit?post=308959"},{"taxonomy":"vetement-produit","embeddable":true,"href":"https:\/\/www.dumoulinbicyclettes.com\/en\/wp-json\/wp\/v2\/vetement-produit?post=308959"},{"taxonomy":"thematique-produit","embeddable":true,"href":"https:\/\/www.dumoulinbicyclettes.com\/en\/wp-json\/wp\/v2\/thematique-produit?post=308959"},{"taxonomy":"position-sur-le-v\u00e9lo","embeddable":true,"href":"https:\/\/www.dumoulinbicyclettes.com\/en\/wp-json\/wp\/v2\/position-sur-le-v\u00e9lo?post=308959"}],"curies":[{"name":"wp","href":"https:\/\/api.w.org\/{rel}","templated":true}]}}