{"id":319177,"date":"2023-11-02T14:03:06","date_gmt":"2023-11-02T18:03:06","guid":{"rendered":"http:\/\/www.dumoulinbicyclettes.com\/?post_type=product&#038;p=319177"},"modified":"2025-09-29T19:23:23","modified_gmt":"2025-09-29T23:23:23","slug":"casque-velo-abus-hyban-2-0-mips","status":"publish","type":"product","link":"https:\/\/www.dumoulinbicyclettes.com\/en\/product\/casque-velo-abus-hyban-2-0-mips\/","title":{"rendered":"Casque de v\u00e9lo Abus Hyban 2.0 MIPS"},"content":{"rendered":"<p>Le casque de v\u00e9lo Abus Hyban 2.0 MIPS est une r\u00e9f\u00e9rence en mati\u00e8re de s\u00e9curit\u00e9 et de style, offrant une protection accrue gr\u00e2ce \u00e0 la technologie MIPS qui r\u00e9duit les forces de rotation en cas d&#8217;impact. De plus, il est \u00e9quip\u00e9 d&#8217;un syst\u00e8me d&#8217;\u00e9clairage int\u00e9gr\u00e9 pour une visibilit\u00e9 optimale la nuit, renfor\u00e7ant ainsi la s\u00e9curit\u00e9 du cycliste. Son design moderne, sa ventilation efficace et ses fonctionnalit\u00e9s pratiques en font un choix id\u00e9al pour les trajets en ville.<\/p>\n","protected":false},"excerpt":{"rendered":"<p>Le casque de v\u00e9lo Abus Hyban 2.0 MIPS est une r\u00e9f\u00e9rence en mati\u00e8re de s\u00e9curit\u00e9 et de style, offrant une protection accrue gr\u00e2ce \u00e0 la technologie MIPS qui r\u00e9duit les forces de rotation en cas d&#8217;impact. De plus, il est \u00e9quip\u00e9 d&#8217;un syst\u00e8me d&#8217;\u00e9clairage int\u00e9gr\u00e9 pour une visibilit\u00e9 optimale la nuit, renfor\u00e7ant ainsi la s\u00e9curit\u00e9 [&hellip;]<\/p>\n","protected":false},"featured_media":319180,"template":"","meta":{"_acf_changed":false},"product_brand":[],"product_cat":[182,186,185],"product_tag":[3252,2478,2777,2395,2300,3251,3032,3017],"marque-produit":[1417],"collection-produit":[3012,3013],"type-surface-produit":[],"type-velo-produit":[],"vetement-produit":[],"thematique-produit":[],"position-sur-le-v\u00e9lo":[],"class_list":{"0":"post-319177","1":"product","2":"type-product","3":"status-publish","4":"has-post-thumbnail","6":"product_cat-accessoires","7":"product_cat-adultes","8":"product_cat-casques","9":"product_tag-2-0","10":"product_tag-abus","11":"product_tag-adultes","12":"product_tag-casque","13":"product_tag-eclairage","14":"product_tag-hyban","15":"product_tag-mips","16":"product_tag-securite","17":"marque-produit-abus","18":"collection-produit-casques-2","19":"collection-produit-urbains","21":"first","22":"instock","23":"sale","24":"taxable","25":"shipping-taxable","26":"purchasable","27":"product-type-variable"},"acf":[],"yoast_head":"<!-- This site is optimized with the Yoast SEO plugin v27.3 - https:\/\/yoast.com\/product\/yoast-seo-wordpress\/ -->\n<title>Abus Hyban 2.0 MIPS - Le Casque de V\u00e9lo Urbain S\u00e9curis\u00e9 et Tendance<\/title>\n<meta name=\"description\" content=\"D\u00e9couvrez le casque Abus Hyban 2.0 MIPS : S\u00e9curit\u00e9, style et MIPS combin\u00e9s pour une conduite urbaine en toute confiance. Un casque de v\u00e9lo haut de gamme pour vos trajets.\" \/>\n<meta name=\"robots\" content=\"index, follow, max-snippet:-1, max-image-preview:large, max-video-preview:-1\" \/>\n<link rel=\"canonical\" href=\"https:\/\/www.dumoulinbicyclettes.com\/produit\/casque-velo-abus-hyban-2-0-mips\/\" \/>\n<meta property=\"og:locale\" content=\"en_US\" \/>\n<meta property=\"og:type\" content=\"article\" \/>\n<meta property=\"og:title\" content=\"Abus Hyban 2.0 MIPS - Le Casque de V\u00e9lo Urbain S\u00e9curis\u00e9 et Tendance\" \/>\n<meta property=\"og:description\" content=\"D\u00e9couvrez le casque Abus Hyban 2.0 MIPS : S\u00e9curit\u00e9, style et MIPS combin\u00e9s pour une conduite urbaine en toute confiance. Un casque de v\u00e9lo haut de gamme pour vos trajets.\" \/>\n<meta property=\"og:url\" content=\"https:\/\/www.dumoulinbicyclettes.com\/produit\/casque-velo-abus-hyban-2-0-mips\/\" \/>\n<meta property=\"og:site_name\" content=\"Dumoulin Bicyclettes\" \/>\n<meta property=\"article:publisher\" content=\"https:\/\/www.facebook.com\/dumoulinbicyclettes\" \/>\n<meta property=\"article:modified_time\" content=\"2025-09-29T23:23:23+00:00\" \/>\n<meta property=\"og:image\" content=\"http:\/\/www.dumoulinbicyclettes.com\/wp-content\/uploads\/2023\/11\/casque-abus-Hyban_2.0_MIPS-2_850484-01_1.jpg\" \/>\n\t<meta property=\"og:image:width\" content=\"900\" \/>\n\t<meta property=\"og:image:height\" content=\"900\" \/>\n\t<meta property=\"og:image:type\" content=\"image\/jpeg\" \/>\n<meta name=\"twitter:card\" content=\"summary_large_image\" \/>\n<meta name=\"twitter:label1\" content=\"Est. reading time\" \/>\n\t<meta name=\"twitter:data1\" content=\"1 minute\" \/>\n<script type=\"application\/ld+json\" class=\"yoast-schema-graph\">{\"@context\":\"https:\\\/\\\/schema.org\",\"@graph\":[{\"@type\":\"WebPage\",\"@id\":\"https:\\\/\\\/www.dumoulinbicyclettes.com\\\/produit\\\/casque-velo-abus-hyban-2-0-mips\\\/\",\"url\":\"https:\\\/\\\/www.dumoulinbicyclettes.com\\\/produit\\\/casque-velo-abus-hyban-2-0-mips\\\/\",\"name\":\"Abus Hyban 2.0 MIPS - Le Casque de V\u00e9lo Urbain S\u00e9curis\u00e9 et Tendance\",\"isPartOf\":{\"@id\":\"https:\\\/\\\/www.dumoulinbicyclettes.com\\\/#website\"},\"primaryImageOfPage\":{\"@id\":\"https:\\\/\\\/www.dumoulinbicyclettes.com\\\/produit\\\/casque-velo-abus-hyban-2-0-mips\\\/#primaryimage\"},\"image\":{\"@id\":\"https:\\\/\\\/www.dumoulinbicyclettes.com\\\/produit\\\/casque-velo-abus-hyban-2-0-mips\\\/#primaryimage\"},\"thumbnailUrl\":\"https:\\\/\\\/www.dumoulinbicyclettes.com\\\/wp-content\\\/uploads\\\/2023\\\/11\\\/casque-abus-Hyban_2.0_MIPS-2_850484-01_1.jpg\",\"datePublished\":\"2023-11-02T18:03:06+00:00\",\"dateModified\":\"2025-09-29T23:23:23+00:00\",\"description\":\"D\u00e9couvrez le casque Abus Hyban 2.0 MIPS : S\u00e9curit\u00e9, style et MIPS combin\u00e9s pour une conduite urbaine en toute confiance. Un casque de v\u00e9lo haut de gamme pour vos trajets.\",\"breadcrumb\":{\"@id\":\"https:\\\/\\\/www.dumoulinbicyclettes.com\\\/produit\\\/casque-velo-abus-hyban-2-0-mips\\\/#breadcrumb\"},\"inLanguage\":\"en-US\",\"potentialAction\":[{\"@type\":\"ReadAction\",\"target\":[\"https:\\\/\\\/www.dumoulinbicyclettes.com\\\/produit\\\/casque-velo-abus-hyban-2-0-mips\\\/\"]}]},{\"@type\":\"ImageObject\",\"inLanguage\":\"en-US\",\"@id\":\"https:\\\/\\\/www.dumoulinbicyclettes.com\\\/produit\\\/casque-velo-abus-hyban-2-0-mips\\\/#primaryimage\",\"url\":\"https:\\\/\\\/www.dumoulinbicyclettes.com\\\/wp-content\\\/uploads\\\/2023\\\/11\\\/casque-abus-Hyban_2.0_MIPS-2_850484-01_1.jpg\",\"contentUrl\":\"https:\\\/\\\/www.dumoulinbicyclettes.com\\\/wp-content\\\/uploads\\\/2023\\\/11\\\/casque-abus-Hyban_2.0_MIPS-2_850484-01_1.jpg\",\"width\":900,\"height\":900},{\"@type\":\"BreadcrumbList\",\"@id\":\"https:\\\/\\\/www.dumoulinbicyclettes.com\\\/produit\\\/casque-velo-abus-hyban-2-0-mips\\\/#breadcrumb\",\"itemListElement\":[{\"@type\":\"ListItem\",\"position\":1,\"name\":\"Home\",\"item\":\"https:\\\/\\\/www.dumoulinbicyclettes.com\\\/en\\\/\"},{\"@type\":\"ListItem\",\"position\":2,\"name\":\"Shop\",\"item\":\"https:\\\/\\\/www.dumoulinbicyclettes.com\\\/en\\\/shop\\\/\"},{\"@type\":\"ListItem\",\"position\":3,\"name\":\"Casque de v\u00e9lo Abus Hyban 2.0 MIPS\"}]},{\"@type\":\"WebSite\",\"@id\":\"https:\\\/\\\/www.dumoulinbicyclettes.com\\\/#website\",\"url\":\"https:\\\/\\\/www.dumoulinbicyclettes.com\\\/\",\"name\":\"Dumoulin Bicyclettes\",\"description\":\"\",\"publisher\":{\"@id\":\"https:\\\/\\\/www.dumoulinbicyclettes.com\\\/#organization\"},\"potentialAction\":[{\"@type\":\"SearchAction\",\"target\":{\"@type\":\"EntryPoint\",\"urlTemplate\":\"https:\\\/\\\/www.dumoulinbicyclettes.com\\\/?s={search_term_string}\"},\"query-input\":{\"@type\":\"PropertyValueSpecification\",\"valueRequired\":true,\"valueName\":\"search_term_string\"}}],\"inLanguage\":\"en-US\"},{\"@type\":\"Organization\",\"@id\":\"https:\\\/\\\/www.dumoulinbicyclettes.com\\\/#organization\",\"name\":\"Dumoulin Bicyclettes\",\"url\":\"https:\\\/\\\/www.dumoulinbicyclettes.com\\\/\",\"logo\":{\"@type\":\"ImageObject\",\"inLanguage\":\"en-US\",\"@id\":\"https:\\\/\\\/www.dumoulinbicyclettes.com\\\/#\\\/schema\\\/logo\\\/image\\\/\",\"url\":\"https:\\\/\\\/www.dumoulinbicyclettes.com\\\/wp-content\\\/uploads\\\/2021\\\/04\\\/Logo.svg\",\"contentUrl\":\"https:\\\/\\\/www.dumoulinbicyclettes.com\\\/wp-content\\\/uploads\\\/2021\\\/04\\\/Logo.svg\",\"width\":254,\"height\":86,\"caption\":\"Dumoulin Bicyclettes\"},\"image\":{\"@id\":\"https:\\\/\\\/www.dumoulinbicyclettes.com\\\/#\\\/schema\\\/logo\\\/image\\\/\"},\"sameAs\":[\"https:\\\/\\\/www.facebook.com\\\/dumoulinbicyclettes\",\"https:\\\/\\\/www.instagram.com\\\/dumoulin.ca\\\/\",\"https:\\\/\\\/www.youtube.com\\\/user\\\/dumoulinbicyclettes\"]}]}<\/script>\n<!-- \/ Yoast SEO plugin. -->","yoast_head_json":{"title":"Abus Hyban 2.0 MIPS - Le Casque de V\u00e9lo Urbain S\u00e9curis\u00e9 et Tendance","description":"D\u00e9couvrez le casque Abus Hyban 2.0 MIPS : S\u00e9curit\u00e9, style et MIPS combin\u00e9s pour une conduite urbaine en toute confiance. Un casque de v\u00e9lo haut de gamme pour vos trajets.","robots":{"index":"index","follow":"follow","max-snippet":"max-snippet:-1","max-image-preview":"max-image-preview:large","max-video-preview":"max-video-preview:-1"},"canonical":"https:\/\/www.dumoulinbicyclettes.com\/produit\/casque-velo-abus-hyban-2-0-mips\/","og_locale":"en_US","og_type":"article","og_title":"Abus Hyban 2.0 MIPS - Le Casque de V\u00e9lo Urbain S\u00e9curis\u00e9 et Tendance","og_description":"D\u00e9couvrez le casque Abus Hyban 2.0 MIPS : S\u00e9curit\u00e9, style et MIPS combin\u00e9s pour une conduite urbaine en toute confiance. Un casque de v\u00e9lo haut de gamme pour vos trajets.","og_url":"https:\/\/www.dumoulinbicyclettes.com\/produit\/casque-velo-abus-hyban-2-0-mips\/","og_site_name":"Dumoulin Bicyclettes","article_publisher":"https:\/\/www.facebook.com\/dumoulinbicyclettes","article_modified_time":"2025-09-29T23:23:23+00:00","og_image":[{"width":900,"height":900,"url":"http:\/\/www.dumoulinbicyclettes.com\/wp-content\/uploads\/2023\/11\/casque-abus-Hyban_2.0_MIPS-2_850484-01_1.jpg","type":"image\/jpeg"}],"twitter_card":"summary_large_image","twitter_misc":{"Est. reading time":"1 minute"},"schema":{"@context":"https:\/\/schema.org","@graph":[{"@type":"WebPage","@id":"https:\/\/www.dumoulinbicyclettes.com\/produit\/casque-velo-abus-hyban-2-0-mips\/","url":"https:\/\/www.dumoulinbicyclettes.com\/produit\/casque-velo-abus-hyban-2-0-mips\/","name":"Abus Hyban 2.0 MIPS - Le Casque de V\u00e9lo Urbain S\u00e9curis\u00e9 et Tendance","isPartOf":{"@id":"https:\/\/www.dumoulinbicyclettes.com\/#website"},"primaryImageOfPage":{"@id":"https:\/\/www.dumoulinbicyclettes.com\/produit\/casque-velo-abus-hyban-2-0-mips\/#primaryimage"},"image":{"@id":"https:\/\/www.dumoulinbicyclettes.com\/produit\/casque-velo-abus-hyban-2-0-mips\/#primaryimage"},"thumbnailUrl":"https:\/\/www.dumoulinbicyclettes.com\/wp-content\/uploads\/2023\/11\/casque-abus-Hyban_2.0_MIPS-2_850484-01_1.jpg","datePublished":"2023-11-02T18:03:06+00:00","dateModified":"2025-09-29T23:23:23+00:00","description":"D\u00e9couvrez le casque Abus Hyban 2.0 MIPS : S\u00e9curit\u00e9, style et MIPS combin\u00e9s pour une conduite urbaine en toute confiance. Un casque de v\u00e9lo haut de gamme pour vos trajets.","breadcrumb":{"@id":"https:\/\/www.dumoulinbicyclettes.com\/produit\/casque-velo-abus-hyban-2-0-mips\/#breadcrumb"},"inLanguage":"en-US","potentialAction":[{"@type":"ReadAction","target":["https:\/\/www.dumoulinbicyclettes.com\/produit\/casque-velo-abus-hyban-2-0-mips\/"]}]},{"@type":"ImageObject","inLanguage":"en-US","@id":"https:\/\/www.dumoulinbicyclettes.com\/produit\/casque-velo-abus-hyban-2-0-mips\/#primaryimage","url":"https:\/\/www.dumoulinbicyclettes.com\/wp-content\/uploads\/2023\/11\/casque-abus-Hyban_2.0_MIPS-2_850484-01_1.jpg","contentUrl":"https:\/\/www.dumoulinbicyclettes.com\/wp-content\/uploads\/2023\/11\/casque-abus-Hyban_2.0_MIPS-2_850484-01_1.jpg","width":900,"height":900},{"@type":"BreadcrumbList","@id":"https:\/\/www.dumoulinbicyclettes.com\/produit\/casque-velo-abus-hyban-2-0-mips\/#breadcrumb","itemListElement":[{"@type":"ListItem","position":1,"name":"Home","item":"https:\/\/www.dumoulinbicyclettes.com\/en\/"},{"@type":"ListItem","position":2,"name":"Shop","item":"https:\/\/www.dumoulinbicyclettes.com\/en\/shop\/"},{"@type":"ListItem","position":3,"name":"Casque de v\u00e9lo Abus Hyban 2.0 MIPS"}]},{"@type":"WebSite","@id":"https:\/\/www.dumoulinbicyclettes.com\/#website","url":"https:\/\/www.dumoulinbicyclettes.com\/","name":"Dumoulin Bicyclettes","description":"","publisher":{"@id":"https:\/\/www.dumoulinbicyclettes.com\/#organization"},"potentialAction":[{"@type":"SearchAction","target":{"@type":"EntryPoint","urlTemplate":"https:\/\/www.dumoulinbicyclettes.com\/?s={search_term_string}"},"query-input":{"@type":"PropertyValueSpecification","valueRequired":true,"valueName":"search_term_string"}}],"inLanguage":"en-US"},{"@type":"Organization","@id":"https:\/\/www.dumoulinbicyclettes.com\/#organization","name":"Dumoulin Bicyclettes","url":"https:\/\/www.dumoulinbicyclettes.com\/","logo":{"@type":"ImageObject","inLanguage":"en-US","@id":"https:\/\/www.dumoulinbicyclettes.com\/#\/schema\/logo\/image\/","url":"https:\/\/www.dumoulinbicyclettes.com\/wp-content\/uploads\/2021\/04\/Logo.svg","contentUrl":"https:\/\/www.dumoulinbicyclettes.com\/wp-content\/uploads\/2021\/04\/Logo.svg","width":254,"height":86,"caption":"Dumoulin Bicyclettes"},"image":{"@id":"https:\/\/www.dumoulinbicyclettes.com\/#\/schema\/logo\/image\/"},"sameAs":["https:\/\/www.facebook.com\/dumoulinbicyclettes","https:\/\/www.instagram.com\/dumoulin.ca\/","https:\/\/www.youtube.com\/user\/dumoulinbicyclettes"]}]}},"_links":{"self":[{"href":"https:\/\/www.dumoulinbicyclettes.com\/en\/wp-json\/wp\/v2\/product\/319177","targetHints":{"allow":["GET"]}}],"collection":[{"href":"https:\/\/www.dumoulinbicyclettes.com\/en\/wp-json\/wp\/v2\/product"}],"about":[{"href":"https:\/\/www.dumoulinbicyclettes.com\/en\/wp-json\/wp\/v2\/types\/product"}],"wp:featuredmedia":[{"embeddable":true,"href":"https:\/\/www.dumoulinbicyclettes.com\/en\/wp-json\/wp\/v2\/media\/319180"}],"wp:attachment":[{"href":"https:\/\/www.dumoulinbicyclettes.com\/en\/wp-json\/wp\/v2\/media?parent=319177"}],"wp:term":[{"taxonomy":"product_brand","embeddable":true,"href":"https:\/\/www.dumoulinbicyclettes.com\/en\/wp-json\/wp\/v2\/product_brand?post=319177"},{"taxonomy":"product_cat","embeddable":true,"href":"https:\/\/www.dumoulinbicyclettes.com\/en\/wp-json\/wp\/v2\/product_cat?post=319177"},{"taxonomy":"product_tag","embeddable":true,"href":"https:\/\/www.dumoulinbicyclettes.com\/en\/wp-json\/wp\/v2\/product_tag?post=319177"},{"taxonomy":"marque-produit","embeddable":true,"href":"https:\/\/www.dumoulinbicyclettes.com\/en\/wp-json\/wp\/v2\/marque-produit?post=319177"},{"taxonomy":"collection-produit","embeddable":true,"href":"https:\/\/www.dumoulinbicyclettes.com\/en\/wp-json\/wp\/v2\/collection-produit?post=319177"},{"taxonomy":"type-surface-produit","embeddable":true,"href":"https:\/\/www.dumoulinbicyclettes.com\/en\/wp-json\/wp\/v2\/type-surface-produit?post=319177"},{"taxonomy":"type-velo-produit","embeddable":true,"href":"https:\/\/www.dumoulinbicyclettes.com\/en\/wp-json\/wp\/v2\/type-velo-produit?post=319177"},{"taxonomy":"vetement-produit","embeddable":true,"href":"https:\/\/www.dumoulinbicyclettes.com\/en\/wp-json\/wp\/v2\/vetement-produit?post=319177"},{"taxonomy":"thematique-produit","embeddable":true,"href":"https:\/\/www.dumoulinbicyclettes.com\/en\/wp-json\/wp\/v2\/thematique-produit?post=319177"},{"taxonomy":"position-sur-le-v\u00e9lo","embeddable":true,"href":"https:\/\/www.dumoulinbicyclettes.com\/en\/wp-json\/wp\/v2\/position-sur-le-v\u00e9lo?post=319177"}],"curies":[{"name":"wp","href":"https:\/\/api.w.org\/{rel}","templated":true}]}}