{"id":359697,"date":"2024-02-06T19:03:37","date_gmt":"2024-02-07T00:03:37","guid":{"rendered":"http:\/\/www.dumoulinbicyclettes.com\/?post_type=product&#038;p=359697"},"modified":"2025-09-29T19:36:41","modified_gmt":"2025-09-29T23:36:41","slug":"larry-vs-harry-bullitt-original-frame-only-cadre-seul-montreal-quebec","status":"publish","type":"product","link":"https:\/\/www.dumoulinbicyclettes.com\/en\/product\/larry-vs-harry-bullitt-original-frame-only-cadre-seul-montreal-quebec\/","title":{"rendered":"Larry vs Harry Bullitt Frame &#8211; cadre seul"},"content":{"rendered":"<p>Cadre de v\u00e9lo cargo Larry Vs Harry Bullitt.<\/p>\n<p>Disponible en plusieurs couleurs, avec montage \u00e0 la carte ou avec vos pi\u00e8ces.<\/p>\n<p>Nous recommandons chaudement la planche de fond de boite <a href=\"https:\/\/www.dumoulinbicyclettes.com\/produit\/bullitt-base-honeycomb-base-hcb\/\">HCB<\/a> qui est tr\u00e8s bien faite, l\u00e9g\u00e8re et sert de base solide pour les montages divers et vari\u00e9s envisageables.<\/p>\n<p>Choisis la couleur en fonction de ta personnalit\u00e9, de tes go\u00fbts musicaux ou cin\u00e9matographiques !<\/p>\n","protected":false},"excerpt":{"rendered":"<p>Cadre de v\u00e9lo cargo Larry Vs Harry Bullitt. Disponible en plusieurs couleurs, avec montage \u00e0 la carte ou avec vos pi\u00e8ces. Nous recommandons chaudement la planche de fond de boite HCB qui est tr\u00e8s bien faite, l\u00e9g\u00e8re et sert de base solide pour les montages divers et vari\u00e9s envisageables. Choisis la couleur en fonction de [&hellip;]<\/p>\n","protected":false},"featured_media":220273,"template":"","meta":{"_acf_changed":false},"product_brand":[],"product_cat":[169,170,163],"product_tag":[2460],"marque-produit":[1434],"collection-produit":[3536],"type-surface-produit":[],"type-velo-produit":[1248],"vetement-produit":[],"thematique-produit":[],"position-sur-le-v\u00e9lo":[],"class_list":{"0":"post-359697","1":"product","2":"type-product","3":"status-publish","4":"has-post-thumbnail","6":"product_cat-transport-denfant","7":"product_cat-transport-de-materiel","8":"product_cat-velos-cargo","9":"product_tag-bullitt","10":"marque-produit-bullitt","11":"collection-produit-bullitt","12":"type-velo-produit-cargo","14":"first","15":"instock","16":"taxable","17":"shipping-taxable","18":"purchasable","19":"product-type-variable"},"acf":[],"yoast_head":"<!-- This site is optimized with the Yoast SEO plugin v27.3 - https:\/\/yoast.com\/product\/yoast-seo-wordpress\/ -->\n<title>Larry vs Harry Bullitt Frame - cadre seul - Dumoulin Bicyclettes V\u00e9lo cargo Montreal - Quebec<\/title>\n<meta name=\"description\" content=\"Le \u00abfront loader\u00bb original Bullitt : un cargo qui se d\u00e9marque par son faible poids et sa grande maniabilit\u00e9. \u00c0 monter \u00e0 la carte ou avec vos pi\u00e8ces.\" \/>\n<meta name=\"robots\" content=\"index, follow, max-snippet:-1, max-image-preview:large, max-video-preview:-1\" \/>\n<link rel=\"canonical\" href=\"https:\/\/www.dumoulinbicyclettes.com\/produit\/larry-vs-harry-bullitt-original-frame-only-cadre-seul-montreal-quebec\/\" \/>\n<meta property=\"og:locale\" content=\"en_US\" \/>\n<meta property=\"og:type\" content=\"article\" \/>\n<meta property=\"og:title\" content=\"Larry vs Harry Bullitt Frame - cadre seul - Dumoulin Bicyclettes V\u00e9lo cargo Montreal - Quebec\" \/>\n<meta property=\"og:description\" content=\"Le \u00abfront loader\u00bb original Bullitt : un cargo qui se d\u00e9marque par son faible poids et sa grande maniabilit\u00e9. \u00c0 monter \u00e0 la carte ou avec vos pi\u00e8ces.\" \/>\n<meta property=\"og:url\" content=\"https:\/\/www.dumoulinbicyclettes.com\/produit\/larry-vs-harry-bullitt-original-frame-only-cadre-seul-montreal-quebec\/\" \/>\n<meta property=\"og:site_name\" content=\"Dumoulin Bicyclettes\" \/>\n<meta property=\"article:publisher\" content=\"https:\/\/www.facebook.com\/dumoulinbicyclettes\" \/>\n<meta property=\"article:modified_time\" content=\"2025-09-29T23:36:41+00:00\" \/>\n<meta property=\"og:image\" content=\"http:\/\/www.dumoulinbicyclettes.com\/wp-content\/uploads\/2023\/02\/bullitt_2020_0054-1.jpg\" \/>\n\t<meta property=\"og:image:width\" content=\"1920\" \/>\n\t<meta property=\"og:image:height\" content=\"1080\" \/>\n\t<meta property=\"og:image:type\" content=\"image\/jpeg\" \/>\n<meta name=\"twitter:card\" content=\"summary_large_image\" \/>\n<meta name=\"twitter:label1\" content=\"Est. reading time\" \/>\n\t<meta name=\"twitter:data1\" content=\"1 minute\" \/>\n<script type=\"application\/ld+json\" class=\"yoast-schema-graph\">{\"@context\":\"https:\\\/\\\/schema.org\",\"@graph\":[{\"@type\":\"WebPage\",\"@id\":\"https:\\\/\\\/www.dumoulinbicyclettes.com\\\/produit\\\/larry-vs-harry-bullitt-original-frame-only-cadre-seul-montreal-quebec\\\/\",\"url\":\"https:\\\/\\\/www.dumoulinbicyclettes.com\\\/produit\\\/larry-vs-harry-bullitt-original-frame-only-cadre-seul-montreal-quebec\\\/\",\"name\":\"Larry vs Harry Bullitt Frame - cadre seul - Dumoulin Bicyclettes V\u00e9lo cargo Montreal - Quebec\",\"isPartOf\":{\"@id\":\"https:\\\/\\\/www.dumoulinbicyclettes.com\\\/#website\"},\"primaryImageOfPage\":{\"@id\":\"https:\\\/\\\/www.dumoulinbicyclettes.com\\\/produit\\\/larry-vs-harry-bullitt-original-frame-only-cadre-seul-montreal-quebec\\\/#primaryimage\"},\"image\":{\"@id\":\"https:\\\/\\\/www.dumoulinbicyclettes.com\\\/produit\\\/larry-vs-harry-bullitt-original-frame-only-cadre-seul-montreal-quebec\\\/#primaryimage\"},\"thumbnailUrl\":\"https:\\\/\\\/www.dumoulinbicyclettes.com\\\/wp-content\\\/uploads\\\/2023\\\/02\\\/bullitt_2020_0054-1.jpg\",\"datePublished\":\"2024-02-07T00:03:37+00:00\",\"dateModified\":\"2025-09-29T23:36:41+00:00\",\"description\":\"Le \u00abfront loader\u00bb original Bullitt : un cargo qui se d\u00e9marque par son faible poids et sa grande maniabilit\u00e9. \u00c0 monter \u00e0 la carte ou avec vos pi\u00e8ces.\",\"breadcrumb\":{\"@id\":\"https:\\\/\\\/www.dumoulinbicyclettes.com\\\/produit\\\/larry-vs-harry-bullitt-original-frame-only-cadre-seul-montreal-quebec\\\/#breadcrumb\"},\"inLanguage\":\"en-US\",\"potentialAction\":[{\"@type\":\"ReadAction\",\"target\":[\"https:\\\/\\\/www.dumoulinbicyclettes.com\\\/produit\\\/larry-vs-harry-bullitt-original-frame-only-cadre-seul-montreal-quebec\\\/\"]}]},{\"@type\":\"ImageObject\",\"inLanguage\":\"en-US\",\"@id\":\"https:\\\/\\\/www.dumoulinbicyclettes.com\\\/produit\\\/larry-vs-harry-bullitt-original-frame-only-cadre-seul-montreal-quebec\\\/#primaryimage\",\"url\":\"https:\\\/\\\/www.dumoulinbicyclettes.com\\\/wp-content\\\/uploads\\\/2023\\\/02\\\/bullitt_2020_0054-1.jpg\",\"contentUrl\":\"https:\\\/\\\/www.dumoulinbicyclettes.com\\\/wp-content\\\/uploads\\\/2023\\\/02\\\/bullitt_2020_0054-1.jpg\",\"width\":1920,\"height\":1080,\"caption\":\"velo-cargo-bullitt-larry-vs-harry-bluebird-montreal-quebec-dumoulin-bicyclettes\"},{\"@type\":\"BreadcrumbList\",\"@id\":\"https:\\\/\\\/www.dumoulinbicyclettes.com\\\/produit\\\/larry-vs-harry-bullitt-original-frame-only-cadre-seul-montreal-quebec\\\/#breadcrumb\",\"itemListElement\":[{\"@type\":\"ListItem\",\"position\":1,\"name\":\"Home\",\"item\":\"https:\\\/\\\/www.dumoulinbicyclettes.com\\\/en\\\/\"},{\"@type\":\"ListItem\",\"position\":2,\"name\":\"Shop\",\"item\":\"https:\\\/\\\/www.dumoulinbicyclettes.com\\\/en\\\/shop\\\/\"},{\"@type\":\"ListItem\",\"position\":3,\"name\":\"Larry vs Harry Bullitt Frame &#8211; cadre seul\"}]},{\"@type\":\"WebSite\",\"@id\":\"https:\\\/\\\/www.dumoulinbicyclettes.com\\\/#website\",\"url\":\"https:\\\/\\\/www.dumoulinbicyclettes.com\\\/\",\"name\":\"Dumoulin Bicyclettes\",\"description\":\"\",\"publisher\":{\"@id\":\"https:\\\/\\\/www.dumoulinbicyclettes.com\\\/#organization\"},\"potentialAction\":[{\"@type\":\"SearchAction\",\"target\":{\"@type\":\"EntryPoint\",\"urlTemplate\":\"https:\\\/\\\/www.dumoulinbicyclettes.com\\\/?s={search_term_string}\"},\"query-input\":{\"@type\":\"PropertyValueSpecification\",\"valueRequired\":true,\"valueName\":\"search_term_string\"}}],\"inLanguage\":\"en-US\"},{\"@type\":\"Organization\",\"@id\":\"https:\\\/\\\/www.dumoulinbicyclettes.com\\\/#organization\",\"name\":\"Dumoulin Bicyclettes\",\"url\":\"https:\\\/\\\/www.dumoulinbicyclettes.com\\\/\",\"logo\":{\"@type\":\"ImageObject\",\"inLanguage\":\"en-US\",\"@id\":\"https:\\\/\\\/www.dumoulinbicyclettes.com\\\/#\\\/schema\\\/logo\\\/image\\\/\",\"url\":\"https:\\\/\\\/www.dumoulinbicyclettes.com\\\/wp-content\\\/uploads\\\/2021\\\/04\\\/Logo.svg\",\"contentUrl\":\"https:\\\/\\\/www.dumoulinbicyclettes.com\\\/wp-content\\\/uploads\\\/2021\\\/04\\\/Logo.svg\",\"width\":254,\"height\":86,\"caption\":\"Dumoulin Bicyclettes\"},\"image\":{\"@id\":\"https:\\\/\\\/www.dumoulinbicyclettes.com\\\/#\\\/schema\\\/logo\\\/image\\\/\"},\"sameAs\":[\"https:\\\/\\\/www.facebook.com\\\/dumoulinbicyclettes\",\"https:\\\/\\\/www.instagram.com\\\/dumoulin.ca\\\/\",\"https:\\\/\\\/www.youtube.com\\\/user\\\/dumoulinbicyclettes\"]}]}<\/script>\n<!-- \/ Yoast SEO plugin. -->","yoast_head_json":{"title":"Larry vs Harry Bullitt Frame - cadre seul - Dumoulin Bicyclettes V\u00e9lo cargo Montreal - Quebec","description":"Le \u00abfront loader\u00bb original Bullitt : un cargo qui se d\u00e9marque par son faible poids et sa grande maniabilit\u00e9. \u00c0 monter \u00e0 la carte ou avec vos pi\u00e8ces.","robots":{"index":"index","follow":"follow","max-snippet":"max-snippet:-1","max-image-preview":"max-image-preview:large","max-video-preview":"max-video-preview:-1"},"canonical":"https:\/\/www.dumoulinbicyclettes.com\/produit\/larry-vs-harry-bullitt-original-frame-only-cadre-seul-montreal-quebec\/","og_locale":"en_US","og_type":"article","og_title":"Larry vs Harry Bullitt Frame - cadre seul - Dumoulin Bicyclettes V\u00e9lo cargo Montreal - Quebec","og_description":"Le \u00abfront loader\u00bb original Bullitt : un cargo qui se d\u00e9marque par son faible poids et sa grande maniabilit\u00e9. \u00c0 monter \u00e0 la carte ou avec vos pi\u00e8ces.","og_url":"https:\/\/www.dumoulinbicyclettes.com\/produit\/larry-vs-harry-bullitt-original-frame-only-cadre-seul-montreal-quebec\/","og_site_name":"Dumoulin Bicyclettes","article_publisher":"https:\/\/www.facebook.com\/dumoulinbicyclettes","article_modified_time":"2025-09-29T23:36:41+00:00","og_image":[{"width":1920,"height":1080,"url":"http:\/\/www.dumoulinbicyclettes.com\/wp-content\/uploads\/2023\/02\/bullitt_2020_0054-1.jpg","type":"image\/jpeg"}],"twitter_card":"summary_large_image","twitter_misc":{"Est. reading time":"1 minute"},"schema":{"@context":"https:\/\/schema.org","@graph":[{"@type":"WebPage","@id":"https:\/\/www.dumoulinbicyclettes.com\/produit\/larry-vs-harry-bullitt-original-frame-only-cadre-seul-montreal-quebec\/","url":"https:\/\/www.dumoulinbicyclettes.com\/produit\/larry-vs-harry-bullitt-original-frame-only-cadre-seul-montreal-quebec\/","name":"Larry vs Harry Bullitt Frame - cadre seul - Dumoulin Bicyclettes V\u00e9lo cargo Montreal - Quebec","isPartOf":{"@id":"https:\/\/www.dumoulinbicyclettes.com\/#website"},"primaryImageOfPage":{"@id":"https:\/\/www.dumoulinbicyclettes.com\/produit\/larry-vs-harry-bullitt-original-frame-only-cadre-seul-montreal-quebec\/#primaryimage"},"image":{"@id":"https:\/\/www.dumoulinbicyclettes.com\/produit\/larry-vs-harry-bullitt-original-frame-only-cadre-seul-montreal-quebec\/#primaryimage"},"thumbnailUrl":"https:\/\/www.dumoulinbicyclettes.com\/wp-content\/uploads\/2023\/02\/bullitt_2020_0054-1.jpg","datePublished":"2024-02-07T00:03:37+00:00","dateModified":"2025-09-29T23:36:41+00:00","description":"Le \u00abfront loader\u00bb original Bullitt : un cargo qui se d\u00e9marque par son faible poids et sa grande maniabilit\u00e9. \u00c0 monter \u00e0 la carte ou avec vos pi\u00e8ces.","breadcrumb":{"@id":"https:\/\/www.dumoulinbicyclettes.com\/produit\/larry-vs-harry-bullitt-original-frame-only-cadre-seul-montreal-quebec\/#breadcrumb"},"inLanguage":"en-US","potentialAction":[{"@type":"ReadAction","target":["https:\/\/www.dumoulinbicyclettes.com\/produit\/larry-vs-harry-bullitt-original-frame-only-cadre-seul-montreal-quebec\/"]}]},{"@type":"ImageObject","inLanguage":"en-US","@id":"https:\/\/www.dumoulinbicyclettes.com\/produit\/larry-vs-harry-bullitt-original-frame-only-cadre-seul-montreal-quebec\/#primaryimage","url":"https:\/\/www.dumoulinbicyclettes.com\/wp-content\/uploads\/2023\/02\/bullitt_2020_0054-1.jpg","contentUrl":"https:\/\/www.dumoulinbicyclettes.com\/wp-content\/uploads\/2023\/02\/bullitt_2020_0054-1.jpg","width":1920,"height":1080,"caption":"velo-cargo-bullitt-larry-vs-harry-bluebird-montreal-quebec-dumoulin-bicyclettes"},{"@type":"BreadcrumbList","@id":"https:\/\/www.dumoulinbicyclettes.com\/produit\/larry-vs-harry-bullitt-original-frame-only-cadre-seul-montreal-quebec\/#breadcrumb","itemListElement":[{"@type":"ListItem","position":1,"name":"Home","item":"https:\/\/www.dumoulinbicyclettes.com\/en\/"},{"@type":"ListItem","position":2,"name":"Shop","item":"https:\/\/www.dumoulinbicyclettes.com\/en\/shop\/"},{"@type":"ListItem","position":3,"name":"Larry vs Harry Bullitt Frame &#8211; cadre seul"}]},{"@type":"WebSite","@id":"https:\/\/www.dumoulinbicyclettes.com\/#website","url":"https:\/\/www.dumoulinbicyclettes.com\/","name":"Dumoulin Bicyclettes","description":"","publisher":{"@id":"https:\/\/www.dumoulinbicyclettes.com\/#organization"},"potentialAction":[{"@type":"SearchAction","target":{"@type":"EntryPoint","urlTemplate":"https:\/\/www.dumoulinbicyclettes.com\/?s={search_term_string}"},"query-input":{"@type":"PropertyValueSpecification","valueRequired":true,"valueName":"search_term_string"}}],"inLanguage":"en-US"},{"@type":"Organization","@id":"https:\/\/www.dumoulinbicyclettes.com\/#organization","name":"Dumoulin Bicyclettes","url":"https:\/\/www.dumoulinbicyclettes.com\/","logo":{"@type":"ImageObject","inLanguage":"en-US","@id":"https:\/\/www.dumoulinbicyclettes.com\/#\/schema\/logo\/image\/","url":"https:\/\/www.dumoulinbicyclettes.com\/wp-content\/uploads\/2021\/04\/Logo.svg","contentUrl":"https:\/\/www.dumoulinbicyclettes.com\/wp-content\/uploads\/2021\/04\/Logo.svg","width":254,"height":86,"caption":"Dumoulin Bicyclettes"},"image":{"@id":"https:\/\/www.dumoulinbicyclettes.com\/#\/schema\/logo\/image\/"},"sameAs":["https:\/\/www.facebook.com\/dumoulinbicyclettes","https:\/\/www.instagram.com\/dumoulin.ca\/","https:\/\/www.youtube.com\/user\/dumoulinbicyclettes"]}]}},"_links":{"self":[{"href":"https:\/\/www.dumoulinbicyclettes.com\/en\/wp-json\/wp\/v2\/product\/359697","targetHints":{"allow":["GET"]}}],"collection":[{"href":"https:\/\/www.dumoulinbicyclettes.com\/en\/wp-json\/wp\/v2\/product"}],"about":[{"href":"https:\/\/www.dumoulinbicyclettes.com\/en\/wp-json\/wp\/v2\/types\/product"}],"wp:featuredmedia":[{"embeddable":true,"href":"https:\/\/www.dumoulinbicyclettes.com\/en\/wp-json\/wp\/v2\/media\/220273"}],"wp:attachment":[{"href":"https:\/\/www.dumoulinbicyclettes.com\/en\/wp-json\/wp\/v2\/media?parent=359697"}],"wp:term":[{"taxonomy":"product_brand","embeddable":true,"href":"https:\/\/www.dumoulinbicyclettes.com\/en\/wp-json\/wp\/v2\/product_brand?post=359697"},{"taxonomy":"product_cat","embeddable":true,"href":"https:\/\/www.dumoulinbicyclettes.com\/en\/wp-json\/wp\/v2\/product_cat?post=359697"},{"taxonomy":"product_tag","embeddable":true,"href":"https:\/\/www.dumoulinbicyclettes.com\/en\/wp-json\/wp\/v2\/product_tag?post=359697"},{"taxonomy":"marque-produit","embeddable":true,"href":"https:\/\/www.dumoulinbicyclettes.com\/en\/wp-json\/wp\/v2\/marque-produit?post=359697"},{"taxonomy":"collection-produit","embeddable":true,"href":"https:\/\/www.dumoulinbicyclettes.com\/en\/wp-json\/wp\/v2\/collection-produit?post=359697"},{"taxonomy":"type-surface-produit","embeddable":true,"href":"https:\/\/www.dumoulinbicyclettes.com\/en\/wp-json\/wp\/v2\/type-surface-produit?post=359697"},{"taxonomy":"type-velo-produit","embeddable":true,"href":"https:\/\/www.dumoulinbicyclettes.com\/en\/wp-json\/wp\/v2\/type-velo-produit?post=359697"},{"taxonomy":"vetement-produit","embeddable":true,"href":"https:\/\/www.dumoulinbicyclettes.com\/en\/wp-json\/wp\/v2\/vetement-produit?post=359697"},{"taxonomy":"thematique-produit","embeddable":true,"href":"https:\/\/www.dumoulinbicyclettes.com\/en\/wp-json\/wp\/v2\/thematique-produit?post=359697"},{"taxonomy":"position-sur-le-v\u00e9lo","embeddable":true,"href":"https:\/\/www.dumoulinbicyclettes.com\/en\/wp-json\/wp\/v2\/position-sur-le-v\u00e9lo?post=359697"}],"curies":[{"name":"wp","href":"https:\/\/api.w.org\/{rel}","templated":true}]}}