{"id":417142,"date":"2024-06-05T16:10:16","date_gmt":"2024-06-05T20:10:16","guid":{"rendered":"http:\/\/www.dumoulinbicyclettes.com\/?post_type=product&#038;p=417142"},"modified":"2025-11-07T15:01:08","modified_gmt":"2025-11-07T20:01:08","slug":"yuba-dossier-backrest-pour-support-crest","status":"publish","type":"product","link":"https:\/\/www.dumoulinbicyclettes.com\/en\/product\/yuba-dossier-backrest-pour-support-crest\/","title":{"rendered":"Dossier Yuba \u00abBackrest\u00bb pour support \u00abCrest\u00bb"},"content":{"rendered":"<p>Lorsqu&#8217;il est install\u00e9 le Yuba &#8220;Crest Backrest&#8221; offre aux enfants et aux adultes un soutien suppl\u00e9mentaire pour plus de confort en tant que passager. Compatible avec le <a href=\"https:\/\/www.dumoulinbicyclettes.com\/produit\/yuba-support-crest\/\">Support Crest<\/a> et les <a href=\"https:\/\/www.dumoulinbicyclettes.com\/produit\/yuba-monkey-bars\/\">Barres de s\u00e9curit\u00e9\u00a0 Monkeybars<\/a> de Yuba<\/p>\n","protected":false},"excerpt":{"rendered":"<p>Lorsqu&#8217;il est install\u00e9 le Yuba &#8220;Crest Backrest&#8221; offre aux enfants et aux adultes un soutien suppl\u00e9mentaire pour plus de confort en tant que passager. Compatible avec le Support Crest et les Barres de s\u00e9curit\u00e9\u00a0 Monkeybars de Yuba<\/p>\n","protected":false},"featured_media":417143,"template":"","meta":{"_acf_changed":false},"product_brand":[],"product_cat":[183,2506],"product_tag":[3199,3197,3198,2179],"marque-produit":[1201],"collection-produit":[],"type-surface-produit":[],"type-velo-produit":[],"vetement-produit":[],"thematique-produit":[],"position-sur-le-v\u00e9lo":[],"class_list":{"0":"post-417142","1":"product","2":"type-product","3":"status-publish","4":"has-post-thumbnail","6":"product_cat-accessoires-pour-velo-cargo","7":"product_cat-yuba","8":"product_tag-accessoires-velo-cargo","9":"product_tag-crest","10":"product_tag-support-crest","11":"product_tag-yuba","12":"marque-produit-yuba","14":"first","15":"instock","16":"taxable","17":"shipping-taxable","18":"purchasable","19":"product-type-simple"},"acf":[],"yoast_head":"<!-- This site is optimized with the Yoast SEO plugin v27.3 - https:\/\/yoast.com\/product\/yoast-seo-wordpress\/ -->\n<title>Dossier Yuba \u00abBackrest\u00bb pour support \u00abCrest\u00bb - Dumoulin Bicyclettes<\/title>\n<meta name=\"description\" content=\"Am\u00e9liorez le confort de vos passagers avec le dossier Yuba &quot;Crest Backrest&quot;, compatible avec le Support Crest et les Barres de s\u00e9curit\u00e9 Monkeybars de Yuba.\" \/>\n<meta name=\"robots\" content=\"index, follow, max-snippet:-1, max-image-preview:large, max-video-preview:-1\" \/>\n<link rel=\"canonical\" href=\"https:\/\/www.dumoulinbicyclettes.com\/produit\/yuba-dossier-backrest-pour-support-crest\/\" \/>\n<meta property=\"og:locale\" content=\"en_US\" \/>\n<meta property=\"og:type\" content=\"article\" \/>\n<meta property=\"og:title\" content=\"Dossier Yuba \u00abBackrest\u00bb pour support \u00abCrest\u00bb - Dumoulin Bicyclettes\" \/>\n<meta property=\"og:description\" content=\"Am\u00e9liorez le confort de vos passagers avec le dossier Yuba &quot;Crest Backrest&quot;, compatible avec le Support Crest et les Barres de s\u00e9curit\u00e9 Monkeybars de Yuba.\" \/>\n<meta property=\"og:url\" content=\"https:\/\/www.dumoulinbicyclettes.com\/produit\/yuba-dossier-backrest-pour-support-crest\/\" \/>\n<meta property=\"og:site_name\" content=\"Dumoulin Bicyclettes\" \/>\n<meta property=\"article:publisher\" content=\"https:\/\/www.facebook.com\/dumoulinbicyclettes\" \/>\n<meta property=\"article:modified_time\" content=\"2025-11-07T20:01:08+00:00\" \/>\n<meta property=\"og:image\" content=\"http:\/\/www.dumoulinbicyclettes.com\/wp-content\/uploads\/2024\/06\/Dossier-yuba-backrest-montreal-dumoulin-bicyclettes-quebec-730455-01_1.jpg\" \/>\n\t<meta property=\"og:image:width\" content=\"900\" \/>\n\t<meta property=\"og:image:height\" content=\"900\" \/>\n\t<meta property=\"og:image:type\" content=\"image\/jpeg\" \/>\n<meta name=\"twitter:card\" content=\"summary_large_image\" \/>\n<meta name=\"twitter:label1\" content=\"Est. reading time\" \/>\n\t<meta name=\"twitter:data1\" content=\"1 minute\" \/>\n<script type=\"application\/ld+json\" class=\"yoast-schema-graph\">{\"@context\":\"https:\\\/\\\/schema.org\",\"@graph\":[{\"@type\":\"WebPage\",\"@id\":\"https:\\\/\\\/www.dumoulinbicyclettes.com\\\/produit\\\/yuba-dossier-backrest-pour-support-crest\\\/\",\"url\":\"https:\\\/\\\/www.dumoulinbicyclettes.com\\\/produit\\\/yuba-dossier-backrest-pour-support-crest\\\/\",\"name\":\"Dossier Yuba \u00abBackrest\u00bb pour support \u00abCrest\u00bb - Dumoulin Bicyclettes\",\"isPartOf\":{\"@id\":\"https:\\\/\\\/www.dumoulinbicyclettes.com\\\/#website\"},\"primaryImageOfPage\":{\"@id\":\"https:\\\/\\\/www.dumoulinbicyclettes.com\\\/produit\\\/yuba-dossier-backrest-pour-support-crest\\\/#primaryimage\"},\"image\":{\"@id\":\"https:\\\/\\\/www.dumoulinbicyclettes.com\\\/produit\\\/yuba-dossier-backrest-pour-support-crest\\\/#primaryimage\"},\"thumbnailUrl\":\"https:\\\/\\\/www.dumoulinbicyclettes.com\\\/wp-content\\\/uploads\\\/2024\\\/06\\\/Dossier-yuba-backrest-montreal-dumoulin-bicyclettes-quebec-730455-01_1.jpg\",\"datePublished\":\"2024-06-05T20:10:16+00:00\",\"dateModified\":\"2025-11-07T20:01:08+00:00\",\"description\":\"Am\u00e9liorez le confort de vos passagers avec le dossier Yuba \\\"Crest Backrest\\\", compatible avec le Support Crest et les Barres de s\u00e9curit\u00e9 Monkeybars de Yuba.\",\"breadcrumb\":{\"@id\":\"https:\\\/\\\/www.dumoulinbicyclettes.com\\\/produit\\\/yuba-dossier-backrest-pour-support-crest\\\/#breadcrumb\"},\"inLanguage\":\"en-US\",\"potentialAction\":[{\"@type\":\"ReadAction\",\"target\":[\"https:\\\/\\\/www.dumoulinbicyclettes.com\\\/produit\\\/yuba-dossier-backrest-pour-support-crest\\\/\"]}]},{\"@type\":\"ImageObject\",\"inLanguage\":\"en-US\",\"@id\":\"https:\\\/\\\/www.dumoulinbicyclettes.com\\\/produit\\\/yuba-dossier-backrest-pour-support-crest\\\/#primaryimage\",\"url\":\"https:\\\/\\\/www.dumoulinbicyclettes.com\\\/wp-content\\\/uploads\\\/2024\\\/06\\\/Dossier-yuba-backrest-montreal-dumoulin-bicyclettes-quebec-730455-01_1.jpg\",\"contentUrl\":\"https:\\\/\\\/www.dumoulinbicyclettes.com\\\/wp-content\\\/uploads\\\/2024\\\/06\\\/Dossier-yuba-backrest-montreal-dumoulin-bicyclettes-quebec-730455-01_1.jpg\",\"width\":900,\"height\":900},{\"@type\":\"BreadcrumbList\",\"@id\":\"https:\\\/\\\/www.dumoulinbicyclettes.com\\\/produit\\\/yuba-dossier-backrest-pour-support-crest\\\/#breadcrumb\",\"itemListElement\":[{\"@type\":\"ListItem\",\"position\":1,\"name\":\"Home\",\"item\":\"https:\\\/\\\/www.dumoulinbicyclettes.com\\\/en\\\/\"},{\"@type\":\"ListItem\",\"position\":2,\"name\":\"Shop\",\"item\":\"https:\\\/\\\/www.dumoulinbicyclettes.com\\\/en\\\/shop\\\/\"},{\"@type\":\"ListItem\",\"position\":3,\"name\":\"Dossier Yuba \u00abBackrest\u00bb pour support \u00abCrest\u00bb\"}]},{\"@type\":\"WebSite\",\"@id\":\"https:\\\/\\\/www.dumoulinbicyclettes.com\\\/#website\",\"url\":\"https:\\\/\\\/www.dumoulinbicyclettes.com\\\/\",\"name\":\"Dumoulin Bicyclettes\",\"description\":\"\",\"publisher\":{\"@id\":\"https:\\\/\\\/www.dumoulinbicyclettes.com\\\/#organization\"},\"potentialAction\":[{\"@type\":\"SearchAction\",\"target\":{\"@type\":\"EntryPoint\",\"urlTemplate\":\"https:\\\/\\\/www.dumoulinbicyclettes.com\\\/?s={search_term_string}\"},\"query-input\":{\"@type\":\"PropertyValueSpecification\",\"valueRequired\":true,\"valueName\":\"search_term_string\"}}],\"inLanguage\":\"en-US\"},{\"@type\":\"Organization\",\"@id\":\"https:\\\/\\\/www.dumoulinbicyclettes.com\\\/#organization\",\"name\":\"Dumoulin Bicyclettes\",\"url\":\"https:\\\/\\\/www.dumoulinbicyclettes.com\\\/\",\"logo\":{\"@type\":\"ImageObject\",\"inLanguage\":\"en-US\",\"@id\":\"https:\\\/\\\/www.dumoulinbicyclettes.com\\\/#\\\/schema\\\/logo\\\/image\\\/\",\"url\":\"https:\\\/\\\/www.dumoulinbicyclettes.com\\\/wp-content\\\/uploads\\\/2021\\\/04\\\/Logo.svg\",\"contentUrl\":\"https:\\\/\\\/www.dumoulinbicyclettes.com\\\/wp-content\\\/uploads\\\/2021\\\/04\\\/Logo.svg\",\"width\":254,\"height\":86,\"caption\":\"Dumoulin Bicyclettes\"},\"image\":{\"@id\":\"https:\\\/\\\/www.dumoulinbicyclettes.com\\\/#\\\/schema\\\/logo\\\/image\\\/\"},\"sameAs\":[\"https:\\\/\\\/www.facebook.com\\\/dumoulinbicyclettes\",\"https:\\\/\\\/www.instagram.com\\\/dumoulin.ca\\\/\",\"https:\\\/\\\/www.youtube.com\\\/user\\\/dumoulinbicyclettes\"]}]}<\/script>\n<!-- \/ Yoast SEO plugin. -->","yoast_head_json":{"title":"Dossier Yuba \u00abBackrest\u00bb pour support \u00abCrest\u00bb - Dumoulin Bicyclettes","description":"Am\u00e9liorez le confort de vos passagers avec le dossier Yuba \"Crest Backrest\", compatible avec le Support Crest et les Barres de s\u00e9curit\u00e9 Monkeybars de Yuba.","robots":{"index":"index","follow":"follow","max-snippet":"max-snippet:-1","max-image-preview":"max-image-preview:large","max-video-preview":"max-video-preview:-1"},"canonical":"https:\/\/www.dumoulinbicyclettes.com\/produit\/yuba-dossier-backrest-pour-support-crest\/","og_locale":"en_US","og_type":"article","og_title":"Dossier Yuba \u00abBackrest\u00bb pour support \u00abCrest\u00bb - Dumoulin Bicyclettes","og_description":"Am\u00e9liorez le confort de vos passagers avec le dossier Yuba \"Crest Backrest\", compatible avec le Support Crest et les Barres de s\u00e9curit\u00e9 Monkeybars de Yuba.","og_url":"https:\/\/www.dumoulinbicyclettes.com\/produit\/yuba-dossier-backrest-pour-support-crest\/","og_site_name":"Dumoulin Bicyclettes","article_publisher":"https:\/\/www.facebook.com\/dumoulinbicyclettes","article_modified_time":"2025-11-07T20:01:08+00:00","og_image":[{"width":900,"height":900,"url":"http:\/\/www.dumoulinbicyclettes.com\/wp-content\/uploads\/2024\/06\/Dossier-yuba-backrest-montreal-dumoulin-bicyclettes-quebec-730455-01_1.jpg","type":"image\/jpeg"}],"twitter_card":"summary_large_image","twitter_misc":{"Est. reading time":"1 minute"},"schema":{"@context":"https:\/\/schema.org","@graph":[{"@type":"WebPage","@id":"https:\/\/www.dumoulinbicyclettes.com\/produit\/yuba-dossier-backrest-pour-support-crest\/","url":"https:\/\/www.dumoulinbicyclettes.com\/produit\/yuba-dossier-backrest-pour-support-crest\/","name":"Dossier Yuba \u00abBackrest\u00bb pour support \u00abCrest\u00bb - Dumoulin Bicyclettes","isPartOf":{"@id":"https:\/\/www.dumoulinbicyclettes.com\/#website"},"primaryImageOfPage":{"@id":"https:\/\/www.dumoulinbicyclettes.com\/produit\/yuba-dossier-backrest-pour-support-crest\/#primaryimage"},"image":{"@id":"https:\/\/www.dumoulinbicyclettes.com\/produit\/yuba-dossier-backrest-pour-support-crest\/#primaryimage"},"thumbnailUrl":"https:\/\/www.dumoulinbicyclettes.com\/wp-content\/uploads\/2024\/06\/Dossier-yuba-backrest-montreal-dumoulin-bicyclettes-quebec-730455-01_1.jpg","datePublished":"2024-06-05T20:10:16+00:00","dateModified":"2025-11-07T20:01:08+00:00","description":"Am\u00e9liorez le confort de vos passagers avec le dossier Yuba \"Crest Backrest\", compatible avec le Support Crest et les Barres de s\u00e9curit\u00e9 Monkeybars de Yuba.","breadcrumb":{"@id":"https:\/\/www.dumoulinbicyclettes.com\/produit\/yuba-dossier-backrest-pour-support-crest\/#breadcrumb"},"inLanguage":"en-US","potentialAction":[{"@type":"ReadAction","target":["https:\/\/www.dumoulinbicyclettes.com\/produit\/yuba-dossier-backrest-pour-support-crest\/"]}]},{"@type":"ImageObject","inLanguage":"en-US","@id":"https:\/\/www.dumoulinbicyclettes.com\/produit\/yuba-dossier-backrest-pour-support-crest\/#primaryimage","url":"https:\/\/www.dumoulinbicyclettes.com\/wp-content\/uploads\/2024\/06\/Dossier-yuba-backrest-montreal-dumoulin-bicyclettes-quebec-730455-01_1.jpg","contentUrl":"https:\/\/www.dumoulinbicyclettes.com\/wp-content\/uploads\/2024\/06\/Dossier-yuba-backrest-montreal-dumoulin-bicyclettes-quebec-730455-01_1.jpg","width":900,"height":900},{"@type":"BreadcrumbList","@id":"https:\/\/www.dumoulinbicyclettes.com\/produit\/yuba-dossier-backrest-pour-support-crest\/#breadcrumb","itemListElement":[{"@type":"ListItem","position":1,"name":"Home","item":"https:\/\/www.dumoulinbicyclettes.com\/en\/"},{"@type":"ListItem","position":2,"name":"Shop","item":"https:\/\/www.dumoulinbicyclettes.com\/en\/shop\/"},{"@type":"ListItem","position":3,"name":"Dossier Yuba \u00abBackrest\u00bb pour support \u00abCrest\u00bb"}]},{"@type":"WebSite","@id":"https:\/\/www.dumoulinbicyclettes.com\/#website","url":"https:\/\/www.dumoulinbicyclettes.com\/","name":"Dumoulin Bicyclettes","description":"","publisher":{"@id":"https:\/\/www.dumoulinbicyclettes.com\/#organization"},"potentialAction":[{"@type":"SearchAction","target":{"@type":"EntryPoint","urlTemplate":"https:\/\/www.dumoulinbicyclettes.com\/?s={search_term_string}"},"query-input":{"@type":"PropertyValueSpecification","valueRequired":true,"valueName":"search_term_string"}}],"inLanguage":"en-US"},{"@type":"Organization","@id":"https:\/\/www.dumoulinbicyclettes.com\/#organization","name":"Dumoulin Bicyclettes","url":"https:\/\/www.dumoulinbicyclettes.com\/","logo":{"@type":"ImageObject","inLanguage":"en-US","@id":"https:\/\/www.dumoulinbicyclettes.com\/#\/schema\/logo\/image\/","url":"https:\/\/www.dumoulinbicyclettes.com\/wp-content\/uploads\/2021\/04\/Logo.svg","contentUrl":"https:\/\/www.dumoulinbicyclettes.com\/wp-content\/uploads\/2021\/04\/Logo.svg","width":254,"height":86,"caption":"Dumoulin Bicyclettes"},"image":{"@id":"https:\/\/www.dumoulinbicyclettes.com\/#\/schema\/logo\/image\/"},"sameAs":["https:\/\/www.facebook.com\/dumoulinbicyclettes","https:\/\/www.instagram.com\/dumoulin.ca\/","https:\/\/www.youtube.com\/user\/dumoulinbicyclettes"]}]}},"_links":{"self":[{"href":"https:\/\/www.dumoulinbicyclettes.com\/en\/wp-json\/wp\/v2\/product\/417142","targetHints":{"allow":["GET"]}}],"collection":[{"href":"https:\/\/www.dumoulinbicyclettes.com\/en\/wp-json\/wp\/v2\/product"}],"about":[{"href":"https:\/\/www.dumoulinbicyclettes.com\/en\/wp-json\/wp\/v2\/types\/product"}],"wp:featuredmedia":[{"embeddable":true,"href":"https:\/\/www.dumoulinbicyclettes.com\/en\/wp-json\/wp\/v2\/media\/417143"}],"wp:attachment":[{"href":"https:\/\/www.dumoulinbicyclettes.com\/en\/wp-json\/wp\/v2\/media?parent=417142"}],"wp:term":[{"taxonomy":"product_brand","embeddable":true,"href":"https:\/\/www.dumoulinbicyclettes.com\/en\/wp-json\/wp\/v2\/product_brand?post=417142"},{"taxonomy":"product_cat","embeddable":true,"href":"https:\/\/www.dumoulinbicyclettes.com\/en\/wp-json\/wp\/v2\/product_cat?post=417142"},{"taxonomy":"product_tag","embeddable":true,"href":"https:\/\/www.dumoulinbicyclettes.com\/en\/wp-json\/wp\/v2\/product_tag?post=417142"},{"taxonomy":"marque-produit","embeddable":true,"href":"https:\/\/www.dumoulinbicyclettes.com\/en\/wp-json\/wp\/v2\/marque-produit?post=417142"},{"taxonomy":"collection-produit","embeddable":true,"href":"https:\/\/www.dumoulinbicyclettes.com\/en\/wp-json\/wp\/v2\/collection-produit?post=417142"},{"taxonomy":"type-surface-produit","embeddable":true,"href":"https:\/\/www.dumoulinbicyclettes.com\/en\/wp-json\/wp\/v2\/type-surface-produit?post=417142"},{"taxonomy":"type-velo-produit","embeddable":true,"href":"https:\/\/www.dumoulinbicyclettes.com\/en\/wp-json\/wp\/v2\/type-velo-produit?post=417142"},{"taxonomy":"vetement-produit","embeddable":true,"href":"https:\/\/www.dumoulinbicyclettes.com\/en\/wp-json\/wp\/v2\/vetement-produit?post=417142"},{"taxonomy":"thematique-produit","embeddable":true,"href":"https:\/\/www.dumoulinbicyclettes.com\/en\/wp-json\/wp\/v2\/thematique-produit?post=417142"},{"taxonomy":"position-sur-le-v\u00e9lo","embeddable":true,"href":"https:\/\/www.dumoulinbicyclettes.com\/en\/wp-json\/wp\/v2\/position-sur-le-v\u00e9lo?post=417142"}],"curies":[{"name":"wp","href":"https:\/\/api.w.org\/{rel}","templated":true}]}}