{"id":417350,"date":"2024-06-06T00:07:11","date_gmt":"2024-06-06T04:07:11","guid":{"rendered":"http:\/\/www.dumoulinbicyclettes.com\/?post_type=product&#038;p=417350"},"modified":"2025-11-04T17:00:35","modified_gmt":"2025-11-04T22:00:35","slug":"hiplok-ax1000-ancrage-au-sol-antivol-velo","status":"publish","type":"product","link":"https:\/\/www.dumoulinbicyclettes.com\/en\/product\/hiplok-ax1000-ancrage-au-sol-antivol-velo\/","title":{"rendered":"Ancrage Hiplok AX1000 avec bras pivotant"},"content":{"rendered":"<p>L&#8217;ancrage Hiplok AX1000 est la combinaison d&#8217;un ancrage circulaire, pivotant, et d&#8217;un bras allong\u00e9 qui permet de verrouiller votre v\u00e9lo \u00e9lectrique ou votre v\u00e9lo cargo chez vous.<\/p>\n<p>Avec la note \u00abdiamant\u00bb la plus haute pour les labels de s\u00e9curit\u00e9, le AX1000 offre une protection in\u00e9dite contre les attaques \u00e0 la disqueuse.<\/p>\n<p>On passe dans une autre dimension : vous avez vraiment fait tout ce que vous pouviez pour pr\u00e9venir le vol de votre v\u00e9lo. Vous pouvez d\u00e9finitivement \u00eatre tranquille.<\/p>\n","protected":false},"excerpt":{"rendered":"<p>L&#8217;ancrage Hiplok AX1000 est la combinaison d&#8217;un ancrage circulaire, pivotant, et d&#8217;un bras allong\u00e9 qui permet de verrouiller votre v\u00e9lo \u00e9lectrique ou votre v\u00e9lo cargo chez vous. Avec la note \u00abdiamant\u00bb la plus haute pour les labels de s\u00e9curit\u00e9, le AX1000 offre une protection in\u00e9dite contre les attaques \u00e0 la disqueuse. On passe dans une [&hellip;]<\/p>\n","protected":false},"featured_media":417351,"template":"","meta":{"_acf_changed":false},"product_brand":[],"product_cat":[190],"product_tag":[3080,3079,2321,3068],"marque-produit":[1438],"collection-produit":[],"type-surface-produit":[],"type-velo-produit":[],"vetement-produit":[],"thematique-produit":[],"position-sur-le-v\u00e9lo":[],"class_list":{"0":"post-417350","1":"product","2":"type-product","3":"status-publish","4":"has-post-thumbnail","6":"product_cat-cadenas","7":"product_tag-ancrage","8":"product_tag-ax1000","9":"product_tag-cadenas","10":"product_tag-hiplok","11":"marque-produit-hiplok","13":"first","14":"outofstock","15":"taxable","16":"shipping-taxable","17":"purchasable","18":"product-type-simple"},"acf":[],"yoast_head":"<!-- This site is optimized with the Yoast SEO plugin v27.3 - https:\/\/yoast.com\/product\/yoast-seo-wordpress\/ -->\n<title>Ancrage Hiplok AX1000 avec bras pivotant - Dumoulin Bicyclettes<\/title>\n<meta name=\"description\" content=\"L&#039;ancrage AX1000 est tr\u00e8s tr\u00e8s r\u00e9sistant. Il permet de s\u00e9curiser votre v\u00e9lo cargo ou votre v\u00e9lo \u00e9lectrique \u00e0 domicile. Le bras pivotant est super pratique.\" \/>\n<meta name=\"robots\" content=\"index, follow, max-snippet:-1, max-image-preview:large, max-video-preview:-1\" \/>\n<link rel=\"canonical\" href=\"https:\/\/www.dumoulinbicyclettes.com\/produit\/hiplok-ax1000-ancrage-au-sol-antivol-velo\/\" \/>\n<meta property=\"og:locale\" content=\"en_US\" \/>\n<meta property=\"og:type\" content=\"article\" \/>\n<meta property=\"og:title\" content=\"Ancrage Hiplok AX1000 avec bras pivotant - Dumoulin Bicyclettes\" \/>\n<meta property=\"og:description\" content=\"L&#039;ancrage AX1000 est tr\u00e8s tr\u00e8s r\u00e9sistant. Il permet de s\u00e9curiser votre v\u00e9lo cargo ou votre v\u00e9lo \u00e9lectrique \u00e0 domicile. Le bras pivotant est super pratique.\" \/>\n<meta property=\"og:url\" content=\"https:\/\/www.dumoulinbicyclettes.com\/produit\/hiplok-ax1000-ancrage-au-sol-antivol-velo\/\" \/>\n<meta property=\"og:site_name\" content=\"Dumoulin Bicyclettes\" \/>\n<meta property=\"article:publisher\" content=\"https:\/\/www.facebook.com\/dumoulinbicyclettes\" \/>\n<meta property=\"article:modified_time\" content=\"2025-11-04T22:00:35+00:00\" \/>\n<meta property=\"og:image\" content=\"http:\/\/www.dumoulinbicyclettes.com\/wp-content\/uploads\/2024\/06\/ancrage-hiplok-ax1000.jpg\" \/>\n\t<meta property=\"og:image:width\" content=\"800\" \/>\n\t<meta property=\"og:image:height\" content=\"800\" \/>\n\t<meta property=\"og:image:type\" content=\"image\/jpeg\" \/>\n<meta name=\"twitter:card\" content=\"summary_large_image\" \/>\n<meta name=\"twitter:label1\" content=\"Est. reading time\" \/>\n\t<meta name=\"twitter:data1\" content=\"1 minute\" \/>\n<script type=\"application\/ld+json\" class=\"yoast-schema-graph\">{\"@context\":\"https:\\\/\\\/schema.org\",\"@graph\":[{\"@type\":\"WebPage\",\"@id\":\"https:\\\/\\\/www.dumoulinbicyclettes.com\\\/produit\\\/hiplok-ax1000-ancrage-au-sol-antivol-velo\\\/\",\"url\":\"https:\\\/\\\/www.dumoulinbicyclettes.com\\\/produit\\\/hiplok-ax1000-ancrage-au-sol-antivol-velo\\\/\",\"name\":\"Ancrage Hiplok AX1000 avec bras pivotant - Dumoulin Bicyclettes\",\"isPartOf\":{\"@id\":\"https:\\\/\\\/www.dumoulinbicyclettes.com\\\/#website\"},\"primaryImageOfPage\":{\"@id\":\"https:\\\/\\\/www.dumoulinbicyclettes.com\\\/produit\\\/hiplok-ax1000-ancrage-au-sol-antivol-velo\\\/#primaryimage\"},\"image\":{\"@id\":\"https:\\\/\\\/www.dumoulinbicyclettes.com\\\/produit\\\/hiplok-ax1000-ancrage-au-sol-antivol-velo\\\/#primaryimage\"},\"thumbnailUrl\":\"https:\\\/\\\/www.dumoulinbicyclettes.com\\\/wp-content\\\/uploads\\\/2024\\\/06\\\/ancrage-hiplok-ax1000.jpg\",\"datePublished\":\"2024-06-06T04:07:11+00:00\",\"dateModified\":\"2025-11-04T22:00:35+00:00\",\"description\":\"L'ancrage AX1000 est tr\u00e8s tr\u00e8s r\u00e9sistant. Il permet de s\u00e9curiser votre v\u00e9lo cargo ou votre v\u00e9lo \u00e9lectrique \u00e0 domicile. Le bras pivotant est super pratique.\",\"breadcrumb\":{\"@id\":\"https:\\\/\\\/www.dumoulinbicyclettes.com\\\/produit\\\/hiplok-ax1000-ancrage-au-sol-antivol-velo\\\/#breadcrumb\"},\"inLanguage\":\"en-US\",\"potentialAction\":[{\"@type\":\"ReadAction\",\"target\":[\"https:\\\/\\\/www.dumoulinbicyclettes.com\\\/produit\\\/hiplok-ax1000-ancrage-au-sol-antivol-velo\\\/\"]}]},{\"@type\":\"ImageObject\",\"inLanguage\":\"en-US\",\"@id\":\"https:\\\/\\\/www.dumoulinbicyclettes.com\\\/produit\\\/hiplok-ax1000-ancrage-au-sol-antivol-velo\\\/#primaryimage\",\"url\":\"https:\\\/\\\/www.dumoulinbicyclettes.com\\\/wp-content\\\/uploads\\\/2024\\\/06\\\/ancrage-hiplok-ax1000.jpg\",\"contentUrl\":\"https:\\\/\\\/www.dumoulinbicyclettes.com\\\/wp-content\\\/uploads\\\/2024\\\/06\\\/ancrage-hiplok-ax1000.jpg\",\"width\":800,\"height\":800,\"caption\":\"ancrage-hiplok-ax1000\"},{\"@type\":\"BreadcrumbList\",\"@id\":\"https:\\\/\\\/www.dumoulinbicyclettes.com\\\/produit\\\/hiplok-ax1000-ancrage-au-sol-antivol-velo\\\/#breadcrumb\",\"itemListElement\":[{\"@type\":\"ListItem\",\"position\":1,\"name\":\"Home\",\"item\":\"https:\\\/\\\/www.dumoulinbicyclettes.com\\\/en\\\/\"},{\"@type\":\"ListItem\",\"position\":2,\"name\":\"Shop\",\"item\":\"https:\\\/\\\/www.dumoulinbicyclettes.com\\\/en\\\/shop\\\/\"},{\"@type\":\"ListItem\",\"position\":3,\"name\":\"Ancrage Hiplok AX1000 avec bras pivotant\"}]},{\"@type\":\"WebSite\",\"@id\":\"https:\\\/\\\/www.dumoulinbicyclettes.com\\\/#website\",\"url\":\"https:\\\/\\\/www.dumoulinbicyclettes.com\\\/\",\"name\":\"Dumoulin Bicyclettes\",\"description\":\"\",\"publisher\":{\"@id\":\"https:\\\/\\\/www.dumoulinbicyclettes.com\\\/#organization\"},\"potentialAction\":[{\"@type\":\"SearchAction\",\"target\":{\"@type\":\"EntryPoint\",\"urlTemplate\":\"https:\\\/\\\/www.dumoulinbicyclettes.com\\\/?s={search_term_string}\"},\"query-input\":{\"@type\":\"PropertyValueSpecification\",\"valueRequired\":true,\"valueName\":\"search_term_string\"}}],\"inLanguage\":\"en-US\"},{\"@type\":\"Organization\",\"@id\":\"https:\\\/\\\/www.dumoulinbicyclettes.com\\\/#organization\",\"name\":\"Dumoulin Bicyclettes\",\"url\":\"https:\\\/\\\/www.dumoulinbicyclettes.com\\\/\",\"logo\":{\"@type\":\"ImageObject\",\"inLanguage\":\"en-US\",\"@id\":\"https:\\\/\\\/www.dumoulinbicyclettes.com\\\/#\\\/schema\\\/logo\\\/image\\\/\",\"url\":\"https:\\\/\\\/www.dumoulinbicyclettes.com\\\/wp-content\\\/uploads\\\/2021\\\/04\\\/Logo.svg\",\"contentUrl\":\"https:\\\/\\\/www.dumoulinbicyclettes.com\\\/wp-content\\\/uploads\\\/2021\\\/04\\\/Logo.svg\",\"width\":254,\"height\":86,\"caption\":\"Dumoulin Bicyclettes\"},\"image\":{\"@id\":\"https:\\\/\\\/www.dumoulinbicyclettes.com\\\/#\\\/schema\\\/logo\\\/image\\\/\"},\"sameAs\":[\"https:\\\/\\\/www.facebook.com\\\/dumoulinbicyclettes\",\"https:\\\/\\\/www.instagram.com\\\/dumoulin.ca\\\/\",\"https:\\\/\\\/www.youtube.com\\\/user\\\/dumoulinbicyclettes\"]}]}<\/script>\n<!-- \/ Yoast SEO plugin. -->","yoast_head_json":{"title":"Ancrage Hiplok AX1000 avec bras pivotant - Dumoulin Bicyclettes","description":"L'ancrage AX1000 est tr\u00e8s tr\u00e8s r\u00e9sistant. Il permet de s\u00e9curiser votre v\u00e9lo cargo ou votre v\u00e9lo \u00e9lectrique \u00e0 domicile. Le bras pivotant est super pratique.","robots":{"index":"index","follow":"follow","max-snippet":"max-snippet:-1","max-image-preview":"max-image-preview:large","max-video-preview":"max-video-preview:-1"},"canonical":"https:\/\/www.dumoulinbicyclettes.com\/produit\/hiplok-ax1000-ancrage-au-sol-antivol-velo\/","og_locale":"en_US","og_type":"article","og_title":"Ancrage Hiplok AX1000 avec bras pivotant - Dumoulin Bicyclettes","og_description":"L'ancrage AX1000 est tr\u00e8s tr\u00e8s r\u00e9sistant. Il permet de s\u00e9curiser votre v\u00e9lo cargo ou votre v\u00e9lo \u00e9lectrique \u00e0 domicile. Le bras pivotant est super pratique.","og_url":"https:\/\/www.dumoulinbicyclettes.com\/produit\/hiplok-ax1000-ancrage-au-sol-antivol-velo\/","og_site_name":"Dumoulin Bicyclettes","article_publisher":"https:\/\/www.facebook.com\/dumoulinbicyclettes","article_modified_time":"2025-11-04T22:00:35+00:00","og_image":[{"width":800,"height":800,"url":"http:\/\/www.dumoulinbicyclettes.com\/wp-content\/uploads\/2024\/06\/ancrage-hiplok-ax1000.jpg","type":"image\/jpeg"}],"twitter_card":"summary_large_image","twitter_misc":{"Est. reading time":"1 minute"},"schema":{"@context":"https:\/\/schema.org","@graph":[{"@type":"WebPage","@id":"https:\/\/www.dumoulinbicyclettes.com\/produit\/hiplok-ax1000-ancrage-au-sol-antivol-velo\/","url":"https:\/\/www.dumoulinbicyclettes.com\/produit\/hiplok-ax1000-ancrage-au-sol-antivol-velo\/","name":"Ancrage Hiplok AX1000 avec bras pivotant - Dumoulin Bicyclettes","isPartOf":{"@id":"https:\/\/www.dumoulinbicyclettes.com\/#website"},"primaryImageOfPage":{"@id":"https:\/\/www.dumoulinbicyclettes.com\/produit\/hiplok-ax1000-ancrage-au-sol-antivol-velo\/#primaryimage"},"image":{"@id":"https:\/\/www.dumoulinbicyclettes.com\/produit\/hiplok-ax1000-ancrage-au-sol-antivol-velo\/#primaryimage"},"thumbnailUrl":"https:\/\/www.dumoulinbicyclettes.com\/wp-content\/uploads\/2024\/06\/ancrage-hiplok-ax1000.jpg","datePublished":"2024-06-06T04:07:11+00:00","dateModified":"2025-11-04T22:00:35+00:00","description":"L'ancrage AX1000 est tr\u00e8s tr\u00e8s r\u00e9sistant. Il permet de s\u00e9curiser votre v\u00e9lo cargo ou votre v\u00e9lo \u00e9lectrique \u00e0 domicile. Le bras pivotant est super pratique.","breadcrumb":{"@id":"https:\/\/www.dumoulinbicyclettes.com\/produit\/hiplok-ax1000-ancrage-au-sol-antivol-velo\/#breadcrumb"},"inLanguage":"en-US","potentialAction":[{"@type":"ReadAction","target":["https:\/\/www.dumoulinbicyclettes.com\/produit\/hiplok-ax1000-ancrage-au-sol-antivol-velo\/"]}]},{"@type":"ImageObject","inLanguage":"en-US","@id":"https:\/\/www.dumoulinbicyclettes.com\/produit\/hiplok-ax1000-ancrage-au-sol-antivol-velo\/#primaryimage","url":"https:\/\/www.dumoulinbicyclettes.com\/wp-content\/uploads\/2024\/06\/ancrage-hiplok-ax1000.jpg","contentUrl":"https:\/\/www.dumoulinbicyclettes.com\/wp-content\/uploads\/2024\/06\/ancrage-hiplok-ax1000.jpg","width":800,"height":800,"caption":"ancrage-hiplok-ax1000"},{"@type":"BreadcrumbList","@id":"https:\/\/www.dumoulinbicyclettes.com\/produit\/hiplok-ax1000-ancrage-au-sol-antivol-velo\/#breadcrumb","itemListElement":[{"@type":"ListItem","position":1,"name":"Home","item":"https:\/\/www.dumoulinbicyclettes.com\/en\/"},{"@type":"ListItem","position":2,"name":"Shop","item":"https:\/\/www.dumoulinbicyclettes.com\/en\/shop\/"},{"@type":"ListItem","position":3,"name":"Ancrage Hiplok AX1000 avec bras pivotant"}]},{"@type":"WebSite","@id":"https:\/\/www.dumoulinbicyclettes.com\/#website","url":"https:\/\/www.dumoulinbicyclettes.com\/","name":"Dumoulin Bicyclettes","description":"","publisher":{"@id":"https:\/\/www.dumoulinbicyclettes.com\/#organization"},"potentialAction":[{"@type":"SearchAction","target":{"@type":"EntryPoint","urlTemplate":"https:\/\/www.dumoulinbicyclettes.com\/?s={search_term_string}"},"query-input":{"@type":"PropertyValueSpecification","valueRequired":true,"valueName":"search_term_string"}}],"inLanguage":"en-US"},{"@type":"Organization","@id":"https:\/\/www.dumoulinbicyclettes.com\/#organization","name":"Dumoulin Bicyclettes","url":"https:\/\/www.dumoulinbicyclettes.com\/","logo":{"@type":"ImageObject","inLanguage":"en-US","@id":"https:\/\/www.dumoulinbicyclettes.com\/#\/schema\/logo\/image\/","url":"https:\/\/www.dumoulinbicyclettes.com\/wp-content\/uploads\/2021\/04\/Logo.svg","contentUrl":"https:\/\/www.dumoulinbicyclettes.com\/wp-content\/uploads\/2021\/04\/Logo.svg","width":254,"height":86,"caption":"Dumoulin Bicyclettes"},"image":{"@id":"https:\/\/www.dumoulinbicyclettes.com\/#\/schema\/logo\/image\/"},"sameAs":["https:\/\/www.facebook.com\/dumoulinbicyclettes","https:\/\/www.instagram.com\/dumoulin.ca\/","https:\/\/www.youtube.com\/user\/dumoulinbicyclettes"]}]}},"_links":{"self":[{"href":"https:\/\/www.dumoulinbicyclettes.com\/en\/wp-json\/wp\/v2\/product\/417350","targetHints":{"allow":["GET"]}}],"collection":[{"href":"https:\/\/www.dumoulinbicyclettes.com\/en\/wp-json\/wp\/v2\/product"}],"about":[{"href":"https:\/\/www.dumoulinbicyclettes.com\/en\/wp-json\/wp\/v2\/types\/product"}],"wp:featuredmedia":[{"embeddable":true,"href":"https:\/\/www.dumoulinbicyclettes.com\/en\/wp-json\/wp\/v2\/media\/417351"}],"wp:attachment":[{"href":"https:\/\/www.dumoulinbicyclettes.com\/en\/wp-json\/wp\/v2\/media?parent=417350"}],"wp:term":[{"taxonomy":"product_brand","embeddable":true,"href":"https:\/\/www.dumoulinbicyclettes.com\/en\/wp-json\/wp\/v2\/product_brand?post=417350"},{"taxonomy":"product_cat","embeddable":true,"href":"https:\/\/www.dumoulinbicyclettes.com\/en\/wp-json\/wp\/v2\/product_cat?post=417350"},{"taxonomy":"product_tag","embeddable":true,"href":"https:\/\/www.dumoulinbicyclettes.com\/en\/wp-json\/wp\/v2\/product_tag?post=417350"},{"taxonomy":"marque-produit","embeddable":true,"href":"https:\/\/www.dumoulinbicyclettes.com\/en\/wp-json\/wp\/v2\/marque-produit?post=417350"},{"taxonomy":"collection-produit","embeddable":true,"href":"https:\/\/www.dumoulinbicyclettes.com\/en\/wp-json\/wp\/v2\/collection-produit?post=417350"},{"taxonomy":"type-surface-produit","embeddable":true,"href":"https:\/\/www.dumoulinbicyclettes.com\/en\/wp-json\/wp\/v2\/type-surface-produit?post=417350"},{"taxonomy":"type-velo-produit","embeddable":true,"href":"https:\/\/www.dumoulinbicyclettes.com\/en\/wp-json\/wp\/v2\/type-velo-produit?post=417350"},{"taxonomy":"vetement-produit","embeddable":true,"href":"https:\/\/www.dumoulinbicyclettes.com\/en\/wp-json\/wp\/v2\/vetement-produit?post=417350"},{"taxonomy":"thematique-produit","embeddable":true,"href":"https:\/\/www.dumoulinbicyclettes.com\/en\/wp-json\/wp\/v2\/thematique-produit?post=417350"},{"taxonomy":"position-sur-le-v\u00e9lo","embeddable":true,"href":"https:\/\/www.dumoulinbicyclettes.com\/en\/wp-json\/wp\/v2\/position-sur-le-v\u00e9lo?post=417350"}],"curies":[{"name":"wp","href":"https:\/\/api.w.org\/{rel}","templated":true}]}}