{"id":472517,"date":"2024-10-11T23:06:02","date_gmt":"2024-10-12T03:06:02","guid":{"rendered":"http:\/\/www.dumoulinbicyclettes.com\/?post_type=product&#038;p=472517"},"modified":"2025-10-31T13:00:43","modified_gmt":"2025-10-31T17:00:43","slug":"poignees-ergon-gp3","status":"publish","type":"product","link":"https:\/\/www.dumoulinbicyclettes.com\/en\/product\/poignees-ergon-gp3\/","title":{"rendered":"Poign\u00e9es Ergon GP3"},"content":{"rendered":"<p>Les poign\u00e9es Ergon GP3 offrent un large \u00e9ventail d\u2019utilisations, parfait pour les v\u00e9los de montagne et de randonn\u00e9e. L&#8217;angle de l&#8217;extr\u00e9mit\u00e9 de la barre peut \u00eatre r\u00e9gl\u00e9 ind\u00e9pendamment pour un ajustement parfait et se verrouille en place pour emp\u00eacher tout mouvement lors de la conduite. Sa conception optimis\u00e9e fourni un contact complet avec la paume de la main pour offrir un confort sur la dur\u00e9e.<\/p>\n","protected":false},"excerpt":{"rendered":"<p>Les poign\u00e9es Ergon GP3 offrent un large \u00e9ventail d\u2019utilisations, parfait pour les v\u00e9los de montagne et de randonn\u00e9e. L&#8217;angle de l&#8217;extr\u00e9mit\u00e9 de la barre peut \u00eatre r\u00e9gl\u00e9 ind\u00e9pendamment pour un ajustement parfait et se verrouille en place pour emp\u00eacher tout mouvement lors de la conduite. Sa conception optimis\u00e9e fourni un contact complet avec la paume [&hellip;]<\/p>\n","protected":false},"featured_media":472520,"template":"","meta":{"_acf_changed":false},"product_brand":[],"product_cat":[218,224],"product_tag":[3491,3495,2360],"marque-produit":[3490],"collection-produit":[],"type-surface-produit":[],"type-velo-produit":[],"vetement-produit":[],"thematique-produit":[],"position-sur-le-v\u00e9lo":[],"class_list":{"0":"post-472517","1":"product","2":"type-product","3":"status-publish","4":"has-post-thumbnail","6":"product_cat-guidons-poignees-et-guidolines","7":"product_cat-poignees","8":"product_tag-ergon","9":"product_tag-gp3","10":"product_tag-poignees","11":"marque-produit-ergon","13":"first","14":"instock","15":"taxable","16":"shipping-taxable","17":"purchasable","18":"product-type-variable"},"acf":[],"yoast_head":"<!-- This site is optimized with the Yoast SEO plugin v27.3 - https:\/\/yoast.com\/product\/yoast-seo-wordpress\/ -->\n<title>Poign\u00e9es Ergon GP3 - Dumoulin Bicyclettes<\/title>\n<meta name=\"description\" content=\"Les poign\u00e9es Ergon GP3 offrent un large \u00e9ventail d\u2019utilisations, parfait pour les v\u00e9los de montagne et de randonn\u00e9e et dispose d&#039;une extr\u00e9mit\u00e9 ajustable.\" \/>\n<meta name=\"robots\" content=\"index, follow, max-snippet:-1, max-image-preview:large, max-video-preview:-1\" \/>\n<link rel=\"canonical\" href=\"https:\/\/www.dumoulinbicyclettes.com\/produit\/poignees-ergon-gp3\/\" \/>\n<meta property=\"og:locale\" content=\"en_US\" \/>\n<meta property=\"og:type\" content=\"article\" \/>\n<meta property=\"og:title\" content=\"Poign\u00e9es Ergon GP3 - Dumoulin Bicyclettes\" \/>\n<meta property=\"og:description\" content=\"Les poign\u00e9es Ergon GP3 offrent un large \u00e9ventail d\u2019utilisations, parfait pour les v\u00e9los de montagne et de randonn\u00e9e et dispose d&#039;une extr\u00e9mit\u00e9 ajustable.\" \/>\n<meta property=\"og:url\" content=\"https:\/\/www.dumoulinbicyclettes.com\/produit\/poignees-ergon-gp3\/\" \/>\n<meta property=\"og:site_name\" content=\"Dumoulin Bicyclettes\" \/>\n<meta property=\"article:publisher\" content=\"https:\/\/www.facebook.com\/dumoulinbicyclettes\" \/>\n<meta property=\"article:modified_time\" content=\"2025-10-31T17:00:43+00:00\" \/>\n<meta property=\"og:image\" content=\"http:\/\/www.dumoulinbicyclettes.com\/wp-content\/uploads\/2024\/10\/POIGNEES-ERGON-GP3-MONTREAL-QUEBEC-DUMOULIN-BICYCLETTES.jpg\" \/>\n\t<meta property=\"og:image:width\" content=\"2000\" \/>\n\t<meta property=\"og:image:height\" content=\"1651\" \/>\n\t<meta property=\"og:image:type\" content=\"image\/jpeg\" \/>\n<meta name=\"twitter:card\" content=\"summary_large_image\" \/>\n<meta name=\"twitter:label1\" content=\"Est. reading time\" \/>\n\t<meta name=\"twitter:data1\" content=\"1 minute\" \/>\n<script type=\"application\/ld+json\" class=\"yoast-schema-graph\">{\"@context\":\"https:\\\/\\\/schema.org\",\"@graph\":[{\"@type\":\"WebPage\",\"@id\":\"https:\\\/\\\/www.dumoulinbicyclettes.com\\\/produit\\\/poignees-ergon-gp3\\\/\",\"url\":\"https:\\\/\\\/www.dumoulinbicyclettes.com\\\/produit\\\/poignees-ergon-gp3\\\/\",\"name\":\"Poign\u00e9es Ergon GP3 - Dumoulin Bicyclettes\",\"isPartOf\":{\"@id\":\"https:\\\/\\\/www.dumoulinbicyclettes.com\\\/#website\"},\"primaryImageOfPage\":{\"@id\":\"https:\\\/\\\/www.dumoulinbicyclettes.com\\\/produit\\\/poignees-ergon-gp3\\\/#primaryimage\"},\"image\":{\"@id\":\"https:\\\/\\\/www.dumoulinbicyclettes.com\\\/produit\\\/poignees-ergon-gp3\\\/#primaryimage\"},\"thumbnailUrl\":\"https:\\\/\\\/www.dumoulinbicyclettes.com\\\/wp-content\\\/uploads\\\/2024\\\/10\\\/POIGNEES-ERGON-GP3-MONTREAL-QUEBEC-DUMOULIN-BICYCLETTES.jpg\",\"datePublished\":\"2024-10-12T03:06:02+00:00\",\"dateModified\":\"2025-10-31T17:00:43+00:00\",\"description\":\"Les poign\u00e9es Ergon GP3 offrent un large \u00e9ventail d\u2019utilisations, parfait pour les v\u00e9los de montagne et de randonn\u00e9e et dispose d'une extr\u00e9mit\u00e9 ajustable.\",\"breadcrumb\":{\"@id\":\"https:\\\/\\\/www.dumoulinbicyclettes.com\\\/produit\\\/poignees-ergon-gp3\\\/#breadcrumb\"},\"inLanguage\":\"en-US\",\"potentialAction\":[{\"@type\":\"ReadAction\",\"target\":[\"https:\\\/\\\/www.dumoulinbicyclettes.com\\\/produit\\\/poignees-ergon-gp3\\\/\"]}]},{\"@type\":\"ImageObject\",\"inLanguage\":\"en-US\",\"@id\":\"https:\\\/\\\/www.dumoulinbicyclettes.com\\\/produit\\\/poignees-ergon-gp3\\\/#primaryimage\",\"url\":\"https:\\\/\\\/www.dumoulinbicyclettes.com\\\/wp-content\\\/uploads\\\/2024\\\/10\\\/POIGNEES-ERGON-GP3-MONTREAL-QUEBEC-DUMOULIN-BICYCLETTES.jpg\",\"contentUrl\":\"https:\\\/\\\/www.dumoulinbicyclettes.com\\\/wp-content\\\/uploads\\\/2024\\\/10\\\/POIGNEES-ERGON-GP3-MONTREAL-QUEBEC-DUMOULIN-BICYCLETTES.jpg\",\"width\":2000,\"height\":1651},{\"@type\":\"BreadcrumbList\",\"@id\":\"https:\\\/\\\/www.dumoulinbicyclettes.com\\\/produit\\\/poignees-ergon-gp3\\\/#breadcrumb\",\"itemListElement\":[{\"@type\":\"ListItem\",\"position\":1,\"name\":\"Home\",\"item\":\"https:\\\/\\\/www.dumoulinbicyclettes.com\\\/en\\\/\"},{\"@type\":\"ListItem\",\"position\":2,\"name\":\"Shop\",\"item\":\"https:\\\/\\\/www.dumoulinbicyclettes.com\\\/en\\\/shop\\\/\"},{\"@type\":\"ListItem\",\"position\":3,\"name\":\"Poign\u00e9es Ergon GP3\"}]},{\"@type\":\"WebSite\",\"@id\":\"https:\\\/\\\/www.dumoulinbicyclettes.com\\\/#website\",\"url\":\"https:\\\/\\\/www.dumoulinbicyclettes.com\\\/\",\"name\":\"Dumoulin Bicyclettes\",\"description\":\"\",\"publisher\":{\"@id\":\"https:\\\/\\\/www.dumoulinbicyclettes.com\\\/#organization\"},\"potentialAction\":[{\"@type\":\"SearchAction\",\"target\":{\"@type\":\"EntryPoint\",\"urlTemplate\":\"https:\\\/\\\/www.dumoulinbicyclettes.com\\\/?s={search_term_string}\"},\"query-input\":{\"@type\":\"PropertyValueSpecification\",\"valueRequired\":true,\"valueName\":\"search_term_string\"}}],\"inLanguage\":\"en-US\"},{\"@type\":\"Organization\",\"@id\":\"https:\\\/\\\/www.dumoulinbicyclettes.com\\\/#organization\",\"name\":\"Dumoulin Bicyclettes\",\"url\":\"https:\\\/\\\/www.dumoulinbicyclettes.com\\\/\",\"logo\":{\"@type\":\"ImageObject\",\"inLanguage\":\"en-US\",\"@id\":\"https:\\\/\\\/www.dumoulinbicyclettes.com\\\/#\\\/schema\\\/logo\\\/image\\\/\",\"url\":\"https:\\\/\\\/www.dumoulinbicyclettes.com\\\/wp-content\\\/uploads\\\/2021\\\/04\\\/Logo.svg\",\"contentUrl\":\"https:\\\/\\\/www.dumoulinbicyclettes.com\\\/wp-content\\\/uploads\\\/2021\\\/04\\\/Logo.svg\",\"width\":254,\"height\":86,\"caption\":\"Dumoulin Bicyclettes\"},\"image\":{\"@id\":\"https:\\\/\\\/www.dumoulinbicyclettes.com\\\/#\\\/schema\\\/logo\\\/image\\\/\"},\"sameAs\":[\"https:\\\/\\\/www.facebook.com\\\/dumoulinbicyclettes\",\"https:\\\/\\\/www.instagram.com\\\/dumoulin.ca\\\/\",\"https:\\\/\\\/www.youtube.com\\\/user\\\/dumoulinbicyclettes\"]}]}<\/script>\n<!-- \/ Yoast SEO plugin. -->","yoast_head_json":{"title":"Poign\u00e9es Ergon GP3 - Dumoulin Bicyclettes","description":"Les poign\u00e9es Ergon GP3 offrent un large \u00e9ventail d\u2019utilisations, parfait pour les v\u00e9los de montagne et de randonn\u00e9e et dispose d'une extr\u00e9mit\u00e9 ajustable.","robots":{"index":"index","follow":"follow","max-snippet":"max-snippet:-1","max-image-preview":"max-image-preview:large","max-video-preview":"max-video-preview:-1"},"canonical":"https:\/\/www.dumoulinbicyclettes.com\/produit\/poignees-ergon-gp3\/","og_locale":"en_US","og_type":"article","og_title":"Poign\u00e9es Ergon GP3 - Dumoulin Bicyclettes","og_description":"Les poign\u00e9es Ergon GP3 offrent un large \u00e9ventail d\u2019utilisations, parfait pour les v\u00e9los de montagne et de randonn\u00e9e et dispose d'une extr\u00e9mit\u00e9 ajustable.","og_url":"https:\/\/www.dumoulinbicyclettes.com\/produit\/poignees-ergon-gp3\/","og_site_name":"Dumoulin Bicyclettes","article_publisher":"https:\/\/www.facebook.com\/dumoulinbicyclettes","article_modified_time":"2025-10-31T17:00:43+00:00","og_image":[{"width":2000,"height":1651,"url":"http:\/\/www.dumoulinbicyclettes.com\/wp-content\/uploads\/2024\/10\/POIGNEES-ERGON-GP3-MONTREAL-QUEBEC-DUMOULIN-BICYCLETTES.jpg","type":"image\/jpeg"}],"twitter_card":"summary_large_image","twitter_misc":{"Est. reading time":"1 minute"},"schema":{"@context":"https:\/\/schema.org","@graph":[{"@type":"WebPage","@id":"https:\/\/www.dumoulinbicyclettes.com\/produit\/poignees-ergon-gp3\/","url":"https:\/\/www.dumoulinbicyclettes.com\/produit\/poignees-ergon-gp3\/","name":"Poign\u00e9es Ergon GP3 - Dumoulin Bicyclettes","isPartOf":{"@id":"https:\/\/www.dumoulinbicyclettes.com\/#website"},"primaryImageOfPage":{"@id":"https:\/\/www.dumoulinbicyclettes.com\/produit\/poignees-ergon-gp3\/#primaryimage"},"image":{"@id":"https:\/\/www.dumoulinbicyclettes.com\/produit\/poignees-ergon-gp3\/#primaryimage"},"thumbnailUrl":"https:\/\/www.dumoulinbicyclettes.com\/wp-content\/uploads\/2024\/10\/POIGNEES-ERGON-GP3-MONTREAL-QUEBEC-DUMOULIN-BICYCLETTES.jpg","datePublished":"2024-10-12T03:06:02+00:00","dateModified":"2025-10-31T17:00:43+00:00","description":"Les poign\u00e9es Ergon GP3 offrent un large \u00e9ventail d\u2019utilisations, parfait pour les v\u00e9los de montagne et de randonn\u00e9e et dispose d'une extr\u00e9mit\u00e9 ajustable.","breadcrumb":{"@id":"https:\/\/www.dumoulinbicyclettes.com\/produit\/poignees-ergon-gp3\/#breadcrumb"},"inLanguage":"en-US","potentialAction":[{"@type":"ReadAction","target":["https:\/\/www.dumoulinbicyclettes.com\/produit\/poignees-ergon-gp3\/"]}]},{"@type":"ImageObject","inLanguage":"en-US","@id":"https:\/\/www.dumoulinbicyclettes.com\/produit\/poignees-ergon-gp3\/#primaryimage","url":"https:\/\/www.dumoulinbicyclettes.com\/wp-content\/uploads\/2024\/10\/POIGNEES-ERGON-GP3-MONTREAL-QUEBEC-DUMOULIN-BICYCLETTES.jpg","contentUrl":"https:\/\/www.dumoulinbicyclettes.com\/wp-content\/uploads\/2024\/10\/POIGNEES-ERGON-GP3-MONTREAL-QUEBEC-DUMOULIN-BICYCLETTES.jpg","width":2000,"height":1651},{"@type":"BreadcrumbList","@id":"https:\/\/www.dumoulinbicyclettes.com\/produit\/poignees-ergon-gp3\/#breadcrumb","itemListElement":[{"@type":"ListItem","position":1,"name":"Home","item":"https:\/\/www.dumoulinbicyclettes.com\/en\/"},{"@type":"ListItem","position":2,"name":"Shop","item":"https:\/\/www.dumoulinbicyclettes.com\/en\/shop\/"},{"@type":"ListItem","position":3,"name":"Poign\u00e9es Ergon GP3"}]},{"@type":"WebSite","@id":"https:\/\/www.dumoulinbicyclettes.com\/#website","url":"https:\/\/www.dumoulinbicyclettes.com\/","name":"Dumoulin Bicyclettes","description":"","publisher":{"@id":"https:\/\/www.dumoulinbicyclettes.com\/#organization"},"potentialAction":[{"@type":"SearchAction","target":{"@type":"EntryPoint","urlTemplate":"https:\/\/www.dumoulinbicyclettes.com\/?s={search_term_string}"},"query-input":{"@type":"PropertyValueSpecification","valueRequired":true,"valueName":"search_term_string"}}],"inLanguage":"en-US"},{"@type":"Organization","@id":"https:\/\/www.dumoulinbicyclettes.com\/#organization","name":"Dumoulin Bicyclettes","url":"https:\/\/www.dumoulinbicyclettes.com\/","logo":{"@type":"ImageObject","inLanguage":"en-US","@id":"https:\/\/www.dumoulinbicyclettes.com\/#\/schema\/logo\/image\/","url":"https:\/\/www.dumoulinbicyclettes.com\/wp-content\/uploads\/2021\/04\/Logo.svg","contentUrl":"https:\/\/www.dumoulinbicyclettes.com\/wp-content\/uploads\/2021\/04\/Logo.svg","width":254,"height":86,"caption":"Dumoulin Bicyclettes"},"image":{"@id":"https:\/\/www.dumoulinbicyclettes.com\/#\/schema\/logo\/image\/"},"sameAs":["https:\/\/www.facebook.com\/dumoulinbicyclettes","https:\/\/www.instagram.com\/dumoulin.ca\/","https:\/\/www.youtube.com\/user\/dumoulinbicyclettes"]}]}},"_links":{"self":[{"href":"https:\/\/www.dumoulinbicyclettes.com\/en\/wp-json\/wp\/v2\/product\/472517","targetHints":{"allow":["GET"]}}],"collection":[{"href":"https:\/\/www.dumoulinbicyclettes.com\/en\/wp-json\/wp\/v2\/product"}],"about":[{"href":"https:\/\/www.dumoulinbicyclettes.com\/en\/wp-json\/wp\/v2\/types\/product"}],"wp:featuredmedia":[{"embeddable":true,"href":"https:\/\/www.dumoulinbicyclettes.com\/en\/wp-json\/wp\/v2\/media\/472520"}],"wp:attachment":[{"href":"https:\/\/www.dumoulinbicyclettes.com\/en\/wp-json\/wp\/v2\/media?parent=472517"}],"wp:term":[{"taxonomy":"product_brand","embeddable":true,"href":"https:\/\/www.dumoulinbicyclettes.com\/en\/wp-json\/wp\/v2\/product_brand?post=472517"},{"taxonomy":"product_cat","embeddable":true,"href":"https:\/\/www.dumoulinbicyclettes.com\/en\/wp-json\/wp\/v2\/product_cat?post=472517"},{"taxonomy":"product_tag","embeddable":true,"href":"https:\/\/www.dumoulinbicyclettes.com\/en\/wp-json\/wp\/v2\/product_tag?post=472517"},{"taxonomy":"marque-produit","embeddable":true,"href":"https:\/\/www.dumoulinbicyclettes.com\/en\/wp-json\/wp\/v2\/marque-produit?post=472517"},{"taxonomy":"collection-produit","embeddable":true,"href":"https:\/\/www.dumoulinbicyclettes.com\/en\/wp-json\/wp\/v2\/collection-produit?post=472517"},{"taxonomy":"type-surface-produit","embeddable":true,"href":"https:\/\/www.dumoulinbicyclettes.com\/en\/wp-json\/wp\/v2\/type-surface-produit?post=472517"},{"taxonomy":"type-velo-produit","embeddable":true,"href":"https:\/\/www.dumoulinbicyclettes.com\/en\/wp-json\/wp\/v2\/type-velo-produit?post=472517"},{"taxonomy":"vetement-produit","embeddable":true,"href":"https:\/\/www.dumoulinbicyclettes.com\/en\/wp-json\/wp\/v2\/vetement-produit?post=472517"},{"taxonomy":"thematique-produit","embeddable":true,"href":"https:\/\/www.dumoulinbicyclettes.com\/en\/wp-json\/wp\/v2\/thematique-produit?post=472517"},{"taxonomy":"position-sur-le-v\u00e9lo","embeddable":true,"href":"https:\/\/www.dumoulinbicyclettes.com\/en\/wp-json\/wp\/v2\/position-sur-le-v\u00e9lo?post=472517"}],"curies":[{"name":"wp","href":"https:\/\/api.w.org\/{rel}","templated":true}]}}