{"id":477873,"date":"2024-10-24T16:11:34","date_gmt":"2024-10-24T20:11:34","guid":{"rendered":"http:\/\/www.dumoulinbicyclettes.com\/?post_type=product&#038;p=477873"},"modified":"2025-10-14T19:01:17","modified_gmt":"2025-10-14T23:01:17","slug":"brompton-borough-sac-a-dos-m-graphite","status":"publish","type":"product","link":"https:\/\/www.dumoulinbicyclettes.com\/en\/product\/brompton-borough-sac-a-dos-m-graphite\/","title":{"rendered":"Sac \u00e0 dos \u00e9tanche Brompton &#8220;Borough&#8221;"},"content":{"rendered":"<p>Ne laissez pas la pluie vous emp\u00eacher de vivre pleinement sur votre Brompton ! Le sac \u00e0 dos Borough imperm\u00e9able gris graphite est durable et \u00e9tanche \u00e0 l\u2019eau, pr\u00eat \u00e0 l\u2019emploi par tous les temps. C\u2019est un sac \u00e0 dos polyvalent qui peut \u00eatre orient\u00e9 dans les deux sens, paysage lorsqu\u2019il est fix\u00e9 sur le v\u00e9lo et portrait lorsqu\u2019il est port\u00e9 sur le dos. Sa fermeture ultrarapide gr\u00e2ce aux aimants dissimul\u00e9s dans le tissu vous permettra de prendre ce dont vous avez besoin, de le refermer en un clin d\u2019\u0153il et de reprendre la route.<\/p>\n<p>Ce sac est compatible avec tous les guidons de v\u00e9lo Brompton non \u00e9lectriques.<\/p>\n","protected":false},"excerpt":{"rendered":"<p>Ne laissez pas la pluie vous emp\u00eacher de vivre pleinement sur votre Brompton ! Le sac \u00e0 dos Borough imperm\u00e9able gris graphite est durable et \u00e9tanche \u00e0 l\u2019eau, pr\u00eat \u00e0 l\u2019emploi par tous les temps. C\u2019est un sac \u00e0 dos polyvalent qui peut \u00eatre orient\u00e9 dans les deux sens, paysage lorsqu\u2019il est fix\u00e9 sur le [&hellip;]<\/p>\n","protected":false},"featured_media":588584,"template":"","meta":{"_acf_changed":false},"product_brand":[],"product_cat":[184,197,188],"product_tag":[2372,2242,3118,3093],"marque-produit":[153],"collection-produit":[2883,2884],"type-surface-produit":[],"type-velo-produit":[],"vetement-produit":[],"thematique-produit":[],"position-sur-le-v\u00e9lo":[],"class_list":{"0":"post-477873","1":"product","2":"type-product","3":"status-publish","4":"has-post-thumbnail","6":"product_cat-accessoires-pour-velo-pliable","7":"product_cat-sac-a-dos-et-sacs-de-messagers","8":"product_cat-sacs-et-porte-bagages","9":"product_tag-borough","10":"product_tag-brompton","11":"product_tag-etanche","12":"product_tag-sac-a-dos","13":"marque-produit-brompton","14":"collection-produit-brompton","15":"collection-produit-sacs-et-accessoires","17":"first","18":"instock","19":"taxable","20":"shipping-taxable","21":"purchasable","22":"product-type-simple"},"acf":[],"yoast_head":"<!-- This site is optimized with the Yoast SEO plugin v27.3 - https:\/\/yoast.com\/product\/yoast-seo-wordpress\/ -->\n<title>Sac \u00e0 dos \u00e9tanche Brompton &quot;Borough&quot; - Dumoulin Bicyclettes<\/title>\n<meta name=\"description\" content=\"Le sac \u00e0 dos Brompton &quot;Borough&quot; imperm\u00e9able est dot\u00e9 de bretelles confortables \u00e0 porter et se fixe facilement sur votre Brompton lors de vos d\u00e9placements.\" \/>\n<meta name=\"robots\" content=\"index, follow, max-snippet:-1, max-image-preview:large, max-video-preview:-1\" \/>\n<link rel=\"canonical\" href=\"https:\/\/www.dumoulinbicyclettes.com\/produit\/brompton-borough-sac-a-dos-m-graphite\/\" \/>\n<meta property=\"og:locale\" content=\"en_US\" \/>\n<meta property=\"og:type\" content=\"article\" \/>\n<meta property=\"og:title\" content=\"Sac \u00e0 dos \u00e9tanche Brompton &quot;Borough&quot; - Dumoulin Bicyclettes\" \/>\n<meta property=\"og:description\" content=\"Le sac \u00e0 dos Brompton &quot;Borough&quot; imperm\u00e9able est dot\u00e9 de bretelles confortables \u00e0 porter et se fixe facilement sur votre Brompton lors de vos d\u00e9placements.\" \/>\n<meta property=\"og:url\" content=\"https:\/\/www.dumoulinbicyclettes.com\/produit\/brompton-borough-sac-a-dos-m-graphite\/\" \/>\n<meta property=\"og:site_name\" content=\"Dumoulin Bicyclettes\" \/>\n<meta property=\"article:publisher\" content=\"https:\/\/www.facebook.com\/dumoulinbicyclettes\" \/>\n<meta property=\"article:modified_time\" content=\"2025-10-14T23:01:17+00:00\" \/>\n<meta property=\"og:image\" content=\"http:\/\/www.dumoulinbicyclettes.com\/wp-content\/uploads\/2024\/10\/sac-a-dos-brompton-borough-1.jpg\" \/>\n\t<meta property=\"og:image:width\" content=\"1280\" \/>\n\t<meta property=\"og:image:height\" content=\"854\" \/>\n\t<meta property=\"og:image:type\" content=\"image\/jpeg\" \/>\n<meta name=\"twitter:card\" content=\"summary_large_image\" \/>\n<meta name=\"twitter:label1\" content=\"Est. reading time\" \/>\n\t<meta name=\"twitter:data1\" content=\"1 minute\" \/>\n<script type=\"application\/ld+json\" class=\"yoast-schema-graph\">{\"@context\":\"https:\\\/\\\/schema.org\",\"@graph\":[{\"@type\":\"WebPage\",\"@id\":\"https:\\\/\\\/www.dumoulinbicyclettes.com\\\/produit\\\/brompton-borough-sac-a-dos-m-graphite\\\/\",\"url\":\"https:\\\/\\\/www.dumoulinbicyclettes.com\\\/produit\\\/brompton-borough-sac-a-dos-m-graphite\\\/\",\"name\":\"Sac \u00e0 dos \u00e9tanche Brompton \\\"Borough\\\" - Dumoulin Bicyclettes\",\"isPartOf\":{\"@id\":\"https:\\\/\\\/www.dumoulinbicyclettes.com\\\/#website\"},\"primaryImageOfPage\":{\"@id\":\"https:\\\/\\\/www.dumoulinbicyclettes.com\\\/produit\\\/brompton-borough-sac-a-dos-m-graphite\\\/#primaryimage\"},\"image\":{\"@id\":\"https:\\\/\\\/www.dumoulinbicyclettes.com\\\/produit\\\/brompton-borough-sac-a-dos-m-graphite\\\/#primaryimage\"},\"thumbnailUrl\":\"https:\\\/\\\/www.dumoulinbicyclettes.com\\\/wp-content\\\/uploads\\\/2024\\\/10\\\/sac-a-dos-brompton-borough-1.jpg\",\"datePublished\":\"2024-10-24T20:11:34+00:00\",\"dateModified\":\"2025-10-14T23:01:17+00:00\",\"description\":\"Le sac \u00e0 dos Brompton \\\"Borough\\\" imperm\u00e9able est dot\u00e9 de bretelles confortables \u00e0 porter et se fixe facilement sur votre Brompton lors de vos d\u00e9placements.\",\"breadcrumb\":{\"@id\":\"https:\\\/\\\/www.dumoulinbicyclettes.com\\\/produit\\\/brompton-borough-sac-a-dos-m-graphite\\\/#breadcrumb\"},\"inLanguage\":\"en-US\",\"potentialAction\":[{\"@type\":\"ReadAction\",\"target\":[\"https:\\\/\\\/www.dumoulinbicyclettes.com\\\/produit\\\/brompton-borough-sac-a-dos-m-graphite\\\/\"]}]},{\"@type\":\"ImageObject\",\"inLanguage\":\"en-US\",\"@id\":\"https:\\\/\\\/www.dumoulinbicyclettes.com\\\/produit\\\/brompton-borough-sac-a-dos-m-graphite\\\/#primaryimage\",\"url\":\"https:\\\/\\\/www.dumoulinbicyclettes.com\\\/wp-content\\\/uploads\\\/2024\\\/10\\\/sac-a-dos-brompton-borough-1.jpg\",\"contentUrl\":\"https:\\\/\\\/www.dumoulinbicyclettes.com\\\/wp-content\\\/uploads\\\/2024\\\/10\\\/sac-a-dos-brompton-borough-1.jpg\",\"width\":1280,\"height\":854},{\"@type\":\"BreadcrumbList\",\"@id\":\"https:\\\/\\\/www.dumoulinbicyclettes.com\\\/produit\\\/brompton-borough-sac-a-dos-m-graphite\\\/#breadcrumb\",\"itemListElement\":[{\"@type\":\"ListItem\",\"position\":1,\"name\":\"Home\",\"item\":\"https:\\\/\\\/www.dumoulinbicyclettes.com\\\/en\\\/\"},{\"@type\":\"ListItem\",\"position\":2,\"name\":\"Shop\",\"item\":\"https:\\\/\\\/www.dumoulinbicyclettes.com\\\/en\\\/shop\\\/\"},{\"@type\":\"ListItem\",\"position\":3,\"name\":\"Sac \u00e0 dos \u00e9tanche Brompton \u00ab\u00a0Borough\u00a0\u00bb\"}]},{\"@type\":\"WebSite\",\"@id\":\"https:\\\/\\\/www.dumoulinbicyclettes.com\\\/#website\",\"url\":\"https:\\\/\\\/www.dumoulinbicyclettes.com\\\/\",\"name\":\"Dumoulin Bicyclettes\",\"description\":\"\",\"publisher\":{\"@id\":\"https:\\\/\\\/www.dumoulinbicyclettes.com\\\/#organization\"},\"potentialAction\":[{\"@type\":\"SearchAction\",\"target\":{\"@type\":\"EntryPoint\",\"urlTemplate\":\"https:\\\/\\\/www.dumoulinbicyclettes.com\\\/?s={search_term_string}\"},\"query-input\":{\"@type\":\"PropertyValueSpecification\",\"valueRequired\":true,\"valueName\":\"search_term_string\"}}],\"inLanguage\":\"en-US\"},{\"@type\":\"Organization\",\"@id\":\"https:\\\/\\\/www.dumoulinbicyclettes.com\\\/#organization\",\"name\":\"Dumoulin Bicyclettes\",\"url\":\"https:\\\/\\\/www.dumoulinbicyclettes.com\\\/\",\"logo\":{\"@type\":\"ImageObject\",\"inLanguage\":\"en-US\",\"@id\":\"https:\\\/\\\/www.dumoulinbicyclettes.com\\\/#\\\/schema\\\/logo\\\/image\\\/\",\"url\":\"https:\\\/\\\/www.dumoulinbicyclettes.com\\\/wp-content\\\/uploads\\\/2021\\\/04\\\/Logo.svg\",\"contentUrl\":\"https:\\\/\\\/www.dumoulinbicyclettes.com\\\/wp-content\\\/uploads\\\/2021\\\/04\\\/Logo.svg\",\"width\":254,\"height\":86,\"caption\":\"Dumoulin Bicyclettes\"},\"image\":{\"@id\":\"https:\\\/\\\/www.dumoulinbicyclettes.com\\\/#\\\/schema\\\/logo\\\/image\\\/\"},\"sameAs\":[\"https:\\\/\\\/www.facebook.com\\\/dumoulinbicyclettes\",\"https:\\\/\\\/www.instagram.com\\\/dumoulin.ca\\\/\",\"https:\\\/\\\/www.youtube.com\\\/user\\\/dumoulinbicyclettes\"]}]}<\/script>\n<!-- \/ Yoast SEO plugin. -->","yoast_head_json":{"title":"Sac \u00e0 dos \u00e9tanche Brompton \"Borough\" - Dumoulin Bicyclettes","description":"Le sac \u00e0 dos Brompton \"Borough\" imperm\u00e9able est dot\u00e9 de bretelles confortables \u00e0 porter et se fixe facilement sur votre Brompton lors de vos d\u00e9placements.","robots":{"index":"index","follow":"follow","max-snippet":"max-snippet:-1","max-image-preview":"max-image-preview:large","max-video-preview":"max-video-preview:-1"},"canonical":"https:\/\/www.dumoulinbicyclettes.com\/produit\/brompton-borough-sac-a-dos-m-graphite\/","og_locale":"en_US","og_type":"article","og_title":"Sac \u00e0 dos \u00e9tanche Brompton \"Borough\" - Dumoulin Bicyclettes","og_description":"Le sac \u00e0 dos Brompton \"Borough\" imperm\u00e9able est dot\u00e9 de bretelles confortables \u00e0 porter et se fixe facilement sur votre Brompton lors de vos d\u00e9placements.","og_url":"https:\/\/www.dumoulinbicyclettes.com\/produit\/brompton-borough-sac-a-dos-m-graphite\/","og_site_name":"Dumoulin Bicyclettes","article_publisher":"https:\/\/www.facebook.com\/dumoulinbicyclettes","article_modified_time":"2025-10-14T23:01:17+00:00","og_image":[{"width":1280,"height":854,"url":"http:\/\/www.dumoulinbicyclettes.com\/wp-content\/uploads\/2024\/10\/sac-a-dos-brompton-borough-1.jpg","type":"image\/jpeg"}],"twitter_card":"summary_large_image","twitter_misc":{"Est. reading time":"1 minute"},"schema":{"@context":"https:\/\/schema.org","@graph":[{"@type":"WebPage","@id":"https:\/\/www.dumoulinbicyclettes.com\/produit\/brompton-borough-sac-a-dos-m-graphite\/","url":"https:\/\/www.dumoulinbicyclettes.com\/produit\/brompton-borough-sac-a-dos-m-graphite\/","name":"Sac \u00e0 dos \u00e9tanche Brompton \"Borough\" - Dumoulin Bicyclettes","isPartOf":{"@id":"https:\/\/www.dumoulinbicyclettes.com\/#website"},"primaryImageOfPage":{"@id":"https:\/\/www.dumoulinbicyclettes.com\/produit\/brompton-borough-sac-a-dos-m-graphite\/#primaryimage"},"image":{"@id":"https:\/\/www.dumoulinbicyclettes.com\/produit\/brompton-borough-sac-a-dos-m-graphite\/#primaryimage"},"thumbnailUrl":"https:\/\/www.dumoulinbicyclettes.com\/wp-content\/uploads\/2024\/10\/sac-a-dos-brompton-borough-1.jpg","datePublished":"2024-10-24T20:11:34+00:00","dateModified":"2025-10-14T23:01:17+00:00","description":"Le sac \u00e0 dos Brompton \"Borough\" imperm\u00e9able est dot\u00e9 de bretelles confortables \u00e0 porter et se fixe facilement sur votre Brompton lors de vos d\u00e9placements.","breadcrumb":{"@id":"https:\/\/www.dumoulinbicyclettes.com\/produit\/brompton-borough-sac-a-dos-m-graphite\/#breadcrumb"},"inLanguage":"en-US","potentialAction":[{"@type":"ReadAction","target":["https:\/\/www.dumoulinbicyclettes.com\/produit\/brompton-borough-sac-a-dos-m-graphite\/"]}]},{"@type":"ImageObject","inLanguage":"en-US","@id":"https:\/\/www.dumoulinbicyclettes.com\/produit\/brompton-borough-sac-a-dos-m-graphite\/#primaryimage","url":"https:\/\/www.dumoulinbicyclettes.com\/wp-content\/uploads\/2024\/10\/sac-a-dos-brompton-borough-1.jpg","contentUrl":"https:\/\/www.dumoulinbicyclettes.com\/wp-content\/uploads\/2024\/10\/sac-a-dos-brompton-borough-1.jpg","width":1280,"height":854},{"@type":"BreadcrumbList","@id":"https:\/\/www.dumoulinbicyclettes.com\/produit\/brompton-borough-sac-a-dos-m-graphite\/#breadcrumb","itemListElement":[{"@type":"ListItem","position":1,"name":"Home","item":"https:\/\/www.dumoulinbicyclettes.com\/en\/"},{"@type":"ListItem","position":2,"name":"Shop","item":"https:\/\/www.dumoulinbicyclettes.com\/en\/shop\/"},{"@type":"ListItem","position":3,"name":"Sac \u00e0 dos \u00e9tanche Brompton \u00ab\u00a0Borough\u00a0\u00bb"}]},{"@type":"WebSite","@id":"https:\/\/www.dumoulinbicyclettes.com\/#website","url":"https:\/\/www.dumoulinbicyclettes.com\/","name":"Dumoulin Bicyclettes","description":"","publisher":{"@id":"https:\/\/www.dumoulinbicyclettes.com\/#organization"},"potentialAction":[{"@type":"SearchAction","target":{"@type":"EntryPoint","urlTemplate":"https:\/\/www.dumoulinbicyclettes.com\/?s={search_term_string}"},"query-input":{"@type":"PropertyValueSpecification","valueRequired":true,"valueName":"search_term_string"}}],"inLanguage":"en-US"},{"@type":"Organization","@id":"https:\/\/www.dumoulinbicyclettes.com\/#organization","name":"Dumoulin Bicyclettes","url":"https:\/\/www.dumoulinbicyclettes.com\/","logo":{"@type":"ImageObject","inLanguage":"en-US","@id":"https:\/\/www.dumoulinbicyclettes.com\/#\/schema\/logo\/image\/","url":"https:\/\/www.dumoulinbicyclettes.com\/wp-content\/uploads\/2021\/04\/Logo.svg","contentUrl":"https:\/\/www.dumoulinbicyclettes.com\/wp-content\/uploads\/2021\/04\/Logo.svg","width":254,"height":86,"caption":"Dumoulin Bicyclettes"},"image":{"@id":"https:\/\/www.dumoulinbicyclettes.com\/#\/schema\/logo\/image\/"},"sameAs":["https:\/\/www.facebook.com\/dumoulinbicyclettes","https:\/\/www.instagram.com\/dumoulin.ca\/","https:\/\/www.youtube.com\/user\/dumoulinbicyclettes"]}]}},"_links":{"self":[{"href":"https:\/\/www.dumoulinbicyclettes.com\/en\/wp-json\/wp\/v2\/product\/477873","targetHints":{"allow":["GET"]}}],"collection":[{"href":"https:\/\/www.dumoulinbicyclettes.com\/en\/wp-json\/wp\/v2\/product"}],"about":[{"href":"https:\/\/www.dumoulinbicyclettes.com\/en\/wp-json\/wp\/v2\/types\/product"}],"wp:featuredmedia":[{"embeddable":true,"href":"https:\/\/www.dumoulinbicyclettes.com\/en\/wp-json\/wp\/v2\/media\/588584"}],"wp:attachment":[{"href":"https:\/\/www.dumoulinbicyclettes.com\/en\/wp-json\/wp\/v2\/media?parent=477873"}],"wp:term":[{"taxonomy":"product_brand","embeddable":true,"href":"https:\/\/www.dumoulinbicyclettes.com\/en\/wp-json\/wp\/v2\/product_brand?post=477873"},{"taxonomy":"product_cat","embeddable":true,"href":"https:\/\/www.dumoulinbicyclettes.com\/en\/wp-json\/wp\/v2\/product_cat?post=477873"},{"taxonomy":"product_tag","embeddable":true,"href":"https:\/\/www.dumoulinbicyclettes.com\/en\/wp-json\/wp\/v2\/product_tag?post=477873"},{"taxonomy":"marque-produit","embeddable":true,"href":"https:\/\/www.dumoulinbicyclettes.com\/en\/wp-json\/wp\/v2\/marque-produit?post=477873"},{"taxonomy":"collection-produit","embeddable":true,"href":"https:\/\/www.dumoulinbicyclettes.com\/en\/wp-json\/wp\/v2\/collection-produit?post=477873"},{"taxonomy":"type-surface-produit","embeddable":true,"href":"https:\/\/www.dumoulinbicyclettes.com\/en\/wp-json\/wp\/v2\/type-surface-produit?post=477873"},{"taxonomy":"type-velo-produit","embeddable":true,"href":"https:\/\/www.dumoulinbicyclettes.com\/en\/wp-json\/wp\/v2\/type-velo-produit?post=477873"},{"taxonomy":"vetement-produit","embeddable":true,"href":"https:\/\/www.dumoulinbicyclettes.com\/en\/wp-json\/wp\/v2\/vetement-produit?post=477873"},{"taxonomy":"thematique-produit","embeddable":true,"href":"https:\/\/www.dumoulinbicyclettes.com\/en\/wp-json\/wp\/v2\/thematique-produit?post=477873"},{"taxonomy":"position-sur-le-v\u00e9lo","embeddable":true,"href":"https:\/\/www.dumoulinbicyclettes.com\/en\/wp-json\/wp\/v2\/position-sur-le-v\u00e9lo?post=477873"}],"curies":[{"name":"wp","href":"https:\/\/api.w.org\/{rel}","templated":true}]}}