{"id":492710,"date":"2024-11-22T13:12:40","date_gmt":"2024-11-22T18:12:40","guid":{"rendered":"http:\/\/www.dumoulinbicyclettes.com\/?post_type=product&#038;p=492710"},"modified":"2026-04-08T12:50:42","modified_gmt":"2026-04-08T16:50:42","slug":"tern-ceinture-ventrale-de-securite-clubhouse-captain-chair","status":"publish","type":"product","link":"https:\/\/www.dumoulinbicyclettes.com\/en\/product\/tern-ceinture-ventrale-de-securite-clubhouse-captain-chair\/","title":{"rendered":"Ceinture Tern \u00ab Sidekick Seat Belt \u00bb"},"content":{"rendered":"<p>Vos Copilotes pr\u00e9f\u00e9r\u00e9s ont peut-\u00eatre pass\u00e9 l\u2019age du si\u00e8ge enfant, mais cela ne devrait pas vous emp\u00eacher de continuer \u00e0 partager des moments de v\u00e9lo ensemble. Avec une boucle simple \u00e0 attacher comme dans les avions, la \u00ab Sidekick Seat Belt \u00bb aident vos enfants \u00e0 rester installer confortablement sur le si\u00e8ge passager pour n&#8217;importe quel voyage en toute s\u00e9curit\u00e9.<\/p>\n","protected":false},"excerpt":{"rendered":"<p>Vos Copilotes pr\u00e9f\u00e9r\u00e9s ont peut-\u00eatre pass\u00e9 l\u2019age du si\u00e8ge enfant, mais cela ne devrait pas vous emp\u00eacher de continuer \u00e0 partager des moments de v\u00e9lo ensemble. Avec une boucle simple \u00e0 attacher comme dans les avions, la \u00ab Sidekick Seat Belt \u00bb aident vos enfants \u00e0 rester installer confortablement sur le si\u00e8ge passager pour n&#8217;importe [&hellip;]<\/p>\n","protected":false},"featured_media":492711,"template":"","meta":{"_acf_changed":false},"product_brand":[],"product_cat":[2509],"product_tag":[3137,3138,2203],"marque-produit":[154],"collection-produit":[],"type-surface-produit":[],"type-velo-produit":[],"vetement-produit":[],"thematique-produit":[],"position-sur-le-v\u00e9lo":[],"class_list":{"0":"post-492710","1":"product","2":"type-product","3":"status-publish","4":"has-post-thumbnail","6":"product_cat-tern","7":"product_tag-ceinture","8":"product_tag-sidekick-seat-belt","9":"product_tag-tern","10":"marque-produit-tern","12":"first","13":"instock","14":"taxable","15":"shipping-taxable","16":"purchasable","17":"product-type-simple"},"acf":[],"yoast_head":"<!-- This site is optimized with the Yoast SEO plugin v27.3 - https:\/\/yoast.com\/product\/yoast-seo-wordpress\/ -->\n<title>Ceinture Tern \u00ab Sidekick Seat Belt \u00bb - Dumoulin Bicyclettes<\/title>\n<meta name=\"description\" content=\"Avec une boucle simple \u00e0 attacher la \u00ab Sidekick Seat Belt \u00bb aident vos enfants \u00e0 rester installer confortablement sur le si\u00e8ge passager en toute s\u00e9curit\u00e9.\" \/>\n<meta name=\"robots\" content=\"index, follow, max-snippet:-1, max-image-preview:large, max-video-preview:-1\" \/>\n<link rel=\"canonical\" href=\"https:\/\/www.dumoulinbicyclettes.com\/produit\/tern-ceinture-ventrale-de-securite-clubhouse-captain-chair\/\" \/>\n<meta property=\"og:locale\" content=\"en_US\" \/>\n<meta property=\"og:type\" content=\"article\" \/>\n<meta property=\"og:title\" content=\"Ceinture Tern \u00ab Sidekick Seat Belt \u00bb - Dumoulin Bicyclettes\" \/>\n<meta property=\"og:description\" content=\"Avec une boucle simple \u00e0 attacher la \u00ab Sidekick Seat Belt \u00bb aident vos enfants \u00e0 rester installer confortablement sur le si\u00e8ge passager en toute s\u00e9curit\u00e9.\" \/>\n<meta property=\"og:url\" content=\"https:\/\/www.dumoulinbicyclettes.com\/produit\/tern-ceinture-ventrale-de-securite-clubhouse-captain-chair\/\" \/>\n<meta property=\"og:site_name\" content=\"Dumoulin Bicyclettes\" \/>\n<meta property=\"article:publisher\" content=\"https:\/\/www.facebook.com\/dumoulinbicyclettes\" \/>\n<meta property=\"article:modified_time\" content=\"2026-04-08T16:50:42+00:00\" \/>\n<meta property=\"og:image\" content=\"http:\/\/www.dumoulinbicyclettes.com\/wp-content\/uploads\/2024\/11\/Tern-Sidekick-Seat-Belt-dumoulin-bicyclettes-montreal-2.webp\" \/>\n\t<meta property=\"og:image:width\" content=\"960\" \/>\n\t<meta property=\"og:image:height\" content=\"639\" \/>\n\t<meta property=\"og:image:type\" content=\"image\/webp\" \/>\n<meta name=\"twitter:card\" content=\"summary_large_image\" \/>\n<meta name=\"twitter:label1\" content=\"Est. reading time\" \/>\n\t<meta name=\"twitter:data1\" content=\"1 minute\" \/>\n<script type=\"application\/ld+json\" class=\"yoast-schema-graph\">{\"@context\":\"https:\\\/\\\/schema.org\",\"@graph\":[{\"@type\":\"WebPage\",\"@id\":\"https:\\\/\\\/www.dumoulinbicyclettes.com\\\/produit\\\/tern-ceinture-ventrale-de-securite-clubhouse-captain-chair\\\/\",\"url\":\"https:\\\/\\\/www.dumoulinbicyclettes.com\\\/produit\\\/tern-ceinture-ventrale-de-securite-clubhouse-captain-chair\\\/\",\"name\":\"Ceinture Tern \u00ab Sidekick Seat Belt \u00bb - Dumoulin Bicyclettes\",\"isPartOf\":{\"@id\":\"https:\\\/\\\/www.dumoulinbicyclettes.com\\\/#website\"},\"primaryImageOfPage\":{\"@id\":\"https:\\\/\\\/www.dumoulinbicyclettes.com\\\/produit\\\/tern-ceinture-ventrale-de-securite-clubhouse-captain-chair\\\/#primaryimage\"},\"image\":{\"@id\":\"https:\\\/\\\/www.dumoulinbicyclettes.com\\\/produit\\\/tern-ceinture-ventrale-de-securite-clubhouse-captain-chair\\\/#primaryimage\"},\"thumbnailUrl\":\"https:\\\/\\\/www.dumoulinbicyclettes.com\\\/wp-content\\\/uploads\\\/2024\\\/11\\\/Tern-Sidekick-Seat-Belt-dumoulin-bicyclettes-montreal-2.webp\",\"datePublished\":\"2024-11-22T18:12:40+00:00\",\"dateModified\":\"2026-04-08T16:50:42+00:00\",\"description\":\"Avec une boucle simple \u00e0 attacher la \u00ab Sidekick Seat Belt \u00bb aident vos enfants \u00e0 rester installer confortablement sur le si\u00e8ge passager en toute s\u00e9curit\u00e9.\",\"breadcrumb\":{\"@id\":\"https:\\\/\\\/www.dumoulinbicyclettes.com\\\/produit\\\/tern-ceinture-ventrale-de-securite-clubhouse-captain-chair\\\/#breadcrumb\"},\"inLanguage\":\"en-US\",\"potentialAction\":[{\"@type\":\"ReadAction\",\"target\":[\"https:\\\/\\\/www.dumoulinbicyclettes.com\\\/produit\\\/tern-ceinture-ventrale-de-securite-clubhouse-captain-chair\\\/\"]}]},{\"@type\":\"ImageObject\",\"inLanguage\":\"en-US\",\"@id\":\"https:\\\/\\\/www.dumoulinbicyclettes.com\\\/produit\\\/tern-ceinture-ventrale-de-securite-clubhouse-captain-chair\\\/#primaryimage\",\"url\":\"https:\\\/\\\/www.dumoulinbicyclettes.com\\\/wp-content\\\/uploads\\\/2024\\\/11\\\/Tern-Sidekick-Seat-Belt-dumoulin-bicyclettes-montreal-2.webp\",\"contentUrl\":\"https:\\\/\\\/www.dumoulinbicyclettes.com\\\/wp-content\\\/uploads\\\/2024\\\/11\\\/Tern-Sidekick-Seat-Belt-dumoulin-bicyclettes-montreal-2.webp\",\"width\":960,\"height\":639},{\"@type\":\"BreadcrumbList\",\"@id\":\"https:\\\/\\\/www.dumoulinbicyclettes.com\\\/produit\\\/tern-ceinture-ventrale-de-securite-clubhouse-captain-chair\\\/#breadcrumb\",\"itemListElement\":[{\"@type\":\"ListItem\",\"position\":1,\"name\":\"Home\",\"item\":\"https:\\\/\\\/www.dumoulinbicyclettes.com\\\/en\\\/\"},{\"@type\":\"ListItem\",\"position\":2,\"name\":\"Shop\",\"item\":\"https:\\\/\\\/www.dumoulinbicyclettes.com\\\/en\\\/shop\\\/\"},{\"@type\":\"ListItem\",\"position\":3,\"name\":\"Ceinture Tern \u00ab Sidekick Seat Belt \u00bb\"}]},{\"@type\":\"WebSite\",\"@id\":\"https:\\\/\\\/www.dumoulinbicyclettes.com\\\/#website\",\"url\":\"https:\\\/\\\/www.dumoulinbicyclettes.com\\\/\",\"name\":\"Dumoulin Bicyclettes\",\"description\":\"\",\"publisher\":{\"@id\":\"https:\\\/\\\/www.dumoulinbicyclettes.com\\\/#organization\"},\"potentialAction\":[{\"@type\":\"SearchAction\",\"target\":{\"@type\":\"EntryPoint\",\"urlTemplate\":\"https:\\\/\\\/www.dumoulinbicyclettes.com\\\/?s={search_term_string}\"},\"query-input\":{\"@type\":\"PropertyValueSpecification\",\"valueRequired\":true,\"valueName\":\"search_term_string\"}}],\"inLanguage\":\"en-US\"},{\"@type\":\"Organization\",\"@id\":\"https:\\\/\\\/www.dumoulinbicyclettes.com\\\/#organization\",\"name\":\"Dumoulin Bicyclettes\",\"url\":\"https:\\\/\\\/www.dumoulinbicyclettes.com\\\/\",\"logo\":{\"@type\":\"ImageObject\",\"inLanguage\":\"en-US\",\"@id\":\"https:\\\/\\\/www.dumoulinbicyclettes.com\\\/#\\\/schema\\\/logo\\\/image\\\/\",\"url\":\"https:\\\/\\\/www.dumoulinbicyclettes.com\\\/wp-content\\\/uploads\\\/2021\\\/04\\\/Logo.svg\",\"contentUrl\":\"https:\\\/\\\/www.dumoulinbicyclettes.com\\\/wp-content\\\/uploads\\\/2021\\\/04\\\/Logo.svg\",\"width\":254,\"height\":86,\"caption\":\"Dumoulin Bicyclettes\"},\"image\":{\"@id\":\"https:\\\/\\\/www.dumoulinbicyclettes.com\\\/#\\\/schema\\\/logo\\\/image\\\/\"},\"sameAs\":[\"https:\\\/\\\/www.facebook.com\\\/dumoulinbicyclettes\",\"https:\\\/\\\/www.instagram.com\\\/dumoulin.ca\\\/\",\"https:\\\/\\\/www.youtube.com\\\/user\\\/dumoulinbicyclettes\"]}]}<\/script>\n<!-- \/ Yoast SEO plugin. -->","yoast_head_json":{"title":"Ceinture Tern \u00ab Sidekick Seat Belt \u00bb - Dumoulin Bicyclettes","description":"Avec une boucle simple \u00e0 attacher la \u00ab Sidekick Seat Belt \u00bb aident vos enfants \u00e0 rester installer confortablement sur le si\u00e8ge passager en toute s\u00e9curit\u00e9.","robots":{"index":"index","follow":"follow","max-snippet":"max-snippet:-1","max-image-preview":"max-image-preview:large","max-video-preview":"max-video-preview:-1"},"canonical":"https:\/\/www.dumoulinbicyclettes.com\/produit\/tern-ceinture-ventrale-de-securite-clubhouse-captain-chair\/","og_locale":"en_US","og_type":"article","og_title":"Ceinture Tern \u00ab Sidekick Seat Belt \u00bb - Dumoulin Bicyclettes","og_description":"Avec une boucle simple \u00e0 attacher la \u00ab Sidekick Seat Belt \u00bb aident vos enfants \u00e0 rester installer confortablement sur le si\u00e8ge passager en toute s\u00e9curit\u00e9.","og_url":"https:\/\/www.dumoulinbicyclettes.com\/produit\/tern-ceinture-ventrale-de-securite-clubhouse-captain-chair\/","og_site_name":"Dumoulin Bicyclettes","article_publisher":"https:\/\/www.facebook.com\/dumoulinbicyclettes","article_modified_time":"2026-04-08T16:50:42+00:00","og_image":[{"width":960,"height":639,"url":"http:\/\/www.dumoulinbicyclettes.com\/wp-content\/uploads\/2024\/11\/Tern-Sidekick-Seat-Belt-dumoulin-bicyclettes-montreal-2.webp","type":"image\/webp"}],"twitter_card":"summary_large_image","twitter_misc":{"Est. reading time":"1 minute"},"schema":{"@context":"https:\/\/schema.org","@graph":[{"@type":"WebPage","@id":"https:\/\/www.dumoulinbicyclettes.com\/produit\/tern-ceinture-ventrale-de-securite-clubhouse-captain-chair\/","url":"https:\/\/www.dumoulinbicyclettes.com\/produit\/tern-ceinture-ventrale-de-securite-clubhouse-captain-chair\/","name":"Ceinture Tern \u00ab Sidekick Seat Belt \u00bb - Dumoulin Bicyclettes","isPartOf":{"@id":"https:\/\/www.dumoulinbicyclettes.com\/#website"},"primaryImageOfPage":{"@id":"https:\/\/www.dumoulinbicyclettes.com\/produit\/tern-ceinture-ventrale-de-securite-clubhouse-captain-chair\/#primaryimage"},"image":{"@id":"https:\/\/www.dumoulinbicyclettes.com\/produit\/tern-ceinture-ventrale-de-securite-clubhouse-captain-chair\/#primaryimage"},"thumbnailUrl":"https:\/\/www.dumoulinbicyclettes.com\/wp-content\/uploads\/2024\/11\/Tern-Sidekick-Seat-Belt-dumoulin-bicyclettes-montreal-2.webp","datePublished":"2024-11-22T18:12:40+00:00","dateModified":"2026-04-08T16:50:42+00:00","description":"Avec une boucle simple \u00e0 attacher la \u00ab Sidekick Seat Belt \u00bb aident vos enfants \u00e0 rester installer confortablement sur le si\u00e8ge passager en toute s\u00e9curit\u00e9.","breadcrumb":{"@id":"https:\/\/www.dumoulinbicyclettes.com\/produit\/tern-ceinture-ventrale-de-securite-clubhouse-captain-chair\/#breadcrumb"},"inLanguage":"en-US","potentialAction":[{"@type":"ReadAction","target":["https:\/\/www.dumoulinbicyclettes.com\/produit\/tern-ceinture-ventrale-de-securite-clubhouse-captain-chair\/"]}]},{"@type":"ImageObject","inLanguage":"en-US","@id":"https:\/\/www.dumoulinbicyclettes.com\/produit\/tern-ceinture-ventrale-de-securite-clubhouse-captain-chair\/#primaryimage","url":"https:\/\/www.dumoulinbicyclettes.com\/wp-content\/uploads\/2024\/11\/Tern-Sidekick-Seat-Belt-dumoulin-bicyclettes-montreal-2.webp","contentUrl":"https:\/\/www.dumoulinbicyclettes.com\/wp-content\/uploads\/2024\/11\/Tern-Sidekick-Seat-Belt-dumoulin-bicyclettes-montreal-2.webp","width":960,"height":639},{"@type":"BreadcrumbList","@id":"https:\/\/www.dumoulinbicyclettes.com\/produit\/tern-ceinture-ventrale-de-securite-clubhouse-captain-chair\/#breadcrumb","itemListElement":[{"@type":"ListItem","position":1,"name":"Home","item":"https:\/\/www.dumoulinbicyclettes.com\/en\/"},{"@type":"ListItem","position":2,"name":"Shop","item":"https:\/\/www.dumoulinbicyclettes.com\/en\/shop\/"},{"@type":"ListItem","position":3,"name":"Ceinture Tern \u00ab Sidekick Seat Belt \u00bb"}]},{"@type":"WebSite","@id":"https:\/\/www.dumoulinbicyclettes.com\/#website","url":"https:\/\/www.dumoulinbicyclettes.com\/","name":"Dumoulin Bicyclettes","description":"","publisher":{"@id":"https:\/\/www.dumoulinbicyclettes.com\/#organization"},"potentialAction":[{"@type":"SearchAction","target":{"@type":"EntryPoint","urlTemplate":"https:\/\/www.dumoulinbicyclettes.com\/?s={search_term_string}"},"query-input":{"@type":"PropertyValueSpecification","valueRequired":true,"valueName":"search_term_string"}}],"inLanguage":"en-US"},{"@type":"Organization","@id":"https:\/\/www.dumoulinbicyclettes.com\/#organization","name":"Dumoulin Bicyclettes","url":"https:\/\/www.dumoulinbicyclettes.com\/","logo":{"@type":"ImageObject","inLanguage":"en-US","@id":"https:\/\/www.dumoulinbicyclettes.com\/#\/schema\/logo\/image\/","url":"https:\/\/www.dumoulinbicyclettes.com\/wp-content\/uploads\/2021\/04\/Logo.svg","contentUrl":"https:\/\/www.dumoulinbicyclettes.com\/wp-content\/uploads\/2021\/04\/Logo.svg","width":254,"height":86,"caption":"Dumoulin Bicyclettes"},"image":{"@id":"https:\/\/www.dumoulinbicyclettes.com\/#\/schema\/logo\/image\/"},"sameAs":["https:\/\/www.facebook.com\/dumoulinbicyclettes","https:\/\/www.instagram.com\/dumoulin.ca\/","https:\/\/www.youtube.com\/user\/dumoulinbicyclettes"]}]}},"_links":{"self":[{"href":"https:\/\/www.dumoulinbicyclettes.com\/en\/wp-json\/wp\/v2\/product\/492710","targetHints":{"allow":["GET"]}}],"collection":[{"href":"https:\/\/www.dumoulinbicyclettes.com\/en\/wp-json\/wp\/v2\/product"}],"about":[{"href":"https:\/\/www.dumoulinbicyclettes.com\/en\/wp-json\/wp\/v2\/types\/product"}],"wp:featuredmedia":[{"embeddable":true,"href":"https:\/\/www.dumoulinbicyclettes.com\/en\/wp-json\/wp\/v2\/media\/492711"}],"wp:attachment":[{"href":"https:\/\/www.dumoulinbicyclettes.com\/en\/wp-json\/wp\/v2\/media?parent=492710"}],"wp:term":[{"taxonomy":"product_brand","embeddable":true,"href":"https:\/\/www.dumoulinbicyclettes.com\/en\/wp-json\/wp\/v2\/product_brand?post=492710"},{"taxonomy":"product_cat","embeddable":true,"href":"https:\/\/www.dumoulinbicyclettes.com\/en\/wp-json\/wp\/v2\/product_cat?post=492710"},{"taxonomy":"product_tag","embeddable":true,"href":"https:\/\/www.dumoulinbicyclettes.com\/en\/wp-json\/wp\/v2\/product_tag?post=492710"},{"taxonomy":"marque-produit","embeddable":true,"href":"https:\/\/www.dumoulinbicyclettes.com\/en\/wp-json\/wp\/v2\/marque-produit?post=492710"},{"taxonomy":"collection-produit","embeddable":true,"href":"https:\/\/www.dumoulinbicyclettes.com\/en\/wp-json\/wp\/v2\/collection-produit?post=492710"},{"taxonomy":"type-surface-produit","embeddable":true,"href":"https:\/\/www.dumoulinbicyclettes.com\/en\/wp-json\/wp\/v2\/type-surface-produit?post=492710"},{"taxonomy":"type-velo-produit","embeddable":true,"href":"https:\/\/www.dumoulinbicyclettes.com\/en\/wp-json\/wp\/v2\/type-velo-produit?post=492710"},{"taxonomy":"vetement-produit","embeddable":true,"href":"https:\/\/www.dumoulinbicyclettes.com\/en\/wp-json\/wp\/v2\/vetement-produit?post=492710"},{"taxonomy":"thematique-produit","embeddable":true,"href":"https:\/\/www.dumoulinbicyclettes.com\/en\/wp-json\/wp\/v2\/thematique-produit?post=492710"},{"taxonomy":"position-sur-le-v\u00e9lo","embeddable":true,"href":"https:\/\/www.dumoulinbicyclettes.com\/en\/wp-json\/wp\/v2\/position-sur-le-v\u00e9lo?post=492710"}],"curies":[{"name":"wp","href":"https:\/\/api.w.org\/{rel}","templated":true}]}}