{"id":496908,"date":"2024-11-27T14:16:18","date_gmt":"2024-11-27T19:16:18","guid":{"rendered":"http:\/\/www.dumoulinbicyclettes.com\/?post_type=product&#038;p=496908"},"modified":"2025-09-29T19:25:19","modified_gmt":"2025-09-29T23:25:19","slug":"urban-arrow-pare-soleil-sun-cover","status":"publish","type":"product","link":"https:\/\/www.dumoulinbicyclettes.com\/en\/product\/urban-arrow-pare-soleil-sun-cover\/","title":{"rendered":"Pare soleil Urban Arrow &#8220;Sun Cover&#8221;"},"content":{"rendered":"<p class=\"product_title\">Con\u00e7u pour conserver votre pr\u00e9cieuse cargaison au frais et \u00e0 l\u2019aise, le pare-soleil Urban Arrow Family est l\u2019accessoire incontournable de vos trajets estivaux. Avec sa couche de tissu protecteur UPF 50, vos enfants seront \u00e0 l\u2019abri des coups de soleil.<\/p>\n","protected":false},"excerpt":{"rendered":"<p>Con\u00e7u pour conserver votre pr\u00e9cieuse cargaison au frais et \u00e0 l\u2019aise, le pare-soleil Urban Arrow Family est l\u2019accessoire incontournable de vos trajets estivaux. Avec sa couche de tissu protecteur UPF 50, vos enfants seront \u00e0 l\u2019abri des coups de soleil.<\/p>\n","protected":false},"featured_media":496909,"template":"","meta":{"_acf_changed":false},"product_brand":[],"product_cat":[183,2618],"product_tag":[3468,3469,2571],"marque-produit":[1451],"collection-produit":[2889],"type-surface-produit":[],"type-velo-produit":[],"vetement-produit":[],"thematique-produit":[],"position-sur-le-v\u00e9lo":[],"class_list":{"0":"post-496908","1":"product","2":"type-product","3":"status-publish","4":"has-post-thumbnail","6":"product_cat-accessoires-pour-velo-cargo","7":"product_cat-urban-arrow","8":"product_tag-pare-soleil","9":"product_tag-sun-cover","10":"product_tag-urban-arrow","11":"marque-produit-urban-arrow","12":"collection-produit-urban-arrow","14":"first","15":"instock","16":"taxable","17":"shipping-taxable","18":"purchasable","19":"product-type-simple"},"acf":[],"yoast_head":"<!-- This site is optimized with the Yoast SEO plugin v27.3 - https:\/\/yoast.com\/product\/yoast-seo-wordpress\/ -->\n<title>Pare soleil Urban Arrow &quot;Sun Cover&quot; - Dumoulin Bicyclettes<\/title>\n<meta name=\"description\" content=\"Con\u00e7u pour conserver vos enfants au frais et \u00e0 l\u2019aise, le pare-soleil Urban Arrow Family est l\u2019accessoire incontournable de vos trajets estivaux.\" \/>\n<meta name=\"robots\" content=\"index, follow, max-snippet:-1, max-image-preview:large, max-video-preview:-1\" \/>\n<link rel=\"canonical\" href=\"https:\/\/www.dumoulinbicyclettes.com\/produit\/urban-arrow-pare-soleil-sun-cover\/\" \/>\n<meta property=\"og:locale\" content=\"en_US\" \/>\n<meta property=\"og:type\" content=\"article\" \/>\n<meta property=\"og:title\" content=\"Pare soleil Urban Arrow &quot;Sun Cover&quot; - Dumoulin Bicyclettes\" \/>\n<meta property=\"og:description\" content=\"Con\u00e7u pour conserver vos enfants au frais et \u00e0 l\u2019aise, le pare-soleil Urban Arrow Family est l\u2019accessoire incontournable de vos trajets estivaux.\" \/>\n<meta property=\"og:url\" content=\"https:\/\/www.dumoulinbicyclettes.com\/produit\/urban-arrow-pare-soleil-sun-cover\/\" \/>\n<meta property=\"og:site_name\" content=\"Dumoulin Bicyclettes\" \/>\n<meta property=\"article:publisher\" content=\"https:\/\/www.facebook.com\/dumoulinbicyclettes\" \/>\n<meta property=\"article:modified_time\" content=\"2025-09-29T23:25:19+00:00\" \/>\n<meta property=\"og:image\" content=\"http:\/\/www.dumoulinbicyclettes.com\/wp-content\/uploads\/2024\/11\/velo-cargo-Urban-arrow-family-capote-pare-soleil-sun-cover-canopy-dumoulin-bicyclettes-montreal-quebec.jpg\" \/>\n\t<meta property=\"og:image:width\" content=\"1279\" \/>\n\t<meta property=\"og:image:height\" content=\"853\" \/>\n\t<meta property=\"og:image:type\" content=\"image\/jpeg\" \/>\n<meta name=\"twitter:card\" content=\"summary_large_image\" \/>\n<meta name=\"twitter:label1\" content=\"Est. reading time\" \/>\n\t<meta name=\"twitter:data1\" content=\"1 minute\" \/>\n<script type=\"application\/ld+json\" class=\"yoast-schema-graph\">{\"@context\":\"https:\\\/\\\/schema.org\",\"@graph\":[{\"@type\":\"WebPage\",\"@id\":\"https:\\\/\\\/www.dumoulinbicyclettes.com\\\/produit\\\/urban-arrow-pare-soleil-sun-cover\\\/\",\"url\":\"https:\\\/\\\/www.dumoulinbicyclettes.com\\\/produit\\\/urban-arrow-pare-soleil-sun-cover\\\/\",\"name\":\"Pare soleil Urban Arrow \\\"Sun Cover\\\" - Dumoulin Bicyclettes\",\"isPartOf\":{\"@id\":\"https:\\\/\\\/www.dumoulinbicyclettes.com\\\/#website\"},\"primaryImageOfPage\":{\"@id\":\"https:\\\/\\\/www.dumoulinbicyclettes.com\\\/produit\\\/urban-arrow-pare-soleil-sun-cover\\\/#primaryimage\"},\"image\":{\"@id\":\"https:\\\/\\\/www.dumoulinbicyclettes.com\\\/produit\\\/urban-arrow-pare-soleil-sun-cover\\\/#primaryimage\"},\"thumbnailUrl\":\"https:\\\/\\\/www.dumoulinbicyclettes.com\\\/wp-content\\\/uploads\\\/2024\\\/11\\\/velo-cargo-Urban-arrow-family-capote-pare-soleil-sun-cover-canopy-dumoulin-bicyclettes-montreal-quebec.jpg\",\"datePublished\":\"2024-11-27T19:16:18+00:00\",\"dateModified\":\"2025-09-29T23:25:19+00:00\",\"description\":\"Con\u00e7u pour conserver vos enfants au frais et \u00e0 l\u2019aise, le pare-soleil Urban Arrow Family est l\u2019accessoire incontournable de vos trajets estivaux.\",\"breadcrumb\":{\"@id\":\"https:\\\/\\\/www.dumoulinbicyclettes.com\\\/produit\\\/urban-arrow-pare-soleil-sun-cover\\\/#breadcrumb\"},\"inLanguage\":\"en-US\",\"potentialAction\":[{\"@type\":\"ReadAction\",\"target\":[\"https:\\\/\\\/www.dumoulinbicyclettes.com\\\/produit\\\/urban-arrow-pare-soleil-sun-cover\\\/\"]}]},{\"@type\":\"ImageObject\",\"inLanguage\":\"en-US\",\"@id\":\"https:\\\/\\\/www.dumoulinbicyclettes.com\\\/produit\\\/urban-arrow-pare-soleil-sun-cover\\\/#primaryimage\",\"url\":\"https:\\\/\\\/www.dumoulinbicyclettes.com\\\/wp-content\\\/uploads\\\/2024\\\/11\\\/velo-cargo-Urban-arrow-family-capote-pare-soleil-sun-cover-canopy-dumoulin-bicyclettes-montreal-quebec.jpg\",\"contentUrl\":\"https:\\\/\\\/www.dumoulinbicyclettes.com\\\/wp-content\\\/uploads\\\/2024\\\/11\\\/velo-cargo-Urban-arrow-family-capote-pare-soleil-sun-cover-canopy-dumoulin-bicyclettes-montreal-quebec.jpg\",\"width\":1279,\"height\":853},{\"@type\":\"BreadcrumbList\",\"@id\":\"https:\\\/\\\/www.dumoulinbicyclettes.com\\\/produit\\\/urban-arrow-pare-soleil-sun-cover\\\/#breadcrumb\",\"itemListElement\":[{\"@type\":\"ListItem\",\"position\":1,\"name\":\"Home\",\"item\":\"https:\\\/\\\/www.dumoulinbicyclettes.com\\\/en\\\/\"},{\"@type\":\"ListItem\",\"position\":2,\"name\":\"Shop\",\"item\":\"https:\\\/\\\/www.dumoulinbicyclettes.com\\\/en\\\/shop\\\/\"},{\"@type\":\"ListItem\",\"position\":3,\"name\":\"Pare soleil Urban Arrow \u00ab\u00a0Sun Cover\u00a0\u00bb\"}]},{\"@type\":\"WebSite\",\"@id\":\"https:\\\/\\\/www.dumoulinbicyclettes.com\\\/#website\",\"url\":\"https:\\\/\\\/www.dumoulinbicyclettes.com\\\/\",\"name\":\"Dumoulin Bicyclettes\",\"description\":\"\",\"publisher\":{\"@id\":\"https:\\\/\\\/www.dumoulinbicyclettes.com\\\/#organization\"},\"potentialAction\":[{\"@type\":\"SearchAction\",\"target\":{\"@type\":\"EntryPoint\",\"urlTemplate\":\"https:\\\/\\\/www.dumoulinbicyclettes.com\\\/?s={search_term_string}\"},\"query-input\":{\"@type\":\"PropertyValueSpecification\",\"valueRequired\":true,\"valueName\":\"search_term_string\"}}],\"inLanguage\":\"en-US\"},{\"@type\":\"Organization\",\"@id\":\"https:\\\/\\\/www.dumoulinbicyclettes.com\\\/#organization\",\"name\":\"Dumoulin Bicyclettes\",\"url\":\"https:\\\/\\\/www.dumoulinbicyclettes.com\\\/\",\"logo\":{\"@type\":\"ImageObject\",\"inLanguage\":\"en-US\",\"@id\":\"https:\\\/\\\/www.dumoulinbicyclettes.com\\\/#\\\/schema\\\/logo\\\/image\\\/\",\"url\":\"https:\\\/\\\/www.dumoulinbicyclettes.com\\\/wp-content\\\/uploads\\\/2021\\\/04\\\/Logo.svg\",\"contentUrl\":\"https:\\\/\\\/www.dumoulinbicyclettes.com\\\/wp-content\\\/uploads\\\/2021\\\/04\\\/Logo.svg\",\"width\":254,\"height\":86,\"caption\":\"Dumoulin Bicyclettes\"},\"image\":{\"@id\":\"https:\\\/\\\/www.dumoulinbicyclettes.com\\\/#\\\/schema\\\/logo\\\/image\\\/\"},\"sameAs\":[\"https:\\\/\\\/www.facebook.com\\\/dumoulinbicyclettes\",\"https:\\\/\\\/www.instagram.com\\\/dumoulin.ca\\\/\",\"https:\\\/\\\/www.youtube.com\\\/user\\\/dumoulinbicyclettes\"]}]}<\/script>\n<!-- \/ Yoast SEO plugin. -->","yoast_head_json":{"title":"Pare soleil Urban Arrow \"Sun Cover\" - Dumoulin Bicyclettes","description":"Con\u00e7u pour conserver vos enfants au frais et \u00e0 l\u2019aise, le pare-soleil Urban Arrow Family est l\u2019accessoire incontournable de vos trajets estivaux.","robots":{"index":"index","follow":"follow","max-snippet":"max-snippet:-1","max-image-preview":"max-image-preview:large","max-video-preview":"max-video-preview:-1"},"canonical":"https:\/\/www.dumoulinbicyclettes.com\/produit\/urban-arrow-pare-soleil-sun-cover\/","og_locale":"en_US","og_type":"article","og_title":"Pare soleil Urban Arrow \"Sun Cover\" - Dumoulin Bicyclettes","og_description":"Con\u00e7u pour conserver vos enfants au frais et \u00e0 l\u2019aise, le pare-soleil Urban Arrow Family est l\u2019accessoire incontournable de vos trajets estivaux.","og_url":"https:\/\/www.dumoulinbicyclettes.com\/produit\/urban-arrow-pare-soleil-sun-cover\/","og_site_name":"Dumoulin Bicyclettes","article_publisher":"https:\/\/www.facebook.com\/dumoulinbicyclettes","article_modified_time":"2025-09-29T23:25:19+00:00","og_image":[{"width":1279,"height":853,"url":"http:\/\/www.dumoulinbicyclettes.com\/wp-content\/uploads\/2024\/11\/velo-cargo-Urban-arrow-family-capote-pare-soleil-sun-cover-canopy-dumoulin-bicyclettes-montreal-quebec.jpg","type":"image\/jpeg"}],"twitter_card":"summary_large_image","twitter_misc":{"Est. reading time":"1 minute"},"schema":{"@context":"https:\/\/schema.org","@graph":[{"@type":"WebPage","@id":"https:\/\/www.dumoulinbicyclettes.com\/produit\/urban-arrow-pare-soleil-sun-cover\/","url":"https:\/\/www.dumoulinbicyclettes.com\/produit\/urban-arrow-pare-soleil-sun-cover\/","name":"Pare soleil Urban Arrow \"Sun Cover\" - Dumoulin Bicyclettes","isPartOf":{"@id":"https:\/\/www.dumoulinbicyclettes.com\/#website"},"primaryImageOfPage":{"@id":"https:\/\/www.dumoulinbicyclettes.com\/produit\/urban-arrow-pare-soleil-sun-cover\/#primaryimage"},"image":{"@id":"https:\/\/www.dumoulinbicyclettes.com\/produit\/urban-arrow-pare-soleil-sun-cover\/#primaryimage"},"thumbnailUrl":"https:\/\/www.dumoulinbicyclettes.com\/wp-content\/uploads\/2024\/11\/velo-cargo-Urban-arrow-family-capote-pare-soleil-sun-cover-canopy-dumoulin-bicyclettes-montreal-quebec.jpg","datePublished":"2024-11-27T19:16:18+00:00","dateModified":"2025-09-29T23:25:19+00:00","description":"Con\u00e7u pour conserver vos enfants au frais et \u00e0 l\u2019aise, le pare-soleil Urban Arrow Family est l\u2019accessoire incontournable de vos trajets estivaux.","breadcrumb":{"@id":"https:\/\/www.dumoulinbicyclettes.com\/produit\/urban-arrow-pare-soleil-sun-cover\/#breadcrumb"},"inLanguage":"en-US","potentialAction":[{"@type":"ReadAction","target":["https:\/\/www.dumoulinbicyclettes.com\/produit\/urban-arrow-pare-soleil-sun-cover\/"]}]},{"@type":"ImageObject","inLanguage":"en-US","@id":"https:\/\/www.dumoulinbicyclettes.com\/produit\/urban-arrow-pare-soleil-sun-cover\/#primaryimage","url":"https:\/\/www.dumoulinbicyclettes.com\/wp-content\/uploads\/2024\/11\/velo-cargo-Urban-arrow-family-capote-pare-soleil-sun-cover-canopy-dumoulin-bicyclettes-montreal-quebec.jpg","contentUrl":"https:\/\/www.dumoulinbicyclettes.com\/wp-content\/uploads\/2024\/11\/velo-cargo-Urban-arrow-family-capote-pare-soleil-sun-cover-canopy-dumoulin-bicyclettes-montreal-quebec.jpg","width":1279,"height":853},{"@type":"BreadcrumbList","@id":"https:\/\/www.dumoulinbicyclettes.com\/produit\/urban-arrow-pare-soleil-sun-cover\/#breadcrumb","itemListElement":[{"@type":"ListItem","position":1,"name":"Home","item":"https:\/\/www.dumoulinbicyclettes.com\/en\/"},{"@type":"ListItem","position":2,"name":"Shop","item":"https:\/\/www.dumoulinbicyclettes.com\/en\/shop\/"},{"@type":"ListItem","position":3,"name":"Pare soleil Urban Arrow \u00ab\u00a0Sun Cover\u00a0\u00bb"}]},{"@type":"WebSite","@id":"https:\/\/www.dumoulinbicyclettes.com\/#website","url":"https:\/\/www.dumoulinbicyclettes.com\/","name":"Dumoulin Bicyclettes","description":"","publisher":{"@id":"https:\/\/www.dumoulinbicyclettes.com\/#organization"},"potentialAction":[{"@type":"SearchAction","target":{"@type":"EntryPoint","urlTemplate":"https:\/\/www.dumoulinbicyclettes.com\/?s={search_term_string}"},"query-input":{"@type":"PropertyValueSpecification","valueRequired":true,"valueName":"search_term_string"}}],"inLanguage":"en-US"},{"@type":"Organization","@id":"https:\/\/www.dumoulinbicyclettes.com\/#organization","name":"Dumoulin Bicyclettes","url":"https:\/\/www.dumoulinbicyclettes.com\/","logo":{"@type":"ImageObject","inLanguage":"en-US","@id":"https:\/\/www.dumoulinbicyclettes.com\/#\/schema\/logo\/image\/","url":"https:\/\/www.dumoulinbicyclettes.com\/wp-content\/uploads\/2021\/04\/Logo.svg","contentUrl":"https:\/\/www.dumoulinbicyclettes.com\/wp-content\/uploads\/2021\/04\/Logo.svg","width":254,"height":86,"caption":"Dumoulin Bicyclettes"},"image":{"@id":"https:\/\/www.dumoulinbicyclettes.com\/#\/schema\/logo\/image\/"},"sameAs":["https:\/\/www.facebook.com\/dumoulinbicyclettes","https:\/\/www.instagram.com\/dumoulin.ca\/","https:\/\/www.youtube.com\/user\/dumoulinbicyclettes"]}]}},"_links":{"self":[{"href":"https:\/\/www.dumoulinbicyclettes.com\/en\/wp-json\/wp\/v2\/product\/496908","targetHints":{"allow":["GET"]}}],"collection":[{"href":"https:\/\/www.dumoulinbicyclettes.com\/en\/wp-json\/wp\/v2\/product"}],"about":[{"href":"https:\/\/www.dumoulinbicyclettes.com\/en\/wp-json\/wp\/v2\/types\/product"}],"wp:featuredmedia":[{"embeddable":true,"href":"https:\/\/www.dumoulinbicyclettes.com\/en\/wp-json\/wp\/v2\/media\/496909"}],"wp:attachment":[{"href":"https:\/\/www.dumoulinbicyclettes.com\/en\/wp-json\/wp\/v2\/media?parent=496908"}],"wp:term":[{"taxonomy":"product_brand","embeddable":true,"href":"https:\/\/www.dumoulinbicyclettes.com\/en\/wp-json\/wp\/v2\/product_brand?post=496908"},{"taxonomy":"product_cat","embeddable":true,"href":"https:\/\/www.dumoulinbicyclettes.com\/en\/wp-json\/wp\/v2\/product_cat?post=496908"},{"taxonomy":"product_tag","embeddable":true,"href":"https:\/\/www.dumoulinbicyclettes.com\/en\/wp-json\/wp\/v2\/product_tag?post=496908"},{"taxonomy":"marque-produit","embeddable":true,"href":"https:\/\/www.dumoulinbicyclettes.com\/en\/wp-json\/wp\/v2\/marque-produit?post=496908"},{"taxonomy":"collection-produit","embeddable":true,"href":"https:\/\/www.dumoulinbicyclettes.com\/en\/wp-json\/wp\/v2\/collection-produit?post=496908"},{"taxonomy":"type-surface-produit","embeddable":true,"href":"https:\/\/www.dumoulinbicyclettes.com\/en\/wp-json\/wp\/v2\/type-surface-produit?post=496908"},{"taxonomy":"type-velo-produit","embeddable":true,"href":"https:\/\/www.dumoulinbicyclettes.com\/en\/wp-json\/wp\/v2\/type-velo-produit?post=496908"},{"taxonomy":"vetement-produit","embeddable":true,"href":"https:\/\/www.dumoulinbicyclettes.com\/en\/wp-json\/wp\/v2\/vetement-produit?post=496908"},{"taxonomy":"thematique-produit","embeddable":true,"href":"https:\/\/www.dumoulinbicyclettes.com\/en\/wp-json\/wp\/v2\/thematique-produit?post=496908"},{"taxonomy":"position-sur-le-v\u00e9lo","embeddable":true,"href":"https:\/\/www.dumoulinbicyclettes.com\/en\/wp-json\/wp\/v2\/position-sur-le-v\u00e9lo?post=496908"}],"curies":[{"name":"wp","href":"https:\/\/api.w.org\/{rel}","templated":true}]}}