{"id":497273,"date":"2024-11-27T17:13:53","date_gmt":"2024-11-27T22:13:53","guid":{"rendered":"http:\/\/www.dumoulinbicyclettes.com\/?post_type=product&#038;p=497273"},"modified":"2025-09-29T19:25:38","modified_gmt":"2025-09-29T23:25:38","slug":"tern-tail-hitch-l-adaptateur-remorque-gsd","status":"publish","type":"product","link":"https:\/\/www.dumoulinbicyclettes.com\/en\/product\/tern-tail-hitch-l-adaptateur-remorque-gsd\/","title":{"rendered":"Adaptateur remorque &#8220;Tail Hitch L&#8221; pour GSD"},"content":{"rendered":"<p>Gr\u00e2ce au &#8220;Tail Hitch L&#8221; vous pouvez fixer une remorque \u00e0 l&#8217;arri\u00e8re de votre GSD Gen 2 tout en continuant \u00e0 utiliser vos sacoches ou vos accessoires. Ainsi, vous pouvez emmener toute votre famille en voyage avec tout ce que vous voulez.<\/p>\n","protected":false},"excerpt":{"rendered":"<p>Gr\u00e2ce au &#8220;Tail Hitch L&#8221; vous pouvez fixer une remorque \u00e0 l&#8217;arri\u00e8re de votre GSD Gen 2 tout en continuant \u00e0 utiliser vos sacoches ou vos accessoires. Ainsi, vous pouvez emmener toute votre famille en voyage avec tout ce que vous voulez.<\/p>\n","protected":false},"featured_media":497274,"template":"","meta":{"_acf_changed":false},"product_brand":[],"product_cat":[183,2509],"product_tag":[3185,2204,3186],"marque-produit":[154],"collection-produit":[],"type-surface-produit":[],"type-velo-produit":[],"vetement-produit":[],"thematique-produit":[],"position-sur-le-v\u00e9lo":[],"class_list":{"0":"post-497273","1":"product","2":"type-product","3":"status-publish","4":"has-post-thumbnail","6":"product_cat-accessoires-pour-velo-cargo","7":"product_cat-tern","8":"product_tag-adaptateur-remorque","9":"product_tag-gsd","10":"product_tag-tail-hitch-l","11":"marque-produit-tern","13":"first","14":"instock","15":"taxable","16":"shipping-taxable","17":"purchasable","18":"product-type-simple"},"acf":[],"yoast_head":"<!-- This site is optimized with the Yoast SEO plugin v27.3 - https:\/\/yoast.com\/product\/yoast-seo-wordpress\/ -->\n<title>Adaptateur remorque &quot;Tail Hitch L&quot; pour GSD - Dumoulin Bicyclettes<\/title>\n<meta name=\"description\" content=\"Gr\u00e2ce au &quot;Tail Hitch L&quot; de Tern vous pouvez fixer une remorque \u00e0 l&#039;arri\u00e8re de votre GSD Gen 2 tout en continuant \u00e0 utiliser vos sacoches ou vos accessoires.\" \/>\n<meta name=\"robots\" content=\"index, follow, max-snippet:-1, max-image-preview:large, max-video-preview:-1\" \/>\n<link rel=\"canonical\" href=\"https:\/\/www.dumoulinbicyclettes.com\/produit\/tern-tail-hitch-l-adaptateur-remorque-gsd\/\" \/>\n<meta property=\"og:locale\" content=\"en_US\" \/>\n<meta property=\"og:type\" content=\"article\" \/>\n<meta property=\"og:title\" content=\"Adaptateur remorque &quot;Tail Hitch L&quot; pour GSD - Dumoulin Bicyclettes\" \/>\n<meta property=\"og:description\" content=\"Gr\u00e2ce au &quot;Tail Hitch L&quot; de Tern vous pouvez fixer une remorque \u00e0 l&#039;arri\u00e8re de votre GSD Gen 2 tout en continuant \u00e0 utiliser vos sacoches ou vos accessoires.\" \/>\n<meta property=\"og:url\" content=\"https:\/\/www.dumoulinbicyclettes.com\/produit\/tern-tail-hitch-l-adaptateur-remorque-gsd\/\" \/>\n<meta property=\"og:site_name\" content=\"Dumoulin Bicyclettes\" \/>\n<meta property=\"article:publisher\" content=\"https:\/\/www.facebook.com\/dumoulinbicyclettes\" \/>\n<meta property=\"article:modified_time\" content=\"2025-09-29T23:25:38+00:00\" \/>\n<meta property=\"og:image\" content=\"http:\/\/www.dumoulinbicyclettes.com\/wp-content\/uploads\/2024\/11\/Tern-Tail-Hitch-L-dumoulin-bicyclettes-montreal-2.webp\" \/>\n\t<meta property=\"og:image:width\" content=\"960\" \/>\n\t<meta property=\"og:image:height\" content=\"640\" \/>\n\t<meta property=\"og:image:type\" content=\"image\/webp\" \/>\n<meta name=\"twitter:card\" content=\"summary_large_image\" \/>\n<meta name=\"twitter:label1\" content=\"Est. reading time\" \/>\n\t<meta name=\"twitter:data1\" content=\"1 minute\" \/>\n<script type=\"application\/ld+json\" class=\"yoast-schema-graph\">{\"@context\":\"https:\\\/\\\/schema.org\",\"@graph\":[{\"@type\":\"WebPage\",\"@id\":\"https:\\\/\\\/www.dumoulinbicyclettes.com\\\/produit\\\/tern-tail-hitch-l-adaptateur-remorque-gsd\\\/\",\"url\":\"https:\\\/\\\/www.dumoulinbicyclettes.com\\\/produit\\\/tern-tail-hitch-l-adaptateur-remorque-gsd\\\/\",\"name\":\"Adaptateur remorque \\\"Tail Hitch L\\\" pour GSD - Dumoulin Bicyclettes\",\"isPartOf\":{\"@id\":\"https:\\\/\\\/www.dumoulinbicyclettes.com\\\/#website\"},\"primaryImageOfPage\":{\"@id\":\"https:\\\/\\\/www.dumoulinbicyclettes.com\\\/produit\\\/tern-tail-hitch-l-adaptateur-remorque-gsd\\\/#primaryimage\"},\"image\":{\"@id\":\"https:\\\/\\\/www.dumoulinbicyclettes.com\\\/produit\\\/tern-tail-hitch-l-adaptateur-remorque-gsd\\\/#primaryimage\"},\"thumbnailUrl\":\"https:\\\/\\\/www.dumoulinbicyclettes.com\\\/wp-content\\\/uploads\\\/2024\\\/11\\\/Tern-Tail-Hitch-L-dumoulin-bicyclettes-montreal-2.webp\",\"datePublished\":\"2024-11-27T22:13:53+00:00\",\"dateModified\":\"2025-09-29T23:25:38+00:00\",\"description\":\"Gr\u00e2ce au \\\"Tail Hitch L\\\" de Tern vous pouvez fixer une remorque \u00e0 l'arri\u00e8re de votre GSD Gen 2 tout en continuant \u00e0 utiliser vos sacoches ou vos accessoires.\",\"breadcrumb\":{\"@id\":\"https:\\\/\\\/www.dumoulinbicyclettes.com\\\/produit\\\/tern-tail-hitch-l-adaptateur-remorque-gsd\\\/#breadcrumb\"},\"inLanguage\":\"en-US\",\"potentialAction\":[{\"@type\":\"ReadAction\",\"target\":[\"https:\\\/\\\/www.dumoulinbicyclettes.com\\\/produit\\\/tern-tail-hitch-l-adaptateur-remorque-gsd\\\/\"]}]},{\"@type\":\"ImageObject\",\"inLanguage\":\"en-US\",\"@id\":\"https:\\\/\\\/www.dumoulinbicyclettes.com\\\/produit\\\/tern-tail-hitch-l-adaptateur-remorque-gsd\\\/#primaryimage\",\"url\":\"https:\\\/\\\/www.dumoulinbicyclettes.com\\\/wp-content\\\/uploads\\\/2024\\\/11\\\/Tern-Tail-Hitch-L-dumoulin-bicyclettes-montreal-2.webp\",\"contentUrl\":\"https:\\\/\\\/www.dumoulinbicyclettes.com\\\/wp-content\\\/uploads\\\/2024\\\/11\\\/Tern-Tail-Hitch-L-dumoulin-bicyclettes-montreal-2.webp\",\"width\":960,\"height\":640},{\"@type\":\"BreadcrumbList\",\"@id\":\"https:\\\/\\\/www.dumoulinbicyclettes.com\\\/produit\\\/tern-tail-hitch-l-adaptateur-remorque-gsd\\\/#breadcrumb\",\"itemListElement\":[{\"@type\":\"ListItem\",\"position\":1,\"name\":\"Home\",\"item\":\"https:\\\/\\\/www.dumoulinbicyclettes.com\\\/en\\\/\"},{\"@type\":\"ListItem\",\"position\":2,\"name\":\"Shop\",\"item\":\"https:\\\/\\\/www.dumoulinbicyclettes.com\\\/en\\\/shop\\\/\"},{\"@type\":\"ListItem\",\"position\":3,\"name\":\"Adaptateur remorque &#8220;Tail Hitch L&#8221; pour GSD\"}]},{\"@type\":\"WebSite\",\"@id\":\"https:\\\/\\\/www.dumoulinbicyclettes.com\\\/#website\",\"url\":\"https:\\\/\\\/www.dumoulinbicyclettes.com\\\/\",\"name\":\"Dumoulin Bicyclettes\",\"description\":\"\",\"publisher\":{\"@id\":\"https:\\\/\\\/www.dumoulinbicyclettes.com\\\/#organization\"},\"potentialAction\":[{\"@type\":\"SearchAction\",\"target\":{\"@type\":\"EntryPoint\",\"urlTemplate\":\"https:\\\/\\\/www.dumoulinbicyclettes.com\\\/?s={search_term_string}\"},\"query-input\":{\"@type\":\"PropertyValueSpecification\",\"valueRequired\":true,\"valueName\":\"search_term_string\"}}],\"inLanguage\":\"en-US\"},{\"@type\":\"Organization\",\"@id\":\"https:\\\/\\\/www.dumoulinbicyclettes.com\\\/#organization\",\"name\":\"Dumoulin Bicyclettes\",\"url\":\"https:\\\/\\\/www.dumoulinbicyclettes.com\\\/\",\"logo\":{\"@type\":\"ImageObject\",\"inLanguage\":\"en-US\",\"@id\":\"https:\\\/\\\/www.dumoulinbicyclettes.com\\\/#\\\/schema\\\/logo\\\/image\\\/\",\"url\":\"https:\\\/\\\/www.dumoulinbicyclettes.com\\\/wp-content\\\/uploads\\\/2021\\\/04\\\/Logo.svg\",\"contentUrl\":\"https:\\\/\\\/www.dumoulinbicyclettes.com\\\/wp-content\\\/uploads\\\/2021\\\/04\\\/Logo.svg\",\"width\":254,\"height\":86,\"caption\":\"Dumoulin Bicyclettes\"},\"image\":{\"@id\":\"https:\\\/\\\/www.dumoulinbicyclettes.com\\\/#\\\/schema\\\/logo\\\/image\\\/\"},\"sameAs\":[\"https:\\\/\\\/www.facebook.com\\\/dumoulinbicyclettes\",\"https:\\\/\\\/www.instagram.com\\\/dumoulin.ca\\\/\",\"https:\\\/\\\/www.youtube.com\\\/user\\\/dumoulinbicyclettes\"]}]}<\/script>\n<!-- \/ Yoast SEO plugin. -->","yoast_head_json":{"title":"Adaptateur remorque \"Tail Hitch L\" pour GSD - Dumoulin Bicyclettes","description":"Gr\u00e2ce au \"Tail Hitch L\" de Tern vous pouvez fixer une remorque \u00e0 l'arri\u00e8re de votre GSD Gen 2 tout en continuant \u00e0 utiliser vos sacoches ou vos accessoires.","robots":{"index":"index","follow":"follow","max-snippet":"max-snippet:-1","max-image-preview":"max-image-preview:large","max-video-preview":"max-video-preview:-1"},"canonical":"https:\/\/www.dumoulinbicyclettes.com\/produit\/tern-tail-hitch-l-adaptateur-remorque-gsd\/","og_locale":"en_US","og_type":"article","og_title":"Adaptateur remorque \"Tail Hitch L\" pour GSD - Dumoulin Bicyclettes","og_description":"Gr\u00e2ce au \"Tail Hitch L\" de Tern vous pouvez fixer une remorque \u00e0 l'arri\u00e8re de votre GSD Gen 2 tout en continuant \u00e0 utiliser vos sacoches ou vos accessoires.","og_url":"https:\/\/www.dumoulinbicyclettes.com\/produit\/tern-tail-hitch-l-adaptateur-remorque-gsd\/","og_site_name":"Dumoulin Bicyclettes","article_publisher":"https:\/\/www.facebook.com\/dumoulinbicyclettes","article_modified_time":"2025-09-29T23:25:38+00:00","og_image":[{"width":960,"height":640,"url":"http:\/\/www.dumoulinbicyclettes.com\/wp-content\/uploads\/2024\/11\/Tern-Tail-Hitch-L-dumoulin-bicyclettes-montreal-2.webp","type":"image\/webp"}],"twitter_card":"summary_large_image","twitter_misc":{"Est. reading time":"1 minute"},"schema":{"@context":"https:\/\/schema.org","@graph":[{"@type":"WebPage","@id":"https:\/\/www.dumoulinbicyclettes.com\/produit\/tern-tail-hitch-l-adaptateur-remorque-gsd\/","url":"https:\/\/www.dumoulinbicyclettes.com\/produit\/tern-tail-hitch-l-adaptateur-remorque-gsd\/","name":"Adaptateur remorque \"Tail Hitch L\" pour GSD - Dumoulin Bicyclettes","isPartOf":{"@id":"https:\/\/www.dumoulinbicyclettes.com\/#website"},"primaryImageOfPage":{"@id":"https:\/\/www.dumoulinbicyclettes.com\/produit\/tern-tail-hitch-l-adaptateur-remorque-gsd\/#primaryimage"},"image":{"@id":"https:\/\/www.dumoulinbicyclettes.com\/produit\/tern-tail-hitch-l-adaptateur-remorque-gsd\/#primaryimage"},"thumbnailUrl":"https:\/\/www.dumoulinbicyclettes.com\/wp-content\/uploads\/2024\/11\/Tern-Tail-Hitch-L-dumoulin-bicyclettes-montreal-2.webp","datePublished":"2024-11-27T22:13:53+00:00","dateModified":"2025-09-29T23:25:38+00:00","description":"Gr\u00e2ce au \"Tail Hitch L\" de Tern vous pouvez fixer une remorque \u00e0 l'arri\u00e8re de votre GSD Gen 2 tout en continuant \u00e0 utiliser vos sacoches ou vos accessoires.","breadcrumb":{"@id":"https:\/\/www.dumoulinbicyclettes.com\/produit\/tern-tail-hitch-l-adaptateur-remorque-gsd\/#breadcrumb"},"inLanguage":"en-US","potentialAction":[{"@type":"ReadAction","target":["https:\/\/www.dumoulinbicyclettes.com\/produit\/tern-tail-hitch-l-adaptateur-remorque-gsd\/"]}]},{"@type":"ImageObject","inLanguage":"en-US","@id":"https:\/\/www.dumoulinbicyclettes.com\/produit\/tern-tail-hitch-l-adaptateur-remorque-gsd\/#primaryimage","url":"https:\/\/www.dumoulinbicyclettes.com\/wp-content\/uploads\/2024\/11\/Tern-Tail-Hitch-L-dumoulin-bicyclettes-montreal-2.webp","contentUrl":"https:\/\/www.dumoulinbicyclettes.com\/wp-content\/uploads\/2024\/11\/Tern-Tail-Hitch-L-dumoulin-bicyclettes-montreal-2.webp","width":960,"height":640},{"@type":"BreadcrumbList","@id":"https:\/\/www.dumoulinbicyclettes.com\/produit\/tern-tail-hitch-l-adaptateur-remorque-gsd\/#breadcrumb","itemListElement":[{"@type":"ListItem","position":1,"name":"Home","item":"https:\/\/www.dumoulinbicyclettes.com\/en\/"},{"@type":"ListItem","position":2,"name":"Shop","item":"https:\/\/www.dumoulinbicyclettes.com\/en\/shop\/"},{"@type":"ListItem","position":3,"name":"Adaptateur remorque &#8220;Tail Hitch L&#8221; pour GSD"}]},{"@type":"WebSite","@id":"https:\/\/www.dumoulinbicyclettes.com\/#website","url":"https:\/\/www.dumoulinbicyclettes.com\/","name":"Dumoulin Bicyclettes","description":"","publisher":{"@id":"https:\/\/www.dumoulinbicyclettes.com\/#organization"},"potentialAction":[{"@type":"SearchAction","target":{"@type":"EntryPoint","urlTemplate":"https:\/\/www.dumoulinbicyclettes.com\/?s={search_term_string}"},"query-input":{"@type":"PropertyValueSpecification","valueRequired":true,"valueName":"search_term_string"}}],"inLanguage":"en-US"},{"@type":"Organization","@id":"https:\/\/www.dumoulinbicyclettes.com\/#organization","name":"Dumoulin Bicyclettes","url":"https:\/\/www.dumoulinbicyclettes.com\/","logo":{"@type":"ImageObject","inLanguage":"en-US","@id":"https:\/\/www.dumoulinbicyclettes.com\/#\/schema\/logo\/image\/","url":"https:\/\/www.dumoulinbicyclettes.com\/wp-content\/uploads\/2021\/04\/Logo.svg","contentUrl":"https:\/\/www.dumoulinbicyclettes.com\/wp-content\/uploads\/2021\/04\/Logo.svg","width":254,"height":86,"caption":"Dumoulin Bicyclettes"},"image":{"@id":"https:\/\/www.dumoulinbicyclettes.com\/#\/schema\/logo\/image\/"},"sameAs":["https:\/\/www.facebook.com\/dumoulinbicyclettes","https:\/\/www.instagram.com\/dumoulin.ca\/","https:\/\/www.youtube.com\/user\/dumoulinbicyclettes"]}]}},"_links":{"self":[{"href":"https:\/\/www.dumoulinbicyclettes.com\/en\/wp-json\/wp\/v2\/product\/497273","targetHints":{"allow":["GET"]}}],"collection":[{"href":"https:\/\/www.dumoulinbicyclettes.com\/en\/wp-json\/wp\/v2\/product"}],"about":[{"href":"https:\/\/www.dumoulinbicyclettes.com\/en\/wp-json\/wp\/v2\/types\/product"}],"wp:featuredmedia":[{"embeddable":true,"href":"https:\/\/www.dumoulinbicyclettes.com\/en\/wp-json\/wp\/v2\/media\/497274"}],"wp:attachment":[{"href":"https:\/\/www.dumoulinbicyclettes.com\/en\/wp-json\/wp\/v2\/media?parent=497273"}],"wp:term":[{"taxonomy":"product_brand","embeddable":true,"href":"https:\/\/www.dumoulinbicyclettes.com\/en\/wp-json\/wp\/v2\/product_brand?post=497273"},{"taxonomy":"product_cat","embeddable":true,"href":"https:\/\/www.dumoulinbicyclettes.com\/en\/wp-json\/wp\/v2\/product_cat?post=497273"},{"taxonomy":"product_tag","embeddable":true,"href":"https:\/\/www.dumoulinbicyclettes.com\/en\/wp-json\/wp\/v2\/product_tag?post=497273"},{"taxonomy":"marque-produit","embeddable":true,"href":"https:\/\/www.dumoulinbicyclettes.com\/en\/wp-json\/wp\/v2\/marque-produit?post=497273"},{"taxonomy":"collection-produit","embeddable":true,"href":"https:\/\/www.dumoulinbicyclettes.com\/en\/wp-json\/wp\/v2\/collection-produit?post=497273"},{"taxonomy":"type-surface-produit","embeddable":true,"href":"https:\/\/www.dumoulinbicyclettes.com\/en\/wp-json\/wp\/v2\/type-surface-produit?post=497273"},{"taxonomy":"type-velo-produit","embeddable":true,"href":"https:\/\/www.dumoulinbicyclettes.com\/en\/wp-json\/wp\/v2\/type-velo-produit?post=497273"},{"taxonomy":"vetement-produit","embeddable":true,"href":"https:\/\/www.dumoulinbicyclettes.com\/en\/wp-json\/wp\/v2\/vetement-produit?post=497273"},{"taxonomy":"thematique-produit","embeddable":true,"href":"https:\/\/www.dumoulinbicyclettes.com\/en\/wp-json\/wp\/v2\/thematique-produit?post=497273"},{"taxonomy":"position-sur-le-v\u00e9lo","embeddable":true,"href":"https:\/\/www.dumoulinbicyclettes.com\/en\/wp-json\/wp\/v2\/position-sur-le-v\u00e9lo?post=497273"}],"curies":[{"name":"wp","href":"https:\/\/api.w.org\/{rel}","templated":true}]}}