{"id":506418,"date":"2024-12-06T16:15:19","date_gmt":"2024-12-06T21:15:19","guid":{"rendered":"http:\/\/www.dumoulinbicyclettes.com\/?post_type=product&#038;p=506418"},"modified":"2025-09-29T19:15:30","modified_gmt":"2025-09-29T23:15:30","slug":"lumiere-avant-buschmuller-lumotec-iq-xs-velo-electriquenoire","status":"publish","type":"product","link":"https:\/\/www.dumoulinbicyclettes.com\/en\/product\/lumiere-avant-buschmuller-lumotec-iq-xs-velo-electriquenoire\/","title":{"rendered":"Lumi\u00e8re avant Busch&#038;Muller Lumotec IQ-XS-E (pour v\u00e9lo \u00e9lectrique)"},"content":{"rendered":"<p>La lumi\u00e8re avant Busch &amp; Muller Lumotec IQ-XS-E se distingue par sa compacit\u00e9 et son design \u00e9l\u00e9gant. Cette lampe de haute qualit\u00e9 pour votre v\u00e9lo \u00e9lectrique d\u00e9livre une puissance de 70 lumens.<\/p>\n","protected":false},"excerpt":{"rendered":"<p>La lumi\u00e8re avant Busch &amp; Muller Lumotec IQ-XS-E se distingue par sa compacit\u00e9 et son design \u00e9l\u00e9gant. Cette lampe de haute qualit\u00e9 pour votre v\u00e9lo \u00e9lectrique d\u00e9livre une puissance de 70 lumens.<\/p>\n","protected":false},"featured_media":506419,"template":"","meta":{"_acf_changed":false},"product_brand":[],"product_cat":[211,208,192],"product_tag":[2486,3236,3038,3204,3206,3244],"marque-produit":[1386],"collection-produit":[],"type-surface-produit":[],"type-velo-produit":[],"vetement-produit":[],"thematique-produit":[],"position-sur-le-v\u00e9lo":[],"class_list":{"0":"post-506418","1":"product","2":"type-product","3":"status-publish","4":"has-post-thumbnail","6":"product_cat-avant","7":"product_cat-lumieres-de-velo","8":"product_cat-visibilite","9":"product_tag-buschmuller","10":"product_tag-feu","11":"product_tag-iq-xs","12":"product_tag-lampe","13":"product_tag-lumiere-avant","14":"product_tag-lumotec","15":"marque-produit-buschmuller","17":"first","18":"instock","19":"taxable","20":"shipping-taxable","21":"purchasable","22":"product-type-simple"},"acf":[],"yoast_head":"<!-- This site is optimized with the Yoast SEO plugin v27.3 - https:\/\/yoast.com\/product\/yoast-seo-wordpress\/ -->\n<title>Lumi\u00e8re avant Busch&amp;Muller Lumotec IQ-XS-E (pour v\u00e9lo \u00e9lectrique) - Dumoulin Bicyclettes<\/title>\n<meta name=\"description\" content=\"La lumi\u00e8re avant Busch &amp; Muller Lumotec IQ-XS est une lampe de haute qualit\u00e9 pour votre v\u00e9lo \u00e9lectrique d\u00e9livrant une puissance de 70 lumens.\" \/>\n<meta name=\"robots\" content=\"index, follow, max-snippet:-1, max-image-preview:large, max-video-preview:-1\" \/>\n<link rel=\"canonical\" href=\"https:\/\/www.dumoulinbicyclettes.com\/produit\/lumiere-avant-buschmuller-lumotec-iq-xs-velo-electriquenoire\/\" \/>\n<meta property=\"og:locale\" content=\"en_US\" \/>\n<meta property=\"og:type\" content=\"article\" \/>\n<meta property=\"og:title\" content=\"Lumi\u00e8re avant Busch&amp;Muller Lumotec IQ-XS-E (pour v\u00e9lo \u00e9lectrique) - Dumoulin Bicyclettes\" \/>\n<meta property=\"og:description\" content=\"La lumi\u00e8re avant Busch &amp; Muller Lumotec IQ-XS est une lampe de haute qualit\u00e9 pour votre v\u00e9lo \u00e9lectrique d\u00e9livrant une puissance de 70 lumens.\" \/>\n<meta property=\"og:url\" content=\"https:\/\/www.dumoulinbicyclettes.com\/produit\/lumiere-avant-buschmuller-lumotec-iq-xs-velo-electriquenoire\/\" \/>\n<meta property=\"og:site_name\" content=\"Dumoulin Bicyclettes\" \/>\n<meta property=\"article:publisher\" content=\"https:\/\/www.facebook.com\/dumoulinbicyclettes\" \/>\n<meta property=\"article:modified_time\" content=\"2025-09-29T23:15:30+00:00\" \/>\n<meta property=\"og:image\" content=\"http:\/\/www.dumoulinbicyclettes.com\/wp-content\/uploads\/2024\/12\/busch-muller-lumotec-iq-xs-high-beam-e-bike-led-front-light-167hru65-01-904196.jpg\" \/>\n\t<meta property=\"og:image:width\" content=\"750\" \/>\n\t<meta property=\"og:image:height\" content=\"750\" \/>\n\t<meta property=\"og:image:type\" content=\"image\/jpeg\" \/>\n<meta name=\"twitter:card\" content=\"summary_large_image\" \/>\n<meta name=\"twitter:label1\" content=\"Est. reading time\" \/>\n\t<meta name=\"twitter:data1\" content=\"1 minute\" \/>\n<script type=\"application\/ld+json\" class=\"yoast-schema-graph\">{\"@context\":\"https:\\\/\\\/schema.org\",\"@graph\":[{\"@type\":\"WebPage\",\"@id\":\"https:\\\/\\\/www.dumoulinbicyclettes.com\\\/produit\\\/lumiere-avant-buschmuller-lumotec-iq-xs-velo-electriquenoire\\\/\",\"url\":\"https:\\\/\\\/www.dumoulinbicyclettes.com\\\/produit\\\/lumiere-avant-buschmuller-lumotec-iq-xs-velo-electriquenoire\\\/\",\"name\":\"Lumi\u00e8re avant Busch&Muller Lumotec IQ-XS-E (pour v\u00e9lo \u00e9lectrique) - Dumoulin Bicyclettes\",\"isPartOf\":{\"@id\":\"https:\\\/\\\/www.dumoulinbicyclettes.com\\\/#website\"},\"primaryImageOfPage\":{\"@id\":\"https:\\\/\\\/www.dumoulinbicyclettes.com\\\/produit\\\/lumiere-avant-buschmuller-lumotec-iq-xs-velo-electriquenoire\\\/#primaryimage\"},\"image\":{\"@id\":\"https:\\\/\\\/www.dumoulinbicyclettes.com\\\/produit\\\/lumiere-avant-buschmuller-lumotec-iq-xs-velo-electriquenoire\\\/#primaryimage\"},\"thumbnailUrl\":\"https:\\\/\\\/www.dumoulinbicyclettes.com\\\/wp-content\\\/uploads\\\/2024\\\/12\\\/busch-muller-lumotec-iq-xs-high-beam-e-bike-led-front-light-167hru65-01-904196.jpg\",\"datePublished\":\"2024-12-06T21:15:19+00:00\",\"dateModified\":\"2025-09-29T23:15:30+00:00\",\"description\":\"La lumi\u00e8re avant Busch & Muller Lumotec IQ-XS est une lampe de haute qualit\u00e9 pour votre v\u00e9lo \u00e9lectrique d\u00e9livrant une puissance de 70 lumens.\",\"breadcrumb\":{\"@id\":\"https:\\\/\\\/www.dumoulinbicyclettes.com\\\/produit\\\/lumiere-avant-buschmuller-lumotec-iq-xs-velo-electriquenoire\\\/#breadcrumb\"},\"inLanguage\":\"en-US\",\"potentialAction\":[{\"@type\":\"ReadAction\",\"target\":[\"https:\\\/\\\/www.dumoulinbicyclettes.com\\\/produit\\\/lumiere-avant-buschmuller-lumotec-iq-xs-velo-electriquenoire\\\/\"]}]},{\"@type\":\"ImageObject\",\"inLanguage\":\"en-US\",\"@id\":\"https:\\\/\\\/www.dumoulinbicyclettes.com\\\/produit\\\/lumiere-avant-buschmuller-lumotec-iq-xs-velo-electriquenoire\\\/#primaryimage\",\"url\":\"https:\\\/\\\/www.dumoulinbicyclettes.com\\\/wp-content\\\/uploads\\\/2024\\\/12\\\/busch-muller-lumotec-iq-xs-high-beam-e-bike-led-front-light-167hru65-01-904196.jpg\",\"contentUrl\":\"https:\\\/\\\/www.dumoulinbicyclettes.com\\\/wp-content\\\/uploads\\\/2024\\\/12\\\/busch-muller-lumotec-iq-xs-high-beam-e-bike-led-front-light-167hru65-01-904196.jpg\",\"width\":750,\"height\":750},{\"@type\":\"BreadcrumbList\",\"@id\":\"https:\\\/\\\/www.dumoulinbicyclettes.com\\\/produit\\\/lumiere-avant-buschmuller-lumotec-iq-xs-velo-electriquenoire\\\/#breadcrumb\",\"itemListElement\":[{\"@type\":\"ListItem\",\"position\":1,\"name\":\"Home\",\"item\":\"https:\\\/\\\/www.dumoulinbicyclettes.com\\\/en\\\/\"},{\"@type\":\"ListItem\",\"position\":2,\"name\":\"Shop\",\"item\":\"https:\\\/\\\/www.dumoulinbicyclettes.com\\\/en\\\/shop\\\/\"},{\"@type\":\"ListItem\",\"position\":3,\"name\":\"Lumi\u00e8re avant Busch&#038;Muller Lumotec IQ-XS-E (pour v\u00e9lo \u00e9lectrique)\"}]},{\"@type\":\"WebSite\",\"@id\":\"https:\\\/\\\/www.dumoulinbicyclettes.com\\\/#website\",\"url\":\"https:\\\/\\\/www.dumoulinbicyclettes.com\\\/\",\"name\":\"Dumoulin Bicyclettes\",\"description\":\"\",\"publisher\":{\"@id\":\"https:\\\/\\\/www.dumoulinbicyclettes.com\\\/#organization\"},\"potentialAction\":[{\"@type\":\"SearchAction\",\"target\":{\"@type\":\"EntryPoint\",\"urlTemplate\":\"https:\\\/\\\/www.dumoulinbicyclettes.com\\\/?s={search_term_string}\"},\"query-input\":{\"@type\":\"PropertyValueSpecification\",\"valueRequired\":true,\"valueName\":\"search_term_string\"}}],\"inLanguage\":\"en-US\"},{\"@type\":\"Organization\",\"@id\":\"https:\\\/\\\/www.dumoulinbicyclettes.com\\\/#organization\",\"name\":\"Dumoulin Bicyclettes\",\"url\":\"https:\\\/\\\/www.dumoulinbicyclettes.com\\\/\",\"logo\":{\"@type\":\"ImageObject\",\"inLanguage\":\"en-US\",\"@id\":\"https:\\\/\\\/www.dumoulinbicyclettes.com\\\/#\\\/schema\\\/logo\\\/image\\\/\",\"url\":\"https:\\\/\\\/www.dumoulinbicyclettes.com\\\/wp-content\\\/uploads\\\/2021\\\/04\\\/Logo.svg\",\"contentUrl\":\"https:\\\/\\\/www.dumoulinbicyclettes.com\\\/wp-content\\\/uploads\\\/2021\\\/04\\\/Logo.svg\",\"width\":254,\"height\":86,\"caption\":\"Dumoulin Bicyclettes\"},\"image\":{\"@id\":\"https:\\\/\\\/www.dumoulinbicyclettes.com\\\/#\\\/schema\\\/logo\\\/image\\\/\"},\"sameAs\":[\"https:\\\/\\\/www.facebook.com\\\/dumoulinbicyclettes\",\"https:\\\/\\\/www.instagram.com\\\/dumoulin.ca\\\/\",\"https:\\\/\\\/www.youtube.com\\\/user\\\/dumoulinbicyclettes\"]}]}<\/script>\n<!-- \/ Yoast SEO plugin. -->","yoast_head_json":{"title":"Lumi\u00e8re avant Busch&Muller Lumotec IQ-XS-E (pour v\u00e9lo \u00e9lectrique) - Dumoulin Bicyclettes","description":"La lumi\u00e8re avant Busch & Muller Lumotec IQ-XS est une lampe de haute qualit\u00e9 pour votre v\u00e9lo \u00e9lectrique d\u00e9livrant une puissance de 70 lumens.","robots":{"index":"index","follow":"follow","max-snippet":"max-snippet:-1","max-image-preview":"max-image-preview:large","max-video-preview":"max-video-preview:-1"},"canonical":"https:\/\/www.dumoulinbicyclettes.com\/produit\/lumiere-avant-buschmuller-lumotec-iq-xs-velo-electriquenoire\/","og_locale":"en_US","og_type":"article","og_title":"Lumi\u00e8re avant Busch&Muller Lumotec IQ-XS-E (pour v\u00e9lo \u00e9lectrique) - Dumoulin Bicyclettes","og_description":"La lumi\u00e8re avant Busch & Muller Lumotec IQ-XS est une lampe de haute qualit\u00e9 pour votre v\u00e9lo \u00e9lectrique d\u00e9livrant une puissance de 70 lumens.","og_url":"https:\/\/www.dumoulinbicyclettes.com\/produit\/lumiere-avant-buschmuller-lumotec-iq-xs-velo-electriquenoire\/","og_site_name":"Dumoulin Bicyclettes","article_publisher":"https:\/\/www.facebook.com\/dumoulinbicyclettes","article_modified_time":"2025-09-29T23:15:30+00:00","og_image":[{"width":750,"height":750,"url":"http:\/\/www.dumoulinbicyclettes.com\/wp-content\/uploads\/2024\/12\/busch-muller-lumotec-iq-xs-high-beam-e-bike-led-front-light-167hru65-01-904196.jpg","type":"image\/jpeg"}],"twitter_card":"summary_large_image","twitter_misc":{"Est. reading time":"1 minute"},"schema":{"@context":"https:\/\/schema.org","@graph":[{"@type":"WebPage","@id":"https:\/\/www.dumoulinbicyclettes.com\/produit\/lumiere-avant-buschmuller-lumotec-iq-xs-velo-electriquenoire\/","url":"https:\/\/www.dumoulinbicyclettes.com\/produit\/lumiere-avant-buschmuller-lumotec-iq-xs-velo-electriquenoire\/","name":"Lumi\u00e8re avant Busch&Muller Lumotec IQ-XS-E (pour v\u00e9lo \u00e9lectrique) - Dumoulin Bicyclettes","isPartOf":{"@id":"https:\/\/www.dumoulinbicyclettes.com\/#website"},"primaryImageOfPage":{"@id":"https:\/\/www.dumoulinbicyclettes.com\/produit\/lumiere-avant-buschmuller-lumotec-iq-xs-velo-electriquenoire\/#primaryimage"},"image":{"@id":"https:\/\/www.dumoulinbicyclettes.com\/produit\/lumiere-avant-buschmuller-lumotec-iq-xs-velo-electriquenoire\/#primaryimage"},"thumbnailUrl":"https:\/\/www.dumoulinbicyclettes.com\/wp-content\/uploads\/2024\/12\/busch-muller-lumotec-iq-xs-high-beam-e-bike-led-front-light-167hru65-01-904196.jpg","datePublished":"2024-12-06T21:15:19+00:00","dateModified":"2025-09-29T23:15:30+00:00","description":"La lumi\u00e8re avant Busch & Muller Lumotec IQ-XS est une lampe de haute qualit\u00e9 pour votre v\u00e9lo \u00e9lectrique d\u00e9livrant une puissance de 70 lumens.","breadcrumb":{"@id":"https:\/\/www.dumoulinbicyclettes.com\/produit\/lumiere-avant-buschmuller-lumotec-iq-xs-velo-electriquenoire\/#breadcrumb"},"inLanguage":"en-US","potentialAction":[{"@type":"ReadAction","target":["https:\/\/www.dumoulinbicyclettes.com\/produit\/lumiere-avant-buschmuller-lumotec-iq-xs-velo-electriquenoire\/"]}]},{"@type":"ImageObject","inLanguage":"en-US","@id":"https:\/\/www.dumoulinbicyclettes.com\/produit\/lumiere-avant-buschmuller-lumotec-iq-xs-velo-electriquenoire\/#primaryimage","url":"https:\/\/www.dumoulinbicyclettes.com\/wp-content\/uploads\/2024\/12\/busch-muller-lumotec-iq-xs-high-beam-e-bike-led-front-light-167hru65-01-904196.jpg","contentUrl":"https:\/\/www.dumoulinbicyclettes.com\/wp-content\/uploads\/2024\/12\/busch-muller-lumotec-iq-xs-high-beam-e-bike-led-front-light-167hru65-01-904196.jpg","width":750,"height":750},{"@type":"BreadcrumbList","@id":"https:\/\/www.dumoulinbicyclettes.com\/produit\/lumiere-avant-buschmuller-lumotec-iq-xs-velo-electriquenoire\/#breadcrumb","itemListElement":[{"@type":"ListItem","position":1,"name":"Home","item":"https:\/\/www.dumoulinbicyclettes.com\/en\/"},{"@type":"ListItem","position":2,"name":"Shop","item":"https:\/\/www.dumoulinbicyclettes.com\/en\/shop\/"},{"@type":"ListItem","position":3,"name":"Lumi\u00e8re avant Busch&#038;Muller Lumotec IQ-XS-E (pour v\u00e9lo \u00e9lectrique)"}]},{"@type":"WebSite","@id":"https:\/\/www.dumoulinbicyclettes.com\/#website","url":"https:\/\/www.dumoulinbicyclettes.com\/","name":"Dumoulin Bicyclettes","description":"","publisher":{"@id":"https:\/\/www.dumoulinbicyclettes.com\/#organization"},"potentialAction":[{"@type":"SearchAction","target":{"@type":"EntryPoint","urlTemplate":"https:\/\/www.dumoulinbicyclettes.com\/?s={search_term_string}"},"query-input":{"@type":"PropertyValueSpecification","valueRequired":true,"valueName":"search_term_string"}}],"inLanguage":"en-US"},{"@type":"Organization","@id":"https:\/\/www.dumoulinbicyclettes.com\/#organization","name":"Dumoulin Bicyclettes","url":"https:\/\/www.dumoulinbicyclettes.com\/","logo":{"@type":"ImageObject","inLanguage":"en-US","@id":"https:\/\/www.dumoulinbicyclettes.com\/#\/schema\/logo\/image\/","url":"https:\/\/www.dumoulinbicyclettes.com\/wp-content\/uploads\/2021\/04\/Logo.svg","contentUrl":"https:\/\/www.dumoulinbicyclettes.com\/wp-content\/uploads\/2021\/04\/Logo.svg","width":254,"height":86,"caption":"Dumoulin Bicyclettes"},"image":{"@id":"https:\/\/www.dumoulinbicyclettes.com\/#\/schema\/logo\/image\/"},"sameAs":["https:\/\/www.facebook.com\/dumoulinbicyclettes","https:\/\/www.instagram.com\/dumoulin.ca\/","https:\/\/www.youtube.com\/user\/dumoulinbicyclettes"]}]}},"_links":{"self":[{"href":"https:\/\/www.dumoulinbicyclettes.com\/en\/wp-json\/wp\/v2\/product\/506418","targetHints":{"allow":["GET"]}}],"collection":[{"href":"https:\/\/www.dumoulinbicyclettes.com\/en\/wp-json\/wp\/v2\/product"}],"about":[{"href":"https:\/\/www.dumoulinbicyclettes.com\/en\/wp-json\/wp\/v2\/types\/product"}],"wp:featuredmedia":[{"embeddable":true,"href":"https:\/\/www.dumoulinbicyclettes.com\/en\/wp-json\/wp\/v2\/media\/506419"}],"wp:attachment":[{"href":"https:\/\/www.dumoulinbicyclettes.com\/en\/wp-json\/wp\/v2\/media?parent=506418"}],"wp:term":[{"taxonomy":"product_brand","embeddable":true,"href":"https:\/\/www.dumoulinbicyclettes.com\/en\/wp-json\/wp\/v2\/product_brand?post=506418"},{"taxonomy":"product_cat","embeddable":true,"href":"https:\/\/www.dumoulinbicyclettes.com\/en\/wp-json\/wp\/v2\/product_cat?post=506418"},{"taxonomy":"product_tag","embeddable":true,"href":"https:\/\/www.dumoulinbicyclettes.com\/en\/wp-json\/wp\/v2\/product_tag?post=506418"},{"taxonomy":"marque-produit","embeddable":true,"href":"https:\/\/www.dumoulinbicyclettes.com\/en\/wp-json\/wp\/v2\/marque-produit?post=506418"},{"taxonomy":"collection-produit","embeddable":true,"href":"https:\/\/www.dumoulinbicyclettes.com\/en\/wp-json\/wp\/v2\/collection-produit?post=506418"},{"taxonomy":"type-surface-produit","embeddable":true,"href":"https:\/\/www.dumoulinbicyclettes.com\/en\/wp-json\/wp\/v2\/type-surface-produit?post=506418"},{"taxonomy":"type-velo-produit","embeddable":true,"href":"https:\/\/www.dumoulinbicyclettes.com\/en\/wp-json\/wp\/v2\/type-velo-produit?post=506418"},{"taxonomy":"vetement-produit","embeddable":true,"href":"https:\/\/www.dumoulinbicyclettes.com\/en\/wp-json\/wp\/v2\/vetement-produit?post=506418"},{"taxonomy":"thematique-produit","embeddable":true,"href":"https:\/\/www.dumoulinbicyclettes.com\/en\/wp-json\/wp\/v2\/thematique-produit?post=506418"},{"taxonomy":"position-sur-le-v\u00e9lo","embeddable":true,"href":"https:\/\/www.dumoulinbicyclettes.com\/en\/wp-json\/wp\/v2\/position-sur-le-v\u00e9lo?post=506418"}],"curies":[{"name":"wp","href":"https:\/\/api.w.org\/{rel}","templated":true}]}}