{"id":538841,"date":"2025-02-03T22:20:59","date_gmt":"2025-02-04T03:20:59","guid":{"rendered":"https:\/\/www.dumoulinbicyclettes.com\/?post_type=product&#038;p=538841"},"modified":"2025-04-22T16:10:40","modified_gmt":"2025-04-22T20:10:40","slug":"riesemuller-multicharger2-mixte","status":"publish","type":"product","link":"https:\/\/www.dumoulinbicyclettes.com\/en\/product\/riesemuller-multicharger2-mixte\/","title":{"rendered":"Riese&#038;M\u00fcller Multicharger2 Mixte"},"content":{"rendered":"<p>Formidable couteau suisse pour cycliste, le Multicharger mixte est un v\u00e9lo \u00e9lectrique super utilitaire et super polyvalent.<\/p>\n<p>Con\u00e7u pour les trajets quotidiens, que vous soyez parent ou pas, il r\u00e9v\u00e8le ses qualit\u00e9s et vous donne envie de partir plus loin.<\/p>\n<p>Machine \u00e0 r\u00eaver et \u00e0 se projeter plus ou moins loin, c&#8217;est un formidable v\u00e9lo, \u00e0 essayer !<\/p>\n<p><a href=\"https:\/\/www.dumoulinbicyclettes.com\/nous-contacter\/\" target=\"_blank\">Contactez-nous<\/a> pour connaitre les disponibilit\u00e9s !<\/p>\n","protected":false},"excerpt":{"rendered":"<p>Formidable couteau suisse pour cycliste, le Multicharger mixte est un v\u00e9lo \u00e9lectrique super utilitaire et super polyvalent. Con\u00e7u pour les trajets quotidiens, que vous soyez parent ou pas, il r\u00e9v\u00e8le ses qualit\u00e9s et vous donne envie de partir plus loin. Machine \u00e0 r\u00eaver et \u00e0 se projeter plus ou moins loin, c&#8217;est un formidable v\u00e9lo, [&hellip;]<\/p>\n","protected":false},"featured_media":268393,"template":"","meta":{"_acf_changed":false},"product_brand":[],"product_cat":[1566,169,165],"product_tag":[2990,2809,2752],"marque-produit":[2747],"collection-produit":[3348,3346],"type-surface-produit":[],"type-velo-produit":[2162],"vetement-produit":[],"thematique-produit":[],"position-sur-le-v\u00e9lo":[],"class_list":{"0":"post-538841","1":"product","2":"type-product","3":"status-publish","4":"has-post-thumbnail","6":"product_cat-cargo","7":"product_cat-transport-denfant","8":"product_cat-velo-electriques","9":"product_tag-mixte","10":"product_tag-multicharger","11":"product_tag-riesemuller","12":"marque-produit-riese-and-muller","13":"collection-produit-longtails","14":"collection-produit-velos-cargo-riesemuller","15":"type-velo-produit-cargo-en","17":"first","18":"onbackorder","19":"taxable","20":"shipping-taxable","21":"purchasable","22":"product-type-variable"},"acf":[],"yoast_head":"<!-- This site is optimized with the Yoast SEO plugin v27.3 - https:\/\/yoast.com\/product\/yoast-seo-wordpress\/ -->\n<title>Riese&amp;M\u00fcller Multicharger Mixte | Montr\u00e9al | Qu\u00e9bec | Dumoulin<\/title>\n<meta name=\"description\" content=\"Le Multicharger Mixte est toute \u00e0 la fois v\u00e9lo pour transporter un enfant, v\u00e9lo de cyclotourisme, v\u00e9lo de d\u00e9placements quotidiens. Une merveille.\" \/>\n<meta name=\"robots\" content=\"index, follow, max-snippet:-1, max-image-preview:large, max-video-preview:-1\" \/>\n<link rel=\"canonical\" href=\"https:\/\/www.dumoulinbicyclettes.com\/produit\/riesemuller-multicharger2-mixte\/\" \/>\n<meta property=\"og:locale\" content=\"en_US\" \/>\n<meta property=\"og:type\" content=\"article\" \/>\n<meta property=\"og:title\" content=\"Riese&amp;M\u00fcller Multicharger Mixte | Montr\u00e9al | Qu\u00e9bec | Dumoulin\" \/>\n<meta property=\"og:description\" content=\"Le Multicharger Mixte est toute \u00e0 la fois v\u00e9lo pour transporter un enfant, v\u00e9lo de cyclotourisme, v\u00e9lo de d\u00e9placements quotidiens. Une merveille.\" \/>\n<meta property=\"og:url\" content=\"https:\/\/www.dumoulinbicyclettes.com\/produit\/riesemuller-multicharger2-mixte\/\" \/>\n<meta property=\"og:site_name\" content=\"Dumoulin Bicyclettes\" \/>\n<meta property=\"article:publisher\" content=\"https:\/\/www.facebook.com\/dumoulinbicyclettes\" \/>\n<meta property=\"article:modified_time\" content=\"2025-04-22T20:10:40+00:00\" \/>\n<meta property=\"og:image\" content=\"http:\/\/www.dumoulinbicyclettes.com\/wp-content\/uploads\/2023\/06\/23-f00809-1004030907-mucha-mixte-gt-roh-47-prlwhi-blk-0079-2-scaled.jpg\" \/>\n\t<meta property=\"og:image:width\" content=\"2560\" \/>\n\t<meta property=\"og:image:height\" content=\"1707\" \/>\n\t<meta property=\"og:image:type\" content=\"image\/jpeg\" \/>\n<meta name=\"twitter:card\" content=\"summary_large_image\" \/>\n<meta name=\"twitter:label1\" content=\"Est. reading time\" \/>\n\t<meta name=\"twitter:data1\" content=\"1 minute\" \/>\n<script type=\"application\/ld+json\" class=\"yoast-schema-graph\">{\"@context\":\"https:\\\/\\\/schema.org\",\"@graph\":[{\"@type\":\"WebPage\",\"@id\":\"https:\\\/\\\/www.dumoulinbicyclettes.com\\\/produit\\\/riesemuller-multicharger2-mixte\\\/\",\"url\":\"https:\\\/\\\/www.dumoulinbicyclettes.com\\\/produit\\\/riesemuller-multicharger2-mixte\\\/\",\"name\":\"Riese&M\u00fcller Multicharger Mixte | Montr\u00e9al | Qu\u00e9bec | Dumoulin\",\"isPartOf\":{\"@id\":\"https:\\\/\\\/www.dumoulinbicyclettes.com\\\/#website\"},\"primaryImageOfPage\":{\"@id\":\"https:\\\/\\\/www.dumoulinbicyclettes.com\\\/produit\\\/riesemuller-multicharger2-mixte\\\/#primaryimage\"},\"image\":{\"@id\":\"https:\\\/\\\/www.dumoulinbicyclettes.com\\\/produit\\\/riesemuller-multicharger2-mixte\\\/#primaryimage\"},\"thumbnailUrl\":\"https:\\\/\\\/www.dumoulinbicyclettes.com\\\/wp-content\\\/uploads\\\/2023\\\/06\\\/23-f00809-1004030907-mucha-mixte-gt-roh-47-prlwhi-blk-0079-2-scaled.jpg\",\"datePublished\":\"2025-02-04T03:20:59+00:00\",\"dateModified\":\"2025-04-22T20:10:40+00:00\",\"description\":\"Le Multicharger Mixte est toute \u00e0 la fois v\u00e9lo pour transporter un enfant, v\u00e9lo de cyclotourisme, v\u00e9lo de d\u00e9placements quotidiens. Une merveille.\",\"breadcrumb\":{\"@id\":\"https:\\\/\\\/www.dumoulinbicyclettes.com\\\/produit\\\/riesemuller-multicharger2-mixte\\\/#breadcrumb\"},\"inLanguage\":\"en-US\",\"potentialAction\":[{\"@type\":\"ReadAction\",\"target\":[\"https:\\\/\\\/www.dumoulinbicyclettes.com\\\/produit\\\/riesemuller-multicharger2-mixte\\\/\"]}]},{\"@type\":\"ImageObject\",\"inLanguage\":\"en-US\",\"@id\":\"https:\\\/\\\/www.dumoulinbicyclettes.com\\\/produit\\\/riesemuller-multicharger2-mixte\\\/#primaryimage\",\"url\":\"https:\\\/\\\/www.dumoulinbicyclettes.com\\\/wp-content\\\/uploads\\\/2023\\\/06\\\/23-f00809-1004030907-mucha-mixte-gt-roh-47-prlwhi-blk-0079-2-scaled.jpg\",\"contentUrl\":\"https:\\\/\\\/www.dumoulinbicyclettes.com\\\/wp-content\\\/uploads\\\/2023\\\/06\\\/23-f00809-1004030907-mucha-mixte-gt-roh-47-prlwhi-blk-0079-2-scaled.jpg\",\"width\":2560,\"height\":1707,\"caption\":\"Riese_and_Muller_Multicharger_Mixte_Vario\"},{\"@type\":\"BreadcrumbList\",\"@id\":\"https:\\\/\\\/www.dumoulinbicyclettes.com\\\/produit\\\/riesemuller-multicharger2-mixte\\\/#breadcrumb\",\"itemListElement\":[{\"@type\":\"ListItem\",\"position\":1,\"name\":\"Home\",\"item\":\"https:\\\/\\\/www.dumoulinbicyclettes.com\\\/en\\\/\"},{\"@type\":\"ListItem\",\"position\":2,\"name\":\"Shop\",\"item\":\"https:\\\/\\\/www.dumoulinbicyclettes.com\\\/en\\\/shop\\\/\"},{\"@type\":\"ListItem\",\"position\":3,\"name\":\"Riese&#038;M\u00fcller Multicharger2 Mixte\"}]},{\"@type\":\"WebSite\",\"@id\":\"https:\\\/\\\/www.dumoulinbicyclettes.com\\\/#website\",\"url\":\"https:\\\/\\\/www.dumoulinbicyclettes.com\\\/\",\"name\":\"Dumoulin Bicyclettes\",\"description\":\"\",\"publisher\":{\"@id\":\"https:\\\/\\\/www.dumoulinbicyclettes.com\\\/#organization\"},\"potentialAction\":[{\"@type\":\"SearchAction\",\"target\":{\"@type\":\"EntryPoint\",\"urlTemplate\":\"https:\\\/\\\/www.dumoulinbicyclettes.com\\\/?s={search_term_string}\"},\"query-input\":{\"@type\":\"PropertyValueSpecification\",\"valueRequired\":true,\"valueName\":\"search_term_string\"}}],\"inLanguage\":\"en-US\"},{\"@type\":\"Organization\",\"@id\":\"https:\\\/\\\/www.dumoulinbicyclettes.com\\\/#organization\",\"name\":\"Dumoulin Bicyclettes\",\"url\":\"https:\\\/\\\/www.dumoulinbicyclettes.com\\\/\",\"logo\":{\"@type\":\"ImageObject\",\"inLanguage\":\"en-US\",\"@id\":\"https:\\\/\\\/www.dumoulinbicyclettes.com\\\/#\\\/schema\\\/logo\\\/image\\\/\",\"url\":\"https:\\\/\\\/www.dumoulinbicyclettes.com\\\/wp-content\\\/uploads\\\/2021\\\/04\\\/Logo.svg\",\"contentUrl\":\"https:\\\/\\\/www.dumoulinbicyclettes.com\\\/wp-content\\\/uploads\\\/2021\\\/04\\\/Logo.svg\",\"width\":254,\"height\":86,\"caption\":\"Dumoulin Bicyclettes\"},\"image\":{\"@id\":\"https:\\\/\\\/www.dumoulinbicyclettes.com\\\/#\\\/schema\\\/logo\\\/image\\\/\"},\"sameAs\":[\"https:\\\/\\\/www.facebook.com\\\/dumoulinbicyclettes\",\"https:\\\/\\\/www.instagram.com\\\/dumoulin.ca\\\/\",\"https:\\\/\\\/www.youtube.com\\\/user\\\/dumoulinbicyclettes\"]}]}<\/script>\n<!-- \/ Yoast SEO plugin. -->","yoast_head_json":{"title":"Riese&M\u00fcller Multicharger Mixte | Montr\u00e9al | Qu\u00e9bec | Dumoulin","description":"Le Multicharger Mixte est toute \u00e0 la fois v\u00e9lo pour transporter un enfant, v\u00e9lo de cyclotourisme, v\u00e9lo de d\u00e9placements quotidiens. Une merveille.","robots":{"index":"index","follow":"follow","max-snippet":"max-snippet:-1","max-image-preview":"max-image-preview:large","max-video-preview":"max-video-preview:-1"},"canonical":"https:\/\/www.dumoulinbicyclettes.com\/produit\/riesemuller-multicharger2-mixte\/","og_locale":"en_US","og_type":"article","og_title":"Riese&M\u00fcller Multicharger Mixte | Montr\u00e9al | Qu\u00e9bec | Dumoulin","og_description":"Le Multicharger Mixte est toute \u00e0 la fois v\u00e9lo pour transporter un enfant, v\u00e9lo de cyclotourisme, v\u00e9lo de d\u00e9placements quotidiens. Une merveille.","og_url":"https:\/\/www.dumoulinbicyclettes.com\/produit\/riesemuller-multicharger2-mixte\/","og_site_name":"Dumoulin Bicyclettes","article_publisher":"https:\/\/www.facebook.com\/dumoulinbicyclettes","article_modified_time":"2025-04-22T20:10:40+00:00","og_image":[{"width":2560,"height":1707,"url":"http:\/\/www.dumoulinbicyclettes.com\/wp-content\/uploads\/2023\/06\/23-f00809-1004030907-mucha-mixte-gt-roh-47-prlwhi-blk-0079-2-scaled.jpg","type":"image\/jpeg"}],"twitter_card":"summary_large_image","twitter_misc":{"Est. reading time":"1 minute"},"schema":{"@context":"https:\/\/schema.org","@graph":[{"@type":"WebPage","@id":"https:\/\/www.dumoulinbicyclettes.com\/produit\/riesemuller-multicharger2-mixte\/","url":"https:\/\/www.dumoulinbicyclettes.com\/produit\/riesemuller-multicharger2-mixte\/","name":"Riese&M\u00fcller Multicharger Mixte | Montr\u00e9al | Qu\u00e9bec | Dumoulin","isPartOf":{"@id":"https:\/\/www.dumoulinbicyclettes.com\/#website"},"primaryImageOfPage":{"@id":"https:\/\/www.dumoulinbicyclettes.com\/produit\/riesemuller-multicharger2-mixte\/#primaryimage"},"image":{"@id":"https:\/\/www.dumoulinbicyclettes.com\/produit\/riesemuller-multicharger2-mixte\/#primaryimage"},"thumbnailUrl":"https:\/\/www.dumoulinbicyclettes.com\/wp-content\/uploads\/2023\/06\/23-f00809-1004030907-mucha-mixte-gt-roh-47-prlwhi-blk-0079-2-scaled.jpg","datePublished":"2025-02-04T03:20:59+00:00","dateModified":"2025-04-22T20:10:40+00:00","description":"Le Multicharger Mixte est toute \u00e0 la fois v\u00e9lo pour transporter un enfant, v\u00e9lo de cyclotourisme, v\u00e9lo de d\u00e9placements quotidiens. Une merveille.","breadcrumb":{"@id":"https:\/\/www.dumoulinbicyclettes.com\/produit\/riesemuller-multicharger2-mixte\/#breadcrumb"},"inLanguage":"en-US","potentialAction":[{"@type":"ReadAction","target":["https:\/\/www.dumoulinbicyclettes.com\/produit\/riesemuller-multicharger2-mixte\/"]}]},{"@type":"ImageObject","inLanguage":"en-US","@id":"https:\/\/www.dumoulinbicyclettes.com\/produit\/riesemuller-multicharger2-mixte\/#primaryimage","url":"https:\/\/www.dumoulinbicyclettes.com\/wp-content\/uploads\/2023\/06\/23-f00809-1004030907-mucha-mixte-gt-roh-47-prlwhi-blk-0079-2-scaled.jpg","contentUrl":"https:\/\/www.dumoulinbicyclettes.com\/wp-content\/uploads\/2023\/06\/23-f00809-1004030907-mucha-mixte-gt-roh-47-prlwhi-blk-0079-2-scaled.jpg","width":2560,"height":1707,"caption":"Riese_and_Muller_Multicharger_Mixte_Vario"},{"@type":"BreadcrumbList","@id":"https:\/\/www.dumoulinbicyclettes.com\/produit\/riesemuller-multicharger2-mixte\/#breadcrumb","itemListElement":[{"@type":"ListItem","position":1,"name":"Home","item":"https:\/\/www.dumoulinbicyclettes.com\/en\/"},{"@type":"ListItem","position":2,"name":"Shop","item":"https:\/\/www.dumoulinbicyclettes.com\/en\/shop\/"},{"@type":"ListItem","position":3,"name":"Riese&#038;M\u00fcller Multicharger2 Mixte"}]},{"@type":"WebSite","@id":"https:\/\/www.dumoulinbicyclettes.com\/#website","url":"https:\/\/www.dumoulinbicyclettes.com\/","name":"Dumoulin Bicyclettes","description":"","publisher":{"@id":"https:\/\/www.dumoulinbicyclettes.com\/#organization"},"potentialAction":[{"@type":"SearchAction","target":{"@type":"EntryPoint","urlTemplate":"https:\/\/www.dumoulinbicyclettes.com\/?s={search_term_string}"},"query-input":{"@type":"PropertyValueSpecification","valueRequired":true,"valueName":"search_term_string"}}],"inLanguage":"en-US"},{"@type":"Organization","@id":"https:\/\/www.dumoulinbicyclettes.com\/#organization","name":"Dumoulin Bicyclettes","url":"https:\/\/www.dumoulinbicyclettes.com\/","logo":{"@type":"ImageObject","inLanguage":"en-US","@id":"https:\/\/www.dumoulinbicyclettes.com\/#\/schema\/logo\/image\/","url":"https:\/\/www.dumoulinbicyclettes.com\/wp-content\/uploads\/2021\/04\/Logo.svg","contentUrl":"https:\/\/www.dumoulinbicyclettes.com\/wp-content\/uploads\/2021\/04\/Logo.svg","width":254,"height":86,"caption":"Dumoulin Bicyclettes"},"image":{"@id":"https:\/\/www.dumoulinbicyclettes.com\/#\/schema\/logo\/image\/"},"sameAs":["https:\/\/www.facebook.com\/dumoulinbicyclettes","https:\/\/www.instagram.com\/dumoulin.ca\/","https:\/\/www.youtube.com\/user\/dumoulinbicyclettes"]}]}},"_links":{"self":[{"href":"https:\/\/www.dumoulinbicyclettes.com\/en\/wp-json\/wp\/v2\/product\/538841","targetHints":{"allow":["GET"]}}],"collection":[{"href":"https:\/\/www.dumoulinbicyclettes.com\/en\/wp-json\/wp\/v2\/product"}],"about":[{"href":"https:\/\/www.dumoulinbicyclettes.com\/en\/wp-json\/wp\/v2\/types\/product"}],"wp:featuredmedia":[{"embeddable":true,"href":"https:\/\/www.dumoulinbicyclettes.com\/en\/wp-json\/wp\/v2\/media\/268393"}],"wp:attachment":[{"href":"https:\/\/www.dumoulinbicyclettes.com\/en\/wp-json\/wp\/v2\/media?parent=538841"}],"wp:term":[{"taxonomy":"product_brand","embeddable":true,"href":"https:\/\/www.dumoulinbicyclettes.com\/en\/wp-json\/wp\/v2\/product_brand?post=538841"},{"taxonomy":"product_cat","embeddable":true,"href":"https:\/\/www.dumoulinbicyclettes.com\/en\/wp-json\/wp\/v2\/product_cat?post=538841"},{"taxonomy":"product_tag","embeddable":true,"href":"https:\/\/www.dumoulinbicyclettes.com\/en\/wp-json\/wp\/v2\/product_tag?post=538841"},{"taxonomy":"marque-produit","embeddable":true,"href":"https:\/\/www.dumoulinbicyclettes.com\/en\/wp-json\/wp\/v2\/marque-produit?post=538841"},{"taxonomy":"collection-produit","embeddable":true,"href":"https:\/\/www.dumoulinbicyclettes.com\/en\/wp-json\/wp\/v2\/collection-produit?post=538841"},{"taxonomy":"type-surface-produit","embeddable":true,"href":"https:\/\/www.dumoulinbicyclettes.com\/en\/wp-json\/wp\/v2\/type-surface-produit?post=538841"},{"taxonomy":"type-velo-produit","embeddable":true,"href":"https:\/\/www.dumoulinbicyclettes.com\/en\/wp-json\/wp\/v2\/type-velo-produit?post=538841"},{"taxonomy":"vetement-produit","embeddable":true,"href":"https:\/\/www.dumoulinbicyclettes.com\/en\/wp-json\/wp\/v2\/vetement-produit?post=538841"},{"taxonomy":"thematique-produit","embeddable":true,"href":"https:\/\/www.dumoulinbicyclettes.com\/en\/wp-json\/wp\/v2\/thematique-produit?post=538841"},{"taxonomy":"position-sur-le-v\u00e9lo","embeddable":true,"href":"https:\/\/www.dumoulinbicyclettes.com\/en\/wp-json\/wp\/v2\/position-sur-le-v\u00e9lo?post=538841"}],"curies":[{"name":"wp","href":"https:\/\/api.w.org\/{rel}","templated":true}]}}