{"id":541133,"date":"2025-02-05T17:12:31","date_gmt":"2025-02-05T22:12:31","guid":{"rendered":"http:\/\/www.dumoulinbicyclettes.com\/?post_type=product&#038;p=541133"},"modified":"2025-09-08T13:12:10","modified_gmt":"2025-09-08T17:12:10","slug":"brompton-support-pour-telephone-quadlock-sans-adaptateur","status":"publish","type":"product","link":"https:\/\/www.dumoulinbicyclettes.com\/en\/product\/brompton-support-pour-telephone-quadlock-sans-adaptateur\/","title":{"rendered":"Support de t\u00e9l\u00e9phone Quad Lock Brompton"},"content":{"rendered":"<p>Le support de t\u00e9l\u00e9phone Quad Lock Brompton offre un moyen stable et s\u00fbr de fixer votre t\u00e9l\u00e9phone sur votre v\u00e9lo, ce qui vous permet d\u2019avoir pleine visibilit\u00e9 sur la navigation lors de vos d\u00e9placements. \u00c0 fixer au centre du guidon, compatible avec tous les types de guidon actuels. Con\u00e7u en nylon robuste, dans un noir \u00e9l\u00e9gant pour un look discret sur votre v\u00e9lo.<\/p>\n<p>Important : Le support de t\u00e9l\u00e9phone est fourni seul, mais pour l\u2019utiliser il est n\u00e9cessaire d\u2019acheter s\u00e9par\u00e9ment une coque Quad Lock sp\u00e9cifique \u00e0 votre t\u00e9l\u00e9phone ou un adaptateur universel.<\/p>\n<div class=\"checkerboard__image-wrapper\" data-v-1277f382=\"\"><\/div>\n","protected":false},"excerpt":{"rendered":"<p>Le support de t\u00e9l\u00e9phone Quad Lock Brompton offre un moyen stable et s\u00fbr de fixer votre t\u00e9l\u00e9phone sur votre v\u00e9lo, ce qui vous permet d\u2019avoir pleine visibilit\u00e9 sur la navigation lors de vos d\u00e9placements. \u00c0 fixer au centre du guidon, compatible avec tous les types de guidon actuels. Con\u00e7u en nylon robuste, dans un noir [&hellip;]<\/p>\n","protected":false},"featured_media":587921,"template":"","meta":{"_acf_changed":false},"product_brand":[],"product_cat":[194,184],"product_tag":[2242,3476,3475],"marque-produit":[153],"collection-produit":[2883,2885],"type-surface-produit":[],"type-velo-produit":[],"vetement-produit":[],"thematique-produit":[],"position-sur-le-v\u00e9lo":[],"class_list":{"0":"post-541133","1":"product","2":"type-product","3":"status-publish","4":"has-post-thumbnail","6":"product_cat-accessoires-divers","7":"product_cat-accessoires-pour-velo-pliable","8":"product_tag-brompton","9":"product_tag-quad-lock","10":"product_tag-support-de-telephone","11":"marque-produit-brompton","12":"collection-produit-brompton","13":"collection-produit-pieces-et-composantes","15":"first","16":"instock","17":"taxable","18":"shipping-taxable","19":"purchasable","20":"product-type-simple"},"acf":[],"yoast_head":"<!-- This site is optimized with the Yoast SEO plugin v27.3 - https:\/\/yoast.com\/product\/yoast-seo-wordpress\/ -->\n<title>Support de t\u00e9l\u00e9phone Quad Lock Brompton - Dumoulin Bicyclettes<\/title>\n<meta name=\"description\" content=\"Le support de t\u00e9l\u00e9phone Quad Lock Brompton offre un moyen stable et s\u00fbr de fixer votre t\u00e9l\u00e9phone sur votre v\u00e9lo lors de vos d\u00e9placements.\" \/>\n<meta name=\"robots\" content=\"index, follow, max-snippet:-1, max-image-preview:large, max-video-preview:-1\" \/>\n<link rel=\"canonical\" href=\"https:\/\/www.dumoulinbicyclettes.com\/produit\/brompton-support-pour-telephone-quadlock-sans-adaptateur\/\" \/>\n<meta property=\"og:locale\" content=\"en_US\" \/>\n<meta property=\"og:type\" content=\"article\" \/>\n<meta property=\"og:title\" content=\"Support de t\u00e9l\u00e9phone Quad Lock Brompton - Dumoulin Bicyclettes\" \/>\n<meta property=\"og:description\" content=\"Le support de t\u00e9l\u00e9phone Quad Lock Brompton offre un moyen stable et s\u00fbr de fixer votre t\u00e9l\u00e9phone sur votre v\u00e9lo lors de vos d\u00e9placements.\" \/>\n<meta property=\"og:url\" content=\"https:\/\/www.dumoulinbicyclettes.com\/produit\/brompton-support-pour-telephone-quadlock-sans-adaptateur\/\" \/>\n<meta property=\"og:site_name\" content=\"Dumoulin Bicyclettes\" \/>\n<meta property=\"article:publisher\" content=\"https:\/\/www.facebook.com\/dumoulinbicyclettes\" \/>\n<meta property=\"article:modified_time\" content=\"2025-09-08T17:12:10+00:00\" \/>\n<meta property=\"og:image\" content=\"http:\/\/www.dumoulinbicyclettes.com\/wp-content\/uploads\/2025\/02\/support-de-telephone-quad-lock-brompton-2.jpg\" \/>\n\t<meta property=\"og:image:width\" content=\"1080\" \/>\n\t<meta property=\"og:image:height\" content=\"854\" \/>\n\t<meta property=\"og:image:type\" content=\"image\/jpeg\" \/>\n<meta name=\"twitter:card\" content=\"summary_large_image\" \/>\n<meta name=\"twitter:label1\" content=\"Est. reading time\" \/>\n\t<meta name=\"twitter:data1\" content=\"1 minute\" \/>\n<script type=\"application\/ld+json\" class=\"yoast-schema-graph\">{\"@context\":\"https:\\\/\\\/schema.org\",\"@graph\":[{\"@type\":\"WebPage\",\"@id\":\"https:\\\/\\\/www.dumoulinbicyclettes.com\\\/produit\\\/brompton-support-pour-telephone-quadlock-sans-adaptateur\\\/\",\"url\":\"https:\\\/\\\/www.dumoulinbicyclettes.com\\\/produit\\\/brompton-support-pour-telephone-quadlock-sans-adaptateur\\\/\",\"name\":\"Support de t\u00e9l\u00e9phone Quad Lock Brompton - Dumoulin Bicyclettes\",\"isPartOf\":{\"@id\":\"https:\\\/\\\/www.dumoulinbicyclettes.com\\\/#website\"},\"primaryImageOfPage\":{\"@id\":\"https:\\\/\\\/www.dumoulinbicyclettes.com\\\/produit\\\/brompton-support-pour-telephone-quadlock-sans-adaptateur\\\/#primaryimage\"},\"image\":{\"@id\":\"https:\\\/\\\/www.dumoulinbicyclettes.com\\\/produit\\\/brompton-support-pour-telephone-quadlock-sans-adaptateur\\\/#primaryimage\"},\"thumbnailUrl\":\"https:\\\/\\\/www.dumoulinbicyclettes.com\\\/wp-content\\\/uploads\\\/2025\\\/02\\\/support-de-telephone-quad-lock-brompton-2.jpg\",\"datePublished\":\"2025-02-05T22:12:31+00:00\",\"dateModified\":\"2025-09-08T17:12:10+00:00\",\"description\":\"Le support de t\u00e9l\u00e9phone Quad Lock Brompton offre un moyen stable et s\u00fbr de fixer votre t\u00e9l\u00e9phone sur votre v\u00e9lo lors de vos d\u00e9placements.\",\"breadcrumb\":{\"@id\":\"https:\\\/\\\/www.dumoulinbicyclettes.com\\\/produit\\\/brompton-support-pour-telephone-quadlock-sans-adaptateur\\\/#breadcrumb\"},\"inLanguage\":\"en-US\",\"potentialAction\":[{\"@type\":\"ReadAction\",\"target\":[\"https:\\\/\\\/www.dumoulinbicyclettes.com\\\/produit\\\/brompton-support-pour-telephone-quadlock-sans-adaptateur\\\/\"]}]},{\"@type\":\"ImageObject\",\"inLanguage\":\"en-US\",\"@id\":\"https:\\\/\\\/www.dumoulinbicyclettes.com\\\/produit\\\/brompton-support-pour-telephone-quadlock-sans-adaptateur\\\/#primaryimage\",\"url\":\"https:\\\/\\\/www.dumoulinbicyclettes.com\\\/wp-content\\\/uploads\\\/2025\\\/02\\\/support-de-telephone-quad-lock-brompton-2.jpg\",\"contentUrl\":\"https:\\\/\\\/www.dumoulinbicyclettes.com\\\/wp-content\\\/uploads\\\/2025\\\/02\\\/support-de-telephone-quad-lock-brompton-2.jpg\",\"width\":1080,\"height\":854},{\"@type\":\"BreadcrumbList\",\"@id\":\"https:\\\/\\\/www.dumoulinbicyclettes.com\\\/produit\\\/brompton-support-pour-telephone-quadlock-sans-adaptateur\\\/#breadcrumb\",\"itemListElement\":[{\"@type\":\"ListItem\",\"position\":1,\"name\":\"Home\",\"item\":\"https:\\\/\\\/www.dumoulinbicyclettes.com\\\/en\\\/\"},{\"@type\":\"ListItem\",\"position\":2,\"name\":\"Shop\",\"item\":\"https:\\\/\\\/www.dumoulinbicyclettes.com\\\/en\\\/shop\\\/\"},{\"@type\":\"ListItem\",\"position\":3,\"name\":\"Support de t\u00e9l\u00e9phone Quad Lock Brompton\"}]},{\"@type\":\"WebSite\",\"@id\":\"https:\\\/\\\/www.dumoulinbicyclettes.com\\\/#website\",\"url\":\"https:\\\/\\\/www.dumoulinbicyclettes.com\\\/\",\"name\":\"Dumoulin Bicyclettes\",\"description\":\"\",\"publisher\":{\"@id\":\"https:\\\/\\\/www.dumoulinbicyclettes.com\\\/#organization\"},\"potentialAction\":[{\"@type\":\"SearchAction\",\"target\":{\"@type\":\"EntryPoint\",\"urlTemplate\":\"https:\\\/\\\/www.dumoulinbicyclettes.com\\\/?s={search_term_string}\"},\"query-input\":{\"@type\":\"PropertyValueSpecification\",\"valueRequired\":true,\"valueName\":\"search_term_string\"}}],\"inLanguage\":\"en-US\"},{\"@type\":\"Organization\",\"@id\":\"https:\\\/\\\/www.dumoulinbicyclettes.com\\\/#organization\",\"name\":\"Dumoulin Bicyclettes\",\"url\":\"https:\\\/\\\/www.dumoulinbicyclettes.com\\\/\",\"logo\":{\"@type\":\"ImageObject\",\"inLanguage\":\"en-US\",\"@id\":\"https:\\\/\\\/www.dumoulinbicyclettes.com\\\/#\\\/schema\\\/logo\\\/image\\\/\",\"url\":\"https:\\\/\\\/www.dumoulinbicyclettes.com\\\/wp-content\\\/uploads\\\/2021\\\/04\\\/Logo.svg\",\"contentUrl\":\"https:\\\/\\\/www.dumoulinbicyclettes.com\\\/wp-content\\\/uploads\\\/2021\\\/04\\\/Logo.svg\",\"width\":254,\"height\":86,\"caption\":\"Dumoulin Bicyclettes\"},\"image\":{\"@id\":\"https:\\\/\\\/www.dumoulinbicyclettes.com\\\/#\\\/schema\\\/logo\\\/image\\\/\"},\"sameAs\":[\"https:\\\/\\\/www.facebook.com\\\/dumoulinbicyclettes\",\"https:\\\/\\\/www.instagram.com\\\/dumoulin.ca\\\/\",\"https:\\\/\\\/www.youtube.com\\\/user\\\/dumoulinbicyclettes\"]}]}<\/script>\n<!-- \/ Yoast SEO plugin. -->","yoast_head_json":{"title":"Support de t\u00e9l\u00e9phone Quad Lock Brompton - Dumoulin Bicyclettes","description":"Le support de t\u00e9l\u00e9phone Quad Lock Brompton offre un moyen stable et s\u00fbr de fixer votre t\u00e9l\u00e9phone sur votre v\u00e9lo lors de vos d\u00e9placements.","robots":{"index":"index","follow":"follow","max-snippet":"max-snippet:-1","max-image-preview":"max-image-preview:large","max-video-preview":"max-video-preview:-1"},"canonical":"https:\/\/www.dumoulinbicyclettes.com\/produit\/brompton-support-pour-telephone-quadlock-sans-adaptateur\/","og_locale":"en_US","og_type":"article","og_title":"Support de t\u00e9l\u00e9phone Quad Lock Brompton - Dumoulin Bicyclettes","og_description":"Le support de t\u00e9l\u00e9phone Quad Lock Brompton offre un moyen stable et s\u00fbr de fixer votre t\u00e9l\u00e9phone sur votre v\u00e9lo lors de vos d\u00e9placements.","og_url":"https:\/\/www.dumoulinbicyclettes.com\/produit\/brompton-support-pour-telephone-quadlock-sans-adaptateur\/","og_site_name":"Dumoulin Bicyclettes","article_publisher":"https:\/\/www.facebook.com\/dumoulinbicyclettes","article_modified_time":"2025-09-08T17:12:10+00:00","og_image":[{"width":1080,"height":854,"url":"http:\/\/www.dumoulinbicyclettes.com\/wp-content\/uploads\/2025\/02\/support-de-telephone-quad-lock-brompton-2.jpg","type":"image\/jpeg"}],"twitter_card":"summary_large_image","twitter_misc":{"Est. reading time":"1 minute"},"schema":{"@context":"https:\/\/schema.org","@graph":[{"@type":"WebPage","@id":"https:\/\/www.dumoulinbicyclettes.com\/produit\/brompton-support-pour-telephone-quadlock-sans-adaptateur\/","url":"https:\/\/www.dumoulinbicyclettes.com\/produit\/brompton-support-pour-telephone-quadlock-sans-adaptateur\/","name":"Support de t\u00e9l\u00e9phone Quad Lock Brompton - Dumoulin Bicyclettes","isPartOf":{"@id":"https:\/\/www.dumoulinbicyclettes.com\/#website"},"primaryImageOfPage":{"@id":"https:\/\/www.dumoulinbicyclettes.com\/produit\/brompton-support-pour-telephone-quadlock-sans-adaptateur\/#primaryimage"},"image":{"@id":"https:\/\/www.dumoulinbicyclettes.com\/produit\/brompton-support-pour-telephone-quadlock-sans-adaptateur\/#primaryimage"},"thumbnailUrl":"https:\/\/www.dumoulinbicyclettes.com\/wp-content\/uploads\/2025\/02\/support-de-telephone-quad-lock-brompton-2.jpg","datePublished":"2025-02-05T22:12:31+00:00","dateModified":"2025-09-08T17:12:10+00:00","description":"Le support de t\u00e9l\u00e9phone Quad Lock Brompton offre un moyen stable et s\u00fbr de fixer votre t\u00e9l\u00e9phone sur votre v\u00e9lo lors de vos d\u00e9placements.","breadcrumb":{"@id":"https:\/\/www.dumoulinbicyclettes.com\/produit\/brompton-support-pour-telephone-quadlock-sans-adaptateur\/#breadcrumb"},"inLanguage":"en-US","potentialAction":[{"@type":"ReadAction","target":["https:\/\/www.dumoulinbicyclettes.com\/produit\/brompton-support-pour-telephone-quadlock-sans-adaptateur\/"]}]},{"@type":"ImageObject","inLanguage":"en-US","@id":"https:\/\/www.dumoulinbicyclettes.com\/produit\/brompton-support-pour-telephone-quadlock-sans-adaptateur\/#primaryimage","url":"https:\/\/www.dumoulinbicyclettes.com\/wp-content\/uploads\/2025\/02\/support-de-telephone-quad-lock-brompton-2.jpg","contentUrl":"https:\/\/www.dumoulinbicyclettes.com\/wp-content\/uploads\/2025\/02\/support-de-telephone-quad-lock-brompton-2.jpg","width":1080,"height":854},{"@type":"BreadcrumbList","@id":"https:\/\/www.dumoulinbicyclettes.com\/produit\/brompton-support-pour-telephone-quadlock-sans-adaptateur\/#breadcrumb","itemListElement":[{"@type":"ListItem","position":1,"name":"Home","item":"https:\/\/www.dumoulinbicyclettes.com\/en\/"},{"@type":"ListItem","position":2,"name":"Shop","item":"https:\/\/www.dumoulinbicyclettes.com\/en\/shop\/"},{"@type":"ListItem","position":3,"name":"Support de t\u00e9l\u00e9phone Quad Lock Brompton"}]},{"@type":"WebSite","@id":"https:\/\/www.dumoulinbicyclettes.com\/#website","url":"https:\/\/www.dumoulinbicyclettes.com\/","name":"Dumoulin Bicyclettes","description":"","publisher":{"@id":"https:\/\/www.dumoulinbicyclettes.com\/#organization"},"potentialAction":[{"@type":"SearchAction","target":{"@type":"EntryPoint","urlTemplate":"https:\/\/www.dumoulinbicyclettes.com\/?s={search_term_string}"},"query-input":{"@type":"PropertyValueSpecification","valueRequired":true,"valueName":"search_term_string"}}],"inLanguage":"en-US"},{"@type":"Organization","@id":"https:\/\/www.dumoulinbicyclettes.com\/#organization","name":"Dumoulin Bicyclettes","url":"https:\/\/www.dumoulinbicyclettes.com\/","logo":{"@type":"ImageObject","inLanguage":"en-US","@id":"https:\/\/www.dumoulinbicyclettes.com\/#\/schema\/logo\/image\/","url":"https:\/\/www.dumoulinbicyclettes.com\/wp-content\/uploads\/2021\/04\/Logo.svg","contentUrl":"https:\/\/www.dumoulinbicyclettes.com\/wp-content\/uploads\/2021\/04\/Logo.svg","width":254,"height":86,"caption":"Dumoulin Bicyclettes"},"image":{"@id":"https:\/\/www.dumoulinbicyclettes.com\/#\/schema\/logo\/image\/"},"sameAs":["https:\/\/www.facebook.com\/dumoulinbicyclettes","https:\/\/www.instagram.com\/dumoulin.ca\/","https:\/\/www.youtube.com\/user\/dumoulinbicyclettes"]}]}},"_links":{"self":[{"href":"https:\/\/www.dumoulinbicyclettes.com\/en\/wp-json\/wp\/v2\/product\/541133","targetHints":{"allow":["GET"]}}],"collection":[{"href":"https:\/\/www.dumoulinbicyclettes.com\/en\/wp-json\/wp\/v2\/product"}],"about":[{"href":"https:\/\/www.dumoulinbicyclettes.com\/en\/wp-json\/wp\/v2\/types\/product"}],"wp:featuredmedia":[{"embeddable":true,"href":"https:\/\/www.dumoulinbicyclettes.com\/en\/wp-json\/wp\/v2\/media\/587921"}],"wp:attachment":[{"href":"https:\/\/www.dumoulinbicyclettes.com\/en\/wp-json\/wp\/v2\/media?parent=541133"}],"wp:term":[{"taxonomy":"product_brand","embeddable":true,"href":"https:\/\/www.dumoulinbicyclettes.com\/en\/wp-json\/wp\/v2\/product_brand?post=541133"},{"taxonomy":"product_cat","embeddable":true,"href":"https:\/\/www.dumoulinbicyclettes.com\/en\/wp-json\/wp\/v2\/product_cat?post=541133"},{"taxonomy":"product_tag","embeddable":true,"href":"https:\/\/www.dumoulinbicyclettes.com\/en\/wp-json\/wp\/v2\/product_tag?post=541133"},{"taxonomy":"marque-produit","embeddable":true,"href":"https:\/\/www.dumoulinbicyclettes.com\/en\/wp-json\/wp\/v2\/marque-produit?post=541133"},{"taxonomy":"collection-produit","embeddable":true,"href":"https:\/\/www.dumoulinbicyclettes.com\/en\/wp-json\/wp\/v2\/collection-produit?post=541133"},{"taxonomy":"type-surface-produit","embeddable":true,"href":"https:\/\/www.dumoulinbicyclettes.com\/en\/wp-json\/wp\/v2\/type-surface-produit?post=541133"},{"taxonomy":"type-velo-produit","embeddable":true,"href":"https:\/\/www.dumoulinbicyclettes.com\/en\/wp-json\/wp\/v2\/type-velo-produit?post=541133"},{"taxonomy":"vetement-produit","embeddable":true,"href":"https:\/\/www.dumoulinbicyclettes.com\/en\/wp-json\/wp\/v2\/vetement-produit?post=541133"},{"taxonomy":"thematique-produit","embeddable":true,"href":"https:\/\/www.dumoulinbicyclettes.com\/en\/wp-json\/wp\/v2\/thematique-produit?post=541133"},{"taxonomy":"position-sur-le-v\u00e9lo","embeddable":true,"href":"https:\/\/www.dumoulinbicyclettes.com\/en\/wp-json\/wp\/v2\/position-sur-le-v\u00e9lo?post=541133"}],"curies":[{"name":"wp","href":"https:\/\/api.w.org\/{rel}","templated":true}]}}