{"id":567161,"date":"2025-03-11T10:08:16","date_gmt":"2025-03-11T14:08:16","guid":{"rendered":"http:\/\/www.dumoulinbicyclettes.com\/?post_type=product&#038;p=567161"},"modified":"2026-04-10T22:38:15","modified_gmt":"2026-04-11T02:38:15","slug":"tern-quick-haul-long-d9","status":"publish","type":"product","link":"https:\/\/www.dumoulinbicyclettes.com\/en\/product\/tern-quick-haul-long-d9\/","title":{"rendered":"Tern Quick Haul Long"},"content":{"rendered":"<p>Le Tern Quick Haul Long est un v\u00e9lo cargo long porteur (\u00ablongtail\u00bb), compact et abordable. C&#8217;est un v\u00e9lo \u00e9lectrique pour les familles : un ou deux enfants, petits ou grands&#8230; le Quick Haul Long est une plateforme familiale fantastique pour adopter le mode de vie \u00abv\u00e9lo cargo\u00bb.<\/p>\n<p>Ce v\u00e9lo est la version \u00abrallong\u00e9e\u00bb du tr\u00e8s populaire <a href=\"https:\/\/www.dumoulinbicyclettes.com\/produit\/tern-quick-haul-d8\/\" target=\"_blank\" rel=\"noopener\">Quick Haul<\/a>. Le Quick Haul Long ajoute de la capacit\u00e9 de transport et du confort pour le petit passager.<\/p>\n","protected":false},"excerpt":{"rendered":"<p>Le Tern Quick Haul Long est un v\u00e9lo cargo long porteur (\u00ablongtail\u00bb), compact et abordable. C&#8217;est un v\u00e9lo \u00e9lectrique pour les familles : un ou deux enfants, petits ou grands&#8230; le Quick Haul Long est une plateforme familiale fantastique pour adopter le mode de vie \u00abv\u00e9lo cargo\u00bb. Ce v\u00e9lo est la version \u00abrallong\u00e9e\u00bb du tr\u00e8s [&hellip;]<\/p>\n","protected":false},"featured_media":567164,"template":"","meta":{"_acf_changed":false},"product_brand":[],"product_cat":[1566,169,163],"product_tag":[3432,3148,2203],"marque-produit":[154],"collection-produit":[2841],"type-surface-produit":[],"type-velo-produit":[1248],"vetement-produit":[],"thematique-produit":[],"position-sur-le-v\u00e9lo":[],"class_list":{"0":"post-567161","1":"product","2":"type-product","3":"status-publish","4":"has-post-thumbnail","6":"product_cat-cargo","7":"product_cat-transport-denfant","8":"product_cat-velos-cargo","9":"product_tag-long-tail","10":"product_tag-quick-haul-long","11":"product_tag-tern","12":"marque-produit-tern","13":"collection-produit-tern","14":"type-velo-produit-cargo","16":"first","17":"instock","18":"taxable","19":"shipping-taxable","20":"purchasable","21":"product-type-variable","22":"has-default-attributes"},"acf":[],"yoast_head":"<!-- This site is optimized with the Yoast SEO plugin v27.3 - https:\/\/yoast.com\/product\/yoast-seo-wordpress\/ -->\n<title>Tern Quick Haul Long - Dumoulin Bicyclettes - V\u00e9lo cargo - Longtail - Montr\u00e9al<\/title>\n<meta name=\"description\" content=\"Le Tern Quick Haul Long est un v\u00e9lo longtail compact et abordable. Pour des parents avec enfant ou pour se jeter \u00abdoucement\u00bb dans le monde du v\u00e9lo cargo.\" \/>\n<meta name=\"robots\" content=\"index, follow, max-snippet:-1, max-image-preview:large, max-video-preview:-1\" \/>\n<link rel=\"canonical\" href=\"https:\/\/www.dumoulinbicyclettes.com\/produit\/tern-quick-haul-long-d9\/\" \/>\n<meta property=\"og:locale\" content=\"en_US\" \/>\n<meta property=\"og:type\" content=\"article\" \/>\n<meta property=\"og:title\" content=\"Tern Quick Haul Long - Dumoulin Bicyclettes - V\u00e9lo cargo - Longtail - Montr\u00e9al\" \/>\n<meta property=\"og:description\" content=\"Le Tern Quick Haul Long est un v\u00e9lo longtail compact et abordable. Pour des parents avec enfant ou pour se jeter \u00abdoucement\u00bb dans le monde du v\u00e9lo cargo.\" \/>\n<meta property=\"og:url\" content=\"https:\/\/www.dumoulinbicyclettes.com\/produit\/tern-quick-haul-long-d9\/\" \/>\n<meta property=\"og:site_name\" content=\"Dumoulin Bicyclettes\" \/>\n<meta property=\"article:publisher\" content=\"https:\/\/www.facebook.com\/dumoulinbicyclettes\" \/>\n<meta property=\"article:modified_time\" content=\"2026-04-11T02:38:15+00:00\" \/>\n<meta property=\"og:image\" content=\"http:\/\/www.dumoulinbicyclettes.com\/wp-content\/uploads\/2025\/03\/Tern_Quick_Haul_Long_D9_Noir_Montreal_Quebec_Dumoulin_Bicyclettes_long-tail-0.jpg\" \/>\n\t<meta property=\"og:image:width\" content=\"2400\" \/>\n\t<meta property=\"og:image:height\" content=\"1600\" \/>\n\t<meta property=\"og:image:type\" content=\"image\/jpeg\" \/>\n<meta name=\"twitter:card\" content=\"summary_large_image\" \/>\n<meta name=\"twitter:label1\" content=\"Est. reading time\" \/>\n\t<meta name=\"twitter:data1\" content=\"1 minute\" \/>\n<script type=\"application\/ld+json\" class=\"yoast-schema-graph\">{\"@context\":\"https:\\\/\\\/schema.org\",\"@graph\":[{\"@type\":\"WebPage\",\"@id\":\"https:\\\/\\\/www.dumoulinbicyclettes.com\\\/produit\\\/tern-quick-haul-long-d9\\\/\",\"url\":\"https:\\\/\\\/www.dumoulinbicyclettes.com\\\/produit\\\/tern-quick-haul-long-d9\\\/\",\"name\":\"Tern Quick Haul Long - Dumoulin Bicyclettes - V\u00e9lo cargo - Longtail - Montr\u00e9al\",\"isPartOf\":{\"@id\":\"https:\\\/\\\/www.dumoulinbicyclettes.com\\\/#website\"},\"primaryImageOfPage\":{\"@id\":\"https:\\\/\\\/www.dumoulinbicyclettes.com\\\/produit\\\/tern-quick-haul-long-d9\\\/#primaryimage\"},\"image\":{\"@id\":\"https:\\\/\\\/www.dumoulinbicyclettes.com\\\/produit\\\/tern-quick-haul-long-d9\\\/#primaryimage\"},\"thumbnailUrl\":\"https:\\\/\\\/www.dumoulinbicyclettes.com\\\/wp-content\\\/uploads\\\/2025\\\/03\\\/Tern_Quick_Haul_Long_D9_Noir_Montreal_Quebec_Dumoulin_Bicyclettes_long-tail-0.jpg\",\"datePublished\":\"2025-03-11T14:08:16+00:00\",\"dateModified\":\"2026-04-11T02:38:15+00:00\",\"description\":\"Le Tern Quick Haul Long est un v\u00e9lo longtail compact et abordable. Pour des parents avec enfant ou pour se jeter \u00abdoucement\u00bb dans le monde du v\u00e9lo cargo.\",\"breadcrumb\":{\"@id\":\"https:\\\/\\\/www.dumoulinbicyclettes.com\\\/produit\\\/tern-quick-haul-long-d9\\\/#breadcrumb\"},\"inLanguage\":\"en-US\",\"potentialAction\":[{\"@type\":\"ReadAction\",\"target\":[\"https:\\\/\\\/www.dumoulinbicyclettes.com\\\/produit\\\/tern-quick-haul-long-d9\\\/\"]}]},{\"@type\":\"ImageObject\",\"inLanguage\":\"en-US\",\"@id\":\"https:\\\/\\\/www.dumoulinbicyclettes.com\\\/produit\\\/tern-quick-haul-long-d9\\\/#primaryimage\",\"url\":\"https:\\\/\\\/www.dumoulinbicyclettes.com\\\/wp-content\\\/uploads\\\/2025\\\/03\\\/Tern_Quick_Haul_Long_D9_Noir_Montreal_Quebec_Dumoulin_Bicyclettes_long-tail-0.jpg\",\"contentUrl\":\"https:\\\/\\\/www.dumoulinbicyclettes.com\\\/wp-content\\\/uploads\\\/2025\\\/03\\\/Tern_Quick_Haul_Long_D9_Noir_Montreal_Quebec_Dumoulin_Bicyclettes_long-tail-0.jpg\",\"width\":2400,\"height\":1600,\"caption\":\"Tern_Quick_Haul_Long_D9_Noir_Montreal_Quebec_Dumoulin_Bicyclettes_long-tail-0\"},{\"@type\":\"BreadcrumbList\",\"@id\":\"https:\\\/\\\/www.dumoulinbicyclettes.com\\\/produit\\\/tern-quick-haul-long-d9\\\/#breadcrumb\",\"itemListElement\":[{\"@type\":\"ListItem\",\"position\":1,\"name\":\"Home\",\"item\":\"https:\\\/\\\/www.dumoulinbicyclettes.com\\\/en\\\/\"},{\"@type\":\"ListItem\",\"position\":2,\"name\":\"Shop\",\"item\":\"https:\\\/\\\/www.dumoulinbicyclettes.com\\\/en\\\/shop\\\/\"},{\"@type\":\"ListItem\",\"position\":3,\"name\":\"Tern Quick Haul Long\"}]},{\"@type\":\"WebSite\",\"@id\":\"https:\\\/\\\/www.dumoulinbicyclettes.com\\\/#website\",\"url\":\"https:\\\/\\\/www.dumoulinbicyclettes.com\\\/\",\"name\":\"Dumoulin Bicyclettes\",\"description\":\"\",\"publisher\":{\"@id\":\"https:\\\/\\\/www.dumoulinbicyclettes.com\\\/#organization\"},\"potentialAction\":[{\"@type\":\"SearchAction\",\"target\":{\"@type\":\"EntryPoint\",\"urlTemplate\":\"https:\\\/\\\/www.dumoulinbicyclettes.com\\\/?s={search_term_string}\"},\"query-input\":{\"@type\":\"PropertyValueSpecification\",\"valueRequired\":true,\"valueName\":\"search_term_string\"}}],\"inLanguage\":\"en-US\"},{\"@type\":\"Organization\",\"@id\":\"https:\\\/\\\/www.dumoulinbicyclettes.com\\\/#organization\",\"name\":\"Dumoulin Bicyclettes\",\"url\":\"https:\\\/\\\/www.dumoulinbicyclettes.com\\\/\",\"logo\":{\"@type\":\"ImageObject\",\"inLanguage\":\"en-US\",\"@id\":\"https:\\\/\\\/www.dumoulinbicyclettes.com\\\/#\\\/schema\\\/logo\\\/image\\\/\",\"url\":\"https:\\\/\\\/www.dumoulinbicyclettes.com\\\/wp-content\\\/uploads\\\/2021\\\/04\\\/Logo.svg\",\"contentUrl\":\"https:\\\/\\\/www.dumoulinbicyclettes.com\\\/wp-content\\\/uploads\\\/2021\\\/04\\\/Logo.svg\",\"width\":254,\"height\":86,\"caption\":\"Dumoulin Bicyclettes\"},\"image\":{\"@id\":\"https:\\\/\\\/www.dumoulinbicyclettes.com\\\/#\\\/schema\\\/logo\\\/image\\\/\"},\"sameAs\":[\"https:\\\/\\\/www.facebook.com\\\/dumoulinbicyclettes\",\"https:\\\/\\\/www.instagram.com\\\/dumoulin.ca\\\/\",\"https:\\\/\\\/www.youtube.com\\\/user\\\/dumoulinbicyclettes\"]}]}<\/script>\n<!-- \/ Yoast SEO plugin. -->","yoast_head_json":{"title":"Tern Quick Haul Long - Dumoulin Bicyclettes - V\u00e9lo cargo - Longtail - Montr\u00e9al","description":"Le Tern Quick Haul Long est un v\u00e9lo longtail compact et abordable. Pour des parents avec enfant ou pour se jeter \u00abdoucement\u00bb dans le monde du v\u00e9lo cargo.","robots":{"index":"index","follow":"follow","max-snippet":"max-snippet:-1","max-image-preview":"max-image-preview:large","max-video-preview":"max-video-preview:-1"},"canonical":"https:\/\/www.dumoulinbicyclettes.com\/produit\/tern-quick-haul-long-d9\/","og_locale":"en_US","og_type":"article","og_title":"Tern Quick Haul Long - Dumoulin Bicyclettes - V\u00e9lo cargo - Longtail - Montr\u00e9al","og_description":"Le Tern Quick Haul Long est un v\u00e9lo longtail compact et abordable. Pour des parents avec enfant ou pour se jeter \u00abdoucement\u00bb dans le monde du v\u00e9lo cargo.","og_url":"https:\/\/www.dumoulinbicyclettes.com\/produit\/tern-quick-haul-long-d9\/","og_site_name":"Dumoulin Bicyclettes","article_publisher":"https:\/\/www.facebook.com\/dumoulinbicyclettes","article_modified_time":"2026-04-11T02:38:15+00:00","og_image":[{"width":2400,"height":1600,"url":"http:\/\/www.dumoulinbicyclettes.com\/wp-content\/uploads\/2025\/03\/Tern_Quick_Haul_Long_D9_Noir_Montreal_Quebec_Dumoulin_Bicyclettes_long-tail-0.jpg","type":"image\/jpeg"}],"twitter_card":"summary_large_image","twitter_misc":{"Est. reading time":"1 minute"},"schema":{"@context":"https:\/\/schema.org","@graph":[{"@type":"WebPage","@id":"https:\/\/www.dumoulinbicyclettes.com\/produit\/tern-quick-haul-long-d9\/","url":"https:\/\/www.dumoulinbicyclettes.com\/produit\/tern-quick-haul-long-d9\/","name":"Tern Quick Haul Long - Dumoulin Bicyclettes - V\u00e9lo cargo - Longtail - Montr\u00e9al","isPartOf":{"@id":"https:\/\/www.dumoulinbicyclettes.com\/#website"},"primaryImageOfPage":{"@id":"https:\/\/www.dumoulinbicyclettes.com\/produit\/tern-quick-haul-long-d9\/#primaryimage"},"image":{"@id":"https:\/\/www.dumoulinbicyclettes.com\/produit\/tern-quick-haul-long-d9\/#primaryimage"},"thumbnailUrl":"https:\/\/www.dumoulinbicyclettes.com\/wp-content\/uploads\/2025\/03\/Tern_Quick_Haul_Long_D9_Noir_Montreal_Quebec_Dumoulin_Bicyclettes_long-tail-0.jpg","datePublished":"2025-03-11T14:08:16+00:00","dateModified":"2026-04-11T02:38:15+00:00","description":"Le Tern Quick Haul Long est un v\u00e9lo longtail compact et abordable. Pour des parents avec enfant ou pour se jeter \u00abdoucement\u00bb dans le monde du v\u00e9lo cargo.","breadcrumb":{"@id":"https:\/\/www.dumoulinbicyclettes.com\/produit\/tern-quick-haul-long-d9\/#breadcrumb"},"inLanguage":"en-US","potentialAction":[{"@type":"ReadAction","target":["https:\/\/www.dumoulinbicyclettes.com\/produit\/tern-quick-haul-long-d9\/"]}]},{"@type":"ImageObject","inLanguage":"en-US","@id":"https:\/\/www.dumoulinbicyclettes.com\/produit\/tern-quick-haul-long-d9\/#primaryimage","url":"https:\/\/www.dumoulinbicyclettes.com\/wp-content\/uploads\/2025\/03\/Tern_Quick_Haul_Long_D9_Noir_Montreal_Quebec_Dumoulin_Bicyclettes_long-tail-0.jpg","contentUrl":"https:\/\/www.dumoulinbicyclettes.com\/wp-content\/uploads\/2025\/03\/Tern_Quick_Haul_Long_D9_Noir_Montreal_Quebec_Dumoulin_Bicyclettes_long-tail-0.jpg","width":2400,"height":1600,"caption":"Tern_Quick_Haul_Long_D9_Noir_Montreal_Quebec_Dumoulin_Bicyclettes_long-tail-0"},{"@type":"BreadcrumbList","@id":"https:\/\/www.dumoulinbicyclettes.com\/produit\/tern-quick-haul-long-d9\/#breadcrumb","itemListElement":[{"@type":"ListItem","position":1,"name":"Home","item":"https:\/\/www.dumoulinbicyclettes.com\/en\/"},{"@type":"ListItem","position":2,"name":"Shop","item":"https:\/\/www.dumoulinbicyclettes.com\/en\/shop\/"},{"@type":"ListItem","position":3,"name":"Tern Quick Haul Long"}]},{"@type":"WebSite","@id":"https:\/\/www.dumoulinbicyclettes.com\/#website","url":"https:\/\/www.dumoulinbicyclettes.com\/","name":"Dumoulin Bicyclettes","description":"","publisher":{"@id":"https:\/\/www.dumoulinbicyclettes.com\/#organization"},"potentialAction":[{"@type":"SearchAction","target":{"@type":"EntryPoint","urlTemplate":"https:\/\/www.dumoulinbicyclettes.com\/?s={search_term_string}"},"query-input":{"@type":"PropertyValueSpecification","valueRequired":true,"valueName":"search_term_string"}}],"inLanguage":"en-US"},{"@type":"Organization","@id":"https:\/\/www.dumoulinbicyclettes.com\/#organization","name":"Dumoulin Bicyclettes","url":"https:\/\/www.dumoulinbicyclettes.com\/","logo":{"@type":"ImageObject","inLanguage":"en-US","@id":"https:\/\/www.dumoulinbicyclettes.com\/#\/schema\/logo\/image\/","url":"https:\/\/www.dumoulinbicyclettes.com\/wp-content\/uploads\/2021\/04\/Logo.svg","contentUrl":"https:\/\/www.dumoulinbicyclettes.com\/wp-content\/uploads\/2021\/04\/Logo.svg","width":254,"height":86,"caption":"Dumoulin Bicyclettes"},"image":{"@id":"https:\/\/www.dumoulinbicyclettes.com\/#\/schema\/logo\/image\/"},"sameAs":["https:\/\/www.facebook.com\/dumoulinbicyclettes","https:\/\/www.instagram.com\/dumoulin.ca\/","https:\/\/www.youtube.com\/user\/dumoulinbicyclettes"]}]}},"_links":{"self":[{"href":"https:\/\/www.dumoulinbicyclettes.com\/en\/wp-json\/wp\/v2\/product\/567161","targetHints":{"allow":["GET"]}}],"collection":[{"href":"https:\/\/www.dumoulinbicyclettes.com\/en\/wp-json\/wp\/v2\/product"}],"about":[{"href":"https:\/\/www.dumoulinbicyclettes.com\/en\/wp-json\/wp\/v2\/types\/product"}],"wp:featuredmedia":[{"embeddable":true,"href":"https:\/\/www.dumoulinbicyclettes.com\/en\/wp-json\/wp\/v2\/media\/567164"}],"wp:attachment":[{"href":"https:\/\/www.dumoulinbicyclettes.com\/en\/wp-json\/wp\/v2\/media?parent=567161"}],"wp:term":[{"taxonomy":"product_brand","embeddable":true,"href":"https:\/\/www.dumoulinbicyclettes.com\/en\/wp-json\/wp\/v2\/product_brand?post=567161"},{"taxonomy":"product_cat","embeddable":true,"href":"https:\/\/www.dumoulinbicyclettes.com\/en\/wp-json\/wp\/v2\/product_cat?post=567161"},{"taxonomy":"product_tag","embeddable":true,"href":"https:\/\/www.dumoulinbicyclettes.com\/en\/wp-json\/wp\/v2\/product_tag?post=567161"},{"taxonomy":"marque-produit","embeddable":true,"href":"https:\/\/www.dumoulinbicyclettes.com\/en\/wp-json\/wp\/v2\/marque-produit?post=567161"},{"taxonomy":"collection-produit","embeddable":true,"href":"https:\/\/www.dumoulinbicyclettes.com\/en\/wp-json\/wp\/v2\/collection-produit?post=567161"},{"taxonomy":"type-surface-produit","embeddable":true,"href":"https:\/\/www.dumoulinbicyclettes.com\/en\/wp-json\/wp\/v2\/type-surface-produit?post=567161"},{"taxonomy":"type-velo-produit","embeddable":true,"href":"https:\/\/www.dumoulinbicyclettes.com\/en\/wp-json\/wp\/v2\/type-velo-produit?post=567161"},{"taxonomy":"vetement-produit","embeddable":true,"href":"https:\/\/www.dumoulinbicyclettes.com\/en\/wp-json\/wp\/v2\/vetement-produit?post=567161"},{"taxonomy":"thematique-produit","embeddable":true,"href":"https:\/\/www.dumoulinbicyclettes.com\/en\/wp-json\/wp\/v2\/thematique-produit?post=567161"},{"taxonomy":"position-sur-le-v\u00e9lo","embeddable":true,"href":"https:\/\/www.dumoulinbicyclettes.com\/en\/wp-json\/wp\/v2\/position-sur-le-v\u00e9lo?post=567161"}],"curies":[{"name":"wp","href":"https:\/\/api.w.org\/{rel}","templated":true}]}}