{"id":568692,"date":"2025-03-11T16:09:43","date_gmt":"2025-03-11T20:09:43","guid":{"rendered":"http:\/\/www.dumoulinbicyclettes.com\/?post_type=product&#038;p=568692"},"modified":"2025-10-02T15:00:47","modified_gmt":"2025-10-02T19:00:47","slug":"trek-fx-2-gen-4","status":"publish","type":"product","link":"https:\/\/www.dumoulinbicyclettes.com\/en\/product\/trek-fx-2-gen-4\/","title":{"rendered":"Trek FX 2 Gen 4"},"content":{"rendered":"<p>Dans une version plus simple, le Trek FX 2 revient pour une nouvelle fois dominer notre classement des excellents v\u00e9los hybrides.<\/p>\n<p>Ce v\u00e9lo est plus que jamais tout indiqu\u00e9 pour \u00eatre transform\u00e9 en un tr\u00e8s bon v\u00e9lo de d\u00e9placements : transmission simple, freins fiables, facilit\u00e9 d&#8217;\u00e9quiper le v\u00e9lo de garde-boue, b\u00e9quilles, porte-bagages&#8230; Un choix \u00e0 consid\u00e9rer !<\/p>\n","protected":false},"excerpt":{"rendered":"<p>Dans une version plus simple, le Trek FX 2 revient pour une nouvelle fois dominer notre classement des excellents v\u00e9los hybrides. Ce v\u00e9lo est plus que jamais tout indiqu\u00e9 pour \u00eatre transform\u00e9 en un tr\u00e8s bon v\u00e9lo de d\u00e9placements : transmission simple, freins fiables, facilit\u00e9 d&#8217;\u00e9quiper le v\u00e9lo de garde-boue, b\u00e9quilles, porte-bagages&#8230; Un choix \u00e0 [&hellip;]<\/p>\n","protected":false},"featured_media":568698,"template":"","meta":{"_acf_changed":false},"product_brand":[],"product_cat":[171,1217],"product_tag":[3435,2284,2975,3452,2285,2194],"marque-produit":[1277],"collection-produit":[],"type-surface-produit":[],"type-velo-produit":[],"vetement-produit":[],"thematique-produit":[],"position-sur-le-v\u00e9lo":[],"class_list":{"0":"post-568692","1":"product","2":"type-product","3":"status-publish","4":"has-post-thumbnail","6":"product_cat-hybrides-performance","7":"product_cat-velos-hybrides","8":"product_tag-3435","9":"product_tag-fx","10":"product_tag-fx-2","11":"product_tag-gen-4","12":"product_tag-hybride","13":"product_tag-trek","14":"marque-produit-trek","16":"first","17":"instock","18":"taxable","19":"shipping-taxable","20":"purchasable","21":"product-type-variable"},"acf":[],"yoast_head":"<!-- This site is optimized with the Yoast SEO plugin v27.3 - https:\/\/yoast.com\/product\/yoast-seo-wordpress\/ -->\n<title>Trek FX 2 Gen 4 - Dumoulin Bicyclettes - V\u00e9lo hybride - Montr\u00e9al - Qu\u00e9bec<\/title>\n<meta name=\"description\" content=\"Un v\u00e9lo hybride, plus que jamais utile pour vos d\u00e9placements quotidiens. Simple, fiable, facile \u00e0 \u00e9quiper, avec une transmission Shimano Cues... On aime, et on conseille !\" \/>\n<meta name=\"robots\" content=\"index, follow, max-snippet:-1, max-image-preview:large, max-video-preview:-1\" \/>\n<link rel=\"canonical\" href=\"https:\/\/www.dumoulinbicyclettes.com\/produit\/trek-fx-2-gen-4\/\" \/>\n<meta property=\"og:locale\" content=\"en_US\" \/>\n<meta property=\"og:type\" content=\"article\" \/>\n<meta property=\"og:title\" content=\"Trek FX 2 Gen 4 - Dumoulin Bicyclettes - V\u00e9lo hybride - Montr\u00e9al - Qu\u00e9bec\" \/>\n<meta property=\"og:description\" content=\"Un v\u00e9lo hybride, plus que jamais utile pour vos d\u00e9placements quotidiens. Simple, fiable, facile \u00e0 \u00e9quiper, avec une transmission Shimano Cues... On aime, et on conseille !\" \/>\n<meta property=\"og:url\" content=\"https:\/\/www.dumoulinbicyclettes.com\/produit\/trek-fx-2-gen-4\/\" \/>\n<meta property=\"og:site_name\" content=\"Dumoulin Bicyclettes\" \/>\n<meta property=\"article:publisher\" content=\"https:\/\/www.facebook.com\/dumoulinbicyclettes\" \/>\n<meta property=\"article:modified_time\" content=\"2025-10-02T19:00:47+00:00\" \/>\n<meta property=\"og:image\" content=\"http:\/\/www.dumoulinbicyclettes.com\/wp-content\/uploads\/2025\/03\/Velo-hybride-Trek_FX-2-montreal-Quebec-Dumoulin_Bicyclettes.webp\" \/>\n\t<meta property=\"og:image:width\" content=\"1920\" \/>\n\t<meta property=\"og:image:height\" content=\"1440\" \/>\n\t<meta property=\"og:image:type\" content=\"image\/webp\" \/>\n<meta name=\"twitter:card\" content=\"summary_large_image\" \/>\n<meta name=\"twitter:label1\" content=\"Est. reading time\" \/>\n\t<meta name=\"twitter:data1\" content=\"1 minute\" \/>\n<script type=\"application\/ld+json\" class=\"yoast-schema-graph\">{\"@context\":\"https:\\\/\\\/schema.org\",\"@graph\":[{\"@type\":\"WebPage\",\"@id\":\"https:\\\/\\\/www.dumoulinbicyclettes.com\\\/produit\\\/trek-fx-2-gen-4\\\/\",\"url\":\"https:\\\/\\\/www.dumoulinbicyclettes.com\\\/produit\\\/trek-fx-2-gen-4\\\/\",\"name\":\"Trek FX 2 Gen 4 - Dumoulin Bicyclettes - V\u00e9lo hybride - Montr\u00e9al - Qu\u00e9bec\",\"isPartOf\":{\"@id\":\"https:\\\/\\\/www.dumoulinbicyclettes.com\\\/#website\"},\"primaryImageOfPage\":{\"@id\":\"https:\\\/\\\/www.dumoulinbicyclettes.com\\\/produit\\\/trek-fx-2-gen-4\\\/#primaryimage\"},\"image\":{\"@id\":\"https:\\\/\\\/www.dumoulinbicyclettes.com\\\/produit\\\/trek-fx-2-gen-4\\\/#primaryimage\"},\"thumbnailUrl\":\"https:\\\/\\\/www.dumoulinbicyclettes.com\\\/wp-content\\\/uploads\\\/2025\\\/03\\\/Velo-hybride-Trek_FX-2-montreal-Quebec-Dumoulin_Bicyclettes.webp\",\"datePublished\":\"2025-03-11T20:09:43+00:00\",\"dateModified\":\"2025-10-02T19:00:47+00:00\",\"description\":\"Un v\u00e9lo hybride, plus que jamais utile pour vos d\u00e9placements quotidiens. Simple, fiable, facile \u00e0 \u00e9quiper, avec une transmission Shimano Cues... On aime, et on conseille !\",\"breadcrumb\":{\"@id\":\"https:\\\/\\\/www.dumoulinbicyclettes.com\\\/produit\\\/trek-fx-2-gen-4\\\/#breadcrumb\"},\"inLanguage\":\"en-US\",\"potentialAction\":[{\"@type\":\"ReadAction\",\"target\":[\"https:\\\/\\\/www.dumoulinbicyclettes.com\\\/produit\\\/trek-fx-2-gen-4\\\/\"]}]},{\"@type\":\"ImageObject\",\"inLanguage\":\"en-US\",\"@id\":\"https:\\\/\\\/www.dumoulinbicyclettes.com\\\/produit\\\/trek-fx-2-gen-4\\\/#primaryimage\",\"url\":\"https:\\\/\\\/www.dumoulinbicyclettes.com\\\/wp-content\\\/uploads\\\/2025\\\/03\\\/Velo-hybride-Trek_FX-2-montreal-Quebec-Dumoulin_Bicyclettes.webp\",\"contentUrl\":\"https:\\\/\\\/www.dumoulinbicyclettes.com\\\/wp-content\\\/uploads\\\/2025\\\/03\\\/Velo-hybride-Trek_FX-2-montreal-Quebec-Dumoulin_Bicyclettes.webp\",\"width\":1920,\"height\":1440,\"caption\":\"Velo-hybride-Trek_FX-2-montreal-Quebec-Dumoulin_Bicyclettes\"},{\"@type\":\"BreadcrumbList\",\"@id\":\"https:\\\/\\\/www.dumoulinbicyclettes.com\\\/produit\\\/trek-fx-2-gen-4\\\/#breadcrumb\",\"itemListElement\":[{\"@type\":\"ListItem\",\"position\":1,\"name\":\"Home\",\"item\":\"https:\\\/\\\/www.dumoulinbicyclettes.com\\\/en\\\/\"},{\"@type\":\"ListItem\",\"position\":2,\"name\":\"Shop\",\"item\":\"https:\\\/\\\/www.dumoulinbicyclettes.com\\\/en\\\/shop\\\/\"},{\"@type\":\"ListItem\",\"position\":3,\"name\":\"Trek FX 2 Gen 4\"}]},{\"@type\":\"WebSite\",\"@id\":\"https:\\\/\\\/www.dumoulinbicyclettes.com\\\/#website\",\"url\":\"https:\\\/\\\/www.dumoulinbicyclettes.com\\\/\",\"name\":\"Dumoulin Bicyclettes\",\"description\":\"\",\"publisher\":{\"@id\":\"https:\\\/\\\/www.dumoulinbicyclettes.com\\\/#organization\"},\"potentialAction\":[{\"@type\":\"SearchAction\",\"target\":{\"@type\":\"EntryPoint\",\"urlTemplate\":\"https:\\\/\\\/www.dumoulinbicyclettes.com\\\/?s={search_term_string}\"},\"query-input\":{\"@type\":\"PropertyValueSpecification\",\"valueRequired\":true,\"valueName\":\"search_term_string\"}}],\"inLanguage\":\"en-US\"},{\"@type\":\"Organization\",\"@id\":\"https:\\\/\\\/www.dumoulinbicyclettes.com\\\/#organization\",\"name\":\"Dumoulin Bicyclettes\",\"url\":\"https:\\\/\\\/www.dumoulinbicyclettes.com\\\/\",\"logo\":{\"@type\":\"ImageObject\",\"inLanguage\":\"en-US\",\"@id\":\"https:\\\/\\\/www.dumoulinbicyclettes.com\\\/#\\\/schema\\\/logo\\\/image\\\/\",\"url\":\"https:\\\/\\\/www.dumoulinbicyclettes.com\\\/wp-content\\\/uploads\\\/2021\\\/04\\\/Logo.svg\",\"contentUrl\":\"https:\\\/\\\/www.dumoulinbicyclettes.com\\\/wp-content\\\/uploads\\\/2021\\\/04\\\/Logo.svg\",\"width\":254,\"height\":86,\"caption\":\"Dumoulin Bicyclettes\"},\"image\":{\"@id\":\"https:\\\/\\\/www.dumoulinbicyclettes.com\\\/#\\\/schema\\\/logo\\\/image\\\/\"},\"sameAs\":[\"https:\\\/\\\/www.facebook.com\\\/dumoulinbicyclettes\",\"https:\\\/\\\/www.instagram.com\\\/dumoulin.ca\\\/\",\"https:\\\/\\\/www.youtube.com\\\/user\\\/dumoulinbicyclettes\"]}]}<\/script>\n<!-- \/ Yoast SEO plugin. -->","yoast_head_json":{"title":"Trek FX 2 Gen 4 - Dumoulin Bicyclettes - V\u00e9lo hybride - Montr\u00e9al - Qu\u00e9bec","description":"Un v\u00e9lo hybride, plus que jamais utile pour vos d\u00e9placements quotidiens. Simple, fiable, facile \u00e0 \u00e9quiper, avec une transmission Shimano Cues... On aime, et on conseille !","robots":{"index":"index","follow":"follow","max-snippet":"max-snippet:-1","max-image-preview":"max-image-preview:large","max-video-preview":"max-video-preview:-1"},"canonical":"https:\/\/www.dumoulinbicyclettes.com\/produit\/trek-fx-2-gen-4\/","og_locale":"en_US","og_type":"article","og_title":"Trek FX 2 Gen 4 - Dumoulin Bicyclettes - V\u00e9lo hybride - Montr\u00e9al - Qu\u00e9bec","og_description":"Un v\u00e9lo hybride, plus que jamais utile pour vos d\u00e9placements quotidiens. Simple, fiable, facile \u00e0 \u00e9quiper, avec une transmission Shimano Cues... On aime, et on conseille !","og_url":"https:\/\/www.dumoulinbicyclettes.com\/produit\/trek-fx-2-gen-4\/","og_site_name":"Dumoulin Bicyclettes","article_publisher":"https:\/\/www.facebook.com\/dumoulinbicyclettes","article_modified_time":"2025-10-02T19:00:47+00:00","og_image":[{"width":1920,"height":1440,"url":"http:\/\/www.dumoulinbicyclettes.com\/wp-content\/uploads\/2025\/03\/Velo-hybride-Trek_FX-2-montreal-Quebec-Dumoulin_Bicyclettes.webp","type":"image\/webp"}],"twitter_card":"summary_large_image","twitter_misc":{"Est. reading time":"1 minute"},"schema":{"@context":"https:\/\/schema.org","@graph":[{"@type":"WebPage","@id":"https:\/\/www.dumoulinbicyclettes.com\/produit\/trek-fx-2-gen-4\/","url":"https:\/\/www.dumoulinbicyclettes.com\/produit\/trek-fx-2-gen-4\/","name":"Trek FX 2 Gen 4 - Dumoulin Bicyclettes - V\u00e9lo hybride - Montr\u00e9al - Qu\u00e9bec","isPartOf":{"@id":"https:\/\/www.dumoulinbicyclettes.com\/#website"},"primaryImageOfPage":{"@id":"https:\/\/www.dumoulinbicyclettes.com\/produit\/trek-fx-2-gen-4\/#primaryimage"},"image":{"@id":"https:\/\/www.dumoulinbicyclettes.com\/produit\/trek-fx-2-gen-4\/#primaryimage"},"thumbnailUrl":"https:\/\/www.dumoulinbicyclettes.com\/wp-content\/uploads\/2025\/03\/Velo-hybride-Trek_FX-2-montreal-Quebec-Dumoulin_Bicyclettes.webp","datePublished":"2025-03-11T20:09:43+00:00","dateModified":"2025-10-02T19:00:47+00:00","description":"Un v\u00e9lo hybride, plus que jamais utile pour vos d\u00e9placements quotidiens. Simple, fiable, facile \u00e0 \u00e9quiper, avec une transmission Shimano Cues... On aime, et on conseille !","breadcrumb":{"@id":"https:\/\/www.dumoulinbicyclettes.com\/produit\/trek-fx-2-gen-4\/#breadcrumb"},"inLanguage":"en-US","potentialAction":[{"@type":"ReadAction","target":["https:\/\/www.dumoulinbicyclettes.com\/produit\/trek-fx-2-gen-4\/"]}]},{"@type":"ImageObject","inLanguage":"en-US","@id":"https:\/\/www.dumoulinbicyclettes.com\/produit\/trek-fx-2-gen-4\/#primaryimage","url":"https:\/\/www.dumoulinbicyclettes.com\/wp-content\/uploads\/2025\/03\/Velo-hybride-Trek_FX-2-montreal-Quebec-Dumoulin_Bicyclettes.webp","contentUrl":"https:\/\/www.dumoulinbicyclettes.com\/wp-content\/uploads\/2025\/03\/Velo-hybride-Trek_FX-2-montreal-Quebec-Dumoulin_Bicyclettes.webp","width":1920,"height":1440,"caption":"Velo-hybride-Trek_FX-2-montreal-Quebec-Dumoulin_Bicyclettes"},{"@type":"BreadcrumbList","@id":"https:\/\/www.dumoulinbicyclettes.com\/produit\/trek-fx-2-gen-4\/#breadcrumb","itemListElement":[{"@type":"ListItem","position":1,"name":"Home","item":"https:\/\/www.dumoulinbicyclettes.com\/en\/"},{"@type":"ListItem","position":2,"name":"Shop","item":"https:\/\/www.dumoulinbicyclettes.com\/en\/shop\/"},{"@type":"ListItem","position":3,"name":"Trek FX 2 Gen 4"}]},{"@type":"WebSite","@id":"https:\/\/www.dumoulinbicyclettes.com\/#website","url":"https:\/\/www.dumoulinbicyclettes.com\/","name":"Dumoulin Bicyclettes","description":"","publisher":{"@id":"https:\/\/www.dumoulinbicyclettes.com\/#organization"},"potentialAction":[{"@type":"SearchAction","target":{"@type":"EntryPoint","urlTemplate":"https:\/\/www.dumoulinbicyclettes.com\/?s={search_term_string}"},"query-input":{"@type":"PropertyValueSpecification","valueRequired":true,"valueName":"search_term_string"}}],"inLanguage":"en-US"},{"@type":"Organization","@id":"https:\/\/www.dumoulinbicyclettes.com\/#organization","name":"Dumoulin Bicyclettes","url":"https:\/\/www.dumoulinbicyclettes.com\/","logo":{"@type":"ImageObject","inLanguage":"en-US","@id":"https:\/\/www.dumoulinbicyclettes.com\/#\/schema\/logo\/image\/","url":"https:\/\/www.dumoulinbicyclettes.com\/wp-content\/uploads\/2021\/04\/Logo.svg","contentUrl":"https:\/\/www.dumoulinbicyclettes.com\/wp-content\/uploads\/2021\/04\/Logo.svg","width":254,"height":86,"caption":"Dumoulin Bicyclettes"},"image":{"@id":"https:\/\/www.dumoulinbicyclettes.com\/#\/schema\/logo\/image\/"},"sameAs":["https:\/\/www.facebook.com\/dumoulinbicyclettes","https:\/\/www.instagram.com\/dumoulin.ca\/","https:\/\/www.youtube.com\/user\/dumoulinbicyclettes"]}]}},"_links":{"self":[{"href":"https:\/\/www.dumoulinbicyclettes.com\/en\/wp-json\/wp\/v2\/product\/568692","targetHints":{"allow":["GET"]}}],"collection":[{"href":"https:\/\/www.dumoulinbicyclettes.com\/en\/wp-json\/wp\/v2\/product"}],"about":[{"href":"https:\/\/www.dumoulinbicyclettes.com\/en\/wp-json\/wp\/v2\/types\/product"}],"wp:featuredmedia":[{"embeddable":true,"href":"https:\/\/www.dumoulinbicyclettes.com\/en\/wp-json\/wp\/v2\/media\/568698"}],"wp:attachment":[{"href":"https:\/\/www.dumoulinbicyclettes.com\/en\/wp-json\/wp\/v2\/media?parent=568692"}],"wp:term":[{"taxonomy":"product_brand","embeddable":true,"href":"https:\/\/www.dumoulinbicyclettes.com\/en\/wp-json\/wp\/v2\/product_brand?post=568692"},{"taxonomy":"product_cat","embeddable":true,"href":"https:\/\/www.dumoulinbicyclettes.com\/en\/wp-json\/wp\/v2\/product_cat?post=568692"},{"taxonomy":"product_tag","embeddable":true,"href":"https:\/\/www.dumoulinbicyclettes.com\/en\/wp-json\/wp\/v2\/product_tag?post=568692"},{"taxonomy":"marque-produit","embeddable":true,"href":"https:\/\/www.dumoulinbicyclettes.com\/en\/wp-json\/wp\/v2\/marque-produit?post=568692"},{"taxonomy":"collection-produit","embeddable":true,"href":"https:\/\/www.dumoulinbicyclettes.com\/en\/wp-json\/wp\/v2\/collection-produit?post=568692"},{"taxonomy":"type-surface-produit","embeddable":true,"href":"https:\/\/www.dumoulinbicyclettes.com\/en\/wp-json\/wp\/v2\/type-surface-produit?post=568692"},{"taxonomy":"type-velo-produit","embeddable":true,"href":"https:\/\/www.dumoulinbicyclettes.com\/en\/wp-json\/wp\/v2\/type-velo-produit?post=568692"},{"taxonomy":"vetement-produit","embeddable":true,"href":"https:\/\/www.dumoulinbicyclettes.com\/en\/wp-json\/wp\/v2\/vetement-produit?post=568692"},{"taxonomy":"thematique-produit","embeddable":true,"href":"https:\/\/www.dumoulinbicyclettes.com\/en\/wp-json\/wp\/v2\/thematique-produit?post=568692"},{"taxonomy":"position-sur-le-v\u00e9lo","embeddable":true,"href":"https:\/\/www.dumoulinbicyclettes.com\/en\/wp-json\/wp\/v2\/position-sur-le-v\u00e9lo?post=568692"}],"curies":[{"name":"wp","href":"https:\/\/api.w.org\/{rel}","templated":true}]}}