{"id":574271,"date":"2025-03-17T15:08:50","date_gmt":"2025-03-17T19:08:50","guid":{"rendered":"http:\/\/www.dumoulinbicyclettes.com\/?post_type=product&#038;p=574271"},"modified":"2025-09-29T19:31:43","modified_gmt":"2025-09-29T23:31:43","slug":"tern-hsd-p5i","status":"publish","type":"product","link":"https:\/\/www.dumoulinbicyclettes.com\/en\/product\/tern-hsd-p5i\/","title":{"rendered":"Tern HSD P5i"},"content":{"rendered":"<p>V\u00e9lo \u00e0 assistance \u00e9lectrique <strong>Tern HSD P5i<\/strong>, avec motorisation Bosch Performance Line Smart system et une batterie de 545Wh.<\/p>\n<p>Le Tern HSD p5i est \u00e9quip\u00e9 du tr\u00e8s bon moyeu Shimano Nexus 5 et d&#8217;une courroie <a href=\"https:\/\/www.dumoulinbicyclettes.com\/courroie-kevlar-gates-carbon-drive\/\">Gates Carbon Drive<\/a> : changement de vitesses simples et pas de soucis avec une chaine \u00e0 lubrifier ou nettoyer.<\/p>\n","protected":false},"excerpt":{"rendered":"<p>V\u00e9lo \u00e0 assistance \u00e9lectrique Tern HSD P5i, avec motorisation Bosch Performance Line Smart system et une batterie de 545Wh. Le Tern HSD p5i est \u00e9quip\u00e9 du tr\u00e8s bon moyeu Shimano Nexus 5 et d&#8217;une courroie Gates Carbon Drive : changement de vitesses simples et pas de soucis avec une chaine \u00e0 lubrifier ou nettoyer.<\/p>\n","protected":false},"featured_media":586441,"template":"","meta":{"_acf_changed":false},"product_brand":[],"product_cat":[1566,169,165],"product_tag":[2203,2839],"marque-produit":[154],"collection-produit":[],"type-surface-produit":[],"type-velo-produit":[1248,1255],"vetement-produit":[],"thematique-produit":[],"position-sur-le-v\u00e9lo":[],"class_list":{"0":"post-574271","1":"product","2":"type-product","3":"status-publish","4":"has-post-thumbnail","6":"product_cat-cargo","7":"product_cat-transport-denfant","8":"product_cat-velo-electriques","9":"product_tag-tern","10":"product_tag-tern-hsd","11":"marque-produit-tern","12":"type-velo-produit-cargo","13":"type-velo-produit-velo-electriques","15":"first","16":"instock","17":"taxable","18":"shipping-taxable","19":"purchasable","20":"product-type-variable"},"acf":[],"yoast_head":"<!-- This site is optimized with the Yoast SEO plugin v27.3 - https:\/\/yoast.com\/product\/yoast-seo-wordpress\/ -->\n<title>Tern HSD P5i - Dumoulin Bicyclettes | Montr\u00e9al | Qu\u00e9bec | Tern Bicycles Canada<\/title>\n<meta name=\"description\" content=\"Le Tern HSD P5i est un v\u00e9lo \u00e9lectrique compact et super capable. Ce v\u00e9lo se glisse partout avec aisance, y compris dans votre vie quotidienne !\" \/>\n<meta name=\"robots\" content=\"index, follow, max-snippet:-1, max-image-preview:large, max-video-preview:-1\" \/>\n<link rel=\"canonical\" href=\"https:\/\/www.dumoulinbicyclettes.com\/produit\/tern-hsd-p5i\/\" \/>\n<meta property=\"og:locale\" content=\"en_US\" \/>\n<meta property=\"og:type\" content=\"article\" \/>\n<meta property=\"og:title\" content=\"Tern HSD P5i - Dumoulin Bicyclettes | Montr\u00e9al | Qu\u00e9bec | Tern Bicycles Canada\" \/>\n<meta property=\"og:description\" content=\"Le Tern HSD P5i est un v\u00e9lo \u00e9lectrique compact et super capable. Ce v\u00e9lo se glisse partout avec aisance, y compris dans votre vie quotidienne !\" \/>\n<meta property=\"og:url\" content=\"https:\/\/www.dumoulinbicyclettes.com\/produit\/tern-hsd-p5i\/\" \/>\n<meta property=\"og:site_name\" content=\"Dumoulin Bicyclettes\" \/>\n<meta property=\"article:publisher\" content=\"https:\/\/www.facebook.com\/dumoulinbicyclettes\" \/>\n<meta property=\"article:modified_time\" content=\"2025-09-29T23:31:43+00:00\" \/>\n<meta property=\"og:image\" content=\"http:\/\/www.dumoulinbicyclettes.com\/wp-content\/uploads\/2025\/03\/tern-hsd-p5i-montreal-quebec-velos-electriques-cargo.jpg\" \/>\n\t<meta property=\"og:image:width\" content=\"1200\" \/>\n\t<meta property=\"og:image:height\" content=\"800\" \/>\n\t<meta property=\"og:image:type\" content=\"image\/jpeg\" \/>\n<meta name=\"twitter:card\" content=\"summary_large_image\" \/>\n<meta name=\"twitter:label1\" content=\"Est. reading time\" \/>\n\t<meta name=\"twitter:data1\" content=\"1 minute\" \/>\n<script type=\"application\/ld+json\" class=\"yoast-schema-graph\">{\"@context\":\"https:\\\/\\\/schema.org\",\"@graph\":[{\"@type\":\"WebPage\",\"@id\":\"https:\\\/\\\/www.dumoulinbicyclettes.com\\\/produit\\\/tern-hsd-p5i\\\/\",\"url\":\"https:\\\/\\\/www.dumoulinbicyclettes.com\\\/produit\\\/tern-hsd-p5i\\\/\",\"name\":\"Tern HSD P5i - Dumoulin Bicyclettes | Montr\u00e9al | Qu\u00e9bec | Tern Bicycles Canada\",\"isPartOf\":{\"@id\":\"https:\\\/\\\/www.dumoulinbicyclettes.com\\\/#website\"},\"primaryImageOfPage\":{\"@id\":\"https:\\\/\\\/www.dumoulinbicyclettes.com\\\/produit\\\/tern-hsd-p5i\\\/#primaryimage\"},\"image\":{\"@id\":\"https:\\\/\\\/www.dumoulinbicyclettes.com\\\/produit\\\/tern-hsd-p5i\\\/#primaryimage\"},\"thumbnailUrl\":\"https:\\\/\\\/www.dumoulinbicyclettes.com\\\/wp-content\\\/uploads\\\/2025\\\/03\\\/tern-hsd-p5i-montreal-quebec-velos-electriques-cargo.jpg\",\"datePublished\":\"2025-03-17T19:08:50+00:00\",\"dateModified\":\"2025-09-29T23:31:43+00:00\",\"description\":\"Le Tern HSD P5i est un v\u00e9lo \u00e9lectrique compact et super capable. Ce v\u00e9lo se glisse partout avec aisance, y compris dans votre vie quotidienne !\",\"breadcrumb\":{\"@id\":\"https:\\\/\\\/www.dumoulinbicyclettes.com\\\/produit\\\/tern-hsd-p5i\\\/#breadcrumb\"},\"inLanguage\":\"en-US\",\"potentialAction\":[{\"@type\":\"ReadAction\",\"target\":[\"https:\\\/\\\/www.dumoulinbicyclettes.com\\\/produit\\\/tern-hsd-p5i\\\/\"]}]},{\"@type\":\"ImageObject\",\"inLanguage\":\"en-US\",\"@id\":\"https:\\\/\\\/www.dumoulinbicyclettes.com\\\/produit\\\/tern-hsd-p5i\\\/#primaryimage\",\"url\":\"https:\\\/\\\/www.dumoulinbicyclettes.com\\\/wp-content\\\/uploads\\\/2025\\\/03\\\/tern-hsd-p5i-montreal-quebec-velos-electriques-cargo.jpg\",\"contentUrl\":\"https:\\\/\\\/www.dumoulinbicyclettes.com\\\/wp-content\\\/uploads\\\/2025\\\/03\\\/tern-hsd-p5i-montreal-quebec-velos-electriques-cargo.jpg\",\"width\":1200,\"height\":800,\"caption\":\"tern-hsd-P5i-Montreal-Quebec-Ve\u0301los-electriques-cargo\"},{\"@type\":\"BreadcrumbList\",\"@id\":\"https:\\\/\\\/www.dumoulinbicyclettes.com\\\/produit\\\/tern-hsd-p5i\\\/#breadcrumb\",\"itemListElement\":[{\"@type\":\"ListItem\",\"position\":1,\"name\":\"Home\",\"item\":\"https:\\\/\\\/www.dumoulinbicyclettes.com\\\/en\\\/\"},{\"@type\":\"ListItem\",\"position\":2,\"name\":\"Shop\",\"item\":\"https:\\\/\\\/www.dumoulinbicyclettes.com\\\/en\\\/shop\\\/\"},{\"@type\":\"ListItem\",\"position\":3,\"name\":\"Tern HSD P5i\"}]},{\"@type\":\"WebSite\",\"@id\":\"https:\\\/\\\/www.dumoulinbicyclettes.com\\\/#website\",\"url\":\"https:\\\/\\\/www.dumoulinbicyclettes.com\\\/\",\"name\":\"Dumoulin Bicyclettes\",\"description\":\"\",\"publisher\":{\"@id\":\"https:\\\/\\\/www.dumoulinbicyclettes.com\\\/#organization\"},\"potentialAction\":[{\"@type\":\"SearchAction\",\"target\":{\"@type\":\"EntryPoint\",\"urlTemplate\":\"https:\\\/\\\/www.dumoulinbicyclettes.com\\\/?s={search_term_string}\"},\"query-input\":{\"@type\":\"PropertyValueSpecification\",\"valueRequired\":true,\"valueName\":\"search_term_string\"}}],\"inLanguage\":\"en-US\"},{\"@type\":\"Organization\",\"@id\":\"https:\\\/\\\/www.dumoulinbicyclettes.com\\\/#organization\",\"name\":\"Dumoulin Bicyclettes\",\"url\":\"https:\\\/\\\/www.dumoulinbicyclettes.com\\\/\",\"logo\":{\"@type\":\"ImageObject\",\"inLanguage\":\"en-US\",\"@id\":\"https:\\\/\\\/www.dumoulinbicyclettes.com\\\/#\\\/schema\\\/logo\\\/image\\\/\",\"url\":\"https:\\\/\\\/www.dumoulinbicyclettes.com\\\/wp-content\\\/uploads\\\/2021\\\/04\\\/Logo.svg\",\"contentUrl\":\"https:\\\/\\\/www.dumoulinbicyclettes.com\\\/wp-content\\\/uploads\\\/2021\\\/04\\\/Logo.svg\",\"width\":254,\"height\":86,\"caption\":\"Dumoulin Bicyclettes\"},\"image\":{\"@id\":\"https:\\\/\\\/www.dumoulinbicyclettes.com\\\/#\\\/schema\\\/logo\\\/image\\\/\"},\"sameAs\":[\"https:\\\/\\\/www.facebook.com\\\/dumoulinbicyclettes\",\"https:\\\/\\\/www.instagram.com\\\/dumoulin.ca\\\/\",\"https:\\\/\\\/www.youtube.com\\\/user\\\/dumoulinbicyclettes\"]}]}<\/script>\n<!-- \/ Yoast SEO plugin. -->","yoast_head_json":{"title":"Tern HSD P5i - Dumoulin Bicyclettes | Montr\u00e9al | Qu\u00e9bec | Tern Bicycles Canada","description":"Le Tern HSD P5i est un v\u00e9lo \u00e9lectrique compact et super capable. Ce v\u00e9lo se glisse partout avec aisance, y compris dans votre vie quotidienne !","robots":{"index":"index","follow":"follow","max-snippet":"max-snippet:-1","max-image-preview":"max-image-preview:large","max-video-preview":"max-video-preview:-1"},"canonical":"https:\/\/www.dumoulinbicyclettes.com\/produit\/tern-hsd-p5i\/","og_locale":"en_US","og_type":"article","og_title":"Tern HSD P5i - Dumoulin Bicyclettes | Montr\u00e9al | Qu\u00e9bec | Tern Bicycles Canada","og_description":"Le Tern HSD P5i est un v\u00e9lo \u00e9lectrique compact et super capable. Ce v\u00e9lo se glisse partout avec aisance, y compris dans votre vie quotidienne !","og_url":"https:\/\/www.dumoulinbicyclettes.com\/produit\/tern-hsd-p5i\/","og_site_name":"Dumoulin Bicyclettes","article_publisher":"https:\/\/www.facebook.com\/dumoulinbicyclettes","article_modified_time":"2025-09-29T23:31:43+00:00","og_image":[{"width":1200,"height":800,"url":"http:\/\/www.dumoulinbicyclettes.com\/wp-content\/uploads\/2025\/03\/tern-hsd-p5i-montreal-quebec-velos-electriques-cargo.jpg","type":"image\/jpeg"}],"twitter_card":"summary_large_image","twitter_misc":{"Est. reading time":"1 minute"},"schema":{"@context":"https:\/\/schema.org","@graph":[{"@type":"WebPage","@id":"https:\/\/www.dumoulinbicyclettes.com\/produit\/tern-hsd-p5i\/","url":"https:\/\/www.dumoulinbicyclettes.com\/produit\/tern-hsd-p5i\/","name":"Tern HSD P5i - Dumoulin Bicyclettes | Montr\u00e9al | Qu\u00e9bec | Tern Bicycles Canada","isPartOf":{"@id":"https:\/\/www.dumoulinbicyclettes.com\/#website"},"primaryImageOfPage":{"@id":"https:\/\/www.dumoulinbicyclettes.com\/produit\/tern-hsd-p5i\/#primaryimage"},"image":{"@id":"https:\/\/www.dumoulinbicyclettes.com\/produit\/tern-hsd-p5i\/#primaryimage"},"thumbnailUrl":"https:\/\/www.dumoulinbicyclettes.com\/wp-content\/uploads\/2025\/03\/tern-hsd-p5i-montreal-quebec-velos-electriques-cargo.jpg","datePublished":"2025-03-17T19:08:50+00:00","dateModified":"2025-09-29T23:31:43+00:00","description":"Le Tern HSD P5i est un v\u00e9lo \u00e9lectrique compact et super capable. Ce v\u00e9lo se glisse partout avec aisance, y compris dans votre vie quotidienne !","breadcrumb":{"@id":"https:\/\/www.dumoulinbicyclettes.com\/produit\/tern-hsd-p5i\/#breadcrumb"},"inLanguage":"en-US","potentialAction":[{"@type":"ReadAction","target":["https:\/\/www.dumoulinbicyclettes.com\/produit\/tern-hsd-p5i\/"]}]},{"@type":"ImageObject","inLanguage":"en-US","@id":"https:\/\/www.dumoulinbicyclettes.com\/produit\/tern-hsd-p5i\/#primaryimage","url":"https:\/\/www.dumoulinbicyclettes.com\/wp-content\/uploads\/2025\/03\/tern-hsd-p5i-montreal-quebec-velos-electriques-cargo.jpg","contentUrl":"https:\/\/www.dumoulinbicyclettes.com\/wp-content\/uploads\/2025\/03\/tern-hsd-p5i-montreal-quebec-velos-electriques-cargo.jpg","width":1200,"height":800,"caption":"tern-hsd-P5i-Montreal-Quebec-Ve\u0301los-electriques-cargo"},{"@type":"BreadcrumbList","@id":"https:\/\/www.dumoulinbicyclettes.com\/produit\/tern-hsd-p5i\/#breadcrumb","itemListElement":[{"@type":"ListItem","position":1,"name":"Home","item":"https:\/\/www.dumoulinbicyclettes.com\/en\/"},{"@type":"ListItem","position":2,"name":"Shop","item":"https:\/\/www.dumoulinbicyclettes.com\/en\/shop\/"},{"@type":"ListItem","position":3,"name":"Tern HSD P5i"}]},{"@type":"WebSite","@id":"https:\/\/www.dumoulinbicyclettes.com\/#website","url":"https:\/\/www.dumoulinbicyclettes.com\/","name":"Dumoulin Bicyclettes","description":"","publisher":{"@id":"https:\/\/www.dumoulinbicyclettes.com\/#organization"},"potentialAction":[{"@type":"SearchAction","target":{"@type":"EntryPoint","urlTemplate":"https:\/\/www.dumoulinbicyclettes.com\/?s={search_term_string}"},"query-input":{"@type":"PropertyValueSpecification","valueRequired":true,"valueName":"search_term_string"}}],"inLanguage":"en-US"},{"@type":"Organization","@id":"https:\/\/www.dumoulinbicyclettes.com\/#organization","name":"Dumoulin Bicyclettes","url":"https:\/\/www.dumoulinbicyclettes.com\/","logo":{"@type":"ImageObject","inLanguage":"en-US","@id":"https:\/\/www.dumoulinbicyclettes.com\/#\/schema\/logo\/image\/","url":"https:\/\/www.dumoulinbicyclettes.com\/wp-content\/uploads\/2021\/04\/Logo.svg","contentUrl":"https:\/\/www.dumoulinbicyclettes.com\/wp-content\/uploads\/2021\/04\/Logo.svg","width":254,"height":86,"caption":"Dumoulin Bicyclettes"},"image":{"@id":"https:\/\/www.dumoulinbicyclettes.com\/#\/schema\/logo\/image\/"},"sameAs":["https:\/\/www.facebook.com\/dumoulinbicyclettes","https:\/\/www.instagram.com\/dumoulin.ca\/","https:\/\/www.youtube.com\/user\/dumoulinbicyclettes"]}]}},"_links":{"self":[{"href":"https:\/\/www.dumoulinbicyclettes.com\/en\/wp-json\/wp\/v2\/product\/574271","targetHints":{"allow":["GET"]}}],"collection":[{"href":"https:\/\/www.dumoulinbicyclettes.com\/en\/wp-json\/wp\/v2\/product"}],"about":[{"href":"https:\/\/www.dumoulinbicyclettes.com\/en\/wp-json\/wp\/v2\/types\/product"}],"wp:featuredmedia":[{"embeddable":true,"href":"https:\/\/www.dumoulinbicyclettes.com\/en\/wp-json\/wp\/v2\/media\/586441"}],"wp:attachment":[{"href":"https:\/\/www.dumoulinbicyclettes.com\/en\/wp-json\/wp\/v2\/media?parent=574271"}],"wp:term":[{"taxonomy":"product_brand","embeddable":true,"href":"https:\/\/www.dumoulinbicyclettes.com\/en\/wp-json\/wp\/v2\/product_brand?post=574271"},{"taxonomy":"product_cat","embeddable":true,"href":"https:\/\/www.dumoulinbicyclettes.com\/en\/wp-json\/wp\/v2\/product_cat?post=574271"},{"taxonomy":"product_tag","embeddable":true,"href":"https:\/\/www.dumoulinbicyclettes.com\/en\/wp-json\/wp\/v2\/product_tag?post=574271"},{"taxonomy":"marque-produit","embeddable":true,"href":"https:\/\/www.dumoulinbicyclettes.com\/en\/wp-json\/wp\/v2\/marque-produit?post=574271"},{"taxonomy":"collection-produit","embeddable":true,"href":"https:\/\/www.dumoulinbicyclettes.com\/en\/wp-json\/wp\/v2\/collection-produit?post=574271"},{"taxonomy":"type-surface-produit","embeddable":true,"href":"https:\/\/www.dumoulinbicyclettes.com\/en\/wp-json\/wp\/v2\/type-surface-produit?post=574271"},{"taxonomy":"type-velo-produit","embeddable":true,"href":"https:\/\/www.dumoulinbicyclettes.com\/en\/wp-json\/wp\/v2\/type-velo-produit?post=574271"},{"taxonomy":"vetement-produit","embeddable":true,"href":"https:\/\/www.dumoulinbicyclettes.com\/en\/wp-json\/wp\/v2\/vetement-produit?post=574271"},{"taxonomy":"thematique-produit","embeddable":true,"href":"https:\/\/www.dumoulinbicyclettes.com\/en\/wp-json\/wp\/v2\/thematique-produit?post=574271"},{"taxonomy":"position-sur-le-v\u00e9lo","embeddable":true,"href":"https:\/\/www.dumoulinbicyclettes.com\/en\/wp-json\/wp\/v2\/position-sur-le-v\u00e9lo?post=574271"}],"curies":[{"name":"wp","href":"https:\/\/api.w.org\/{rel}","templated":true}]}}