{"id":577848,"date":"2025-03-21T16:11:21","date_gmt":"2025-03-21T20:11:21","guid":{"rendered":"http:\/\/www.dumoulinbicyclettes.com\/?post_type=product&#038;p=577848"},"modified":"2025-10-28T15:00:46","modified_gmt":"2025-10-28T19:00:46","slug":"lumiere-arriere-de-casque-lazer-universal-led","status":"publish","type":"product","link":"https:\/\/www.dumoulinbicyclettes.com\/en\/product\/lumiere-arriere-de-casque-lazer-universal-led\/","title":{"rendered":"Feu arri\u00e8re pour casques Lazer \u00abUniversal Led\u00bb"},"content":{"rendered":"<p>Cette lumi\u00e8re arri\u00e8re est destin\u00e9e \u00e0 s&#8217;installer sur les casques <a href=\"https:\/\/www.dumoulinbicyclettes.com\/categorie-produit\/accessoires\/casques\/?swoof=1&#038;marque-produit=lazer&#038;really_curr_tax=185-product_cat\" target=\"_blank\">Lazer<\/a>. Elle est forte et augmente ainsi votre s\u00e9curit\u00e9 sur la route : vous \u00eates plus visible.<\/p>\n<p>Voil\u00e0 pour la fonctionnalit\u00e9. On connait d\u00e9j\u00e0 l&#8217;int\u00e9r\u00eat de <a href=\"https:\/\/www.dumoulinbicyclettes.com\/casques-a-lumiere-avantages\/\" target=\"_blank\">jouir de lumi\u00e8res sur son casque<\/a>. Plusieurs marques l&#8217;int\u00e8grent plus ou moins bien. La petite lumi\u00e8re Lazer passe \u00e0 un autre niveau pour ce qui est de la commodit\u00e9. On vous la recommande chaudement \u00e0 l&#8217;achat des casques Lazer compatibles.<\/p>\n","protected":false},"excerpt":{"rendered":"<p>Cette lumi\u00e8re arri\u00e8re est destin\u00e9e \u00e0 s&#8217;installer sur les casques Lazer. Elle est forte et augmente ainsi votre s\u00e9curit\u00e9 sur la route : vous \u00eates plus visible. Voil\u00e0 pour la fonctionnalit\u00e9. On connait d\u00e9j\u00e0 l&#8217;int\u00e9r\u00eat de jouir de lumi\u00e8res sur son casque. Plusieurs marques l&#8217;int\u00e8grent plus ou moins bien. La petite lumi\u00e8re Lazer passe \u00e0 [&hellip;]<\/p>\n","protected":false},"featured_media":577832,"template":"","meta":{"_acf_changed":false},"product_brand":[],"product_cat":[186,212],"product_tag":[2396,3448],"marque-produit":[1393],"collection-produit":[],"type-surface-produit":[],"type-velo-produit":[],"vetement-produit":[],"thematique-produit":[],"position-sur-le-v\u00e9lo":[],"class_list":{"0":"post-577848","1":"product","2":"type-product","3":"status-publish","4":"has-post-thumbnail","6":"product_cat-adultes","7":"product_cat-arriere","8":"product_tag-lazer","9":"product_tag-lumiere-de-casque","10":"marque-produit-lazer","12":"first","13":"instock","14":"taxable","15":"shipping-taxable","16":"purchasable","17":"product-type-simple"},"acf":[],"yoast_head":"<!-- This site is optimized with the Yoast SEO plugin v27.3 - https:\/\/yoast.com\/product\/yoast-seo-wordpress\/ -->\n<title>Feu arri\u00e8re pour casques Lazer \u00abUniversal Led\u00bb - Dumoulin Bicyclettes<\/title>\n<meta name=\"description\" content=\"Lumi\u00e8re rechargeable qui s&#039;installe super facilement sur les casques Lazer compatibles. L\u00e9g\u00e8re, mais puissante, elle augmente votre s\u00e9curit\u00e9 sur la route.\" \/>\n<meta name=\"robots\" content=\"index, follow, max-snippet:-1, max-image-preview:large, max-video-preview:-1\" \/>\n<link rel=\"canonical\" href=\"https:\/\/www.dumoulinbicyclettes.com\/produit\/lumiere-arriere-de-casque-lazer-universal-led\/\" \/>\n<meta property=\"og:locale\" content=\"en_US\" \/>\n<meta property=\"og:type\" content=\"article\" \/>\n<meta property=\"og:title\" content=\"Feu arri\u00e8re pour casques Lazer \u00abUniversal Led\u00bb - Dumoulin Bicyclettes\" \/>\n<meta property=\"og:description\" content=\"Lumi\u00e8re rechargeable qui s&#039;installe super facilement sur les casques Lazer compatibles. L\u00e9g\u00e8re, mais puissante, elle augmente votre s\u00e9curit\u00e9 sur la route.\" \/>\n<meta property=\"og:url\" content=\"https:\/\/www.dumoulinbicyclettes.com\/produit\/lumiere-arriere-de-casque-lazer-universal-led\/\" \/>\n<meta property=\"og:site_name\" content=\"Dumoulin Bicyclettes\" \/>\n<meta property=\"article:publisher\" content=\"https:\/\/www.facebook.com\/dumoulinbicyclettes\" \/>\n<meta property=\"article:modified_time\" content=\"2025-10-28T19:00:46+00:00\" \/>\n<meta property=\"og:image\" content=\"http:\/\/www.dumoulinbicyclettes.com\/wp-content\/uploads\/2025\/03\/lumiere-de-casque-de-velo-lazer-universal-led-dumoulin-bicyclettes-montreal-2025-03-21-at-14-48-19-universal-rechargeable-led-taillight-lazer-helmets-canada-lazer-sport-canada.jpeg\" \/>\n\t<meta property=\"og:image:width\" content=\"1188\" \/>\n\t<meta property=\"og:image:height\" content=\"1188\" \/>\n\t<meta property=\"og:image:type\" content=\"image\/jpeg\" \/>\n<meta name=\"twitter:card\" content=\"summary_large_image\" \/>\n<meta name=\"twitter:label1\" content=\"Est. reading time\" \/>\n\t<meta name=\"twitter:data1\" content=\"1 minute\" \/>\n<script type=\"application\/ld+json\" class=\"yoast-schema-graph\">{\"@context\":\"https:\\\/\\\/schema.org\",\"@graph\":[{\"@type\":\"WebPage\",\"@id\":\"https:\\\/\\\/www.dumoulinbicyclettes.com\\\/produit\\\/lumiere-arriere-de-casque-lazer-universal-led\\\/\",\"url\":\"https:\\\/\\\/www.dumoulinbicyclettes.com\\\/produit\\\/lumiere-arriere-de-casque-lazer-universal-led\\\/\",\"name\":\"Feu arri\u00e8re pour casques Lazer \u00abUniversal Led\u00bb - Dumoulin Bicyclettes\",\"isPartOf\":{\"@id\":\"https:\\\/\\\/www.dumoulinbicyclettes.com\\\/#website\"},\"primaryImageOfPage\":{\"@id\":\"https:\\\/\\\/www.dumoulinbicyclettes.com\\\/produit\\\/lumiere-arriere-de-casque-lazer-universal-led\\\/#primaryimage\"},\"image\":{\"@id\":\"https:\\\/\\\/www.dumoulinbicyclettes.com\\\/produit\\\/lumiere-arriere-de-casque-lazer-universal-led\\\/#primaryimage\"},\"thumbnailUrl\":\"https:\\\/\\\/www.dumoulinbicyclettes.com\\\/wp-content\\\/uploads\\\/2025\\\/03\\\/lumiere-de-casque-de-velo-lazer-universal-led-dumoulin-bicyclettes-montreal-2025-03-21-at-14-48-19-universal-rechargeable-led-taillight-lazer-helmets-canada-lazer-sport-canada.jpeg\",\"datePublished\":\"2025-03-21T20:11:21+00:00\",\"dateModified\":\"2025-10-28T19:00:46+00:00\",\"description\":\"Lumi\u00e8re rechargeable qui s'installe super facilement sur les casques Lazer compatibles. L\u00e9g\u00e8re, mais puissante, elle augmente votre s\u00e9curit\u00e9 sur la route.\",\"breadcrumb\":{\"@id\":\"https:\\\/\\\/www.dumoulinbicyclettes.com\\\/produit\\\/lumiere-arriere-de-casque-lazer-universal-led\\\/#breadcrumb\"},\"inLanguage\":\"en-US\",\"potentialAction\":[{\"@type\":\"ReadAction\",\"target\":[\"https:\\\/\\\/www.dumoulinbicyclettes.com\\\/produit\\\/lumiere-arriere-de-casque-lazer-universal-led\\\/\"]}]},{\"@type\":\"ImageObject\",\"inLanguage\":\"en-US\",\"@id\":\"https:\\\/\\\/www.dumoulinbicyclettes.com\\\/produit\\\/lumiere-arriere-de-casque-lazer-universal-led\\\/#primaryimage\",\"url\":\"https:\\\/\\\/www.dumoulinbicyclettes.com\\\/wp-content\\\/uploads\\\/2025\\\/03\\\/lumiere-de-casque-de-velo-lazer-universal-led-dumoulin-bicyclettes-montreal-2025-03-21-at-14-48-19-universal-rechargeable-led-taillight-lazer-helmets-canada-lazer-sport-canada.jpeg\",\"contentUrl\":\"https:\\\/\\\/www.dumoulinbicyclettes.com\\\/wp-content\\\/uploads\\\/2025\\\/03\\\/lumiere-de-casque-de-velo-lazer-universal-led-dumoulin-bicyclettes-montreal-2025-03-21-at-14-48-19-universal-rechargeable-led-taillight-lazer-helmets-canada-lazer-sport-canada.jpeg\",\"width\":1188,\"height\":1188,\"caption\":\"Lumiere-de-casque-de-velo-Lazer-Universal_led-Dumoulin_bicyclettes-Montreal 2025-03-21 at 14-48-19 Universal Rechargeable LED Taillight Lazer Helmets Canada \u2013 Lazer Sport Canada\"},{\"@type\":\"BreadcrumbList\",\"@id\":\"https:\\\/\\\/www.dumoulinbicyclettes.com\\\/produit\\\/lumiere-arriere-de-casque-lazer-universal-led\\\/#breadcrumb\",\"itemListElement\":[{\"@type\":\"ListItem\",\"position\":1,\"name\":\"Home\",\"item\":\"https:\\\/\\\/www.dumoulinbicyclettes.com\\\/en\\\/\"},{\"@type\":\"ListItem\",\"position\":2,\"name\":\"Shop\",\"item\":\"https:\\\/\\\/www.dumoulinbicyclettes.com\\\/en\\\/shop\\\/\"},{\"@type\":\"ListItem\",\"position\":3,\"name\":\"Feu arri\u00e8re pour casques Lazer \u00abUniversal Led\u00bb\"}]},{\"@type\":\"WebSite\",\"@id\":\"https:\\\/\\\/www.dumoulinbicyclettes.com\\\/#website\",\"url\":\"https:\\\/\\\/www.dumoulinbicyclettes.com\\\/\",\"name\":\"Dumoulin Bicyclettes\",\"description\":\"\",\"publisher\":{\"@id\":\"https:\\\/\\\/www.dumoulinbicyclettes.com\\\/#organization\"},\"potentialAction\":[{\"@type\":\"SearchAction\",\"target\":{\"@type\":\"EntryPoint\",\"urlTemplate\":\"https:\\\/\\\/www.dumoulinbicyclettes.com\\\/?s={search_term_string}\"},\"query-input\":{\"@type\":\"PropertyValueSpecification\",\"valueRequired\":true,\"valueName\":\"search_term_string\"}}],\"inLanguage\":\"en-US\"},{\"@type\":\"Organization\",\"@id\":\"https:\\\/\\\/www.dumoulinbicyclettes.com\\\/#organization\",\"name\":\"Dumoulin Bicyclettes\",\"url\":\"https:\\\/\\\/www.dumoulinbicyclettes.com\\\/\",\"logo\":{\"@type\":\"ImageObject\",\"inLanguage\":\"en-US\",\"@id\":\"https:\\\/\\\/www.dumoulinbicyclettes.com\\\/#\\\/schema\\\/logo\\\/image\\\/\",\"url\":\"https:\\\/\\\/www.dumoulinbicyclettes.com\\\/wp-content\\\/uploads\\\/2021\\\/04\\\/Logo.svg\",\"contentUrl\":\"https:\\\/\\\/www.dumoulinbicyclettes.com\\\/wp-content\\\/uploads\\\/2021\\\/04\\\/Logo.svg\",\"width\":254,\"height\":86,\"caption\":\"Dumoulin Bicyclettes\"},\"image\":{\"@id\":\"https:\\\/\\\/www.dumoulinbicyclettes.com\\\/#\\\/schema\\\/logo\\\/image\\\/\"},\"sameAs\":[\"https:\\\/\\\/www.facebook.com\\\/dumoulinbicyclettes\",\"https:\\\/\\\/www.instagram.com\\\/dumoulin.ca\\\/\",\"https:\\\/\\\/www.youtube.com\\\/user\\\/dumoulinbicyclettes\"]}]}<\/script>\n<!-- \/ Yoast SEO plugin. -->","yoast_head_json":{"title":"Feu arri\u00e8re pour casques Lazer \u00abUniversal Led\u00bb - Dumoulin Bicyclettes","description":"Lumi\u00e8re rechargeable qui s'installe super facilement sur les casques Lazer compatibles. L\u00e9g\u00e8re, mais puissante, elle augmente votre s\u00e9curit\u00e9 sur la route.","robots":{"index":"index","follow":"follow","max-snippet":"max-snippet:-1","max-image-preview":"max-image-preview:large","max-video-preview":"max-video-preview:-1"},"canonical":"https:\/\/www.dumoulinbicyclettes.com\/produit\/lumiere-arriere-de-casque-lazer-universal-led\/","og_locale":"en_US","og_type":"article","og_title":"Feu arri\u00e8re pour casques Lazer \u00abUniversal Led\u00bb - Dumoulin Bicyclettes","og_description":"Lumi\u00e8re rechargeable qui s'installe super facilement sur les casques Lazer compatibles. L\u00e9g\u00e8re, mais puissante, elle augmente votre s\u00e9curit\u00e9 sur la route.","og_url":"https:\/\/www.dumoulinbicyclettes.com\/produit\/lumiere-arriere-de-casque-lazer-universal-led\/","og_site_name":"Dumoulin Bicyclettes","article_publisher":"https:\/\/www.facebook.com\/dumoulinbicyclettes","article_modified_time":"2025-10-28T19:00:46+00:00","og_image":[{"width":1188,"height":1188,"url":"http:\/\/www.dumoulinbicyclettes.com\/wp-content\/uploads\/2025\/03\/lumiere-de-casque-de-velo-lazer-universal-led-dumoulin-bicyclettes-montreal-2025-03-21-at-14-48-19-universal-rechargeable-led-taillight-lazer-helmets-canada-lazer-sport-canada.jpeg","type":"image\/jpeg"}],"twitter_card":"summary_large_image","twitter_misc":{"Est. reading time":"1 minute"},"schema":{"@context":"https:\/\/schema.org","@graph":[{"@type":"WebPage","@id":"https:\/\/www.dumoulinbicyclettes.com\/produit\/lumiere-arriere-de-casque-lazer-universal-led\/","url":"https:\/\/www.dumoulinbicyclettes.com\/produit\/lumiere-arriere-de-casque-lazer-universal-led\/","name":"Feu arri\u00e8re pour casques Lazer \u00abUniversal Led\u00bb - Dumoulin Bicyclettes","isPartOf":{"@id":"https:\/\/www.dumoulinbicyclettes.com\/#website"},"primaryImageOfPage":{"@id":"https:\/\/www.dumoulinbicyclettes.com\/produit\/lumiere-arriere-de-casque-lazer-universal-led\/#primaryimage"},"image":{"@id":"https:\/\/www.dumoulinbicyclettes.com\/produit\/lumiere-arriere-de-casque-lazer-universal-led\/#primaryimage"},"thumbnailUrl":"https:\/\/www.dumoulinbicyclettes.com\/wp-content\/uploads\/2025\/03\/lumiere-de-casque-de-velo-lazer-universal-led-dumoulin-bicyclettes-montreal-2025-03-21-at-14-48-19-universal-rechargeable-led-taillight-lazer-helmets-canada-lazer-sport-canada.jpeg","datePublished":"2025-03-21T20:11:21+00:00","dateModified":"2025-10-28T19:00:46+00:00","description":"Lumi\u00e8re rechargeable qui s'installe super facilement sur les casques Lazer compatibles. L\u00e9g\u00e8re, mais puissante, elle augmente votre s\u00e9curit\u00e9 sur la route.","breadcrumb":{"@id":"https:\/\/www.dumoulinbicyclettes.com\/produit\/lumiere-arriere-de-casque-lazer-universal-led\/#breadcrumb"},"inLanguage":"en-US","potentialAction":[{"@type":"ReadAction","target":["https:\/\/www.dumoulinbicyclettes.com\/produit\/lumiere-arriere-de-casque-lazer-universal-led\/"]}]},{"@type":"ImageObject","inLanguage":"en-US","@id":"https:\/\/www.dumoulinbicyclettes.com\/produit\/lumiere-arriere-de-casque-lazer-universal-led\/#primaryimage","url":"https:\/\/www.dumoulinbicyclettes.com\/wp-content\/uploads\/2025\/03\/lumiere-de-casque-de-velo-lazer-universal-led-dumoulin-bicyclettes-montreal-2025-03-21-at-14-48-19-universal-rechargeable-led-taillight-lazer-helmets-canada-lazer-sport-canada.jpeg","contentUrl":"https:\/\/www.dumoulinbicyclettes.com\/wp-content\/uploads\/2025\/03\/lumiere-de-casque-de-velo-lazer-universal-led-dumoulin-bicyclettes-montreal-2025-03-21-at-14-48-19-universal-rechargeable-led-taillight-lazer-helmets-canada-lazer-sport-canada.jpeg","width":1188,"height":1188,"caption":"Lumiere-de-casque-de-velo-Lazer-Universal_led-Dumoulin_bicyclettes-Montreal 2025-03-21 at 14-48-19 Universal Rechargeable LED Taillight Lazer Helmets Canada \u2013 Lazer Sport Canada"},{"@type":"BreadcrumbList","@id":"https:\/\/www.dumoulinbicyclettes.com\/produit\/lumiere-arriere-de-casque-lazer-universal-led\/#breadcrumb","itemListElement":[{"@type":"ListItem","position":1,"name":"Home","item":"https:\/\/www.dumoulinbicyclettes.com\/en\/"},{"@type":"ListItem","position":2,"name":"Shop","item":"https:\/\/www.dumoulinbicyclettes.com\/en\/shop\/"},{"@type":"ListItem","position":3,"name":"Feu arri\u00e8re pour casques Lazer \u00abUniversal Led\u00bb"}]},{"@type":"WebSite","@id":"https:\/\/www.dumoulinbicyclettes.com\/#website","url":"https:\/\/www.dumoulinbicyclettes.com\/","name":"Dumoulin Bicyclettes","description":"","publisher":{"@id":"https:\/\/www.dumoulinbicyclettes.com\/#organization"},"potentialAction":[{"@type":"SearchAction","target":{"@type":"EntryPoint","urlTemplate":"https:\/\/www.dumoulinbicyclettes.com\/?s={search_term_string}"},"query-input":{"@type":"PropertyValueSpecification","valueRequired":true,"valueName":"search_term_string"}}],"inLanguage":"en-US"},{"@type":"Organization","@id":"https:\/\/www.dumoulinbicyclettes.com\/#organization","name":"Dumoulin Bicyclettes","url":"https:\/\/www.dumoulinbicyclettes.com\/","logo":{"@type":"ImageObject","inLanguage":"en-US","@id":"https:\/\/www.dumoulinbicyclettes.com\/#\/schema\/logo\/image\/","url":"https:\/\/www.dumoulinbicyclettes.com\/wp-content\/uploads\/2021\/04\/Logo.svg","contentUrl":"https:\/\/www.dumoulinbicyclettes.com\/wp-content\/uploads\/2021\/04\/Logo.svg","width":254,"height":86,"caption":"Dumoulin Bicyclettes"},"image":{"@id":"https:\/\/www.dumoulinbicyclettes.com\/#\/schema\/logo\/image\/"},"sameAs":["https:\/\/www.facebook.com\/dumoulinbicyclettes","https:\/\/www.instagram.com\/dumoulin.ca\/","https:\/\/www.youtube.com\/user\/dumoulinbicyclettes"]}]}},"_links":{"self":[{"href":"https:\/\/www.dumoulinbicyclettes.com\/en\/wp-json\/wp\/v2\/product\/577848","targetHints":{"allow":["GET"]}}],"collection":[{"href":"https:\/\/www.dumoulinbicyclettes.com\/en\/wp-json\/wp\/v2\/product"}],"about":[{"href":"https:\/\/www.dumoulinbicyclettes.com\/en\/wp-json\/wp\/v2\/types\/product"}],"wp:featuredmedia":[{"embeddable":true,"href":"https:\/\/www.dumoulinbicyclettes.com\/en\/wp-json\/wp\/v2\/media\/577832"}],"wp:attachment":[{"href":"https:\/\/www.dumoulinbicyclettes.com\/en\/wp-json\/wp\/v2\/media?parent=577848"}],"wp:term":[{"taxonomy":"product_brand","embeddable":true,"href":"https:\/\/www.dumoulinbicyclettes.com\/en\/wp-json\/wp\/v2\/product_brand?post=577848"},{"taxonomy":"product_cat","embeddable":true,"href":"https:\/\/www.dumoulinbicyclettes.com\/en\/wp-json\/wp\/v2\/product_cat?post=577848"},{"taxonomy":"product_tag","embeddable":true,"href":"https:\/\/www.dumoulinbicyclettes.com\/en\/wp-json\/wp\/v2\/product_tag?post=577848"},{"taxonomy":"marque-produit","embeddable":true,"href":"https:\/\/www.dumoulinbicyclettes.com\/en\/wp-json\/wp\/v2\/marque-produit?post=577848"},{"taxonomy":"collection-produit","embeddable":true,"href":"https:\/\/www.dumoulinbicyclettes.com\/en\/wp-json\/wp\/v2\/collection-produit?post=577848"},{"taxonomy":"type-surface-produit","embeddable":true,"href":"https:\/\/www.dumoulinbicyclettes.com\/en\/wp-json\/wp\/v2\/type-surface-produit?post=577848"},{"taxonomy":"type-velo-produit","embeddable":true,"href":"https:\/\/www.dumoulinbicyclettes.com\/en\/wp-json\/wp\/v2\/type-velo-produit?post=577848"},{"taxonomy":"vetement-produit","embeddable":true,"href":"https:\/\/www.dumoulinbicyclettes.com\/en\/wp-json\/wp\/v2\/vetement-produit?post=577848"},{"taxonomy":"thematique-produit","embeddable":true,"href":"https:\/\/www.dumoulinbicyclettes.com\/en\/wp-json\/wp\/v2\/thematique-produit?post=577848"},{"taxonomy":"position-sur-le-v\u00e9lo","embeddable":true,"href":"https:\/\/www.dumoulinbicyclettes.com\/en\/wp-json\/wp\/v2\/position-sur-le-v\u00e9lo?post=577848"}],"curies":[{"name":"wp","href":"https:\/\/api.w.org\/{rel}","templated":true}]}}