{"id":619977,"date":"2025-05-21T17:09:05","date_gmt":"2025-05-21T21:09:05","guid":{"rendered":"http:\/\/www.dumoulinbicyclettes.com\/?post_type=product&#038;p=619977"},"modified":"2025-10-28T17:00:38","modified_gmt":"2025-10-28T21:00:38","slug":"sacoche-vaude-aqua-back-color-unite","status":"publish","type":"product","link":"https:\/\/www.dumoulinbicyclettes.com\/en\/product\/sacoche-vaude-aqua-back-color-unite\/","title":{"rendered":"Sacoche arri\u00e8re Vaude &#8220;Aqua Back Color&#8221;"},"content":{"rendered":"<p>La sacoche arri\u00e8re \u00e9tanche VAUDE Aqua Back 48 est fabriqu\u00e9e de mani\u00e8re climatiquement neutre en Allemagne. Gr\u00e2ce \u00e0 une fermeture par enroulement totalement \u00e9tanche, sa taille est ajustable et son contenu reste bien au sec. Une poche int\u00e9rieure suppl\u00e9mentaire permet de ranger facilement les objets s\u00e9par\u00e9ment.<\/p>\n<p>Les sacoches sont ajustables \u00e0 l\u2019aide de petites roues et peuvent rapidement et facilement \u00eatre fix\u00e9es et enlev\u00e9es. Leurs couleurs originales ajoutent une touche d&#8217;originalit\u00e9 et des \u00e9l\u00e9ments r\u00e9fl\u00e9chissants garantissent une meilleure visibilit\u00e9 sur la route.<\/p>\n<p>VENDUE \u00c0 L&#8217;UNIT\u00c9<\/p>\n","protected":false},"excerpt":{"rendered":"<p>La sacoche arri\u00e8re \u00e9tanche VAUDE Aqua Back 48 est fabriqu\u00e9e de mani\u00e8re climatiquement neutre en Allemagne. Gr\u00e2ce \u00e0 une fermeture par enroulement totalement \u00e9tanche, sa taille est ajustable et son contenu reste bien au sec. Une poche int\u00e9rieure suppl\u00e9mentaire permet de ranger facilement les objets s\u00e9par\u00e9ment. Les sacoches sont ajustables \u00e0 l\u2019aide de petites roues [&hellip;]<\/p>\n","protected":false},"featured_media":620606,"template":"","meta":{"_acf_changed":false},"product_brand":[],"product_cat":[195],"product_tag":[2217,3522,3523,2526,2216],"marque-produit":[1265],"collection-produit":[],"type-surface-produit":[],"type-velo-produit":[],"vetement-produit":[],"thematique-produit":[],"position-sur-le-v\u00e9lo":[],"class_list":{"0":"post-619977","1":"product","2":"type-product","3":"status-publish","4":"has-post-thumbnail","6":"product_cat-sacoches","7":"product_tag-aqua","8":"product_tag-back","9":"product_tag-color","10":"product_tag-sacoche","11":"product_tag-vaude","12":"marque-produit-vaude","14":"first","15":"instock","16":"taxable","17":"shipping-taxable","18":"purchasable","19":"product-type-variable"},"acf":[],"yoast_head":"<!-- This site is optimized with the Yoast SEO plugin v27.3 - https:\/\/yoast.com\/product\/yoast-seo-wordpress\/ -->\n<title>Sacoche arri\u00e8re Vaude &quot;Aqua Back Color&quot; - Dumoulin Bicyclettes<\/title>\n<meta name=\"description\" content=\"La sacoche arri\u00e8re \u00e9tanche VAUDE Aqua Back 48 garde vos affaires bien au sec et peuvent rapidement \u00eatre fix\u00e9es et enlev\u00e9es de votre porte-bagages.\" \/>\n<meta name=\"robots\" content=\"index, follow, max-snippet:-1, max-image-preview:large, max-video-preview:-1\" \/>\n<link rel=\"canonical\" href=\"https:\/\/www.dumoulinbicyclettes.com\/produit\/sacoche-vaude-aqua-back-color-unite\/\" \/>\n<meta property=\"og:locale\" content=\"en_US\" \/>\n<meta property=\"og:type\" content=\"article\" \/>\n<meta property=\"og:title\" content=\"Sacoche arri\u00e8re Vaude &quot;Aqua Back Color&quot; - Dumoulin Bicyclettes\" \/>\n<meta property=\"og:description\" content=\"La sacoche arri\u00e8re \u00e9tanche VAUDE Aqua Back 48 garde vos affaires bien au sec et peuvent rapidement \u00eatre fix\u00e9es et enlev\u00e9es de votre porte-bagages.\" \/>\n<meta property=\"og:url\" content=\"https:\/\/www.dumoulinbicyclettes.com\/produit\/sacoche-vaude-aqua-back-color-unite\/\" \/>\n<meta property=\"og:site_name\" content=\"Dumoulin Bicyclettes\" \/>\n<meta property=\"article:publisher\" content=\"https:\/\/www.facebook.com\/dumoulinbicyclettes\" \/>\n<meta property=\"article:modified_time\" content=\"2025-10-28T21:00:38+00:00\" \/>\n<meta property=\"og:image\" content=\"http:\/\/www.dumoulinbicyclettes.com\/wp-content\/uploads\/2025\/05\/Sacoche-Vaude-Aqua-Back-Color-dumoulin-bicyclettes-montreal-bleu-et-vert-6.webp\" \/>\n\t<meta property=\"og:image:width\" content=\"920\" \/>\n\t<meta property=\"og:image:height\" content=\"920\" \/>\n\t<meta property=\"og:image:type\" content=\"image\/webp\" \/>\n<meta name=\"twitter:card\" content=\"summary_large_image\" \/>\n<meta name=\"twitter:label1\" content=\"Est. reading time\" \/>\n\t<meta name=\"twitter:data1\" content=\"1 minute\" \/>\n<script type=\"application\/ld+json\" class=\"yoast-schema-graph\">{\"@context\":\"https:\\\/\\\/schema.org\",\"@graph\":[{\"@type\":\"WebPage\",\"@id\":\"https:\\\/\\\/www.dumoulinbicyclettes.com\\\/produit\\\/sacoche-vaude-aqua-back-color-unite\\\/\",\"url\":\"https:\\\/\\\/www.dumoulinbicyclettes.com\\\/produit\\\/sacoche-vaude-aqua-back-color-unite\\\/\",\"name\":\"Sacoche arri\u00e8re Vaude \\\"Aqua Back Color\\\" - Dumoulin Bicyclettes\",\"isPartOf\":{\"@id\":\"https:\\\/\\\/www.dumoulinbicyclettes.com\\\/#website\"},\"primaryImageOfPage\":{\"@id\":\"https:\\\/\\\/www.dumoulinbicyclettes.com\\\/produit\\\/sacoche-vaude-aqua-back-color-unite\\\/#primaryimage\"},\"image\":{\"@id\":\"https:\\\/\\\/www.dumoulinbicyclettes.com\\\/produit\\\/sacoche-vaude-aqua-back-color-unite\\\/#primaryimage\"},\"thumbnailUrl\":\"https:\\\/\\\/www.dumoulinbicyclettes.com\\\/wp-content\\\/uploads\\\/2025\\\/05\\\/Sacoche-Vaude-Aqua-Back-Color-dumoulin-bicyclettes-montreal-bleu-et-vert-6.webp\",\"datePublished\":\"2025-05-21T21:09:05+00:00\",\"dateModified\":\"2025-10-28T21:00:38+00:00\",\"description\":\"La sacoche arri\u00e8re \u00e9tanche VAUDE Aqua Back 48 garde vos affaires bien au sec et peuvent rapidement \u00eatre fix\u00e9es et enlev\u00e9es de votre porte-bagages.\",\"breadcrumb\":{\"@id\":\"https:\\\/\\\/www.dumoulinbicyclettes.com\\\/produit\\\/sacoche-vaude-aqua-back-color-unite\\\/#breadcrumb\"},\"inLanguage\":\"en-US\",\"potentialAction\":[{\"@type\":\"ReadAction\",\"target\":[\"https:\\\/\\\/www.dumoulinbicyclettes.com\\\/produit\\\/sacoche-vaude-aqua-back-color-unite\\\/\"]}]},{\"@type\":\"ImageObject\",\"inLanguage\":\"en-US\",\"@id\":\"https:\\\/\\\/www.dumoulinbicyclettes.com\\\/produit\\\/sacoche-vaude-aqua-back-color-unite\\\/#primaryimage\",\"url\":\"https:\\\/\\\/www.dumoulinbicyclettes.com\\\/wp-content\\\/uploads\\\/2025\\\/05\\\/Sacoche-Vaude-Aqua-Back-Color-dumoulin-bicyclettes-montreal-bleu-et-vert-6.webp\",\"contentUrl\":\"https:\\\/\\\/www.dumoulinbicyclettes.com\\\/wp-content\\\/uploads\\\/2025\\\/05\\\/Sacoche-Vaude-Aqua-Back-Color-dumoulin-bicyclettes-montreal-bleu-et-vert-6.webp\",\"width\":920,\"height\":920},{\"@type\":\"BreadcrumbList\",\"@id\":\"https:\\\/\\\/www.dumoulinbicyclettes.com\\\/produit\\\/sacoche-vaude-aqua-back-color-unite\\\/#breadcrumb\",\"itemListElement\":[{\"@type\":\"ListItem\",\"position\":1,\"name\":\"Home\",\"item\":\"https:\\\/\\\/www.dumoulinbicyclettes.com\\\/en\\\/\"},{\"@type\":\"ListItem\",\"position\":2,\"name\":\"Shop\",\"item\":\"https:\\\/\\\/www.dumoulinbicyclettes.com\\\/en\\\/shop\\\/\"},{\"@type\":\"ListItem\",\"position\":3,\"name\":\"Sacoche arri\u00e8re Vaude \u00ab\u00a0Aqua Back Color\u00a0\u00bb\"}]},{\"@type\":\"WebSite\",\"@id\":\"https:\\\/\\\/www.dumoulinbicyclettes.com\\\/#website\",\"url\":\"https:\\\/\\\/www.dumoulinbicyclettes.com\\\/\",\"name\":\"Dumoulin Bicyclettes\",\"description\":\"\",\"publisher\":{\"@id\":\"https:\\\/\\\/www.dumoulinbicyclettes.com\\\/#organization\"},\"potentialAction\":[{\"@type\":\"SearchAction\",\"target\":{\"@type\":\"EntryPoint\",\"urlTemplate\":\"https:\\\/\\\/www.dumoulinbicyclettes.com\\\/?s={search_term_string}\"},\"query-input\":{\"@type\":\"PropertyValueSpecification\",\"valueRequired\":true,\"valueName\":\"search_term_string\"}}],\"inLanguage\":\"en-US\"},{\"@type\":\"Organization\",\"@id\":\"https:\\\/\\\/www.dumoulinbicyclettes.com\\\/#organization\",\"name\":\"Dumoulin Bicyclettes\",\"url\":\"https:\\\/\\\/www.dumoulinbicyclettes.com\\\/\",\"logo\":{\"@type\":\"ImageObject\",\"inLanguage\":\"en-US\",\"@id\":\"https:\\\/\\\/www.dumoulinbicyclettes.com\\\/#\\\/schema\\\/logo\\\/image\\\/\",\"url\":\"https:\\\/\\\/www.dumoulinbicyclettes.com\\\/wp-content\\\/uploads\\\/2021\\\/04\\\/Logo.svg\",\"contentUrl\":\"https:\\\/\\\/www.dumoulinbicyclettes.com\\\/wp-content\\\/uploads\\\/2021\\\/04\\\/Logo.svg\",\"width\":254,\"height\":86,\"caption\":\"Dumoulin Bicyclettes\"},\"image\":{\"@id\":\"https:\\\/\\\/www.dumoulinbicyclettes.com\\\/#\\\/schema\\\/logo\\\/image\\\/\"},\"sameAs\":[\"https:\\\/\\\/www.facebook.com\\\/dumoulinbicyclettes\",\"https:\\\/\\\/www.instagram.com\\\/dumoulin.ca\\\/\",\"https:\\\/\\\/www.youtube.com\\\/user\\\/dumoulinbicyclettes\"]}]}<\/script>\n<!-- \/ Yoast SEO plugin. -->","yoast_head_json":{"title":"Sacoche arri\u00e8re Vaude \"Aqua Back Color\" - Dumoulin Bicyclettes","description":"La sacoche arri\u00e8re \u00e9tanche VAUDE Aqua Back 48 garde vos affaires bien au sec et peuvent rapidement \u00eatre fix\u00e9es et enlev\u00e9es de votre porte-bagages.","robots":{"index":"index","follow":"follow","max-snippet":"max-snippet:-1","max-image-preview":"max-image-preview:large","max-video-preview":"max-video-preview:-1"},"canonical":"https:\/\/www.dumoulinbicyclettes.com\/produit\/sacoche-vaude-aqua-back-color-unite\/","og_locale":"en_US","og_type":"article","og_title":"Sacoche arri\u00e8re Vaude \"Aqua Back Color\" - Dumoulin Bicyclettes","og_description":"La sacoche arri\u00e8re \u00e9tanche VAUDE Aqua Back 48 garde vos affaires bien au sec et peuvent rapidement \u00eatre fix\u00e9es et enlev\u00e9es de votre porte-bagages.","og_url":"https:\/\/www.dumoulinbicyclettes.com\/produit\/sacoche-vaude-aqua-back-color-unite\/","og_site_name":"Dumoulin Bicyclettes","article_publisher":"https:\/\/www.facebook.com\/dumoulinbicyclettes","article_modified_time":"2025-10-28T21:00:38+00:00","og_image":[{"width":920,"height":920,"url":"http:\/\/www.dumoulinbicyclettes.com\/wp-content\/uploads\/2025\/05\/Sacoche-Vaude-Aqua-Back-Color-dumoulin-bicyclettes-montreal-bleu-et-vert-6.webp","type":"image\/webp"}],"twitter_card":"summary_large_image","twitter_misc":{"Est. reading time":"1 minute"},"schema":{"@context":"https:\/\/schema.org","@graph":[{"@type":"WebPage","@id":"https:\/\/www.dumoulinbicyclettes.com\/produit\/sacoche-vaude-aqua-back-color-unite\/","url":"https:\/\/www.dumoulinbicyclettes.com\/produit\/sacoche-vaude-aqua-back-color-unite\/","name":"Sacoche arri\u00e8re Vaude \"Aqua Back Color\" - Dumoulin Bicyclettes","isPartOf":{"@id":"https:\/\/www.dumoulinbicyclettes.com\/#website"},"primaryImageOfPage":{"@id":"https:\/\/www.dumoulinbicyclettes.com\/produit\/sacoche-vaude-aqua-back-color-unite\/#primaryimage"},"image":{"@id":"https:\/\/www.dumoulinbicyclettes.com\/produit\/sacoche-vaude-aqua-back-color-unite\/#primaryimage"},"thumbnailUrl":"https:\/\/www.dumoulinbicyclettes.com\/wp-content\/uploads\/2025\/05\/Sacoche-Vaude-Aqua-Back-Color-dumoulin-bicyclettes-montreal-bleu-et-vert-6.webp","datePublished":"2025-05-21T21:09:05+00:00","dateModified":"2025-10-28T21:00:38+00:00","description":"La sacoche arri\u00e8re \u00e9tanche VAUDE Aqua Back 48 garde vos affaires bien au sec et peuvent rapidement \u00eatre fix\u00e9es et enlev\u00e9es de votre porte-bagages.","breadcrumb":{"@id":"https:\/\/www.dumoulinbicyclettes.com\/produit\/sacoche-vaude-aqua-back-color-unite\/#breadcrumb"},"inLanguage":"en-US","potentialAction":[{"@type":"ReadAction","target":["https:\/\/www.dumoulinbicyclettes.com\/produit\/sacoche-vaude-aqua-back-color-unite\/"]}]},{"@type":"ImageObject","inLanguage":"en-US","@id":"https:\/\/www.dumoulinbicyclettes.com\/produit\/sacoche-vaude-aqua-back-color-unite\/#primaryimage","url":"https:\/\/www.dumoulinbicyclettes.com\/wp-content\/uploads\/2025\/05\/Sacoche-Vaude-Aqua-Back-Color-dumoulin-bicyclettes-montreal-bleu-et-vert-6.webp","contentUrl":"https:\/\/www.dumoulinbicyclettes.com\/wp-content\/uploads\/2025\/05\/Sacoche-Vaude-Aqua-Back-Color-dumoulin-bicyclettes-montreal-bleu-et-vert-6.webp","width":920,"height":920},{"@type":"BreadcrumbList","@id":"https:\/\/www.dumoulinbicyclettes.com\/produit\/sacoche-vaude-aqua-back-color-unite\/#breadcrumb","itemListElement":[{"@type":"ListItem","position":1,"name":"Home","item":"https:\/\/www.dumoulinbicyclettes.com\/en\/"},{"@type":"ListItem","position":2,"name":"Shop","item":"https:\/\/www.dumoulinbicyclettes.com\/en\/shop\/"},{"@type":"ListItem","position":3,"name":"Sacoche arri\u00e8re Vaude \u00ab\u00a0Aqua Back Color\u00a0\u00bb"}]},{"@type":"WebSite","@id":"https:\/\/www.dumoulinbicyclettes.com\/#website","url":"https:\/\/www.dumoulinbicyclettes.com\/","name":"Dumoulin Bicyclettes","description":"","publisher":{"@id":"https:\/\/www.dumoulinbicyclettes.com\/#organization"},"potentialAction":[{"@type":"SearchAction","target":{"@type":"EntryPoint","urlTemplate":"https:\/\/www.dumoulinbicyclettes.com\/?s={search_term_string}"},"query-input":{"@type":"PropertyValueSpecification","valueRequired":true,"valueName":"search_term_string"}}],"inLanguage":"en-US"},{"@type":"Organization","@id":"https:\/\/www.dumoulinbicyclettes.com\/#organization","name":"Dumoulin Bicyclettes","url":"https:\/\/www.dumoulinbicyclettes.com\/","logo":{"@type":"ImageObject","inLanguage":"en-US","@id":"https:\/\/www.dumoulinbicyclettes.com\/#\/schema\/logo\/image\/","url":"https:\/\/www.dumoulinbicyclettes.com\/wp-content\/uploads\/2021\/04\/Logo.svg","contentUrl":"https:\/\/www.dumoulinbicyclettes.com\/wp-content\/uploads\/2021\/04\/Logo.svg","width":254,"height":86,"caption":"Dumoulin Bicyclettes"},"image":{"@id":"https:\/\/www.dumoulinbicyclettes.com\/#\/schema\/logo\/image\/"},"sameAs":["https:\/\/www.facebook.com\/dumoulinbicyclettes","https:\/\/www.instagram.com\/dumoulin.ca\/","https:\/\/www.youtube.com\/user\/dumoulinbicyclettes"]}]}},"_links":{"self":[{"href":"https:\/\/www.dumoulinbicyclettes.com\/en\/wp-json\/wp\/v2\/product\/619977","targetHints":{"allow":["GET"]}}],"collection":[{"href":"https:\/\/www.dumoulinbicyclettes.com\/en\/wp-json\/wp\/v2\/product"}],"about":[{"href":"https:\/\/www.dumoulinbicyclettes.com\/en\/wp-json\/wp\/v2\/types\/product"}],"wp:featuredmedia":[{"embeddable":true,"href":"https:\/\/www.dumoulinbicyclettes.com\/en\/wp-json\/wp\/v2\/media\/620606"}],"wp:attachment":[{"href":"https:\/\/www.dumoulinbicyclettes.com\/en\/wp-json\/wp\/v2\/media?parent=619977"}],"wp:term":[{"taxonomy":"product_brand","embeddable":true,"href":"https:\/\/www.dumoulinbicyclettes.com\/en\/wp-json\/wp\/v2\/product_brand?post=619977"},{"taxonomy":"product_cat","embeddable":true,"href":"https:\/\/www.dumoulinbicyclettes.com\/en\/wp-json\/wp\/v2\/product_cat?post=619977"},{"taxonomy":"product_tag","embeddable":true,"href":"https:\/\/www.dumoulinbicyclettes.com\/en\/wp-json\/wp\/v2\/product_tag?post=619977"},{"taxonomy":"marque-produit","embeddable":true,"href":"https:\/\/www.dumoulinbicyclettes.com\/en\/wp-json\/wp\/v2\/marque-produit?post=619977"},{"taxonomy":"collection-produit","embeddable":true,"href":"https:\/\/www.dumoulinbicyclettes.com\/en\/wp-json\/wp\/v2\/collection-produit?post=619977"},{"taxonomy":"type-surface-produit","embeddable":true,"href":"https:\/\/www.dumoulinbicyclettes.com\/en\/wp-json\/wp\/v2\/type-surface-produit?post=619977"},{"taxonomy":"type-velo-produit","embeddable":true,"href":"https:\/\/www.dumoulinbicyclettes.com\/en\/wp-json\/wp\/v2\/type-velo-produit?post=619977"},{"taxonomy":"vetement-produit","embeddable":true,"href":"https:\/\/www.dumoulinbicyclettes.com\/en\/wp-json\/wp\/v2\/vetement-produit?post=619977"},{"taxonomy":"thematique-produit","embeddable":true,"href":"https:\/\/www.dumoulinbicyclettes.com\/en\/wp-json\/wp\/v2\/thematique-produit?post=619977"},{"taxonomy":"position-sur-le-v\u00e9lo","embeddable":true,"href":"https:\/\/www.dumoulinbicyclettes.com\/en\/wp-json\/wp\/v2\/position-sur-le-v\u00e9lo?post=619977"}],"curies":[{"name":"wp","href":"https:\/\/api.w.org\/{rel}","templated":true}]}}