{"id":674741,"date":"2026-03-25T22:22:18","date_gmt":"2026-03-26T02:22:18","guid":{"rendered":"https:\/\/www.dumoulinbicyclettes.com\/?post_type=product&#038;p=674741"},"modified":"2026-04-05T19:46:40","modified_gmt":"2026-04-05T23:46:40","slug":"trek-fx3-gerald","status":"publish","type":"product","link":"https:\/\/www.dumoulinbicyclettes.com\/en\/product\/trek-fx3-gerald\/","title":{"rendered":"Trek FX3 \u00abG\u00e9rald\u00bb"},"content":{"rendered":"<p>Le Trek FX3 est un excellent v\u00e9lo hybride avec beaucoup de qualit\u00e9s. Nous lui en avons ajout\u00e9 avec notre s\u00e9lection d&#8217;\u00e9quipements essentiels pour une exp\u00e9rience cycliste au top!<\/p>\n","protected":false},"excerpt":{"rendered":"<p>Le Trek FX3 est un excellent v\u00e9lo hybride avec beaucoup de qualit\u00e9s. Nous lui en avons ajout\u00e9 avec notre s\u00e9lection d&#8217;\u00e9quipements essentiels pour une exp\u00e9rience cycliste au top!<\/p>\n","protected":false},"featured_media":0,"template":"","meta":{"_acf_changed":false},"product_brand":[],"product_cat":[171,1217],"product_tag":[],"marque-produit":[1277],"collection-produit":[],"type-surface-produit":[],"type-velo-produit":[],"vetement-produit":[],"thematique-produit":[],"position-sur-le-v\u00e9lo":[],"class_list":{"0":"post-674741","1":"product","2":"type-product","3":"status-publish","5":"product_cat-hybrides-performance","6":"product_cat-velos-hybrides","7":"marque-produit-trek","9":"first","10":"instock","11":"taxable","12":"shipping-taxable","13":"purchasable","14":"product-type-variable"},"acf":[],"yoast_head":"<!-- This site is optimized with the Yoast SEO plugin v27.3 - https:\/\/yoast.com\/product\/yoast-seo-wordpress\/ -->\n<title>Trek FX3 \u00abG\u00e9rald\u00bb - Dumoulin Bicyclettes Montreal - Quebec - Velo hybride<\/title>\n<meta name=\"description\" content=\"Le v\u00e9lo hybride Trek FX 3 a beaucoup de qualit\u00e9s. Nous lui en avons ajout\u00e9 avec notre offre \u00abG\u00e9rald\u00bb ; un v\u00e9lo parfait pour les d\u00e9placements.\" \/>\n<meta name=\"robots\" content=\"index, follow, max-snippet:-1, max-image-preview:large, max-video-preview:-1\" \/>\n<link rel=\"canonical\" href=\"https:\/\/www.dumoulinbicyclettes.com\/produit\/trek-fx3-gerald\/\" \/>\n<meta property=\"og:locale\" content=\"en_US\" \/>\n<meta property=\"og:type\" content=\"article\" \/>\n<meta property=\"og:title\" content=\"Trek FX3 \u00abG\u00e9rald\u00bb - Dumoulin Bicyclettes Montreal - Quebec - Velo hybride\" \/>\n<meta property=\"og:description\" content=\"Le v\u00e9lo hybride Trek FX 3 a beaucoup de qualit\u00e9s. Nous lui en avons ajout\u00e9 avec notre offre \u00abG\u00e9rald\u00bb ; un v\u00e9lo parfait pour les d\u00e9placements.\" \/>\n<meta property=\"og:url\" content=\"https:\/\/www.dumoulinbicyclettes.com\/produit\/trek-fx3-gerald\/\" \/>\n<meta property=\"og:site_name\" content=\"Dumoulin Bicyclettes\" \/>\n<meta property=\"article:publisher\" content=\"https:\/\/www.facebook.com\/dumoulinbicyclettes\" \/>\n<meta property=\"article:modified_time\" content=\"2026-04-05T23:46:40+00:00\" \/>\n<meta name=\"twitter:card\" content=\"summary_large_image\" \/>\n<meta name=\"twitter:label1\" content=\"Est. reading time\" \/>\n\t<meta name=\"twitter:data1\" content=\"1 minute\" \/>\n<script type=\"application\/ld+json\" class=\"yoast-schema-graph\">{\"@context\":\"https:\\\/\\\/schema.org\",\"@graph\":[{\"@type\":\"WebPage\",\"@id\":\"https:\\\/\\\/www.dumoulinbicyclettes.com\\\/produit\\\/trek-fx3-gerald\\\/\",\"url\":\"https:\\\/\\\/www.dumoulinbicyclettes.com\\\/produit\\\/trek-fx3-gerald\\\/\",\"name\":\"Trek FX3 \u00abG\u00e9rald\u00bb - Dumoulin Bicyclettes Montreal - Quebec - Velo hybride\",\"isPartOf\":{\"@id\":\"https:\\\/\\\/www.dumoulinbicyclettes.com\\\/#website\"},\"datePublished\":\"2026-03-26T02:22:18+00:00\",\"dateModified\":\"2026-04-05T23:46:40+00:00\",\"description\":\"Le v\u00e9lo hybride Trek FX 3 a beaucoup de qualit\u00e9s. Nous lui en avons ajout\u00e9 avec notre offre \u00abG\u00e9rald\u00bb ; un v\u00e9lo parfait pour les d\u00e9placements.\",\"breadcrumb\":{\"@id\":\"https:\\\/\\\/www.dumoulinbicyclettes.com\\\/produit\\\/trek-fx3-gerald\\\/#breadcrumb\"},\"inLanguage\":\"en-US\",\"potentialAction\":[{\"@type\":\"ReadAction\",\"target\":[\"https:\\\/\\\/www.dumoulinbicyclettes.com\\\/produit\\\/trek-fx3-gerald\\\/\"]}]},{\"@type\":\"BreadcrumbList\",\"@id\":\"https:\\\/\\\/www.dumoulinbicyclettes.com\\\/produit\\\/trek-fx3-gerald\\\/#breadcrumb\",\"itemListElement\":[{\"@type\":\"ListItem\",\"position\":1,\"name\":\"Home\",\"item\":\"https:\\\/\\\/www.dumoulinbicyclettes.com\\\/en\\\/\"},{\"@type\":\"ListItem\",\"position\":2,\"name\":\"Shop\",\"item\":\"https:\\\/\\\/www.dumoulinbicyclettes.com\\\/en\\\/shop\\\/\"},{\"@type\":\"ListItem\",\"position\":3,\"name\":\"Trek FX3 \u00abG\u00e9rald\u00bb\"}]},{\"@type\":\"WebSite\",\"@id\":\"https:\\\/\\\/www.dumoulinbicyclettes.com\\\/#website\",\"url\":\"https:\\\/\\\/www.dumoulinbicyclettes.com\\\/\",\"name\":\"Dumoulin Bicyclettes\",\"description\":\"\",\"publisher\":{\"@id\":\"https:\\\/\\\/www.dumoulinbicyclettes.com\\\/#organization\"},\"potentialAction\":[{\"@type\":\"SearchAction\",\"target\":{\"@type\":\"EntryPoint\",\"urlTemplate\":\"https:\\\/\\\/www.dumoulinbicyclettes.com\\\/?s={search_term_string}\"},\"query-input\":{\"@type\":\"PropertyValueSpecification\",\"valueRequired\":true,\"valueName\":\"search_term_string\"}}],\"inLanguage\":\"en-US\"},{\"@type\":\"Organization\",\"@id\":\"https:\\\/\\\/www.dumoulinbicyclettes.com\\\/#organization\",\"name\":\"Dumoulin Bicyclettes\",\"url\":\"https:\\\/\\\/www.dumoulinbicyclettes.com\\\/\",\"logo\":{\"@type\":\"ImageObject\",\"inLanguage\":\"en-US\",\"@id\":\"https:\\\/\\\/www.dumoulinbicyclettes.com\\\/#\\\/schema\\\/logo\\\/image\\\/\",\"url\":\"https:\\\/\\\/www.dumoulinbicyclettes.com\\\/wp-content\\\/uploads\\\/2021\\\/04\\\/Logo.svg\",\"contentUrl\":\"https:\\\/\\\/www.dumoulinbicyclettes.com\\\/wp-content\\\/uploads\\\/2021\\\/04\\\/Logo.svg\",\"width\":254,\"height\":86,\"caption\":\"Dumoulin Bicyclettes\"},\"image\":{\"@id\":\"https:\\\/\\\/www.dumoulinbicyclettes.com\\\/#\\\/schema\\\/logo\\\/image\\\/\"},\"sameAs\":[\"https:\\\/\\\/www.facebook.com\\\/dumoulinbicyclettes\",\"https:\\\/\\\/www.instagram.com\\\/dumoulin.ca\\\/\",\"https:\\\/\\\/www.youtube.com\\\/user\\\/dumoulinbicyclettes\"]}]}<\/script>\n<!-- \/ Yoast SEO plugin. -->","yoast_head_json":{"title":"Trek FX3 \u00abG\u00e9rald\u00bb - Dumoulin Bicyclettes Montreal - Quebec - Velo hybride","description":"Le v\u00e9lo hybride Trek FX 3 a beaucoup de qualit\u00e9s. Nous lui en avons ajout\u00e9 avec notre offre \u00abG\u00e9rald\u00bb ; un v\u00e9lo parfait pour les d\u00e9placements.","robots":{"index":"index","follow":"follow","max-snippet":"max-snippet:-1","max-image-preview":"max-image-preview:large","max-video-preview":"max-video-preview:-1"},"canonical":"https:\/\/www.dumoulinbicyclettes.com\/produit\/trek-fx3-gerald\/","og_locale":"en_US","og_type":"article","og_title":"Trek FX3 \u00abG\u00e9rald\u00bb - Dumoulin Bicyclettes Montreal - Quebec - Velo hybride","og_description":"Le v\u00e9lo hybride Trek FX 3 a beaucoup de qualit\u00e9s. Nous lui en avons ajout\u00e9 avec notre offre \u00abG\u00e9rald\u00bb ; un v\u00e9lo parfait pour les d\u00e9placements.","og_url":"https:\/\/www.dumoulinbicyclettes.com\/produit\/trek-fx3-gerald\/","og_site_name":"Dumoulin Bicyclettes","article_publisher":"https:\/\/www.facebook.com\/dumoulinbicyclettes","article_modified_time":"2026-04-05T23:46:40+00:00","twitter_card":"summary_large_image","twitter_misc":{"Est. reading time":"1 minute"},"schema":{"@context":"https:\/\/schema.org","@graph":[{"@type":"WebPage","@id":"https:\/\/www.dumoulinbicyclettes.com\/produit\/trek-fx3-gerald\/","url":"https:\/\/www.dumoulinbicyclettes.com\/produit\/trek-fx3-gerald\/","name":"Trek FX3 \u00abG\u00e9rald\u00bb - Dumoulin Bicyclettes Montreal - Quebec - Velo hybride","isPartOf":{"@id":"https:\/\/www.dumoulinbicyclettes.com\/#website"},"datePublished":"2026-03-26T02:22:18+00:00","dateModified":"2026-04-05T23:46:40+00:00","description":"Le v\u00e9lo hybride Trek FX 3 a beaucoup de qualit\u00e9s. Nous lui en avons ajout\u00e9 avec notre offre \u00abG\u00e9rald\u00bb ; un v\u00e9lo parfait pour les d\u00e9placements.","breadcrumb":{"@id":"https:\/\/www.dumoulinbicyclettes.com\/produit\/trek-fx3-gerald\/#breadcrumb"},"inLanguage":"en-US","potentialAction":[{"@type":"ReadAction","target":["https:\/\/www.dumoulinbicyclettes.com\/produit\/trek-fx3-gerald\/"]}]},{"@type":"BreadcrumbList","@id":"https:\/\/www.dumoulinbicyclettes.com\/produit\/trek-fx3-gerald\/#breadcrumb","itemListElement":[{"@type":"ListItem","position":1,"name":"Home","item":"https:\/\/www.dumoulinbicyclettes.com\/en\/"},{"@type":"ListItem","position":2,"name":"Shop","item":"https:\/\/www.dumoulinbicyclettes.com\/en\/shop\/"},{"@type":"ListItem","position":3,"name":"Trek FX3 \u00abG\u00e9rald\u00bb"}]},{"@type":"WebSite","@id":"https:\/\/www.dumoulinbicyclettes.com\/#website","url":"https:\/\/www.dumoulinbicyclettes.com\/","name":"Dumoulin Bicyclettes","description":"","publisher":{"@id":"https:\/\/www.dumoulinbicyclettes.com\/#organization"},"potentialAction":[{"@type":"SearchAction","target":{"@type":"EntryPoint","urlTemplate":"https:\/\/www.dumoulinbicyclettes.com\/?s={search_term_string}"},"query-input":{"@type":"PropertyValueSpecification","valueRequired":true,"valueName":"search_term_string"}}],"inLanguage":"en-US"},{"@type":"Organization","@id":"https:\/\/www.dumoulinbicyclettes.com\/#organization","name":"Dumoulin Bicyclettes","url":"https:\/\/www.dumoulinbicyclettes.com\/","logo":{"@type":"ImageObject","inLanguage":"en-US","@id":"https:\/\/www.dumoulinbicyclettes.com\/#\/schema\/logo\/image\/","url":"https:\/\/www.dumoulinbicyclettes.com\/wp-content\/uploads\/2021\/04\/Logo.svg","contentUrl":"https:\/\/www.dumoulinbicyclettes.com\/wp-content\/uploads\/2021\/04\/Logo.svg","width":254,"height":86,"caption":"Dumoulin Bicyclettes"},"image":{"@id":"https:\/\/www.dumoulinbicyclettes.com\/#\/schema\/logo\/image\/"},"sameAs":["https:\/\/www.facebook.com\/dumoulinbicyclettes","https:\/\/www.instagram.com\/dumoulin.ca\/","https:\/\/www.youtube.com\/user\/dumoulinbicyclettes"]}]}},"_links":{"self":[{"href":"https:\/\/www.dumoulinbicyclettes.com\/en\/wp-json\/wp\/v2\/product\/674741","targetHints":{"allow":["GET"]}}],"collection":[{"href":"https:\/\/www.dumoulinbicyclettes.com\/en\/wp-json\/wp\/v2\/product"}],"about":[{"href":"https:\/\/www.dumoulinbicyclettes.com\/en\/wp-json\/wp\/v2\/types\/product"}],"wp:attachment":[{"href":"https:\/\/www.dumoulinbicyclettes.com\/en\/wp-json\/wp\/v2\/media?parent=674741"}],"wp:term":[{"taxonomy":"product_brand","embeddable":true,"href":"https:\/\/www.dumoulinbicyclettes.com\/en\/wp-json\/wp\/v2\/product_brand?post=674741"},{"taxonomy":"product_cat","embeddable":true,"href":"https:\/\/www.dumoulinbicyclettes.com\/en\/wp-json\/wp\/v2\/product_cat?post=674741"},{"taxonomy":"product_tag","embeddable":true,"href":"https:\/\/www.dumoulinbicyclettes.com\/en\/wp-json\/wp\/v2\/product_tag?post=674741"},{"taxonomy":"marque-produit","embeddable":true,"href":"https:\/\/www.dumoulinbicyclettes.com\/en\/wp-json\/wp\/v2\/marque-produit?post=674741"},{"taxonomy":"collection-produit","embeddable":true,"href":"https:\/\/www.dumoulinbicyclettes.com\/en\/wp-json\/wp\/v2\/collection-produit?post=674741"},{"taxonomy":"type-surface-produit","embeddable":true,"href":"https:\/\/www.dumoulinbicyclettes.com\/en\/wp-json\/wp\/v2\/type-surface-produit?post=674741"},{"taxonomy":"type-velo-produit","embeddable":true,"href":"https:\/\/www.dumoulinbicyclettes.com\/en\/wp-json\/wp\/v2\/type-velo-produit?post=674741"},{"taxonomy":"vetement-produit","embeddable":true,"href":"https:\/\/www.dumoulinbicyclettes.com\/en\/wp-json\/wp\/v2\/vetement-produit?post=674741"},{"taxonomy":"thematique-produit","embeddable":true,"href":"https:\/\/www.dumoulinbicyclettes.com\/en\/wp-json\/wp\/v2\/thematique-produit?post=674741"},{"taxonomy":"position-sur-le-v\u00e9lo","embeddable":true,"href":"https:\/\/www.dumoulinbicyclettes.com\/en\/wp-json\/wp\/v2\/position-sur-le-v\u00e9lo?post=674741"}],"curies":[{"name":"wp","href":"https:\/\/api.w.org\/{rel}","templated":true}]}}