{"id":73611,"date":"2022-05-16T14:15:12","date_gmt":"2022-05-16T18:15:12","guid":{"rendered":"http:\/\/www.dumoulinbicyclettes.com\/produit\/serre-pantalon-reflechissant\/"},"modified":"2025-11-13T15:00:53","modified_gmt":"2025-11-13T20:00:53","slug":"serre-pantalon-reflechissant","status":"publish","type":"product","link":"https:\/\/www.dumoulinbicyclettes.com\/en\/product\/serre-pantalon-reflechissant\/","title":{"rendered":"Serre-pantalon r\u00e9fl\u00e9chissant"},"content":{"rendered":"<p>Le serre-pantalon est un grand classique de l&#8217;\u00e9quipement du cycliste quotidien. Il prot\u00e8ge vos pantalons du camboui de la chaine. De plus, il est un \u00e9l\u00e9ment de visibilit\u00e9 suppl\u00e9mentaire pour vous situer mieux sur la route, de jour comme de nuit.<\/p>\n<p>N&#8217;oubliez pas que la vraie s\u00e9curit\u00e9 dans l&#8217;obscurit\u00e9, ce sont des lumi\u00e8res actives et efficaces !<\/p>\n<p>Comme c&#8217;est un \u00e9lastique avec un bon velcro, il est possible d&#8217;utiliser cet \u00e9l\u00e9ment comme un brassard ou encore autour d&#8217;une poign\u00e9e de sacoche ou de sac.<\/p>\n","protected":false},"excerpt":{"rendered":"<p>Le serre-pantalon est un grand classique de l&#8217;\u00e9quipement du cycliste quotidien. Il prot\u00e8ge vos pantalons du camboui de la chaine. De plus, il est un \u00e9l\u00e9ment de visibilit\u00e9 suppl\u00e9mentaire pour vous situer mieux sur la route, de jour comme de nuit. N&#8217;oubliez pas que la vraie s\u00e9curit\u00e9 dans l&#8217;obscurit\u00e9, ce sont des lumi\u00e8res actives et [&hellip;]<\/p>\n","protected":false},"featured_media":73615,"template":"","meta":{"_acf_changed":false},"product_brand":[],"product_cat":[182,209,192],"product_tag":[2528],"marque-produit":[],"collection-produit":[],"type-surface-produit":[],"type-velo-produit":[],"vetement-produit":[],"thematique-produit":[],"position-sur-le-v\u00e9lo":[],"class_list":{"0":"post-73611","1":"product","2":"type-product","3":"status-publish","4":"has-post-thumbnail","6":"product_cat-accessoires","7":"product_cat-vetements-reflechissants","8":"product_cat-visibilite","9":"product_tag-zenith","11":"first","12":"instock","13":"taxable","14":"shipping-taxable","15":"purchasable","16":"product-type-variable"},"acf":[],"yoast_head":"<!-- This site is optimized with the Yoast SEO plugin v27.3 - https:\/\/yoast.com\/product\/yoast-seo-wordpress\/ -->\n<title>Serre-pantalon r\u00e9fl\u00e9chissant - Dumoulin Bicyclettes<\/title>\n<meta name=\"robots\" content=\"index, follow, max-snippet:-1, max-image-preview:large, max-video-preview:-1\" \/>\n<link rel=\"canonical\" href=\"https:\/\/www.dumoulinbicyclettes.com\/produit\/serre-pantalon-reflechissant\/\" \/>\n<meta property=\"og:locale\" content=\"en_US\" \/>\n<meta property=\"og:type\" content=\"article\" \/>\n<meta property=\"og:title\" content=\"Serre-pantalon r\u00e9fl\u00e9chissant - Dumoulin Bicyclettes\" \/>\n<meta property=\"og:description\" content=\"Le serre-pantalon est un grand classique de l&#8217;\u00e9quipement du cycliste quotidien. Il prot\u00e8ge vos pantalons du camboui de la chaine. De plus, il est un \u00e9l\u00e9ment de visibilit\u00e9 suppl\u00e9mentaire pour vous situer mieux sur la route, de jour comme de nuit. N&#8217;oubliez pas que la vraie s\u00e9curit\u00e9 dans l&#8217;obscurit\u00e9, ce sont des lumi\u00e8res actives et [&hellip;]\" \/>\n<meta property=\"og:url\" content=\"https:\/\/www.dumoulinbicyclettes.com\/produit\/serre-pantalon-reflechissant\/\" \/>\n<meta property=\"og:site_name\" content=\"Dumoulin Bicyclettes\" \/>\n<meta property=\"article:publisher\" content=\"https:\/\/www.facebook.com\/dumoulinbicyclettes\" \/>\n<meta property=\"article:modified_time\" content=\"2025-11-13T20:00:53+00:00\" \/>\n<meta property=\"og:image\" content=\"https:\/\/www.dumoulinbicyclettes.com\/wp-content\/uploads\/2022\/05\/216f6c82-bbc7-497c-8597-95f8b7adfb55-1.jpeg\" \/>\n\t<meta property=\"og:image:width\" content=\"1024\" \/>\n\t<meta property=\"og:image:height\" content=\"1024\" \/>\n\t<meta property=\"og:image:type\" content=\"image\/jpeg\" \/>\n<meta name=\"twitter:card\" content=\"summary_large_image\" \/>\n<meta name=\"twitter:label1\" content=\"Est. reading time\" \/>\n\t<meta name=\"twitter:data1\" content=\"1 minute\" \/>\n<script type=\"application\/ld+json\" class=\"yoast-schema-graph\">{\"@context\":\"https:\\\/\\\/schema.org\",\"@graph\":[{\"@type\":\"WebPage\",\"@id\":\"https:\\\/\\\/www.dumoulinbicyclettes.com\\\/produit\\\/serre-pantalon-reflechissant\\\/\",\"url\":\"https:\\\/\\\/www.dumoulinbicyclettes.com\\\/produit\\\/serre-pantalon-reflechissant\\\/\",\"name\":\"Serre-pantalon r\u00e9fl\u00e9chissant - Dumoulin Bicyclettes\",\"isPartOf\":{\"@id\":\"https:\\\/\\\/www.dumoulinbicyclettes.com\\\/#website\"},\"primaryImageOfPage\":{\"@id\":\"https:\\\/\\\/www.dumoulinbicyclettes.com\\\/produit\\\/serre-pantalon-reflechissant\\\/#primaryimage\"},\"image\":{\"@id\":\"https:\\\/\\\/www.dumoulinbicyclettes.com\\\/produit\\\/serre-pantalon-reflechissant\\\/#primaryimage\"},\"thumbnailUrl\":\"https:\\\/\\\/www.dumoulinbicyclettes.com\\\/wp-content\\\/uploads\\\/2022\\\/05\\\/216f6c82-bbc7-497c-8597-95f8b7adfb55-1.jpeg\",\"datePublished\":\"2022-05-16T18:15:12+00:00\",\"dateModified\":\"2025-11-13T20:00:53+00:00\",\"breadcrumb\":{\"@id\":\"https:\\\/\\\/www.dumoulinbicyclettes.com\\\/produit\\\/serre-pantalon-reflechissant\\\/#breadcrumb\"},\"inLanguage\":\"en-US\",\"potentialAction\":[{\"@type\":\"ReadAction\",\"target\":[\"https:\\\/\\\/www.dumoulinbicyclettes.com\\\/produit\\\/serre-pantalon-reflechissant\\\/\"]}]},{\"@type\":\"ImageObject\",\"inLanguage\":\"en-US\",\"@id\":\"https:\\\/\\\/www.dumoulinbicyclettes.com\\\/produit\\\/serre-pantalon-reflechissant\\\/#primaryimage\",\"url\":\"https:\\\/\\\/www.dumoulinbicyclettes.com\\\/wp-content\\\/uploads\\\/2022\\\/05\\\/216f6c82-bbc7-497c-8597-95f8b7adfb55-1.jpeg\",\"contentUrl\":\"https:\\\/\\\/www.dumoulinbicyclettes.com\\\/wp-content\\\/uploads\\\/2022\\\/05\\\/216f6c82-bbc7-497c-8597-95f8b7adfb55-1.jpeg\",\"width\":1024,\"height\":1024},{\"@type\":\"BreadcrumbList\",\"@id\":\"https:\\\/\\\/www.dumoulinbicyclettes.com\\\/produit\\\/serre-pantalon-reflechissant\\\/#breadcrumb\",\"itemListElement\":[{\"@type\":\"ListItem\",\"position\":1,\"name\":\"Home\",\"item\":\"https:\\\/\\\/www.dumoulinbicyclettes.com\\\/en\\\/\"},{\"@type\":\"ListItem\",\"position\":2,\"name\":\"Shop\",\"item\":\"https:\\\/\\\/www.dumoulinbicyclettes.com\\\/en\\\/shop\\\/\"},{\"@type\":\"ListItem\",\"position\":3,\"name\":\"Serre-pantalon r\u00e9fl\u00e9chissant\"}]},{\"@type\":\"WebSite\",\"@id\":\"https:\\\/\\\/www.dumoulinbicyclettes.com\\\/#website\",\"url\":\"https:\\\/\\\/www.dumoulinbicyclettes.com\\\/\",\"name\":\"Dumoulin Bicyclettes\",\"description\":\"\",\"publisher\":{\"@id\":\"https:\\\/\\\/www.dumoulinbicyclettes.com\\\/#organization\"},\"potentialAction\":[{\"@type\":\"SearchAction\",\"target\":{\"@type\":\"EntryPoint\",\"urlTemplate\":\"https:\\\/\\\/www.dumoulinbicyclettes.com\\\/?s={search_term_string}\"},\"query-input\":{\"@type\":\"PropertyValueSpecification\",\"valueRequired\":true,\"valueName\":\"search_term_string\"}}],\"inLanguage\":\"en-US\"},{\"@type\":\"Organization\",\"@id\":\"https:\\\/\\\/www.dumoulinbicyclettes.com\\\/#organization\",\"name\":\"Dumoulin Bicyclettes\",\"url\":\"https:\\\/\\\/www.dumoulinbicyclettes.com\\\/\",\"logo\":{\"@type\":\"ImageObject\",\"inLanguage\":\"en-US\",\"@id\":\"https:\\\/\\\/www.dumoulinbicyclettes.com\\\/#\\\/schema\\\/logo\\\/image\\\/\",\"url\":\"https:\\\/\\\/www.dumoulinbicyclettes.com\\\/wp-content\\\/uploads\\\/2021\\\/04\\\/Logo.svg\",\"contentUrl\":\"https:\\\/\\\/www.dumoulinbicyclettes.com\\\/wp-content\\\/uploads\\\/2021\\\/04\\\/Logo.svg\",\"width\":254,\"height\":86,\"caption\":\"Dumoulin Bicyclettes\"},\"image\":{\"@id\":\"https:\\\/\\\/www.dumoulinbicyclettes.com\\\/#\\\/schema\\\/logo\\\/image\\\/\"},\"sameAs\":[\"https:\\\/\\\/www.facebook.com\\\/dumoulinbicyclettes\",\"https:\\\/\\\/www.instagram.com\\\/dumoulin.ca\\\/\",\"https:\\\/\\\/www.youtube.com\\\/user\\\/dumoulinbicyclettes\"]}]}<\/script>\n<!-- \/ Yoast SEO plugin. -->","yoast_head_json":{"title":"Serre-pantalon r\u00e9fl\u00e9chissant - Dumoulin Bicyclettes","robots":{"index":"index","follow":"follow","max-snippet":"max-snippet:-1","max-image-preview":"max-image-preview:large","max-video-preview":"max-video-preview:-1"},"canonical":"https:\/\/www.dumoulinbicyclettes.com\/produit\/serre-pantalon-reflechissant\/","og_locale":"en_US","og_type":"article","og_title":"Serre-pantalon r\u00e9fl\u00e9chissant - Dumoulin Bicyclettes","og_description":"Le serre-pantalon est un grand classique de l&#8217;\u00e9quipement du cycliste quotidien. Il prot\u00e8ge vos pantalons du camboui de la chaine. De plus, il est un \u00e9l\u00e9ment de visibilit\u00e9 suppl\u00e9mentaire pour vous situer mieux sur la route, de jour comme de nuit. N&#8217;oubliez pas que la vraie s\u00e9curit\u00e9 dans l&#8217;obscurit\u00e9, ce sont des lumi\u00e8res actives et [&hellip;]","og_url":"https:\/\/www.dumoulinbicyclettes.com\/produit\/serre-pantalon-reflechissant\/","og_site_name":"Dumoulin Bicyclettes","article_publisher":"https:\/\/www.facebook.com\/dumoulinbicyclettes","article_modified_time":"2025-11-13T20:00:53+00:00","og_image":[{"width":1024,"height":1024,"url":"https:\/\/www.dumoulinbicyclettes.com\/wp-content\/uploads\/2022\/05\/216f6c82-bbc7-497c-8597-95f8b7adfb55-1.jpeg","type":"image\/jpeg"}],"twitter_card":"summary_large_image","twitter_misc":{"Est. reading time":"1 minute"},"schema":{"@context":"https:\/\/schema.org","@graph":[{"@type":"WebPage","@id":"https:\/\/www.dumoulinbicyclettes.com\/produit\/serre-pantalon-reflechissant\/","url":"https:\/\/www.dumoulinbicyclettes.com\/produit\/serre-pantalon-reflechissant\/","name":"Serre-pantalon r\u00e9fl\u00e9chissant - Dumoulin Bicyclettes","isPartOf":{"@id":"https:\/\/www.dumoulinbicyclettes.com\/#website"},"primaryImageOfPage":{"@id":"https:\/\/www.dumoulinbicyclettes.com\/produit\/serre-pantalon-reflechissant\/#primaryimage"},"image":{"@id":"https:\/\/www.dumoulinbicyclettes.com\/produit\/serre-pantalon-reflechissant\/#primaryimage"},"thumbnailUrl":"https:\/\/www.dumoulinbicyclettes.com\/wp-content\/uploads\/2022\/05\/216f6c82-bbc7-497c-8597-95f8b7adfb55-1.jpeg","datePublished":"2022-05-16T18:15:12+00:00","dateModified":"2025-11-13T20:00:53+00:00","breadcrumb":{"@id":"https:\/\/www.dumoulinbicyclettes.com\/produit\/serre-pantalon-reflechissant\/#breadcrumb"},"inLanguage":"en-US","potentialAction":[{"@type":"ReadAction","target":["https:\/\/www.dumoulinbicyclettes.com\/produit\/serre-pantalon-reflechissant\/"]}]},{"@type":"ImageObject","inLanguage":"en-US","@id":"https:\/\/www.dumoulinbicyclettes.com\/produit\/serre-pantalon-reflechissant\/#primaryimage","url":"https:\/\/www.dumoulinbicyclettes.com\/wp-content\/uploads\/2022\/05\/216f6c82-bbc7-497c-8597-95f8b7adfb55-1.jpeg","contentUrl":"https:\/\/www.dumoulinbicyclettes.com\/wp-content\/uploads\/2022\/05\/216f6c82-bbc7-497c-8597-95f8b7adfb55-1.jpeg","width":1024,"height":1024},{"@type":"BreadcrumbList","@id":"https:\/\/www.dumoulinbicyclettes.com\/produit\/serre-pantalon-reflechissant\/#breadcrumb","itemListElement":[{"@type":"ListItem","position":1,"name":"Home","item":"https:\/\/www.dumoulinbicyclettes.com\/en\/"},{"@type":"ListItem","position":2,"name":"Shop","item":"https:\/\/www.dumoulinbicyclettes.com\/en\/shop\/"},{"@type":"ListItem","position":3,"name":"Serre-pantalon r\u00e9fl\u00e9chissant"}]},{"@type":"WebSite","@id":"https:\/\/www.dumoulinbicyclettes.com\/#website","url":"https:\/\/www.dumoulinbicyclettes.com\/","name":"Dumoulin Bicyclettes","description":"","publisher":{"@id":"https:\/\/www.dumoulinbicyclettes.com\/#organization"},"potentialAction":[{"@type":"SearchAction","target":{"@type":"EntryPoint","urlTemplate":"https:\/\/www.dumoulinbicyclettes.com\/?s={search_term_string}"},"query-input":{"@type":"PropertyValueSpecification","valueRequired":true,"valueName":"search_term_string"}}],"inLanguage":"en-US"},{"@type":"Organization","@id":"https:\/\/www.dumoulinbicyclettes.com\/#organization","name":"Dumoulin Bicyclettes","url":"https:\/\/www.dumoulinbicyclettes.com\/","logo":{"@type":"ImageObject","inLanguage":"en-US","@id":"https:\/\/www.dumoulinbicyclettes.com\/#\/schema\/logo\/image\/","url":"https:\/\/www.dumoulinbicyclettes.com\/wp-content\/uploads\/2021\/04\/Logo.svg","contentUrl":"https:\/\/www.dumoulinbicyclettes.com\/wp-content\/uploads\/2021\/04\/Logo.svg","width":254,"height":86,"caption":"Dumoulin Bicyclettes"},"image":{"@id":"https:\/\/www.dumoulinbicyclettes.com\/#\/schema\/logo\/image\/"},"sameAs":["https:\/\/www.facebook.com\/dumoulinbicyclettes","https:\/\/www.instagram.com\/dumoulin.ca\/","https:\/\/www.youtube.com\/user\/dumoulinbicyclettes"]}]}},"_links":{"self":[{"href":"https:\/\/www.dumoulinbicyclettes.com\/en\/wp-json\/wp\/v2\/product\/73611","targetHints":{"allow":["GET"]}}],"collection":[{"href":"https:\/\/www.dumoulinbicyclettes.com\/en\/wp-json\/wp\/v2\/product"}],"about":[{"href":"https:\/\/www.dumoulinbicyclettes.com\/en\/wp-json\/wp\/v2\/types\/product"}],"wp:featuredmedia":[{"embeddable":true,"href":"https:\/\/www.dumoulinbicyclettes.com\/en\/wp-json\/wp\/v2\/media\/73615"}],"wp:attachment":[{"href":"https:\/\/www.dumoulinbicyclettes.com\/en\/wp-json\/wp\/v2\/media?parent=73611"}],"wp:term":[{"taxonomy":"product_brand","embeddable":true,"href":"https:\/\/www.dumoulinbicyclettes.com\/en\/wp-json\/wp\/v2\/product_brand?post=73611"},{"taxonomy":"product_cat","embeddable":true,"href":"https:\/\/www.dumoulinbicyclettes.com\/en\/wp-json\/wp\/v2\/product_cat?post=73611"},{"taxonomy":"product_tag","embeddable":true,"href":"https:\/\/www.dumoulinbicyclettes.com\/en\/wp-json\/wp\/v2\/product_tag?post=73611"},{"taxonomy":"marque-produit","embeddable":true,"href":"https:\/\/www.dumoulinbicyclettes.com\/en\/wp-json\/wp\/v2\/marque-produit?post=73611"},{"taxonomy":"collection-produit","embeddable":true,"href":"https:\/\/www.dumoulinbicyclettes.com\/en\/wp-json\/wp\/v2\/collection-produit?post=73611"},{"taxonomy":"type-surface-produit","embeddable":true,"href":"https:\/\/www.dumoulinbicyclettes.com\/en\/wp-json\/wp\/v2\/type-surface-produit?post=73611"},{"taxonomy":"type-velo-produit","embeddable":true,"href":"https:\/\/www.dumoulinbicyclettes.com\/en\/wp-json\/wp\/v2\/type-velo-produit?post=73611"},{"taxonomy":"vetement-produit","embeddable":true,"href":"https:\/\/www.dumoulinbicyclettes.com\/en\/wp-json\/wp\/v2\/vetement-produit?post=73611"},{"taxonomy":"thematique-produit","embeddable":true,"href":"https:\/\/www.dumoulinbicyclettes.com\/en\/wp-json\/wp\/v2\/thematique-produit?post=73611"},{"taxonomy":"position-sur-le-v\u00e9lo","embeddable":true,"href":"https:\/\/www.dumoulinbicyclettes.com\/en\/wp-json\/wp\/v2\/position-sur-le-v\u00e9lo?post=73611"}],"curies":[{"name":"wp","href":"https:\/\/api.w.org\/{rel}","templated":true}]}}