{"id":73881,"date":"2022-05-16T14:15:47","date_gmt":"2022-05-16T18:15:47","guid":{"rendered":"http:\/\/www.dumoulinbicyclettes.com\/produit\/sacoches-vaude-aqua-back-plus-51-paire\/"},"modified":"2025-09-08T13:13:38","modified_gmt":"2025-09-08T17:13:38","slug":"vaude-aqua-back-plus-51","status":"publish","type":"product","link":"https:\/\/www.dumoulinbicyclettes.com\/en\/product\/vaude-aqua-back-plus-51\/","title":{"rendered":"Sacoches Vaude \u00abAqua Back plus\u00bb 51"},"content":{"rendered":"<p>La s\u00e9rie <a href=\"https:\/\/www.dumoulinbicyclettes.com\/categorie-produit\/accessoires\/sacs-et-porte-bagages\/sacoches\/?swoof=1&amp;marque-produit=vaude&amp;really_curr_tax=195-product_cat\" target=\"_blank\" rel=\"noopener\"><em>Aqua<\/em><\/a> a b\u00e2ti sa renomm\u00e9e sur la solidit\u00e9, l&#8217;\u00e9tanch\u00e9it\u00e9 et l&#8217;utilit\u00e9.<\/p>\n<p>En effet, les sacoches <em>Vaude Aqua Back Plus<\/em> forment une paire de sacoches l\u00e9gendaire pour vos randonn\u00e9es de cyclotourisme en autonomie compl\u00e8te ou partielle.<\/p>\n<p>\u00c9tanches, solides, elles ont tout ce qu&#8217;il faut pour transporter vos affaires dans vos aventures cyclistes!<\/p>\n","protected":false},"excerpt":{"rendered":"<p>La s\u00e9rie Aqua a b\u00e2ti sa renomm\u00e9e sur la solidit\u00e9, l&#8217;\u00e9tanch\u00e9it\u00e9 et l&#8217;utilit\u00e9. En effet, les sacoches Vaude Aqua Back Plus forment une paire de sacoches l\u00e9gendaire pour vos randonn\u00e9es de cyclotourisme en autonomie compl\u00e8te ou partielle. \u00c9tanches, solides, elles ont tout ce qu&#8217;il faut pour transporter vos affaires dans vos aventures cyclistes!<\/p>\n","protected":false},"featured_media":22702,"template":"","meta":{"_acf_changed":false},"product_brand":[],"product_cat":[195,188],"product_tag":[2217,2215,2216],"marque-produit":[1265],"collection-produit":[],"type-surface-produit":[],"type-velo-produit":[],"vetement-produit":[],"thematique-produit":[],"position-sur-le-v\u00e9lo":[],"class_list":{"0":"post-73881","1":"product","2":"type-product","3":"status-publish","4":"has-post-thumbnail","6":"product_cat-sacoches","7":"product_cat-sacs-et-porte-bagages","8":"product_tag-aqua","9":"product_tag-sacoches","10":"product_tag-vaude","11":"marque-produit-vaude","13":"first","14":"instock","15":"taxable","16":"shipping-taxable","17":"purchasable","18":"product-type-variable"},"acf":[],"yoast_head":"<!-- This site is optimized with the Yoast SEO plugin v27.3 - https:\/\/yoast.com\/product\/yoast-seo-wordpress\/ -->\n<title>Sacoches Vaude \u00abAqua Back plus\u00bb 51 - Dumoulin Bicyclettes<\/title>\n<meta name=\"description\" content=\"Les sacoches Vaude Aqua Back Plus forment une paire de sacoches l\u00e9gendaire pour les randonn\u00e9es de cyclotourisme en autonomie compl\u00e8te ou non.\" \/>\n<meta name=\"robots\" content=\"index, follow, max-snippet:-1, max-image-preview:large, max-video-preview:-1\" \/>\n<link rel=\"canonical\" href=\"https:\/\/www.dumoulinbicyclettes.com\/produit\/vaude-aqua-back-plus-51\/\" \/>\n<meta property=\"og:locale\" content=\"en_US\" \/>\n<meta property=\"og:type\" content=\"article\" \/>\n<meta property=\"og:title\" content=\"Sacoches Vaude \u00abAqua Back plus\u00bb 51 - Dumoulin Bicyclettes\" \/>\n<meta property=\"og:description\" content=\"Les sacoches Vaude Aqua Back Plus forment une paire de sacoches l\u00e9gendaire pour les randonn\u00e9es de cyclotourisme en autonomie compl\u00e8te ou non.\" \/>\n<meta property=\"og:url\" content=\"https:\/\/www.dumoulinbicyclettes.com\/produit\/vaude-aqua-back-plus-51\/\" \/>\n<meta property=\"og:site_name\" content=\"Dumoulin Bicyclettes\" \/>\n<meta property=\"article:publisher\" content=\"https:\/\/www.facebook.com\/dumoulinbicyclettes\" \/>\n<meta property=\"article:modified_time\" content=\"2025-09-08T17:13:38+00:00\" \/>\n<meta property=\"og:image\" content=\"https:\/\/www.dumoulinbicyclettes.com\/wp-content\/uploads\/2021\/11\/vaude-aqua-back-plus-rouge.jpg\" \/>\n\t<meta property=\"og:image:width\" content=\"769\" \/>\n\t<meta property=\"og:image:height\" content=\"1000\" \/>\n\t<meta property=\"og:image:type\" content=\"image\/jpeg\" \/>\n<meta name=\"twitter:card\" content=\"summary_large_image\" \/>\n<meta name=\"twitter:label1\" content=\"Est. reading time\" \/>\n\t<meta name=\"twitter:data1\" content=\"1 minute\" \/>\n<script type=\"application\/ld+json\" class=\"yoast-schema-graph\">{\"@context\":\"https:\\\/\\\/schema.org\",\"@graph\":[{\"@type\":\"WebPage\",\"@id\":\"https:\\\/\\\/www.dumoulinbicyclettes.com\\\/produit\\\/vaude-aqua-back-plus-51\\\/\",\"url\":\"https:\\\/\\\/www.dumoulinbicyclettes.com\\\/produit\\\/vaude-aqua-back-plus-51\\\/\",\"name\":\"Sacoches Vaude \u00abAqua Back plus\u00bb 51 - Dumoulin Bicyclettes\",\"isPartOf\":{\"@id\":\"https:\\\/\\\/www.dumoulinbicyclettes.com\\\/#website\"},\"primaryImageOfPage\":{\"@id\":\"https:\\\/\\\/www.dumoulinbicyclettes.com\\\/produit\\\/vaude-aqua-back-plus-51\\\/#primaryimage\"},\"image\":{\"@id\":\"https:\\\/\\\/www.dumoulinbicyclettes.com\\\/produit\\\/vaude-aqua-back-plus-51\\\/#primaryimage\"},\"thumbnailUrl\":\"https:\\\/\\\/www.dumoulinbicyclettes.com\\\/wp-content\\\/uploads\\\/2021\\\/11\\\/vaude-aqua-back-plus-rouge.jpg\",\"datePublished\":\"2022-05-16T18:15:47+00:00\",\"dateModified\":\"2025-09-08T17:13:38+00:00\",\"description\":\"Les sacoches Vaude Aqua Back Plus forment une paire de sacoches l\u00e9gendaire pour les randonn\u00e9es de cyclotourisme en autonomie compl\u00e8te ou non.\",\"breadcrumb\":{\"@id\":\"https:\\\/\\\/www.dumoulinbicyclettes.com\\\/produit\\\/vaude-aqua-back-plus-51\\\/#breadcrumb\"},\"inLanguage\":\"en-US\",\"potentialAction\":[{\"@type\":\"ReadAction\",\"target\":[\"https:\\\/\\\/www.dumoulinbicyclettes.com\\\/produit\\\/vaude-aqua-back-plus-51\\\/\"]}]},{\"@type\":\"ImageObject\",\"inLanguage\":\"en-US\",\"@id\":\"https:\\\/\\\/www.dumoulinbicyclettes.com\\\/produit\\\/vaude-aqua-back-plus-51\\\/#primaryimage\",\"url\":\"https:\\\/\\\/www.dumoulinbicyclettes.com\\\/wp-content\\\/uploads\\\/2021\\\/11\\\/vaude-aqua-back-plus-rouge.jpg\",\"contentUrl\":\"https:\\\/\\\/www.dumoulinbicyclettes.com\\\/wp-content\\\/uploads\\\/2021\\\/11\\\/vaude-aqua-back-plus-rouge.jpg\",\"width\":769,\"height\":1000,\"caption\":\"Sacoches-de-velo-Vaude-Aqua-Back-Plus-51-cyclotourisme\"},{\"@type\":\"BreadcrumbList\",\"@id\":\"https:\\\/\\\/www.dumoulinbicyclettes.com\\\/produit\\\/vaude-aqua-back-plus-51\\\/#breadcrumb\",\"itemListElement\":[{\"@type\":\"ListItem\",\"position\":1,\"name\":\"Home\",\"item\":\"https:\\\/\\\/www.dumoulinbicyclettes.com\\\/en\\\/\"},{\"@type\":\"ListItem\",\"position\":2,\"name\":\"Shop\",\"item\":\"https:\\\/\\\/www.dumoulinbicyclettes.com\\\/en\\\/shop\\\/\"},{\"@type\":\"ListItem\",\"position\":3,\"name\":\"Sacoches Vaude \u00abAqua Back plus\u00bb 51\"}]},{\"@type\":\"WebSite\",\"@id\":\"https:\\\/\\\/www.dumoulinbicyclettes.com\\\/#website\",\"url\":\"https:\\\/\\\/www.dumoulinbicyclettes.com\\\/\",\"name\":\"Dumoulin Bicyclettes\",\"description\":\"\",\"publisher\":{\"@id\":\"https:\\\/\\\/www.dumoulinbicyclettes.com\\\/#organization\"},\"potentialAction\":[{\"@type\":\"SearchAction\",\"target\":{\"@type\":\"EntryPoint\",\"urlTemplate\":\"https:\\\/\\\/www.dumoulinbicyclettes.com\\\/?s={search_term_string}\"},\"query-input\":{\"@type\":\"PropertyValueSpecification\",\"valueRequired\":true,\"valueName\":\"search_term_string\"}}],\"inLanguage\":\"en-US\"},{\"@type\":\"Organization\",\"@id\":\"https:\\\/\\\/www.dumoulinbicyclettes.com\\\/#organization\",\"name\":\"Dumoulin Bicyclettes\",\"url\":\"https:\\\/\\\/www.dumoulinbicyclettes.com\\\/\",\"logo\":{\"@type\":\"ImageObject\",\"inLanguage\":\"en-US\",\"@id\":\"https:\\\/\\\/www.dumoulinbicyclettes.com\\\/#\\\/schema\\\/logo\\\/image\\\/\",\"url\":\"https:\\\/\\\/www.dumoulinbicyclettes.com\\\/wp-content\\\/uploads\\\/2021\\\/04\\\/Logo.svg\",\"contentUrl\":\"https:\\\/\\\/www.dumoulinbicyclettes.com\\\/wp-content\\\/uploads\\\/2021\\\/04\\\/Logo.svg\",\"width\":254,\"height\":86,\"caption\":\"Dumoulin Bicyclettes\"},\"image\":{\"@id\":\"https:\\\/\\\/www.dumoulinbicyclettes.com\\\/#\\\/schema\\\/logo\\\/image\\\/\"},\"sameAs\":[\"https:\\\/\\\/www.facebook.com\\\/dumoulinbicyclettes\",\"https:\\\/\\\/www.instagram.com\\\/dumoulin.ca\\\/\",\"https:\\\/\\\/www.youtube.com\\\/user\\\/dumoulinbicyclettes\"]}]}<\/script>\n<!-- \/ Yoast SEO plugin. -->","yoast_head_json":{"title":"Sacoches Vaude \u00abAqua Back plus\u00bb 51 - Dumoulin Bicyclettes","description":"Les sacoches Vaude Aqua Back Plus forment une paire de sacoches l\u00e9gendaire pour les randonn\u00e9es de cyclotourisme en autonomie compl\u00e8te ou non.","robots":{"index":"index","follow":"follow","max-snippet":"max-snippet:-1","max-image-preview":"max-image-preview:large","max-video-preview":"max-video-preview:-1"},"canonical":"https:\/\/www.dumoulinbicyclettes.com\/produit\/vaude-aqua-back-plus-51\/","og_locale":"en_US","og_type":"article","og_title":"Sacoches Vaude \u00abAqua Back plus\u00bb 51 - Dumoulin Bicyclettes","og_description":"Les sacoches Vaude Aqua Back Plus forment une paire de sacoches l\u00e9gendaire pour les randonn\u00e9es de cyclotourisme en autonomie compl\u00e8te ou non.","og_url":"https:\/\/www.dumoulinbicyclettes.com\/produit\/vaude-aqua-back-plus-51\/","og_site_name":"Dumoulin Bicyclettes","article_publisher":"https:\/\/www.facebook.com\/dumoulinbicyclettes","article_modified_time":"2025-09-08T17:13:38+00:00","og_image":[{"width":769,"height":1000,"url":"https:\/\/www.dumoulinbicyclettes.com\/wp-content\/uploads\/2021\/11\/vaude-aqua-back-plus-rouge.jpg","type":"image\/jpeg"}],"twitter_card":"summary_large_image","twitter_misc":{"Est. reading time":"1 minute"},"schema":{"@context":"https:\/\/schema.org","@graph":[{"@type":"WebPage","@id":"https:\/\/www.dumoulinbicyclettes.com\/produit\/vaude-aqua-back-plus-51\/","url":"https:\/\/www.dumoulinbicyclettes.com\/produit\/vaude-aqua-back-plus-51\/","name":"Sacoches Vaude \u00abAqua Back plus\u00bb 51 - Dumoulin Bicyclettes","isPartOf":{"@id":"https:\/\/www.dumoulinbicyclettes.com\/#website"},"primaryImageOfPage":{"@id":"https:\/\/www.dumoulinbicyclettes.com\/produit\/vaude-aqua-back-plus-51\/#primaryimage"},"image":{"@id":"https:\/\/www.dumoulinbicyclettes.com\/produit\/vaude-aqua-back-plus-51\/#primaryimage"},"thumbnailUrl":"https:\/\/www.dumoulinbicyclettes.com\/wp-content\/uploads\/2021\/11\/vaude-aqua-back-plus-rouge.jpg","datePublished":"2022-05-16T18:15:47+00:00","dateModified":"2025-09-08T17:13:38+00:00","description":"Les sacoches Vaude Aqua Back Plus forment une paire de sacoches l\u00e9gendaire pour les randonn\u00e9es de cyclotourisme en autonomie compl\u00e8te ou non.","breadcrumb":{"@id":"https:\/\/www.dumoulinbicyclettes.com\/produit\/vaude-aqua-back-plus-51\/#breadcrumb"},"inLanguage":"en-US","potentialAction":[{"@type":"ReadAction","target":["https:\/\/www.dumoulinbicyclettes.com\/produit\/vaude-aqua-back-plus-51\/"]}]},{"@type":"ImageObject","inLanguage":"en-US","@id":"https:\/\/www.dumoulinbicyclettes.com\/produit\/vaude-aqua-back-plus-51\/#primaryimage","url":"https:\/\/www.dumoulinbicyclettes.com\/wp-content\/uploads\/2021\/11\/vaude-aqua-back-plus-rouge.jpg","contentUrl":"https:\/\/www.dumoulinbicyclettes.com\/wp-content\/uploads\/2021\/11\/vaude-aqua-back-plus-rouge.jpg","width":769,"height":1000,"caption":"Sacoches-de-velo-Vaude-Aqua-Back-Plus-51-cyclotourisme"},{"@type":"BreadcrumbList","@id":"https:\/\/www.dumoulinbicyclettes.com\/produit\/vaude-aqua-back-plus-51\/#breadcrumb","itemListElement":[{"@type":"ListItem","position":1,"name":"Home","item":"https:\/\/www.dumoulinbicyclettes.com\/en\/"},{"@type":"ListItem","position":2,"name":"Shop","item":"https:\/\/www.dumoulinbicyclettes.com\/en\/shop\/"},{"@type":"ListItem","position":3,"name":"Sacoches Vaude \u00abAqua Back plus\u00bb 51"}]},{"@type":"WebSite","@id":"https:\/\/www.dumoulinbicyclettes.com\/#website","url":"https:\/\/www.dumoulinbicyclettes.com\/","name":"Dumoulin Bicyclettes","description":"","publisher":{"@id":"https:\/\/www.dumoulinbicyclettes.com\/#organization"},"potentialAction":[{"@type":"SearchAction","target":{"@type":"EntryPoint","urlTemplate":"https:\/\/www.dumoulinbicyclettes.com\/?s={search_term_string}"},"query-input":{"@type":"PropertyValueSpecification","valueRequired":true,"valueName":"search_term_string"}}],"inLanguage":"en-US"},{"@type":"Organization","@id":"https:\/\/www.dumoulinbicyclettes.com\/#organization","name":"Dumoulin Bicyclettes","url":"https:\/\/www.dumoulinbicyclettes.com\/","logo":{"@type":"ImageObject","inLanguage":"en-US","@id":"https:\/\/www.dumoulinbicyclettes.com\/#\/schema\/logo\/image\/","url":"https:\/\/www.dumoulinbicyclettes.com\/wp-content\/uploads\/2021\/04\/Logo.svg","contentUrl":"https:\/\/www.dumoulinbicyclettes.com\/wp-content\/uploads\/2021\/04\/Logo.svg","width":254,"height":86,"caption":"Dumoulin Bicyclettes"},"image":{"@id":"https:\/\/www.dumoulinbicyclettes.com\/#\/schema\/logo\/image\/"},"sameAs":["https:\/\/www.facebook.com\/dumoulinbicyclettes","https:\/\/www.instagram.com\/dumoulin.ca\/","https:\/\/www.youtube.com\/user\/dumoulinbicyclettes"]}]}},"_links":{"self":[{"href":"https:\/\/www.dumoulinbicyclettes.com\/en\/wp-json\/wp\/v2\/product\/73881","targetHints":{"allow":["GET"]}}],"collection":[{"href":"https:\/\/www.dumoulinbicyclettes.com\/en\/wp-json\/wp\/v2\/product"}],"about":[{"href":"https:\/\/www.dumoulinbicyclettes.com\/en\/wp-json\/wp\/v2\/types\/product"}],"wp:featuredmedia":[{"embeddable":true,"href":"https:\/\/www.dumoulinbicyclettes.com\/en\/wp-json\/wp\/v2\/media\/22702"}],"wp:attachment":[{"href":"https:\/\/www.dumoulinbicyclettes.com\/en\/wp-json\/wp\/v2\/media?parent=73881"}],"wp:term":[{"taxonomy":"product_brand","embeddable":true,"href":"https:\/\/www.dumoulinbicyclettes.com\/en\/wp-json\/wp\/v2\/product_brand?post=73881"},{"taxonomy":"product_cat","embeddable":true,"href":"https:\/\/www.dumoulinbicyclettes.com\/en\/wp-json\/wp\/v2\/product_cat?post=73881"},{"taxonomy":"product_tag","embeddable":true,"href":"https:\/\/www.dumoulinbicyclettes.com\/en\/wp-json\/wp\/v2\/product_tag?post=73881"},{"taxonomy":"marque-produit","embeddable":true,"href":"https:\/\/www.dumoulinbicyclettes.com\/en\/wp-json\/wp\/v2\/marque-produit?post=73881"},{"taxonomy":"collection-produit","embeddable":true,"href":"https:\/\/www.dumoulinbicyclettes.com\/en\/wp-json\/wp\/v2\/collection-produit?post=73881"},{"taxonomy":"type-surface-produit","embeddable":true,"href":"https:\/\/www.dumoulinbicyclettes.com\/en\/wp-json\/wp\/v2\/type-surface-produit?post=73881"},{"taxonomy":"type-velo-produit","embeddable":true,"href":"https:\/\/www.dumoulinbicyclettes.com\/en\/wp-json\/wp\/v2\/type-velo-produit?post=73881"},{"taxonomy":"vetement-produit","embeddable":true,"href":"https:\/\/www.dumoulinbicyclettes.com\/en\/wp-json\/wp\/v2\/vetement-produit?post=73881"},{"taxonomy":"thematique-produit","embeddable":true,"href":"https:\/\/www.dumoulinbicyclettes.com\/en\/wp-json\/wp\/v2\/thematique-produit?post=73881"},{"taxonomy":"position-sur-le-v\u00e9lo","embeddable":true,"href":"https:\/\/www.dumoulinbicyclettes.com\/en\/wp-json\/wp\/v2\/position-sur-le-v\u00e9lo?post=73881"}],"curies":[{"name":"wp","href":"https:\/\/api.w.org\/{rel}","templated":true}]}}