{"id":75004,"date":"2022-05-16T14:19:44","date_gmt":"2022-05-16T18:19:44","guid":{"rendered":"http:\/\/www.dumoulinbicyclettes.com\/?post_type=product&#038;p=75004"},"modified":"2026-03-21T18:18:24","modified_gmt":"2026-03-21T22:18:24","slug":"brompton-borough-basket-bag-large-in-dark-grey","status":"publish","type":"product","link":"https:\/\/www.dumoulinbicyclettes.com\/en\/product\/brompton-borough-basket-bag-large-in-dark-grey\/","title":{"rendered":"Panier Brompton Borough"},"content":{"rendered":"<p>Le sac Brompton Borough \u00abBasket\u00bb est un panier pratique. Un classique de Dumoulin Bicyclettes. Utile \u00e0 bien des \u00e9gards, c&#8217;est l&#8217;un des sacs favoris de notre client\u00e8le Brompton.<\/p>\n<p>C&#8217;est s\u00fbrement la simplicit\u00e9 et la fonctionnalit\u00e9 qui rendent le panier Borough si populaire. Par ailleurs, il a \u00e9t\u00e9 r\u00e9cemment redessin\u00e9 et augment\u00e9 d&#8217;une poche \u00abint\u00e9rieure\u00bb.<\/p>\n<p>Tout cela en fait une solution polyvalente et adapt\u00e9e pour chacune de vos sorties en ville !<\/p>\n","protected":false},"excerpt":{"rendered":"<p>Le sac Brompton Borough \u00abBasket\u00bb est un panier pratique. Un classique de Dumoulin Bicyclettes. Utile \u00e0 bien des \u00e9gards, c&#8217;est l&#8217;un des sacs favoris de notre client\u00e8le Brompton. C&#8217;est s\u00fbrement la simplicit\u00e9 et la fonctionnalit\u00e9 qui rendent le panier Borough si populaire. Par ailleurs, il a \u00e9t\u00e9 r\u00e9cemment redessin\u00e9 et augment\u00e9 d&#8217;une poche \u00abint\u00e9rieure\u00bb. Tout [&hellip;]<\/p>\n","protected":false},"featured_media":152502,"template":"","meta":{"_acf_changed":false},"product_brand":[],"product_cat":[184],"product_tag":[2372,2242,2424],"marque-produit":[153],"collection-produit":[2884],"type-surface-produit":[],"type-velo-produit":[],"vetement-produit":[],"thematique-produit":[],"position-sur-le-v\u00e9lo":[],"class_list":{"0":"post-75004","1":"product","2":"type-product","3":"status-publish","4":"has-post-thumbnail","6":"product_cat-accessoires-pour-velo-pliable","7":"product_tag-borough","8":"product_tag-brompton","9":"product_tag-panier","10":"marque-produit-brompton","11":"collection-produit-sacs-et-accessoires","13":"first","14":"instock","15":"taxable","16":"shipping-taxable","17":"purchasable","18":"product-type-simple"},"acf":[],"yoast_head":"<!-- This site is optimized with the Yoast SEO plugin v27.3 - https:\/\/yoast.com\/product\/yoast-seo-wordpress\/ -->\n<title>Brompton Borough Basket Bag |\u00a0Panier Brompton Borough | Dumoulin<\/title>\n<meta name=\"description\" content=\"Le panier \u00abBrompton Borough Basket Bag\u00bb est un classique. Pratique et simple, notre client\u00e8le Brompton l&#039;adore depuis bien des ann\u00e9es !\" \/>\n<meta name=\"robots\" content=\"index, follow, max-snippet:-1, max-image-preview:large, max-video-preview:-1\" \/>\n<link rel=\"canonical\" href=\"https:\/\/www.dumoulinbicyclettes.com\/produit\/brompton-borough-basket-bag-large-in-dark-grey\/\" \/>\n<meta property=\"og:locale\" content=\"en_US\" \/>\n<meta property=\"og:type\" content=\"article\" \/>\n<meta property=\"og:title\" content=\"Brompton Borough Basket Bag |\u00a0Panier Brompton Borough | Dumoulin\" \/>\n<meta property=\"og:description\" content=\"Le panier \u00abBrompton Borough Basket Bag\u00bb est un classique. Pratique et simple, notre client\u00e8le Brompton l&#039;adore depuis bien des ann\u00e9es !\" \/>\n<meta property=\"og:url\" content=\"https:\/\/www.dumoulinbicyclettes.com\/produit\/brompton-borough-basket-bag-large-in-dark-grey\/\" \/>\n<meta property=\"og:site_name\" content=\"Dumoulin Bicyclettes\" \/>\n<meta property=\"article:publisher\" content=\"https:\/\/www.facebook.com\/dumoulinbicyclettes\" \/>\n<meta property=\"article:modified_time\" content=\"2026-03-21T22:18:24+00:00\" \/>\n<meta property=\"og:image\" content=\"http:\/\/www.dumoulinbicyclettes.com\/wp-content\/uploads\/2022\/05\/qborbsk-l-dg-borough-basket-bag-l-dark-grey-1.jpg\" \/>\n\t<meta property=\"og:image:width\" content=\"2500\" \/>\n\t<meta property=\"og:image:height\" content=\"1667\" \/>\n\t<meta property=\"og:image:type\" content=\"image\/jpeg\" \/>\n<meta name=\"twitter:card\" content=\"summary_large_image\" \/>\n<meta name=\"twitter:label1\" content=\"Est. reading time\" \/>\n\t<meta name=\"twitter:data1\" content=\"1 minute\" \/>\n<script type=\"application\/ld+json\" class=\"yoast-schema-graph\">{\"@context\":\"https:\\\/\\\/schema.org\",\"@graph\":[{\"@type\":\"WebPage\",\"@id\":\"https:\\\/\\\/www.dumoulinbicyclettes.com\\\/produit\\\/brompton-borough-basket-bag-large-in-dark-grey\\\/\",\"url\":\"https:\\\/\\\/www.dumoulinbicyclettes.com\\\/produit\\\/brompton-borough-basket-bag-large-in-dark-grey\\\/\",\"name\":\"Brompton Borough Basket Bag |\u00a0Panier Brompton Borough | Dumoulin\",\"isPartOf\":{\"@id\":\"https:\\\/\\\/www.dumoulinbicyclettes.com\\\/#website\"},\"primaryImageOfPage\":{\"@id\":\"https:\\\/\\\/www.dumoulinbicyclettes.com\\\/produit\\\/brompton-borough-basket-bag-large-in-dark-grey\\\/#primaryimage\"},\"image\":{\"@id\":\"https:\\\/\\\/www.dumoulinbicyclettes.com\\\/produit\\\/brompton-borough-basket-bag-large-in-dark-grey\\\/#primaryimage\"},\"thumbnailUrl\":\"https:\\\/\\\/www.dumoulinbicyclettes.com\\\/wp-content\\\/uploads\\\/2022\\\/05\\\/qborbsk-l-dg-borough-basket-bag-l-dark-grey-1.jpg\",\"datePublished\":\"2022-05-16T18:19:44+00:00\",\"dateModified\":\"2026-03-21T22:18:24+00:00\",\"description\":\"Le panier \u00abBrompton Borough Basket Bag\u00bb est un classique. Pratique et simple, notre client\u00e8le Brompton l'adore depuis bien des ann\u00e9es !\",\"breadcrumb\":{\"@id\":\"https:\\\/\\\/www.dumoulinbicyclettes.com\\\/produit\\\/brompton-borough-basket-bag-large-in-dark-grey\\\/#breadcrumb\"},\"inLanguage\":\"en-US\",\"potentialAction\":[{\"@type\":\"ReadAction\",\"target\":[\"https:\\\/\\\/www.dumoulinbicyclettes.com\\\/produit\\\/brompton-borough-basket-bag-large-in-dark-grey\\\/\"]}]},{\"@type\":\"ImageObject\",\"inLanguage\":\"en-US\",\"@id\":\"https:\\\/\\\/www.dumoulinbicyclettes.com\\\/produit\\\/brompton-borough-basket-bag-large-in-dark-grey\\\/#primaryimage\",\"url\":\"https:\\\/\\\/www.dumoulinbicyclettes.com\\\/wp-content\\\/uploads\\\/2022\\\/05\\\/qborbsk-l-dg-borough-basket-bag-l-dark-grey-1.jpg\",\"contentUrl\":\"https:\\\/\\\/www.dumoulinbicyclettes.com\\\/wp-content\\\/uploads\\\/2022\\\/05\\\/qborbsk-l-dg-borough-basket-bag-l-dark-grey-1.jpg\",\"width\":2500,\"height\":1667,\"caption\":\"Brompton Borough Basket Bag Large in Dark Grey-\"},{\"@type\":\"BreadcrumbList\",\"@id\":\"https:\\\/\\\/www.dumoulinbicyclettes.com\\\/produit\\\/brompton-borough-basket-bag-large-in-dark-grey\\\/#breadcrumb\",\"itemListElement\":[{\"@type\":\"ListItem\",\"position\":1,\"name\":\"Home\",\"item\":\"https:\\\/\\\/www.dumoulinbicyclettes.com\\\/en\\\/\"},{\"@type\":\"ListItem\",\"position\":2,\"name\":\"Shop\",\"item\":\"https:\\\/\\\/www.dumoulinbicyclettes.com\\\/en\\\/shop\\\/\"},{\"@type\":\"ListItem\",\"position\":3,\"name\":\"Panier Brompton Borough\"}]},{\"@type\":\"WebSite\",\"@id\":\"https:\\\/\\\/www.dumoulinbicyclettes.com\\\/#website\",\"url\":\"https:\\\/\\\/www.dumoulinbicyclettes.com\\\/\",\"name\":\"Dumoulin Bicyclettes\",\"description\":\"\",\"publisher\":{\"@id\":\"https:\\\/\\\/www.dumoulinbicyclettes.com\\\/#organization\"},\"potentialAction\":[{\"@type\":\"SearchAction\",\"target\":{\"@type\":\"EntryPoint\",\"urlTemplate\":\"https:\\\/\\\/www.dumoulinbicyclettes.com\\\/?s={search_term_string}\"},\"query-input\":{\"@type\":\"PropertyValueSpecification\",\"valueRequired\":true,\"valueName\":\"search_term_string\"}}],\"inLanguage\":\"en-US\"},{\"@type\":\"Organization\",\"@id\":\"https:\\\/\\\/www.dumoulinbicyclettes.com\\\/#organization\",\"name\":\"Dumoulin Bicyclettes\",\"url\":\"https:\\\/\\\/www.dumoulinbicyclettes.com\\\/\",\"logo\":{\"@type\":\"ImageObject\",\"inLanguage\":\"en-US\",\"@id\":\"https:\\\/\\\/www.dumoulinbicyclettes.com\\\/#\\\/schema\\\/logo\\\/image\\\/\",\"url\":\"https:\\\/\\\/www.dumoulinbicyclettes.com\\\/wp-content\\\/uploads\\\/2021\\\/04\\\/Logo.svg\",\"contentUrl\":\"https:\\\/\\\/www.dumoulinbicyclettes.com\\\/wp-content\\\/uploads\\\/2021\\\/04\\\/Logo.svg\",\"width\":254,\"height\":86,\"caption\":\"Dumoulin Bicyclettes\"},\"image\":{\"@id\":\"https:\\\/\\\/www.dumoulinbicyclettes.com\\\/#\\\/schema\\\/logo\\\/image\\\/\"},\"sameAs\":[\"https:\\\/\\\/www.facebook.com\\\/dumoulinbicyclettes\",\"https:\\\/\\\/www.instagram.com\\\/dumoulin.ca\\\/\",\"https:\\\/\\\/www.youtube.com\\\/user\\\/dumoulinbicyclettes\"]}]}<\/script>\n<!-- \/ Yoast SEO plugin. -->","yoast_head_json":{"title":"Brompton Borough Basket Bag |\u00a0Panier Brompton Borough | Dumoulin","description":"Le panier \u00abBrompton Borough Basket Bag\u00bb est un classique. Pratique et simple, notre client\u00e8le Brompton l'adore depuis bien des ann\u00e9es !","robots":{"index":"index","follow":"follow","max-snippet":"max-snippet:-1","max-image-preview":"max-image-preview:large","max-video-preview":"max-video-preview:-1"},"canonical":"https:\/\/www.dumoulinbicyclettes.com\/produit\/brompton-borough-basket-bag-large-in-dark-grey\/","og_locale":"en_US","og_type":"article","og_title":"Brompton Borough Basket Bag |\u00a0Panier Brompton Borough | Dumoulin","og_description":"Le panier \u00abBrompton Borough Basket Bag\u00bb est un classique. Pratique et simple, notre client\u00e8le Brompton l'adore depuis bien des ann\u00e9es !","og_url":"https:\/\/www.dumoulinbicyclettes.com\/produit\/brompton-borough-basket-bag-large-in-dark-grey\/","og_site_name":"Dumoulin Bicyclettes","article_publisher":"https:\/\/www.facebook.com\/dumoulinbicyclettes","article_modified_time":"2026-03-21T22:18:24+00:00","og_image":[{"width":2500,"height":1667,"url":"http:\/\/www.dumoulinbicyclettes.com\/wp-content\/uploads\/2022\/05\/qborbsk-l-dg-borough-basket-bag-l-dark-grey-1.jpg","type":"image\/jpeg"}],"twitter_card":"summary_large_image","twitter_misc":{"Est. reading time":"1 minute"},"schema":{"@context":"https:\/\/schema.org","@graph":[{"@type":"WebPage","@id":"https:\/\/www.dumoulinbicyclettes.com\/produit\/brompton-borough-basket-bag-large-in-dark-grey\/","url":"https:\/\/www.dumoulinbicyclettes.com\/produit\/brompton-borough-basket-bag-large-in-dark-grey\/","name":"Brompton Borough Basket Bag |\u00a0Panier Brompton Borough | Dumoulin","isPartOf":{"@id":"https:\/\/www.dumoulinbicyclettes.com\/#website"},"primaryImageOfPage":{"@id":"https:\/\/www.dumoulinbicyclettes.com\/produit\/brompton-borough-basket-bag-large-in-dark-grey\/#primaryimage"},"image":{"@id":"https:\/\/www.dumoulinbicyclettes.com\/produit\/brompton-borough-basket-bag-large-in-dark-grey\/#primaryimage"},"thumbnailUrl":"https:\/\/www.dumoulinbicyclettes.com\/wp-content\/uploads\/2022\/05\/qborbsk-l-dg-borough-basket-bag-l-dark-grey-1.jpg","datePublished":"2022-05-16T18:19:44+00:00","dateModified":"2026-03-21T22:18:24+00:00","description":"Le panier \u00abBrompton Borough Basket Bag\u00bb est un classique. Pratique et simple, notre client\u00e8le Brompton l'adore depuis bien des ann\u00e9es !","breadcrumb":{"@id":"https:\/\/www.dumoulinbicyclettes.com\/produit\/brompton-borough-basket-bag-large-in-dark-grey\/#breadcrumb"},"inLanguage":"en-US","potentialAction":[{"@type":"ReadAction","target":["https:\/\/www.dumoulinbicyclettes.com\/produit\/brompton-borough-basket-bag-large-in-dark-grey\/"]}]},{"@type":"ImageObject","inLanguage":"en-US","@id":"https:\/\/www.dumoulinbicyclettes.com\/produit\/brompton-borough-basket-bag-large-in-dark-grey\/#primaryimage","url":"https:\/\/www.dumoulinbicyclettes.com\/wp-content\/uploads\/2022\/05\/qborbsk-l-dg-borough-basket-bag-l-dark-grey-1.jpg","contentUrl":"https:\/\/www.dumoulinbicyclettes.com\/wp-content\/uploads\/2022\/05\/qborbsk-l-dg-borough-basket-bag-l-dark-grey-1.jpg","width":2500,"height":1667,"caption":"Brompton Borough Basket Bag Large in Dark Grey-"},{"@type":"BreadcrumbList","@id":"https:\/\/www.dumoulinbicyclettes.com\/produit\/brompton-borough-basket-bag-large-in-dark-grey\/#breadcrumb","itemListElement":[{"@type":"ListItem","position":1,"name":"Home","item":"https:\/\/www.dumoulinbicyclettes.com\/en\/"},{"@type":"ListItem","position":2,"name":"Shop","item":"https:\/\/www.dumoulinbicyclettes.com\/en\/shop\/"},{"@type":"ListItem","position":3,"name":"Panier Brompton Borough"}]},{"@type":"WebSite","@id":"https:\/\/www.dumoulinbicyclettes.com\/#website","url":"https:\/\/www.dumoulinbicyclettes.com\/","name":"Dumoulin Bicyclettes","description":"","publisher":{"@id":"https:\/\/www.dumoulinbicyclettes.com\/#organization"},"potentialAction":[{"@type":"SearchAction","target":{"@type":"EntryPoint","urlTemplate":"https:\/\/www.dumoulinbicyclettes.com\/?s={search_term_string}"},"query-input":{"@type":"PropertyValueSpecification","valueRequired":true,"valueName":"search_term_string"}}],"inLanguage":"en-US"},{"@type":"Organization","@id":"https:\/\/www.dumoulinbicyclettes.com\/#organization","name":"Dumoulin Bicyclettes","url":"https:\/\/www.dumoulinbicyclettes.com\/","logo":{"@type":"ImageObject","inLanguage":"en-US","@id":"https:\/\/www.dumoulinbicyclettes.com\/#\/schema\/logo\/image\/","url":"https:\/\/www.dumoulinbicyclettes.com\/wp-content\/uploads\/2021\/04\/Logo.svg","contentUrl":"https:\/\/www.dumoulinbicyclettes.com\/wp-content\/uploads\/2021\/04\/Logo.svg","width":254,"height":86,"caption":"Dumoulin Bicyclettes"},"image":{"@id":"https:\/\/www.dumoulinbicyclettes.com\/#\/schema\/logo\/image\/"},"sameAs":["https:\/\/www.facebook.com\/dumoulinbicyclettes","https:\/\/www.instagram.com\/dumoulin.ca\/","https:\/\/www.youtube.com\/user\/dumoulinbicyclettes"]}]}},"_links":{"self":[{"href":"https:\/\/www.dumoulinbicyclettes.com\/en\/wp-json\/wp\/v2\/product\/75004","targetHints":{"allow":["GET"]}}],"collection":[{"href":"https:\/\/www.dumoulinbicyclettes.com\/en\/wp-json\/wp\/v2\/product"}],"about":[{"href":"https:\/\/www.dumoulinbicyclettes.com\/en\/wp-json\/wp\/v2\/types\/product"}],"wp:featuredmedia":[{"embeddable":true,"href":"https:\/\/www.dumoulinbicyclettes.com\/en\/wp-json\/wp\/v2\/media\/152502"}],"wp:attachment":[{"href":"https:\/\/www.dumoulinbicyclettes.com\/en\/wp-json\/wp\/v2\/media?parent=75004"}],"wp:term":[{"taxonomy":"product_brand","embeddable":true,"href":"https:\/\/www.dumoulinbicyclettes.com\/en\/wp-json\/wp\/v2\/product_brand?post=75004"},{"taxonomy":"product_cat","embeddable":true,"href":"https:\/\/www.dumoulinbicyclettes.com\/en\/wp-json\/wp\/v2\/product_cat?post=75004"},{"taxonomy":"product_tag","embeddable":true,"href":"https:\/\/www.dumoulinbicyclettes.com\/en\/wp-json\/wp\/v2\/product_tag?post=75004"},{"taxonomy":"marque-produit","embeddable":true,"href":"https:\/\/www.dumoulinbicyclettes.com\/en\/wp-json\/wp\/v2\/marque-produit?post=75004"},{"taxonomy":"collection-produit","embeddable":true,"href":"https:\/\/www.dumoulinbicyclettes.com\/en\/wp-json\/wp\/v2\/collection-produit?post=75004"},{"taxonomy":"type-surface-produit","embeddable":true,"href":"https:\/\/www.dumoulinbicyclettes.com\/en\/wp-json\/wp\/v2\/type-surface-produit?post=75004"},{"taxonomy":"type-velo-produit","embeddable":true,"href":"https:\/\/www.dumoulinbicyclettes.com\/en\/wp-json\/wp\/v2\/type-velo-produit?post=75004"},{"taxonomy":"vetement-produit","embeddable":true,"href":"https:\/\/www.dumoulinbicyclettes.com\/en\/wp-json\/wp\/v2\/vetement-produit?post=75004"},{"taxonomy":"thematique-produit","embeddable":true,"href":"https:\/\/www.dumoulinbicyclettes.com\/en\/wp-json\/wp\/v2\/thematique-produit?post=75004"},{"taxonomy":"position-sur-le-v\u00e9lo","embeddable":true,"href":"https:\/\/www.dumoulinbicyclettes.com\/en\/wp-json\/wp\/v2\/position-sur-le-v\u00e9lo?post=75004"}],"curies":[{"name":"wp","href":"https:\/\/api.w.org\/{rel}","templated":true}]}}