{"id":75180,"date":"2022-05-16T14:20:27","date_gmt":"2022-05-16T18:20:27","guid":{"rendered":"http:\/\/www.dumoulinbicyclettes.com\/?post_type=product&#038;p=75180"},"modified":"2025-09-29T19:18:05","modified_gmt":"2025-09-29T23:18:05","slug":"sac-tern-dry-goods-bag","status":"publish","type":"product","link":"https:\/\/www.dumoulinbicyclettes.com\/en\/product\/sac-tern-dry-goods-bag\/","title":{"rendered":"Sac Tern &#8220;Dry goods bag&#8221;"},"content":{"rendered":"<p>Le sac \u00e9tanche Tern \u00abDry goods\u00bb, c&#8217;est un accessoire pratique et un compl\u00e9ment parfait pour toutes celles et ceux qui veulent transporter des affaires durant leurs d\u00e9placements.<\/p>\n<p>Gr\u00e2ce \u00e0 un adaptateur \u00abKlickfix\u00bb, il s&#8217;installe commod\u00e9ment sur le dessus des porte-bagages <a href=\"https:\/\/www.dumoulinbicyclettes.com\/produit\/porte-bagages-arriere-tern-loader-rack\/\">Tern<\/a>.<\/p>\n<p>C&#8217;est une grande boite de 11,2L, assez agr\u00e9able \u00e0 utiliser et qui se r\u00e9v\u00e8lera fort \u00e0 propos pour les possesseurs de Tern <a href=\"https:\/\/www.dumoulinbicyclettes.com\/produit\/tern-verge-p10\/\">Verge<\/a>, Tern <a href=\"https:\/\/www.dumoulinbicyclettes.com\/produit\/tern-link-d8\/\" target=\"_blank\" rel=\"noopener\">Link<\/a> ou encore du v\u00e9lo pliable \u00e9lectrique <a href=\"https:\/\/www.dumoulinbicyclettes.com\/produit\/tern-vektron-s10\/\">Tern Vektron<\/a>.<\/p>\n","protected":false},"excerpt":{"rendered":"<p>Le sac \u00e9tanche Tern \u00abDry goods\u00bb, c&#8217;est un accessoire pratique et un compl\u00e9ment parfait pour toutes celles et ceux qui veulent transporter des affaires durant leurs d\u00e9placements. Gr\u00e2ce \u00e0 un adaptateur \u00abKlickfix\u00bb, il s&#8217;installe commod\u00e9ment sur le dessus des porte-bagages Tern. C&#8217;est une grande boite de 11,2L, assez agr\u00e9able \u00e0 utiliser et qui se r\u00e9v\u00e8lera [&hellip;]<\/p>\n","protected":false},"featured_media":75181,"template":"","meta":{"_acf_changed":false},"product_brand":[],"product_cat":[182,184,195],"product_tag":[2579,2203],"marque-produit":[154],"collection-produit":[2865,2845],"type-surface-produit":[],"type-velo-produit":[],"vetement-produit":[],"thematique-produit":[],"position-sur-le-v\u00e9lo":[],"class_list":{"0":"post-75180","1":"product","2":"type-product","3":"status-publish","4":"has-post-thumbnail","6":"product_cat-accessoires","7":"product_cat-accessoires-pour-velo-pliable","8":"product_cat-sacoches","9":"product_tag-dry-goods","10":"product_tag-tern","11":"marque-produit-tern","12":"collection-produit-tern-byb","13":"collection-produit-tern-vektron","15":"first","16":"instock","17":"taxable","18":"shipping-taxable","19":"purchasable","20":"product-type-simple"},"acf":[],"yoast_head":"<!-- This site is optimized with the Yoast SEO plugin v27.3 - https:\/\/yoast.com\/product\/yoast-seo-wordpress\/ -->\n<title>Sac Tern Dry Goods Bag |\u00a0\u00c9quipement v\u00e9lo pliable |\u00a0Dumoulin | Montr\u00e9al<\/title>\n<meta name=\"description\" content=\"Sac \u00e9tanche assez large, compatible avec les porte-bagages Tern. Id\u00e9al pour le transport de petites choses au quotidien, ou durant vos balades.\" \/>\n<meta name=\"robots\" content=\"index, follow, max-snippet:-1, max-image-preview:large, max-video-preview:-1\" \/>\n<link rel=\"canonical\" href=\"https:\/\/www.dumoulinbicyclettes.com\/produit\/sac-tern-dry-goods-bag\/\" \/>\n<meta property=\"og:locale\" content=\"en_US\" \/>\n<meta property=\"og:type\" content=\"article\" \/>\n<meta property=\"og:title\" content=\"Sac Tern Dry Goods Bag |\u00a0\u00c9quipement v\u00e9lo pliable |\u00a0Dumoulin | Montr\u00e9al\" \/>\n<meta property=\"og:description\" content=\"Sac \u00e9tanche assez large, compatible avec les porte-bagages Tern. Id\u00e9al pour le transport de petites choses au quotidien, ou durant vos balades.\" \/>\n<meta property=\"og:url\" content=\"https:\/\/www.dumoulinbicyclettes.com\/produit\/sac-tern-dry-goods-bag\/\" \/>\n<meta property=\"og:site_name\" content=\"Dumoulin Bicyclettes\" \/>\n<meta property=\"article:publisher\" content=\"https:\/\/www.facebook.com\/dumoulinbicyclettes\" \/>\n<meta property=\"article:modified_time\" content=\"2025-09-29T23:18:05+00:00\" \/>\n<meta property=\"og:image\" content=\"http:\/\/www.dumoulinbicyclettes.com\/wp-content\/uploads\/2022\/05\/f1529883-6d1c-4291-8b4c-ddbf61dc0e1b-1.png\" \/>\n\t<meta property=\"og:image:width\" content=\"1024\" \/>\n\t<meta property=\"og:image:height\" content=\"681\" \/>\n\t<meta property=\"og:image:type\" content=\"image\/png\" \/>\n<meta name=\"twitter:card\" content=\"summary_large_image\" \/>\n<meta name=\"twitter:label1\" content=\"Est. reading time\" \/>\n\t<meta name=\"twitter:data1\" content=\"1 minute\" \/>\n<script type=\"application\/ld+json\" class=\"yoast-schema-graph\">{\"@context\":\"https:\\\/\\\/schema.org\",\"@graph\":[{\"@type\":\"WebPage\",\"@id\":\"https:\\\/\\\/www.dumoulinbicyclettes.com\\\/produit\\\/sac-tern-dry-goods-bag\\\/\",\"url\":\"https:\\\/\\\/www.dumoulinbicyclettes.com\\\/produit\\\/sac-tern-dry-goods-bag\\\/\",\"name\":\"Sac Tern Dry Goods Bag |\u00a0\u00c9quipement v\u00e9lo pliable |\u00a0Dumoulin | Montr\u00e9al\",\"isPartOf\":{\"@id\":\"https:\\\/\\\/www.dumoulinbicyclettes.com\\\/#website\"},\"primaryImageOfPage\":{\"@id\":\"https:\\\/\\\/www.dumoulinbicyclettes.com\\\/produit\\\/sac-tern-dry-goods-bag\\\/#primaryimage\"},\"image\":{\"@id\":\"https:\\\/\\\/www.dumoulinbicyclettes.com\\\/produit\\\/sac-tern-dry-goods-bag\\\/#primaryimage\"},\"thumbnailUrl\":\"https:\\\/\\\/www.dumoulinbicyclettes.com\\\/wp-content\\\/uploads\\\/2022\\\/05\\\/f1529883-6d1c-4291-8b4c-ddbf61dc0e1b-1.png\",\"datePublished\":\"2022-05-16T18:20:27+00:00\",\"dateModified\":\"2025-09-29T23:18:05+00:00\",\"description\":\"Sac \u00e9tanche assez large, compatible avec les porte-bagages Tern. Id\u00e9al pour le transport de petites choses au quotidien, ou durant vos balades.\",\"breadcrumb\":{\"@id\":\"https:\\\/\\\/www.dumoulinbicyclettes.com\\\/produit\\\/sac-tern-dry-goods-bag\\\/#breadcrumb\"},\"inLanguage\":\"en-US\",\"potentialAction\":[{\"@type\":\"ReadAction\",\"target\":[\"https:\\\/\\\/www.dumoulinbicyclettes.com\\\/produit\\\/sac-tern-dry-goods-bag\\\/\"]}]},{\"@type\":\"ImageObject\",\"inLanguage\":\"en-US\",\"@id\":\"https:\\\/\\\/www.dumoulinbicyclettes.com\\\/produit\\\/sac-tern-dry-goods-bag\\\/#primaryimage\",\"url\":\"https:\\\/\\\/www.dumoulinbicyclettes.com\\\/wp-content\\\/uploads\\\/2022\\\/05\\\/f1529883-6d1c-4291-8b4c-ddbf61dc0e1b-1.png\",\"contentUrl\":\"https:\\\/\\\/www.dumoulinbicyclettes.com\\\/wp-content\\\/uploads\\\/2022\\\/05\\\/f1529883-6d1c-4291-8b4c-ddbf61dc0e1b-1.png\",\"width\":1024,\"height\":681},{\"@type\":\"BreadcrumbList\",\"@id\":\"https:\\\/\\\/www.dumoulinbicyclettes.com\\\/produit\\\/sac-tern-dry-goods-bag\\\/#breadcrumb\",\"itemListElement\":[{\"@type\":\"ListItem\",\"position\":1,\"name\":\"Home\",\"item\":\"https:\\\/\\\/www.dumoulinbicyclettes.com\\\/en\\\/\"},{\"@type\":\"ListItem\",\"position\":2,\"name\":\"Shop\",\"item\":\"https:\\\/\\\/www.dumoulinbicyclettes.com\\\/en\\\/shop\\\/\"},{\"@type\":\"ListItem\",\"position\":3,\"name\":\"Sac Tern &#8220;Dry goods bag&#8221;\"}]},{\"@type\":\"WebSite\",\"@id\":\"https:\\\/\\\/www.dumoulinbicyclettes.com\\\/#website\",\"url\":\"https:\\\/\\\/www.dumoulinbicyclettes.com\\\/\",\"name\":\"Dumoulin Bicyclettes\",\"description\":\"\",\"publisher\":{\"@id\":\"https:\\\/\\\/www.dumoulinbicyclettes.com\\\/#organization\"},\"potentialAction\":[{\"@type\":\"SearchAction\",\"target\":{\"@type\":\"EntryPoint\",\"urlTemplate\":\"https:\\\/\\\/www.dumoulinbicyclettes.com\\\/?s={search_term_string}\"},\"query-input\":{\"@type\":\"PropertyValueSpecification\",\"valueRequired\":true,\"valueName\":\"search_term_string\"}}],\"inLanguage\":\"en-US\"},{\"@type\":\"Organization\",\"@id\":\"https:\\\/\\\/www.dumoulinbicyclettes.com\\\/#organization\",\"name\":\"Dumoulin Bicyclettes\",\"url\":\"https:\\\/\\\/www.dumoulinbicyclettes.com\\\/\",\"logo\":{\"@type\":\"ImageObject\",\"inLanguage\":\"en-US\",\"@id\":\"https:\\\/\\\/www.dumoulinbicyclettes.com\\\/#\\\/schema\\\/logo\\\/image\\\/\",\"url\":\"https:\\\/\\\/www.dumoulinbicyclettes.com\\\/wp-content\\\/uploads\\\/2021\\\/04\\\/Logo.svg\",\"contentUrl\":\"https:\\\/\\\/www.dumoulinbicyclettes.com\\\/wp-content\\\/uploads\\\/2021\\\/04\\\/Logo.svg\",\"width\":254,\"height\":86,\"caption\":\"Dumoulin Bicyclettes\"},\"image\":{\"@id\":\"https:\\\/\\\/www.dumoulinbicyclettes.com\\\/#\\\/schema\\\/logo\\\/image\\\/\"},\"sameAs\":[\"https:\\\/\\\/www.facebook.com\\\/dumoulinbicyclettes\",\"https:\\\/\\\/www.instagram.com\\\/dumoulin.ca\\\/\",\"https:\\\/\\\/www.youtube.com\\\/user\\\/dumoulinbicyclettes\"]}]}<\/script>\n<!-- \/ Yoast SEO plugin. -->","yoast_head_json":{"title":"Sac Tern Dry Goods Bag |\u00a0\u00c9quipement v\u00e9lo pliable |\u00a0Dumoulin | Montr\u00e9al","description":"Sac \u00e9tanche assez large, compatible avec les porte-bagages Tern. Id\u00e9al pour le transport de petites choses au quotidien, ou durant vos balades.","robots":{"index":"index","follow":"follow","max-snippet":"max-snippet:-1","max-image-preview":"max-image-preview:large","max-video-preview":"max-video-preview:-1"},"canonical":"https:\/\/www.dumoulinbicyclettes.com\/produit\/sac-tern-dry-goods-bag\/","og_locale":"en_US","og_type":"article","og_title":"Sac Tern Dry Goods Bag |\u00a0\u00c9quipement v\u00e9lo pliable |\u00a0Dumoulin | Montr\u00e9al","og_description":"Sac \u00e9tanche assez large, compatible avec les porte-bagages Tern. Id\u00e9al pour le transport de petites choses au quotidien, ou durant vos balades.","og_url":"https:\/\/www.dumoulinbicyclettes.com\/produit\/sac-tern-dry-goods-bag\/","og_site_name":"Dumoulin Bicyclettes","article_publisher":"https:\/\/www.facebook.com\/dumoulinbicyclettes","article_modified_time":"2025-09-29T23:18:05+00:00","og_image":[{"width":1024,"height":681,"url":"http:\/\/www.dumoulinbicyclettes.com\/wp-content\/uploads\/2022\/05\/f1529883-6d1c-4291-8b4c-ddbf61dc0e1b-1.png","type":"image\/png"}],"twitter_card":"summary_large_image","twitter_misc":{"Est. reading time":"1 minute"},"schema":{"@context":"https:\/\/schema.org","@graph":[{"@type":"WebPage","@id":"https:\/\/www.dumoulinbicyclettes.com\/produit\/sac-tern-dry-goods-bag\/","url":"https:\/\/www.dumoulinbicyclettes.com\/produit\/sac-tern-dry-goods-bag\/","name":"Sac Tern Dry Goods Bag |\u00a0\u00c9quipement v\u00e9lo pliable |\u00a0Dumoulin | Montr\u00e9al","isPartOf":{"@id":"https:\/\/www.dumoulinbicyclettes.com\/#website"},"primaryImageOfPage":{"@id":"https:\/\/www.dumoulinbicyclettes.com\/produit\/sac-tern-dry-goods-bag\/#primaryimage"},"image":{"@id":"https:\/\/www.dumoulinbicyclettes.com\/produit\/sac-tern-dry-goods-bag\/#primaryimage"},"thumbnailUrl":"https:\/\/www.dumoulinbicyclettes.com\/wp-content\/uploads\/2022\/05\/f1529883-6d1c-4291-8b4c-ddbf61dc0e1b-1.png","datePublished":"2022-05-16T18:20:27+00:00","dateModified":"2025-09-29T23:18:05+00:00","description":"Sac \u00e9tanche assez large, compatible avec les porte-bagages Tern. Id\u00e9al pour le transport de petites choses au quotidien, ou durant vos balades.","breadcrumb":{"@id":"https:\/\/www.dumoulinbicyclettes.com\/produit\/sac-tern-dry-goods-bag\/#breadcrumb"},"inLanguage":"en-US","potentialAction":[{"@type":"ReadAction","target":["https:\/\/www.dumoulinbicyclettes.com\/produit\/sac-tern-dry-goods-bag\/"]}]},{"@type":"ImageObject","inLanguage":"en-US","@id":"https:\/\/www.dumoulinbicyclettes.com\/produit\/sac-tern-dry-goods-bag\/#primaryimage","url":"https:\/\/www.dumoulinbicyclettes.com\/wp-content\/uploads\/2022\/05\/f1529883-6d1c-4291-8b4c-ddbf61dc0e1b-1.png","contentUrl":"https:\/\/www.dumoulinbicyclettes.com\/wp-content\/uploads\/2022\/05\/f1529883-6d1c-4291-8b4c-ddbf61dc0e1b-1.png","width":1024,"height":681},{"@type":"BreadcrumbList","@id":"https:\/\/www.dumoulinbicyclettes.com\/produit\/sac-tern-dry-goods-bag\/#breadcrumb","itemListElement":[{"@type":"ListItem","position":1,"name":"Home","item":"https:\/\/www.dumoulinbicyclettes.com\/en\/"},{"@type":"ListItem","position":2,"name":"Shop","item":"https:\/\/www.dumoulinbicyclettes.com\/en\/shop\/"},{"@type":"ListItem","position":3,"name":"Sac Tern &#8220;Dry goods bag&#8221;"}]},{"@type":"WebSite","@id":"https:\/\/www.dumoulinbicyclettes.com\/#website","url":"https:\/\/www.dumoulinbicyclettes.com\/","name":"Dumoulin Bicyclettes","description":"","publisher":{"@id":"https:\/\/www.dumoulinbicyclettes.com\/#organization"},"potentialAction":[{"@type":"SearchAction","target":{"@type":"EntryPoint","urlTemplate":"https:\/\/www.dumoulinbicyclettes.com\/?s={search_term_string}"},"query-input":{"@type":"PropertyValueSpecification","valueRequired":true,"valueName":"search_term_string"}}],"inLanguage":"en-US"},{"@type":"Organization","@id":"https:\/\/www.dumoulinbicyclettes.com\/#organization","name":"Dumoulin Bicyclettes","url":"https:\/\/www.dumoulinbicyclettes.com\/","logo":{"@type":"ImageObject","inLanguage":"en-US","@id":"https:\/\/www.dumoulinbicyclettes.com\/#\/schema\/logo\/image\/","url":"https:\/\/www.dumoulinbicyclettes.com\/wp-content\/uploads\/2021\/04\/Logo.svg","contentUrl":"https:\/\/www.dumoulinbicyclettes.com\/wp-content\/uploads\/2021\/04\/Logo.svg","width":254,"height":86,"caption":"Dumoulin Bicyclettes"},"image":{"@id":"https:\/\/www.dumoulinbicyclettes.com\/#\/schema\/logo\/image\/"},"sameAs":["https:\/\/www.facebook.com\/dumoulinbicyclettes","https:\/\/www.instagram.com\/dumoulin.ca\/","https:\/\/www.youtube.com\/user\/dumoulinbicyclettes"]}]}},"_links":{"self":[{"href":"https:\/\/www.dumoulinbicyclettes.com\/en\/wp-json\/wp\/v2\/product\/75180","targetHints":{"allow":["GET"]}}],"collection":[{"href":"https:\/\/www.dumoulinbicyclettes.com\/en\/wp-json\/wp\/v2\/product"}],"about":[{"href":"https:\/\/www.dumoulinbicyclettes.com\/en\/wp-json\/wp\/v2\/types\/product"}],"wp:featuredmedia":[{"embeddable":true,"href":"https:\/\/www.dumoulinbicyclettes.com\/en\/wp-json\/wp\/v2\/media\/75181"}],"wp:attachment":[{"href":"https:\/\/www.dumoulinbicyclettes.com\/en\/wp-json\/wp\/v2\/media?parent=75180"}],"wp:term":[{"taxonomy":"product_brand","embeddable":true,"href":"https:\/\/www.dumoulinbicyclettes.com\/en\/wp-json\/wp\/v2\/product_brand?post=75180"},{"taxonomy":"product_cat","embeddable":true,"href":"https:\/\/www.dumoulinbicyclettes.com\/en\/wp-json\/wp\/v2\/product_cat?post=75180"},{"taxonomy":"product_tag","embeddable":true,"href":"https:\/\/www.dumoulinbicyclettes.com\/en\/wp-json\/wp\/v2\/product_tag?post=75180"},{"taxonomy":"marque-produit","embeddable":true,"href":"https:\/\/www.dumoulinbicyclettes.com\/en\/wp-json\/wp\/v2\/marque-produit?post=75180"},{"taxonomy":"collection-produit","embeddable":true,"href":"https:\/\/www.dumoulinbicyclettes.com\/en\/wp-json\/wp\/v2\/collection-produit?post=75180"},{"taxonomy":"type-surface-produit","embeddable":true,"href":"https:\/\/www.dumoulinbicyclettes.com\/en\/wp-json\/wp\/v2\/type-surface-produit?post=75180"},{"taxonomy":"type-velo-produit","embeddable":true,"href":"https:\/\/www.dumoulinbicyclettes.com\/en\/wp-json\/wp\/v2\/type-velo-produit?post=75180"},{"taxonomy":"vetement-produit","embeddable":true,"href":"https:\/\/www.dumoulinbicyclettes.com\/en\/wp-json\/wp\/v2\/vetement-produit?post=75180"},{"taxonomy":"thematique-produit","embeddable":true,"href":"https:\/\/www.dumoulinbicyclettes.com\/en\/wp-json\/wp\/v2\/thematique-produit?post=75180"},{"taxonomy":"position-sur-le-v\u00e9lo","embeddable":true,"href":"https:\/\/www.dumoulinbicyclettes.com\/en\/wp-json\/wp\/v2\/position-sur-le-v\u00e9lo?post=75180"}],"curies":[{"name":"wp","href":"https:\/\/api.w.org\/{rel}","templated":true}]}}