{"id":75240,"date":"2022-05-16T14:20:41","date_gmt":"2022-05-16T18:20:41","guid":{"rendered":"http:\/\/www.dumoulinbicyclettes.com\/?post_type=product&#038;p=75240"},"modified":"2025-09-08T13:10:54","modified_gmt":"2025-09-08T17:10:54","slug":"urban-arrow-luggage-net","status":"publish","type":"product","link":"https:\/\/www.dumoulinbicyclettes.com\/en\/product\/urban-arrow-luggage-net\/","title":{"rendered":"Filet de transport Urban Arrow \u00abLuggage net\u00bb"},"content":{"rendered":"<p>Le filet \u00abLuggage net\u00bb de Urban Arrow peut paraitre superflu. Que nenni ! C&#8217;est un de ces petits d\u00e9tails du Urban Arrow Family qui change la vie ! On a jamais trop d&#8217;astuces ni d&#8217;espaces pour ranger des petites choses lorsque l&#8217;on se d\u00e9place en famille : gourde des enfants, cadenas, bouteille de spiritueux qu\u00e9b\u00e9cois, menues affaires de l&#8217;\u00e9picerie&#8230; Ce filet pratique permet d&#8217;\u00e9viter que tout cela ne se balade dans le fond de la caisse.<\/p>\n","protected":false},"excerpt":{"rendered":"<p>Le filet \u00abLuggage net\u00bb de Urban Arrow peut paraitre superflu. Que nenni ! C&#8217;est un de ces petits d\u00e9tails du Urban Arrow Family qui change la vie ! On a jamais trop d&#8217;astuces ni d&#8217;espaces pour ranger des petites choses lorsque l&#8217;on se d\u00e9place en famille : gourde des enfants, cadenas, bouteille de spiritueux qu\u00e9b\u00e9cois, [&hellip;]<\/p>\n","protected":false},"featured_media":22492,"template":"","meta":{"_acf_changed":false},"product_brand":[],"product_cat":[2618],"product_tag":[2573,2571],"marque-produit":[1451],"collection-produit":[2889],"type-surface-produit":[],"type-velo-produit":[],"vetement-produit":[],"thematique-produit":[],"position-sur-le-v\u00e9lo":[],"class_list":{"0":"post-75240","1":"product","2":"type-product","3":"status-publish","4":"has-post-thumbnail","6":"product_cat-urban-arrow","7":"product_tag-filet","8":"product_tag-urban-arrow","9":"marque-produit-urban-arrow","10":"collection-produit-urban-arrow","12":"first","13":"outofstock","14":"taxable","15":"shipping-taxable","16":"purchasable","17":"product-type-simple"},"acf":[],"yoast_head":"<!-- This site is optimized with the Yoast SEO plugin v27.3 - https:\/\/yoast.com\/product\/yoast-seo-wordpress\/ -->\n<title>Filet de transport Urban Arrow \u00abLuggage net\u00bb - Dumoulin Bicyclettes<\/title>\n<meta name=\"description\" content=\"Le filet Urban Arrow luggage net est \u00e9difiant : il illustre l&#039;ing\u00e9niosit\u00e9 du Urban Arrow Family. Au-lieu de laisser la dive bouteille dans le fond de la boite, transportez-la en toute s\u00e9curit\u00e9 dans ce filet !\" \/>\n<meta name=\"robots\" content=\"index, follow, max-snippet:-1, max-image-preview:large, max-video-preview:-1\" \/>\n<link rel=\"canonical\" href=\"https:\/\/www.dumoulinbicyclettes.com\/produit\/urban-arrow-luggage-net\/\" \/>\n<meta property=\"og:locale\" content=\"en_US\" \/>\n<meta property=\"og:type\" content=\"article\" \/>\n<meta property=\"og:title\" content=\"Filet de transport Urban Arrow \u00abLuggage net\u00bb - Dumoulin Bicyclettes\" \/>\n<meta property=\"og:description\" content=\"Le filet Urban Arrow luggage net est \u00e9difiant : il illustre l&#039;ing\u00e9niosit\u00e9 du Urban Arrow Family. Au-lieu de laisser la dive bouteille dans le fond de la boite, transportez-la en toute s\u00e9curit\u00e9 dans ce filet !\" \/>\n<meta property=\"og:url\" content=\"https:\/\/www.dumoulinbicyclettes.com\/produit\/urban-arrow-luggage-net\/\" \/>\n<meta property=\"og:site_name\" content=\"Dumoulin Bicyclettes\" \/>\n<meta property=\"article:publisher\" content=\"https:\/\/www.facebook.com\/dumoulinbicyclettes\" \/>\n<meta property=\"article:modified_time\" content=\"2025-09-08T17:10:54+00:00\" \/>\n<meta property=\"og:image\" content=\"https:\/\/www.dumoulinbicyclettes.com\/wp-content\/uploads\/2021\/11\/urban-arrow-filet.jpeg\" \/>\n\t<meta property=\"og:image:width\" content=\"2560\" \/>\n\t<meta property=\"og:image:height\" content=\"1440\" \/>\n\t<meta property=\"og:image:type\" content=\"image\/jpeg\" \/>\n<meta name=\"twitter:card\" content=\"summary_large_image\" \/>\n<meta name=\"twitter:label1\" content=\"Est. reading time\" \/>\n\t<meta name=\"twitter:data1\" content=\"1 minute\" \/>\n<script type=\"application\/ld+json\" class=\"yoast-schema-graph\">{\"@context\":\"https:\\\/\\\/schema.org\",\"@graph\":[{\"@type\":\"WebPage\",\"@id\":\"https:\\\/\\\/www.dumoulinbicyclettes.com\\\/produit\\\/urban-arrow-luggage-net\\\/\",\"url\":\"https:\\\/\\\/www.dumoulinbicyclettes.com\\\/produit\\\/urban-arrow-luggage-net\\\/\",\"name\":\"Filet de transport Urban Arrow \u00abLuggage net\u00bb - Dumoulin Bicyclettes\",\"isPartOf\":{\"@id\":\"https:\\\/\\\/www.dumoulinbicyclettes.com\\\/#website\"},\"primaryImageOfPage\":{\"@id\":\"https:\\\/\\\/www.dumoulinbicyclettes.com\\\/produit\\\/urban-arrow-luggage-net\\\/#primaryimage\"},\"image\":{\"@id\":\"https:\\\/\\\/www.dumoulinbicyclettes.com\\\/produit\\\/urban-arrow-luggage-net\\\/#primaryimage\"},\"thumbnailUrl\":\"https:\\\/\\\/www.dumoulinbicyclettes.com\\\/wp-content\\\/uploads\\\/2021\\\/11\\\/urban-arrow-filet.jpeg\",\"datePublished\":\"2022-05-16T18:20:41+00:00\",\"dateModified\":\"2025-09-08T17:10:54+00:00\",\"description\":\"Le filet Urban Arrow luggage net est \u00e9difiant : il illustre l'ing\u00e9niosit\u00e9 du Urban Arrow Family. Au-lieu de laisser la dive bouteille dans le fond de la boite, transportez-la en toute s\u00e9curit\u00e9 dans ce filet !\",\"breadcrumb\":{\"@id\":\"https:\\\/\\\/www.dumoulinbicyclettes.com\\\/produit\\\/urban-arrow-luggage-net\\\/#breadcrumb\"},\"inLanguage\":\"en-US\",\"potentialAction\":[{\"@type\":\"ReadAction\",\"target\":[\"https:\\\/\\\/www.dumoulinbicyclettes.com\\\/produit\\\/urban-arrow-luggage-net\\\/\"]}]},{\"@type\":\"ImageObject\",\"inLanguage\":\"en-US\",\"@id\":\"https:\\\/\\\/www.dumoulinbicyclettes.com\\\/produit\\\/urban-arrow-luggage-net\\\/#primaryimage\",\"url\":\"https:\\\/\\\/www.dumoulinbicyclettes.com\\\/wp-content\\\/uploads\\\/2021\\\/11\\\/urban-arrow-filet.jpeg\",\"contentUrl\":\"https:\\\/\\\/www.dumoulinbicyclettes.com\\\/wp-content\\\/uploads\\\/2021\\\/11\\\/urban-arrow-filet.jpeg\",\"width\":2560,\"height\":1440,\"caption\":\"urban arrow luggage net\"},{\"@type\":\"BreadcrumbList\",\"@id\":\"https:\\\/\\\/www.dumoulinbicyclettes.com\\\/produit\\\/urban-arrow-luggage-net\\\/#breadcrumb\",\"itemListElement\":[{\"@type\":\"ListItem\",\"position\":1,\"name\":\"Home\",\"item\":\"https:\\\/\\\/www.dumoulinbicyclettes.com\\\/en\\\/\"},{\"@type\":\"ListItem\",\"position\":2,\"name\":\"Shop\",\"item\":\"https:\\\/\\\/www.dumoulinbicyclettes.com\\\/en\\\/shop\\\/\"},{\"@type\":\"ListItem\",\"position\":3,\"name\":\"Filet de transport Urban Arrow \u00abLuggage net\u00bb\"}]},{\"@type\":\"WebSite\",\"@id\":\"https:\\\/\\\/www.dumoulinbicyclettes.com\\\/#website\",\"url\":\"https:\\\/\\\/www.dumoulinbicyclettes.com\\\/\",\"name\":\"Dumoulin Bicyclettes\",\"description\":\"\",\"publisher\":{\"@id\":\"https:\\\/\\\/www.dumoulinbicyclettes.com\\\/#organization\"},\"potentialAction\":[{\"@type\":\"SearchAction\",\"target\":{\"@type\":\"EntryPoint\",\"urlTemplate\":\"https:\\\/\\\/www.dumoulinbicyclettes.com\\\/?s={search_term_string}\"},\"query-input\":{\"@type\":\"PropertyValueSpecification\",\"valueRequired\":true,\"valueName\":\"search_term_string\"}}],\"inLanguage\":\"en-US\"},{\"@type\":\"Organization\",\"@id\":\"https:\\\/\\\/www.dumoulinbicyclettes.com\\\/#organization\",\"name\":\"Dumoulin Bicyclettes\",\"url\":\"https:\\\/\\\/www.dumoulinbicyclettes.com\\\/\",\"logo\":{\"@type\":\"ImageObject\",\"inLanguage\":\"en-US\",\"@id\":\"https:\\\/\\\/www.dumoulinbicyclettes.com\\\/#\\\/schema\\\/logo\\\/image\\\/\",\"url\":\"https:\\\/\\\/www.dumoulinbicyclettes.com\\\/wp-content\\\/uploads\\\/2021\\\/04\\\/Logo.svg\",\"contentUrl\":\"https:\\\/\\\/www.dumoulinbicyclettes.com\\\/wp-content\\\/uploads\\\/2021\\\/04\\\/Logo.svg\",\"width\":254,\"height\":86,\"caption\":\"Dumoulin Bicyclettes\"},\"image\":{\"@id\":\"https:\\\/\\\/www.dumoulinbicyclettes.com\\\/#\\\/schema\\\/logo\\\/image\\\/\"},\"sameAs\":[\"https:\\\/\\\/www.facebook.com\\\/dumoulinbicyclettes\",\"https:\\\/\\\/www.instagram.com\\\/dumoulin.ca\\\/\",\"https:\\\/\\\/www.youtube.com\\\/user\\\/dumoulinbicyclettes\"]}]}<\/script>\n<!-- \/ Yoast SEO plugin. -->","yoast_head_json":{"title":"Filet de transport Urban Arrow \u00abLuggage net\u00bb - Dumoulin Bicyclettes","description":"Le filet Urban Arrow luggage net est \u00e9difiant : il illustre l'ing\u00e9niosit\u00e9 du Urban Arrow Family. Au-lieu de laisser la dive bouteille dans le fond de la boite, transportez-la en toute s\u00e9curit\u00e9 dans ce filet !","robots":{"index":"index","follow":"follow","max-snippet":"max-snippet:-1","max-image-preview":"max-image-preview:large","max-video-preview":"max-video-preview:-1"},"canonical":"https:\/\/www.dumoulinbicyclettes.com\/produit\/urban-arrow-luggage-net\/","og_locale":"en_US","og_type":"article","og_title":"Filet de transport Urban Arrow \u00abLuggage net\u00bb - Dumoulin Bicyclettes","og_description":"Le filet Urban Arrow luggage net est \u00e9difiant : il illustre l'ing\u00e9niosit\u00e9 du Urban Arrow Family. Au-lieu de laisser la dive bouteille dans le fond de la boite, transportez-la en toute s\u00e9curit\u00e9 dans ce filet !","og_url":"https:\/\/www.dumoulinbicyclettes.com\/produit\/urban-arrow-luggage-net\/","og_site_name":"Dumoulin Bicyclettes","article_publisher":"https:\/\/www.facebook.com\/dumoulinbicyclettes","article_modified_time":"2025-09-08T17:10:54+00:00","og_image":[{"width":2560,"height":1440,"url":"https:\/\/www.dumoulinbicyclettes.com\/wp-content\/uploads\/2021\/11\/urban-arrow-filet.jpeg","type":"image\/jpeg"}],"twitter_card":"summary_large_image","twitter_misc":{"Est. reading time":"1 minute"},"schema":{"@context":"https:\/\/schema.org","@graph":[{"@type":"WebPage","@id":"https:\/\/www.dumoulinbicyclettes.com\/produit\/urban-arrow-luggage-net\/","url":"https:\/\/www.dumoulinbicyclettes.com\/produit\/urban-arrow-luggage-net\/","name":"Filet de transport Urban Arrow \u00abLuggage net\u00bb - Dumoulin Bicyclettes","isPartOf":{"@id":"https:\/\/www.dumoulinbicyclettes.com\/#website"},"primaryImageOfPage":{"@id":"https:\/\/www.dumoulinbicyclettes.com\/produit\/urban-arrow-luggage-net\/#primaryimage"},"image":{"@id":"https:\/\/www.dumoulinbicyclettes.com\/produit\/urban-arrow-luggage-net\/#primaryimage"},"thumbnailUrl":"https:\/\/www.dumoulinbicyclettes.com\/wp-content\/uploads\/2021\/11\/urban-arrow-filet.jpeg","datePublished":"2022-05-16T18:20:41+00:00","dateModified":"2025-09-08T17:10:54+00:00","description":"Le filet Urban Arrow luggage net est \u00e9difiant : il illustre l'ing\u00e9niosit\u00e9 du Urban Arrow Family. Au-lieu de laisser la dive bouteille dans le fond de la boite, transportez-la en toute s\u00e9curit\u00e9 dans ce filet !","breadcrumb":{"@id":"https:\/\/www.dumoulinbicyclettes.com\/produit\/urban-arrow-luggage-net\/#breadcrumb"},"inLanguage":"en-US","potentialAction":[{"@type":"ReadAction","target":["https:\/\/www.dumoulinbicyclettes.com\/produit\/urban-arrow-luggage-net\/"]}]},{"@type":"ImageObject","inLanguage":"en-US","@id":"https:\/\/www.dumoulinbicyclettes.com\/produit\/urban-arrow-luggage-net\/#primaryimage","url":"https:\/\/www.dumoulinbicyclettes.com\/wp-content\/uploads\/2021\/11\/urban-arrow-filet.jpeg","contentUrl":"https:\/\/www.dumoulinbicyclettes.com\/wp-content\/uploads\/2021\/11\/urban-arrow-filet.jpeg","width":2560,"height":1440,"caption":"urban arrow luggage net"},{"@type":"BreadcrumbList","@id":"https:\/\/www.dumoulinbicyclettes.com\/produit\/urban-arrow-luggage-net\/#breadcrumb","itemListElement":[{"@type":"ListItem","position":1,"name":"Home","item":"https:\/\/www.dumoulinbicyclettes.com\/en\/"},{"@type":"ListItem","position":2,"name":"Shop","item":"https:\/\/www.dumoulinbicyclettes.com\/en\/shop\/"},{"@type":"ListItem","position":3,"name":"Filet de transport Urban Arrow \u00abLuggage net\u00bb"}]},{"@type":"WebSite","@id":"https:\/\/www.dumoulinbicyclettes.com\/#website","url":"https:\/\/www.dumoulinbicyclettes.com\/","name":"Dumoulin Bicyclettes","description":"","publisher":{"@id":"https:\/\/www.dumoulinbicyclettes.com\/#organization"},"potentialAction":[{"@type":"SearchAction","target":{"@type":"EntryPoint","urlTemplate":"https:\/\/www.dumoulinbicyclettes.com\/?s={search_term_string}"},"query-input":{"@type":"PropertyValueSpecification","valueRequired":true,"valueName":"search_term_string"}}],"inLanguage":"en-US"},{"@type":"Organization","@id":"https:\/\/www.dumoulinbicyclettes.com\/#organization","name":"Dumoulin Bicyclettes","url":"https:\/\/www.dumoulinbicyclettes.com\/","logo":{"@type":"ImageObject","inLanguage":"en-US","@id":"https:\/\/www.dumoulinbicyclettes.com\/#\/schema\/logo\/image\/","url":"https:\/\/www.dumoulinbicyclettes.com\/wp-content\/uploads\/2021\/04\/Logo.svg","contentUrl":"https:\/\/www.dumoulinbicyclettes.com\/wp-content\/uploads\/2021\/04\/Logo.svg","width":254,"height":86,"caption":"Dumoulin Bicyclettes"},"image":{"@id":"https:\/\/www.dumoulinbicyclettes.com\/#\/schema\/logo\/image\/"},"sameAs":["https:\/\/www.facebook.com\/dumoulinbicyclettes","https:\/\/www.instagram.com\/dumoulin.ca\/","https:\/\/www.youtube.com\/user\/dumoulinbicyclettes"]}]}},"_links":{"self":[{"href":"https:\/\/www.dumoulinbicyclettes.com\/en\/wp-json\/wp\/v2\/product\/75240","targetHints":{"allow":["GET"]}}],"collection":[{"href":"https:\/\/www.dumoulinbicyclettes.com\/en\/wp-json\/wp\/v2\/product"}],"about":[{"href":"https:\/\/www.dumoulinbicyclettes.com\/en\/wp-json\/wp\/v2\/types\/product"}],"wp:featuredmedia":[{"embeddable":true,"href":"https:\/\/www.dumoulinbicyclettes.com\/en\/wp-json\/wp\/v2\/media\/22492"}],"wp:attachment":[{"href":"https:\/\/www.dumoulinbicyclettes.com\/en\/wp-json\/wp\/v2\/media?parent=75240"}],"wp:term":[{"taxonomy":"product_brand","embeddable":true,"href":"https:\/\/www.dumoulinbicyclettes.com\/en\/wp-json\/wp\/v2\/product_brand?post=75240"},{"taxonomy":"product_cat","embeddable":true,"href":"https:\/\/www.dumoulinbicyclettes.com\/en\/wp-json\/wp\/v2\/product_cat?post=75240"},{"taxonomy":"product_tag","embeddable":true,"href":"https:\/\/www.dumoulinbicyclettes.com\/en\/wp-json\/wp\/v2\/product_tag?post=75240"},{"taxonomy":"marque-produit","embeddable":true,"href":"https:\/\/www.dumoulinbicyclettes.com\/en\/wp-json\/wp\/v2\/marque-produit?post=75240"},{"taxonomy":"collection-produit","embeddable":true,"href":"https:\/\/www.dumoulinbicyclettes.com\/en\/wp-json\/wp\/v2\/collection-produit?post=75240"},{"taxonomy":"type-surface-produit","embeddable":true,"href":"https:\/\/www.dumoulinbicyclettes.com\/en\/wp-json\/wp\/v2\/type-surface-produit?post=75240"},{"taxonomy":"type-velo-produit","embeddable":true,"href":"https:\/\/www.dumoulinbicyclettes.com\/en\/wp-json\/wp\/v2\/type-velo-produit?post=75240"},{"taxonomy":"vetement-produit","embeddable":true,"href":"https:\/\/www.dumoulinbicyclettes.com\/en\/wp-json\/wp\/v2\/vetement-produit?post=75240"},{"taxonomy":"thematique-produit","embeddable":true,"href":"https:\/\/www.dumoulinbicyclettes.com\/en\/wp-json\/wp\/v2\/thematique-produit?post=75240"},{"taxonomy":"position-sur-le-v\u00e9lo","embeddable":true,"href":"https:\/\/www.dumoulinbicyclettes.com\/en\/wp-json\/wp\/v2\/position-sur-le-v\u00e9lo?post=75240"}],"curies":[{"name":"wp","href":"https:\/\/api.w.org\/{rel}","templated":true}]}}