{"id":75493,"date":"2022-05-16T14:21:19","date_gmt":"2022-05-16T18:21:19","guid":{"rendered":"http:\/\/www.dumoulinbicyclettes.com\/?post_type=product&#038;p=75493"},"modified":"2025-09-29T19:29:18","modified_gmt":"2025-09-29T23:29:18","slug":"cle-a-pedale-icetoolz-cle-a-douilles-14-et-15-mm","status":"publish","type":"product","link":"https:\/\/www.dumoulinbicyclettes.com\/en\/product\/cle-a-pedale-icetoolz-cle-a-douilles-14-et-15-mm\/","title":{"rendered":"Cl\u00e9 \u00e0 p\u00e9dales et cl\u00e9s \u00e0 douille 14 et 15mm ICETOOLZ"},"content":{"rendered":"<p>Cette cl\u00e9 \u00e0 p\u00e9dale de Icetoolz est pratique puisqu&#8217;elle dispose aussi de douilles de 14 et 15mm (principales largeurs d&#8217;\u00e9crous de roues). Un outil fort utile \u00e0 poss\u00e9der dans son coffre d&#8217;apprenti m\u00e9canicien !<\/p>\n","protected":false},"excerpt":{"rendered":"<p>Cette cl\u00e9 \u00e0 p\u00e9dale de Icetoolz est pratique puisqu&#8217;elle dispose aussi de douilles de 14 et 15mm (principales largeurs d&#8217;\u00e9crous de roues). Un outil fort utile \u00e0 poss\u00e9der dans son coffre d&#8217;apprenti m\u00e9canicien !<\/p>\n","protected":false},"featured_media":75494,"template":"","meta":{"_acf_changed":false},"product_brand":[],"product_cat":[222],"product_tag":[2317,2316],"marque-produit":[2369],"collection-produit":[],"type-surface-produit":[],"type-velo-produit":[],"vetement-produit":[],"thematique-produit":[],"position-sur-le-v\u00e9lo":[],"class_list":{"0":"post-75493","1":"product","2":"type-product","3":"status-publish","4":"has-post-thumbnail","6":"product_cat-outils-et-maintenance","7":"product_tag-icetoolz","8":"product_tag-outils","9":"marque-produit-icetoolz","11":"first","12":"instock","13":"taxable","14":"shipping-taxable","15":"purchasable","16":"product-type-simple"},"acf":[],"yoast_head":"<!-- This site is optimized with the Yoast SEO plugin v27.3 - https:\/\/yoast.com\/product\/yoast-seo-wordpress\/ -->\n<title>Cl\u00e9 \u00e0 p\u00e9dales et cl\u00e9s \u00e0 douille 14 et 15mm ICETOOLZ - Dumoulin Bicyclettes<\/title>\n<meta name=\"description\" content=\"Outils de v\u00e9los : cl\u00e9 \u00e0 p\u00e9dales et cl\u00e9s 14 et 15mm. Un \u00abmulti\u00bb outils pratique \u00e0 avoir \u00e0 la maison.\" \/>\n<meta name=\"robots\" content=\"index, follow, max-snippet:-1, max-image-preview:large, max-video-preview:-1\" \/>\n<link rel=\"canonical\" href=\"https:\/\/www.dumoulinbicyclettes.com\/produit\/cle-a-pedale-icetoolz-cle-a-douilles-14-et-15-mm\/\" \/>\n<meta property=\"og:locale\" content=\"en_US\" \/>\n<meta property=\"og:type\" content=\"article\" \/>\n<meta property=\"og:title\" content=\"Cl\u00e9 \u00e0 p\u00e9dales et cl\u00e9s \u00e0 douille 14 et 15mm ICETOOLZ - Dumoulin Bicyclettes\" \/>\n<meta property=\"og:description\" content=\"Outils de v\u00e9los : cl\u00e9 \u00e0 p\u00e9dales et cl\u00e9s 14 et 15mm. Un \u00abmulti\u00bb outils pratique \u00e0 avoir \u00e0 la maison.\" \/>\n<meta property=\"og:url\" content=\"https:\/\/www.dumoulinbicyclettes.com\/produit\/cle-a-pedale-icetoolz-cle-a-douilles-14-et-15-mm\/\" \/>\n<meta property=\"og:site_name\" content=\"Dumoulin Bicyclettes\" \/>\n<meta property=\"article:publisher\" content=\"https:\/\/www.facebook.com\/dumoulinbicyclettes\" \/>\n<meta property=\"article:modified_time\" content=\"2025-09-29T23:29:18+00:00\" \/>\n<meta property=\"og:image\" content=\"http:\/\/www.dumoulinbicyclettes.com\/wp-content\/uploads\/2022\/05\/6ea704d3-0836-4288-8fe5-0aae9d898388.png\" \/>\n\t<meta property=\"og:image:width\" content=\"360\" \/>\n\t<meta property=\"og:image:height\" content=\"360\" \/>\n\t<meta property=\"og:image:type\" content=\"image\/png\" \/>\n<meta name=\"twitter:card\" content=\"summary_large_image\" \/>\n<meta name=\"twitter:label1\" content=\"Est. reading time\" \/>\n\t<meta name=\"twitter:data1\" content=\"1 minute\" \/>\n<script type=\"application\/ld+json\" class=\"yoast-schema-graph\">{\"@context\":\"https:\\\/\\\/schema.org\",\"@graph\":[{\"@type\":\"WebPage\",\"@id\":\"https:\\\/\\\/www.dumoulinbicyclettes.com\\\/produit\\\/cle-a-pedale-icetoolz-cle-a-douilles-14-et-15-mm\\\/\",\"url\":\"https:\\\/\\\/www.dumoulinbicyclettes.com\\\/produit\\\/cle-a-pedale-icetoolz-cle-a-douilles-14-et-15-mm\\\/\",\"name\":\"Cl\u00e9 \u00e0 p\u00e9dales et cl\u00e9s \u00e0 douille 14 et 15mm ICETOOLZ - Dumoulin Bicyclettes\",\"isPartOf\":{\"@id\":\"https:\\\/\\\/www.dumoulinbicyclettes.com\\\/#website\"},\"primaryImageOfPage\":{\"@id\":\"https:\\\/\\\/www.dumoulinbicyclettes.com\\\/produit\\\/cle-a-pedale-icetoolz-cle-a-douilles-14-et-15-mm\\\/#primaryimage\"},\"image\":{\"@id\":\"https:\\\/\\\/www.dumoulinbicyclettes.com\\\/produit\\\/cle-a-pedale-icetoolz-cle-a-douilles-14-et-15-mm\\\/#primaryimage\"},\"thumbnailUrl\":\"https:\\\/\\\/www.dumoulinbicyclettes.com\\\/wp-content\\\/uploads\\\/2022\\\/05\\\/6ea704d3-0836-4288-8fe5-0aae9d898388.png\",\"datePublished\":\"2022-05-16T18:21:19+00:00\",\"dateModified\":\"2025-09-29T23:29:18+00:00\",\"description\":\"Outils de v\u00e9los : cl\u00e9 \u00e0 p\u00e9dales et cl\u00e9s 14 et 15mm. Un \u00abmulti\u00bb outils pratique \u00e0 avoir \u00e0 la maison.\",\"breadcrumb\":{\"@id\":\"https:\\\/\\\/www.dumoulinbicyclettes.com\\\/produit\\\/cle-a-pedale-icetoolz-cle-a-douilles-14-et-15-mm\\\/#breadcrumb\"},\"inLanguage\":\"en-US\",\"potentialAction\":[{\"@type\":\"ReadAction\",\"target\":[\"https:\\\/\\\/www.dumoulinbicyclettes.com\\\/produit\\\/cle-a-pedale-icetoolz-cle-a-douilles-14-et-15-mm\\\/\"]}]},{\"@type\":\"ImageObject\",\"inLanguage\":\"en-US\",\"@id\":\"https:\\\/\\\/www.dumoulinbicyclettes.com\\\/produit\\\/cle-a-pedale-icetoolz-cle-a-douilles-14-et-15-mm\\\/#primaryimage\",\"url\":\"https:\\\/\\\/www.dumoulinbicyclettes.com\\\/wp-content\\\/uploads\\\/2022\\\/05\\\/6ea704d3-0836-4288-8fe5-0aae9d898388.png\",\"contentUrl\":\"https:\\\/\\\/www.dumoulinbicyclettes.com\\\/wp-content\\\/uploads\\\/2022\\\/05\\\/6ea704d3-0836-4288-8fe5-0aae9d898388.png\",\"width\":360,\"height\":360},{\"@type\":\"BreadcrumbList\",\"@id\":\"https:\\\/\\\/www.dumoulinbicyclettes.com\\\/produit\\\/cle-a-pedale-icetoolz-cle-a-douilles-14-et-15-mm\\\/#breadcrumb\",\"itemListElement\":[{\"@type\":\"ListItem\",\"position\":1,\"name\":\"Home\",\"item\":\"https:\\\/\\\/www.dumoulinbicyclettes.com\\\/en\\\/\"},{\"@type\":\"ListItem\",\"position\":2,\"name\":\"Shop\",\"item\":\"https:\\\/\\\/www.dumoulinbicyclettes.com\\\/en\\\/shop\\\/\"},{\"@type\":\"ListItem\",\"position\":3,\"name\":\"Cl\u00e9 \u00e0 p\u00e9dales et cl\u00e9s \u00e0 douille 14 et 15mm ICETOOLZ\"}]},{\"@type\":\"WebSite\",\"@id\":\"https:\\\/\\\/www.dumoulinbicyclettes.com\\\/#website\",\"url\":\"https:\\\/\\\/www.dumoulinbicyclettes.com\\\/\",\"name\":\"Dumoulin Bicyclettes\",\"description\":\"\",\"publisher\":{\"@id\":\"https:\\\/\\\/www.dumoulinbicyclettes.com\\\/#organization\"},\"potentialAction\":[{\"@type\":\"SearchAction\",\"target\":{\"@type\":\"EntryPoint\",\"urlTemplate\":\"https:\\\/\\\/www.dumoulinbicyclettes.com\\\/?s={search_term_string}\"},\"query-input\":{\"@type\":\"PropertyValueSpecification\",\"valueRequired\":true,\"valueName\":\"search_term_string\"}}],\"inLanguage\":\"en-US\"},{\"@type\":\"Organization\",\"@id\":\"https:\\\/\\\/www.dumoulinbicyclettes.com\\\/#organization\",\"name\":\"Dumoulin Bicyclettes\",\"url\":\"https:\\\/\\\/www.dumoulinbicyclettes.com\\\/\",\"logo\":{\"@type\":\"ImageObject\",\"inLanguage\":\"en-US\",\"@id\":\"https:\\\/\\\/www.dumoulinbicyclettes.com\\\/#\\\/schema\\\/logo\\\/image\\\/\",\"url\":\"https:\\\/\\\/www.dumoulinbicyclettes.com\\\/wp-content\\\/uploads\\\/2021\\\/04\\\/Logo.svg\",\"contentUrl\":\"https:\\\/\\\/www.dumoulinbicyclettes.com\\\/wp-content\\\/uploads\\\/2021\\\/04\\\/Logo.svg\",\"width\":254,\"height\":86,\"caption\":\"Dumoulin Bicyclettes\"},\"image\":{\"@id\":\"https:\\\/\\\/www.dumoulinbicyclettes.com\\\/#\\\/schema\\\/logo\\\/image\\\/\"},\"sameAs\":[\"https:\\\/\\\/www.facebook.com\\\/dumoulinbicyclettes\",\"https:\\\/\\\/www.instagram.com\\\/dumoulin.ca\\\/\",\"https:\\\/\\\/www.youtube.com\\\/user\\\/dumoulinbicyclettes\"]}]}<\/script>\n<!-- \/ Yoast SEO plugin. -->","yoast_head_json":{"title":"Cl\u00e9 \u00e0 p\u00e9dales et cl\u00e9s \u00e0 douille 14 et 15mm ICETOOLZ - Dumoulin Bicyclettes","description":"Outils de v\u00e9los : cl\u00e9 \u00e0 p\u00e9dales et cl\u00e9s 14 et 15mm. Un \u00abmulti\u00bb outils pratique \u00e0 avoir \u00e0 la maison.","robots":{"index":"index","follow":"follow","max-snippet":"max-snippet:-1","max-image-preview":"max-image-preview:large","max-video-preview":"max-video-preview:-1"},"canonical":"https:\/\/www.dumoulinbicyclettes.com\/produit\/cle-a-pedale-icetoolz-cle-a-douilles-14-et-15-mm\/","og_locale":"en_US","og_type":"article","og_title":"Cl\u00e9 \u00e0 p\u00e9dales et cl\u00e9s \u00e0 douille 14 et 15mm ICETOOLZ - Dumoulin Bicyclettes","og_description":"Outils de v\u00e9los : cl\u00e9 \u00e0 p\u00e9dales et cl\u00e9s 14 et 15mm. Un \u00abmulti\u00bb outils pratique \u00e0 avoir \u00e0 la maison.","og_url":"https:\/\/www.dumoulinbicyclettes.com\/produit\/cle-a-pedale-icetoolz-cle-a-douilles-14-et-15-mm\/","og_site_name":"Dumoulin Bicyclettes","article_publisher":"https:\/\/www.facebook.com\/dumoulinbicyclettes","article_modified_time":"2025-09-29T23:29:18+00:00","og_image":[{"width":360,"height":360,"url":"http:\/\/www.dumoulinbicyclettes.com\/wp-content\/uploads\/2022\/05\/6ea704d3-0836-4288-8fe5-0aae9d898388.png","type":"image\/png"}],"twitter_card":"summary_large_image","twitter_misc":{"Est. reading time":"1 minute"},"schema":{"@context":"https:\/\/schema.org","@graph":[{"@type":"WebPage","@id":"https:\/\/www.dumoulinbicyclettes.com\/produit\/cle-a-pedale-icetoolz-cle-a-douilles-14-et-15-mm\/","url":"https:\/\/www.dumoulinbicyclettes.com\/produit\/cle-a-pedale-icetoolz-cle-a-douilles-14-et-15-mm\/","name":"Cl\u00e9 \u00e0 p\u00e9dales et cl\u00e9s \u00e0 douille 14 et 15mm ICETOOLZ - Dumoulin Bicyclettes","isPartOf":{"@id":"https:\/\/www.dumoulinbicyclettes.com\/#website"},"primaryImageOfPage":{"@id":"https:\/\/www.dumoulinbicyclettes.com\/produit\/cle-a-pedale-icetoolz-cle-a-douilles-14-et-15-mm\/#primaryimage"},"image":{"@id":"https:\/\/www.dumoulinbicyclettes.com\/produit\/cle-a-pedale-icetoolz-cle-a-douilles-14-et-15-mm\/#primaryimage"},"thumbnailUrl":"https:\/\/www.dumoulinbicyclettes.com\/wp-content\/uploads\/2022\/05\/6ea704d3-0836-4288-8fe5-0aae9d898388.png","datePublished":"2022-05-16T18:21:19+00:00","dateModified":"2025-09-29T23:29:18+00:00","description":"Outils de v\u00e9los : cl\u00e9 \u00e0 p\u00e9dales et cl\u00e9s 14 et 15mm. Un \u00abmulti\u00bb outils pratique \u00e0 avoir \u00e0 la maison.","breadcrumb":{"@id":"https:\/\/www.dumoulinbicyclettes.com\/produit\/cle-a-pedale-icetoolz-cle-a-douilles-14-et-15-mm\/#breadcrumb"},"inLanguage":"en-US","potentialAction":[{"@type":"ReadAction","target":["https:\/\/www.dumoulinbicyclettes.com\/produit\/cle-a-pedale-icetoolz-cle-a-douilles-14-et-15-mm\/"]}]},{"@type":"ImageObject","inLanguage":"en-US","@id":"https:\/\/www.dumoulinbicyclettes.com\/produit\/cle-a-pedale-icetoolz-cle-a-douilles-14-et-15-mm\/#primaryimage","url":"https:\/\/www.dumoulinbicyclettes.com\/wp-content\/uploads\/2022\/05\/6ea704d3-0836-4288-8fe5-0aae9d898388.png","contentUrl":"https:\/\/www.dumoulinbicyclettes.com\/wp-content\/uploads\/2022\/05\/6ea704d3-0836-4288-8fe5-0aae9d898388.png","width":360,"height":360},{"@type":"BreadcrumbList","@id":"https:\/\/www.dumoulinbicyclettes.com\/produit\/cle-a-pedale-icetoolz-cle-a-douilles-14-et-15-mm\/#breadcrumb","itemListElement":[{"@type":"ListItem","position":1,"name":"Home","item":"https:\/\/www.dumoulinbicyclettes.com\/en\/"},{"@type":"ListItem","position":2,"name":"Shop","item":"https:\/\/www.dumoulinbicyclettes.com\/en\/shop\/"},{"@type":"ListItem","position":3,"name":"Cl\u00e9 \u00e0 p\u00e9dales et cl\u00e9s \u00e0 douille 14 et 15mm ICETOOLZ"}]},{"@type":"WebSite","@id":"https:\/\/www.dumoulinbicyclettes.com\/#website","url":"https:\/\/www.dumoulinbicyclettes.com\/","name":"Dumoulin Bicyclettes","description":"","publisher":{"@id":"https:\/\/www.dumoulinbicyclettes.com\/#organization"},"potentialAction":[{"@type":"SearchAction","target":{"@type":"EntryPoint","urlTemplate":"https:\/\/www.dumoulinbicyclettes.com\/?s={search_term_string}"},"query-input":{"@type":"PropertyValueSpecification","valueRequired":true,"valueName":"search_term_string"}}],"inLanguage":"en-US"},{"@type":"Organization","@id":"https:\/\/www.dumoulinbicyclettes.com\/#organization","name":"Dumoulin Bicyclettes","url":"https:\/\/www.dumoulinbicyclettes.com\/","logo":{"@type":"ImageObject","inLanguage":"en-US","@id":"https:\/\/www.dumoulinbicyclettes.com\/#\/schema\/logo\/image\/","url":"https:\/\/www.dumoulinbicyclettes.com\/wp-content\/uploads\/2021\/04\/Logo.svg","contentUrl":"https:\/\/www.dumoulinbicyclettes.com\/wp-content\/uploads\/2021\/04\/Logo.svg","width":254,"height":86,"caption":"Dumoulin Bicyclettes"},"image":{"@id":"https:\/\/www.dumoulinbicyclettes.com\/#\/schema\/logo\/image\/"},"sameAs":["https:\/\/www.facebook.com\/dumoulinbicyclettes","https:\/\/www.instagram.com\/dumoulin.ca\/","https:\/\/www.youtube.com\/user\/dumoulinbicyclettes"]}]}},"_links":{"self":[{"href":"https:\/\/www.dumoulinbicyclettes.com\/en\/wp-json\/wp\/v2\/product\/75493","targetHints":{"allow":["GET"]}}],"collection":[{"href":"https:\/\/www.dumoulinbicyclettes.com\/en\/wp-json\/wp\/v2\/product"}],"about":[{"href":"https:\/\/www.dumoulinbicyclettes.com\/en\/wp-json\/wp\/v2\/types\/product"}],"wp:featuredmedia":[{"embeddable":true,"href":"https:\/\/www.dumoulinbicyclettes.com\/en\/wp-json\/wp\/v2\/media\/75494"}],"wp:attachment":[{"href":"https:\/\/www.dumoulinbicyclettes.com\/en\/wp-json\/wp\/v2\/media?parent=75493"}],"wp:term":[{"taxonomy":"product_brand","embeddable":true,"href":"https:\/\/www.dumoulinbicyclettes.com\/en\/wp-json\/wp\/v2\/product_brand?post=75493"},{"taxonomy":"product_cat","embeddable":true,"href":"https:\/\/www.dumoulinbicyclettes.com\/en\/wp-json\/wp\/v2\/product_cat?post=75493"},{"taxonomy":"product_tag","embeddable":true,"href":"https:\/\/www.dumoulinbicyclettes.com\/en\/wp-json\/wp\/v2\/product_tag?post=75493"},{"taxonomy":"marque-produit","embeddable":true,"href":"https:\/\/www.dumoulinbicyclettes.com\/en\/wp-json\/wp\/v2\/marque-produit?post=75493"},{"taxonomy":"collection-produit","embeddable":true,"href":"https:\/\/www.dumoulinbicyclettes.com\/en\/wp-json\/wp\/v2\/collection-produit?post=75493"},{"taxonomy":"type-surface-produit","embeddable":true,"href":"https:\/\/www.dumoulinbicyclettes.com\/en\/wp-json\/wp\/v2\/type-surface-produit?post=75493"},{"taxonomy":"type-velo-produit","embeddable":true,"href":"https:\/\/www.dumoulinbicyclettes.com\/en\/wp-json\/wp\/v2\/type-velo-produit?post=75493"},{"taxonomy":"vetement-produit","embeddable":true,"href":"https:\/\/www.dumoulinbicyclettes.com\/en\/wp-json\/wp\/v2\/vetement-produit?post=75493"},{"taxonomy":"thematique-produit","embeddable":true,"href":"https:\/\/www.dumoulinbicyclettes.com\/en\/wp-json\/wp\/v2\/thematique-produit?post=75493"},{"taxonomy":"position-sur-le-v\u00e9lo","embeddable":true,"href":"https:\/\/www.dumoulinbicyclettes.com\/en\/wp-json\/wp\/v2\/position-sur-le-v\u00e9lo?post=75493"}],"curies":[{"name":"wp","href":"https:\/\/api.w.org\/{rel}","templated":true}]}}