{"id":75517,"date":"2022-12-01T14:21:22","date_gmt":"2022-12-01T19:21:22","guid":{"rendered":"http:\/\/www.dumoulinbicyclettes.com\/?post_type=product&#038;p=75517"},"modified":"2025-09-29T17:00:22","modified_gmt":"2025-09-29T21:00:22","slug":"wishbone-design-draisienne-3-en-1","status":"publish","type":"product","link":"https:\/\/www.dumoulinbicyclettes.com\/en\/product\/wishbone-design-draisienne-3-en-1\/","title":{"rendered":"Draisienne Wishbone Design"},"content":{"rendered":"<p>Les enfants grandissent et \u00e9voluent \u00e9tapes par \u00e9tapes, \u00e0 leurs rythmes. La draisienne \u00e9volutive Wishbone Design vous permet d&#8217;aider vos tout-petits \u00e0 gravir les marches qui m\u00e8nent \u00e0 l&#8217;\u00e9quilibre et au v\u00e9lo \u00e0 deux roues.<\/p>\n<p>En bois, modulable selon la taille et la confiance de votre enfant, la draisienne Wishbone Design l&#8217;accompagne vers l&#8217;autonomie. Et&#8230; c&#8217;est tellement le fun de les voir aller (et de courir apr\u00e8s eux sur les trottoirs !).<\/p>\n","protected":false},"excerpt":{"rendered":"<p>Les enfants grandissent et \u00e9voluent \u00e9tapes par \u00e9tapes, \u00e0 leurs rythmes. La draisienne \u00e9volutive Wishbone Design vous permet d&#8217;aider vos tout-petits \u00e0 gravir les marches qui m\u00e8nent \u00e0 l&#8217;\u00e9quilibre et au v\u00e9lo \u00e0 deux roues. En bois, modulable selon la taille et la confiance de votre enfant, la draisienne Wishbone Design l&#8217;accompagne vers l&#8217;autonomie. Et&#8230; [&hellip;]<\/p>\n","protected":false},"featured_media":187417,"template":"","meta":{"_acf_changed":false},"product_brand":[],"product_cat":[1565],"product_tag":[2638,2639],"marque-produit":[1411],"collection-produit":[],"type-surface-produit":[],"type-velo-produit":[2968,1251],"vetement-produit":[],"thematique-produit":[],"position-sur-le-v\u00e9lo":[],"class_list":{"0":"post-75517","1":"product","2":"type-product","3":"status-publish","4":"has-post-thumbnail","6":"product_cat-draisiennes","7":"product_tag-draisienne","8":"product_tag-wishbone","9":"marque-produit-wishbone-design","10":"type-velo-produit-draisiennes","11":"type-velo-produit-enfants-ado","13":"first","14":"outofstock","15":"taxable","16":"shipping-taxable","17":"purchasable","18":"product-type-simple"},"acf":[],"yoast_head":"<!-- This site is optimized with the Yoast SEO plugin v27.3 - https:\/\/yoast.com\/product\/yoast-seo-wordpress\/ -->\n<title>Draisienne Wishbone Design | v\u00e9los pour enfants | Dumoulin Bicyclettes<\/title>\n<meta name=\"description\" content=\"La draisienne Wishbone Design aide votre enfant \u00e0 gravir les marches qui m\u00e8nent \u00e0 l&#039;\u00e9quilibre et au v\u00e9lo. Une merveilleuse invention pour les tout-petits.\" \/>\n<meta name=\"robots\" content=\"index, follow, max-snippet:-1, max-image-preview:large, max-video-preview:-1\" \/>\n<link rel=\"canonical\" href=\"https:\/\/www.dumoulinbicyclettes.com\/produit\/wishbone-design-draisienne-3-en-1\/\" \/>\n<meta property=\"og:locale\" content=\"en_US\" \/>\n<meta property=\"og:type\" content=\"article\" \/>\n<meta property=\"og:title\" content=\"Draisienne Wishbone Design | v\u00e9los pour enfants | Dumoulin Bicyclettes\" \/>\n<meta property=\"og:description\" content=\"La draisienne Wishbone Design aide votre enfant \u00e0 gravir les marches qui m\u00e8nent \u00e0 l&#039;\u00e9quilibre et au v\u00e9lo. Une merveilleuse invention pour les tout-petits.\" \/>\n<meta property=\"og:url\" content=\"https:\/\/www.dumoulinbicyclettes.com\/produit\/wishbone-design-draisienne-3-en-1\/\" \/>\n<meta property=\"og:site_name\" content=\"Dumoulin Bicyclettes\" \/>\n<meta property=\"article:publisher\" content=\"https:\/\/www.facebook.com\/dumoulinbicyclettes\" \/>\n<meta property=\"article:modified_time\" content=\"2025-09-29T21:00:22+00:00\" \/>\n<meta property=\"og:image\" content=\"https:\/\/www.dumoulinbicyclettes.com\/wp-content\/uploads\/2022\/05\/draisienne-evolutif.jpg\" \/>\n\t<meta property=\"og:image:width\" content=\"603\" \/>\n\t<meta property=\"og:image:height\" content=\"389\" \/>\n\t<meta property=\"og:image:type\" content=\"image\/jpeg\" \/>\n<meta name=\"twitter:card\" content=\"summary_large_image\" \/>\n<meta name=\"twitter:label1\" content=\"Est. reading time\" \/>\n\t<meta name=\"twitter:data1\" content=\"1 minute\" \/>\n<script type=\"application\/ld+json\" class=\"yoast-schema-graph\">{\"@context\":\"https:\\\/\\\/schema.org\",\"@graph\":[{\"@type\":\"WebPage\",\"@id\":\"https:\\\/\\\/www.dumoulinbicyclettes.com\\\/produit\\\/wishbone-design-draisienne-3-en-1\\\/\",\"url\":\"https:\\\/\\\/www.dumoulinbicyclettes.com\\\/produit\\\/wishbone-design-draisienne-3-en-1\\\/\",\"name\":\"Draisienne Wishbone Design | v\u00e9los pour enfants | Dumoulin Bicyclettes\",\"isPartOf\":{\"@id\":\"https:\\\/\\\/www.dumoulinbicyclettes.com\\\/#website\"},\"primaryImageOfPage\":{\"@id\":\"https:\\\/\\\/www.dumoulinbicyclettes.com\\\/produit\\\/wishbone-design-draisienne-3-en-1\\\/#primaryimage\"},\"image\":{\"@id\":\"https:\\\/\\\/www.dumoulinbicyclettes.com\\\/produit\\\/wishbone-design-draisienne-3-en-1\\\/#primaryimage\"},\"thumbnailUrl\":\"https:\\\/\\\/www.dumoulinbicyclettes.com\\\/wp-content\\\/uploads\\\/2022\\\/05\\\/draisienne-evolutif.jpg\",\"datePublished\":\"2022-12-01T19:21:22+00:00\",\"dateModified\":\"2025-09-29T21:00:22+00:00\",\"description\":\"La draisienne Wishbone Design aide votre enfant \u00e0 gravir les marches qui m\u00e8nent \u00e0 l'\u00e9quilibre et au v\u00e9lo. Une merveilleuse invention pour les tout-petits.\",\"breadcrumb\":{\"@id\":\"https:\\\/\\\/www.dumoulinbicyclettes.com\\\/produit\\\/wishbone-design-draisienne-3-en-1\\\/#breadcrumb\"},\"inLanguage\":\"en-US\",\"potentialAction\":[{\"@type\":\"ReadAction\",\"target\":[\"https:\\\/\\\/www.dumoulinbicyclettes.com\\\/produit\\\/wishbone-design-draisienne-3-en-1\\\/\"]}]},{\"@type\":\"ImageObject\",\"inLanguage\":\"en-US\",\"@id\":\"https:\\\/\\\/www.dumoulinbicyclettes.com\\\/produit\\\/wishbone-design-draisienne-3-en-1\\\/#primaryimage\",\"url\":\"https:\\\/\\\/www.dumoulinbicyclettes.com\\\/wp-content\\\/uploads\\\/2022\\\/05\\\/draisienne-evolutif.jpg\",\"contentUrl\":\"https:\\\/\\\/www.dumoulinbicyclettes.com\\\/wp-content\\\/uploads\\\/2022\\\/05\\\/draisienne-evolutif.jpg\",\"width\":603,\"height\":389,\"caption\":\"Wishbone_design_draisienne_evolutive_3-en-1-velo-d-enfant-montreal-\"},{\"@type\":\"BreadcrumbList\",\"@id\":\"https:\\\/\\\/www.dumoulinbicyclettes.com\\\/produit\\\/wishbone-design-draisienne-3-en-1\\\/#breadcrumb\",\"itemListElement\":[{\"@type\":\"ListItem\",\"position\":1,\"name\":\"Home\",\"item\":\"https:\\\/\\\/www.dumoulinbicyclettes.com\\\/en\\\/\"},{\"@type\":\"ListItem\",\"position\":2,\"name\":\"Shop\",\"item\":\"https:\\\/\\\/www.dumoulinbicyclettes.com\\\/en\\\/shop\\\/\"},{\"@type\":\"ListItem\",\"position\":3,\"name\":\"Draisienne Wishbone Design\"}]},{\"@type\":\"WebSite\",\"@id\":\"https:\\\/\\\/www.dumoulinbicyclettes.com\\\/#website\",\"url\":\"https:\\\/\\\/www.dumoulinbicyclettes.com\\\/\",\"name\":\"Dumoulin Bicyclettes\",\"description\":\"\",\"publisher\":{\"@id\":\"https:\\\/\\\/www.dumoulinbicyclettes.com\\\/#organization\"},\"potentialAction\":[{\"@type\":\"SearchAction\",\"target\":{\"@type\":\"EntryPoint\",\"urlTemplate\":\"https:\\\/\\\/www.dumoulinbicyclettes.com\\\/?s={search_term_string}\"},\"query-input\":{\"@type\":\"PropertyValueSpecification\",\"valueRequired\":true,\"valueName\":\"search_term_string\"}}],\"inLanguage\":\"en-US\"},{\"@type\":\"Organization\",\"@id\":\"https:\\\/\\\/www.dumoulinbicyclettes.com\\\/#organization\",\"name\":\"Dumoulin Bicyclettes\",\"url\":\"https:\\\/\\\/www.dumoulinbicyclettes.com\\\/\",\"logo\":{\"@type\":\"ImageObject\",\"inLanguage\":\"en-US\",\"@id\":\"https:\\\/\\\/www.dumoulinbicyclettes.com\\\/#\\\/schema\\\/logo\\\/image\\\/\",\"url\":\"https:\\\/\\\/www.dumoulinbicyclettes.com\\\/wp-content\\\/uploads\\\/2021\\\/04\\\/Logo.svg\",\"contentUrl\":\"https:\\\/\\\/www.dumoulinbicyclettes.com\\\/wp-content\\\/uploads\\\/2021\\\/04\\\/Logo.svg\",\"width\":254,\"height\":86,\"caption\":\"Dumoulin Bicyclettes\"},\"image\":{\"@id\":\"https:\\\/\\\/www.dumoulinbicyclettes.com\\\/#\\\/schema\\\/logo\\\/image\\\/\"},\"sameAs\":[\"https:\\\/\\\/www.facebook.com\\\/dumoulinbicyclettes\",\"https:\\\/\\\/www.instagram.com\\\/dumoulin.ca\\\/\",\"https:\\\/\\\/www.youtube.com\\\/user\\\/dumoulinbicyclettes\"]}]}<\/script>\n<!-- \/ Yoast SEO plugin. -->","yoast_head_json":{"title":"Draisienne Wishbone Design | v\u00e9los pour enfants | Dumoulin Bicyclettes","description":"La draisienne Wishbone Design aide votre enfant \u00e0 gravir les marches qui m\u00e8nent \u00e0 l'\u00e9quilibre et au v\u00e9lo. Une merveilleuse invention pour les tout-petits.","robots":{"index":"index","follow":"follow","max-snippet":"max-snippet:-1","max-image-preview":"max-image-preview:large","max-video-preview":"max-video-preview:-1"},"canonical":"https:\/\/www.dumoulinbicyclettes.com\/produit\/wishbone-design-draisienne-3-en-1\/","og_locale":"en_US","og_type":"article","og_title":"Draisienne Wishbone Design | v\u00e9los pour enfants | Dumoulin Bicyclettes","og_description":"La draisienne Wishbone Design aide votre enfant \u00e0 gravir les marches qui m\u00e8nent \u00e0 l'\u00e9quilibre et au v\u00e9lo. Une merveilleuse invention pour les tout-petits.","og_url":"https:\/\/www.dumoulinbicyclettes.com\/produit\/wishbone-design-draisienne-3-en-1\/","og_site_name":"Dumoulin Bicyclettes","article_publisher":"https:\/\/www.facebook.com\/dumoulinbicyclettes","article_modified_time":"2025-09-29T21:00:22+00:00","og_image":[{"width":603,"height":389,"url":"https:\/\/www.dumoulinbicyclettes.com\/wp-content\/uploads\/2022\/05\/draisienne-evolutif.jpg","type":"image\/jpeg"}],"twitter_card":"summary_large_image","twitter_misc":{"Est. reading time":"1 minute"},"schema":{"@context":"https:\/\/schema.org","@graph":[{"@type":"WebPage","@id":"https:\/\/www.dumoulinbicyclettes.com\/produit\/wishbone-design-draisienne-3-en-1\/","url":"https:\/\/www.dumoulinbicyclettes.com\/produit\/wishbone-design-draisienne-3-en-1\/","name":"Draisienne Wishbone Design | v\u00e9los pour enfants | Dumoulin Bicyclettes","isPartOf":{"@id":"https:\/\/www.dumoulinbicyclettes.com\/#website"},"primaryImageOfPage":{"@id":"https:\/\/www.dumoulinbicyclettes.com\/produit\/wishbone-design-draisienne-3-en-1\/#primaryimage"},"image":{"@id":"https:\/\/www.dumoulinbicyclettes.com\/produit\/wishbone-design-draisienne-3-en-1\/#primaryimage"},"thumbnailUrl":"https:\/\/www.dumoulinbicyclettes.com\/wp-content\/uploads\/2022\/05\/draisienne-evolutif.jpg","datePublished":"2022-12-01T19:21:22+00:00","dateModified":"2025-09-29T21:00:22+00:00","description":"La draisienne Wishbone Design aide votre enfant \u00e0 gravir les marches qui m\u00e8nent \u00e0 l'\u00e9quilibre et au v\u00e9lo. Une merveilleuse invention pour les tout-petits.","breadcrumb":{"@id":"https:\/\/www.dumoulinbicyclettes.com\/produit\/wishbone-design-draisienne-3-en-1\/#breadcrumb"},"inLanguage":"en-US","potentialAction":[{"@type":"ReadAction","target":["https:\/\/www.dumoulinbicyclettes.com\/produit\/wishbone-design-draisienne-3-en-1\/"]}]},{"@type":"ImageObject","inLanguage":"en-US","@id":"https:\/\/www.dumoulinbicyclettes.com\/produit\/wishbone-design-draisienne-3-en-1\/#primaryimage","url":"https:\/\/www.dumoulinbicyclettes.com\/wp-content\/uploads\/2022\/05\/draisienne-evolutif.jpg","contentUrl":"https:\/\/www.dumoulinbicyclettes.com\/wp-content\/uploads\/2022\/05\/draisienne-evolutif.jpg","width":603,"height":389,"caption":"Wishbone_design_draisienne_evolutive_3-en-1-velo-d-enfant-montreal-"},{"@type":"BreadcrumbList","@id":"https:\/\/www.dumoulinbicyclettes.com\/produit\/wishbone-design-draisienne-3-en-1\/#breadcrumb","itemListElement":[{"@type":"ListItem","position":1,"name":"Home","item":"https:\/\/www.dumoulinbicyclettes.com\/en\/"},{"@type":"ListItem","position":2,"name":"Shop","item":"https:\/\/www.dumoulinbicyclettes.com\/en\/shop\/"},{"@type":"ListItem","position":3,"name":"Draisienne Wishbone Design"}]},{"@type":"WebSite","@id":"https:\/\/www.dumoulinbicyclettes.com\/#website","url":"https:\/\/www.dumoulinbicyclettes.com\/","name":"Dumoulin Bicyclettes","description":"","publisher":{"@id":"https:\/\/www.dumoulinbicyclettes.com\/#organization"},"potentialAction":[{"@type":"SearchAction","target":{"@type":"EntryPoint","urlTemplate":"https:\/\/www.dumoulinbicyclettes.com\/?s={search_term_string}"},"query-input":{"@type":"PropertyValueSpecification","valueRequired":true,"valueName":"search_term_string"}}],"inLanguage":"en-US"},{"@type":"Organization","@id":"https:\/\/www.dumoulinbicyclettes.com\/#organization","name":"Dumoulin Bicyclettes","url":"https:\/\/www.dumoulinbicyclettes.com\/","logo":{"@type":"ImageObject","inLanguage":"en-US","@id":"https:\/\/www.dumoulinbicyclettes.com\/#\/schema\/logo\/image\/","url":"https:\/\/www.dumoulinbicyclettes.com\/wp-content\/uploads\/2021\/04\/Logo.svg","contentUrl":"https:\/\/www.dumoulinbicyclettes.com\/wp-content\/uploads\/2021\/04\/Logo.svg","width":254,"height":86,"caption":"Dumoulin Bicyclettes"},"image":{"@id":"https:\/\/www.dumoulinbicyclettes.com\/#\/schema\/logo\/image\/"},"sameAs":["https:\/\/www.facebook.com\/dumoulinbicyclettes","https:\/\/www.instagram.com\/dumoulin.ca\/","https:\/\/www.youtube.com\/user\/dumoulinbicyclettes"]}]}},"_links":{"self":[{"href":"https:\/\/www.dumoulinbicyclettes.com\/en\/wp-json\/wp\/v2\/product\/75517","targetHints":{"allow":["GET"]}}],"collection":[{"href":"https:\/\/www.dumoulinbicyclettes.com\/en\/wp-json\/wp\/v2\/product"}],"about":[{"href":"https:\/\/www.dumoulinbicyclettes.com\/en\/wp-json\/wp\/v2\/types\/product"}],"wp:featuredmedia":[{"embeddable":true,"href":"https:\/\/www.dumoulinbicyclettes.com\/en\/wp-json\/wp\/v2\/media\/187417"}],"wp:attachment":[{"href":"https:\/\/www.dumoulinbicyclettes.com\/en\/wp-json\/wp\/v2\/media?parent=75517"}],"wp:term":[{"taxonomy":"product_brand","embeddable":true,"href":"https:\/\/www.dumoulinbicyclettes.com\/en\/wp-json\/wp\/v2\/product_brand?post=75517"},{"taxonomy":"product_cat","embeddable":true,"href":"https:\/\/www.dumoulinbicyclettes.com\/en\/wp-json\/wp\/v2\/product_cat?post=75517"},{"taxonomy":"product_tag","embeddable":true,"href":"https:\/\/www.dumoulinbicyclettes.com\/en\/wp-json\/wp\/v2\/product_tag?post=75517"},{"taxonomy":"marque-produit","embeddable":true,"href":"https:\/\/www.dumoulinbicyclettes.com\/en\/wp-json\/wp\/v2\/marque-produit?post=75517"},{"taxonomy":"collection-produit","embeddable":true,"href":"https:\/\/www.dumoulinbicyclettes.com\/en\/wp-json\/wp\/v2\/collection-produit?post=75517"},{"taxonomy":"type-surface-produit","embeddable":true,"href":"https:\/\/www.dumoulinbicyclettes.com\/en\/wp-json\/wp\/v2\/type-surface-produit?post=75517"},{"taxonomy":"type-velo-produit","embeddable":true,"href":"https:\/\/www.dumoulinbicyclettes.com\/en\/wp-json\/wp\/v2\/type-velo-produit?post=75517"},{"taxonomy":"vetement-produit","embeddable":true,"href":"https:\/\/www.dumoulinbicyclettes.com\/en\/wp-json\/wp\/v2\/vetement-produit?post=75517"},{"taxonomy":"thematique-produit","embeddable":true,"href":"https:\/\/www.dumoulinbicyclettes.com\/en\/wp-json\/wp\/v2\/thematique-produit?post=75517"},{"taxonomy":"position-sur-le-v\u00e9lo","embeddable":true,"href":"https:\/\/www.dumoulinbicyclettes.com\/en\/wp-json\/wp\/v2\/position-sur-le-v\u00e9lo?post=75517"}],"curies":[{"name":"wp","href":"https:\/\/api.w.org\/{rel}","templated":true}]}}