{"id":75567,"date":"2022-05-16T14:21:30","date_gmt":"2022-05-16T18:21:30","guid":{"rendered":"http:\/\/www.dumoulinbicyclettes.com\/?post_type=product&#038;p=75567"},"modified":"2025-09-29T19:16:07","modified_gmt":"2025-09-29T23:16:07","slug":"burley-travoy-transit-backpack-noir","status":"publish","type":"product","link":"https:\/\/www.dumoulinbicyclettes.com\/en\/product\/burley-travoy-transit-backpack-noir\/","title":{"rendered":"Sac \u00e0 dos Burley Travoy &#8220;Transit Backpack&#8221;"},"content":{"rendered":"<p>Le sac \u00e0 dos Burley Travoy &#8220;Transit Backpack&#8221; s&#8217;utilise en duo avec la remorque Burley Travoy. Il est pens\u00e9 pour les gens qui se d\u00e9placent en v\u00e9lo et qui transportent n\u00e9cessairement leurs affaires quotidiennes. Hors du v\u00e9lo, c&#8217;est un sac \u00e0 dos \u00e9l\u00e9gant et pratique, pour rentrer au bureau l&#8217;air de rien, mais les poumons remplis d&#8217;air frais.<\/p>\n","protected":false},"excerpt":{"rendered":"<p>Le sac \u00e0 dos Burley Travoy &#8220;Transit Backpack&#8221; s&#8217;utilise en duo avec la remorque Burley Travoy. Il est pens\u00e9 pour les gens qui se d\u00e9placent en v\u00e9lo et qui transportent n\u00e9cessairement leurs affaires quotidiennes. Hors du v\u00e9lo, c&#8217;est un sac \u00e0 dos \u00e9l\u00e9gant et pratique, pour rentrer au bureau l&#8217;air de rien, mais les poumons [&hellip;]<\/p>\n","protected":false},"featured_media":550923,"template":"","meta":{"_acf_changed":false},"product_brand":[],"product_cat":[197,188],"product_tag":[2436,2454,2857,2587,2455],"marque-produit":[1457,154],"collection-produit":[],"type-surface-produit":[],"type-velo-produit":[],"vetement-produit":[],"thematique-produit":[],"position-sur-le-v\u00e9lo":[],"class_list":{"0":"post-75567","1":"product","2":"type-product","3":"status-publish","4":"has-post-thumbnail","6":"product_cat-sac-a-dos-et-sacs-de-messagers","7":"product_cat-sacs-et-porte-bagages","8":"product_tag-backpack","9":"product_tag-burley","10":"product_tag-noir","11":"product_tag-transit","12":"product_tag-travoy","13":"marque-produit-burley","14":"marque-produit-tern","16":"first","17":"instock","18":"taxable","19":"shipping-taxable","20":"purchasable","21":"product-type-simple"},"acf":[],"yoast_head":"<!-- This site is optimized with the Yoast SEO plugin v27.3 - https:\/\/yoast.com\/product\/yoast-seo-wordpress\/ -->\n<title>Sac \u00e0 dos Burley Travoy &quot;Transit Backpack&quot; - Dumoulin Bicyclettes<\/title>\n<meta name=\"description\" content=\"Le sac \u00e0 dos Burley Travoy &quot;Transit Backpack&quot; s&#039;utilise en duo avec la remorque Burley Travoy. Hors du v\u00e9lo, c&#039;est un sac \u00e0 dos \u00e9l\u00e9gant et pratique.\" \/>\n<meta name=\"robots\" content=\"index, follow, max-snippet:-1, max-image-preview:large, max-video-preview:-1\" \/>\n<link rel=\"canonical\" href=\"https:\/\/www.dumoulinbicyclettes.com\/produit\/burley-travoy-transit-backpack-noir\/\" \/>\n<meta property=\"og:locale\" content=\"en_US\" \/>\n<meta property=\"og:type\" content=\"article\" \/>\n<meta property=\"og:title\" content=\"Sac \u00e0 dos Burley Travoy &quot;Transit Backpack&quot; - Dumoulin Bicyclettes\" \/>\n<meta property=\"og:description\" content=\"Le sac \u00e0 dos Burley Travoy &quot;Transit Backpack&quot; s&#039;utilise en duo avec la remorque Burley Travoy. Hors du v\u00e9lo, c&#039;est un sac \u00e0 dos \u00e9l\u00e9gant et pratique.\" \/>\n<meta property=\"og:url\" content=\"https:\/\/www.dumoulinbicyclettes.com\/produit\/burley-travoy-transit-backpack-noir\/\" \/>\n<meta property=\"og:site_name\" content=\"Dumoulin Bicyclettes\" \/>\n<meta property=\"article:publisher\" content=\"https:\/\/www.facebook.com\/dumoulinbicyclettes\" \/>\n<meta property=\"article:modified_time\" content=\"2025-09-29T23:16:07+00:00\" \/>\n<meta property=\"og:image\" content=\"http:\/\/www.dumoulinbicyclettes.com\/wp-content\/uploads\/2022\/05\/BURLEY-TRAVOY-TRANSIT-BACKPACK-NOIR-dumoulin-bicyclettes-montreal-1.webp\" \/>\n\t<meta property=\"og:image:width\" content=\"2000\" \/>\n\t<meta property=\"og:image:height\" content=\"2000\" \/>\n\t<meta property=\"og:image:type\" content=\"image\/webp\" \/>\n<meta name=\"twitter:card\" content=\"summary_large_image\" \/>\n<meta name=\"twitter:label1\" content=\"Est. reading time\" \/>\n\t<meta name=\"twitter:data1\" content=\"1 minute\" \/>\n<script type=\"application\/ld+json\" class=\"yoast-schema-graph\">{\"@context\":\"https:\\\/\\\/schema.org\",\"@graph\":[{\"@type\":\"WebPage\",\"@id\":\"https:\\\/\\\/www.dumoulinbicyclettes.com\\\/produit\\\/burley-travoy-transit-backpack-noir\\\/\",\"url\":\"https:\\\/\\\/www.dumoulinbicyclettes.com\\\/produit\\\/burley-travoy-transit-backpack-noir\\\/\",\"name\":\"Sac \u00e0 dos Burley Travoy \\\"Transit Backpack\\\" - Dumoulin Bicyclettes\",\"isPartOf\":{\"@id\":\"https:\\\/\\\/www.dumoulinbicyclettes.com\\\/#website\"},\"primaryImageOfPage\":{\"@id\":\"https:\\\/\\\/www.dumoulinbicyclettes.com\\\/produit\\\/burley-travoy-transit-backpack-noir\\\/#primaryimage\"},\"image\":{\"@id\":\"https:\\\/\\\/www.dumoulinbicyclettes.com\\\/produit\\\/burley-travoy-transit-backpack-noir\\\/#primaryimage\"},\"thumbnailUrl\":\"https:\\\/\\\/www.dumoulinbicyclettes.com\\\/wp-content\\\/uploads\\\/2022\\\/05\\\/BURLEY-TRAVOY-TRANSIT-BACKPACK-NOIR-dumoulin-bicyclettes-montreal-1.webp\",\"datePublished\":\"2022-05-16T18:21:30+00:00\",\"dateModified\":\"2025-09-29T23:16:07+00:00\",\"description\":\"Le sac \u00e0 dos Burley Travoy \\\"Transit Backpack\\\" s'utilise en duo avec la remorque Burley Travoy. Hors du v\u00e9lo, c'est un sac \u00e0 dos \u00e9l\u00e9gant et pratique.\",\"breadcrumb\":{\"@id\":\"https:\\\/\\\/www.dumoulinbicyclettes.com\\\/produit\\\/burley-travoy-transit-backpack-noir\\\/#breadcrumb\"},\"inLanguage\":\"en-US\",\"potentialAction\":[{\"@type\":\"ReadAction\",\"target\":[\"https:\\\/\\\/www.dumoulinbicyclettes.com\\\/produit\\\/burley-travoy-transit-backpack-noir\\\/\"]}]},{\"@type\":\"ImageObject\",\"inLanguage\":\"en-US\",\"@id\":\"https:\\\/\\\/www.dumoulinbicyclettes.com\\\/produit\\\/burley-travoy-transit-backpack-noir\\\/#primaryimage\",\"url\":\"https:\\\/\\\/www.dumoulinbicyclettes.com\\\/wp-content\\\/uploads\\\/2022\\\/05\\\/BURLEY-TRAVOY-TRANSIT-BACKPACK-NOIR-dumoulin-bicyclettes-montreal-1.webp\",\"contentUrl\":\"https:\\\/\\\/www.dumoulinbicyclettes.com\\\/wp-content\\\/uploads\\\/2022\\\/05\\\/BURLEY-TRAVOY-TRANSIT-BACKPACK-NOIR-dumoulin-bicyclettes-montreal-1.webp\",\"width\":2000,\"height\":2000},{\"@type\":\"BreadcrumbList\",\"@id\":\"https:\\\/\\\/www.dumoulinbicyclettes.com\\\/produit\\\/burley-travoy-transit-backpack-noir\\\/#breadcrumb\",\"itemListElement\":[{\"@type\":\"ListItem\",\"position\":1,\"name\":\"Home\",\"item\":\"https:\\\/\\\/www.dumoulinbicyclettes.com\\\/en\\\/\"},{\"@type\":\"ListItem\",\"position\":2,\"name\":\"Shop\",\"item\":\"https:\\\/\\\/www.dumoulinbicyclettes.com\\\/en\\\/shop\\\/\"},{\"@type\":\"ListItem\",\"position\":3,\"name\":\"Sac \u00e0 dos Burley Travoy \u00ab\u00a0Transit Backpack\u00a0\u00bb\"}]},{\"@type\":\"WebSite\",\"@id\":\"https:\\\/\\\/www.dumoulinbicyclettes.com\\\/#website\",\"url\":\"https:\\\/\\\/www.dumoulinbicyclettes.com\\\/\",\"name\":\"Dumoulin Bicyclettes\",\"description\":\"\",\"publisher\":{\"@id\":\"https:\\\/\\\/www.dumoulinbicyclettes.com\\\/#organization\"},\"potentialAction\":[{\"@type\":\"SearchAction\",\"target\":{\"@type\":\"EntryPoint\",\"urlTemplate\":\"https:\\\/\\\/www.dumoulinbicyclettes.com\\\/?s={search_term_string}\"},\"query-input\":{\"@type\":\"PropertyValueSpecification\",\"valueRequired\":true,\"valueName\":\"search_term_string\"}}],\"inLanguage\":\"en-US\"},{\"@type\":\"Organization\",\"@id\":\"https:\\\/\\\/www.dumoulinbicyclettes.com\\\/#organization\",\"name\":\"Dumoulin Bicyclettes\",\"url\":\"https:\\\/\\\/www.dumoulinbicyclettes.com\\\/\",\"logo\":{\"@type\":\"ImageObject\",\"inLanguage\":\"en-US\",\"@id\":\"https:\\\/\\\/www.dumoulinbicyclettes.com\\\/#\\\/schema\\\/logo\\\/image\\\/\",\"url\":\"https:\\\/\\\/www.dumoulinbicyclettes.com\\\/wp-content\\\/uploads\\\/2021\\\/04\\\/Logo.svg\",\"contentUrl\":\"https:\\\/\\\/www.dumoulinbicyclettes.com\\\/wp-content\\\/uploads\\\/2021\\\/04\\\/Logo.svg\",\"width\":254,\"height\":86,\"caption\":\"Dumoulin Bicyclettes\"},\"image\":{\"@id\":\"https:\\\/\\\/www.dumoulinbicyclettes.com\\\/#\\\/schema\\\/logo\\\/image\\\/\"},\"sameAs\":[\"https:\\\/\\\/www.facebook.com\\\/dumoulinbicyclettes\",\"https:\\\/\\\/www.instagram.com\\\/dumoulin.ca\\\/\",\"https:\\\/\\\/www.youtube.com\\\/user\\\/dumoulinbicyclettes\"]}]}<\/script>\n<!-- \/ Yoast SEO plugin. -->","yoast_head_json":{"title":"Sac \u00e0 dos Burley Travoy \"Transit Backpack\" - Dumoulin Bicyclettes","description":"Le sac \u00e0 dos Burley Travoy \"Transit Backpack\" s'utilise en duo avec la remorque Burley Travoy. Hors du v\u00e9lo, c'est un sac \u00e0 dos \u00e9l\u00e9gant et pratique.","robots":{"index":"index","follow":"follow","max-snippet":"max-snippet:-1","max-image-preview":"max-image-preview:large","max-video-preview":"max-video-preview:-1"},"canonical":"https:\/\/www.dumoulinbicyclettes.com\/produit\/burley-travoy-transit-backpack-noir\/","og_locale":"en_US","og_type":"article","og_title":"Sac \u00e0 dos Burley Travoy \"Transit Backpack\" - Dumoulin Bicyclettes","og_description":"Le sac \u00e0 dos Burley Travoy \"Transit Backpack\" s'utilise en duo avec la remorque Burley Travoy. Hors du v\u00e9lo, c'est un sac \u00e0 dos \u00e9l\u00e9gant et pratique.","og_url":"https:\/\/www.dumoulinbicyclettes.com\/produit\/burley-travoy-transit-backpack-noir\/","og_site_name":"Dumoulin Bicyclettes","article_publisher":"https:\/\/www.facebook.com\/dumoulinbicyclettes","article_modified_time":"2025-09-29T23:16:07+00:00","og_image":[{"width":2000,"height":2000,"url":"http:\/\/www.dumoulinbicyclettes.com\/wp-content\/uploads\/2022\/05\/BURLEY-TRAVOY-TRANSIT-BACKPACK-NOIR-dumoulin-bicyclettes-montreal-1.webp","type":"image\/webp"}],"twitter_card":"summary_large_image","twitter_misc":{"Est. reading time":"1 minute"},"schema":{"@context":"https:\/\/schema.org","@graph":[{"@type":"WebPage","@id":"https:\/\/www.dumoulinbicyclettes.com\/produit\/burley-travoy-transit-backpack-noir\/","url":"https:\/\/www.dumoulinbicyclettes.com\/produit\/burley-travoy-transit-backpack-noir\/","name":"Sac \u00e0 dos Burley Travoy \"Transit Backpack\" - Dumoulin Bicyclettes","isPartOf":{"@id":"https:\/\/www.dumoulinbicyclettes.com\/#website"},"primaryImageOfPage":{"@id":"https:\/\/www.dumoulinbicyclettes.com\/produit\/burley-travoy-transit-backpack-noir\/#primaryimage"},"image":{"@id":"https:\/\/www.dumoulinbicyclettes.com\/produit\/burley-travoy-transit-backpack-noir\/#primaryimage"},"thumbnailUrl":"https:\/\/www.dumoulinbicyclettes.com\/wp-content\/uploads\/2022\/05\/BURLEY-TRAVOY-TRANSIT-BACKPACK-NOIR-dumoulin-bicyclettes-montreal-1.webp","datePublished":"2022-05-16T18:21:30+00:00","dateModified":"2025-09-29T23:16:07+00:00","description":"Le sac \u00e0 dos Burley Travoy \"Transit Backpack\" s'utilise en duo avec la remorque Burley Travoy. Hors du v\u00e9lo, c'est un sac \u00e0 dos \u00e9l\u00e9gant et pratique.","breadcrumb":{"@id":"https:\/\/www.dumoulinbicyclettes.com\/produit\/burley-travoy-transit-backpack-noir\/#breadcrumb"},"inLanguage":"en-US","potentialAction":[{"@type":"ReadAction","target":["https:\/\/www.dumoulinbicyclettes.com\/produit\/burley-travoy-transit-backpack-noir\/"]}]},{"@type":"ImageObject","inLanguage":"en-US","@id":"https:\/\/www.dumoulinbicyclettes.com\/produit\/burley-travoy-transit-backpack-noir\/#primaryimage","url":"https:\/\/www.dumoulinbicyclettes.com\/wp-content\/uploads\/2022\/05\/BURLEY-TRAVOY-TRANSIT-BACKPACK-NOIR-dumoulin-bicyclettes-montreal-1.webp","contentUrl":"https:\/\/www.dumoulinbicyclettes.com\/wp-content\/uploads\/2022\/05\/BURLEY-TRAVOY-TRANSIT-BACKPACK-NOIR-dumoulin-bicyclettes-montreal-1.webp","width":2000,"height":2000},{"@type":"BreadcrumbList","@id":"https:\/\/www.dumoulinbicyclettes.com\/produit\/burley-travoy-transit-backpack-noir\/#breadcrumb","itemListElement":[{"@type":"ListItem","position":1,"name":"Home","item":"https:\/\/www.dumoulinbicyclettes.com\/en\/"},{"@type":"ListItem","position":2,"name":"Shop","item":"https:\/\/www.dumoulinbicyclettes.com\/en\/shop\/"},{"@type":"ListItem","position":3,"name":"Sac \u00e0 dos Burley Travoy \u00ab\u00a0Transit Backpack\u00a0\u00bb"}]},{"@type":"WebSite","@id":"https:\/\/www.dumoulinbicyclettes.com\/#website","url":"https:\/\/www.dumoulinbicyclettes.com\/","name":"Dumoulin Bicyclettes","description":"","publisher":{"@id":"https:\/\/www.dumoulinbicyclettes.com\/#organization"},"potentialAction":[{"@type":"SearchAction","target":{"@type":"EntryPoint","urlTemplate":"https:\/\/www.dumoulinbicyclettes.com\/?s={search_term_string}"},"query-input":{"@type":"PropertyValueSpecification","valueRequired":true,"valueName":"search_term_string"}}],"inLanguage":"en-US"},{"@type":"Organization","@id":"https:\/\/www.dumoulinbicyclettes.com\/#organization","name":"Dumoulin Bicyclettes","url":"https:\/\/www.dumoulinbicyclettes.com\/","logo":{"@type":"ImageObject","inLanguage":"en-US","@id":"https:\/\/www.dumoulinbicyclettes.com\/#\/schema\/logo\/image\/","url":"https:\/\/www.dumoulinbicyclettes.com\/wp-content\/uploads\/2021\/04\/Logo.svg","contentUrl":"https:\/\/www.dumoulinbicyclettes.com\/wp-content\/uploads\/2021\/04\/Logo.svg","width":254,"height":86,"caption":"Dumoulin Bicyclettes"},"image":{"@id":"https:\/\/www.dumoulinbicyclettes.com\/#\/schema\/logo\/image\/"},"sameAs":["https:\/\/www.facebook.com\/dumoulinbicyclettes","https:\/\/www.instagram.com\/dumoulin.ca\/","https:\/\/www.youtube.com\/user\/dumoulinbicyclettes"]}]}},"_links":{"self":[{"href":"https:\/\/www.dumoulinbicyclettes.com\/en\/wp-json\/wp\/v2\/product\/75567","targetHints":{"allow":["GET"]}}],"collection":[{"href":"https:\/\/www.dumoulinbicyclettes.com\/en\/wp-json\/wp\/v2\/product"}],"about":[{"href":"https:\/\/www.dumoulinbicyclettes.com\/en\/wp-json\/wp\/v2\/types\/product"}],"wp:featuredmedia":[{"embeddable":true,"href":"https:\/\/www.dumoulinbicyclettes.com\/en\/wp-json\/wp\/v2\/media\/550923"}],"wp:attachment":[{"href":"https:\/\/www.dumoulinbicyclettes.com\/en\/wp-json\/wp\/v2\/media?parent=75567"}],"wp:term":[{"taxonomy":"product_brand","embeddable":true,"href":"https:\/\/www.dumoulinbicyclettes.com\/en\/wp-json\/wp\/v2\/product_brand?post=75567"},{"taxonomy":"product_cat","embeddable":true,"href":"https:\/\/www.dumoulinbicyclettes.com\/en\/wp-json\/wp\/v2\/product_cat?post=75567"},{"taxonomy":"product_tag","embeddable":true,"href":"https:\/\/www.dumoulinbicyclettes.com\/en\/wp-json\/wp\/v2\/product_tag?post=75567"},{"taxonomy":"marque-produit","embeddable":true,"href":"https:\/\/www.dumoulinbicyclettes.com\/en\/wp-json\/wp\/v2\/marque-produit?post=75567"},{"taxonomy":"collection-produit","embeddable":true,"href":"https:\/\/www.dumoulinbicyclettes.com\/en\/wp-json\/wp\/v2\/collection-produit?post=75567"},{"taxonomy":"type-surface-produit","embeddable":true,"href":"https:\/\/www.dumoulinbicyclettes.com\/en\/wp-json\/wp\/v2\/type-surface-produit?post=75567"},{"taxonomy":"type-velo-produit","embeddable":true,"href":"https:\/\/www.dumoulinbicyclettes.com\/en\/wp-json\/wp\/v2\/type-velo-produit?post=75567"},{"taxonomy":"vetement-produit","embeddable":true,"href":"https:\/\/www.dumoulinbicyclettes.com\/en\/wp-json\/wp\/v2\/vetement-produit?post=75567"},{"taxonomy":"thematique-produit","embeddable":true,"href":"https:\/\/www.dumoulinbicyclettes.com\/en\/wp-json\/wp\/v2\/thematique-produit?post=75567"},{"taxonomy":"position-sur-le-v\u00e9lo","embeddable":true,"href":"https:\/\/www.dumoulinbicyclettes.com\/en\/wp-json\/wp\/v2\/position-sur-le-v\u00e9lo?post=75567"}],"curies":[{"name":"wp","href":"https:\/\/api.w.org\/{rel}","templated":true}]}}