{"id":75577,"date":"2022-05-16T14:21:32","date_gmt":"2022-05-16T18:21:32","guid":{"rendered":"http:\/\/www.dumoulinbicyclettes.com\/?post_type=product&#038;p=75577"},"modified":"2025-09-29T19:27:18","modified_gmt":"2025-09-29T23:27:18","slug":"larry-vs-harry-bullitt-foldable-seat","status":"publish","type":"product","link":"https:\/\/www.dumoulinbicyclettes.com\/en\/product\/larry-vs-harry-bullitt-foldable-seat\/","title":{"rendered":"Si\u00e8ge Bullitt \u00abFoldable seat\u00bb"},"content":{"rendered":"<p>Le \u00abfoldable seat\u00bb de Bullitt s&#8217;installe sur votre Bullitt m\u00e9canique ou \u00e9lectrique. Confortable, avec une finition en fibre simili-cuir, il est pratique puisqu&#8217;il se \u00abreplie\u00bb \u00e0 la mani\u00e8re d&#8217;un strapontin laissant plus de place pour votre \u00e9picerie ou d&#8217;autres chargements.<\/p>\n<p>Un ou deux enfants s&#8217;assoient sur ce si\u00e8ge.<\/p>\n<p>Note : la planche \u00ab<a href=\"https:\/\/www.dumoulinbicyclettes.com\/produit\/bullitt-base-honeycomb-base-hcb\/\" rel=\"noopener\" target=\"_blank\">honey comb board<\/a>\u00bb est requise.<\/p>\n","protected":false},"excerpt":{"rendered":"<p>Le \u00abfoldable seat\u00bb de Bullitt s&#8217;installe sur votre Bullitt m\u00e9canique ou \u00e9lectrique. Confortable, avec une finition en fibre simili-cuir, il est pratique puisqu&#8217;il se \u00abreplie\u00bb \u00e0 la mani\u00e8re d&#8217;un strapontin laissant plus de place pour votre \u00e9picerie ou d&#8217;autres chargements. Un ou deux enfants s&#8217;assoient sur ce si\u00e8ge. Note : la planche \u00abhoney comb board\u00bb [&hellip;]<\/p>\n","protected":false},"featured_media":75582,"template":"","meta":{"_acf_changed":false},"product_brand":[],"product_cat":[182,2477],"product_tag":[2481,2460,3331,3332],"marque-produit":[1434],"collection-produit":[],"type-surface-produit":[],"type-velo-produit":[],"vetement-produit":[],"thematique-produit":[],"position-sur-le-v\u00e9lo":[],"class_list":{"0":"post-75577","1":"product","2":"type-product","3":"status-publish","4":"has-post-thumbnail","6":"product_cat-accessoires","7":"product_cat-bullitt","8":"product_tag-banc","9":"product_tag-bullitt","10":"product_tag-foldable-seat","11":"product_tag-larry-vs-harry","12":"marque-produit-bullitt","14":"first","15":"instock","16":"taxable","17":"shipping-taxable","18":"purchasable","19":"product-type-simple"},"acf":[],"yoast_head":"<!-- This site is optimized with the Yoast SEO plugin v27.3 - https:\/\/yoast.com\/product\/yoast-seo-wordpress\/ -->\n<title>Si\u00e8ge Bullitt \u00abFoldable seat\u00bb - Dumoulin Bicyclettes<\/title>\n<meta name=\"description\" content=\"Le banc de Bullitt \u00abfoldable seat\u00bb est confortable pour un ou deux enfants. Il est aussi pratique puisqu&#039; escamotable, \u00e0 la mani\u00e8re d&#039;un strapontin. Plus de place ainsi pour votre \u00e9picerie ou d&#039;autres chargements.\" \/>\n<meta name=\"robots\" content=\"index, follow, max-snippet:-1, max-image-preview:large, max-video-preview:-1\" \/>\n<link rel=\"canonical\" href=\"https:\/\/www.dumoulinbicyclettes.com\/produit\/larry-vs-harry-bullitt-foldable-seat\/\" \/>\n<meta property=\"og:locale\" content=\"en_US\" \/>\n<meta property=\"og:type\" content=\"article\" \/>\n<meta property=\"og:title\" content=\"Si\u00e8ge Bullitt \u00abFoldable seat\u00bb - Dumoulin Bicyclettes\" \/>\n<meta property=\"og:description\" content=\"Le banc de Bullitt \u00abfoldable seat\u00bb est confortable pour un ou deux enfants. Il est aussi pratique puisqu&#039; escamotable, \u00e0 la mani\u00e8re d&#039;un strapontin. Plus de place ainsi pour votre \u00e9picerie ou d&#039;autres chargements.\" \/>\n<meta property=\"og:url\" content=\"https:\/\/www.dumoulinbicyclettes.com\/produit\/larry-vs-harry-bullitt-foldable-seat\/\" \/>\n<meta property=\"og:site_name\" content=\"Dumoulin Bicyclettes\" \/>\n<meta property=\"article:publisher\" content=\"https:\/\/www.facebook.com\/dumoulinbicyclettes\" \/>\n<meta property=\"article:modified_time\" content=\"2025-09-29T23:27:18+00:00\" \/>\n<meta property=\"og:image\" content=\"http:\/\/www.dumoulinbicyclettes.com\/wp-content\/uploads\/2022\/05\/fauteuil-enfant-pliable-foldable-seat-bullitt.jpg\" \/>\n\t<meta property=\"og:image:width\" content=\"650\" \/>\n\t<meta property=\"og:image:height\" content=\"366\" \/>\n\t<meta property=\"og:image:type\" content=\"image\/jpeg\" \/>\n<meta name=\"twitter:card\" content=\"summary_large_image\" \/>\n<meta name=\"twitter:label1\" content=\"Est. reading time\" \/>\n\t<meta name=\"twitter:data1\" content=\"1 minute\" \/>\n<script type=\"application\/ld+json\" class=\"yoast-schema-graph\">{\"@context\":\"https:\\\/\\\/schema.org\",\"@graph\":[{\"@type\":\"WebPage\",\"@id\":\"https:\\\/\\\/www.dumoulinbicyclettes.com\\\/produit\\\/larry-vs-harry-bullitt-foldable-seat\\\/\",\"url\":\"https:\\\/\\\/www.dumoulinbicyclettes.com\\\/produit\\\/larry-vs-harry-bullitt-foldable-seat\\\/\",\"name\":\"Si\u00e8ge Bullitt \u00abFoldable seat\u00bb - Dumoulin Bicyclettes\",\"isPartOf\":{\"@id\":\"https:\\\/\\\/www.dumoulinbicyclettes.com\\\/#website\"},\"primaryImageOfPage\":{\"@id\":\"https:\\\/\\\/www.dumoulinbicyclettes.com\\\/produit\\\/larry-vs-harry-bullitt-foldable-seat\\\/#primaryimage\"},\"image\":{\"@id\":\"https:\\\/\\\/www.dumoulinbicyclettes.com\\\/produit\\\/larry-vs-harry-bullitt-foldable-seat\\\/#primaryimage\"},\"thumbnailUrl\":\"https:\\\/\\\/www.dumoulinbicyclettes.com\\\/wp-content\\\/uploads\\\/2022\\\/05\\\/fauteuil-enfant-pliable-foldable-seat-bullitt.jpg\",\"datePublished\":\"2022-05-16T18:21:32+00:00\",\"dateModified\":\"2025-09-29T23:27:18+00:00\",\"description\":\"Le banc de Bullitt \u00abfoldable seat\u00bb est confortable pour un ou deux enfants. Il est aussi pratique puisqu' escamotable, \u00e0 la mani\u00e8re d'un strapontin. Plus de place ainsi pour votre \u00e9picerie ou d'autres chargements.\",\"breadcrumb\":{\"@id\":\"https:\\\/\\\/www.dumoulinbicyclettes.com\\\/produit\\\/larry-vs-harry-bullitt-foldable-seat\\\/#breadcrumb\"},\"inLanguage\":\"en-US\",\"potentialAction\":[{\"@type\":\"ReadAction\",\"target\":[\"https:\\\/\\\/www.dumoulinbicyclettes.com\\\/produit\\\/larry-vs-harry-bullitt-foldable-seat\\\/\"]}]},{\"@type\":\"ImageObject\",\"inLanguage\":\"en-US\",\"@id\":\"https:\\\/\\\/www.dumoulinbicyclettes.com\\\/produit\\\/larry-vs-harry-bullitt-foldable-seat\\\/#primaryimage\",\"url\":\"https:\\\/\\\/www.dumoulinbicyclettes.com\\\/wp-content\\\/uploads\\\/2022\\\/05\\\/fauteuil-enfant-pliable-foldable-seat-bullitt.jpg\",\"contentUrl\":\"https:\\\/\\\/www.dumoulinbicyclettes.com\\\/wp-content\\\/uploads\\\/2022\\\/05\\\/fauteuil-enfant-pliable-foldable-seat-bullitt.jpg\",\"width\":650,\"height\":366,\"caption\":\"fauteuil-enfant-pliable-foldable-seat-bullitt\"},{\"@type\":\"BreadcrumbList\",\"@id\":\"https:\\\/\\\/www.dumoulinbicyclettes.com\\\/produit\\\/larry-vs-harry-bullitt-foldable-seat\\\/#breadcrumb\",\"itemListElement\":[{\"@type\":\"ListItem\",\"position\":1,\"name\":\"Home\",\"item\":\"https:\\\/\\\/www.dumoulinbicyclettes.com\\\/en\\\/\"},{\"@type\":\"ListItem\",\"position\":2,\"name\":\"Shop\",\"item\":\"https:\\\/\\\/www.dumoulinbicyclettes.com\\\/en\\\/shop\\\/\"},{\"@type\":\"ListItem\",\"position\":3,\"name\":\"Si\u00e8ge Bullitt \u00abFoldable seat\u00bb\"}]},{\"@type\":\"WebSite\",\"@id\":\"https:\\\/\\\/www.dumoulinbicyclettes.com\\\/#website\",\"url\":\"https:\\\/\\\/www.dumoulinbicyclettes.com\\\/\",\"name\":\"Dumoulin Bicyclettes\",\"description\":\"\",\"publisher\":{\"@id\":\"https:\\\/\\\/www.dumoulinbicyclettes.com\\\/#organization\"},\"potentialAction\":[{\"@type\":\"SearchAction\",\"target\":{\"@type\":\"EntryPoint\",\"urlTemplate\":\"https:\\\/\\\/www.dumoulinbicyclettes.com\\\/?s={search_term_string}\"},\"query-input\":{\"@type\":\"PropertyValueSpecification\",\"valueRequired\":true,\"valueName\":\"search_term_string\"}}],\"inLanguage\":\"en-US\"},{\"@type\":\"Organization\",\"@id\":\"https:\\\/\\\/www.dumoulinbicyclettes.com\\\/#organization\",\"name\":\"Dumoulin Bicyclettes\",\"url\":\"https:\\\/\\\/www.dumoulinbicyclettes.com\\\/\",\"logo\":{\"@type\":\"ImageObject\",\"inLanguage\":\"en-US\",\"@id\":\"https:\\\/\\\/www.dumoulinbicyclettes.com\\\/#\\\/schema\\\/logo\\\/image\\\/\",\"url\":\"https:\\\/\\\/www.dumoulinbicyclettes.com\\\/wp-content\\\/uploads\\\/2021\\\/04\\\/Logo.svg\",\"contentUrl\":\"https:\\\/\\\/www.dumoulinbicyclettes.com\\\/wp-content\\\/uploads\\\/2021\\\/04\\\/Logo.svg\",\"width\":254,\"height\":86,\"caption\":\"Dumoulin Bicyclettes\"},\"image\":{\"@id\":\"https:\\\/\\\/www.dumoulinbicyclettes.com\\\/#\\\/schema\\\/logo\\\/image\\\/\"},\"sameAs\":[\"https:\\\/\\\/www.facebook.com\\\/dumoulinbicyclettes\",\"https:\\\/\\\/www.instagram.com\\\/dumoulin.ca\\\/\",\"https:\\\/\\\/www.youtube.com\\\/user\\\/dumoulinbicyclettes\"]}]}<\/script>\n<!-- \/ Yoast SEO plugin. -->","yoast_head_json":{"title":"Si\u00e8ge Bullitt \u00abFoldable seat\u00bb - Dumoulin Bicyclettes","description":"Le banc de Bullitt \u00abfoldable seat\u00bb est confortable pour un ou deux enfants. Il est aussi pratique puisqu' escamotable, \u00e0 la mani\u00e8re d'un strapontin. Plus de place ainsi pour votre \u00e9picerie ou d'autres chargements.","robots":{"index":"index","follow":"follow","max-snippet":"max-snippet:-1","max-image-preview":"max-image-preview:large","max-video-preview":"max-video-preview:-1"},"canonical":"https:\/\/www.dumoulinbicyclettes.com\/produit\/larry-vs-harry-bullitt-foldable-seat\/","og_locale":"en_US","og_type":"article","og_title":"Si\u00e8ge Bullitt \u00abFoldable seat\u00bb - Dumoulin Bicyclettes","og_description":"Le banc de Bullitt \u00abfoldable seat\u00bb est confortable pour un ou deux enfants. Il est aussi pratique puisqu' escamotable, \u00e0 la mani\u00e8re d'un strapontin. Plus de place ainsi pour votre \u00e9picerie ou d'autres chargements.","og_url":"https:\/\/www.dumoulinbicyclettes.com\/produit\/larry-vs-harry-bullitt-foldable-seat\/","og_site_name":"Dumoulin Bicyclettes","article_publisher":"https:\/\/www.facebook.com\/dumoulinbicyclettes","article_modified_time":"2025-09-29T23:27:18+00:00","og_image":[{"width":650,"height":366,"url":"http:\/\/www.dumoulinbicyclettes.com\/wp-content\/uploads\/2022\/05\/fauteuil-enfant-pliable-foldable-seat-bullitt.jpg","type":"image\/jpeg"}],"twitter_card":"summary_large_image","twitter_misc":{"Est. reading time":"1 minute"},"schema":{"@context":"https:\/\/schema.org","@graph":[{"@type":"WebPage","@id":"https:\/\/www.dumoulinbicyclettes.com\/produit\/larry-vs-harry-bullitt-foldable-seat\/","url":"https:\/\/www.dumoulinbicyclettes.com\/produit\/larry-vs-harry-bullitt-foldable-seat\/","name":"Si\u00e8ge Bullitt \u00abFoldable seat\u00bb - Dumoulin Bicyclettes","isPartOf":{"@id":"https:\/\/www.dumoulinbicyclettes.com\/#website"},"primaryImageOfPage":{"@id":"https:\/\/www.dumoulinbicyclettes.com\/produit\/larry-vs-harry-bullitt-foldable-seat\/#primaryimage"},"image":{"@id":"https:\/\/www.dumoulinbicyclettes.com\/produit\/larry-vs-harry-bullitt-foldable-seat\/#primaryimage"},"thumbnailUrl":"https:\/\/www.dumoulinbicyclettes.com\/wp-content\/uploads\/2022\/05\/fauteuil-enfant-pliable-foldable-seat-bullitt.jpg","datePublished":"2022-05-16T18:21:32+00:00","dateModified":"2025-09-29T23:27:18+00:00","description":"Le banc de Bullitt \u00abfoldable seat\u00bb est confortable pour un ou deux enfants. Il est aussi pratique puisqu' escamotable, \u00e0 la mani\u00e8re d'un strapontin. Plus de place ainsi pour votre \u00e9picerie ou d'autres chargements.","breadcrumb":{"@id":"https:\/\/www.dumoulinbicyclettes.com\/produit\/larry-vs-harry-bullitt-foldable-seat\/#breadcrumb"},"inLanguage":"en-US","potentialAction":[{"@type":"ReadAction","target":["https:\/\/www.dumoulinbicyclettes.com\/produit\/larry-vs-harry-bullitt-foldable-seat\/"]}]},{"@type":"ImageObject","inLanguage":"en-US","@id":"https:\/\/www.dumoulinbicyclettes.com\/produit\/larry-vs-harry-bullitt-foldable-seat\/#primaryimage","url":"https:\/\/www.dumoulinbicyclettes.com\/wp-content\/uploads\/2022\/05\/fauteuil-enfant-pliable-foldable-seat-bullitt.jpg","contentUrl":"https:\/\/www.dumoulinbicyclettes.com\/wp-content\/uploads\/2022\/05\/fauteuil-enfant-pliable-foldable-seat-bullitt.jpg","width":650,"height":366,"caption":"fauteuil-enfant-pliable-foldable-seat-bullitt"},{"@type":"BreadcrumbList","@id":"https:\/\/www.dumoulinbicyclettes.com\/produit\/larry-vs-harry-bullitt-foldable-seat\/#breadcrumb","itemListElement":[{"@type":"ListItem","position":1,"name":"Home","item":"https:\/\/www.dumoulinbicyclettes.com\/en\/"},{"@type":"ListItem","position":2,"name":"Shop","item":"https:\/\/www.dumoulinbicyclettes.com\/en\/shop\/"},{"@type":"ListItem","position":3,"name":"Si\u00e8ge Bullitt \u00abFoldable seat\u00bb"}]},{"@type":"WebSite","@id":"https:\/\/www.dumoulinbicyclettes.com\/#website","url":"https:\/\/www.dumoulinbicyclettes.com\/","name":"Dumoulin Bicyclettes","description":"","publisher":{"@id":"https:\/\/www.dumoulinbicyclettes.com\/#organization"},"potentialAction":[{"@type":"SearchAction","target":{"@type":"EntryPoint","urlTemplate":"https:\/\/www.dumoulinbicyclettes.com\/?s={search_term_string}"},"query-input":{"@type":"PropertyValueSpecification","valueRequired":true,"valueName":"search_term_string"}}],"inLanguage":"en-US"},{"@type":"Organization","@id":"https:\/\/www.dumoulinbicyclettes.com\/#organization","name":"Dumoulin Bicyclettes","url":"https:\/\/www.dumoulinbicyclettes.com\/","logo":{"@type":"ImageObject","inLanguage":"en-US","@id":"https:\/\/www.dumoulinbicyclettes.com\/#\/schema\/logo\/image\/","url":"https:\/\/www.dumoulinbicyclettes.com\/wp-content\/uploads\/2021\/04\/Logo.svg","contentUrl":"https:\/\/www.dumoulinbicyclettes.com\/wp-content\/uploads\/2021\/04\/Logo.svg","width":254,"height":86,"caption":"Dumoulin Bicyclettes"},"image":{"@id":"https:\/\/www.dumoulinbicyclettes.com\/#\/schema\/logo\/image\/"},"sameAs":["https:\/\/www.facebook.com\/dumoulinbicyclettes","https:\/\/www.instagram.com\/dumoulin.ca\/","https:\/\/www.youtube.com\/user\/dumoulinbicyclettes"]}]}},"_links":{"self":[{"href":"https:\/\/www.dumoulinbicyclettes.com\/en\/wp-json\/wp\/v2\/product\/75577","targetHints":{"allow":["GET"]}}],"collection":[{"href":"https:\/\/www.dumoulinbicyclettes.com\/en\/wp-json\/wp\/v2\/product"}],"about":[{"href":"https:\/\/www.dumoulinbicyclettes.com\/en\/wp-json\/wp\/v2\/types\/product"}],"wp:featuredmedia":[{"embeddable":true,"href":"https:\/\/www.dumoulinbicyclettes.com\/en\/wp-json\/wp\/v2\/media\/75582"}],"wp:attachment":[{"href":"https:\/\/www.dumoulinbicyclettes.com\/en\/wp-json\/wp\/v2\/media?parent=75577"}],"wp:term":[{"taxonomy":"product_brand","embeddable":true,"href":"https:\/\/www.dumoulinbicyclettes.com\/en\/wp-json\/wp\/v2\/product_brand?post=75577"},{"taxonomy":"product_cat","embeddable":true,"href":"https:\/\/www.dumoulinbicyclettes.com\/en\/wp-json\/wp\/v2\/product_cat?post=75577"},{"taxonomy":"product_tag","embeddable":true,"href":"https:\/\/www.dumoulinbicyclettes.com\/en\/wp-json\/wp\/v2\/product_tag?post=75577"},{"taxonomy":"marque-produit","embeddable":true,"href":"https:\/\/www.dumoulinbicyclettes.com\/en\/wp-json\/wp\/v2\/marque-produit?post=75577"},{"taxonomy":"collection-produit","embeddable":true,"href":"https:\/\/www.dumoulinbicyclettes.com\/en\/wp-json\/wp\/v2\/collection-produit?post=75577"},{"taxonomy":"type-surface-produit","embeddable":true,"href":"https:\/\/www.dumoulinbicyclettes.com\/en\/wp-json\/wp\/v2\/type-surface-produit?post=75577"},{"taxonomy":"type-velo-produit","embeddable":true,"href":"https:\/\/www.dumoulinbicyclettes.com\/en\/wp-json\/wp\/v2\/type-velo-produit?post=75577"},{"taxonomy":"vetement-produit","embeddable":true,"href":"https:\/\/www.dumoulinbicyclettes.com\/en\/wp-json\/wp\/v2\/vetement-produit?post=75577"},{"taxonomy":"thematique-produit","embeddable":true,"href":"https:\/\/www.dumoulinbicyclettes.com\/en\/wp-json\/wp\/v2\/thematique-produit?post=75577"},{"taxonomy":"position-sur-le-v\u00e9lo","embeddable":true,"href":"https:\/\/www.dumoulinbicyclettes.com\/en\/wp-json\/wp\/v2\/position-sur-le-v\u00e9lo?post=75577"}],"curies":[{"name":"wp","href":"https:\/\/api.w.org\/{rel}","templated":true}]}}