{"id":96195,"date":"2022-06-02T16:29:38","date_gmt":"2022-06-02T20:29:38","guid":{"rendered":"http:\/\/www.dumoulinbicyclettes.com\/?post_type=product&#038;p=96195"},"modified":"2025-09-23T16:44:00","modified_gmt":"2025-09-23T20:44:00","slug":"trek-verve-plus-3-cadre-bas","status":"publish","type":"product","link":"https:\/\/www.dumoulinbicyclettes.com\/en\/product\/trek-verve-plus-3-cadre-bas\/","title":{"rendered":"Trek Verve + 3, cadre bas"},"content":{"rendered":"<p>Le Trek Verve + 3 est un v\u00e9lo hybride \u00e9lectrique tout \u00e9quip\u00e9 excellent pour les d\u00e9placements quotidiens comme pour les randonn\u00e9es de fin de semaine.<\/p>\n<ul>\n<li>Syst\u00e8me d&#8217;assistance \u00e9lectrique Bosch Active Line Plus, puissant et fiable ;<\/li>\n<li>Batterie de 500 Wh, discr\u00e8tement int\u00e9rgr\u00e9e au cadre pour un \u00e9quilibre parfait et une finition impeccable ;<\/li>\n<li>Transmission 9 vitesses simple et efficace, freins \u00e0 disque puissants et confortables ;<\/li>\n<li>\u00c9quipements parfaits pour la ville et votre confort : garde-boue, porte-bagages, \u00e9clairage, b\u00e9quille, etc&#8230;<\/li>\n<\/ul>\n","protected":false},"excerpt":{"rendered":"<p>Le Trek Verve + 3 est un v\u00e9lo hybride \u00e9lectrique tout \u00e9quip\u00e9 excellent pour les d\u00e9placements quotidiens comme pour les randonn\u00e9es de fin de semaine. Syst\u00e8me d&#8217;assistance \u00e9lectrique Bosch Active Line Plus, puissant et fiable ; Batterie de 500 Wh, discr\u00e8tement int\u00e9rgr\u00e9e au cadre pour un \u00e9quilibre parfait et une finition impeccable ; Transmission 9 [&hellip;]<\/p>\n","protected":false},"featured_media":96208,"template":"","meta":{"_acf_changed":false},"product_brand":[],"product_cat":[176,165],"product_tag":[2382,2194,2195],"marque-produit":[1277],"collection-produit":[],"type-surface-produit":[],"type-velo-produit":[],"vetement-produit":[],"thematique-produit":[],"position-sur-le-v\u00e9lo":[],"class_list":{"0":"post-96195","1":"product","2":"type-product","3":"status-publish","4":"has-post-thumbnail","6":"product_cat-electriques-hybrides","7":"product_cat-velo-electriques","8":"product_tag-electrique","9":"product_tag-trek","10":"product_tag-verve","11":"marque-produit-trek","13":"first","14":"instock","15":"sale","16":"taxable","17":"shipping-taxable","18":"purchasable","19":"product-type-variable"},"acf":[],"yoast_head":"<!-- This site is optimized with the Yoast SEO plugin v27.3 - https:\/\/yoast.com\/product\/yoast-seo-wordpress\/ -->\n<title>Trek Verve + 3, cadre bas - Dumoulin Bicyclettes | V\u00e9lo \u00e9lectrique\u00a0|\u00a0Montr\u00e9al | Qu\u00e9bec<\/title>\n<meta name=\"description\" content=\"Le Trek Verve + 3 est un excellente v\u00e9lo \u00e9lectrique : avec une grande batterie de 500Wh, il vous permet de sortir plus loin avec confiance et enthousiasme.\" \/>\n<meta name=\"robots\" content=\"index, follow, max-snippet:-1, max-image-preview:large, max-video-preview:-1\" \/>\n<link rel=\"canonical\" href=\"https:\/\/www.dumoulinbicyclettes.com\/produit\/trek-verve-plus-3-cadre-bas\/\" \/>\n<meta property=\"og:locale\" content=\"en_US\" \/>\n<meta property=\"og:type\" content=\"article\" \/>\n<meta property=\"og:title\" content=\"Trek Verve + 3, cadre bas - Dumoulin Bicyclettes | V\u00e9lo \u00e9lectrique\u00a0|\u00a0Montr\u00e9al | Qu\u00e9bec\" \/>\n<meta property=\"og:description\" content=\"Le Trek Verve + 3 est un excellente v\u00e9lo \u00e9lectrique : avec une grande batterie de 500Wh, il vous permet de sortir plus loin avec confiance et enthousiasme.\" \/>\n<meta property=\"og:url\" content=\"https:\/\/www.dumoulinbicyclettes.com\/produit\/trek-verve-plus-3-cadre-bas\/\" \/>\n<meta property=\"og:site_name\" content=\"Dumoulin Bicyclettes\" \/>\n<meta property=\"article:publisher\" content=\"https:\/\/www.facebook.com\/dumoulinbicyclettes\" \/>\n<meta property=\"article:modified_time\" content=\"2025-09-23T20:44:00+00:00\" \/>\n<meta property=\"og:image\" content=\"http:\/\/www.dumoulinbicyclettes.com\/wp-content\/uploads\/2022\/06\/VERVEPlus3LOWSTEPUS_20_30980_A_Primary.jpg\" \/>\n\t<meta property=\"og:image:width\" content=\"800\" \/>\n\t<meta property=\"og:image:height\" content=\"580\" \/>\n\t<meta property=\"og:image:type\" content=\"image\/jpeg\" \/>\n<meta name=\"twitter:card\" content=\"summary_large_image\" \/>\n<meta name=\"twitter:label1\" content=\"Est. reading time\" \/>\n\t<meta name=\"twitter:data1\" content=\"1 minute\" \/>\n<script type=\"application\/ld+json\" class=\"yoast-schema-graph\">{\"@context\":\"https:\\\/\\\/schema.org\",\"@graph\":[{\"@type\":\"WebPage\",\"@id\":\"https:\\\/\\\/www.dumoulinbicyclettes.com\\\/produit\\\/trek-verve-plus-3-cadre-bas\\\/\",\"url\":\"https:\\\/\\\/www.dumoulinbicyclettes.com\\\/produit\\\/trek-verve-plus-3-cadre-bas\\\/\",\"name\":\"Trek Verve + 3, cadre bas - Dumoulin Bicyclettes | V\u00e9lo \u00e9lectrique\u00a0|\u00a0Montr\u00e9al | Qu\u00e9bec\",\"isPartOf\":{\"@id\":\"https:\\\/\\\/www.dumoulinbicyclettes.com\\\/#website\"},\"primaryImageOfPage\":{\"@id\":\"https:\\\/\\\/www.dumoulinbicyclettes.com\\\/produit\\\/trek-verve-plus-3-cadre-bas\\\/#primaryimage\"},\"image\":{\"@id\":\"https:\\\/\\\/www.dumoulinbicyclettes.com\\\/produit\\\/trek-verve-plus-3-cadre-bas\\\/#primaryimage\"},\"thumbnailUrl\":\"https:\\\/\\\/www.dumoulinbicyclettes.com\\\/wp-content\\\/uploads\\\/2022\\\/06\\\/VERVEPlus3LOWSTEPUS_20_30980_A_Primary.jpg\",\"datePublished\":\"2022-06-02T20:29:38+00:00\",\"dateModified\":\"2025-09-23T20:44:00+00:00\",\"description\":\"Le Trek Verve + 3 est un excellente v\u00e9lo \u00e9lectrique : avec une grande batterie de 500Wh, il vous permet de sortir plus loin avec confiance et enthousiasme.\",\"breadcrumb\":{\"@id\":\"https:\\\/\\\/www.dumoulinbicyclettes.com\\\/produit\\\/trek-verve-plus-3-cadre-bas\\\/#breadcrumb\"},\"inLanguage\":\"en-US\",\"potentialAction\":[{\"@type\":\"ReadAction\",\"target\":[\"https:\\\/\\\/www.dumoulinbicyclettes.com\\\/produit\\\/trek-verve-plus-3-cadre-bas\\\/\"]}]},{\"@type\":\"ImageObject\",\"inLanguage\":\"en-US\",\"@id\":\"https:\\\/\\\/www.dumoulinbicyclettes.com\\\/produit\\\/trek-verve-plus-3-cadre-bas\\\/#primaryimage\",\"url\":\"https:\\\/\\\/www.dumoulinbicyclettes.com\\\/wp-content\\\/uploads\\\/2022\\\/06\\\/VERVEPlus3LOWSTEPUS_20_30980_A_Primary.jpg\",\"contentUrl\":\"https:\\\/\\\/www.dumoulinbicyclettes.com\\\/wp-content\\\/uploads\\\/2022\\\/06\\\/VERVEPlus3LOWSTEPUS_20_30980_A_Primary.jpg\",\"width\":800,\"height\":580},{\"@type\":\"BreadcrumbList\",\"@id\":\"https:\\\/\\\/www.dumoulinbicyclettes.com\\\/produit\\\/trek-verve-plus-3-cadre-bas\\\/#breadcrumb\",\"itemListElement\":[{\"@type\":\"ListItem\",\"position\":1,\"name\":\"Home\",\"item\":\"https:\\\/\\\/www.dumoulinbicyclettes.com\\\/en\\\/\"},{\"@type\":\"ListItem\",\"position\":2,\"name\":\"Shop\",\"item\":\"https:\\\/\\\/www.dumoulinbicyclettes.com\\\/en\\\/shop\\\/\"},{\"@type\":\"ListItem\",\"position\":3,\"name\":\"Trek Verve + 3, cadre bas\"}]},{\"@type\":\"WebSite\",\"@id\":\"https:\\\/\\\/www.dumoulinbicyclettes.com\\\/#website\",\"url\":\"https:\\\/\\\/www.dumoulinbicyclettes.com\\\/\",\"name\":\"Dumoulin Bicyclettes\",\"description\":\"\",\"publisher\":{\"@id\":\"https:\\\/\\\/www.dumoulinbicyclettes.com\\\/#organization\"},\"potentialAction\":[{\"@type\":\"SearchAction\",\"target\":{\"@type\":\"EntryPoint\",\"urlTemplate\":\"https:\\\/\\\/www.dumoulinbicyclettes.com\\\/?s={search_term_string}\"},\"query-input\":{\"@type\":\"PropertyValueSpecification\",\"valueRequired\":true,\"valueName\":\"search_term_string\"}}],\"inLanguage\":\"en-US\"},{\"@type\":\"Organization\",\"@id\":\"https:\\\/\\\/www.dumoulinbicyclettes.com\\\/#organization\",\"name\":\"Dumoulin Bicyclettes\",\"url\":\"https:\\\/\\\/www.dumoulinbicyclettes.com\\\/\",\"logo\":{\"@type\":\"ImageObject\",\"inLanguage\":\"en-US\",\"@id\":\"https:\\\/\\\/www.dumoulinbicyclettes.com\\\/#\\\/schema\\\/logo\\\/image\\\/\",\"url\":\"https:\\\/\\\/www.dumoulinbicyclettes.com\\\/wp-content\\\/uploads\\\/2021\\\/04\\\/Logo.svg\",\"contentUrl\":\"https:\\\/\\\/www.dumoulinbicyclettes.com\\\/wp-content\\\/uploads\\\/2021\\\/04\\\/Logo.svg\",\"width\":254,\"height\":86,\"caption\":\"Dumoulin Bicyclettes\"},\"image\":{\"@id\":\"https:\\\/\\\/www.dumoulinbicyclettes.com\\\/#\\\/schema\\\/logo\\\/image\\\/\"},\"sameAs\":[\"https:\\\/\\\/www.facebook.com\\\/dumoulinbicyclettes\",\"https:\\\/\\\/www.instagram.com\\\/dumoulin.ca\\\/\",\"https:\\\/\\\/www.youtube.com\\\/user\\\/dumoulinbicyclettes\"]}]}<\/script>\n<!-- \/ Yoast SEO plugin. -->","yoast_head_json":{"title":"Trek Verve + 3, cadre bas - Dumoulin Bicyclettes | V\u00e9lo \u00e9lectrique\u00a0|\u00a0Montr\u00e9al | Qu\u00e9bec","description":"Le Trek Verve + 3 est un excellente v\u00e9lo \u00e9lectrique : avec une grande batterie de 500Wh, il vous permet de sortir plus loin avec confiance et enthousiasme.","robots":{"index":"index","follow":"follow","max-snippet":"max-snippet:-1","max-image-preview":"max-image-preview:large","max-video-preview":"max-video-preview:-1"},"canonical":"https:\/\/www.dumoulinbicyclettes.com\/produit\/trek-verve-plus-3-cadre-bas\/","og_locale":"en_US","og_type":"article","og_title":"Trek Verve + 3, cadre bas - Dumoulin Bicyclettes | V\u00e9lo \u00e9lectrique\u00a0|\u00a0Montr\u00e9al | Qu\u00e9bec","og_description":"Le Trek Verve + 3 est un excellente v\u00e9lo \u00e9lectrique : avec une grande batterie de 500Wh, il vous permet de sortir plus loin avec confiance et enthousiasme.","og_url":"https:\/\/www.dumoulinbicyclettes.com\/produit\/trek-verve-plus-3-cadre-bas\/","og_site_name":"Dumoulin Bicyclettes","article_publisher":"https:\/\/www.facebook.com\/dumoulinbicyclettes","article_modified_time":"2025-09-23T20:44:00+00:00","og_image":[{"width":800,"height":580,"url":"http:\/\/www.dumoulinbicyclettes.com\/wp-content\/uploads\/2022\/06\/VERVEPlus3LOWSTEPUS_20_30980_A_Primary.jpg","type":"image\/jpeg"}],"twitter_card":"summary_large_image","twitter_misc":{"Est. reading time":"1 minute"},"schema":{"@context":"https:\/\/schema.org","@graph":[{"@type":"WebPage","@id":"https:\/\/www.dumoulinbicyclettes.com\/produit\/trek-verve-plus-3-cadre-bas\/","url":"https:\/\/www.dumoulinbicyclettes.com\/produit\/trek-verve-plus-3-cadre-bas\/","name":"Trek Verve + 3, cadre bas - Dumoulin Bicyclettes | V\u00e9lo \u00e9lectrique\u00a0|\u00a0Montr\u00e9al | Qu\u00e9bec","isPartOf":{"@id":"https:\/\/www.dumoulinbicyclettes.com\/#website"},"primaryImageOfPage":{"@id":"https:\/\/www.dumoulinbicyclettes.com\/produit\/trek-verve-plus-3-cadre-bas\/#primaryimage"},"image":{"@id":"https:\/\/www.dumoulinbicyclettes.com\/produit\/trek-verve-plus-3-cadre-bas\/#primaryimage"},"thumbnailUrl":"https:\/\/www.dumoulinbicyclettes.com\/wp-content\/uploads\/2022\/06\/VERVEPlus3LOWSTEPUS_20_30980_A_Primary.jpg","datePublished":"2022-06-02T20:29:38+00:00","dateModified":"2025-09-23T20:44:00+00:00","description":"Le Trek Verve + 3 est un excellente v\u00e9lo \u00e9lectrique : avec une grande batterie de 500Wh, il vous permet de sortir plus loin avec confiance et enthousiasme.","breadcrumb":{"@id":"https:\/\/www.dumoulinbicyclettes.com\/produit\/trek-verve-plus-3-cadre-bas\/#breadcrumb"},"inLanguage":"en-US","potentialAction":[{"@type":"ReadAction","target":["https:\/\/www.dumoulinbicyclettes.com\/produit\/trek-verve-plus-3-cadre-bas\/"]}]},{"@type":"ImageObject","inLanguage":"en-US","@id":"https:\/\/www.dumoulinbicyclettes.com\/produit\/trek-verve-plus-3-cadre-bas\/#primaryimage","url":"https:\/\/www.dumoulinbicyclettes.com\/wp-content\/uploads\/2022\/06\/VERVEPlus3LOWSTEPUS_20_30980_A_Primary.jpg","contentUrl":"https:\/\/www.dumoulinbicyclettes.com\/wp-content\/uploads\/2022\/06\/VERVEPlus3LOWSTEPUS_20_30980_A_Primary.jpg","width":800,"height":580},{"@type":"BreadcrumbList","@id":"https:\/\/www.dumoulinbicyclettes.com\/produit\/trek-verve-plus-3-cadre-bas\/#breadcrumb","itemListElement":[{"@type":"ListItem","position":1,"name":"Home","item":"https:\/\/www.dumoulinbicyclettes.com\/en\/"},{"@type":"ListItem","position":2,"name":"Shop","item":"https:\/\/www.dumoulinbicyclettes.com\/en\/shop\/"},{"@type":"ListItem","position":3,"name":"Trek Verve + 3, cadre bas"}]},{"@type":"WebSite","@id":"https:\/\/www.dumoulinbicyclettes.com\/#website","url":"https:\/\/www.dumoulinbicyclettes.com\/","name":"Dumoulin Bicyclettes","description":"","publisher":{"@id":"https:\/\/www.dumoulinbicyclettes.com\/#organization"},"potentialAction":[{"@type":"SearchAction","target":{"@type":"EntryPoint","urlTemplate":"https:\/\/www.dumoulinbicyclettes.com\/?s={search_term_string}"},"query-input":{"@type":"PropertyValueSpecification","valueRequired":true,"valueName":"search_term_string"}}],"inLanguage":"en-US"},{"@type":"Organization","@id":"https:\/\/www.dumoulinbicyclettes.com\/#organization","name":"Dumoulin Bicyclettes","url":"https:\/\/www.dumoulinbicyclettes.com\/","logo":{"@type":"ImageObject","inLanguage":"en-US","@id":"https:\/\/www.dumoulinbicyclettes.com\/#\/schema\/logo\/image\/","url":"https:\/\/www.dumoulinbicyclettes.com\/wp-content\/uploads\/2021\/04\/Logo.svg","contentUrl":"https:\/\/www.dumoulinbicyclettes.com\/wp-content\/uploads\/2021\/04\/Logo.svg","width":254,"height":86,"caption":"Dumoulin Bicyclettes"},"image":{"@id":"https:\/\/www.dumoulinbicyclettes.com\/#\/schema\/logo\/image\/"},"sameAs":["https:\/\/www.facebook.com\/dumoulinbicyclettes","https:\/\/www.instagram.com\/dumoulin.ca\/","https:\/\/www.youtube.com\/user\/dumoulinbicyclettes"]}]}},"_links":{"self":[{"href":"https:\/\/www.dumoulinbicyclettes.com\/en\/wp-json\/wp\/v2\/product\/96195","targetHints":{"allow":["GET"]}}],"collection":[{"href":"https:\/\/www.dumoulinbicyclettes.com\/en\/wp-json\/wp\/v2\/product"}],"about":[{"href":"https:\/\/www.dumoulinbicyclettes.com\/en\/wp-json\/wp\/v2\/types\/product"}],"wp:featuredmedia":[{"embeddable":true,"href":"https:\/\/www.dumoulinbicyclettes.com\/en\/wp-json\/wp\/v2\/media\/96208"}],"wp:attachment":[{"href":"https:\/\/www.dumoulinbicyclettes.com\/en\/wp-json\/wp\/v2\/media?parent=96195"}],"wp:term":[{"taxonomy":"product_brand","embeddable":true,"href":"https:\/\/www.dumoulinbicyclettes.com\/en\/wp-json\/wp\/v2\/product_brand?post=96195"},{"taxonomy":"product_cat","embeddable":true,"href":"https:\/\/www.dumoulinbicyclettes.com\/en\/wp-json\/wp\/v2\/product_cat?post=96195"},{"taxonomy":"product_tag","embeddable":true,"href":"https:\/\/www.dumoulinbicyclettes.com\/en\/wp-json\/wp\/v2\/product_tag?post=96195"},{"taxonomy":"marque-produit","embeddable":true,"href":"https:\/\/www.dumoulinbicyclettes.com\/en\/wp-json\/wp\/v2\/marque-produit?post=96195"},{"taxonomy":"collection-produit","embeddable":true,"href":"https:\/\/www.dumoulinbicyclettes.com\/en\/wp-json\/wp\/v2\/collection-produit?post=96195"},{"taxonomy":"type-surface-produit","embeddable":true,"href":"https:\/\/www.dumoulinbicyclettes.com\/en\/wp-json\/wp\/v2\/type-surface-produit?post=96195"},{"taxonomy":"type-velo-produit","embeddable":true,"href":"https:\/\/www.dumoulinbicyclettes.com\/en\/wp-json\/wp\/v2\/type-velo-produit?post=96195"},{"taxonomy":"vetement-produit","embeddable":true,"href":"https:\/\/www.dumoulinbicyclettes.com\/en\/wp-json\/wp\/v2\/vetement-produit?post=96195"},{"taxonomy":"thematique-produit","embeddable":true,"href":"https:\/\/www.dumoulinbicyclettes.com\/en\/wp-json\/wp\/v2\/thematique-produit?post=96195"},{"taxonomy":"position-sur-le-v\u00e9lo","embeddable":true,"href":"https:\/\/www.dumoulinbicyclettes.com\/en\/wp-json\/wp\/v2\/position-sur-le-v\u00e9lo?post=96195"}],"curies":[{"name":"wp","href":"https:\/\/api.w.org\/{rel}","templated":true}]}}