{"id":96375,"date":"2022-06-02T16:30:25","date_gmt":"2022-06-02T20:30:25","guid":{"rendered":"http:\/\/www.dumoulinbicyclettes.com\/?post_type=product&#038;p=96375"},"modified":"2025-10-02T13:00:54","modified_gmt":"2025-10-02T17:00:54","slug":"nihola-4-0-shimano-nexus-8-incluant-bancs-ceintures-capote","status":"publish","type":"product","link":"https:\/\/www.dumoulinbicyclettes.com\/en\/product\/nihola-4-0-shimano-nexus-8-incluant-bancs-ceintures-capote\/","title":{"rendered":"NIHOLA 4.0 Shimano Nexus 8 (incluant: bancs, ceintures, capote, \u2026)"},"content":{"rendered":"<p style=\"text-align: justify;\">Le Nihola 4.0 est un v\u00e9lo cargo sur trois roues, stable et \u00e9tonnamment \u00ab agile \u00bb. Avec sa capacit\u00e9 de transport de 120kg, il vous permet d\u2019embarquer jusqu\u2019\u00e0 4 enfants en toute s\u00e9curit\u00e9 et confort, ce qui en fait un v\u00e9lo id\u00e9al pour les familles.<\/p>\n<p style=\"text-align: justify;\">La boite avant prot\u00e8ge les enfants avec une structure \u00e0 deux tubes en acier. Son design simple vous permet \u00e9galement de transporter facilement plusieurs types de charges, comme l\u2019\u00e9picerie ou votre mat\u00e9riel pour le boulot.<\/p>\n<p style=\"text-align: justify;\">Avec son look \u00e9l\u00e9gant et unique, le 4.0 n\u2019a rien \u00e0 envier aux autres v\u00e9los cargo sur le march\u00e9.<\/p>\n<p><\/p>\n","protected":false},"excerpt":{"rendered":"<p>Le Nihola 4.0 est un v\u00e9lo cargo sur trois roues, stable et \u00e9tonnamment \u00ab agile \u00bb. Avec sa capacit\u00e9 de transport de 120kg, il vous permet d\u2019embarquer jusqu\u2019\u00e0 4 enfants en toute s\u00e9curit\u00e9 et confort, ce qui en fait un v\u00e9lo id\u00e9al pour les familles. La boite avant prot\u00e8ge les enfants avec une structure \u00e0 [&hellip;]<\/p>\n","protected":false},"featured_media":23488,"template":"","meta":{"_acf_changed":false},"product_brand":[],"product_cat":[169],"product_tag":[],"marque-produit":[1379],"collection-produit":[],"type-surface-produit":[],"type-velo-produit":[1248],"vetement-produit":[],"thematique-produit":[],"position-sur-le-v\u00e9lo":[],"class_list":{"0":"post-96375","1":"product","2":"type-product","3":"status-publish","4":"has-post-thumbnail","6":"product_cat-transport-denfant","7":"marque-produit-nihola","8":"type-velo-produit-cargo","10":"first","11":"instock","12":"taxable","13":"shipping-taxable","14":"purchasable","15":"product-type-simple"},"acf":[],"yoast_head":"<!-- This site is optimized with the Yoast SEO plugin v27.3 - https:\/\/yoast.com\/product\/yoast-seo-wordpress\/ -->\n<title>NIHOLA 4.0 Shimano Nexus 8 (incluant: bancs, ceintures, capote, \u2026) - Dumoulin Bicyclettes<\/title>\n<meta name=\"robots\" content=\"index, follow, max-snippet:-1, max-image-preview:large, max-video-preview:-1\" \/>\n<link rel=\"canonical\" href=\"https:\/\/www.dumoulinbicyclettes.com\/produit\/nihola-4-0-shimano-nexus-8-incluant-bancs-ceintures-capote\/\" \/>\n<meta property=\"og:locale\" content=\"en_US\" \/>\n<meta property=\"og:type\" content=\"article\" \/>\n<meta property=\"og:title\" content=\"NIHOLA 4.0 Shimano Nexus 8 (incluant: bancs, ceintures, capote, \u2026) - Dumoulin Bicyclettes\" \/>\n<meta property=\"og:description\" content=\"Le Nihola 4.0 est un v\u00e9lo cargo sur trois roues, stable et \u00e9tonnamment \u00ab agile \u00bb. Avec sa capacit\u00e9 de transport de 120kg, il vous permet d\u2019embarquer jusqu\u2019\u00e0 4 enfants en toute s\u00e9curit\u00e9 et confort, ce qui en fait un v\u00e9lo id\u00e9al pour les familles. La boite avant prot\u00e8ge les enfants avec une structure \u00e0 [&hellip;]\" \/>\n<meta property=\"og:url\" content=\"https:\/\/www.dumoulinbicyclettes.com\/produit\/nihola-4-0-shimano-nexus-8-incluant-bancs-ceintures-capote\/\" \/>\n<meta property=\"og:site_name\" content=\"Dumoulin Bicyclettes\" \/>\n<meta property=\"article:publisher\" content=\"https:\/\/www.facebook.com\/dumoulinbicyclettes\" \/>\n<meta property=\"article:modified_time\" content=\"2025-10-02T17:00:54+00:00\" \/>\n<meta property=\"og:image\" content=\"https:\/\/www.dumoulinbicyclettes.com\/wp-content\/uploads\/2021\/11\/nihola-40.png\" \/>\n\t<meta property=\"og:image:width\" content=\"1024\" \/>\n\t<meta property=\"og:image:height\" content=\"953\" \/>\n\t<meta property=\"og:image:type\" content=\"image\/png\" \/>\n<meta name=\"twitter:card\" content=\"summary_large_image\" \/>\n<meta name=\"twitter:label1\" content=\"Est. reading time\" \/>\n\t<meta name=\"twitter:data1\" content=\"1 minute\" \/>\n<script type=\"application\/ld+json\" class=\"yoast-schema-graph\">{\"@context\":\"https:\\\/\\\/schema.org\",\"@graph\":[{\"@type\":\"WebPage\",\"@id\":\"https:\\\/\\\/www.dumoulinbicyclettes.com\\\/produit\\\/nihola-4-0-shimano-nexus-8-incluant-bancs-ceintures-capote\\\/\",\"url\":\"https:\\\/\\\/www.dumoulinbicyclettes.com\\\/produit\\\/nihola-4-0-shimano-nexus-8-incluant-bancs-ceintures-capote\\\/\",\"name\":\"NIHOLA 4.0 Shimano Nexus 8 (incluant: bancs, ceintures, capote, \u2026) - Dumoulin Bicyclettes\",\"isPartOf\":{\"@id\":\"https:\\\/\\\/www.dumoulinbicyclettes.com\\\/#website\"},\"primaryImageOfPage\":{\"@id\":\"https:\\\/\\\/www.dumoulinbicyclettes.com\\\/produit\\\/nihola-4-0-shimano-nexus-8-incluant-bancs-ceintures-capote\\\/#primaryimage\"},\"image\":{\"@id\":\"https:\\\/\\\/www.dumoulinbicyclettes.com\\\/produit\\\/nihola-4-0-shimano-nexus-8-incluant-bancs-ceintures-capote\\\/#primaryimage\"},\"thumbnailUrl\":\"https:\\\/\\\/www.dumoulinbicyclettes.com\\\/wp-content\\\/uploads\\\/2021\\\/11\\\/nihola-40.png\",\"datePublished\":\"2022-06-02T20:30:25+00:00\",\"dateModified\":\"2025-10-02T17:00:54+00:00\",\"breadcrumb\":{\"@id\":\"https:\\\/\\\/www.dumoulinbicyclettes.com\\\/produit\\\/nihola-4-0-shimano-nexus-8-incluant-bancs-ceintures-capote\\\/#breadcrumb\"},\"inLanguage\":\"en-US\",\"potentialAction\":[{\"@type\":\"ReadAction\",\"target\":[\"https:\\\/\\\/www.dumoulinbicyclettes.com\\\/produit\\\/nihola-4-0-shimano-nexus-8-incluant-bancs-ceintures-capote\\\/\"]}]},{\"@type\":\"ImageObject\",\"inLanguage\":\"en-US\",\"@id\":\"https:\\\/\\\/www.dumoulinbicyclettes.com\\\/produit\\\/nihola-4-0-shimano-nexus-8-incluant-bancs-ceintures-capote\\\/#primaryimage\",\"url\":\"https:\\\/\\\/www.dumoulinbicyclettes.com\\\/wp-content\\\/uploads\\\/2021\\\/11\\\/nihola-40.png\",\"contentUrl\":\"https:\\\/\\\/www.dumoulinbicyclettes.com\\\/wp-content\\\/uploads\\\/2021\\\/11\\\/nihola-40.png\",\"width\":1024,\"height\":953,\"caption\":\"Triporteur Nihola 4.0\"},{\"@type\":\"BreadcrumbList\",\"@id\":\"https:\\\/\\\/www.dumoulinbicyclettes.com\\\/produit\\\/nihola-4-0-shimano-nexus-8-incluant-bancs-ceintures-capote\\\/#breadcrumb\",\"itemListElement\":[{\"@type\":\"ListItem\",\"position\":1,\"name\":\"Home\",\"item\":\"https:\\\/\\\/www.dumoulinbicyclettes.com\\\/en\\\/\"},{\"@type\":\"ListItem\",\"position\":2,\"name\":\"Shop\",\"item\":\"https:\\\/\\\/www.dumoulinbicyclettes.com\\\/en\\\/shop\\\/\"},{\"@type\":\"ListItem\",\"position\":3,\"name\":\"NIHOLA 4.0 Shimano Nexus 8 (incluant: bancs, ceintures, capote, \u2026)\"}]},{\"@type\":\"WebSite\",\"@id\":\"https:\\\/\\\/www.dumoulinbicyclettes.com\\\/#website\",\"url\":\"https:\\\/\\\/www.dumoulinbicyclettes.com\\\/\",\"name\":\"Dumoulin Bicyclettes\",\"description\":\"\",\"publisher\":{\"@id\":\"https:\\\/\\\/www.dumoulinbicyclettes.com\\\/#organization\"},\"potentialAction\":[{\"@type\":\"SearchAction\",\"target\":{\"@type\":\"EntryPoint\",\"urlTemplate\":\"https:\\\/\\\/www.dumoulinbicyclettes.com\\\/?s={search_term_string}\"},\"query-input\":{\"@type\":\"PropertyValueSpecification\",\"valueRequired\":true,\"valueName\":\"search_term_string\"}}],\"inLanguage\":\"en-US\"},{\"@type\":\"Organization\",\"@id\":\"https:\\\/\\\/www.dumoulinbicyclettes.com\\\/#organization\",\"name\":\"Dumoulin Bicyclettes\",\"url\":\"https:\\\/\\\/www.dumoulinbicyclettes.com\\\/\",\"logo\":{\"@type\":\"ImageObject\",\"inLanguage\":\"en-US\",\"@id\":\"https:\\\/\\\/www.dumoulinbicyclettes.com\\\/#\\\/schema\\\/logo\\\/image\\\/\",\"url\":\"https:\\\/\\\/www.dumoulinbicyclettes.com\\\/wp-content\\\/uploads\\\/2021\\\/04\\\/Logo.svg\",\"contentUrl\":\"https:\\\/\\\/www.dumoulinbicyclettes.com\\\/wp-content\\\/uploads\\\/2021\\\/04\\\/Logo.svg\",\"width\":254,\"height\":86,\"caption\":\"Dumoulin Bicyclettes\"},\"image\":{\"@id\":\"https:\\\/\\\/www.dumoulinbicyclettes.com\\\/#\\\/schema\\\/logo\\\/image\\\/\"},\"sameAs\":[\"https:\\\/\\\/www.facebook.com\\\/dumoulinbicyclettes\",\"https:\\\/\\\/www.instagram.com\\\/dumoulin.ca\\\/\",\"https:\\\/\\\/www.youtube.com\\\/user\\\/dumoulinbicyclettes\"]}]}<\/script>\n<!-- \/ Yoast SEO plugin. -->","yoast_head_json":{"title":"NIHOLA 4.0 Shimano Nexus 8 (incluant: bancs, ceintures, capote, \u2026) - Dumoulin Bicyclettes","robots":{"index":"index","follow":"follow","max-snippet":"max-snippet:-1","max-image-preview":"max-image-preview:large","max-video-preview":"max-video-preview:-1"},"canonical":"https:\/\/www.dumoulinbicyclettes.com\/produit\/nihola-4-0-shimano-nexus-8-incluant-bancs-ceintures-capote\/","og_locale":"en_US","og_type":"article","og_title":"NIHOLA 4.0 Shimano Nexus 8 (incluant: bancs, ceintures, capote, \u2026) - Dumoulin Bicyclettes","og_description":"Le Nihola 4.0 est un v\u00e9lo cargo sur trois roues, stable et \u00e9tonnamment \u00ab agile \u00bb. Avec sa capacit\u00e9 de transport de 120kg, il vous permet d\u2019embarquer jusqu\u2019\u00e0 4 enfants en toute s\u00e9curit\u00e9 et confort, ce qui en fait un v\u00e9lo id\u00e9al pour les familles. La boite avant prot\u00e8ge les enfants avec une structure \u00e0 [&hellip;]","og_url":"https:\/\/www.dumoulinbicyclettes.com\/produit\/nihola-4-0-shimano-nexus-8-incluant-bancs-ceintures-capote\/","og_site_name":"Dumoulin Bicyclettes","article_publisher":"https:\/\/www.facebook.com\/dumoulinbicyclettes","article_modified_time":"2025-10-02T17:00:54+00:00","og_image":[{"width":1024,"height":953,"url":"https:\/\/www.dumoulinbicyclettes.com\/wp-content\/uploads\/2021\/11\/nihola-40.png","type":"image\/png"}],"twitter_card":"summary_large_image","twitter_misc":{"Est. reading time":"1 minute"},"schema":{"@context":"https:\/\/schema.org","@graph":[{"@type":"WebPage","@id":"https:\/\/www.dumoulinbicyclettes.com\/produit\/nihola-4-0-shimano-nexus-8-incluant-bancs-ceintures-capote\/","url":"https:\/\/www.dumoulinbicyclettes.com\/produit\/nihola-4-0-shimano-nexus-8-incluant-bancs-ceintures-capote\/","name":"NIHOLA 4.0 Shimano Nexus 8 (incluant: bancs, ceintures, capote, \u2026) - Dumoulin Bicyclettes","isPartOf":{"@id":"https:\/\/www.dumoulinbicyclettes.com\/#website"},"primaryImageOfPage":{"@id":"https:\/\/www.dumoulinbicyclettes.com\/produit\/nihola-4-0-shimano-nexus-8-incluant-bancs-ceintures-capote\/#primaryimage"},"image":{"@id":"https:\/\/www.dumoulinbicyclettes.com\/produit\/nihola-4-0-shimano-nexus-8-incluant-bancs-ceintures-capote\/#primaryimage"},"thumbnailUrl":"https:\/\/www.dumoulinbicyclettes.com\/wp-content\/uploads\/2021\/11\/nihola-40.png","datePublished":"2022-06-02T20:30:25+00:00","dateModified":"2025-10-02T17:00:54+00:00","breadcrumb":{"@id":"https:\/\/www.dumoulinbicyclettes.com\/produit\/nihola-4-0-shimano-nexus-8-incluant-bancs-ceintures-capote\/#breadcrumb"},"inLanguage":"en-US","potentialAction":[{"@type":"ReadAction","target":["https:\/\/www.dumoulinbicyclettes.com\/produit\/nihola-4-0-shimano-nexus-8-incluant-bancs-ceintures-capote\/"]}]},{"@type":"ImageObject","inLanguage":"en-US","@id":"https:\/\/www.dumoulinbicyclettes.com\/produit\/nihola-4-0-shimano-nexus-8-incluant-bancs-ceintures-capote\/#primaryimage","url":"https:\/\/www.dumoulinbicyclettes.com\/wp-content\/uploads\/2021\/11\/nihola-40.png","contentUrl":"https:\/\/www.dumoulinbicyclettes.com\/wp-content\/uploads\/2021\/11\/nihola-40.png","width":1024,"height":953,"caption":"Triporteur Nihola 4.0"},{"@type":"BreadcrumbList","@id":"https:\/\/www.dumoulinbicyclettes.com\/produit\/nihola-4-0-shimano-nexus-8-incluant-bancs-ceintures-capote\/#breadcrumb","itemListElement":[{"@type":"ListItem","position":1,"name":"Home","item":"https:\/\/www.dumoulinbicyclettes.com\/en\/"},{"@type":"ListItem","position":2,"name":"Shop","item":"https:\/\/www.dumoulinbicyclettes.com\/en\/shop\/"},{"@type":"ListItem","position":3,"name":"NIHOLA 4.0 Shimano Nexus 8 (incluant: bancs, ceintures, capote, \u2026)"}]},{"@type":"WebSite","@id":"https:\/\/www.dumoulinbicyclettes.com\/#website","url":"https:\/\/www.dumoulinbicyclettes.com\/","name":"Dumoulin Bicyclettes","description":"","publisher":{"@id":"https:\/\/www.dumoulinbicyclettes.com\/#organization"},"potentialAction":[{"@type":"SearchAction","target":{"@type":"EntryPoint","urlTemplate":"https:\/\/www.dumoulinbicyclettes.com\/?s={search_term_string}"},"query-input":{"@type":"PropertyValueSpecification","valueRequired":true,"valueName":"search_term_string"}}],"inLanguage":"en-US"},{"@type":"Organization","@id":"https:\/\/www.dumoulinbicyclettes.com\/#organization","name":"Dumoulin Bicyclettes","url":"https:\/\/www.dumoulinbicyclettes.com\/","logo":{"@type":"ImageObject","inLanguage":"en-US","@id":"https:\/\/www.dumoulinbicyclettes.com\/#\/schema\/logo\/image\/","url":"https:\/\/www.dumoulinbicyclettes.com\/wp-content\/uploads\/2021\/04\/Logo.svg","contentUrl":"https:\/\/www.dumoulinbicyclettes.com\/wp-content\/uploads\/2021\/04\/Logo.svg","width":254,"height":86,"caption":"Dumoulin Bicyclettes"},"image":{"@id":"https:\/\/www.dumoulinbicyclettes.com\/#\/schema\/logo\/image\/"},"sameAs":["https:\/\/www.facebook.com\/dumoulinbicyclettes","https:\/\/www.instagram.com\/dumoulin.ca\/","https:\/\/www.youtube.com\/user\/dumoulinbicyclettes"]}]}},"_links":{"self":[{"href":"https:\/\/www.dumoulinbicyclettes.com\/en\/wp-json\/wp\/v2\/product\/96375","targetHints":{"allow":["GET"]}}],"collection":[{"href":"https:\/\/www.dumoulinbicyclettes.com\/en\/wp-json\/wp\/v2\/product"}],"about":[{"href":"https:\/\/www.dumoulinbicyclettes.com\/en\/wp-json\/wp\/v2\/types\/product"}],"wp:featuredmedia":[{"embeddable":true,"href":"https:\/\/www.dumoulinbicyclettes.com\/en\/wp-json\/wp\/v2\/media\/23488"}],"wp:attachment":[{"href":"https:\/\/www.dumoulinbicyclettes.com\/en\/wp-json\/wp\/v2\/media?parent=96375"}],"wp:term":[{"taxonomy":"product_brand","embeddable":true,"href":"https:\/\/www.dumoulinbicyclettes.com\/en\/wp-json\/wp\/v2\/product_brand?post=96375"},{"taxonomy":"product_cat","embeddable":true,"href":"https:\/\/www.dumoulinbicyclettes.com\/en\/wp-json\/wp\/v2\/product_cat?post=96375"},{"taxonomy":"product_tag","embeddable":true,"href":"https:\/\/www.dumoulinbicyclettes.com\/en\/wp-json\/wp\/v2\/product_tag?post=96375"},{"taxonomy":"marque-produit","embeddable":true,"href":"https:\/\/www.dumoulinbicyclettes.com\/en\/wp-json\/wp\/v2\/marque-produit?post=96375"},{"taxonomy":"collection-produit","embeddable":true,"href":"https:\/\/www.dumoulinbicyclettes.com\/en\/wp-json\/wp\/v2\/collection-produit?post=96375"},{"taxonomy":"type-surface-produit","embeddable":true,"href":"https:\/\/www.dumoulinbicyclettes.com\/en\/wp-json\/wp\/v2\/type-surface-produit?post=96375"},{"taxonomy":"type-velo-produit","embeddable":true,"href":"https:\/\/www.dumoulinbicyclettes.com\/en\/wp-json\/wp\/v2\/type-velo-produit?post=96375"},{"taxonomy":"vetement-produit","embeddable":true,"href":"https:\/\/www.dumoulinbicyclettes.com\/en\/wp-json\/wp\/v2\/vetement-produit?post=96375"},{"taxonomy":"thematique-produit","embeddable":true,"href":"https:\/\/www.dumoulinbicyclettes.com\/en\/wp-json\/wp\/v2\/thematique-produit?post=96375"},{"taxonomy":"position-sur-le-v\u00e9lo","embeddable":true,"href":"https:\/\/www.dumoulinbicyclettes.com\/en\/wp-json\/wp\/v2\/position-sur-le-v\u00e9lo?post=96375"}],"curies":[{"name":"wp","href":"https:\/\/api.w.org\/{rel}","templated":true}]}}